{"id":8695,"date":"2026-01-26T09:22:26","date_gmt":"2026-01-26T09:22:26","guid":{"rendered":"https:\/\/pgvape.com\/?post_type=product&#038;p=8695"},"modified":"2026-03-15T14:05:19","modified_gmt":"2026-03-15T14:05:19","slug":"airmez-lux-60000-60k-puffs-einweg-vape-0-2-3-5nikotin-einstellbarer-luftstrom-10taste-smart-screen-vape-fabrik-groshandel","status":"publish","type":"product","link":"https:\/\/pgvape.com\/de\/produkt\/airmez-lux-60000-60k-puffs-einweg-vape-0-2-3-5nikotin-einstellbarer-luftstrom-10taste-smart-screen-vape-fabrik-groshandel\/","title":{"rendered":"Airmez lux 60000 60k Puffs Einweg-Vape 0% 2% 3% 5%Nicotine Einstellbarer Luftstrom 10Taste Smart Screen Vape Factory Gro\u00dfhandel"},"content":{"rendered":"<p><strong data-sourcepos=\"4:5-4:25\">AIRMEZ LUX 60000<\/strong> definiert Einwegdampfen neu <strong data-sourcepos=\"4:63-4:93\">transparentes Kristalldesign<\/strong>, sodass Benutzer dies tun k\u00f6nnen <strong data-sourcepos=\"4:113-4:149\">\u00dcberwachen Sie den E-Liquid-F\u00fcllstand visuell<\/strong>\u2013 eine Funktion, die intuitiver ist als herk\u00f6mmliche Bildschirmanzeigen. <strong data-sourcepos=\"4:224-4:253\">60.000 ultrasanfte Z\u00fcge<\/strong>, es kombiniert a <strong data-sourcepos=\"4:269-4:295\">30 ml E-Liquid-Kapazit\u00e4t<\/strong> mit einem <strong data-sourcepos=\"4:303-4:334\">650-mAh-Akku<\/strong> Und <strong data-sourcepos=\"4:339-4:363\">Typ-C-Schnellladung<\/strong>, Sicherstellen <strong data-sourcepos=\"4:374-4:404\">Wochen ununterbrochener Nutzung<\/strong>. <strong data-sourcepos=\"4:410-4:434\">Duale 1,0-\u03a9-Mesh-Spulen<\/strong> liefern <strong data-sourcepos=\"4:443-4:458\">reichhaltiger Geschmack<\/strong> Und <strong data-sourcepos=\"4:463-4:478\">dichter Dampf<\/strong>, w\u00e4hrend die <strong data-sourcepos=\"4:490-4:512\">einstellbarer Luftstrom<\/strong> erf\u00fcllt sowohl MTL- als auch RDL-Pr\u00e4ferenzen.<\/p>\n<p>&nbsp;<\/p>\n<h2><span style=\"font-size: 90%;\">Airmez Lux 60000 60k Puffs Einweg-Vape-Spezifikation<\/span><\/h2>\n<p><strong data-sourcepos=\"9:3-9:17\">Puff Count<\/strong>: 60.000 Z\u00fcge (branchenf\u00fchrende Langlebigkeit)<\/p>\n<p><strong data-sourcepos=\"10:3-10:15\">E-Liquid<\/strong>: 30 ml vorgef\u00fcllt (unterst\u00fctzt das Nachf\u00fcllen f\u00fcr eine l\u00e4ngere Verwendung)<\/p>\n<p><strong data-sourcepos=\"11:3-11:15\">Nikotin<\/strong>: Optionen 0%\/2%\/3%\/5% (f\u00fcr alle Benutzer geeignet)<\/p>\n<p><strong data-sourcepos=\"12:3-12:14\">Batterie<\/strong>: 650 mAh wiederaufladbar (Typ-C-Aufladung in ca. 45\u201360 Minuten)<\/p>\n<p><strong data-sourcepos=\"13:3-13:11\">Spule<\/strong>: Duale 1,0-\u03a9-Mesh-Spulen (keine Dry Hits, gleichbleibender Geschmack)<\/p>\n<p><strong data-sourcepos=\"14:3-14:14\">Anzeige<\/strong>: Smart Screen (Echtzeit-Batterie- und E-Liquid-\u00dcberwachung)<\/p>\n<p><strong data-sourcepos=\"15:3-15:13\">Design<\/strong>: Transparente obere Kappe + ergonomisch abgerundetes Geh\u00e4use (110 g)<\/p>\n<p><strong data-sourcepos=\"16:3-16:16\">Verpackung<\/strong>: 10 St\u00fcck\/Karton, 200 St\u00fcck\/Karton (22,5 kg Bruttogewicht)<\/p>\n<p>&nbsp;<\/p>\n<h3><span style=\"font-size: 90%;\">Airmez lux 60000 60k Puffs Einweg-Vape-Geschmacksliste<\/span><\/h3>\n<p><strong>1. Erdbeereis<\/strong><\/p>\n<p><strong class=\"\">2. Wassermeloneneis<\/strong><\/p>\n<p><strong>3. Gemischte Beeren<\/strong><\/p>\n<p><strong>4. Passionsfrucht-Kiwi<\/strong><\/p>\n<p><strong>5. Dr. Blue<\/strong><\/p>\n<p><strong>6.Liebe 66<\/strong><\/p>\n<p><strong>7. Dreifache Mango<\/strong><\/p>\n<p><strong class=\"\">8. Kirsch-Cola<\/strong><\/p>\n<p><strong>9.Bingo Crush<\/strong><\/p>\n<p><strong>10.Rosa Limonade<img loading=\"lazy\" decoding=\"async\" class=\"alignnone wp-image-8714 size-full\" src=\"https:\/\/pgvape.com\/wp-content\/uploads\/2026\/01\/Airmez-lux60000-60k-Puffs-Disposable-Vape-Flavor-List.png\" alt=\"\" width=\"2000\" height=\"1200\" srcset=\"https:\/\/pgvape.com\/wp-content\/uploads\/2026\/01\/Airmez-lux60000-60k-Puffs-Disposable-Vape-Flavor-List.png 2000w, https:\/\/pgvape.com\/wp-content\/uploads\/2026\/01\/Airmez-lux60000-60k-Puffs-Disposable-Vape-Flavor-List-555x333.png 555w, https:\/\/pgvape.com\/wp-content\/uploads\/2026\/01\/Airmez-lux60000-60k-Puffs-Disposable-Vape-Flavor-List-595x357.png 595w, https:\/\/pgvape.com\/wp-content\/uploads\/2026\/01\/Airmez-lux60000-60k-Puffs-Disposable-Vape-Flavor-List-400x240.png 400w, https:\/\/pgvape.com\/wp-content\/uploads\/2026\/01\/Airmez-lux60000-60k-Puffs-Disposable-Vape-Flavor-List-768x461.png 768w, https:\/\/pgvape.com\/wp-content\/uploads\/2026\/01\/Airmez-lux60000-60k-Puffs-Disposable-Vape-Flavor-List-1536x922.png 1536w, https:\/\/pgvape.com\/wp-content\/uploads\/2026\/01\/Airmez-lux60000-60k-Puffs-Disposable-Vape-Flavor-List-18x12.png 18w, https:\/\/pgvape.com\/wp-content\/uploads\/2026\/01\/Airmez-lux60000-60k-Puffs-Disposable-Vape-Flavor-List-600x360.png 600w\" sizes=\"auto, (max-width: 2000px) 100vw, 2000px\" \/><\/strong><\/p>\n<p>&nbsp;<\/p>\n<h2 class=\"header-vfC6AV auto-hide-last-sibling-br\"><span style=\"font-size: 90%;\">H\u00e4ufig gestellte Fragen zu Airmez lux 60000 60k Puffs Einweg-Vaporizer<\/span><\/h2>\n<p>\u2753 <strong>Was macht es besonders?<\/strong><br \/>\n\u2705 <strong>Transparenter Kristallk\u00f6rper<\/strong> \u2013 <strong>Sehen Sie sich den E-Liquid-F\u00fcllstand direkt an<\/strong>, zuverl\u00e4ssiger als Bildschirmdaten allein.<\/p>\n<p>\u2753 <strong>Wie unterscheidet es sich von herk\u00f6mmlichen Einwegartikeln?<\/strong><br \/>\n\u2705 <strong>Nachf\u00fcllbarer 30-ml-Tank<\/strong> + <strong>Typ-C wiederaufladbar<\/strong> \u2013 Verwenden Sie es, bis die Lebensdauer der Spule abgelaufen ist, nicht nur die Batterie.<\/p>\n<p>\u2753 <strong class=\"\">Wie viele Z\u00fcge?<\/strong><br \/>\n\u2705 Laborbewertet <strong>60.000 Z\u00fcge<\/strong> \u2013 Die tats\u00e4chliche Anzahl variiert je nach Zugst\u00e4rke.<\/p>\n<p>\u2753 <strong>Kann ich den Geschmack wechseln?<\/strong><br \/>\n\u2705 <strong>NEIN<\/strong> \u2013 jedes Ger\u00e4t ist <strong>Einzelgeschmack<\/strong>; mit dem gleichen Geschmack nachf\u00fcllen, um die Lebensdauer der Spule zu verl\u00e4ngern.<\/p>\n<p>\u2753 <strong>Ist es wiederaufladbar?<\/strong><br \/>\n\u2705 <strong>650 mAh<\/strong> Batterie + <strong>Typ-C<\/strong>; <strong>45-60 Min<\/strong> volle Ladung.<\/p>\n<p>\u2753 <strong class=\"\">Hat es einen Bildschirm?<\/strong><br \/>\n\u2705 <strong>Intelligente Anzeige<\/strong> zeigt <strong>Batterie %<\/strong> Und <strong>E-Liquid-F\u00fcllstand<\/strong>.<\/p>\n<p>\u2753 <strong>Welche Nikotinst\u00e4rken?<\/strong><br \/>\n\u2705 <strong>0 %, 2 %, 3 %, 5 %<\/strong> \u2013 Anf\u00e4nger: 2-3 %, Fortgeschrittene: 5 %, nur Geschmacksrichtungen: 0 %.<\/p>\n<p>\u2753 <strong>Kann es nachgef\u00fcllt werden?<\/strong><br \/>\n\u2705 <strong>Ja<\/strong> \u2013 <strong>nachf\u00fcllbares Design<\/strong>; Bei niedrigem Stand E-Liquid hinzuf\u00fcgen.<\/p>\n<p>\u2753 <strong>Ist der Dampf glatt?<\/strong><br \/>\n\u2705 <strong>Zwei 1,0-\u03a9-Mesh-Spulen<\/strong> liefern <strong>reichhaltig, geschmeidig, geruchlos<\/strong> Dampf.<\/p>\n<p>\u2753 <strong>Anf\u00e4ngerfreundlich?<\/strong><br \/>\n\u2705 <strong>Durch Zeichnen aktiviert<\/strong>, <strong>keine Einrichtung<\/strong>, <strong>Intelligentes Display<\/strong> \u2013 sofort einsatzbereit zum Verdampfen.<\/p>\n<p>&nbsp;<\/p>\n<h3 id=\"brxe-najhln\" class=\"brxe-heading\">H\u00e4ufig gestellte Fragen (FAQ)<\/h3>\n<div id=\"brxe-rajiac\" class=\"brxe-text\">\n<p><strong>F: Welche Zahlungsmethoden akzeptieren Sie?<\/strong><br \/>\nA: Wir akzeptieren PayPal, Stripe, Bank\u00fcberweisungen (SEPA unterst\u00fctzt), g\u00e4ngige Kreditkarten (Visa, MasterCard, American Express) und Zahlungen in Kryptow\u00e4hrung.<\/p>\n<p><strong>F: Wie lange dauert die Auftragsvorbereitung?<\/strong><br \/>\nA: Die Auftragsvorbereitung dauert 1-3 Werktage.<\/p>\n<p><strong>F: Wie lange dauert die Lieferung?<\/strong><br \/>\nA: Die Lieferzeit betr\u00e4gt je nach Standort 7\u201314 Werktage.<\/p>\n<p><strong>F: Wie kann ich meine Bestellung verfolgen?<\/strong><br \/>\nA: Nach dem Versand erhalten Sie eine Best\u00e4tigungs-E-Mail mit einer Sendungsverfolgungsnummer zur Echtzeitverfolgung.<\/p>\n<p><strong>F: Wie lauten Ihre R\u00fcckgabebedingungen?<\/strong><br \/>\nA: Wir bieten ein 30-t\u00e4giges R\u00fcckgaberecht f\u00fcr R\u00fcckerstattungen oder Umtausch. .<\/p>\n<p><strong>F: Wird es Zollprobleme geben?<br \/>\n<\/strong>Wir k\u00fcmmern uns um alle Zollabfertigungsverfahren, um Ihnen ein reibungsloses Erlebnis zu gew\u00e4hrleisten. .<\/p>\n<p><strong>F: Welche Versandarten werden verwendet?<\/strong><br \/>\nWir arbeiten mit UPS\/DHL\/FEDEX\/DPD etc. zusammen. Je nach Lieferland w\u00e4hlen wir die passende Versandoption aus, um sicherzustellen, dass Sie Ihre Produkte schnellstm\u00f6glich erhalten.<\/p>\n<p><a href=\"https:\/\/pgvape.com\/de\/faqs\/\">Klicken Sie hier f\u00fcr weitere FAQ<\/a><\/p>\n<p>Liebe Kunden, wenn Sie Fragen zu Ihrer Bestellung oder zum Wareneingang haben, wenden Sie sich bitte an unseren Kundenservice. Vielen Dank!<\/p>\n<h3 data-sourcepos=\"73:1-73:21\"><strong data-sourcepos=\"73:7-73:21\">Kontaktieren Sie uns<\/strong><\/h3>\n<div id=\"text-2419739398\" class=\"text\">\n<p><strong data-sourcepos=\"75:3-75:12\">E-Mail<\/strong>:\u00a0<a href=\"mailto:support@pgvape.com\"><strong>support@pgvape.com<\/strong><\/a><\/p>\n<p><strong data-sourcepos=\"76:3-76:15\">WhatsApp<\/strong>:\u00a0<a href=\"https:\/\/wa.me\/+8618128481258\"><strong>+86 18128481258<\/strong><\/a><br \/>\n<strong>(Antwort innerhalb von 24 Stunden an Werktagen)<\/strong><\/p>\n<\/div>\n<h3><strong>Vielen Dank, dass Sie sich f\u00fcr pgvape.com entschieden haben! .<\/strong><\/h3>\n<\/div>","protected":false},"excerpt":{"rendered":"<p><strong>AIRMEZ LUX 60K<\/strong> \u2013 <strong>60.000 Z\u00fcge<\/strong>, <strong>30 ml nachf\u00fcllbar<\/strong>, <strong>kristallklarer K\u00f6rper<\/strong>, <strong>Dual-Mesh<\/strong>, <strong>einstellbarer Luftstrom<\/strong>, <strong>Smart-Bildschirm<\/strong>.<strong class=\"\">Sehen Sie Ihren Saft, schmecken Sie die Reinheit und dampfen Sie monatelang.<\/strong><\/p>","protected":false},"featured_media":8711,"comment_status":"open","ping_status":"closed","template":"","meta":{"_seopress_robots_primary_cat":"","_seopress_titles_title":"","_seopress_titles_desc":"","_seopress_robots_index":""},"product_brand":[154,516],"product_cat":[48,155,515],"product_tag":[315,135,561,90,59,136,562],"class_list":{"0":"post-8695","1":"product","2":"type-product","3":"status-publish","4":"has-post-thumbnail","6":"product_brand-airmez-fox-vape","7":"product_brand-disposable-vape","8":"product_cat-60k-puffs-vape","9":"product_cat-airmez-fox-vape","10":"product_cat-disposable-vape","11":"product_tag-60k-puffs-vape","12":"product_tag-adjustable-airflow","13":"product_tag-airmez-lux-60000","14":"product_tag-disposable-vape","15":"product_tag-mouth-to-lung-mtl","16":"product_tag-smart-screen","17":"product_tag-transparent-oil-tank","19":"first","20":"instock","21":"sale","22":"shipping-taxable","23":"purchasable","24":"product-type-variable"},"_links":{"self":[{"href":"https:\/\/pgvape.com\/de\/wp-json\/wp\/v2\/product\/8695","targetHints":{"allow":["GET"]}}],"collection":[{"href":"https:\/\/pgvape.com\/de\/wp-json\/wp\/v2\/product"}],"about":[{"href":"https:\/\/pgvape.com\/de\/wp-json\/wp\/v2\/types\/product"}],"replies":[{"embeddable":true,"href":"https:\/\/pgvape.com\/de\/wp-json\/wp\/v2\/comments?post=8695"}],"wp:featuredmedia":[{"embeddable":true,"href":"https:\/\/pgvape.com\/de\/wp-json\/wp\/v2\/media\/8711"}],"wp:attachment":[{"href":"https:\/\/pgvape.com\/de\/wp-json\/wp\/v2\/media?parent=8695"}],"wp:term":[{"taxonomy":"product_brand","embeddable":true,"href":"https:\/\/pgvape.com\/de\/wp-json\/wp\/v2\/product_brand?post=8695"},{"taxonomy":"product_cat","embeddable":true,"href":"https:\/\/pgvape.com\/de\/wp-json\/wp\/v2\/product_cat?post=8695"},{"taxonomy":"product_tag","embeddable":true,"href":"https:\/\/pgvape.com\/de\/wp-json\/wp\/v2\/product_tag?post=8695"}],"curies":[{"name":"wp","href":"https:\/\/api.w.org\/{rel}","templated":true}]}}