{"id":8666,"date":"2026-01-24T09:07:42","date_gmt":"2026-01-24T09:07:42","guid":{"rendered":"https:\/\/pgvape.com\/?post_type=product&#038;p=8666"},"modified":"2026-03-15T13:48:39","modified_gmt":"2026-03-15T13:48:39","slug":"fihp-90k-puffs-90000-3-in-1-triple-flavours-einweg-vape-2-5nikotin-10taste-smart-screen-vape-factory-groshandel","status":"publish","type":"product","link":"https:\/\/pgvape.com\/de\/produkt\/fihp-90k-puffs-90000-3-in-1-triple-flavours-einweg-vape-2-5nikotin-10taste-smart-screen-vape-factory-groshandel\/","title":{"rendered":"FIHP 90K Puffs 90000 3 in 1 Triple Flavours Einweg-Vape 2% 5%Nicotine 10Taste Smart Screen Vape Factory Gro\u00dfhandel"},"content":{"rendered":"<p><strong data-sourcepos=\"6:5-6:28\">FIHP 3in1 90K Puffs<\/strong> ist ein Einweg-Vaporizer mit hoher Kapazit\u00e4t, der auf Vielfalt und Langlebigkeit ausgelegt ist. <strong data-sourcepos=\"6:130-6:154\">3-in-1-Geschmackssystem<\/strong>, Dadurch k\u00f6nnen Benutzer in einem einzigen Ger\u00e4t zwischen drei verschiedenen Geschmacksrichtungen wechseln, ohne dass mehrere Ger\u00e4te mitgef\u00fchrt werden m\u00fcssen. <strong data-sourcepos=\"6:292-6:318\">42 ml E-Liquid-Kapazit\u00e4t<\/strong> und a <strong data-sourcepos=\"6:325-6:343\">0,9-\u03a9-Mesh-Spule<\/strong>, liefert es einen glatten, gleichm\u00e4\u00dfigen Geschmack f\u00fcr bis zu <strong data-sourcepos=\"6:393-6:409\">90.000 Z\u00fcge<\/strong>. <strong data-sourcepos=\"6:415-6:430\">LED-Anzeige<\/strong> provides clear battery and liquid monitoring, while the <strong data-sourcepos=\"6:487-6:518\">650-mAh-Akku<\/strong> mit <strong data-sourcepos=\"6:524-6:543\">Laden vom Typ C<\/strong> sorgt f\u00fcr ganzt\u00e4gige Nutzbarkeit. .<\/p>\n<p>&nbsp;<\/p>\n<h2><span style=\"font-size: 90%;\">FIHP 90K Puffs\u00a03-in-1-Einweg-Vape-Spezifikation mit drei Geschmacksrichtungen<\/span><\/h2>\n<p><strong data-sourcepos=\"11:6-11:30\">Kristallklares Design<\/strong>\u00a0\u2013 Moderne, transparente \u00c4sthetik mit sichtbaren E-Liquid-F\u00fcllst\u00e4nden.<\/p>\n<p><strong data-sourcepos=\"12:6-12:30\">3-in-1-Geschmackssystem<\/strong>\u00a0\u2013 Drei separate Aromapads in einem Ger\u00e4t f\u00fcr sofortige Abwechslung.<\/p>\n<p><strong data-sourcepos=\"13:6-13:22\">90.000 Z\u00fcge<\/strong>\u00a0\u2013 Exceptional longevity for extended, reliable use.<\/p>\n<p><strong data-sourcepos=\"14:6-14:30\">Zwei 0,9-\u03a9-Mesh-Spulen<\/strong>\u00a0\u2013 Erweiterte Heizfl\u00e4che f\u00fcr sanften, reichhaltigen Geschmack und dichten Dampf.<\/p>\n<p><strong data-sourcepos=\"15:6-15:37\">650-mAh-Akku<\/strong>\u00a0\u2013 Stromversorgung f\u00fcr den ganzen Tag und schnell\u00a0<strong data-sourcepos=\"15:65-15:84\">Laden vom Typ C<\/strong>.<\/p>\n<p><strong data-sourcepos=\"16:7-16:31\">Smart-Display-Bildschirm<\/strong>\u00a0\u2013 Echtzeit\u00fcberwachung des Batterie- und Fl\u00fcssigkeitsstands.<\/p>\n<p><strong data-sourcepos=\"17:6-17:31\">EU-konformes Nikotin<\/strong>\u00a0\u2013 Verf\u00fcgbar in\u00a0<strong data-sourcepos=\"17:47-17:63\">2% (20 mg\/ml)<\/strong>\u00a0Und\u00a0<strong data-sourcepos=\"17:68-17:84\">5% (50mg\/mL)<\/strong>\u00a0f\u00fcr kontrollierte Zufriedenheit.<\/p>\n<p><strong data-sourcepos=\"18:6-18:25\">Gro\u00dfhandelsbereit<\/strong>\u00a0\u2013 Ideal f\u00fcr Gesch\u00e4fte, die Einwegartikel mit hoher Kapazit\u00e4t und zahlreichen Funktionen suchen.<\/p>\n<p>&nbsp;<\/p>\n<h3><span style=\"font-size: 90%;\">FIHP 90K Puffs\u00a0 3 in 1 Triple Flavours Einweg-Vape-Geschmacksliste<\/span><\/h3>\n<p><strong class=\"\">1.Fizzy Cherry &amp; Lady Killer &amp; Gummy Bear<\/strong><\/p>\n<p><strong>2.Blueberry Raspberry &amp; Love 666 &amp; Peach Ice<\/strong><\/p>\n<p><strong>3.Raspberry Watermelon &amp; Mixed Berries &amp; Mango Peach<\/strong><\/p>\n<p><strong class=\"\">4.Blue Razz Limonade &amp; Erdbeer-Himbeere &amp; Regenbogen-S\u00fc\u00dfigkeit<\/strong><\/p>\n<p><strong class=\"\">5.Wassermelonen-Kaugummi &amp; Traubeneis &amp; Black Dragon Ice<\/strong><\/p>\n<p><strong>6.Ananas-Kokosnuss &amp; gemischte Fr\u00fcchte &amp; Zitronenpfirsich<\/strong><\/p>\n<p><strong>7.Doppeltes Apfel-Erdbeer-Banane-Himbeer-Wassermelone-Geschmack<\/strong><\/p>\n<p><strong>8.Watermelon Ice &amp; Red Bull &amp; Strawberry Kiwi<\/strong><\/p>\n<p><strong class=\"\">9. Blaubeereis &amp; Erdbeer-Wassermelone &amp; Zitronen-Limette<\/strong><\/p>\n<p><strong>10.Peach Berry &amp; Triple Melon &amp; Watermelon Ice<img loading=\"lazy\" decoding=\"async\" class=\"alignnone wp-image-8672 size-full\" src=\"https:\/\/pgvape.com\/wp-content\/uploads\/2026\/01\/FIHP-90000-90K-Puffs-3-in-1-Triple-Flavors-Disposable-Vape-4.png\" alt=\"Farbenfrohe FIHP-Einweg-Vape-Ger\u00e4te mit Geschmacksetiketten und einer gro\u00dfen 9000-PUFF-Grafik.\" width=\"1595\" height=\"2000\" srcset=\"https:\/\/pgvape.com\/wp-content\/uploads\/2026\/01\/FIHP-90000-90K-Puffs-3-in-1-Triple-Flavors-Disposable-Vape-4.png 1595w, https:\/\/pgvape.com\/wp-content\/uploads\/2026\/01\/FIHP-90000-90K-Puffs-3-in-1-Triple-Flavors-Disposable-Vape-4-287x360.png 287w, https:\/\/pgvape.com\/wp-content\/uploads\/2026\/01\/FIHP-90000-90K-Puffs-3-in-1-Triple-Flavors-Disposable-Vape-4-595x746.png 595w, https:\/\/pgvape.com\/wp-content\/uploads\/2026\/01\/FIHP-90000-90K-Puffs-3-in-1-Triple-Flavors-Disposable-Vape-4-319x400.png 319w, https:\/\/pgvape.com\/wp-content\/uploads\/2026\/01\/FIHP-90000-90K-Puffs-3-in-1-Triple-Flavors-Disposable-Vape-4-768x963.png 768w, https:\/\/pgvape.com\/wp-content\/uploads\/2026\/01\/FIHP-90000-90K-Puffs-3-in-1-Triple-Flavors-Disposable-Vape-4-1225x1536.png 1225w, https:\/\/pgvape.com\/wp-content\/uploads\/2026\/01\/FIHP-90000-90K-Puffs-3-in-1-Triple-Flavors-Disposable-Vape-4-10x12.png 10w, https:\/\/pgvape.com\/wp-content\/uploads\/2026\/01\/FIHP-90000-90K-Puffs-3-in-1-Triple-Flavors-Disposable-Vape-4-600x752.png 600w\" sizes=\"auto, (max-width: 1595px) 100vw, 1595px\" \/><\/strong><\/p>\n<p>&nbsp;<\/p>\n<h2 class=\"header-vfC6AV auto-hide-last-sibling-br\"><span style=\"font-size: 90%;\">H\u00e4ufig gestellte Fragen zu FIHP 90K Puffs \u2013 3-in-1-Einweg-Vaporizer mit drei Geschmacksrichtungen<\/span><\/h2>\n<p>\u2753 <strong class=\"\">Wie viele Z\u00fcge pro Ger\u00e4t?<\/strong><br \/>\n\u2705 Werkszertifiziert <strong>90.000 Z\u00fcge<\/strong>\u2013 Monatelanger t\u00e4glicher Gebrauch.<\/p>\n<p>\u2753 <strong class=\"\">Wie wechsle ich die Geschmacksrichtungen?<\/strong><br \/>\n\u2705 <strong>3-in-1-Kammersystem<\/strong>\u2013 Klicken oder drehen Sie, um zwischen ihnen zu wechseln <strong>drei verschiedene Geschmacksrichtungen<\/strong>.<\/p>\n<p>\u2753 <strong>Ist es wiederaufladbar?<\/strong><br \/>\n\u2705 <strong>650 mAh<\/strong> Batterie + <strong>Typ-C<\/strong> Port; <strong>30 Minuten<\/strong> volle Ladung.<\/p>\n<p>\u2753 <strong class=\"\">Welche Nikotinst\u00e4rken werden angeboten?<\/strong><br \/>\n\u2705 <strong>2 %<\/strong> glatt oder <strong class=\"\">5 %<\/strong> stark-<strong>EU-konform<\/strong> throat satisfaction.<\/p>\n<p>\u2753 <strong>How do I monitor battery or juice?<\/strong><br \/>\n\u2705 <strong>Intelligenter Bildschirm<\/strong> zeigt an <strong>Echtzeitbatterie %<\/strong> Und <strong>E-Liquid-F\u00fcllst\u00e4nde<\/strong>.<\/p>\n<p>\u2753 <strong>Was macht den Dampf glatt?<\/strong><br \/>\n\u2705 <strong>0,9 \u03a9 Dual-Mesh-Spulen<\/strong>\u2014gr\u00f6\u00dfere Heizfl\u00e4che, <strong>reicherer Geschmack<\/strong>, <strong>dichtere Wolken<\/strong>.<\/p>\n<p>\u2753 <strong>Is it discreet for work\/caf\u00e9 use?<\/strong><br \/>\n\u2705 <strong>Sanfter MTL-Zug<\/strong>, <strong>minimale Wolke<\/strong>\u2013 perfekt f\u00fcr <strong>continental rhythm<\/strong>.<\/p>\n<p>&nbsp;<\/p>\n<h3 id=\"brxe-najhln\" class=\"brxe-heading\">H\u00e4ufig gestellte Fragen (FAQ)<\/h3>\n<div id=\"brxe-rajiac\" class=\"brxe-text\">\n<p><strong>F: Welche Zahlungsmethoden akzeptieren Sie?<\/strong><br \/>\nA: Wir akzeptieren PayPal, Stripe, Bank\u00fcberweisungen (SEPA unterst\u00fctzt), g\u00e4ngige Kreditkarten (Visa, MasterCard, American Express) und Zahlungen in Kryptow\u00e4hrung.<\/p>\n<p><strong>F: Wie lange dauert die Auftragsvorbereitung?<\/strong><br \/>\nA: Die Auftragsvorbereitung dauert 1-3 Werktage.<\/p>\n<p><strong>F: Wie lange dauert die Lieferung?<\/strong><br \/>\nA: Die Lieferzeit betr\u00e4gt je nach Standort 7\u201314 Werktage.<\/p>\n<p><strong>F: Wie kann ich meine Bestellung verfolgen?<\/strong><br \/>\nA: Nach dem Versand erhalten Sie eine Best\u00e4tigungs-E-Mail mit einer Sendungsverfolgungsnummer zur Echtzeitverfolgung.<\/p>\n<p><strong>F: Wie lauten Ihre R\u00fcckgabebedingungen?<\/strong><br \/>\nA: Wir bieten ein 30-t\u00e4giges R\u00fcckgaberecht f\u00fcr R\u00fcckerstattungen oder Umtausch. .<\/p>\n<p><strong>F: Wird es Zollprobleme geben?<br \/>\n<\/strong>Wir k\u00fcmmern uns um alle Zollabfertigungsverfahren, um Ihnen ein reibungsloses Erlebnis zu gew\u00e4hrleisten. .<\/p>\n<p><strong>F: Welche Versandarten werden verwendet?<\/strong><br \/>\nWir arbeiten mit UPS\/DHL\/FEDEX\/DPD etc. zusammen. Je nach Lieferland w\u00e4hlen wir die passende Versandoption aus, um sicherzustellen, dass Sie Ihre Produkte schnellstm\u00f6glich erhalten.<\/p>\n<p><a href=\"https:\/\/pgvape.com\/de\/faqs\/\">Klicken Sie hier f\u00fcr weitere FAQ<\/a><\/p>\n<p>Liebe Kunden, wenn Sie Fragen zu Ihrer Bestellung oder zum Wareneingang haben, wenden Sie sich bitte an unseren Kundenservice. Vielen Dank!<\/p>\n<h3 data-sourcepos=\"73:1-73:21\"><strong data-sourcepos=\"73:7-73:21\">Kontaktieren Sie uns<\/strong><\/h3>\n<div id=\"text-2419739398\" class=\"text\">\n<p><strong data-sourcepos=\"75:3-75:12\">E-Mail<\/strong>:\u00a0<a href=\"mailto:support@pgvape.com\"><strong>support@pgvape.com<\/strong><\/a><\/p>\n<p><strong data-sourcepos=\"76:3-76:15\">WhatsApp<\/strong>:\u00a0<a href=\"https:\/\/wa.me\/+8618128481258\"><strong>+86 18128481258<\/strong><\/a><br \/>\n<strong>(Antwort innerhalb von 24 Stunden an Werktagen)<\/strong><\/p>\n<\/div>\n<h3><strong>Vielen Dank, dass Sie sich f\u00fcr pgvape.com entschieden haben! .<\/strong><\/h3>\n<\/div>","protected":false},"excerpt":{"rendered":"<p><strong>FIHP 90K Kristall<\/strong>\u2014<strong>90.000 Z\u00fcge<\/strong>, <strong>Dreifach-Geschmacksschalter<\/strong>, <strong>0,9 \u03a9 Dual-Mesh<\/strong>, <strong>Smart-Bildschirm<\/strong>, <strong>Typ-C<\/strong>, <strong>kristallklar<\/strong>.<strong>Drei Geschm\u00e4cker, ein Kristall, Monate voller Wolken.<\/strong><\/p>","protected":false},"featured_media":8669,"comment_status":"open","ping_status":"closed","template":"","meta":{"_seopress_robots_primary_cat":"","_seopress_titles_title":"","_seopress_titles_desc":"","_seopress_robots_index":""},"product_brand":[516,275],"product_cat":[558,515,274],"product_tag":[46,560,90,559,280],"class_list":{"0":"post-8666","1":"product","2":"type-product","3":"status-publish","4":"has-post-thumbnail","6":"product_brand-disposable-vape","7":"product_brand-fihp-vape","8":"product_cat-90k-puffs-vape","9":"product_cat-disposable-vape","10":"product_cat-fihp-vape","11":"product_tag-3-in-1","12":"product_tag-90k-puffs-vape","13":"product_tag-disposable-vape","14":"product_tag-fihp-90k","15":"product_tag-triple-flavors","17":"first","18":"instock","19":"sale","20":"shipping-taxable","21":"purchasable","22":"product-type-variable"},"_links":{"self":[{"href":"https:\/\/pgvape.com\/de\/wp-json\/wp\/v2\/product\/8666","targetHints":{"allow":["GET"]}}],"collection":[{"href":"https:\/\/pgvape.com\/de\/wp-json\/wp\/v2\/product"}],"about":[{"href":"https:\/\/pgvape.com\/de\/wp-json\/wp\/v2\/types\/product"}],"replies":[{"embeddable":true,"href":"https:\/\/pgvape.com\/de\/wp-json\/wp\/v2\/comments?post=8666"}],"wp:featuredmedia":[{"embeddable":true,"href":"https:\/\/pgvape.com\/de\/wp-json\/wp\/v2\/media\/8669"}],"wp:attachment":[{"href":"https:\/\/pgvape.com\/de\/wp-json\/wp\/v2\/media?parent=8666"}],"wp:term":[{"taxonomy":"product_brand","embeddable":true,"href":"https:\/\/pgvape.com\/de\/wp-json\/wp\/v2\/product_brand?post=8666"},{"taxonomy":"product_cat","embeddable":true,"href":"https:\/\/pgvape.com\/de\/wp-json\/wp\/v2\/product_cat?post=8666"},{"taxonomy":"product_tag","embeddable":true,"href":"https:\/\/pgvape.com\/de\/wp-json\/wp\/v2\/product_tag?post=8666"}],"curies":[{"name":"wp","href":"https:\/\/api.w.org\/{rel}","templated":true}]}}