{"id":8460,"date":"2026-01-14T07:58:10","date_gmt":"2026-01-14T07:58:10","guid":{"rendered":"https:\/\/pgvape.com\/?post_type=product&#038;p=8460"},"modified":"2026-03-15T13:48:39","modified_gmt":"2026-03-15T13:48:39","slug":"bang-blaze-200000-6in1-geschmacksrichtungen-200k-puffs-einweg-vape-0-2-3-5nikotin-12taste-smart-screen-vape-fabrik-groshandel","status":"publish","type":"product","link":"https:\/\/pgvape.com\/de\/produkt\/bang-blaze-200000-6in1-geschmacksrichtungen-200k-puffs-einweg-vape-0-2-3-5nikotin-12taste-smart-screen-vape-fabrik-groshandel\/","title":{"rendered":"Bang Blaze 200000 6in1 Aromen 200k Puffs Einweg-Vape 0% 2% 3% 5%Nicotine 12Taste Smart Screen Vape Factory Gro\u00dfhandel"},"content":{"rendered":"<p><strong data-sourcepos=\"6:5-6:25\">BANG BLAZE 200K<\/strong> ist ein bahnbrechender Einweg-Vaporizer mit mehreren Geschmacksrichtungen, der Kapazit\u00e4t und Vielfalt neu definiert. <strong data-sourcepos=\"6:136-6:154\">sechseckiger K\u00f6rper<\/strong> Geh\u00e4use <strong data-sourcepos=\"6:163-6:200\">sechs unabh\u00e4ngige E-Liquid-Kammern<\/strong>, erm\u00f6glicht es Benutzern, sofort zwischen sechs verschiedenen Geschmacksrichtungen zu wechseln, ohne dass es zu Kreuzkontaminationen kommt. <strong data-sourcepos=\"6:321-6:344\">200.000 Z\u00fcge<\/strong> und ein gewaltiges <strong data-sourcepos=\"6:359-6:391\">72 ml Gesamtkapazit\u00e4t f\u00fcr E-Liquid<\/strong>, Es ist auf extreme Langlebigkeit ausgelegt. <strong data-sourcepos=\"6:446-6:463\">Intelligentes Display<\/strong>, <strong data-sourcepos=\"6:465-6:496\">650-mAh-Akku<\/strong>, <strong data-sourcepos=\"6:498-6:522\">Typ-C-Schnellladung<\/strong>, Und <strong data-sourcepos=\"6:528-6:551\">sechs 1,0-\u03a9-Mesh-Spulen<\/strong>, Es bietet ein erstklassiges, sanftes und vielseitiges Dampferlebnis f\u00fcr alle Benutzerniveaus.<\/p>\n<p>&nbsp;<\/p>\n<h2><span style=\"font-size: 90%;\">Bang Blaze 200.000 6-in-1-Geschmacksrichtungen 200.000 Puffs <a href=\"https:\/\/pgvape.com\/de\/produkt-kategorie\/einweg-vapor\/\">Einweg-Vape<\/a> Spezifikationen:<\/span><\/h2>\n<p>\ud83d\udd04\u00a0<strong data-sourcepos=\"11:6-11:32\">6-in-1-Geschmacksrotation<\/strong>\u00a0\u2013 Sechs separate 12-ml-Kammern; Drehen Sie das Mundst\u00fcck, um die Geschmacksrichtungen zu wechseln.<\/p>\n<p>\ud83d\udca8\u00a0<strong data-sourcepos=\"12:6-12:29\">Un\u00fcbertroffene Langlebigkeit<\/strong>\u00a0\u2013 Bis zu 200.000 Z\u00fcge bei einer Gesamtkapazit\u00e4t von 72 ml E-Liquid.<\/p>\n<p>\ud83d\udda5\ufe0f\u00a0<strong data-sourcepos=\"13:7-13:31\">Smart-Display-Bildschirm<\/strong>\u00a0\u2013 Batteriestand in Echtzeit und \u00dcberwachung einzelner E-Liquid-Tanks.<\/p>\n<p>\ud83d\udd0b\u00a0<strong data-sourcepos=\"14:6-14:46\">650-mAh-Akku + USB-C-Schnellladung<\/strong>\u00a0\u2013 Wiederaufladbar f\u00fcr l\u00e4ngere Nutzung.<\/p>\n<p>\ud83d\udd25\u00a0<strong data-sourcepos=\"15:6-15:29\">Sechs 1,0-\u03a9-Mesh-Spulen<\/strong>\u00a0\u2013 Eine pro Kammer f\u00fcr gleichm\u00e4\u00dfigen, gleichm\u00e4\u00dfigen Dampf und reinen Geschmack.<\/p>\n<p>\u2699\ufe0f\u00a0<strong data-sourcepos=\"16:6-16:36\">Sechseckiges ergonomisches Design<\/strong>\u00a0\u2013 Stabil, formsch\u00f6n und griffig.<\/p>\n<p>\ud83d\udce6\u00a0<strong data-sourcepos=\"17:6-17:24\">Gro\u00dfverpackung<\/strong>\u00a0\u2013 10 St\u00fcck pro Karton, 100 St\u00fcck pro Karton f\u00fcr Gro\u00dfhandelseffizienz.<\/p>\n<p>&nbsp;<\/p>\n<h3><span style=\"font-size: 90%;\">Bang Blaze 200000 6-in-1-Geschmacksrichtungen 200.000 Puffs Einweg-Vape-Geschmacksliste:<\/span><\/h3>\n<p>1.Pfirsicheis \/ Zitronenlimette \/ Erdbeerwassermelone \/ Himbeertraube \/ Erdbeermamba \/ Kirschgranatapfel<\/p>\n<p>2. Wassermeloneneis \/ Apfeltraube \/ Blaubeer-Himbeere \/ Mango-Pfirsich \/ Ananas-Orange \/ Blaubeer-Pfirsich<\/p>\n<p>3. Traubeneis \/ Himbeer-Zitrone \/ Blaubeer-Red Bull \/ Ananas-Kokosnuss \/ Erdbeer-Litschi \/ Black Dragon Ice<\/p>\n<p>4.Blaubeer-Eis \/ Himbeer-Wassermelone \/ Aloe-Vera-Traube \/ Erdbeer-Banane \/ Love 66 \/ Blaubeer-Kirsche<\/p>\n<p>5. Apfeleis \/ Gemischte Beeren \/ Wassermelonen-Kaugummi \/ Blaubeer-Wassermelone \/ Erdbeer-Mango \/ Aloe-Mango-Melone<\/p>\n<p>6.Ananas-Eis \/ Kiwi-Passionsfrucht-Guave \/ B\u00e4renf\u00f6rmige Gummibonbons \/ Wassermelone-Drachenfrucht \/ Pfirsich-Mango-Wassermelone \/ Blaubeere-Cranberry-Kirsche<\/p>\n<p>7.Erdbeere \/ Schwarze Johannisbeere, Ananaseis \/ Tropische Fr\u00fcchte \/ Traubenkaugummi \/ Blaubeertraube \/ Mango-Passionsfrucht<\/p>\n<p>8.Triple Mango \/ Traubenpfirsich \/ Erdbeereis \/ Erdbeer-Kiwi \/ Traubenenergie \/ Rote Cola<\/p>\n<p>9. Bananeneis \/ Aloe Vera-Apfel \/ Passionsfrucht-Traube \/ Erdbeer-Kokosnuss \/ Erdbeer-Wassermelonen-Kaugummi \/ Wassermelonen-Limetten-Eis<\/p>\n<p>10. Kirscheis \/ Rosa Zitrone \/ Blaubeerminze \/ Bananeneis \/ Passionsfrucht-Ananas-Pfirsich-Eis \/ Gr\u00fcner Apfel-Kiwi<\/p>\n<p>11.Rainbow CY \/ Pfirsich-Birnen-Eis \/ Cappuccino \/ Frischer Minz-Mojito \/ Erdbeer-Mango-Schwarze Johannisbeere \/ Marshmallow<\/p>\n<p>12. Schwarze Johannisbeere \/ Dreifache Melone \/ Erdbeer-Himbeere \/ Superbeere \/ Blaubeer-Brombeer-Erdbeere \/ Pfirsich-Zitronen-Wasser<img loading=\"lazy\" decoding=\"async\" class=\"alignnone wp-image-8471 size-full\" src=\"https:\/\/pgvape.com\/wp-content\/uploads\/2026\/01\/Bang-Blaze-200000-6in1-Flavors-200k-Puffs-Disposable-Vape-0-2-3-5Nicotine-12Taste-Smart-Screen-Vape-Factory-Wholesale-9.png\" alt=\"Zwei Reihen Bang-Energy-Drink-Flaschen mit Cartoon-Figuren auf den Etiketten, farbenfrohen Geschmacksnamen und einem Banner mit 12 Geschmacksrichtungen.\" width=\"1500\" height=\"1564\" srcset=\"https:\/\/pgvape.com\/wp-content\/uploads\/2026\/01\/Bang-Blaze-200000-6in1-Flavors-200k-Puffs-Disposable-Vape-0-2-3-5Nicotine-12Taste-Smart-Screen-Vape-Factory-Wholesale-9.png 1500w, https:\/\/pgvape.com\/wp-content\/uploads\/2026\/01\/Bang-Blaze-200000-6in1-Flavors-200k-Puffs-Disposable-Vape-0-2-3-5Nicotine-12Taste-Smart-Screen-Vape-Factory-Wholesale-9-345x360.png 345w, https:\/\/pgvape.com\/wp-content\/uploads\/2026\/01\/Bang-Blaze-200000-6in1-Flavors-200k-Puffs-Disposable-Vape-0-2-3-5Nicotine-12Taste-Smart-Screen-Vape-Factory-Wholesale-9-595x620.png 595w, https:\/\/pgvape.com\/wp-content\/uploads\/2026\/01\/Bang-Blaze-200000-6in1-Flavors-200k-Puffs-Disposable-Vape-0-2-3-5Nicotine-12Taste-Smart-Screen-Vape-Factory-Wholesale-9-384x400.png 384w, https:\/\/pgvape.com\/wp-content\/uploads\/2026\/01\/Bang-Blaze-200000-6in1-Flavors-200k-Puffs-Disposable-Vape-0-2-3-5Nicotine-12Taste-Smart-Screen-Vape-Factory-Wholesale-9-768x801.png 768w, https:\/\/pgvape.com\/wp-content\/uploads\/2026\/01\/Bang-Blaze-200000-6in1-Flavors-200k-Puffs-Disposable-Vape-0-2-3-5Nicotine-12Taste-Smart-Screen-Vape-Factory-Wholesale-9-1473x1536.png 1473w, https:\/\/pgvape.com\/wp-content\/uploads\/2026\/01\/Bang-Blaze-200000-6in1-Flavors-200k-Puffs-Disposable-Vape-0-2-3-5Nicotine-12Taste-Smart-Screen-Vape-Factory-Wholesale-9-12x12.png 12w, https:\/\/pgvape.com\/wp-content\/uploads\/2026\/01\/Bang-Blaze-200000-6in1-Flavors-200k-Puffs-Disposable-Vape-0-2-3-5Nicotine-12Taste-Smart-Screen-Vape-Factory-Wholesale-9-600x626.png 600w\" sizes=\"auto, (max-width: 1500px) 100vw, 1500px\" \/><\/p>\n<p>&nbsp;<\/p>\n<h2>H\u00e4ufig gestellte Fragen zu Bang Blaze 200000 6in1 Flavours 200k Puffs Einweg-Vaporizer<\/h2>\n<p>\u2753 <strong>Was ist das Besondere an diesem Ger\u00e4t?<\/strong><br \/>\n\u2705 <strong>Sechs unabh\u00e4ngige Panzer<\/strong>\u2014ein Ger\u00e4t, <strong>sechs reine Geschmacksrichtungen<\/strong>, <strong>200.000 Z\u00fcge<\/strong>.<\/p>\n<p>\u2753 <strong>Wie \u00e4ndere ich den Geschmack?<\/strong><br \/>\n\u2705 <strong>Heben Sie das Mundst\u00fcck an und drehen Sie es<\/strong>\u2013 Der Tank wechselt sofort, ohne Geschmacksverf\u00e4lschungen.<\/p>\n<p>\u2753 <strong class=\"\">Ist es wiederaufladbar?<\/strong><br \/>\n\u2705 <strong>650 mAh<\/strong> Batterie + <strong>Typ-C<\/strong>; <strong>45-60 Min<\/strong> volle Ladung.<\/p>\n<p>\u2753 <strong>Wie viele Z\u00fcge kann ich bekommen?<\/strong><br \/>\n\u2705 Laborbewertet <strong>200.000 Z\u00fcge<\/strong>\u2013 Monate t\u00e4glicher Nutzung (die tats\u00e4chliche Nutzung kann variieren).<\/p>\n<p>\u2753 <strong>Hat es einen Bildschirm?<\/strong><br \/>\n\u2705 <strong>Intelligente Anzeige<\/strong> zeigt <strong>Batterie<\/strong> Und <strong>verbleibendes E-Liquid<\/strong> pro Tank.<\/p>\n<p>\u2753 <strong>Welche Nikotinst\u00e4rken gibt es?<\/strong><br \/>\n\u2705 <strong>0 %, 2 %, 3 %, 5 %<\/strong>\u2013 St\u00e4rke an der Kasse ausw\u00e4hlen.<\/p>\n<p>\u2753 <strong>Kann es nachgef\u00fcllt oder wiederverwendet werden?<\/strong><br \/>\n\u2705 <strong>NEIN<\/strong>\u2013 Einmal verantwortungsvoll entsorgen <strong>sechs Panzer<\/strong> sind leer.<\/p>\n<p>\u2753 <strong>Ist der Dampf glatt?<\/strong><br \/>\n\u2705 <strong>Sechs Mesh-Spulen<\/strong> liefern <strong>reichhaltig, geschmeidig, geruchsfrei<\/strong> Dampf bei jedem Zug.<\/p>\n<p>\u2753 <strong>Anf\u00e4ngerfreundlich?<\/strong><br \/>\n\u2705 <strong>Durch Zeichnen aktiviert<\/strong>, <strong>keine Einrichtung<\/strong>, <strong>Intelligentes Display<\/strong>\u2013 sofort einsatzbereit zum Verdampfen.<\/p>\n<p>&nbsp;<\/p>\n<h3 id=\"brxe-najhln\" class=\"brxe-heading\">H\u00e4ufig gestellte Fragen (FAQ)<\/h3>\n<div id=\"brxe-rajiac\" class=\"brxe-text\">\n<p><strong>F: Welche Zahlungsmethoden akzeptieren Sie?<\/strong><br \/>\nA: Wir akzeptieren PayPal, Stripe, Bank\u00fcberweisungen (SEPA unterst\u00fctzt), g\u00e4ngige Kreditkarten (Visa, MasterCard, American Express) und Zahlungen in Kryptow\u00e4hrung.<\/p>\n<p><strong>F: Wie lange dauert die Auftragsvorbereitung?<\/strong><br \/>\nA: Die Auftragsvorbereitung dauert 1-3 Werktage.<\/p>\n<p><strong>F: Wie lange dauert die Lieferung?<\/strong><br \/>\nA: Die Lieferzeit betr\u00e4gt je nach Standort 7\u201314 Werktage. Die Lieferung von Waren aus europ\u00e4ischen Lagern dauert in der Regel 3\u20136 Werktage.<\/p>\n<p><strong>F: Wie kann ich meine Bestellung verfolgen?<\/strong><br \/>\nA: Nach dem Versand erhalten Sie eine Best\u00e4tigungs-E-Mail mit einer Sendungsverfolgungsnummer zur Echtzeitverfolgung.<\/p>\n<p><strong>F: Wie lauten Ihre R\u00fcckgabebedingungen?<\/strong><br \/>\nA: Wir bieten ein 30-t\u00e4giges R\u00fcckgaberecht f\u00fcr R\u00fcckerstattungen oder Umtausch. .<\/p>\n<p><strong>F: Wird es Zollprobleme geben?<br \/>\n<\/strong>Wir k\u00fcmmern uns um alle Zollabfertigungsverfahren, um Ihnen ein reibungsloses Erlebnis zu gew\u00e4hrleisten. .<\/p>\n<p><strong>F: Welche Versandarten werden verwendet?<\/strong><br \/>\nWir arbeiten mit UPS\/DHL\/FEDEX\/DPD etc. zusammen. Je nach Lieferland w\u00e4hlen wir die passende Versandoption aus, um sicherzustellen, dass Sie Ihre Produkte schnellstm\u00f6glich erhalten.<\/p>\n<p><a href=\"https:\/\/pgvape.com\/de\/faqs\/\">Klicken Sie hier f\u00fcr weitere FAQ<\/a><\/p>\n<p>Liebe Kunden, wenn Sie Fragen zu Ihrer Bestellung oder zum Wareneingang haben, wenden Sie sich bitte an unseren Kundenservice. Vielen Dank!<\/p>\n<h3 data-sourcepos=\"73:1-73:21\"><strong data-sourcepos=\"73:7-73:21\">Kontaktieren Sie uns<\/strong><\/h3>\n<div id=\"text-2419739398\" class=\"text\">\n<p><strong data-sourcepos=\"75:3-75:12\">E-Mail<\/strong>:\u00a0<a href=\"mailto:support@pgvape.com\"><strong>support@pgvape.com<\/strong><\/a><\/p>\n<p><strong data-sourcepos=\"76:3-76:15\">WhatsApp<\/strong>:\u00a0<a href=\"https:\/\/wa.me\/+8618128481258\"><strong>+86 18128481258<\/strong><\/a><br \/>\n<strong>(Antwort innerhalb von 24 Stunden an Werktagen)<\/strong><\/p>\n<\/div>\n<h3><strong>Vielen Dank, dass Sie sich f\u00fcr pgvape.com entschieden haben! .<\/strong><\/h3>\n<\/div>","protected":false},"excerpt":{"rendered":"<p><strong>BANG BLAZE 6-in-1<\/strong>\u2014<strong>200.000 Z\u00fcge<\/strong>, <strong>72 ml<\/strong>, <strong>sechs Panzer<\/strong>, <strong>sechseckiger K\u00f6rper<\/strong>, <strong>Intelligentes Display<\/strong>, <strong>0-5 % nic<\/strong>.<strong class=\"\">Einmal drehen, sechsmal probieren, ein halbes Jahr lang dampfen.<\/strong><\/p>","protected":false},"featured_media":8463,"comment_status":"open","ping_status":"closed","template":"","meta":{"_seopress_robots_primary_cat":"none","_seopress_titles_title":"","_seopress_titles_desc":"","_seopress_robots_index":""},"product_brand":[549,49,516],"product_cat":[548,33,515],"product_tag":[552,551,550,90,81],"class_list":{"0":"post-8460","1":"product","2":"type-product","3":"status-publish","4":"has-post-thumbnail","6":"product_brand-200k-puffs-vape","7":"product_brand-bang-blaze-vape","8":"product_brand-disposable-vape","9":"product_cat-200k-puffs-vape","10":"product_cat-bang-blaze-vape","11":"product_cat-disposable-vape","12":"product_tag-200k-puffs-vape","13":"product_tag-6in1-flavors","14":"product_tag-bang-blaze-200000","15":"product_tag-disposable-vape","16":"product_tag-mouth-to-lung","18":"first","19":"instock","20":"sale","21":"shipping-taxable","22":"purchasable","23":"product-type-variable"},"_links":{"self":[{"href":"https:\/\/pgvape.com\/de\/wp-json\/wp\/v2\/product\/8460","targetHints":{"allow":["GET"]}}],"collection":[{"href":"https:\/\/pgvape.com\/de\/wp-json\/wp\/v2\/product"}],"about":[{"href":"https:\/\/pgvape.com\/de\/wp-json\/wp\/v2\/types\/product"}],"replies":[{"embeddable":true,"href":"https:\/\/pgvape.com\/de\/wp-json\/wp\/v2\/comments?post=8460"}],"wp:featuredmedia":[{"embeddable":true,"href":"https:\/\/pgvape.com\/de\/wp-json\/wp\/v2\/media\/8463"}],"wp:attachment":[{"href":"https:\/\/pgvape.com\/de\/wp-json\/wp\/v2\/media?parent=8460"}],"wp:term":[{"taxonomy":"product_brand","embeddable":true,"href":"https:\/\/pgvape.com\/de\/wp-json\/wp\/v2\/product_brand?post=8460"},{"taxonomy":"product_cat","embeddable":true,"href":"https:\/\/pgvape.com\/de\/wp-json\/wp\/v2\/product_cat?post=8460"},{"taxonomy":"product_tag","embeddable":true,"href":"https:\/\/pgvape.com\/de\/wp-json\/wp\/v2\/product_tag?post=8460"}],"curies":[{"name":"wp","href":"https:\/\/api.w.org\/{rel}","templated":true}]}}