{"id":8412,"date":"2026-01-08T12:56:25","date_gmt":"2026-01-08T12:56:25","guid":{"rendered":"https:\/\/pgvape.com\/?post_type=product&#038;p=8412"},"modified":"2026-03-15T13:42:00","modified_gmt":"2026-03-15T13:42:00","slug":"bang-nachfullbar-60-000-60-000-puffs-2-in-1-einweg-vape-mit-doppelten-geschmacksrichtungen-einstellbarer-luftstrom-05-nikotin-12-geschmacksrichtungen-smart-screen-vape-fabrik-groshandel","status":"publish","type":"product","link":"https:\/\/pgvape.com\/de\/produkt\/bang-nachfullbar-60-000-60-000-puffs-2-in-1-einweg-vape-mit-doppelten-geschmacksrichtungen-einstellbarer-luftstrom-05-nikotin-12-geschmacksrichtungen-smart-screen-vape-fabrik-groshandel\/","title":{"rendered":"Bang Nachf\u00fcllbare 60000 60k Puffs 2 in 1 Double Flavours Einweg-Vape Einstellbarer Luftstrom 0%-5%Nicotine 12Taste Smart Screen Vape Factory Gro\u00dfhandel"},"content":{"rendered":"<p><strong data-sourcepos=\"6:5-6:26\">Bang 60000 2-in-1<\/strong> ist ein Game-Changer im nachhaltigen Dampfen und bietet den Komfort eines Einwegger\u00e4ts mit der Langlebigkeit und Umweltfreundlichkeit eines nachf\u00fcllbaren Systems. <strong data-sourcepos=\"6:183-6:201\">zwei 18-ml-Tanks<\/strong> (36 ml Gesamtkapazit\u00e4t) f\u00fcr sofortigen Geschmackswechsel und ein beispielloses Ergebnis <strong data-sourcepos=\"6:285-6:301\">60.000 Z\u00fcge<\/strong>, Es vereint Leistung, Kontrolle und geringere Umweltbelastung. <strong data-sourcepos=\"6:369-6:386\">Intelligentes Display<\/strong> Bietet eine klare Batterie- und E-Liquid-\u00dcberwachung, w\u00e4hrend die <strong data-sourcepos=\"6:445-6:476\">550-mAh-Akku<\/strong> mit <strong data-sourcepos=\"6:482-6:505\">USB-C-Schnellladung<\/strong>, <strong data-sourcepos=\"6:507-6:525\">1,0-\u03a9-Mesh-Spule<\/strong>, Und <strong data-sourcepos=\"6:531-6:553\">einstellbarer Luftstrom<\/strong> sorgen f\u00fcr ein erstklassiges, anpassbares Dampferlebnis. .<\/p>\n<p>&nbsp;<\/p>\n<h2><strong><span style=\"font-size: 90%;\">Bang Nachf\u00fcllbare 60000 60k Puffs 2 in 1 Double Flavours Einweg-Vape-Spezifikationen<\/span><\/strong><\/h2>\n<p><strong data-sourcepos=\"11:6-11:37\">Nachf\u00fcllbares Dual-Tank-System<\/strong>\u00a0\u2013 Zwei 18-ml-Tanks f\u00fcr sofortigen Geschmackswechsel und l\u00e4ngere Nutzung.<\/p>\n<p><strong data-sourcepos=\"12:6-12:30\">Umweltbewusstes Design<\/strong>\u00a0\u2013 Nachf\u00fcllbar, um Abfall zu reduzieren und mit der Zeit einen h\u00f6heren Wert zu bieten.<\/p>\n<p><strong data-sourcepos=\"13:7-13:31\">Smart-Display-Bildschirm<\/strong>\u00a0\u2013 Klare Anzeige des Batterieprozentsatzes und des E-Liquid-F\u00fcllstands.<\/p>\n<p><strong data-sourcepos=\"14:6-14:46\">550-mAh-Akku + USB-C-Schnellladung<\/strong>\u00a0\u2013 Zuverl\u00e4ssige Stromversorgung f\u00fcr den ganzen Tag mit schneller Aufladung.<\/p>\n<p><strong data-sourcepos=\"15:6-15:24\">1,0 \u03a9 Mesh-Spule<\/strong>\u00a0\u2013 Sanfter, reichhaltiger Dampf und gleichm\u00e4\u00dfige Geschmacksabgabe.<\/p>\n<p><strong data-sourcepos=\"16:7-16:29\">Einstellbarer Luftstrom<\/strong>\u00a0\u2013 Passen Sie Ihren Zug individuell an, von eng bis luftig.<\/p>\n<p><strong data-sourcepos=\"17:6-17:28\">Bis zu 60.000 Z\u00fcge<\/strong>\u00a0\u2013 Au\u00dfergew\u00f6hnliche Lebensdauer f\u00fcr schwere, langfristige Nutzung.<\/p>\n<p><strong data-sourcepos=\"18:6-18:26\">Bereit f\u00fcr den Einzelhandel<\/strong>\u00a0\u2013 Modernes Design mit benutzerfreundlicher Verpackung.<\/p>\n<p>&nbsp;<\/p>\n<h3><strong><span style=\"font-size: 90%;\">Bang Nachf\u00fcllbare 60.000 60.000 Puffs 2 in 1 Double Flavours Einweg-Vape-Geschmacksliste:<\/span><\/strong><\/h3>\n<p><strong class=\"\">1. Wassermeloneneis und Erdbeerwassermelone<\/strong><\/p>\n<p><strong>2.Mango-Eis und Erdbeer-Mango<\/strong><\/p>\n<p><strong class=\"\">3.Pfirsicheis und Mangopfirsich<\/strong><\/p>\n<p><strong class=\"\">4. Wassermeloneneis und Blaubeerwassermelone<\/strong><\/p>\n<p><strong class=\"\">5. Gemischte Fr\u00fcchte und dreifache Beeren<\/strong><\/p>\n<p><strong class=\"\">6. Erdbeereis und Erdbeerbanane<\/strong><\/p>\n<p><strong class=\"\">7. Blaubeereis und Blaubeer-Himbeere<\/strong><\/p>\n<p><strong class=\"\">8. Wassermelonen-Kirsche und Kirsch-Cola<\/strong><\/p>\n<p><strong class=\"\">9. Blaubeereis und Blaubeerminze<\/strong><\/p>\n<p><strong class=\"\">10.Ananas-Kokosnuss und Ananas-Eis<\/strong><\/p>\n<p><strong class=\"\">11.Energy-Drink und Wassermeloneneis<\/strong><\/p>\n<p><strong class=\"\">12. Traubeneis und Blaubeertraube<img loading=\"lazy\" decoding=\"async\" class=\"alignnone wp-image-8429 size-full\" src=\"https:\/\/pgvape.com\/wp-content\/uploads\/2026\/01\/Bang-Refillable-60000-60k-Puffs-2-in-1-Double-Flavors-Disposable-Vape-0-2-3-5Nicotine-12Taste-Smart-Screen-Vape-Factory-Wholesale-15.png\" alt=\"Reihen bunter Vape Pens mit transparenten Tanks und Neonk\u00f6rpern, beschriftet mit Fruchtaromen auf blauem Hintergrund.\" width=\"1500\" height=\"1246\" srcset=\"https:\/\/pgvape.com\/wp-content\/uploads\/2026\/01\/Bang-Refillable-60000-60k-Puffs-2-in-1-Double-Flavors-Disposable-Vape-0-2-3-5Nicotine-12Taste-Smart-Screen-Vape-Factory-Wholesale-15.png 1500w, https:\/\/pgvape.com\/wp-content\/uploads\/2026\/01\/Bang-Refillable-60000-60k-Puffs-2-in-1-Double-Flavors-Disposable-Vape-0-2-3-5Nicotine-12Taste-Smart-Screen-Vape-Factory-Wholesale-15-433x360.png 433w, https:\/\/pgvape.com\/wp-content\/uploads\/2026\/01\/Bang-Refillable-60000-60k-Puffs-2-in-1-Double-Flavors-Disposable-Vape-0-2-3-5Nicotine-12Taste-Smart-Screen-Vape-Factory-Wholesale-15-595x494.png 595w, https:\/\/pgvape.com\/wp-content\/uploads\/2026\/01\/Bang-Refillable-60000-60k-Puffs-2-in-1-Double-Flavors-Disposable-Vape-0-2-3-5Nicotine-12Taste-Smart-Screen-Vape-Factory-Wholesale-15-400x332.png 400w, https:\/\/pgvape.com\/wp-content\/uploads\/2026\/01\/Bang-Refillable-60000-60k-Puffs-2-in-1-Double-Flavors-Disposable-Vape-0-2-3-5Nicotine-12Taste-Smart-Screen-Vape-Factory-Wholesale-15-768x638.png 768w, https:\/\/pgvape.com\/wp-content\/uploads\/2026\/01\/Bang-Refillable-60000-60k-Puffs-2-in-1-Double-Flavors-Disposable-Vape-0-2-3-5Nicotine-12Taste-Smart-Screen-Vape-Factory-Wholesale-15-14x12.png 14w, https:\/\/pgvape.com\/wp-content\/uploads\/2026\/01\/Bang-Refillable-60000-60k-Puffs-2-in-1-Double-Flavors-Disposable-Vape-0-2-3-5Nicotine-12Taste-Smart-Screen-Vape-Factory-Wholesale-15-600x498.png 600w\" sizes=\"auto, (max-width: 1500px) 100vw, 1500px\" \/><\/strong><\/p>\n<p>&nbsp;<\/p>\n<h2><span style=\"font-size: 90%;\">H\u00e4ufig gestellte Fragen zu Bang Refillable 60000 60k Puffs 2 in 1 Double Flavours Einweg-Vaporizer<\/span><\/h2>\n<p>\u2753 Ist der Bang 60000 2-in-1 wirklich nachf\u00fcllbar?<br \/>\n\u2705 Ja, dieses Ger\u00e4t ist als nachf\u00fcllbarer Einweg-Vaporizer konzipiert. .<\/p>\n<p>\u2753 Wie wechsle ich zwischen den beiden Geschmacksrichtungen?<br \/>\n\u2705 Der Bang 60000 2-in-1 verf\u00fcgt \u00fcber zwei separate Tanks. .<\/p>\n<p>\u2753 Was zeigt der Smart Screen?<br \/>\n\u2705 Der Bildschirm zeigt deutlich Ihren verbleibenden E-Liquid-F\u00fcllstand und den Batterieprozentsatz an und hilft Ihnen so, Ihr Dampferlebnis zu verwalten.<\/p>\n<p>\u2753Wie viele Z\u00fcge schaffe ich tats\u00e4chlich?<br \/>\n\u2705 Dieses Ger\u00e4t ist f\u00fcr beeindruckende 60.000 Z\u00fcge ausgelegt, was den Bang 60000 2-in-1 zu einer unglaublich langlebigen Option macht.a<\/p>\n<p>\u2753 Wie lade ich es auf?<br \/>\n\u2705 Das Aufladen ist einfach und modern. .<\/p>\n<p>\u2753 Was macht es zu einem \u201c2-in-1\u201d-Ger\u00e4t?<br \/>\n\u2705 \u201c2-in-1\u201d bezieht sich auf das duale E-Liquid-Tanksystem, das es Ihnen erm\u00f6glicht, zwei verschiedene Geschmacksrichtungen in einem einzigen Bang 60000-Ger\u00e4t zu verwenden.<\/p>\n<p>\u2753 Ist es leicht zu erkennen, wann das E-Liquid zur Neige geht?<br \/>\n\u2705 Ja, der Smart-Bildschirm des Bang 60000 2-in-1 zeigt deutlich an, wenn der F\u00fcllstand Ihres E-Liquids zur Neige geht, sodass Sie rechtzeitig nachf\u00fcllen k\u00f6nnen.<\/p>\n<p>&nbsp;<\/p>\n<h3 id=\"brxe-najhln\" class=\"brxe-heading\">H\u00e4ufig gestellte Fragen (FAQ)<\/h3>\n<div id=\"brxe-rajiac\" class=\"brxe-text\">\n<p><strong>F: Welche Zahlungsmethoden akzeptieren Sie?<\/strong><br \/>\nA: Wir akzeptieren PayPal, Stripe, Bank\u00fcberweisungen (SEPA unterst\u00fctzt), g\u00e4ngige Kreditkarten (Visa, MasterCard, American Express) und Zahlungen in Kryptow\u00e4hrung.<\/p>\n<p><strong>F: Wie lange dauert die Auftragsvorbereitung?<\/strong><br \/>\nA: Die Auftragsvorbereitung dauert 1-3 Werktage.<\/p>\n<p><strong>F: Wie lange dauert die Lieferung?<\/strong><br \/>\nA: Die Lieferzeit betr\u00e4gt je nach Standort 7\u201314 Werktage. Die Lieferung von Waren aus europ\u00e4ischen Lagern dauert in der Regel 3\u20136 Werktage.<\/p>\n<p><strong>F: Wie kann ich meine Bestellung verfolgen?<\/strong><br \/>\nA: Nach dem Versand erhalten Sie eine Best\u00e4tigungs-E-Mail mit einer Sendungsverfolgungsnummer zur Echtzeitverfolgung.<\/p>\n<p><strong>F: Wie lauten Ihre R\u00fcckgabebedingungen?<\/strong><br \/>\nA: Wir bieten ein 30-t\u00e4giges R\u00fcckgaberecht f\u00fcr R\u00fcckerstattungen oder Umtausch. .<\/p>\n<p><strong>F: Wird es Zollprobleme geben?<br \/>\n<\/strong>Wir k\u00fcmmern uns um alle Zollabfertigungsverfahren, um Ihnen ein reibungsloses Erlebnis zu gew\u00e4hrleisten. .<\/p>\n<p><strong>F: Welche Versandarten werden verwendet?<\/strong><br \/>\nWir arbeiten mit UPS\/DHL\/FEDEX\/DPD etc. zusammen. Je nach Lieferland w\u00e4hlen wir die passende Versandoption aus, um sicherzustellen, dass Sie Ihre Produkte schnellstm\u00f6glich erhalten.<\/p>\n<p><a href=\"https:\/\/pgvape.com\/de\/faqs\/\">Klicken Sie hier f\u00fcr weitere FAQ<\/a><\/p>\n<p>Liebe Kunden, wenn Sie Fragen zu Ihrer Bestellung oder zum Wareneingang haben, wenden Sie sich bitte an unseren Kundenservice. Vielen Dank!<\/p>\n<h3 data-sourcepos=\"73:1-73:21\"><strong data-sourcepos=\"73:7-73:21\">Kontaktieren Sie uns<\/strong><\/h3>\n<div id=\"text-2419739398\" class=\"text\">\n<p><strong data-sourcepos=\"75:3-75:12\">E-Mail<\/strong>:\u00a0<a href=\"mailto:support@pgvape.com\"><strong>support@pgvape.com<\/strong><\/a><\/p>\n<p><strong data-sourcepos=\"76:3-76:15\">WhatsApp<\/strong>:\u00a0<a href=\"https:\/\/wa.me\/+8618128481258\"><strong>+86 18128481258<\/strong><\/a><br \/>\n<strong>(Antwort innerhalb von 24 Stunden an Werktagen)<\/strong><\/p>\n<\/div>\n<h3><strong>Vielen Dank, dass Sie sich f\u00fcr pgvape.com entschieden haben! .<\/strong><\/h3>\n<\/div>","protected":false},"excerpt":{"rendered":"<p><strong>Bang 60000 2-in-1 nachf\u00fcllbarer Vape<\/strong> verf\u00fcgt \u00fcber 60.000 Z\u00fcge, 36-ml-Doppeltanks, 550-mAh-Typ-C-Aufladung, einen intelligenten Bildschirm und einen einstellbaren Luftstrom \u2013 und bietet Geschmacksvielfalt, lang anhaltende Leistung und ein umweltfreundliches Preis-Leistungs-Verh\u00e4ltnis f\u00fcr anspruchsvolle Dampfer.<\/p>","protected":false},"featured_media":8447,"comment_status":"open","ping_status":"closed","template":"","meta":{"_seopress_robots_primary_cat":"none","_seopress_titles_title":"","_seopress_titles_desc":"","_seopress_robots_index":""},"product_brand":[36,516],"product_cat":[48,25,515],"product_tag":[161,315,135,547,67,90,278],"class_list":{"0":"post-8412","1":"product","2":"type-product","3":"status-publish","4":"has-post-thumbnail","6":"product_brand-bang-vape","7":"product_brand-disposable-vape","8":"product_cat-60k-puffs-vape","9":"product_cat-bang-vape","10":"product_cat-disposable-vape","11":"product_tag-2-in-1","12":"product_tag-60k-puffs-vape","13":"product_tag-adjustable-airflow","14":"product_tag-bang-refillable","15":"product_tag-direct-to-lung-dtl","16":"product_tag-disposable-vape","17":"product_tag-double-flavors","19":"first","20":"instock","21":"sale","22":"shipping-taxable","23":"purchasable","24":"product-type-variable"},"_links":{"self":[{"href":"https:\/\/pgvape.com\/de\/wp-json\/wp\/v2\/product\/8412","targetHints":{"allow":["GET"]}}],"collection":[{"href":"https:\/\/pgvape.com\/de\/wp-json\/wp\/v2\/product"}],"about":[{"href":"https:\/\/pgvape.com\/de\/wp-json\/wp\/v2\/types\/product"}],"replies":[{"embeddable":true,"href":"https:\/\/pgvape.com\/de\/wp-json\/wp\/v2\/comments?post=8412"}],"wp:featuredmedia":[{"embeddable":true,"href":"https:\/\/pgvape.com\/de\/wp-json\/wp\/v2\/media\/8447"}],"wp:attachment":[{"href":"https:\/\/pgvape.com\/de\/wp-json\/wp\/v2\/media?parent=8412"}],"wp:term":[{"taxonomy":"product_brand","embeddable":true,"href":"https:\/\/pgvape.com\/de\/wp-json\/wp\/v2\/product_brand?post=8412"},{"taxonomy":"product_cat","embeddable":true,"href":"https:\/\/pgvape.com\/de\/wp-json\/wp\/v2\/product_cat?post=8412"},{"taxonomy":"product_tag","embeddable":true,"href":"https:\/\/pgvape.com\/de\/wp-json\/wp\/v2\/product_tag?post=8412"}],"curies":[{"name":"wp","href":"https:\/\/api.w.org\/{rel}","templated":true}]}}