{"id":8206,"date":"2025-12-24T10:10:09","date_gmt":"2025-12-24T10:10:09","guid":{"rendered":"https:\/\/pgvape.com\/?post_type=product&#038;p=8206"},"modified":"2025-12-26T07:44:21","modified_gmt":"2025-12-26T07:44:21","slug":"uor-tornado-30000-30-000-puffs-einweg-vape-2-5-nikotin-10-geschmack-led-display-vape-fabrik-groshandel","status":"publish","type":"product","link":"https:\/\/pgvape.com\/de\/produkt\/uor-tornado-30000-30-000-puffs-einweg-vape-2-5-nikotin-10-geschmack-led-display-vape-fabrik-groshandel\/","title":{"rendered":"UOR Tornado 30000 30K Puffs Einweg-Vape 2% 5%Nicotine 10Taste LED-Anzeige Vape Factory Gro\u00dfhandel"},"content":{"rendered":"<p><strong>UOR Tornado 30000 30K Puffs LED-Display Einweg-Vape-Stift<\/strong>\u00a0wurde f\u00fcr Benutzer entwickelt, die eine lang anhaltende Leistung und einen weichen, gleichm\u00e4\u00dfigen Geschmack suchen. .<\/p>\n<p>&nbsp;<\/p>\n<h2><strong><span style=\"font-size: 90%;\">UOR Tornado 30000 30K Puffs Einweg-Vape-Spezifikationen<\/span><\/strong><\/h2>\n<p><strong data-sourcepos=\"11:6-11:37\">650-mAh-Akku<\/strong>\u00a0\u2013 USB-Typ-C-Schnellladung<\/p>\n<p><strong data-sourcepos=\"12:6-12:34\">28 ml vorgef\u00fclltes E-Liquid<\/strong>\u00a0\u2013 Langanhaltende Geschmacksstabilit\u00e4t<\/p>\n<p><strong data-sourcepos=\"13:6-13:24\">1,0 \u03a9 Mesh-Spule<\/strong>\u00a0\u2013 Sanfter Dampf und verbesserte Geschmacksklarheit<\/p>\n<p><strong data-sourcepos=\"14:7-14:22\">LED-Anzeige<\/strong>\u00a0\u2013 \u00dcberwachen Sie Akku- und Nutzungsdetails auf einen Blick<\/p>\n<p><strong data-sourcepos=\"15:6-15:28\">Bis zu 30.000 Z\u00fcge<\/strong>\u00a0\u2013 L\u00e4ngere Lebensdauer, weniger Abfall<\/p>\n<p><strong data-sourcepos=\"16:6-16:33\">10 Einheiten pro Einzelhandelsverpackung<\/strong>\u00a0\u2013 Ideal f\u00fcr Einzel- und Gro\u00dfhandel<\/p>\n<p><strong data-sourcepos=\"17:6-17:33\">Schlankes, ergonomisches Design<\/strong>\u00a0\u2013 Bequem f\u00fcr den ganzt\u00e4gigen Gebrauch<\/p>\n<p>&nbsp;<\/p>\n<h3><strong><span style=\"font-size: 90%;\">UOR Tornado 30000 30K Puffs Einweg-Vape-Geschmacksliste:<\/span><\/strong><\/h3>\n<p><strong>1. Blaubeereis<\/strong><\/p>\n<p><strong>2.Energy-Drink<\/strong><\/p>\n<p><strong>3. Traubeneis<\/strong><\/p>\n<p><strong>4.Kiwi-Passionsfrucht-Guave<\/strong><\/p>\n<p><strong>5.Herr Blau<\/strong><\/p>\n<p><strong>6.Pfirsicheis<\/strong><\/p>\n<p><strong>7.Erdbeer-Wassermelone<\/strong><\/p>\n<p><strong>8.Erdbeer-Kiwi<\/strong><\/p>\n<p><strong>9.Erdbeer-Himbeer-Kirsche<\/strong><\/p>\n<p><strong>10. Wassermeloneneis<\/strong><\/p>\n<p><strong><img loading=\"lazy\" decoding=\"async\" class=\"alignnone wp-image-8221 size-full\" src=\"https:\/\/pgvape.com\/wp-content\/uploads\/2025\/12\/UOR-Tornado-30000-30K-Puffs-Disposable-Vape-2-5-Nicotin-10Tastes-Vape-Factory-Wholesale-PGvape-Flavor-List.png\" alt=\"Bunte UOR 30k Puffs Einweg-Vape-Pens mit Affenmotiv in Geschmacksrichtungen wie Blueberry Ice, Peach Ice und Strawberry Kiwi.\" width=\"1500\" height=\"1500\" srcset=\"https:\/\/pgvape.com\/wp-content\/uploads\/2025\/12\/UOR-Tornado-30000-30K-Puffs-Disposable-Vape-2-5-Nicotin-10Tastes-Vape-Factory-Wholesale-PGvape-Flavor-List.png 1500w, https:\/\/pgvape.com\/wp-content\/uploads\/2025\/12\/UOR-Tornado-30000-30K-Puffs-Disposable-Vape-2-5-Nicotin-10Tastes-Vape-Factory-Wholesale-PGvape-Flavor-List-360x360.png 360w, https:\/\/pgvape.com\/wp-content\/uploads\/2025\/12\/UOR-Tornado-30000-30K-Puffs-Disposable-Vape-2-5-Nicotin-10Tastes-Vape-Factory-Wholesale-PGvape-Flavor-List-595x595.png 595w, https:\/\/pgvape.com\/wp-content\/uploads\/2025\/12\/UOR-Tornado-30000-30K-Puffs-Disposable-Vape-2-5-Nicotin-10Tastes-Vape-Factory-Wholesale-PGvape-Flavor-List-400x400.png 400w, https:\/\/pgvape.com\/wp-content\/uploads\/2025\/12\/UOR-Tornado-30000-30K-Puffs-Disposable-Vape-2-5-Nicotin-10Tastes-Vape-Factory-Wholesale-PGvape-Flavor-List-768x768.png 768w, https:\/\/pgvape.com\/wp-content\/uploads\/2025\/12\/UOR-Tornado-30000-30K-Puffs-Disposable-Vape-2-5-Nicotin-10Tastes-Vape-Factory-Wholesale-PGvape-Flavor-List-12x12.png 12w, https:\/\/pgvape.com\/wp-content\/uploads\/2025\/12\/UOR-Tornado-30000-30K-Puffs-Disposable-Vape-2-5-Nicotin-10Tastes-Vape-Factory-Wholesale-PGvape-Flavor-List-300x300.png 300w, https:\/\/pgvape.com\/wp-content\/uploads\/2025\/12\/UOR-Tornado-30000-30K-Puffs-Disposable-Vape-2-5-Nicotin-10Tastes-Vape-Factory-Wholesale-PGvape-Flavor-List-600x600.png 600w, https:\/\/pgvape.com\/wp-content\/uploads\/2025\/12\/UOR-Tornado-30000-30K-Puffs-Disposable-Vape-2-5-Nicotin-10Tastes-Vape-Factory-Wholesale-PGvape-Flavor-List-100x100.png 100w\" sizes=\"auto, (max-width: 1500px) 100vw, 1500px\" \/><\/strong><\/p>\n<p>&nbsp;<\/p>\n<h2><strong>H\u00e4ufig gestellte Fragen zu UOR Tornado 30000 30K Puffs Einweg-Vaporizer<\/strong><\/h2>\n<p>\u2753 <strong class=\"\">Wie viele Z\u00fcge pro Ger\u00e4t?<\/strong><br \/>\n\u2705 Werkszertifiziert <strong class=\"\">30.000 Z\u00fcge<\/strong>\u2013 wochenlanger starker Beanspruchung.<\/p>\n<p>\u2753 <strong class=\"\">Wie gro\u00df ist der Tank?<\/strong><br \/>\n\u2705 <strong class=\"\">28 ml<\/strong>\u2013 gro\u00dfe Kapazit\u00e4t f\u00fcr weniger Austausch.<\/p>\n<p>\u2753 <strong>Ist es wiederaufladbar?<\/strong><br \/>\n\u2705 <strong>650 mAh<\/strong> Batterie + <strong>Typ-C<\/strong> port; volle Ladung in ca. 30 Min.<\/p>\n<p>\u2753 <strong class=\"\">Welche Nikotinst\u00e4rken werden angeboten?<\/strong><br \/>\n\u2705 <strong class=\"\">2 %<\/strong> glatt oder <strong class=\"\">5 %<\/strong> stark \u2013 w\u00e4hle deinen Hit.<\/p>\n<p>\u2753 <strong>Wie bleibt der Geschmack konstant?<\/strong><br \/>\n\u2705 <strong>1,0 \u03a9 Mesh-Spule<\/strong> erw\u00e4rmt sich gleichm\u00e4\u00dfig und sorgt f\u00fcr seidige, aromatische Wolken.<\/p>\n<p>\u2753 <strong class=\"\">Wie \u00fcberwache ich den Status?<\/strong><br \/>\n\u2705 <strong class=\"\">LED-Anzeige<\/strong> Zeigt Batterie- und Dampfinformationen auf einen Blick an.<\/p>\n<p>\u2753 <strong>Einzelhandelsfertige Verpackung?<\/strong><br \/>\n\u2705 <strong>10 St\u00fcck\/Karton<\/strong>\u2013 perfekt f\u00fcr Regal- oder Gro\u00dfwagen.<\/p>\n<p>&nbsp;<\/p>\n<h3 id=\"brxe-najhln\" class=\"brxe-heading\">H\u00e4ufig gestellte Fragen (FAQ)<\/h3>\n<div id=\"brxe-rajiac\" class=\"brxe-text\">\n<p><strong>F: Welche Zahlungsmethoden akzeptieren Sie?<\/strong><br \/>\nA: Wir akzeptieren PayPal, Stripe, Bank\u00fcberweisungen (SEPA unterst\u00fctzt), g\u00e4ngige Kreditkarten (Visa, MasterCard, American Express) und Zahlungen in Kryptow\u00e4hrung.<\/p>\n<p><strong>F: Wie lange dauert die Auftragsvorbereitung?<\/strong><br \/>\nA: Die Auftragsvorbereitung dauert 1-3 Werktage.<\/p>\n<p><strong>F: Wie lange dauert die Lieferung?<\/strong><br \/>\nA: Die Lieferzeit betr\u00e4gt je nach Standort 7\u201314 Werktage. Die Lieferung von Waren aus europ\u00e4ischen Lagern dauert in der Regel 3\u20136 Werktage.<\/p>\n<p><strong>F: Wie kann ich meine Bestellung verfolgen?<\/strong><br \/>\nA: Nach dem Versand erhalten Sie eine Best\u00e4tigungs-E-Mail mit einer Sendungsverfolgungsnummer zur Echtzeitverfolgung.<\/p>\n<p><strong>F: Wie lauten Ihre R\u00fcckgabebedingungen?<\/strong><br \/>\nA: Wir bieten ein 30-t\u00e4giges R\u00fcckgaberecht f\u00fcr R\u00fcckerstattungen oder Umtausch. .<\/p>\n<p><strong>F: Wird es Zollprobleme geben?<br \/>\n<\/strong>Wir k\u00fcmmern uns um alle Zollabfertigungsverfahren, um Ihnen ein reibungsloses Erlebnis zu gew\u00e4hrleisten. .<\/p>\n<p><strong>F: Welche Versandarten werden verwendet?<\/strong><br \/>\nWir arbeiten mit UPS\/DHL\/FEDEX\/DPD etc. zusammen. Je nach Lieferland w\u00e4hlen wir die passende Versandoption aus, um sicherzustellen, dass Sie Ihre Produkte schnellstm\u00f6glich erhalten.<\/p>\n<p><a href=\"https:\/\/pgvape.com\/de\/faqs\/\">Klicken Sie hier f\u00fcr weitere FAQ<\/a><\/p>\n<p>Liebe Kunden, wenn Sie Fragen zu Ihrer Bestellung oder zum Wareneingang haben, wenden Sie sich bitte an unseren Kundenservice. Vielen Dank!<\/p>\n<h3 data-sourcepos=\"73:1-73:21\"><strong data-sourcepos=\"73:7-73:21\">Kontaktieren Sie uns<\/strong><\/h3>\n<div id=\"text-2419739398\" class=\"text\">\n<p><strong data-sourcepos=\"75:3-75:12\">E-Mail<\/strong>:\u00a0<a href=\"mailto:support@pgvape.com\"><strong>support@pgvape.com<\/strong><\/a><\/p>\n<p><strong data-sourcepos=\"76:3-76:15\">WhatsApp<\/strong>:\u00a0<a href=\"https:\/\/wa.me\/+8618128481258\"><strong>+86 18128481258<\/strong><\/a><br \/>\n<strong>(Antwort innerhalb von 24 Stunden an Werktagen)<\/strong><\/p>\n<\/div>\n<h3><strong>Vielen Dank, dass Sie sich f\u00fcr pgvape.com entschieden haben! .<\/strong><\/h3>\n<\/div>","protected":false},"excerpt":{"rendered":"<p><strong>UOR Tornado 30000<\/strong>\u2014<strong>30.000 Z\u00fcge<\/strong>, <strong>28 ml<\/strong>, <strong>Mesh-Spule<\/strong>, <strong>LED-Anzeige<\/strong>, <strong>Typ-C<\/strong>, <strong>2 %\/5 % nic<\/strong>.<strong class=\"\">Kapazit\u00e4t auf Sturmniveau, kristallklare Kontrolle.<\/strong><\/p>","protected":false},"featured_media":8209,"comment_status":"open","ping_status":"closed","template":"","meta":{"_seopress_robots_primary_cat":"none","_seopress_titles_title":"","_seopress_titles_desc":"","_seopress_robots_index":""},"product_brand":[516,345],"product_cat":[35,515,344],"product_tag":[349,90,79,490,540],"class_list":{"0":"post-8206","1":"product","2":"type-product","3":"status-publish","4":"has-post-thumbnail","6":"product_brand-disposable-vape","7":"product_brand-uor-vape","8":"product_cat-30k-puffs-vape","9":"product_cat-disposable-vape","10":"product_cat-uor-vape","11":"product_tag-30k-puffs-vape","12":"product_tag-disposable-vape","13":"product_tag-led-display","14":"product_tag-minimum-2-pieces","15":"product_tag-uor-tornado-30000","17":"first","18":"instock","19":"sale","20":"shipping-taxable","21":"purchasable","22":"product-type-variable"},"_links":{"self":[{"href":"https:\/\/pgvape.com\/de\/wp-json\/wp\/v2\/product\/8206","targetHints":{"allow":["GET"]}}],"collection":[{"href":"https:\/\/pgvape.com\/de\/wp-json\/wp\/v2\/product"}],"about":[{"href":"https:\/\/pgvape.com\/de\/wp-json\/wp\/v2\/types\/product"}],"replies":[{"embeddable":true,"href":"https:\/\/pgvape.com\/de\/wp-json\/wp\/v2\/comments?post=8206"}],"wp:featuredmedia":[{"embeddable":true,"href":"https:\/\/pgvape.com\/de\/wp-json\/wp\/v2\/media\/8209"}],"wp:attachment":[{"href":"https:\/\/pgvape.com\/de\/wp-json\/wp\/v2\/media?parent=8206"}],"wp:term":[{"taxonomy":"product_brand","embeddable":true,"href":"https:\/\/pgvape.com\/de\/wp-json\/wp\/v2\/product_brand?post=8206"},{"taxonomy":"product_cat","embeddable":true,"href":"https:\/\/pgvape.com\/de\/wp-json\/wp\/v2\/product_cat?post=8206"},{"taxonomy":"product_tag","embeddable":true,"href":"https:\/\/pgvape.com\/de\/wp-json\/wp\/v2\/product_tag?post=8206"}],"curies":[{"name":"wp","href":"https:\/\/api.w.org\/{rel}","templated":true}]}}