{"id":8139,"date":"2025-12-23T13:22:00","date_gmt":"2025-12-23T13:22:00","guid":{"rendered":"https:\/\/pgvape.com\/?post_type=product&#038;p=8139"},"modified":"2026-03-15T13:41:59","modified_gmt":"2026-03-15T13:41:59","slug":"vopk-btc-35000-35-000-puffs-dual-mode-einweg-vape-einstellbare-luftstromleistung-5-nikotin-10-geschmack-360-gebogener-bildschirm-vape-fabrik-groshandel","status":"publish","type":"product","link":"https:\/\/pgvape.com\/de\/produkt\/vopk-btc-35000-35-000-puffs-dual-mode-einweg-vape-einstellbare-luftstromleistung-5-nikotin-10-geschmack-360-gebogener-bildschirm-vape-fabrik-groshandel\/","title":{"rendered":"VOPK BTC 35000 35K Puffs Dual Mode Einweg-Vape Einstellbare Luftstromleistung 5%Nicotine 10Taste 360\u00b0 gebogener Bildschirm Vape Factory Gro\u00dfhandel"},"content":{"rendered":"<p><strong data-sourcepos=\"4:46-4:62\">VOPK BTC 35K<\/strong>\u2013 ein leistungsstarker Einweg-Vaporizer, der f\u00fcr au\u00dfergew\u00f6hnlichen Geschmack und Langlebigkeit sorgt. <strong data-sourcepos=\"4:174-4:197\">0,8 \u03a9 Dual-Mesh-Spule<\/strong> und ein erhebliches <strong data-sourcepos=\"4:216-4:233\">22 ml E-Liquid<\/strong> Kapazit\u00e4t bietet es eine beeindruckende <strong data-sourcepos=\"4:268-4:284\">35.000 Z\u00fcge<\/strong> von gleichm\u00e4\u00dfig gleichm\u00e4\u00dfigem Dampf.<strong data-sourcepos=\"4:339-4:390\">Galvanisierung, Metallic-Lackierung und UV-Druck<\/strong>\u2013 kombiniert erstklassige \u00c4sthetik mit intelligenter Funktionalit\u00e4t, einschlie\u00dflich einer <strong data-sourcepos=\"4:458-4:498\">Intelligenter, um 360 Grad gebogener Bildschirm<\/strong> und einstellbare Leistungseinstellungen. .<img loading=\"lazy\" decoding=\"async\" class=\"alignnone wp-image-8165 size-full\" src=\"https:\/\/pgvape.com\/wp-content\/uploads\/2025\/12\/VOPK-BTC-35000-35K-Puffs-Disposable-Vape-Adjustable-Airflow-Power-5Nicotine-10Taste-Full-Screen-Display-Vape-Factory-Wholesale-12.png\" alt=\"VOPK BTC 35K Einweg-Vape im Weltraum-Design mit rosa und blauen Pods neben einer Bitcoin-M\u00fcnze, mit Boost- und Norm-Modi.\" width=\"1200\" height=\"686\" srcset=\"https:\/\/pgvape.com\/wp-content\/uploads\/2025\/12\/VOPK-BTC-35000-35K-Puffs-Disposable-Vape-Adjustable-Airflow-Power-5Nicotine-10Taste-Full-Screen-Display-Vape-Factory-Wholesale-12.png 1200w, https:\/\/pgvape.com\/wp-content\/uploads\/2025\/12\/VOPK-BTC-35000-35K-Puffs-Disposable-Vape-Adjustable-Airflow-Power-5Nicotine-10Taste-Full-Screen-Display-Vape-Factory-Wholesale-12-555x317.png 555w, https:\/\/pgvape.com\/wp-content\/uploads\/2025\/12\/VOPK-BTC-35000-35K-Puffs-Disposable-Vape-Adjustable-Airflow-Power-5Nicotine-10Taste-Full-Screen-Display-Vape-Factory-Wholesale-12-595x340.png 595w, https:\/\/pgvape.com\/wp-content\/uploads\/2025\/12\/VOPK-BTC-35000-35K-Puffs-Disposable-Vape-Adjustable-Airflow-Power-5Nicotine-10Taste-Full-Screen-Display-Vape-Factory-Wholesale-12-400x229.png 400w, https:\/\/pgvape.com\/wp-content\/uploads\/2025\/12\/VOPK-BTC-35000-35K-Puffs-Disposable-Vape-Adjustable-Airflow-Power-5Nicotine-10Taste-Full-Screen-Display-Vape-Factory-Wholesale-12-768x439.png 768w, https:\/\/pgvape.com\/wp-content\/uploads\/2025\/12\/VOPK-BTC-35000-35K-Puffs-Disposable-Vape-Adjustable-Airflow-Power-5Nicotine-10Taste-Full-Screen-Display-Vape-Factory-Wholesale-12-18x10.png 18w, https:\/\/pgvape.com\/wp-content\/uploads\/2025\/12\/VOPK-BTC-35000-35K-Puffs-Disposable-Vape-Adjustable-Airflow-Power-5Nicotine-10Taste-Full-Screen-Display-Vape-Factory-Wholesale-12-600x343.png 600w\" sizes=\"auto, (max-width: 1200px) 100vw, 1200px\" \/><\/p>\n<p>&nbsp;<\/p>\n<h2><span style=\"font-size: 90%;\">VOPK BTC 35000 35K Puffs Dual Mode Einweg-Vape-Spezifikationen:<\/span><\/h2>\n<p><strong data-sourcepos=\"9:6-9:29\">0,8 \u03a9 Dual-Mesh-Spule<\/strong>\u00a0\u2013 Reichhaltiger Geschmack und dichte Dampfproduktion.<\/p>\n<p><strong data-sourcepos=\"10:7-10:43\">Dynamisch gebogener 360-Grad-Bildschirm<\/strong>\u00a0\u2013 Intelligente Batterie- und E-Liquid-Anzeige mit Leistungsumschaltung.<\/p>\n<p><strong data-sourcepos=\"11:6-11:41\">850-mAh-Akku + USB-C-Aufladung<\/strong>\u00a0\u2013 Wiederaufladbar f\u00fcr langanhaltenden Einsatz.<\/p>\n<p><strong data-end=\"3669\" data-start=\"3655\">Puff Count \u2013 <\/strong>Bis zu 35.000 (Norm) \/ 25.000 (Boost)<\/p>\n<p><strong data-sourcepos=\"13:6-13:32\">22 ml E-Liquid-Kapazit\u00e4t<\/strong>\u00a0\u2013 Vorgef\u00fcllt mit Premium-Fl\u00fcssigkeitsmischung.<\/p>\n<p><strong data-sourcepos=\"14:7-14:37\">Einstellbarer Luftstrom und Leistung<\/strong>\u00a0\u2013 Passen Sie Ihren Zug und die Dampfintensit\u00e4t individuell an.<\/p>\n<p><strong data-sourcepos=\"15:5-15:23\">Premium-Finish<\/strong>\u00a0\u2013 Galvanisierung, Metallic-Lackierung und UV-Druck f\u00fcr ein raffiniertes Erscheinungsbild.<\/p>\n<p>&nbsp;<\/p>\n<h3><span style=\"font-size: 90%;\">VOPK BTC 35000 35K Puffs Dual Mode Einweg-Vape-Geschmacksliste:<\/span><\/h3>\n<p>1. Wassermeloneneis<\/p>\n<p>2.Blaues Razz-Eis<\/p>\n<p>3.Erdbeer-Burst<\/p>\n<p>4.Georgia-Pfirsich<\/p>\n<p>5.Leidenschaft Kiwi<\/p>\n<p>6.Orangen-Cranberry-Limetten-Eis<\/p>\n<p>7.K\u00fchle Minze<\/p>\n<p>8. Saure Mango-Ananas<\/p>\n<p>9.Wei\u00dfe Pfirsich-Himbeere<\/p>\n<p>10.Bananen-Toffee-Gefrierschrank<img loading=\"lazy\" decoding=\"async\" class=\"alignnone wp-image-8159 size-full\" src=\"https:\/\/pgvape.com\/wp-content\/uploads\/2025\/12\/VOPK-BTC-35000-35K-Puffs-Disposable-Vape-Adjustable-Airflow-Power-5Nicotine-10Taste-Full-Screen-Display-Vape-Factory-Wholesale-7.png\" alt=\"Zehn farbenfrohe Einweg-Vaporizer auf einem neonbeleuchteten Display, jedes mit einem Geschmacksetikett: Banana Taffy Freeze, Cool Mint, Peach.\" width=\"1500\" height=\"1342\" srcset=\"https:\/\/pgvape.com\/wp-content\/uploads\/2025\/12\/VOPK-BTC-35000-35K-Puffs-Disposable-Vape-Adjustable-Airflow-Power-5Nicotine-10Taste-Full-Screen-Display-Vape-Factory-Wholesale-7.png 1500w, https:\/\/pgvape.com\/wp-content\/uploads\/2025\/12\/VOPK-BTC-35000-35K-Puffs-Disposable-Vape-Adjustable-Airflow-Power-5Nicotine-10Taste-Full-Screen-Display-Vape-Factory-Wholesale-7-402x360.png 402w, https:\/\/pgvape.com\/wp-content\/uploads\/2025\/12\/VOPK-BTC-35000-35K-Puffs-Disposable-Vape-Adjustable-Airflow-Power-5Nicotine-10Taste-Full-Screen-Display-Vape-Factory-Wholesale-7-595x532.png 595w, https:\/\/pgvape.com\/wp-content\/uploads\/2025\/12\/VOPK-BTC-35000-35K-Puffs-Disposable-Vape-Adjustable-Airflow-Power-5Nicotine-10Taste-Full-Screen-Display-Vape-Factory-Wholesale-7-400x358.png 400w, https:\/\/pgvape.com\/wp-content\/uploads\/2025\/12\/VOPK-BTC-35000-35K-Puffs-Disposable-Vape-Adjustable-Airflow-Power-5Nicotine-10Taste-Full-Screen-Display-Vape-Factory-Wholesale-7-768x687.png 768w, https:\/\/pgvape.com\/wp-content\/uploads\/2025\/12\/VOPK-BTC-35000-35K-Puffs-Disposable-Vape-Adjustable-Airflow-Power-5Nicotine-10Taste-Full-Screen-Display-Vape-Factory-Wholesale-7-13x12.png 13w, https:\/\/pgvape.com\/wp-content\/uploads\/2025\/12\/VOPK-BTC-35000-35K-Puffs-Disposable-Vape-Adjustable-Airflow-Power-5Nicotine-10Taste-Full-Screen-Display-Vape-Factory-Wholesale-7-600x537.png 600w\" sizes=\"auto, (max-width: 1500px) 100vw, 1500px\" \/><\/p>\n<p>&nbsp;<\/p>\n<h3><span style=\"font-size: 90%;\">VOPK BTC 35000 35K Puffs Dual Mode Einweg-Vape <strong>Video:<\/strong><\/span><\/h3>\n<p><iframe loading=\"lazy\" title=\"VOPK BTC 35K Puffs Dual Mode Einweg-Vape Einstellbarer Luftstrom Power Vape Factory Gro\u00dfhandel pgvape\" width=\"563\" height=\"1000\" src=\"https:\/\/www.youtube.com\/embed\/ZJqTt0qybLA?feature=oembed\" frameborder=\"0\" allow=\"accelerometer; autoplay; clipboard-write; encrypted-media; gyroscope; picture-in-picture; web-share\" referrerpolicy=\"strict-origin-when-cross-origin\" allowfullscreen><\/iframe><\/p>\n<p>&nbsp;<\/p>\n<h2><span style=\"font-size: 90%;\">H\u00e4ufig gestellte Fragen zu VOPK BTC 35000 35K Puffs Dual Mode Einweg-Vaporizer<\/span><\/h2>\n<p>\u2753 <strong>Wie viele Z\u00fcge pro Ger\u00e4t?<\/strong><br \/>\n\u2705 <strong>35.000 Z\u00fcge<\/strong> im Einzell\u00fcftermodus (25K-Doppell\u00fcfteroption vorhanden).<\/p>\n<p>\u2753 <strong>Ist es wiederaufladbar?<\/strong><br \/>\n\u2705 <strong>850 mAh<\/strong> Batterie + <strong>Typ-C<\/strong> port; volle Ladung in ca. 30 Min.<\/p>\n<p>\u2753 <strong class=\"\">Kann ich Leistung oder Luftstrom anpassen?<\/strong><br \/>\n\u2705 <strong>Einstellbare Leistung<\/strong> + <strong>unterer Luftstromauslass<\/strong>\u2013 Schlagst\u00e4rke und Zug individuell anpassen.<\/p>\n<p>\u2753 <strong>Welche Spule ist drin?<\/strong><br \/>\n\u2705 <strong>0,8 \u03a9 Dual-Mesh-Spule<\/strong>\u2013 schnelle Hitze, dichter Geschmack.<\/p>\n<p>\u2753 <strong>How do I monitor battery or juice?<\/strong><br \/>\n\u2705 <strong>360\u00b0 gebogener Bildschirm<\/strong> zeigt <strong>Kraftstoff<\/strong>, <strong>elektrisch<\/strong>, Und <strong>Power-Modus<\/strong> in Echtzeit.<\/p>\n<p>\u2753 <strong>Enth\u00e4lt es Kiwi-Geschmack?<\/strong><br \/>\n\u2705 <strong>Leidenschaftliche Kiwi<\/strong> ist die charakteristische Mischung \u2013 tropisch, w\u00fcrzig, sanft.<\/p>\n<p>&nbsp;<\/p>\n<h3 id=\"brxe-najhln\" class=\"brxe-heading\">H\u00e4ufig gestellte Fragen (FAQ)<\/h3>\n<div id=\"brxe-rajiac\" class=\"brxe-text\">\n<p><strong>F: Welche Zahlungsmethoden akzeptieren Sie?<\/strong><br \/>\nA: Wir akzeptieren PayPal, Stripe, Bank\u00fcberweisungen (SEPA unterst\u00fctzt), g\u00e4ngige Kreditkarten (Visa, MasterCard, American Express) und Zahlungen in Kryptow\u00e4hrung.<\/p>\n<p><strong>F: Wie lange dauert die Auftragsvorbereitung?<\/strong><br \/>\nA: Die Auftragsvorbereitung dauert 1-3 Werktage.<\/p>\n<p><strong>F: Wie lange dauert die Lieferung?<\/strong><br \/>\nA: Die Lieferzeit betr\u00e4gt je nach Standort 7\u201314 Werktage. Die Lieferung von Waren aus europ\u00e4ischen Lagern dauert in der Regel 3\u20136 Werktage.<\/p>\n<p><strong>F: Wie kann ich meine Bestellung verfolgen?<\/strong><br \/>\nA: Nach dem Versand erhalten Sie eine Best\u00e4tigungs-E-Mail mit einer Sendungsverfolgungsnummer zur Echtzeitverfolgung.<\/p>\n<p><strong>F: Wie lauten Ihre R\u00fcckgabebedingungen?<\/strong><br \/>\nA: Wir bieten ein 30-t\u00e4giges R\u00fcckgaberecht f\u00fcr R\u00fcckerstattungen oder Umtausch. .<\/p>\n<p><strong>F: Wird es Zollprobleme geben?<br \/>\n<\/strong>Wir k\u00fcmmern uns um alle Zollabfertigungsverfahren, um Ihnen ein reibungsloses Erlebnis zu gew\u00e4hrleisten. .<\/p>\n<p><strong>F: Welche Versandarten werden verwendet?<\/strong><br \/>\nWir arbeiten mit UPS\/DHL\/FEDEX\/DPD etc. zusammen. Je nach Lieferland w\u00e4hlen wir die passende Versandoption aus, um sicherzustellen, dass Sie Ihre Produkte schnellstm\u00f6glich erhalten.<\/p>\n<p><a href=\"https:\/\/pgvape.com\/de\/faqs\/\">Klicken Sie hier f\u00fcr weitere FAQ<\/a><\/p>\n<p>Liebe Kunden, wenn Sie Fragen zu Ihrer Bestellung oder zum Wareneingang haben, wenden Sie sich bitte an unseren Kundenservice. Vielen Dank!<\/p>\n<h3 data-sourcepos=\"73:1-73:21\"><strong data-sourcepos=\"73:7-73:21\">Kontaktieren Sie uns<\/strong><\/h3>\n<div id=\"text-2419739398\" class=\"text\">\n<p><strong data-sourcepos=\"75:3-75:12\">E-Mail<\/strong>:\u00a0<a href=\"mailto:support@pgvape.com\"><strong>support@pgvape.com<\/strong><\/a><\/p>\n<p><strong data-sourcepos=\"76:3-76:15\">WhatsApp<\/strong>:\u00a0<a href=\"https:\/\/wa.me\/+8618128481258\"><strong>+86 18128481258<\/strong><\/a><br \/>\n<strong>(Antwort innerhalb von 24 Stunden an Werktagen)<\/strong><\/p>\n<\/div>\n<h3><strong>Vielen Dank, dass Sie sich f\u00fcr pgvape.com entschieden haben! .<\/strong><\/h3>\n<\/div>","protected":false},"excerpt":{"rendered":"<p><strong>VOPK BTC 35K<\/strong>\u2014<strong>35.000 Z\u00fcge<\/strong>, <strong>22 ml Mineral\u00f6l<\/strong>, <strong>0,8 \u03a9 Dual-Mesh<\/strong>, <strong>einstellbare Leistung und Luftstrom<\/strong>, <strong>360\u00b0 gebogener Bildschirm<\/strong>.<strong>Drehen Sie die Entl\u00fcftung, steigern Sie die Leistung, probieren Sie die Kiwi.<\/strong><\/p>","protected":false},"featured_media":8152,"comment_status":"open","ping_status":"closed","template":"","meta":{"_seopress_robots_primary_cat":"","_seopress_titles_title":"","_seopress_titles_desc":"","_seopress_robots_index":""},"product_brand":[516,218],"product_cat":[197,515,31],"product_tag":[342,537,536,90,415,535],"class_list":{"0":"post-8139","1":"product","2":"type-product","3":"status-publish","4":"has-post-thumbnail","6":"product_brand-disposable-vape","7":"product_brand-vopk-vape","8":"product_cat-35k-puffs-vape","9":"product_cat-disposable-vape","10":"product_cat-vopk-vape","11":"product_tag-35k-puffs-vape","12":"product_tag-360-curved-screen","13":"product_tag-adjustable-airflow-power","14":"product_tag-disposable-vape","15":"product_tag-dual-mode","16":"product_tag-vopk-btc-35000","18":"first","19":"instock","20":"sale","21":"shipping-taxable","22":"purchasable","23":"product-type-variable"},"_links":{"self":[{"href":"https:\/\/pgvape.com\/de\/wp-json\/wp\/v2\/product\/8139","targetHints":{"allow":["GET"]}}],"collection":[{"href":"https:\/\/pgvape.com\/de\/wp-json\/wp\/v2\/product"}],"about":[{"href":"https:\/\/pgvape.com\/de\/wp-json\/wp\/v2\/types\/product"}],"replies":[{"embeddable":true,"href":"https:\/\/pgvape.com\/de\/wp-json\/wp\/v2\/comments?post=8139"}],"wp:featuredmedia":[{"embeddable":true,"href":"https:\/\/pgvape.com\/de\/wp-json\/wp\/v2\/media\/8152"}],"wp:attachment":[{"href":"https:\/\/pgvape.com\/de\/wp-json\/wp\/v2\/media?parent=8139"}],"wp:term":[{"taxonomy":"product_brand","embeddable":true,"href":"https:\/\/pgvape.com\/de\/wp-json\/wp\/v2\/product_brand?post=8139"},{"taxonomy":"product_cat","embeddable":true,"href":"https:\/\/pgvape.com\/de\/wp-json\/wp\/v2\/product_cat?post=8139"},{"taxonomy":"product_tag","embeddable":true,"href":"https:\/\/pgvape.com\/de\/wp-json\/wp\/v2\/product_tag?post=8139"}],"curies":[{"name":"wp","href":"https:\/\/api.w.org\/{rel}","templated":true}]}}