{"id":8084,"date":"2025-12-23T09:35:42","date_gmt":"2025-12-23T09:35:42","guid":{"rendered":"https:\/\/pgvape.com\/?post_type=product&#038;p=8084"},"modified":"2026-03-15T13:36:50","modified_gmt":"2026-03-15T13:36:50","slug":"airmez-fox-140000-140k-puffs-6-in-1-geschmacksrichtungen-einweg-vape-rotierendes-aroma-pod-system-0-2-3-5-nikotin-10-geschmacksrichtungen-led-anzeige-vape-fabrik-groshandel","status":"publish","type":"product","link":"https:\/\/pgvape.com\/de\/produkt\/airmez-fox-140000-140k-puffs-6-in-1-geschmacksrichtungen-einweg-vape-rotierendes-aroma-pod-system-0-2-3-5-nikotin-10-geschmacksrichtungen-led-anzeige-vape-fabrik-groshandel\/","title":{"rendered":"Airmez FOX 140000 140K Puffs 6 IN 1 Geschmacksrichtungen Einweg-Vape-Rotations-Aroma-Pod-System 0% 2% 3% 5% Nikotin 10Taste LED-Anzeige Vape Factory Gro\u00dfhandel"},"content":{"rendered":"<p><strong data-sourcepos=\"6:10-6:31\">Airmez Fox 6-in-1<\/strong> \u2013 ein wahres Kraftpaket im Einweg-Vaping, entwickelt f\u00fcr Langlebigkeit, Geschmacksvielfalt und intelligente Steuerung. <strong data-sourcepos=\"6:157-6:173\">140.000 Z\u00fcge<\/strong> Kapazit\u00e4t und ein innovatives <strong data-sourcepos=\"6:201-6:224\">rotating mouthpiece<\/strong> Mit der M\u00f6glichkeit, zwischen sechs Geschmackspads umzuschalten, bietet dieses Ger\u00e4t ein au\u00dfergew\u00f6hnliches Preis-Leistungs-Verh\u00e4ltnis und Komfort. <strong data-sourcepos=\"6:426-6:449\">15 ml E-Liquid-Tanks<\/strong> (insgesamt 45 ml) sorgen f\u00fcr eine gleichbleibende Leistung \u00fcber Wochen hinweg.<\/p>\n<p>&nbsp;<\/p>\n<h2><span style=\"font-size: 90%;\">Airmez FOX 140000 140K Puffs 6 IN 1 Geschmacksrichtungen Einweg-Vape <\/span>Spezifikationen:<\/h2>\n<p><strong data-sourcepos=\"13:6-13:33\">6 Geschmacksrichtungen in einem Ger\u00e4t<\/strong>\u00a0\u2013 Wechseln Sie mit einer Drehung des Mundst\u00fccks nahtlos zwischen mehreren Geschmackspads.<\/p>\n<p><strong data-sourcepos=\"14:7-14:30\">Vollst\u00e4ndiger Bildschirm<\/strong>\u00a0\u2013 Sehen Sie sich die Akkulaufzeit, die Anzahl der Z\u00fcge und den aktiven Geschmack auf einen Blick an.<\/p>\n<p><strong data-sourcepos=\"15:6-15:41\">650-mAh-Akku + USB-C-Aufladung<\/strong>\u00a0\u2013 Schnelles Aufladen, zuverl\u00e4ssige Stromversorgung f\u00fcr den ganzen Tag.<\/p>\n<p><strong data-sourcepos=\"16:6-16:29\">45mL Total E-Liquid<\/strong>\u00a0\u2013 Drei nachf\u00fcllbare 15-ml-Pods erm\u00f6glichen eine l\u00e4ngere Nutzung.<\/p>\n<p><strong data-sourcepos=\"17:6-17:24\">1,0 \u03a9 Mesh-Spule<\/strong>\u00a0\u2013 Sanfter, reichhaltiger Dampf und gleichm\u00e4\u00dfige Geschmacksfreisetzung.<\/p>\n<p><strong data-sourcepos=\"18:6-18:41\">10 Geschmackskollektionen verf\u00fcgbar<\/strong>\u00a0\u2013 Fachm\u00e4nnisch gemischte Fruchtmischungen f\u00fcr jeden Gaumen.<\/p>\n<p><strong data-sourcepos=\"19:6-19:23\">140.000 Z\u00fcge<\/strong>\u00a0\u2013 Au\u00dfergew\u00f6hnliche Lebensdauer f\u00fcr Langzeitdampfer.<\/p>\n<p><strong data-sourcepos=\"20:6-20:28\">Kompakt und tragbar<\/strong>\u00a0\u2013 Leichtes, ergonomisches Design, perfekt f\u00fcr den Einsatz unterwegs.<\/p>\n<p>&nbsp;<\/p>\n<h3><span style=\"font-size: 90%;\">Airmez FOX 140000 140K Puffs 6 IN 1 Geschmacksrichtungen Einweg-Vape <\/span>Geschmacksliste:<\/h3>\n<p>1. Kirsch- und Cola-Eis und Mango-Eis<\/p>\n<p>2.Drachenfruchteis &amp; Fruchtige Fusion &amp; Himbeerwassermelone<\/p>\n<p>3.Love 66 &amp; Berry Lemonade &amp; Fizzy Cherry<\/p>\n<p>4.Gemischte Beeren &amp; Blue Razz Limonade &amp; Kirschbeere<\/p>\n<p>5.Love 66 &amp; Erdbeer-Kiwi &amp; Pfirsich-Mango<\/p>\n<p>6.Pfirsicheis &amp; Mangoeis &amp; Dr. Blue<\/p>\n<p>7.Erdbeer-Banane &amp; Vimto &amp; Blaubeer-Kirsch-Cranberry<\/p>\n<p>8. Erdbeereis &amp; rosa Limonade &amp; Bingo Crush<\/p>\n<p>9.Erdbeerwassermelone &amp; Dreifachmelone &amp; Blue Razz Ice<\/p>\n<p>10.Wassermeloneneis &amp; Bingo Crush &amp; gemischte Beeren<\/p>\n<p data-sourcepos=\"52:1-52:120\"><em data-sourcepos=\"52:1-52:120\">(Jedes Set enth\u00e4lt drei Geschmackskapseln mit jeweils zwei unterschiedlichen Geschmacksrichtungen \u2013 insgesamt also sechs Geschmacksrichtungen pro Ger\u00e4t.)<img loading=\"lazy\" decoding=\"async\" class=\"alignnone wp-image-8100 size-full\" src=\"https:\/\/pgvape.com\/wp-content\/uploads\/2025\/12\/Airmez-FOX-140000-140K-Puffs-6-IN-1-Flavors-Disposable-Vape-0-2-3-5-Nicotine-10Taste-LED-Dispaly-Vape-Factory-Wholesale-14.png\" alt=\"Leuchtend gelbes Banner mit aufgereihten Airmez FOX 6-in-1-Einweg-Vape-Flaschen in Pastellfarben und Geschmacksmodusdiagrammen auf der linken Seite.\" width=\"2000\" height=\"624\" srcset=\"https:\/\/pgvape.com\/wp-content\/uploads\/2025\/12\/Airmez-FOX-140000-140K-Puffs-6-IN-1-Flavors-Disposable-Vape-0-2-3-5-Nicotine-10Taste-LED-Dispaly-Vape-Factory-Wholesale-14.png 2000w, https:\/\/pgvape.com\/wp-content\/uploads\/2025\/12\/Airmez-FOX-140000-140K-Puffs-6-IN-1-Flavors-Disposable-Vape-0-2-3-5-Nicotine-10Taste-LED-Dispaly-Vape-Factory-Wholesale-14-555x173.png 555w, https:\/\/pgvape.com\/wp-content\/uploads\/2025\/12\/Airmez-FOX-140000-140K-Puffs-6-IN-1-Flavors-Disposable-Vape-0-2-3-5-Nicotine-10Taste-LED-Dispaly-Vape-Factory-Wholesale-14-595x186.png 595w, https:\/\/pgvape.com\/wp-content\/uploads\/2025\/12\/Airmez-FOX-140000-140K-Puffs-6-IN-1-Flavors-Disposable-Vape-0-2-3-5-Nicotine-10Taste-LED-Dispaly-Vape-Factory-Wholesale-14-400x125.png 400w, https:\/\/pgvape.com\/wp-content\/uploads\/2025\/12\/Airmez-FOX-140000-140K-Puffs-6-IN-1-Flavors-Disposable-Vape-0-2-3-5-Nicotine-10Taste-LED-Dispaly-Vape-Factory-Wholesale-14-768x240.png 768w, https:\/\/pgvape.com\/wp-content\/uploads\/2025\/12\/Airmez-FOX-140000-140K-Puffs-6-IN-1-Flavors-Disposable-Vape-0-2-3-5-Nicotine-10Taste-LED-Dispaly-Vape-Factory-Wholesale-14-1536x479.png 1536w, https:\/\/pgvape.com\/wp-content\/uploads\/2025\/12\/Airmez-FOX-140000-140K-Puffs-6-IN-1-Flavors-Disposable-Vape-0-2-3-5-Nicotine-10Taste-LED-Dispaly-Vape-Factory-Wholesale-14-18x6.png 18w, https:\/\/pgvape.com\/wp-content\/uploads\/2025\/12\/Airmez-FOX-140000-140K-Puffs-6-IN-1-Flavors-Disposable-Vape-0-2-3-5-Nicotine-10Taste-LED-Dispaly-Vape-Factory-Wholesale-14-600x187.png 600w\" sizes=\"auto, (max-width: 2000px) 100vw, 2000px\" \/><\/em><\/p>\n<p>&nbsp;<\/p>\n<h3><span style=\"font-size: 90%;\">Airmez FOX 140000 140K Puffs 6 IN 1 Geschmacksrichtungen Einweg-Vape <strong>Video:<\/strong><\/span><\/h3>\n<p><iframe loading=\"lazy\" title=\"Airmez FOX 140K Puffs 6 IN 1 Geschmacksrichtungen Einweg-Vape LED-Anzeige Vape Factory Gro\u00dfhandel pgvape\" width=\"1020\" height=\"574\" src=\"https:\/\/www.youtube.com\/embed\/1pZDOi-C2qM?feature=oembed\" frameborder=\"0\" allow=\"accelerometer; autoplay; clipboard-write; encrypted-media; gyroscope; picture-in-picture; web-share\" referrerpolicy=\"strict-origin-when-cross-origin\" allowfullscreen><\/iframe><\/p>\n<p>&nbsp;<\/p>\n<h2><span style=\"font-size: 90%;\">H\u00e4ufig gestellte Fragen zu Airmez FOX 140000 140K Puffs 6 IN 1 Geschmacksrichtungen Einweg-Vaporizer<\/span><\/h2>\n<p>\u2753 <strong class=\"\">Wie viele Z\u00fcge pro Ger\u00e4t?<\/strong><br \/>\n\u2705 Werkszertifiziert <strong>140.000 Z\u00fcge<\/strong>\u2013 monatelanges t\u00e4gliches Dampfen.<\/p>\n<p>\u2753 <strong class=\"\">Wie \u00e4ndere ich den Geschmack?<\/strong><br \/>\n\u2705 <strong class=\"\">Mundst\u00fcck drehen<\/strong>\u2014instantly switch between <strong>sechs vorgef\u00fcllte Mischungen<\/strong>.<\/p>\n<p>\u2753 <strong>Ist es wiederaufladbar?<\/strong><br \/>\n\u2705 <strong class=\"\">650 mAh<\/strong> Batterie + <strong>Typ-C<\/strong> port; volle Ladung in ca. 30 Min.<\/p>\n<p>\u2753 <strong class=\"\">Welche Nikotinst\u00e4rken werden angeboten?<\/strong><br \/>\n\u2705 <strong>2 %, 3 %, 5 %<\/strong> Nic-Salt \u2013 an der Kasse ausw\u00e4hlen.<\/p>\n<p>\u2753 <strong>How do I monitor battery or juice?<\/strong><br \/>\n\u2705 <strong>Gro\u00dfes LED-Display<\/strong> zeigt <strong>Batterie<\/strong>, <strong class=\"\">Puffanzahl<\/strong> Und <strong>aktiver Geschmack<\/strong>.<\/p>\n<p>\u2753 <strong class=\"\">Ist das Ger\u00e4t undicht?<\/strong><br \/>\n\u2705 <strong class=\"\">Unabh\u00e4ngige versiegelte Tanks<\/strong>\u2013 kein Auslaufen von Geschmacksrichtungen.<\/p>\n<p>&nbsp;<\/p>\n<h3 id=\"brxe-najhln\" class=\"brxe-heading\">H\u00e4ufig gestellte Fragen (FAQ)<\/h3>\n<div id=\"brxe-rajiac\" class=\"brxe-text\">\n<p><strong>F: Welche Zahlungsmethoden akzeptieren Sie?<\/strong><br \/>\nA: Wir akzeptieren PayPal, Stripe, Bank\u00fcberweisungen (SEPA unterst\u00fctzt), g\u00e4ngige Kreditkarten (Visa, MasterCard, American Express) und Zahlungen in Kryptow\u00e4hrung.<\/p>\n<p><strong>F: Wie lange dauert die Auftragsvorbereitung?<\/strong><br \/>\nA: Die Auftragsvorbereitung dauert 1-3 Werktage.<\/p>\n<p><strong>F: Wie lange dauert die Lieferung?<\/strong><br \/>\nA: Die Lieferzeit betr\u00e4gt je nach Standort 7\u201314 Werktage. Die Lieferung von Waren aus europ\u00e4ischen Lagern dauert in der Regel 3\u20136 Werktage.<\/p>\n<p><strong>F: Wie kann ich meine Bestellung verfolgen?<\/strong><br \/>\nA: Nach dem Versand erhalten Sie eine Best\u00e4tigungs-E-Mail mit einer Sendungsverfolgungsnummer zur Echtzeitverfolgung.<\/p>\n<p><strong>F: Wie lauten Ihre R\u00fcckgabebedingungen?<\/strong><br \/>\nA: Wir bieten ein 30-t\u00e4giges R\u00fcckgaberecht f\u00fcr R\u00fcckerstattungen oder Umtausch. .<\/p>\n<p><strong>F: Wird es Zollprobleme geben?<br \/>\n<\/strong>Wir k\u00fcmmern uns um alle Zollabfertigungsverfahren, um Ihnen ein reibungsloses Erlebnis zu gew\u00e4hrleisten. .<\/p>\n<p><strong>F: Welche Versandarten werden verwendet?<\/strong><br \/>\nWir arbeiten mit UPS\/DHL\/FEDEX\/DPD etc. zusammen. Je nach Lieferland w\u00e4hlen wir die passende Versandoption aus, um sicherzustellen, dass Sie Ihre Produkte schnellstm\u00f6glich erhalten.<\/p>\n<p><a href=\"https:\/\/pgvape.com\/de\/faqs\/\">Klicken Sie hier f\u00fcr weitere FAQ<\/a><\/p>\n<p>Liebe Kunden, wenn Sie Fragen zu Ihrer Bestellung oder zum Wareneingang haben, wenden Sie sich bitte an unseren Kundenservice. Vielen Dank!<\/p>\n<h3 data-sourcepos=\"73:1-73:21\"><strong data-sourcepos=\"73:7-73:21\">Kontaktieren Sie uns<\/strong><\/h3>\n<div id=\"text-2419739398\" class=\"text\">\n<p><strong data-sourcepos=\"75:3-75:12\">E-Mail<\/strong>:\u00a0<a href=\"mailto:support@pgvape.com\"><strong>support@pgvape.com<\/strong><\/a><\/p>\n<p><strong data-sourcepos=\"76:3-76:15\">WhatsApp<\/strong>:\u00a0<a href=\"https:\/\/wa.me\/+8618128481258\"><strong>+86 18128481258<\/strong><\/a><br \/>\n<strong>(Antwort innerhalb von 24 Stunden an Werktagen)<\/strong><\/p>\n<\/div>\n<h3><strong>Vielen Dank, dass Sie sich f\u00fcr pgvape.com entschieden haben! .<\/strong><\/h3>\n<\/div>","protected":false},"excerpt":{"rendered":"<p><strong>Airmez Fox<\/strong>\u2014<strong>140.000 Z\u00fcge<\/strong>, <strong>45 ml<\/strong>, <strong>6-in-1-Drehung<\/strong>, <strong>Mesh-Spule<\/strong>, <strong>Typ-C<\/strong>, <strong>LED-Anzeige<\/strong>.<strong>Einmal drehen, sechsmal verdampfen, monatelang haltbar.<\/strong><\/p>","protected":false},"featured_media":8087,"comment_status":"open","ping_status":"closed","template":"","meta":{"_seopress_robots_primary_cat":"","_seopress_titles_title":"","_seopress_titles_desc":"","_seopress_robots_index":""},"product_brand":[154,516],"product_cat":[529,155,515],"product_tag":[531,253,530,90,532],"class_list":{"0":"post-8084","1":"product","2":"type-product","3":"status-publish","4":"has-post-thumbnail","6":"product_brand-airmez-fox-vape","7":"product_brand-disposable-vape","8":"product_cat-140k-puffs-vape","9":"product_cat-airmez-fox-vape","10":"product_cat-disposable-vape","11":"product_tag-140k-puffs-vape","12":"product_tag-6-in-1-flavors","13":"product_tag-airmez-fox-140000","14":"product_tag-disposable-vape","15":"product_tag-rotating-flavor-pod-system","17":"first","18":"instock","19":"sale","20":"shipping-taxable","21":"purchasable","22":"product-type-variable"},"_links":{"self":[{"href":"https:\/\/pgvape.com\/de\/wp-json\/wp\/v2\/product\/8084","targetHints":{"allow":["GET"]}}],"collection":[{"href":"https:\/\/pgvape.com\/de\/wp-json\/wp\/v2\/product"}],"about":[{"href":"https:\/\/pgvape.com\/de\/wp-json\/wp\/v2\/types\/product"}],"replies":[{"embeddable":true,"href":"https:\/\/pgvape.com\/de\/wp-json\/wp\/v2\/comments?post=8084"}],"wp:featuredmedia":[{"embeddable":true,"href":"https:\/\/pgvape.com\/de\/wp-json\/wp\/v2\/media\/8087"}],"wp:attachment":[{"href":"https:\/\/pgvape.com\/de\/wp-json\/wp\/v2\/media?parent=8084"}],"wp:term":[{"taxonomy":"product_brand","embeddable":true,"href":"https:\/\/pgvape.com\/de\/wp-json\/wp\/v2\/product_brand?post=8084"},{"taxonomy":"product_cat","embeddable":true,"href":"https:\/\/pgvape.com\/de\/wp-json\/wp\/v2\/product_cat?post=8084"},{"taxonomy":"product_tag","embeddable":true,"href":"https:\/\/pgvape.com\/de\/wp-json\/wp\/v2\/product_tag?post=8084"}],"curies":[{"name":"wp","href":"https:\/\/api.w.org\/{rel}","templated":true}]}}