{"id":7965,"date":"2025-12-19T10:44:48","date_gmt":"2025-12-19T10:44:48","guid":{"rendered":"https:\/\/pgvape.com\/?post_type=product&#038;p=7965"},"modified":"2026-03-15T13:36:50","modified_gmt":"2026-03-15T13:36:50","slug":"bang-legend-geek-60000-60k-puffs-einweg-vape-einstellbarer-luftstrom-turbomodus-05-nikotin-12-geschmacksrichtungen-smart-screen-vape-fabrik-groshandel","status":"publish","type":"product","link":"https:\/\/pgvape.com\/de\/produkt\/bang-legend-geek-60000-60k-puffs-einweg-vape-einstellbarer-luftstrom-turbomodus-05-nikotin-12-geschmacksrichtungen-smart-screen-vape-fabrik-groshandel\/","title":{"rendered":"Bang Legend Geek 60000 60K Puffs Einweg-Vape, einstellbarer Luftstrom und Turbomodus, 0%\u20135%, Nikotin, 12 Geschmacksrichtungen, Smart Screen Vape Factory, Gro\u00dfhandel"},"content":{"rendered":"<p>Bang Legend Geek 60000 60K Puffs Einwegartikel\u00a0<strong>Vape<\/strong>\u00a0wurde f\u00fcr Dampfer entwickelt, die maximale Leistung und individuelle Anpassung anstreben.\u00a0<strong>Mesh-Spule<\/strong>\u00a0garantiert gleichm\u00e4\u00dfigen Dampf und reichhaltigen, gleichm\u00e4\u00dfigen Geschmack.\u00a0<strong>E-Liquid<\/strong>\u00a0Fenster und 12 ausgew\u00e4hlten Geschmacksrichtungen vereint dieses Ger\u00e4t t\u00e4glichen Genuss mit langfristigem Nutzen, alles untergebracht in einem kompakten, ergonomischen Geh\u00e4use, ideal f\u00fcr den Einsatz unterwegs.<\/p>\n<p>&nbsp;<\/p>\n<h2><span style=\"font-size: 90%;\">Bang Legend Geek 60000 60K Puffs Einweg-Vape-Spezifikationen<\/span><\/h2>\n<p><strong>Puffs<\/strong>: Bis zu <strong class=\"\">60,000<\/strong><\/p>\n<p><strong>E-Liquid<\/strong>: <strong>19 ml<\/strong> vorgef\u00fcllt<\/p>\n<p><strong>Nikotin<\/strong>: <strong class=\"\">2 %, 3 %, 5 %<\/strong> Salzoptionen<\/p>\n<p><strong>Batterie<\/strong>: <strong>850 mAh<\/strong>, <strong>Typ-C<\/strong> Schnellladung<\/p>\n<p><strong>Spule<\/strong>: <strong class=\"\">1,0 \u03a9-Netz<\/strong><\/p>\n<p><strong>Luftstrom<\/strong>: <strong class=\"\">Einstellbar<\/strong> (eng \u2192 luftig)<\/p>\n<p><strong>Modus<\/strong>: <strong class=\"\">Turbo<\/strong> Leistungssteigerung<\/p>\n<p><strong>Fenster<\/strong>: <strong>Klar<\/strong> Saftbetrachter<\/p>\n<p>&nbsp;<\/p>\n<h3><span style=\"font-size: 90%;\">Bang Legend Geek 60000 60K Puffs Einweg-Vape-Geschmacksliste<\/span><\/h3>\n<p>1.Erdbeer-Wassermelone<\/p>\n<p>2. Blaubeereis<\/p>\n<p>3. Blaubeer-Himbeere<\/p>\n<p>4.Erdbeer-Kiwi-Fr\u00fcchte<\/p>\n<p>5. Erdbeerbanane<\/p>\n<p>6. Traubeneis<\/p>\n<p>7.Erdbeer-Mango<\/p>\n<p>8.Kiwi-Passionsfrucht-Guave<\/p>\n<p>9.Mamba<\/p>\n<p>10.Liebe 66<\/p>\n<p>11. Gemischte Beeren<\/p>\n<p>12.Pfirsicheis<img loading=\"lazy\" decoding=\"async\" class=\"alignnone wp-image-7982 size-full\" src=\"https:\/\/pgvape.com\/wp-content\/uploads\/2025\/12\/Bang-Legend-Geek-60000-60K-Puffs-Disposable-Vape-Adjustable-Airflow-Turbo-Mode-0\u20135-Nicotine-12Tastes-Smart-Screen-Vape-Factory-Wholesale-2.png\" alt=\"Reihen von Bang Legend-Einweg-Vape-Ger\u00e4ten in leuchtenden Farben mit Geschmacksetiketten vor einem neonvioletten Hintergrund.\" width=\"1800\" height=\"900\" srcset=\"https:\/\/pgvape.com\/wp-content\/uploads\/2025\/12\/Bang-Legend-Geek-60000-60K-Puffs-Disposable-Vape-Adjustable-Airflow-Turbo-Mode-0\u20135-Nicotine-12Tastes-Smart-Screen-Vape-Factory-Wholesale-2.png 1800w, https:\/\/pgvape.com\/wp-content\/uploads\/2025\/12\/Bang-Legend-Geek-60000-60K-Puffs-Disposable-Vape-Adjustable-Airflow-Turbo-Mode-0\u20135-Nicotine-12Tastes-Smart-Screen-Vape-Factory-Wholesale-2-555x278.png 555w, https:\/\/pgvape.com\/wp-content\/uploads\/2025\/12\/Bang-Legend-Geek-60000-60K-Puffs-Disposable-Vape-Adjustable-Airflow-Turbo-Mode-0\u20135-Nicotine-12Tastes-Smart-Screen-Vape-Factory-Wholesale-2-595x298.png 595w, https:\/\/pgvape.com\/wp-content\/uploads\/2025\/12\/Bang-Legend-Geek-60000-60K-Puffs-Disposable-Vape-Adjustable-Airflow-Turbo-Mode-0\u20135-Nicotine-12Tastes-Smart-Screen-Vape-Factory-Wholesale-2-400x200.png 400w, https:\/\/pgvape.com\/wp-content\/uploads\/2025\/12\/Bang-Legend-Geek-60000-60K-Puffs-Disposable-Vape-Adjustable-Airflow-Turbo-Mode-0\u20135-Nicotine-12Tastes-Smart-Screen-Vape-Factory-Wholesale-2-768x384.png 768w, https:\/\/pgvape.com\/wp-content\/uploads\/2025\/12\/Bang-Legend-Geek-60000-60K-Puffs-Disposable-Vape-Adjustable-Airflow-Turbo-Mode-0\u20135-Nicotine-12Tastes-Smart-Screen-Vape-Factory-Wholesale-2-1536x768.png 1536w, https:\/\/pgvape.com\/wp-content\/uploads\/2025\/12\/Bang-Legend-Geek-60000-60K-Puffs-Disposable-Vape-Adjustable-Airflow-Turbo-Mode-0\u20135-Nicotine-12Tastes-Smart-Screen-Vape-Factory-Wholesale-2-18x9.png 18w, https:\/\/pgvape.com\/wp-content\/uploads\/2025\/12\/Bang-Legend-Geek-60000-60K-Puffs-Disposable-Vape-Adjustable-Airflow-Turbo-Mode-0\u20135-Nicotine-12Tastes-Smart-Screen-Vape-Factory-Wholesale-2-600x300.png 600w\" sizes=\"auto, (max-width: 1800px) 100vw, 1800px\" \/><\/p>\n<p>&nbsp;<\/p>\n<h3><span style=\"font-size: 90%;\">Bang Legend Geek 60000 60K Puffs Einweg-Vaporizer <strong>Video:<\/strong><\/span><\/h3>\n<p><iframe loading=\"lazy\" title=\"Bang Legend Geek 60K Puffs Einweg-Vape, einstellbarer Luftstrom und Turbomodus, Fabrikgro\u00dfhandel pgvape\" width=\"1020\" height=\"574\" src=\"https:\/\/www.youtube.com\/embed\/cip3IqgQwM4?feature=oembed\" frameborder=\"0\" allow=\"accelerometer; autoplay; clipboard-write; encrypted-media; gyroscope; picture-in-picture; web-share\" referrerpolicy=\"strict-origin-when-cross-origin\" allowfullscreen><\/iframe><\/p>\n<p>&nbsp;<\/p>\n<h2 class=\"header-vfC6AV auto-hide-last-sibling-br\"><span style=\"font-size: 90%;\">H\u00e4ufig gestellte Fragen zu Bang Legend Geek 60000 60K Puffs Einweg-Vaporizer<\/span><\/h2>\n<p>\u2753Warum sollten Sie sich f\u00fcr die Bang Legend Geek 60000 60K Puffs Einwegartikel entscheiden?\u00a0<strong>Vape<\/strong>?<br \/>\n\u2705 Es liefert bis zu 60.000 Z\u00fcge und bietet eine extrem lange Lebensdauer, die den Austausch reduziert und den Wert maximiert.<\/p>\n<p>\u2753Was zeichnet seine Leistung aus?<br \/>\n\u2705 Die 1,0\u03a9 <strong style=\"font-size: 14.4px;\">Mesh-Spule<\/strong><span style=\"font-size: 14.4px;\">\u00a0sorgt f\u00fcr schnelles Erhitzen, sanfte Z\u00fcge und einen reichhaltigen, gleichm\u00e4\u00dfigen Geschmack bei jedem Zug.<\/span><\/p>\n<p>\u2753K\u00f6nnen Benutzer ihre anpassen?\u00a0<strong>Dampfen<\/strong> Erfahrung?<br \/>\n\u2705 Ja, der einstellbare Luftstrom und der Turbo-Modus erm\u00f6glichen es Benutzern, zwischen sanften Z\u00fcgen und kraftvollen Schl\u00e4gen zu wechseln.<\/p>\n<p>\u2753Ist es zuverl\u00e4ssig f\u00fcr den langfristigen t\u00e4glichen Gebrauch?<br \/>\n\u2705 Absolut. <strong style=\"font-size: 14.4px;\">Dampfen<\/strong><span style=\"font-size: 14.4px;\">\u00a0mit minimaler Ausfallzeit.<\/span><\/p>\n<p>\u2753Warum ist es bequem zu verwenden?<br \/>\n\u2705 Das klare <strong style=\"font-size: 14.4px;\">E-Liquid<\/strong><span style=\"font-size: 14.4px;\">\u00a0Fenster und 12 Geschmacksoptionen machen den Bang Legend Geek 60000 sowohl benutzerfreundlich als auch \u00e4u\u00dferst vielseitig.<\/span><\/p>\n<p>&nbsp;<\/p>\n<h3 id=\"brxe-najhln\" class=\"brxe-heading\">H\u00e4ufig gestellte Fragen (FAQ)<\/h3>\n<div id=\"brxe-rajiac\" class=\"brxe-text\">\n<p><strong>F: Welche Zahlungsmethoden akzeptieren Sie?<\/strong><br \/>\nA: Wir akzeptieren PayPal, Stripe, Bank\u00fcberweisungen (SEPA unterst\u00fctzt), g\u00e4ngige Kreditkarten (Visa, MasterCard, American Express) und Zahlungen in Kryptow\u00e4hrung.<\/p>\n<p><strong>F: Wie lange dauert die Auftragsvorbereitung?<\/strong><br \/>\nA: Die Auftragsvorbereitung dauert 1-3 Werktage.<\/p>\n<p><strong>F: Wie lange dauert die Lieferung?<\/strong><br \/>\nA: Die Lieferzeit betr\u00e4gt je nach Standort 7\u201314 Werktage.<\/p>\n<p><strong>F: Wie kann ich meine Bestellung verfolgen?<\/strong><br \/>\nA: Nach dem Versand erhalten Sie eine Best\u00e4tigungs-E-Mail mit einer Sendungsverfolgungsnummer zur Echtzeitverfolgung.<\/p>\n<p><strong>F: Wie lauten Ihre R\u00fcckgabebedingungen?<\/strong><br \/>\nA: Wir bieten ein 30-t\u00e4giges R\u00fcckgaberecht f\u00fcr R\u00fcckerstattungen oder Umtausch. .<\/p>\n<p><strong>F: Wird es Zollprobleme geben?<br \/>\n<\/strong>Wir k\u00fcmmern uns um alle Zollabfertigungsverfahren, um Ihnen ein reibungsloses Erlebnis zu gew\u00e4hrleisten. .<\/p>\n<p><strong>F: Welche Versandarten werden verwendet?<\/strong><br \/>\nWir arbeiten mit UPS\/DHL\/FEDEX\/DPD etc. zusammen. Je nach Lieferland w\u00e4hlen wir die passende Versandoption aus, um sicherzustellen, dass Sie Ihre Produkte schnellstm\u00f6glich erhalten.<\/p>\n<p><a href=\"https:\/\/pgvape.com\/de\/faqs\/\">Klicken Sie hier f\u00fcr weitere FAQ<\/a><\/p>\n<p>Liebe Kunden, wenn Sie Fragen zu Ihrer Bestellung oder zum Wareneingang haben, wenden Sie sich bitte an unseren Kundenservice. Vielen Dank!<\/p>\n<h3 data-sourcepos=\"73:1-73:21\"><strong data-sourcepos=\"73:7-73:21\">Kontaktieren Sie uns<\/strong><\/h3>\n<div id=\"text-2419739398\" class=\"text\">\n<p><strong data-sourcepos=\"75:3-75:12\">E-Mail<\/strong>:\u00a0<a href=\"mailto:support@pgvape.com\"><strong>support@pgvape.com<\/strong><\/a><\/p>\n<p><strong data-sourcepos=\"76:3-76:15\">WhatsApp<\/strong>:\u00a0<a href=\"https:\/\/wa.me\/+8618128481258\"><strong>+86 18128481258<\/strong><\/a><br \/>\n<strong>(Antwort innerhalb von 24 Stunden an Werktagen)<\/strong><\/p>\n<\/div>\n<h3><strong>Vielen Dank, dass Sie sich f\u00fcr pgvape.com entschieden haben! .<\/strong><\/h3>\n<\/div>","protected":false},"excerpt":{"rendered":"<p><strong>Bang Legend Geek 60K<\/strong>\u2014<strong>60.000 Z\u00fcge<\/strong>, <strong>19 ml<\/strong>, <strong>Turbo + Luftstromkontrolle<\/strong>, <strong>Mesh-Spule<\/strong>, <strong>Typ-C<\/strong>, <strong>Intelligentes Fenster<\/strong>.<strong class=\"\">Kraft, die Sie sehen, Geschmack, die Sie sp\u00fcren.<\/strong><\/p>","protected":false},"featured_media":7983,"comment_status":"open","ping_status":"closed","template":"","meta":{"_seopress_robots_primary_cat":"","_seopress_titles_title":"","_seopress_titles_desc":"","_seopress_robots_index":""},"product_brand":[72,516],"product_cat":[48,71,515],"product_tag":[315,135,522,90,523],"class_list":{"0":"post-7965","1":"product","2":"type-product","3":"status-publish","4":"has-post-thumbnail","6":"product_brand-bang-legend-vape","7":"product_brand-disposable-vape","8":"product_cat-60k-puffs-vape","9":"product_cat-bang-legend-vape","10":"product_cat-disposable-vape","11":"product_tag-60k-puffs-vape","12":"product_tag-adjustable-airflow","13":"product_tag-bang-legend-geek-60000","14":"product_tag-disposable-vape","15":"product_tag-turbo-mode","17":"first","18":"instock","19":"sale","20":"shipping-taxable","21":"purchasable","22":"product-type-variable"},"_links":{"self":[{"href":"https:\/\/pgvape.com\/de\/wp-json\/wp\/v2\/product\/7965","targetHints":{"allow":["GET"]}}],"collection":[{"href":"https:\/\/pgvape.com\/de\/wp-json\/wp\/v2\/product"}],"about":[{"href":"https:\/\/pgvape.com\/de\/wp-json\/wp\/v2\/types\/product"}],"replies":[{"embeddable":true,"href":"https:\/\/pgvape.com\/de\/wp-json\/wp\/v2\/comments?post=7965"}],"wp:featuredmedia":[{"embeddable":true,"href":"https:\/\/pgvape.com\/de\/wp-json\/wp\/v2\/media\/7983"}],"wp:attachment":[{"href":"https:\/\/pgvape.com\/de\/wp-json\/wp\/v2\/media?parent=7965"}],"wp:term":[{"taxonomy":"product_brand","embeddable":true,"href":"https:\/\/pgvape.com\/de\/wp-json\/wp\/v2\/product_brand?post=7965"},{"taxonomy":"product_cat","embeddable":true,"href":"https:\/\/pgvape.com\/de\/wp-json\/wp\/v2\/product_cat?post=7965"},{"taxonomy":"product_tag","embeddable":true,"href":"https:\/\/pgvape.com\/de\/wp-json\/wp\/v2\/product_tag?post=7965"}],"curies":[{"name":"wp","href":"https:\/\/api.w.org\/{rel}","templated":true}]}}