{"id":7934,"date":"2025-12-17T13:57:20","date_gmt":"2025-12-17T13:57:20","guid":{"rendered":"https:\/\/pgvape.com\/?post_type=product&#038;p=7934"},"modified":"2026-03-15T13:36:50","modified_gmt":"2026-03-15T13:36:50","slug":"bang-king-city-50000-50-000-zuge-einweg-vape-city-wahrzeichen-designs-0-2-3-5-nikotin-12-geschmacksrichtungen-smart-oled-bildschirm-vape-direkt-ab-werk","status":"publish","type":"product","link":"https:\/\/pgvape.com\/de\/produkt\/bang-king-city-50000-50-000-zuge-einweg-vape-city-wahrzeichen-designs-0-2-3-5-nikotin-12-geschmacksrichtungen-smart-oled-bildschirm-vape-direkt-ab-werk\/","title":{"rendered":"Bang King City 50000 50K Puffs Einweg-Vape City Landmark Designs 0% 2% 3% 5% Nikotin 12Tastes Smart OLED-Bildschirm Vape Factory Direct"},"content":{"rendered":"<p>Bang King City 50K sieht wirklich cool aus \u2013 dieser Einwegartikel\u00a0<strong>Vape<\/strong>\u00a0Verf\u00fcgt \u00fcber ber\u00fchmte Wahrzeichen der Stadt (wie den Schiefen Turm von Pisa oder die Freiheitsstatue) f\u00fcr ein stilvolles, auff\u00e4lliges Design.\u00a0<strong>E-Liquid<\/strong>\u00a0Kapazit\u00e4t und ein wiederaufladbarer 650-mAh-Akku mit Typ-C-Aufladung f\u00fcr eine bequeme Energier\u00fcckgewinnung.\u00a0<strong>E-Liquid<\/strong>\u00a0Levels in Echtzeit, um eine nahtlose Darstellung zu gew\u00e4hrleisten\u00a0<strong>Dampfen<\/strong>\u00a0Erfahrung.\u00a0<strong>Dampfen<\/strong>.<\/p>\n<p>&nbsp;<\/p>\n<h2><span style=\"font-size: 90%;\">Bang King City 50000 50K Puffs Einweg-Vape-Spezifikationen<\/span><\/h2>\n<p><strong data-sourcepos=\"11:6-11:29\">Ikonische Stadtdesigns<\/strong>\u00a0\u2013 Visuell unverwechselbares Kunstwerk im Sammlerstil.<\/p>\n<p><strong data-sourcepos=\"12:6-12:27\">Intelligenter OLED-Bildschirm<\/strong>\u00a0\u2013 Zeigt die Akkulaufzeit und den E-Liquid-F\u00fcllstand in Echtzeit an.<\/p>\n<p><strong data-sourcepos=\"13:6-13:32\">Riesiger 650-mAh-Akku<\/strong>\u00a0\u2013 Wiederaufladbar \u00fcber USB Typ-C f\u00fcr bequemes Aufladen.<\/p>\n<p><strong data-sourcepos=\"14:6-14:33\">45 ml vorgef\u00fclltes E-Liquid<\/strong>\u00a0\u2013 L\u00e4ngere Nutzung f\u00fcr langanhaltende Freude.<\/p>\n<p><strong data-sourcepos=\"15:6-15:28\">Fortschrittliche Mesh-Spule<\/strong>\u00a0\u2013 Sanfter, aromatischer Dampf mit gleichm\u00e4\u00dfiger Leistung.<\/p>\n<p><strong data-sourcepos=\"16:6-16:26\">Nikotinoptionen<\/strong>\u00a0\u2013 Erh\u00e4ltlich in 0%, 2%, 3% und 5%.<\/p>\n<p><strong>Designmerkmal<\/strong>: Stilvolle Wahrzeichen-Designs der Stadt<\/p>\n<p>&nbsp;<\/p>\n<h3><span style=\"font-size: 90%;\">Bang King City 50000 50K Puffs Einweg-Vape-Geschmacksliste<\/span><\/h3>\n<p>1.Herr Blau<\/p>\n<p>2.Blaues Razz-Eis<\/p>\n<p>3.Erdbeer-Wassermelone<\/p>\n<p>4. Wassermeloneneis<\/p>\n<p>5. Erdbeerbanane<\/p>\n<p>6. Tropische Fr\u00fcchte<\/p>\n<p>7. Dreifaches Beereneis<\/p>\n<p>8. Saftiges Pfirsicheis<\/p>\n<p>9. Erdbeer-Kiwi<\/p>\n<p>10.Pfirsich-Mango-Wassermelone<\/p>\n<p>11.Kiwi-Passionsfrucht-Guave<\/p>\n<p>12.Traubeneis<img loading=\"lazy\" decoding=\"async\" class=\"alignnone wp-image-7941 size-full\" src=\"https:\/\/pgvape.com\/wp-content\/uploads\/2025\/12\/Bang-King-City-50000-50K-Puffs-Disposable-Vape-City-Landmark-Designs-0-2-3-5-Nicotine-12Tastes-Vape-Factory-Direct-pgvape-5.png\" alt=\"\" width=\"1500\" height=\"1492\" srcset=\"https:\/\/pgvape.com\/wp-content\/uploads\/2025\/12\/Bang-King-City-50000-50K-Puffs-Disposable-Vape-City-Landmark-Designs-0-2-3-5-Nicotine-12Tastes-Vape-Factory-Direct-pgvape-5.png 1500w, https:\/\/pgvape.com\/wp-content\/uploads\/2025\/12\/Bang-King-City-50000-50K-Puffs-Disposable-Vape-City-Landmark-Designs-0-2-3-5-Nicotine-12Tastes-Vape-Factory-Direct-pgvape-5-362x360.png 362w, https:\/\/pgvape.com\/wp-content\/uploads\/2025\/12\/Bang-King-City-50000-50K-Puffs-Disposable-Vape-City-Landmark-Designs-0-2-3-5-Nicotine-12Tastes-Vape-Factory-Direct-pgvape-5-595x592.png 595w, https:\/\/pgvape.com\/wp-content\/uploads\/2025\/12\/Bang-King-City-50000-50K-Puffs-Disposable-Vape-City-Landmark-Designs-0-2-3-5-Nicotine-12Tastes-Vape-Factory-Direct-pgvape-5-400x398.png 400w, https:\/\/pgvape.com\/wp-content\/uploads\/2025\/12\/Bang-King-City-50000-50K-Puffs-Disposable-Vape-City-Landmark-Designs-0-2-3-5-Nicotine-12Tastes-Vape-Factory-Direct-pgvape-5-768x764.png 768w, https:\/\/pgvape.com\/wp-content\/uploads\/2025\/12\/Bang-King-City-50000-50K-Puffs-Disposable-Vape-City-Landmark-Designs-0-2-3-5-Nicotine-12Tastes-Vape-Factory-Direct-pgvape-5-12x12.png 12w, https:\/\/pgvape.com\/wp-content\/uploads\/2025\/12\/Bang-King-City-50000-50K-Puffs-Disposable-Vape-City-Landmark-Designs-0-2-3-5-Nicotine-12Tastes-Vape-Factory-Direct-pgvape-5-600x597.png 600w, https:\/\/pgvape.com\/wp-content\/uploads\/2025\/12\/Bang-King-City-50000-50K-Puffs-Disposable-Vape-City-Landmark-Designs-0-2-3-5-Nicotine-12Tastes-Vape-Factory-Direct-pgvape-5-100x100.png 100w\" sizes=\"auto, (max-width: 1500px) 100vw, 1500px\" \/><\/p>\n<p>&nbsp;<\/p>\n<h3><span style=\"font-size: 90%;\">Bang King City 50000 50K Puffs Einweg-Vaporizer <strong>Video:<\/strong><\/span><\/h3>\n<p>&nbsp;<\/p>\n<h2 class=\"header-vfC6AV auto-hide-last-sibling-br\"><span style=\"font-size: 90%;\">H\u00e4ufig gestellte Fragen zu Bang King City 50000 50K Puffs Einweg-Vaporizer<\/span><\/h2>\n<p>\u2753Wie viele Z\u00fcge schafft der Bang King City 50K\u00a0<strong>Vape<\/strong> Liefern?<br \/>\n\u2705Es bietet bis zu 50.000 Z\u00fcge und sorgt f\u00fcr eine lange Haltbarkeit <strong style=\"font-size: 14.4px;\">Dampfen<\/strong><span style=\"font-size: 14.4px;\">\u00a0Ohne h\u00e4ufiges Ersetzen.<\/span><\/p>\n<p>\u2753Was ist das?\u00a0<strong>E-Liquid<\/strong> Kapazit\u00e4t und Batteriespezifikation?<br \/>\n\u2705Es hat eine Gr\u00f6\u00dfe von 45 ml <strong style=\"font-size: 14.4px;\">E-Liquid<\/strong><span style=\"font-size: 14.4px;\">\u00a0Kapazit\u00e4t und ein wiederaufladbarer 650-mAh-Akku mit Typ-C-Aufladung f\u00fcr Komfort.<\/span><\/p>\n<p>\u2753Welche Nikotinst\u00e4rken gibt es hierf\u00fcr?\u00a0<strong>Vape<\/strong>?<br \/>\n\u2705W\u00e4hlen Sie aus 0% \/ 2% \/ 3% \/ 5% Nikotin, je nach Geschmack <strong style=\"font-size: 14.4px;\">Dampfen<\/strong><span style=\"font-size: 14.4px;\">\u00a0Pr\u00e4ferenzen.<\/span><\/p>\n<p>\u2753Was macht das\u00a0<strong>Vape<\/strong>\u2019Ist das Design herausragend?<br \/>\n\u2705Es verf\u00fcgt \u00fcber stilvolle Wahrzeichen-Designs der Stadt (wie den Schiefen Turm von Pisa oder die Freiheitsstatue), die es zu einem Blickfang und einzigartig machen.<\/p>\n<p>\u2753Wie kann ich die Batterie \u00fcberwachen?\u00a0<strong>E-Liquid<\/strong> Ebenen?<br \/>\n\u2705Der integrierte Bildschirm zeigt deutlich die Akkulaufzeit in Echtzeit an <strong style=\"font-size: 14.4px;\">E-Liquid<\/strong><span style=\"font-size: 14.4px;\">\u00a0Ebenen f\u00fcr den informierten Gebrauch.<\/span><\/p>\n<p>\u2753Ist das\u00a0<strong>Vape<\/strong> Einfach aufzuladen?<br \/>\n\u2705Ja, es nutzt Typ-C-Aufladung \u2013 eine g\u00e4ngige und praktische Lademethode f\u00fcr eine schnelle Stromwiederherstellung.<\/p>\n<p>\u2753Wie viele Geschmacksrichtungen stehen zur Auswahl?<br \/>\n\u2705Es stehen 12 verschiedene Geschmacksrichtungen zur Auswahl, die fruchtige, eisige und gemischte Geschmacksprofile abdecken.<\/p>\n<p>&nbsp;<\/p>\n<h3 id=\"brxe-najhln\" class=\"brxe-heading\">H\u00e4ufig gestellte Fragen (FAQ)<\/h3>\n<div id=\"brxe-rajiac\" class=\"brxe-text\">\n<p><strong>F: Welche Zahlungsmethoden akzeptieren Sie?<\/strong><br \/>\nA: Wir akzeptieren PayPal, Stripe, Bank\u00fcberweisungen (SEPA unterst\u00fctzt), g\u00e4ngige Kreditkarten (Visa, MasterCard, American Express) und Zahlungen in Kryptow\u00e4hrung.<\/p>\n<p><strong>F: Wie lange dauert die Auftragsvorbereitung?<\/strong><br \/>\nA: Die Auftragsvorbereitung dauert 1-3 Werktage.<\/p>\n<p><strong>F: Wie lange dauert die Lieferung?<\/strong><br \/>\nA: Die Lieferzeit betr\u00e4gt je nach Standort 7\u201314 Werktage.<\/p>\n<p><strong>F: Wie kann ich meine Bestellung verfolgen?<\/strong><br \/>\nA: Nach dem Versand erhalten Sie eine Best\u00e4tigungs-E-Mail mit einer Sendungsverfolgungsnummer zur Echtzeitverfolgung.<\/p>\n<p><strong>F: Wie lauten Ihre R\u00fcckgabebedingungen?<\/strong><br \/>\nA: Wir bieten ein 30-t\u00e4giges R\u00fcckgaberecht f\u00fcr R\u00fcckerstattungen oder Umtausch. .<\/p>\n<p><strong>F: Wird es Zollprobleme geben?<br \/>\n<\/strong>Wir k\u00fcmmern uns um alle Zollabfertigungsverfahren, um Ihnen ein reibungsloses Erlebnis zu gew\u00e4hrleisten. .<\/p>\n<p><strong>F: Welche Versandarten werden verwendet?<\/strong><br \/>\nWir arbeiten mit UPS\/DHL\/FEDEX\/DPD etc. zusammen. Je nach Lieferland w\u00e4hlen wir die passende Versandoption aus, um sicherzustellen, dass Sie Ihre Produkte schnellstm\u00f6glich erhalten.<\/p>\n<p><a href=\"https:\/\/pgvape.com\/de\/faqs\/\">Klicken Sie hier f\u00fcr weitere FAQ<\/a><\/p>\n<p>Liebe Kunden, wenn Sie Fragen zu Ihrer Bestellung oder zum Wareneingang haben, wenden Sie sich bitte an unseren Kundenservice. Vielen Dank!<\/p>\n<h3 data-sourcepos=\"73:1-73:21\"><strong data-sourcepos=\"73:7-73:21\">Kontaktieren Sie uns<\/strong><\/h3>\n<div id=\"text-2419739398\" class=\"text\">\n<p><strong data-sourcepos=\"75:3-75:12\">E-Mail<\/strong>:\u00a0<a href=\"mailto:support@pgvape.com\"><strong>support@pgvape.com<\/strong><\/a><\/p>\n<p><strong data-sourcepos=\"76:3-76:15\">WhatsApp<\/strong>:\u00a0<a href=\"https:\/\/wa.me\/+8618128481258\"><strong>+86 18128481258<\/strong><\/a><br \/>\n<strong>(Antwort innerhalb von 24 Stunden an Werktagen)<\/strong><\/p>\n<\/div>\n<h3><strong>Vielen Dank, dass Sie sich f\u00fcr pgvape.com entschieden haben! .<\/strong><\/h3>\n<\/div>","protected":false},"excerpt":{"rendered":"<p><strong>Bang King City 50K<\/strong>\u2014<strong>50.000 Z\u00fcge<\/strong>, <strong>45 ml<\/strong>, <strong>Wahrzeichen-Stil<\/strong>, <strong>Smart-Bildschirm<\/strong>, <strong>Typ-C<\/strong>, <strong>0-5 % nic<\/strong>.<strong>Bereisen Sie die Welt, dampfen Sie die Stadt.<\/strong><\/p>","protected":false},"featured_media":7937,"comment_status":"open","ping_status":"closed","template":"","meta":{"_seopress_robots_primary_cat":"","_seopress_titles_title":"","_seopress_titles_desc":"","_seopress_robots_index":""},"product_brand":[19,516],"product_cat":[61,18,515],"product_tag":[318,520,521,90],"class_list":{"0":"post-7934","1":"product","2":"type-product","3":"status-publish","4":"has-post-thumbnail","6":"product_brand-bang-king-vape","7":"product_brand-disposable-vape","8":"product_cat-50k-puffs-vape","9":"product_cat-bang-king-vape","10":"product_cat-disposable-vape","11":"product_tag-50k-puffs-vape","12":"product_tag-bang-king-city-50000","13":"product_tag-city-landmark-designs","14":"product_tag-disposable-vape","16":"first","17":"instock","18":"sale","19":"shipping-taxable","20":"purchasable","21":"product-type-variable"},"_links":{"self":[{"href":"https:\/\/pgvape.com\/de\/wp-json\/wp\/v2\/product\/7934","targetHints":{"allow":["GET"]}}],"collection":[{"href":"https:\/\/pgvape.com\/de\/wp-json\/wp\/v2\/product"}],"about":[{"href":"https:\/\/pgvape.com\/de\/wp-json\/wp\/v2\/types\/product"}],"replies":[{"embeddable":true,"href":"https:\/\/pgvape.com\/de\/wp-json\/wp\/v2\/comments?post=7934"}],"wp:featuredmedia":[{"embeddable":true,"href":"https:\/\/pgvape.com\/de\/wp-json\/wp\/v2\/media\/7937"}],"wp:attachment":[{"href":"https:\/\/pgvape.com\/de\/wp-json\/wp\/v2\/media?parent=7934"}],"wp:term":[{"taxonomy":"product_brand","embeddable":true,"href":"https:\/\/pgvape.com\/de\/wp-json\/wp\/v2\/product_brand?post=7934"},{"taxonomy":"product_cat","embeddable":true,"href":"https:\/\/pgvape.com\/de\/wp-json\/wp\/v2\/product_cat?post=7934"},{"taxonomy":"product_tag","embeddable":true,"href":"https:\/\/pgvape.com\/de\/wp-json\/wp\/v2\/product_tag?post=7934"}],"curies":[{"name":"wp","href":"https:\/\/api.w.org\/{rel}","templated":true}]}}