{"id":7904,"date":"2025-12-17T12:50:31","date_gmt":"2025-12-17T12:50:31","guid":{"rendered":"https:\/\/pgvape.com\/?post_type=product&#038;p=7904"},"modified":"2026-03-15T13:36:50","modified_gmt":"2026-03-15T13:36:50","slug":"bang-leader-stoll-300-000-300-000-zuge-6-in-1-einweg-vape-0-2-3-5-nikotin-12-geschmacksrichtungen-smart-screen-vape-direkt-ab-werk","status":"publish","type":"product","link":"https:\/\/pgvape.com\/de\/produkt\/bang-leader-stoll-300-000-300-000-zuge-6-in-1-einweg-vape-0-2-3-5-nikotin-12-geschmacksrichtungen-smart-screen-vape-direkt-ab-werk\/","title":{"rendered":"Bang Leader Stoll 300000 300K Puffs 6 in 1 Einweg-Vape 0% 2% 3% 5% Nikotin 12Tastes Smart Screen Vape Factory Direct"},"content":{"rendered":"<p>Bang Leader Stoll ist ein Game-Changer: 300.000 Z\u00fcge, sechs Geschmacksrichtungen in einer Kapsel und eine Batterie, die lange h\u00e4lt.\u00a0<strong>Vape<\/strong>\u00a0Kombiniert un\u00fcbertroffene Langlebigkeit mit vielseitigen Geschmacksoptionen.\u00a0<strong>Mesh-Spulen<\/strong>, Durch seinen erweiterten Heizbereich liefert es sanfte, reichhaltigere Wolken und einen intensiven Geschmack.\u00a0<strong>Dampfen<\/strong>\u00a0L\u00f6sung f\u00fcr den erweiterten Einsatz.<\/p>\n<p>&nbsp;<\/p>\n<h2><span style=\"font-size: 90%;\">Bang Leader Stoll 300000 300K Puffs 6 in 1 Einweg-Vape-Spezifikationen<\/span><\/h2>\n<p><strong data-sourcepos=\"11:5-11:35\">\u00a0Un\u00fcbertroffene 300.000 Z\u00fcge<\/strong>: Branchenf\u00fchrende Kapazit\u00e4t f\u00fcr extreme Langlebigkeit.<\/p>\n<p><strong data-sourcepos=\"12:5-12:33\">\u00a06 Geschmacksrichtungen in einem Ger\u00e4t<\/strong>: Ein rotierendes Pod-System beherbergt sechs verschiedene Aromatanks.<\/p>\n<p><strong data-sourcepos=\"13:5-13:30\">\u00a0Intelligentes OLED-Display<\/strong>: Echtzeit\u00fcberwachung des Batterieprozentsatzes und der einzelnen E-Liquid-F\u00fcllst\u00e4nde.<\/p>\n<p><strong data-sourcepos=\"14:5-14:31\">\u00a0Schnelles Aufladen \u00fcber USB-C<\/strong>: Der 650-mAh-Akku unterst\u00fctzt schnelles Aufladen f\u00fcr minimale Ausfallzeiten.<\/p>\n<p><strong data-sourcepos=\"15:5-15:31\">\u00a0Fortschrittliche Mesh-Spulen<\/strong>: Sorgt vom ersten bis zum letzten Zug f\u00fcr satten Geschmack und dichte Dampfproduktion.<\/p>\n<p><strong data-sourcepos=\"16:5-16:34\">\u00a0Anpassbares Nikotin<\/strong>: Erh\u00e4ltlich in den Nikotinst\u00e4rken 0%, 2%, 3% und 5%.<\/p>\n<p><strong data-sourcepos=\"17:5-17:33\">\u00a0Intuitiver Geschmacksregler<\/strong>: M\u00fcheloses Wechseln zwischen sechs vorgef\u00fcllten Aromakammern.<\/p>\n<p>&nbsp;<\/p>\n<h3><span style=\"font-size: 90%;\">Bang Leader Stoll 300000 300K Puffs 6 in 1 Einweg-Vape-Geschmacksliste<\/span><\/h3>\n<p>1.Wassermelonen-Eis &amp; Red Bull &amp; Erdbeer-Kiwi &amp; Blaubeer-Eis &amp; Zitronen-Limette &amp; Erdbeer-Wassermelone<\/p>\n<p>2.Erdbeer-Banane &amp; doppelter Apfel &amp; Himbeer-Wassermelone &amp; saure Mango-Ananas &amp; tropische Fr\u00fcchte &amp; Zitronenpfirsich<\/p>\n<p>3.Ananas-Kokosnuss &amp; Blue Razz &amp; gemischte Beeren &amp; Mango-Pfirsich &amp; Blaubeer-Himbeer-Erdbeer-Vanille-Cola<\/p>\n<p>4.Peach Berry &amp; Triple Melon &amp; Grape Ice &amp; Black Dragon Ice &amp; Fizzy Cherry Ice &amp; Gummy Bear<\/p>\n<p>5.Rainbow Candy &amp; Cherry Cola Ice &amp; Love 666 &amp; Mango Ice &amp; Blueberry Cotton Candy &amp; Peach Ice<\/p>\n<p>6.Aloe Lychee Ice &amp; Pink Lemonade &amp; Glacier Ice &amp; Pine Needle Mint &amp; Black Currant Ice &amp; Watermelon Lemon<\/p>\n<p>7.Wassermeloneneis &amp; gemischte Beeren &amp; Apfelbirne &amp; Blaubeerminze &amp; Sommerzeit &amp; Pfirsich<\/p>\n<p>8.Energy Drink &amp; Pfirsicheis &amp; Mangoeis &amp; Goji-Beere &amp; Schwarze Johannisbeere &amp; Mamba<\/p>\n<p>9.Cherry Coke &amp; Blueberry Raspberry &amp; Black Dragon Ice &amp; Rainbow Candy &amp; Fuji Ice &amp; Watermelon Sour Peach<\/p>\n<p>10.Red Bull &amp; Erdbeer-Kiwi &amp; Erdbeer-Banane &amp; Litschi-Eis &amp; Wassermelone-Beere &amp; Passionsfrucht-Mango<\/p>\n<p>11.Red Bull Cola Ice &amp; Erdbeere, Himbeere, Kirsche &amp; Brombeere, Drachenfrucht &amp; Zitronenlimette &amp; Himbeere Pomp &amp; Wassermelone Kiwi<\/p>\n<p>12.Cola-Eis &amp; Energy-Drink &amp; Kirscheis &amp; Melonen-Passionsfrucht &amp; Brombeer-Eis &amp; Apfel-Kiwi<img loading=\"lazy\" decoding=\"async\" class=\"alignnone wp-image-7909 size-full\" src=\"https:\/\/pgvape.com\/wp-content\/uploads\/2025\/12\/Bang-Leader-Stoll-300000-300K-Puffs-6-in-1-Disposable-Vape-0-2-3-5-Nicotine-12Tastes-Smart-Screen-Vape-Factory-Direct-3.png\" alt=\"\" width=\"1280\" height=\"1518\" srcset=\"https:\/\/pgvape.com\/wp-content\/uploads\/2025\/12\/Bang-Leader-Stoll-300000-300K-Puffs-6-in-1-Disposable-Vape-0-2-3-5-Nicotine-12Tastes-Smart-Screen-Vape-Factory-Direct-3.png 1280w, https:\/\/pgvape.com\/wp-content\/uploads\/2025\/12\/Bang-Leader-Stoll-300000-300K-Puffs-6-in-1-Disposable-Vape-0-2-3-5-Nicotine-12Tastes-Smart-Screen-Vape-Factory-Direct-3-304x360.png 304w, https:\/\/pgvape.com\/wp-content\/uploads\/2025\/12\/Bang-Leader-Stoll-300000-300K-Puffs-6-in-1-Disposable-Vape-0-2-3-5-Nicotine-12Tastes-Smart-Screen-Vape-Factory-Direct-3-595x706.png 595w, https:\/\/pgvape.com\/wp-content\/uploads\/2025\/12\/Bang-Leader-Stoll-300000-300K-Puffs-6-in-1-Disposable-Vape-0-2-3-5-Nicotine-12Tastes-Smart-Screen-Vape-Factory-Direct-3-337x400.png 337w, https:\/\/pgvape.com\/wp-content\/uploads\/2025\/12\/Bang-Leader-Stoll-300000-300K-Puffs-6-in-1-Disposable-Vape-0-2-3-5-Nicotine-12Tastes-Smart-Screen-Vape-Factory-Direct-3-768x911.png 768w, https:\/\/pgvape.com\/wp-content\/uploads\/2025\/12\/Bang-Leader-Stoll-300000-300K-Puffs-6-in-1-Disposable-Vape-0-2-3-5-Nicotine-12Tastes-Smart-Screen-Vape-Factory-Direct-3-10x12.png 10w, https:\/\/pgvape.com\/wp-content\/uploads\/2025\/12\/Bang-Leader-Stoll-300000-300K-Puffs-6-in-1-Disposable-Vape-0-2-3-5-Nicotine-12Tastes-Smart-Screen-Vape-Factory-Direct-3-600x712.png 600w\" sizes=\"auto, (max-width: 1280px) 100vw, 1280px\" \/><\/p>\n<p>&nbsp;<\/p>\n<h3><span style=\"font-size: 90%;\">Bang Leader Stoll 300000 300K Puffs 6 in 1 Einweg-Vaporizer <strong>Video:<\/strong><\/span><\/h3>\n<p>&nbsp;<\/p>\n<h2 class=\"header-vfC6AV auto-hide-last-sibling-br\"><span style=\"font-size: 90%;\">H\u00e4ufig gestellte Fragen zu Bang Leader Stoll 300000 300K Puffs 6 in 1 Einweg-Vaporizer<\/span><\/h2>\n<p>\u2753Wie viele Z\u00fcge schafft der Bang Leader Stoll 300K?\u00a0<strong>Vape<\/strong> Liefern?<br \/>\n\u2705Es bietet bis zu 300.000 Z\u00fcge und sorgt f\u00fcr eine extrem lange Haltbarkeit <strong style=\"font-size: 14.4px;\">Dampfen<\/strong><span style=\"font-size: 14.4px;\">\u00a0Ohne h\u00e4ufigen Ger\u00e4teaustausch.<\/span><\/p>\n<p>\u2753Welche Nikotinst\u00e4rken gibt es hierf\u00fcr?\u00a0<strong>Vape<\/strong>?<br \/>\n\u2705W\u00e4hlen Sie zwischen 0% \/ 2% \/ 3% \/ 5% Nikotin \u2013 passend f\u00fcr verschiedene Vorlieben, von nikotinfrei bis hin zu Zigarettenalternativen.<\/p>\n<p>\u2753Wie \u00e4ndere ich die Geschmacksrichtungen?\u00a0<strong>Vape<\/strong>?<br \/>\n\u2705Es verf\u00fcgt \u00fcber ein 6-in-1-Geschmackssystem \u2013 wechseln Sie ganz einfach zwischen sechs verschiedenen Geschmacksrichtungen in einem Ger\u00e4t, wann immer Sie eine Abwechslung w\u00fcnschen.<\/p>\n<p>\u2753Wie hoch ist die Akkulaufzeit und Ladegeschwindigkeit des\u00a0<strong>Vape<\/strong>?<br \/>\n\u2705Der 650-mAh-Akku h\u00e4lt mit einer einzigen Ladung den ganzen Tag und der Typ-C-Anschluss erm\u00f6glicht eine 30-min\u00fctige Schnellladung, um Ausfallzeiten zu vermeiden.<\/p>\n<p>\u2753Wie funktioniert das\u00a0<strong>Vape<\/strong> Sorgen Sie f\u00fcr einen angenehmen Geschmack und Dampf?<br \/>\n\u2705Es r\u00fcstet aus <strong style=\"font-size: 14.4px;\">Mesh-Spulen<\/strong><span style=\"font-size: 14.4px;\">\u00a0Mit einem erweiterten Heizbereich, der die Geschmacksintensit\u00e4t steigert und sanfte, reichhaltigere Wolken erzeugt.<\/span><\/p>\n<p>\u2753Wie kann ich die Batterie \u00fcberwachen?\u00a0<strong>E-Liquid<\/strong> Ebenen?<br \/>\n\u2705Der klare Smart-Bildschirm zeigt die Akkulaufzeit in Echtzeit an <strong style=\"font-size: 14.4px;\">E-Liquid<\/strong><span style=\"font-size: 14.4px;\">\u00a0Ebenen auf einen Blick, damit Sie die Kontrolle behalten.<\/span><\/p>\n<p>\u2753Ist das\u00a0<strong>Vape<\/strong> Geeignet f\u00fcr den Gro\u00dfhandelskauf?<br \/>\n\u2705Ja, es ist mit seiner extrem langen Puffkapazit\u00e4t, den vielseitigen Geschmacksoptionen und der zuverl\u00e4ssigen Leistung f\u00fcr den Gro\u00dfhandel konzipiert \u2013 ideal f\u00fcr Einzelhandelsgesch\u00e4fte und Gro\u00dfbestellungen<\/p>\n<p>&nbsp;<\/p>\n<h3 id=\"brxe-najhln\" class=\"brxe-heading\">H\u00e4ufig gestellte Fragen (FAQ)<\/h3>\n<div id=\"brxe-rajiac\" class=\"brxe-text\">\n<p><strong>F: Welche Zahlungsmethoden akzeptieren Sie?<\/strong><br \/>\nA: Wir akzeptieren PayPal, Stripe, Bank\u00fcberweisungen (SEPA unterst\u00fctzt), g\u00e4ngige Kreditkarten (Visa, MasterCard, American Express) und Zahlungen in Kryptow\u00e4hrung.<\/p>\n<p><strong>F: Wie lange dauert die Auftragsvorbereitung?<\/strong><br \/>\nA: Die Auftragsvorbereitung dauert 1-3 Werktage.<\/p>\n<p><strong>F: Wie lange dauert die Lieferung?<\/strong><br \/>\nA: Die Lieferzeit betr\u00e4gt je nach Standort 7\u201314 Werktage.<\/p>\n<p><strong>F: Wie kann ich meine Bestellung verfolgen?<\/strong><br \/>\nA: Nach dem Versand erhalten Sie eine Best\u00e4tigungs-E-Mail mit einer Sendungsverfolgungsnummer zur Echtzeitverfolgung.<\/p>\n<p><strong>F: Wie lauten Ihre R\u00fcckgabebedingungen?<\/strong><br \/>\nA: Wir bieten ein 30-t\u00e4giges R\u00fcckgaberecht f\u00fcr R\u00fcckerstattungen oder Umtausch. .<\/p>\n<p><strong>F: Wird es Zollprobleme geben?<br \/>\n<\/strong>Wir k\u00fcmmern uns um alle Zollabfertigungsverfahren, um Ihnen ein reibungsloses Erlebnis zu gew\u00e4hrleisten. .<\/p>\n<p><strong>F: Welche Versandarten werden verwendet?<\/strong><br \/>\nWir arbeiten mit UPS\/DHL\/FEDEX\/DPD etc. zusammen. Je nach Lieferland w\u00e4hlen wir die passende Versandoption aus, um sicherzustellen, dass Sie Ihre Produkte schnellstm\u00f6glich erhalten.<\/p>\n<p><a href=\"https:\/\/pgvape.com\/de\/faqs\/\">Klicken Sie hier f\u00fcr weitere FAQ<\/a><\/p>\n<p>Liebe Kunden, wenn Sie Fragen zu Ihrer Bestellung oder zum Wareneingang haben, wenden Sie sich bitte an unseren Kundenservice. Vielen Dank!<\/p>\n<h3 data-sourcepos=\"73:1-73:21\"><strong data-sourcepos=\"73:7-73:21\">Kontaktieren Sie uns<\/strong><\/h3>\n<div id=\"text-2419739398\" class=\"text\">\n<p><strong data-sourcepos=\"75:3-75:12\">E-Mail<\/strong>:\u00a0<a href=\"mailto:support@pgvape.com\"><strong>support@pgvape.com<\/strong><\/a><\/p>\n<p><strong data-sourcepos=\"76:3-76:15\">WhatsApp<\/strong>:\u00a0<a href=\"https:\/\/wa.me\/+8618128481258\"><strong>+86 18128481258<\/strong><\/a><br \/>\n<strong>(Antwort innerhalb von 24 Stunden an Werktagen)<\/strong><\/p>\n<\/div>\n<h3><strong>Vielen Dank, dass Sie sich f\u00fcr pgvape.com entschieden haben! .<\/strong><\/h3>\n<\/div>","protected":false},"excerpt":{"rendered":"<p><strong>Bang Leader Stoll 300K<\/strong>\u2014<strong>300.000 Z\u00fcge<\/strong>, <strong>65 ml<\/strong>, <strong>6 Geschmacksrichtungen<\/strong>, <strong>Mesh-Spule<\/strong>, <strong>Typ-C<\/strong>, <strong>Smart-Bildschirm<\/strong>.<strong>Drehen, klicken, monatelang dampfen.<\/strong><\/p>","protected":false},"featured_media":7907,"comment_status":"open","ping_status":"closed","template":"","meta":{"_seopress_robots_primary_cat":"none","_seopress_titles_title":"%%post_title%% %%sep%% %%sitetitle%%","_seopress_titles_desc":"","_seopress_robots_index":""},"product_brand":[54,516],"product_cat":[517,32,515],"product_tag":[519,122,518,90,490],"class_list":{"0":"post-7904","1":"product","2":"type-product","3":"status-publish","4":"has-post-thumbnail","6":"product_brand-bang-leader-vape","7":"product_brand-disposable-vape","8":"product_cat-300k-puffs-vape","9":"product_cat-bang-leader-vape","10":"product_cat-disposable-vape","11":"product_tag-300k-puffs-vape","12":"product_tag-6-in-1","13":"product_tag-bang-leader-stoll-300000","14":"product_tag-disposable-vape","15":"product_tag-minimum-2-pieces","17":"first","18":"instock","19":"sale","20":"shipping-taxable","21":"purchasable","22":"product-type-variable"},"_links":{"self":[{"href":"https:\/\/pgvape.com\/de\/wp-json\/wp\/v2\/product\/7904","targetHints":{"allow":["GET"]}}],"collection":[{"href":"https:\/\/pgvape.com\/de\/wp-json\/wp\/v2\/product"}],"about":[{"href":"https:\/\/pgvape.com\/de\/wp-json\/wp\/v2\/types\/product"}],"replies":[{"embeddable":true,"href":"https:\/\/pgvape.com\/de\/wp-json\/wp\/v2\/comments?post=7904"}],"wp:featuredmedia":[{"embeddable":true,"href":"https:\/\/pgvape.com\/de\/wp-json\/wp\/v2\/media\/7907"}],"wp:attachment":[{"href":"https:\/\/pgvape.com\/de\/wp-json\/wp\/v2\/media?parent=7904"}],"wp:term":[{"taxonomy":"product_brand","embeddable":true,"href":"https:\/\/pgvape.com\/de\/wp-json\/wp\/v2\/product_brand?post=7904"},{"taxonomy":"product_cat","embeddable":true,"href":"https:\/\/pgvape.com\/de\/wp-json\/wp\/v2\/product_cat?post=7904"},{"taxonomy":"product_tag","embeddable":true,"href":"https:\/\/pgvape.com\/de\/wp-json\/wp\/v2\/product_tag?post=7904"}],"curies":[{"name":"wp","href":"https:\/\/api.w.org\/{rel}","templated":true}]}}