{"id":7678,"date":"2025-12-08T10:24:12","date_gmt":"2025-12-08T10:24:12","guid":{"rendered":"https:\/\/pgvape.com\/?post_type=product&#038;p=7678"},"modified":"2026-03-15T13:36:50","modified_gmt":"2026-03-15T13:36:50","slug":"bang-king-triple-50000-50-000-zuge-3-in-1-einweg-vape-0-2-3-5-nikotin-12-geschmacksrichtungen-smart-touchscreen-vape-direkt-ab-werk","status":"publish","type":"product","link":"https:\/\/pgvape.com\/de\/produkt\/bang-king-triple-50000-50-000-zuge-3-in-1-einweg-vape-0-2-3-5-nikotin-12-geschmacksrichtungen-smart-touchscreen-vape-direkt-ab-werk\/","title":{"rendered":"Bang King Triple 50000 50K Puffs 3 in 1 Einweg-Vape 0% 2% 3% 5% Nikotin 12Tastes Smart Touch Screen Vape Factory Direct"},"content":{"rendered":"<p data-sourcepos=\"8:1-8:411\">Definieren Sie Ihr Dampferlebnis neu mit dem <strong data-sourcepos=\"8:42-8:67\">Bang King Triple 50000 Z\u00fcge<\/strong>\u2013 ein Meisterwerk an Ausdauer und Innovation. <strong data-sourcepos=\"8:183-8:215\">Riesiger vorgef\u00fcllter 35-ml-Tank<\/strong> und ein intelligenter <strong data-sourcepos=\"8:235-8:268\">Rotationssystem mit drei Geschmacksrichtungen<\/strong>. .<\/p>\n<p data-sourcepos=\"10:1-10:280\">Angetrieben von Fortgeschrittenen <strong data-sourcepos=\"10:20-10:44\">Mesh-Coil-Technologie<\/strong>, Er erzeugt vom ersten bis zum letzten Zug ein au\u00dfergew\u00f6hnlich reichhaltiges Aroma und dichten, zufriedenstellenden Dampf. <strong data-sourcepos=\"10:190-10:212\">intelligenter Touchscreen<\/strong>, Bereitstellung von Echtzeit-Updates zum E-Liquid-Volumen und zum Batteriestatus.<\/p>\n<p>&nbsp;<\/p>\n<h2><span style=\"font-size: 90%;\">Bang King Triple 50000 50K Puffs 3 in 1 Einweg-Vape-Spezifikationen<\/span><\/h2>\n<p><strong>Puffs<\/strong>: Bis zu <strong>50,000<\/strong><\/p>\n<p><strong>E-Liquid<\/strong>: <strong class=\"\">35 ml<\/strong> vorgef\u00fcllt<\/p>\n<p><strong>Nikotin<\/strong>: <strong>0 %, 2 %, 3 %, 5 %<\/strong> (EU-Norm konform)<\/p>\n<p><strong>Batterie<\/strong>: <strong>600 mAh<\/strong>, <strong>Typ-C<\/strong> 30-min\u00fctiges Aufladen<\/p>\n<p><strong>Spule<\/strong>: <strong class=\"\">1,0 \u03a9-Netz<\/strong><\/p>\n<p><strong>Anzeige<\/strong>: <strong>Intelligenter Touchscreen<\/strong> (Batterie &amp; Saft)<\/p>\n<p><strong>Schalten<\/strong>: <strong>180\u00b0 Drehung<\/strong> Dreifach-Geschmacksw\u00e4hler<\/p>\n<p><strong>Ziehen<\/strong>: Glatt <strong>MTL<\/strong>, kein Cloud-Chasing<\/p>\n<p>&nbsp;<\/p>\n<h3><span style=\"font-size: 90%;\">Bang King Triple 50000 50K Puffs 3 in 1 Einweg-Vape-Geschmacksliste<\/span><\/h3>\n<p><strong class=\"\">1.Blue Razz Ice \/ Lush Ice<\/strong><\/p>\n<p><strong>2. Erdbeereis \/ Wassermeloneneis<\/strong><\/p>\n<p><strong>3.Pfirsicheis \/ Mangoeis<\/strong><\/p>\n<p><strong>4. Wassermeloneneis \/ Pfirsich-Mango<\/strong><\/p>\n<p><strong class=\"\">5.Erdbeer-Wassermelone \/ Red Bull<\/strong><\/p>\n<p><strong>6. Gemischte Beeren \/ Kirscheis<\/strong><\/p>\n<p><strong class=\"\">7.Kiwi-Passionsfrucht-Guave \/ Erdbeer-Kiwi<\/strong><\/p>\n<p><strong class=\"\">8. Bananeneis \/ Erdbeereis<\/strong><\/p>\n<p><strong>9.Doppeltes Apfel-\/Traubeneis<\/strong><\/p>\n<p><strong>10.Pi\u00f1a Colada \/ Tropische Frucht<\/strong><\/p>\n<p><strong>11.Lemon Online \/ Mr Blue<\/strong><\/p>\n<p><strong>12.Cool Mint \/ Blueberry Ice<\/strong><\/p>\n<p>&nbsp;<\/p>\n<h3><span style=\"font-size: 90%;\">Bang King Triple 50000 50K Puffs 3 in 1 Einweg-Vaporizer <strong>Video:<\/strong><\/span><\/h3>\n<p>&nbsp;<\/p>\n<h2 class=\"header-vfC6AV auto-hide-last-sibling-br\"><span style=\"font-size: 90%;\">H\u00e4ufig gestellte Fragen zu Bang King Triple 50000 50K Puffs 3 in 1 Einweg-Vaporizer<\/span><\/h2>\n<p>\u2753 <strong class=\"\">Wie \u00e4ndere ich den Geschmack?<\/strong><br \/>\n\u2705 <strong>Mundst\u00fcck um 180\u00b0 drehen<\/strong>\u2013 springen Sie sofort zum n\u00e4chsten von <strong>drei integrierte Geschmacksrichtungen<\/strong>.<\/p>\n<p>\u2753 <strong>Wie viele Z\u00fcge insgesamt?<\/strong><br \/>\n\u2705 Werkszertifiziert <strong>50.000 Z\u00fcge<\/strong> in allen drei Kammern.<\/p>\n<p>\u2753 <strong>Ist es wiederaufladbar?<\/strong><br \/>\n\u2705 <strong>600 mAh<\/strong> Batterie + <strong>Typ-C<\/strong> port; volle Ladung in ca. 30 Min.<\/p>\n<p>\u2753 <strong>Welche Nikotinst\u00e4rken werden angeboten?<\/strong><br \/>\n\u2705 <strong>0 %, 2 %, 3 %, 5 %<\/strong>\u2014sanfter Kehlkopfschlag, EU-Standard.<\/p>\n<p>\u2753 <strong>Wie \u00fcberpr\u00fcfe ich die Batterie oder das E-Liquid?<\/strong><br \/>\n\u2705 <strong>Intelligenter Touchscreen<\/strong> zeigt beide Ebenen auf einen Blick an.<\/p>\n<p>\u2753 <strong>Ist das Ger\u00e4t undicht?<\/strong><br \/>\n\u2705 <strong>Anti-Leck<\/strong> Dreifache Kammern halten die Taschen sauber.<\/p>\n<p>&nbsp;<\/p>\n<h3 id=\"brxe-najhln\" class=\"brxe-heading\">H\u00e4ufig gestellte Fragen (FAQ)<\/h3>\n<div id=\"brxe-rajiac\" class=\"brxe-text\">\n<p><strong>F: Welche Zahlungsmethoden akzeptieren Sie?<\/strong><br \/>\nA: Wir akzeptieren PayPal, Stripe, Bank\u00fcberweisungen (SEPA unterst\u00fctzt), g\u00e4ngige Kreditkarten (Visa, MasterCard, American Express) und Zahlungen in Kryptow\u00e4hrung.<\/p>\n<p><strong>F: Wie lange dauert die Auftragsvorbereitung?<\/strong><br \/>\nA: Die Auftragsvorbereitung dauert 1-3 Werktage.<\/p>\n<p><strong>F: Wie lange dauert die Lieferung?<\/strong><br \/>\nA: Die Lieferzeit betr\u00e4gt je nach Standort 7\u201314 Werktage.<\/p>\n<p><strong>F: Wie kann ich meine Bestellung verfolgen?<\/strong><br \/>\nA: Nach dem Versand erhalten Sie eine Best\u00e4tigungs-E-Mail mit einer Sendungsverfolgungsnummer zur Echtzeitverfolgung.<\/p>\n<p><strong>F: Wie lauten Ihre R\u00fcckgabebedingungen?<\/strong><br \/>\nA: Wir bieten ein 30-t\u00e4giges R\u00fcckgaberecht f\u00fcr R\u00fcckerstattungen oder Umtausch. .<\/p>\n<p><strong>F: Wird es Zollprobleme geben?<br \/>\n<\/strong>Wir k\u00fcmmern uns um alle Zollabfertigungsverfahren, um Ihnen ein reibungsloses Erlebnis zu gew\u00e4hrleisten. .<\/p>\n<p><strong>F: Welche Versandarten werden verwendet?<\/strong><br \/>\nWir arbeiten mit UPS\/DHL\/FEDEX\/DPD etc. zusammen. Je nach Lieferland w\u00e4hlen wir die passende Versandoption aus, um sicherzustellen, dass Sie Ihre Produkte schnellstm\u00f6glich erhalten.<\/p>\n<p><a href=\"https:\/\/pgvape.com\/de\/faqs\/\">Klicken Sie hier f\u00fcr weitere FAQ<\/a><\/p>\n<p>Liebe Kunden, wenn Sie Fragen zu Ihrer Bestellung oder zum Wareneingang haben, wenden Sie sich bitte an unseren Kundenservice. Vielen Dank!<\/p>\n<h3 data-sourcepos=\"73:1-73:21\"><strong data-sourcepos=\"73:7-73:21\">Kontaktieren Sie uns<\/strong><\/h3>\n<div id=\"text-2419739398\" class=\"text\">\n<p><strong data-sourcepos=\"75:3-75:12\">E-Mail<\/strong>:\u00a0<a href=\"mailto:support@pgvape.com\"><strong>support@pgvape.com<\/strong><\/a><\/p>\n<p><strong data-sourcepos=\"76:3-76:15\">WhatsApp<\/strong>:\u00a0<a href=\"https:\/\/wa.me\/+8618128481258\"><strong>+86 18128481258<\/strong><\/a><br \/>\n<strong>(Antwort innerhalb von 24 Stunden an Werktagen)<\/strong><\/p>\n<\/div>\n<h3><strong>Vielen Dank, dass Sie sich f\u00fcr pgvape.com entschieden haben! .<\/strong><\/h3>\n<\/div>","protected":false},"excerpt":{"rendered":"<p><strong>Bang King Triple 50000<\/strong>\u2014<strong>50.000 Z\u00fcge<\/strong>, <strong>35 ml<\/strong>, <strong>3-in-1-Twist-Geschmacksrichtungen<\/strong>, <strong>Mesh-Spule<\/strong>, <strong>Typ-C<\/strong>, <strong>Touch-Screen<\/strong>.<strong>Einmal drehen, dreimal probieren, ewig dampfen.<\/strong><\/p>","protected":false},"featured_media":7681,"comment_status":"open","ping_status":"closed","template":"","meta":{"_seopress_robots_primary_cat":"none","_seopress_titles_title":"","_seopress_titles_desc":"","_seopress_robots_index":""},"product_brand":[19,516],"product_cat":[61,18,515],"product_tag":[46,318,510,90,511],"class_list":{"0":"post-7678","1":"product","2":"type-product","3":"status-publish","4":"has-post-thumbnail","6":"product_brand-bang-king-vape","7":"product_brand-disposable-vape","8":"product_cat-50k-puffs-vape","9":"product_cat-bang-king-vape","10":"product_cat-disposable-vape","11":"product_tag-3-in-1","12":"product_tag-50k-puffs-vape","13":"product_tag-bang-king-triple-50000","14":"product_tag-disposable-vape","15":"product_tag-eu-norm-compliant","17":"first","18":"instock","19":"sale","20":"shipping-taxable","21":"purchasable","22":"product-type-variable"},"_links":{"self":[{"href":"https:\/\/pgvape.com\/de\/wp-json\/wp\/v2\/product\/7678","targetHints":{"allow":["GET"]}}],"collection":[{"href":"https:\/\/pgvape.com\/de\/wp-json\/wp\/v2\/product"}],"about":[{"href":"https:\/\/pgvape.com\/de\/wp-json\/wp\/v2\/types\/product"}],"replies":[{"embeddable":true,"href":"https:\/\/pgvape.com\/de\/wp-json\/wp\/v2\/comments?post=7678"}],"wp:featuredmedia":[{"embeddable":true,"href":"https:\/\/pgvape.com\/de\/wp-json\/wp\/v2\/media\/7681"}],"wp:attachment":[{"href":"https:\/\/pgvape.com\/de\/wp-json\/wp\/v2\/media?parent=7678"}],"wp:term":[{"taxonomy":"product_brand","embeddable":true,"href":"https:\/\/pgvape.com\/de\/wp-json\/wp\/v2\/product_brand?post=7678"},{"taxonomy":"product_cat","embeddable":true,"href":"https:\/\/pgvape.com\/de\/wp-json\/wp\/v2\/product_cat?post=7678"},{"taxonomy":"product_tag","embeddable":true,"href":"https:\/\/pgvape.com\/de\/wp-json\/wp\/v2\/product_tag?post=7678"}],"curies":[{"name":"wp","href":"https:\/\/api.w.org\/{rel}","templated":true}]}}