{"id":7618,"date":"2025-12-07T12:11:58","date_gmt":"2025-12-07T12:11:58","guid":{"rendered":"https:\/\/pgvape.com\/?post_type=product&#038;p=7618"},"modified":"2026-04-09T14:44:17","modified_gmt":"2026-04-09T14:44:17","slug":"solaris-champagner-30000-30-000-zuge-einweg-vape-2-nikotin-10-geschmacksrichtungen-direkt-ab-werk","status":"publish","type":"product","link":"https:\/\/pgvape.com\/de\/produkt\/solaris-champagner-30000-30-000-zuge-einweg-vape-2-nikotin-10-geschmacksrichtungen-direkt-ab-werk\/","title":{"rendered":"Solaris Champagne 30000 30k Puffs Einweg-Vape 2%\u00a0Nikotin 10Tastes Vape Factory Direct"},"content":{"rendered":"<p>Solaris Champagner 30.000 Z\u00fcge Einwegartikel <strong>Vape<\/strong>\u00a0Verf\u00fcgt \u00fcber beeindruckende 30.000 Z\u00fcge und sorgt f\u00fcr eine langanhaltende Wirkung\u00a0<strong>Dampfen<\/strong>\u00a0Genuss f\u00fcr den t\u00e4glichen Gebrauch oder unterwegs.\u00a0<strong>E-Liquid<\/strong> Kapazit\u00e4t, 2%Nikotinoptionen und 1,0 \u03a9 <strong>Mesh-Spule<\/strong>\u00a0(Standard f\u00fcr reichhaltigen Geschmack) sorgt f\u00fcr gleichm\u00e4\u00dfigen Dampf und zufriedenstellenden Geschmack.\u00a0<strong>Vape<\/strong>\u00a0Entwickelt f\u00fcr Zuverl\u00e4ssigkeit und geschmackvolle Erlebnisse.<\/p>\n<p>&nbsp;<\/p>\n<h2><span style=\"font-size: 90%;\">Solaris Champagne 30000 30k Puffs Einweg-Vape-Spezifikationen<\/span><\/h2>\n<p><strong>Puffs<\/strong>: \u2248 <strong class=\"\">30 000<\/strong><\/p>\n<p><strong>E-Liquid<\/strong>: <strong class=\"\">20 ml<\/strong><\/p>\n<p><strong>Nikotin<\/strong>:<strong class=\"\">2%<\/strong><\/p>\n<p><strong>Batterie<\/strong>: <strong>600 mAh<\/strong>, <strong>Typ-C<\/strong> Schnellladung<\/p>\n<p><strong>Spule<\/strong>: 1,0 \u03a9\u00a0<strong>Mesh-Spule<\/strong><\/p>\n<p><strong>Typ<\/strong>: Einwegartikel, durch Zug aktiviert<\/p>\n<p>&nbsp;<\/p>\n<h3><span style=\"font-size: 90%;\">Solaris Champagne 30000 30k Puffs Einweg-Vape-Geschmacksliste<\/span><\/h3>\n<p>1.Erdbeer-Kiwi<\/p>\n<p>2.Blue Razz Cherry<\/p>\n<p>3. Gemischte Beeren<\/p>\n<p>4. Blaubeer-Himbeere<\/p>\n<p>5.Wei\u00dftrauben-Champagner<\/p>\n<p>6. Saftiger Pfirsich<\/p>\n<p>7.Erdbeer-Wassermelone<\/p>\n<p>8. Wassermeloneneis<\/p>\n<p>9. Dreifache Mango<\/p>\n<p>10.Mamba<\/p>\n<p>11.Passionsfrucht-Mango<\/p>\n<p>12. Tropische Fr\u00fcchte<\/p>\n<p>13. Kirschdrachenfrucht<\/p>\n<p>14.Roter Pfirsich-Champagner<\/p>\n<p>15.Cherry Cola<\/p>\n<p>16.Energy-Drink<\/p>\n<p>17.Liebe 66<\/p>\n<p>18.Kirschbeere<\/p>\n<p>19.Rosa Limonade<\/p>\n<p>20.Double Apple<\/p>\n<p><strong><img loading=\"lazy\" decoding=\"async\" class=\"alignnone wp-image-7623 size-full\" src=\"https:\/\/pgvape.com\/wp-content\/uploads\/2025\/12\/Humo-AZUL-Champagne-30000-30k-Puffs-Disposable-Vape-2-Nicotine-10Tastes-Vape-Factory-Direct-pgvape-3.png\" alt=\"Werbeplakat mit dem Titel \u201c10 FLAVOURS\u201d zeigt zehn schwarze Einweg-Vapes in Champagnerflaschen mit der Aufschrift \u201eHumo AZUL\u201c, jeweils auf einem bunten Fruchthintergrund und mit den folgenden Geschmacksrichtungen beschriftet: Wassermelonen-Eis, Trauben-Wassermelone, Erdbeer-Wassermelone, Wei\u00dfer Trauben-Champagner, Juicy Peach, Blueberry Raspberry, Mixed Berries, Blue Razz Cherry, Strawberry Kiwi und Triple Mango.\" width=\"1800\" height=\"1437\" srcset=\"https:\/\/pgvape.com\/wp-content\/uploads\/2025\/12\/Humo-AZUL-Champagne-30000-30k-Puffs-Disposable-Vape-2-Nicotine-10Tastes-Vape-Factory-Direct-pgvape-3.png 1800w, https:\/\/pgvape.com\/wp-content\/uploads\/2025\/12\/Humo-AZUL-Champagne-30000-30k-Puffs-Disposable-Vape-2-Nicotine-10Tastes-Vape-Factory-Direct-pgvape-3-451x360.png 451w, https:\/\/pgvape.com\/wp-content\/uploads\/2025\/12\/Humo-AZUL-Champagne-30000-30k-Puffs-Disposable-Vape-2-Nicotine-10Tastes-Vape-Factory-Direct-pgvape-3-595x475.png 595w, https:\/\/pgvape.com\/wp-content\/uploads\/2025\/12\/Humo-AZUL-Champagne-30000-30k-Puffs-Disposable-Vape-2-Nicotine-10Tastes-Vape-Factory-Direct-pgvape-3-400x319.png 400w, https:\/\/pgvape.com\/wp-content\/uploads\/2025\/12\/Humo-AZUL-Champagne-30000-30k-Puffs-Disposable-Vape-2-Nicotine-10Tastes-Vape-Factory-Direct-pgvape-3-768x613.png 768w, https:\/\/pgvape.com\/wp-content\/uploads\/2025\/12\/Humo-AZUL-Champagne-30000-30k-Puffs-Disposable-Vape-2-Nicotine-10Tastes-Vape-Factory-Direct-pgvape-3-1536x1226.png 1536w, https:\/\/pgvape.com\/wp-content\/uploads\/2025\/12\/Humo-AZUL-Champagne-30000-30k-Puffs-Disposable-Vape-2-Nicotine-10Tastes-Vape-Factory-Direct-pgvape-3-15x12.png 15w, https:\/\/pgvape.com\/wp-content\/uploads\/2025\/12\/Humo-AZUL-Champagne-30000-30k-Puffs-Disposable-Vape-2-Nicotine-10Tastes-Vape-Factory-Direct-pgvape-3-600x479.png 600w\" sizes=\"auto, (max-width: 1800px) 100vw, 1800px\" \/><\/strong><\/p>\n<p>&nbsp;<\/p>\n<h3><span style=\"font-size: 90%;\">Humo AZUL Champagne 30000 30k Puffs Einweg-Vape <strong>Video:<\/strong><\/span><\/h3>\n<p><iframe loading=\"lazy\" title=\"Humo AZUL Champagne 30000 30k Puffs Einweg-Vape 10Tastes Vape Factory Direct pgvape\" width=\"563\" height=\"1000\" src=\"https:\/\/www.youtube.com\/embed\/4RibXcW0cwI?feature=oembed\" frameborder=\"0\" allow=\"accelerometer; autoplay; clipboard-write; encrypted-media; gyroscope; picture-in-picture; web-share\" referrerpolicy=\"strict-origin-when-cross-origin\" allowfullscreen><\/iframe><\/p>\n<p>&nbsp;<\/p>\n<h2 class=\"header-vfC6AV auto-hide-last-sibling-br\"><span style=\"font-size: 90%;\">H\u00e4ufig gestellte Fragen zu Humo Solaris 30000 30k Puffs Einweg-Vaporizer<\/span><\/h2>\n<p>\u2753Wie viele Z\u00fcge reicht f\u00fcr dieses Einwegprodukt?\u00a0<strong>Vape<\/strong>\u00a0Angebot?<br \/>\n\u2705Es liefert bis zu 30.000 Z\u00fcge und sorgt f\u00fcr eine lange Haltbarkeit\u00a0<strong>Dampfen<\/strong>\u00a0Ohne h\u00e4ufigen Ger\u00e4teaustausch.<\/p>\n<p>\u2753Welche Nikotinst\u00e4rken gibt es?<br \/>\n\u2705W\u00e4hlen Sie zwischen 2% Nikotin, geeignet f\u00fcr mittelstark bis stark <strong>Dampfen<\/strong>\u00a0Pr\u00e4ferenzen.<\/p>\n<p>\u2753Wie viel\u00a0<strong>E-Liquid<\/strong>\u00a0H\u00e4lt das Ger\u00e4t?<br \/>\n\u2705Es enth\u00e4lt 20 ml\u00a0<strong>E-Liquid<\/strong>\u00a0Kapazit\u00e4t, unterst\u00fctzt die Leistung von 30.000 Z\u00fcgen.<\/p>\n<p>\u2753Wie lade ich das auf?\u00a0<strong>Vape<\/strong>?<br \/>\n\u2705Zum Aufladen des 600-mAh-Akkus wird ein Typ-C-Ladeger\u00e4t verwendet, was eine schnelle Wiederherstellung der Stromversorgung erm\u00f6glicht.<\/p>\n<p>\u2753Gibt es verschiedene Geschmacksoptionen zur Auswahl?<br \/>\n\u2705Ja, es bietet 10 Geschmacksrichtungen, darunter fruchtige, eisige und gemischte Profile, um unterschiedlichen Geschm\u00e4ckern gerecht zu werden.<\/p>\n<p>\u2753Ist das\u00a0<strong>Vape<\/strong>\u00a0Einfach zu verwenden f\u00fcr den t\u00e4glichen Gebrauch oder unterwegs?<br \/>\n\u2705Ja, es ist ein vorgef\u00fclltes Einwegger\u00e4t, das nicht nachgef\u00fcllt werden muss \u2013 kompakt und praktisch f\u00fcr jederzeit\u00a0<strong>Dampfen<\/strong>.<\/p>\n<p>&nbsp;<\/p>\n<h3 id=\"brxe-najhln\" class=\"brxe-heading\">H\u00e4ufig gestellte Fragen (FAQ)<\/h3>\n<div id=\"brxe-rajiac\" class=\"brxe-text\">\n<p><strong>F: Welche Zahlungsmethoden akzeptieren Sie?<\/strong><br \/>\nA: Wir akzeptieren PayPal, Stripe, Bank\u00fcberweisungen (SEPA unterst\u00fctzt), g\u00e4ngige Kreditkarten (Visa, MasterCard, American Express) und Zahlungen in Kryptow\u00e4hrung.<\/p>\n<p><strong>F: Wie lange dauert die Auftragsvorbereitung?<\/strong><br \/>\nA: Die Auftragsvorbereitung dauert 1-3 Werktage.<\/p>\n<p><strong>F: Wie lange dauert die Lieferung?<\/strong><br \/>\nA: Die Lieferzeit betr\u00e4gt je nach Standort 7\u201314 Werktage.<\/p>\n<p><strong>F: Wie kann ich meine Bestellung verfolgen?<\/strong><br \/>\nA: Nach dem Versand erhalten Sie eine Best\u00e4tigungs-E-Mail mit einer Sendungsverfolgungsnummer zur Echtzeitverfolgung.<\/p>\n<p><strong>F: Wie lauten Ihre R\u00fcckgabebedingungen?<\/strong><br \/>\nA: Wir bieten ein 30-t\u00e4giges R\u00fcckgaberecht f\u00fcr R\u00fcckerstattungen oder Umtausch. .<\/p>\n<p><strong>F: Wird es Zollprobleme geben?<br \/>\n<\/strong>Wir k\u00fcmmern uns um alle Zollabfertigungsverfahren, um Ihnen ein reibungsloses Erlebnis zu gew\u00e4hrleisten. .<\/p>\n<p><strong>F: Welche Versandarten werden verwendet?<\/strong><br \/>\nWir arbeiten mit UPS\/DHL\/FEDEX\/DPD etc. zusammen. Je nach Lieferland w\u00e4hlen wir die passende Versandoption aus, um sicherzustellen, dass Sie Ihre Produkte schnellstm\u00f6glich erhalten.<\/p>\n<p><a href=\"https:\/\/pgvape.com\/de\/faqs\/\">Klicken Sie hier f\u00fcr weitere FAQ<\/a><\/p>\n<p>Liebe Kunden, wenn Sie Fragen zu Ihrer Bestellung oder zum Wareneingang haben, wenden Sie sich bitte an unseren Kundenservice. Vielen Dank!<\/p>\n<h3 data-sourcepos=\"73:1-73:21\"><strong data-sourcepos=\"73:7-73:21\">Kontaktieren Sie uns<\/strong><\/h3>\n<div id=\"text-2419739398\" class=\"text\">\n<p><strong data-sourcepos=\"75:3-75:12\">E-Mail<\/strong>:\u00a0<a href=\"mailto:support@pgvape.com\"><strong>support@pgvape.com<\/strong><\/a><\/p>\n<p><strong data-sourcepos=\"76:3-76:15\">WhatsApp<\/strong>:\u00a0<a href=\"https:\/\/wa.me\/+8618128481258\"><strong>+86 18128481258<\/strong><\/a><br \/>\n<strong>(Antwort innerhalb von 24 Stunden an Werktagen)<\/strong><\/p>\n<\/div>\n<h3><strong>Vielen Dank, dass Sie sich f\u00fcr pgvape.com entschieden haben! .<\/strong><\/h3>\n<\/div>","protected":false},"excerpt":{"rendered":"<p><strong>30.000 Z\u00fcge<\/strong>\u2014<strong>20 ml<\/strong>, <strong>Typ-C<\/strong> aufladen, <strong>2 %\/5 % nic<\/strong>, <strong>10 fruchtige Geschmacksrichtungen<\/strong>.<strong class=\"\">Lange Lebensdauer, kr\u00e4ftiger Geschmack, kein Aufwand.<\/strong><\/p>","protected":false},"featured_media":7621,"comment_status":"open","ping_status":"closed","template":"","meta":{"_seopress_robots_primary_cat":"none","_seopress_titles_title":"","_seopress_titles_desc":"","_seopress_robots_index":""},"product_brand":[516,513],"product_cat":[35,515,512],"product_tag":[349,90,514,620],"class_list":{"0":"post-7618","1":"product","2":"type-product","3":"status-publish","4":"has-post-thumbnail","6":"product_brand-disposable-vape","7":"product_brand-solaris-champagne-vape","8":"product_cat-30k-puffs-vape","9":"product_cat-disposable-vape","10":"product_cat-solaris-champagne-vape","11":"product_tag-30k-puffs-vape","12":"product_tag-disposable-vape","13":"product_tag-solaris-champagne-30000","14":"product_tag-solaris-vape","16":"first","17":"instock","18":"sale","19":"shipping-taxable","20":"purchasable","21":"product-type-variable"},"_links":{"self":[{"href":"https:\/\/pgvape.com\/de\/wp-json\/wp\/v2\/product\/7618","targetHints":{"allow":["GET"]}}],"collection":[{"href":"https:\/\/pgvape.com\/de\/wp-json\/wp\/v2\/product"}],"about":[{"href":"https:\/\/pgvape.com\/de\/wp-json\/wp\/v2\/types\/product"}],"replies":[{"embeddable":true,"href":"https:\/\/pgvape.com\/de\/wp-json\/wp\/v2\/comments?post=7618"}],"wp:featuredmedia":[{"embeddable":true,"href":"https:\/\/pgvape.com\/de\/wp-json\/wp\/v2\/media\/7621"}],"wp:attachment":[{"href":"https:\/\/pgvape.com\/de\/wp-json\/wp\/v2\/media?parent=7618"}],"wp:term":[{"taxonomy":"product_brand","embeddable":true,"href":"https:\/\/pgvape.com\/de\/wp-json\/wp\/v2\/product_brand?post=7618"},{"taxonomy":"product_cat","embeddable":true,"href":"https:\/\/pgvape.com\/de\/wp-json\/wp\/v2\/product_cat?post=7618"},{"taxonomy":"product_tag","embeddable":true,"href":"https:\/\/pgvape.com\/de\/wp-json\/wp\/v2\/product_tag?post=7618"}],"curies":[{"name":"wp","href":"https:\/\/api.w.org\/{rel}","templated":true}]}}