{"id":7586,"date":"2025-12-07T10:10:00","date_gmt":"2025-12-07T10:10:00","guid":{"rendered":"https:\/\/pgvape.com\/?post_type=product&#038;p=7586"},"modified":"2026-03-15T13:32:42","modified_gmt":"2026-03-15T13:32:42","slug":"bang-leader-18000-18k-puffs-einweg-vape-0-2-3-5-nikotin-12tastes-vape-direkt-ab-werk","status":"publish","type":"product","link":"https:\/\/pgvape.com\/de\/produkt\/bang-leader-18000-18k-puffs-einweg-vape-0-2-3-5-nikotin-12tastes-vape-direkt-ab-werk\/","title":{"rendered":"Bang Leader 18000 18K Puffs Einweg-Vape 0% 2% 3% 5% Nikotin 12Tastes Vape Factory Direct"},"content":{"rendered":"<p>Entwickelt f\u00fcr Zuverl\u00e4ssigkeit und Leistung <strong data-sourcepos=\"7:49-7:92\">Bang Leader 18000 Puffs Einweg-Vaporizer<\/strong> Kombiniert l\u00e4ngere Langlebigkeit mit modernem Komfort. <strong data-sourcepos=\"7:167-7:198\">650-mAh-Akku<\/strong> Mit praktisch <strong data-sourcepos=\"7:215-7:234\">Typ-C-Aufladung<\/strong>, Dieses Ger\u00e4t sorgt f\u00fcr kontinuierlichen Genuss ohne Kompromisse. <strong data-sourcepos=\"7:310-7:330\">Mesh-Spulensystem<\/strong> Verbessert die Klarheit des Geschmacks und die Dampfproduktion, w\u00e4hrend die stromlinienf\u00f6rmige, taschenfreundliche Form eine komfortable t\u00e4gliche Verwendung gew\u00e4hrleistet. .<\/p>\n<p>&nbsp;<\/p>\n<h2><span style=\"font-size: 90%;\">Bang Leader 18000 18K Puffs Einweg-Vape-Spezifikation<\/span><\/h2>\n<p><strong>Puffs<\/strong>: Bis zu <strong>18,000<\/strong><\/p>\n<p><strong>Batterie<\/strong>: <strong>650 mAh<\/strong>, <strong>Typ-C<\/strong> Schnellladung (~30 Min.)<\/p>\n<p><strong>Spule<\/strong>: <strong>1,0 \u03a9-Netz<\/strong><\/p>\n<p><strong>Nikotin<\/strong>: <strong>0 %, 2 %, 3 %, 5 %<\/strong><\/p>\n<p><strong>Design<\/strong>: Ultrad\u00fcnn, auslaufsicher, f\u00fcr die Hosentasche geeignet<\/p>\n<p><strong>Luftstrom<\/strong>: <strong>Reibungsloses MTL-Ziehen behoben<\/strong><\/p>\n<p>&nbsp;<\/p>\n<h3><span style=\"font-size: 90%;\">Bang Leader 18000 18K Puffs Einweg-Vape-Geschmacksliste<\/span><\/h3>\n<p><strong data-sourcepos=\"21:4-21:23\">1.Erdbeer-Kiwi<\/strong><\/p>\n<p><strong data-sourcepos=\"22:4-22:29\">2.Erdbeer-Wassermelone<\/strong><\/p>\n<p><strong data-sourcepos=\"23:4-23:16\">3.Red Bull<\/strong><\/p>\n<p><strong data-sourcepos=\"24:4-24:20\">4. Gemischte Fr\u00fcchte<\/strong><\/p>\n<p><strong data-sourcepos=\"25:4-25:27\">5. Blaubeer-Himbeere<\/strong><\/p>\n<p><strong data-sourcepos=\"26:4-26:28\">6. Blaubeer-Wassermelone<\/strong><\/p>\n<p><strong data-sourcepos=\"27:4-27:17\">7. Traubeneis<\/strong><\/p>\n<p><strong data-sourcepos=\"28:4-28:34\">8.Himbeer-Mojito-Pfirsich-Eis<\/strong><\/p>\n<p><strong data-sourcepos=\"29:4-29:22\">9. Wassermeloneneis<\/strong><\/p>\n<p><strong data-sourcepos=\"30:5-30:29\">10.Himbeer-Wassermelone<\/strong><\/p>\n<p><strong data-sourcepos=\"31:5-31:17\">11.Cola-Eis<\/strong><\/p>\n<p><strong data-sourcepos=\"32:5-32:31\">12.Mango-Pfirsich-Wassermelone<img loading=\"lazy\" decoding=\"async\" class=\"alignnone wp-image-7591 size-full\" src=\"https:\/\/pgvape.com\/wp-content\/uploads\/2025\/12\/Bang-Leader-18000-Puffs-Disposable-Vape-0-2-3-5-Nicotine-12Tastes-Rechargeable-Vape-Factory-Direct-3.png\" alt=\"Werbebanner f\u00fcr Bang Leader 18000 Puffs-Einweg-Vaporizer mit \u00fcbergro\u00dfen bunten Ger\u00e4ten auf Sockeln links, dem Markenlogo und der gro\u00dfen \u00dcberschrift \u201c18000 PUFFS\u201d sowie einem rechten Raster aus zw\u00f6lf aromatisierten Vape-Ger\u00e4ten, die mit Geschmacksrichtungen wie Erdbeer-Kiwi, Blaubeer-Himbeere, Traubeneis, Wassermelonen-Eis, Cola-Eis und Mango-Pfirsich-Wassermelone beschriftet sind.\" width=\"1800\" height=\"810\" srcset=\"https:\/\/pgvape.com\/wp-content\/uploads\/2025\/12\/Bang-Leader-18000-Puffs-Disposable-Vape-0-2-3-5-Nicotine-12Tastes-Rechargeable-Vape-Factory-Direct-3.png 1800w, https:\/\/pgvape.com\/wp-content\/uploads\/2025\/12\/Bang-Leader-18000-Puffs-Disposable-Vape-0-2-3-5-Nicotine-12Tastes-Rechargeable-Vape-Factory-Direct-3-555x250.png 555w, https:\/\/pgvape.com\/wp-content\/uploads\/2025\/12\/Bang-Leader-18000-Puffs-Disposable-Vape-0-2-3-5-Nicotine-12Tastes-Rechargeable-Vape-Factory-Direct-3-595x268.png 595w, https:\/\/pgvape.com\/wp-content\/uploads\/2025\/12\/Bang-Leader-18000-Puffs-Disposable-Vape-0-2-3-5-Nicotine-12Tastes-Rechargeable-Vape-Factory-Direct-3-400x180.png 400w, https:\/\/pgvape.com\/wp-content\/uploads\/2025\/12\/Bang-Leader-18000-Puffs-Disposable-Vape-0-2-3-5-Nicotine-12Tastes-Rechargeable-Vape-Factory-Direct-3-768x346.png 768w, https:\/\/pgvape.com\/wp-content\/uploads\/2025\/12\/Bang-Leader-18000-Puffs-Disposable-Vape-0-2-3-5-Nicotine-12Tastes-Rechargeable-Vape-Factory-Direct-3-1536x691.png 1536w, https:\/\/pgvape.com\/wp-content\/uploads\/2025\/12\/Bang-Leader-18000-Puffs-Disposable-Vape-0-2-3-5-Nicotine-12Tastes-Rechargeable-Vape-Factory-Direct-3-18x8.png 18w, https:\/\/pgvape.com\/wp-content\/uploads\/2025\/12\/Bang-Leader-18000-Puffs-Disposable-Vape-0-2-3-5-Nicotine-12Tastes-Rechargeable-Vape-Factory-Direct-3-600x270.png 600w\" sizes=\"auto, (max-width: 1800px) 100vw, 1800px\" \/><\/strong><\/p>\n<p>&nbsp;<\/p>\n<h3><span style=\"font-size: 90%;\">Bang Leader 18000 18K Puffs Einweg-Vape-Video:<\/span><\/h3>\n<p>&nbsp;<\/p>\n<h2 class=\"header-vfC6AV auto-hide-last-sibling-br\"><span style=\"font-size: 90%;\">H\u00e4ufig gestellte Fragen zu Bang Leader 18000 18K Puffs Einweg-Vaporizer<\/span><\/h2>\n<p>\u2753 <strong>Wie viele Z\u00fcge pro Ger\u00e4t?<\/strong><br \/>\n\u2705 Werkszertifiziert <strong>18.000 Z\u00fcge<\/strong>\u2013 wochenlanges t\u00e4gliches Dampfen.<\/p>\n<p>\u2753 <strong>Ist es wiederaufladbar?<\/strong><br \/>\n\u2705 Ja, <strong>650 mAh<\/strong> Batterie + <strong>Typ-C<\/strong> port; volle Ladung in ca. 30 Min.<\/p>\n<p>\u2753 <strong>Welche Spule ist drin?<\/strong><br \/>\n\u2705 <strong>1,0 \u03a9 Mesh-Spule<\/strong>\u2013 gr\u00f6\u00dfere Heizfl\u00e4che, dichterer Geschmack.<\/p>\n<p>\u2753 <strong>Kann ich die Nikotinst\u00e4rke w\u00e4hlen?<br \/>\n<\/strong>\u2705 <strong>0 %, 2 %, 3 %, 5 %<\/strong> Salt-Nic-Optionen \u2013 vor dem Warenkorb ausw\u00e4hlen.<\/p>\n<p>\u2753 <strong>Ist Nachf\u00fcllen oder Wartung erforderlich?<\/strong><br \/>\n\u2705 <strong>Kein Unterhalt<\/strong>\u2013 vorgef\u00fcllt, vorgeladen, zugaktiviert.<\/p>\n<p>&nbsp;<\/p>\n<h3 id=\"brxe-najhln\" class=\"brxe-heading\">H\u00e4ufig gestellte Fragen (FAQ)<\/h3>\n<div id=\"brxe-rajiac\" class=\"brxe-text\">\n<p><strong>F: Welche Zahlungsmethoden akzeptieren Sie?<\/strong><br \/>\nA: Wir akzeptieren PayPal, Stripe, Bank\u00fcberweisungen (SEPA unterst\u00fctzt), g\u00e4ngige Kreditkarten (Visa, MasterCard, American Express) und Zahlungen in Kryptow\u00e4hrung.<\/p>\n<p><strong>F: Wie lange dauert die Auftragsvorbereitung?<\/strong><br \/>\nA: Die Auftragsvorbereitung dauert 1-3 Werktage.<\/p>\n<p><strong>F: Wie lange dauert die Lieferung?<\/strong><br \/>\nA: Die Lieferzeit betr\u00e4gt je nach Standort 7\u201314 Werktage.<\/p>\n<p><strong>F: Wie kann ich meine Bestellung verfolgen?<\/strong><br \/>\nA: Nach dem Versand erhalten Sie eine Best\u00e4tigungs-E-Mail mit einer Sendungsverfolgungsnummer zur Echtzeitverfolgung.<\/p>\n<p><strong>F: Wie lauten Ihre R\u00fcckgabebedingungen?<\/strong><br \/>\nA: Wir bieten ein 30-t\u00e4giges R\u00fcckgaberecht f\u00fcr R\u00fcckerstattungen oder Umtausch. .<\/p>\n<p><strong>F: Wird es Zollprobleme geben?<br \/>\n<\/strong>Wir k\u00fcmmern uns um alle Zollabfertigungsverfahren, um Ihnen ein reibungsloses Erlebnis zu gew\u00e4hrleisten. .<\/p>\n<p><strong>F: Welche Versandarten werden verwendet?<\/strong><br \/>\nWir arbeiten mit UPS\/DHL\/FEDEX\/DPD etc. zusammen. Je nach Lieferland w\u00e4hlen wir die passende Versandoption aus, um sicherzustellen, dass Sie Ihre Produkte schnellstm\u00f6glich erhalten.<\/p>\n<p><a href=\"https:\/\/pgvape.com\/de\/faqs\/\">Klicken Sie hier f\u00fcr weitere FAQ<\/a><\/p>\n<p>Liebe Kunden, wenn Sie Fragen zu Ihrer Bestellung oder zum Wareneingang haben, wenden Sie sich bitte an unseren Kundenservice. Vielen Dank!<\/p>\n<h3 data-sourcepos=\"73:1-73:21\"><strong data-sourcepos=\"73:7-73:21\">Kontaktieren Sie uns<\/strong><\/h3>\n<div id=\"text-2419739398\" class=\"text\">\n<p><strong data-sourcepos=\"75:3-75:12\">E-Mail<\/strong>:\u00a0<a href=\"mailto:support@pgvape.com\"><strong>support@pgvape.com<\/strong><\/a><\/p>\n<p><strong data-sourcepos=\"76:3-76:15\">WhatsApp<\/strong>:\u00a0<a href=\"https:\/\/wa.me\/+8618128481258\"><strong>+86 18128481258<\/strong><\/a><br \/>\n<strong>(Antwort innerhalb von 24 Stunden an Werktagen)<\/strong><\/p>\n<\/div>\n<h3><strong>Vielen Dank, dass Sie sich f\u00fcr pgvape.com entschieden haben! .<\/strong><\/h3>\n<\/div>","protected":false},"excerpt":{"rendered":"<p><strong>Bang Leader 18000<\/strong>\u2014<strong>18.000 Z\u00fcge<\/strong>, <strong>Typ-C<\/strong> schnelle ladung, <strong>1,0 \u03a9-Netz<\/strong>, <strong>12 Geschmacksrichtungen<\/strong>, <strong>0-5 % nic<\/strong>.<strong>Langes Dampfen, schnelles Aufladen, mehr Geschmack.<\/strong><\/p>","protected":false},"featured_media":7589,"comment_status":"open","ping_status":"closed","template":"","meta":{"_seopress_robots_primary_cat":"none","_seopress_titles_title":"","_seopress_titles_desc":"","_seopress_robots_index":""},"product_brand":[54,516],"product_cat":[236,32,515],"product_tag":[499,498,90,500],"class_list":{"0":"post-7586","1":"product","2":"type-product","3":"status-publish","4":"has-post-thumbnail","6":"product_brand-bang-leader-vape","7":"product_brand-disposable-vape","8":"product_cat-18k-puffs-vape","9":"product_cat-bang-leader-vape","10":"product_cat-disposable-vape","11":"product_tag-18k-puffs-vape","12":"product_tag-bang-leader-18000","13":"product_tag-disposable-vape","14":"product_tag-fixed-smooth-mtl-draw","16":"first","17":"instock","18":"sale","19":"shipping-taxable","20":"purchasable","21":"product-type-variable"},"_links":{"self":[{"href":"https:\/\/pgvape.com\/de\/wp-json\/wp\/v2\/product\/7586","targetHints":{"allow":["GET"]}}],"collection":[{"href":"https:\/\/pgvape.com\/de\/wp-json\/wp\/v2\/product"}],"about":[{"href":"https:\/\/pgvape.com\/de\/wp-json\/wp\/v2\/types\/product"}],"replies":[{"embeddable":true,"href":"https:\/\/pgvape.com\/de\/wp-json\/wp\/v2\/comments?post=7586"}],"wp:featuredmedia":[{"embeddable":true,"href":"https:\/\/pgvape.com\/de\/wp-json\/wp\/v2\/media\/7589"}],"wp:attachment":[{"href":"https:\/\/pgvape.com\/de\/wp-json\/wp\/v2\/media?parent=7586"}],"wp:term":[{"taxonomy":"product_brand","embeddable":true,"href":"https:\/\/pgvape.com\/de\/wp-json\/wp\/v2\/product_brand?post=7586"},{"taxonomy":"product_cat","embeddable":true,"href":"https:\/\/pgvape.com\/de\/wp-json\/wp\/v2\/product_cat?post=7586"},{"taxonomy":"product_tag","embeddable":true,"href":"https:\/\/pgvape.com\/de\/wp-json\/wp\/v2\/product_tag?post=7586"}],"curies":[{"name":"wp","href":"https:\/\/api.w.org\/{rel}","templated":true}]}}