{"id":7257,"date":"2025-12-01T09:41:03","date_gmt":"2025-12-01T09:41:03","guid":{"rendered":"https:\/\/pgvape.com\/?post_type=product&#038;p=7257"},"modified":"2026-03-15T13:32:42","modified_gmt":"2026-03-15T13:32:42","slug":"bang-king-triple-100-000-100-000-puffs-3-in-1-geschmacksrichtungen-einweg-vape-triple-mesh-spulen-direkt-ab-werk","status":"publish","type":"product","link":"https:\/\/pgvape.com\/de\/produkt\/bang-king-triple-100-000-100-000-puffs-3-in-1-geschmacksrichtungen-einweg-vape-triple-mesh-spulen-direkt-ab-werk\/","title":{"rendered":"Bang King Triple 100.000 100.000 Puffs 3-in-1-Geschmacksrichtungen, Einweg-Vape-Triple-Mesh-Spulen, direkt ab Werk"},"content":{"rendered":"<p>Bang King \u2013 Der All-In-One\u00a0<strong>Vape<\/strong>\u00a0Das ist auf Langlebigkeit ausgelegt.\u00a0<strong>Mesh-Spule<\/strong>\u00a0Ist das Geheimnis \u2013 es macht jeden Zug superweich und voller Geschmack. .<\/p>\n<p>&nbsp;<\/p>\n<h2><span style=\"font-size: 90%;\">Bang King Triple 100000 100K Puffs 3 in 1 Einweg-Vape-Spezifikationen<\/span><\/h2>\n<p><strong>Nikotinspiegel<\/strong>: W\u00e4hlen Sie zwischen den Nikotinst\u00e4rken 0%, 2%, 3% oder 5% \u2013 passend f\u00fcr alle Bed\u00fcrfnisse, von nikotinfreier bis hin zu zigarettenalternativer Einnahme.<\/p>\n<p><strong>Puff Count<\/strong>: 100.000 Z\u00fcge \u2013 Lieferung verl\u00e4ngert\u00a0<strong>Dampfen<\/strong>\u00a0Dauer ohne h\u00e4ufiges Ersetzen oder Abfall.<\/p>\n<p><strong>Geschmackssystem<\/strong>: 3 Geschmacksrichtungen in 1 \u2013 Wechseln Sie ganz einfach zwischen drei verschiedenen Geschmacksrichtungen, wann immer Sie Lust auf Abwechslung haben.<\/p>\n<p><strong>Akku und Aufladen<\/strong>: 650-mAh-Akku \u2013 h\u00e4lt den ganzen Tag mit einer einzigen Ladung, mit Typ-C-Anschluss f\u00fcr 30-min\u00fctiges schnelles Auftanken.<\/p>\n<p><strong>Spulentechnologie<\/strong>: 1,0 Ohm Dreifach\u00a0<strong>Mesh-Spulen<\/strong>\u00a0\u2013 Der erweiterte Heizbereich steigert die Dampfproduktion und die Geschmacksintensit\u00e4t f\u00fcr sanfte, reichhaltigere Wolken.<\/p>\n<p>&nbsp;<\/p>\n<h3><span style=\"font-size: 90%;\">Bang King Triple 100000 100K Puffs 3 in 1 Einweg-Vape-Geschmacksliste<\/span><\/h3>\n<p>1. Wassermeloneneis &amp; Red Bull &amp; Erdbeer-Kiwi<\/p>\n<p>2. Zitronen-Limetten-Erdbeer-Wassermelonen-Blaubeereis<\/p>\n<p>3.Erdbeer-Banane &amp; Zitronen-Limette &amp; Himbeer-Wassermelone<\/p>\n<p>4.Erdbeer-Kiwi und saure Mango-Ananas und Red Bull<\/p>\n<p>5Tropische Fr\u00fcchte und Erdbeere, Wassermelone und Zitronenpfirsich<\/p>\n<p>6.Ananas-Kokosnuss &amp; Erdbeer-Banane &amp; Blue Razz<\/p>\n<p>7. Erdbeer-Himbeere &amp; Dreifache Melone &amp; Saure Mango-Ananas<\/p>\n<p>8.Himbeer-Wassermelone &amp; Erdbeer-Kiwi &amp; Mango-Pfirsich<\/p>\n<p>9.Erdbeer-Vanille-Cola &amp; Blaubeer-Himbeer-Zitronen-Limette<\/p>\n<p>10.Wassermelonen-Erdbeereis und Dreifachmelone<img loading=\"lazy\" decoding=\"async\" class=\"alignnone wp-image-7335 size-full\" src=\"https:\/\/pgvape.com\/wp-content\/uploads\/2025\/12\/Bang-King-Triple-100K-Puffs-3-in-1-Disposable-Vape-pgvape-12.png\" alt=\"Reihe von zehn farbenfrohen Einweg-Vaporizern mit stilisiertem Adler-Motiv unter der fettgedruckten \u00dcberschrift &quot;10 Geschmacksrichtungen&quot;, dar\u00fcber Ger\u00e4tesymbole f\u00fcr Typ C, 650 mAh, 18 ml\u00d73 und 1,0 \u03a9-Mesh-Spule sowie beschriftete Geschmacksrichtungsnamen mit kleinen Fruchtsymbolen unter jedem Ger\u00e4t.\" width=\"1800\" height=\"1312\" srcset=\"https:\/\/pgvape.com\/wp-content\/uploads\/2025\/12\/Bang-King-Triple-100K-Puffs-3-in-1-Disposable-Vape-pgvape-12.png 1800w, https:\/\/pgvape.com\/wp-content\/uploads\/2025\/12\/Bang-King-Triple-100K-Puffs-3-in-1-Disposable-Vape-pgvape-12-494x360.png 494w, https:\/\/pgvape.com\/wp-content\/uploads\/2025\/12\/Bang-King-Triple-100K-Puffs-3-in-1-Disposable-Vape-pgvape-12-595x434.png 595w, https:\/\/pgvape.com\/wp-content\/uploads\/2025\/12\/Bang-King-Triple-100K-Puffs-3-in-1-Disposable-Vape-pgvape-12-400x292.png 400w, https:\/\/pgvape.com\/wp-content\/uploads\/2025\/12\/Bang-King-Triple-100K-Puffs-3-in-1-Disposable-Vape-pgvape-12-768x560.png 768w, https:\/\/pgvape.com\/wp-content\/uploads\/2025\/12\/Bang-King-Triple-100K-Puffs-3-in-1-Disposable-Vape-pgvape-12-1536x1120.png 1536w, https:\/\/pgvape.com\/wp-content\/uploads\/2025\/12\/Bang-King-Triple-100K-Puffs-3-in-1-Disposable-Vape-pgvape-12-16x12.png 16w, https:\/\/pgvape.com\/wp-content\/uploads\/2025\/12\/Bang-King-Triple-100K-Puffs-3-in-1-Disposable-Vape-pgvape-12-600x437.png 600w\" sizes=\"auto, (max-width: 1800px) 100vw, 1800px\" \/><\/p>\n<p>&nbsp;<\/p>\n<h3><span style=\"font-size: 90%;\">Bang King Triple 100.000 100K Puffs 3 in 1 Einweg-Vape-Video:<\/span><\/h3>\n<p>&nbsp;<\/p>\n<h2 class=\"header-vfC6AV auto-hide-last-sibling-br\"><span style=\"font-size: 90%;\">H\u00e4ufig gestellte Fragen zu Bang King Triple 100000 100K Puffs 3 in 1 Einweg-Vaporizer<\/span><\/h2>\n<div class=\"auto-hide-last-sibling-br paragraph-pP9ZLC paragraph-element br-paragraph-space\"><strong>\u2753Welche Nikotinoptionen sind f\u00fcr diesen Vape verf\u00fcgbar?<\/strong><\/div>\n<div class=\"auto-hide-last-sibling-br paragraph-pP9ZLC paragraph-element br-paragraph-space\"><span style=\"font-size: 14.4px;\"><span style=\"font-size: 14.4px;\">\u2705W\u00e4hlen Sie zwischen den Nikotinst\u00e4rken 0%, 2%, 3% oder 5% \u2013 passend f\u00fcr nikotinfreie, nikotinreduzierte oder Zigarettenersatzbed\u00fcrfnisse.<\/span><\/span><\/div>\n<div><\/div>\n<div class=\"auto-hide-last-sibling-br paragraph-pP9ZLC paragraph-element br-paragraph-space\"><strong>\u2753Wie viele Z\u00fcge kann der Bang King 100K Vape liefern?<\/strong><\/div>\n<div class=\"auto-hide-last-sibling-br paragraph-pP9ZLC paragraph-element br-paragraph-space\"><span style=\"font-size: 14.4px;\">\u2705Es bietet bis zu 100.000 Z\u00fcge und sorgt f\u00fcr eine lange Haltbarkeit <\/span><strong style=\"font-size: 14.4px;\">Dampfen<\/strong><span style=\"font-size: 14.4px;\"><span style=\"font-size: 14.4px;\"> Ohne st\u00e4ndigen Ger\u00e4teaustausch.<\/span><\/span><\/div>\n<div><\/div>\n<div class=\"auto-hide-last-sibling-br paragraph-pP9ZLC paragraph-element br-paragraph-space\"><strong>\u2753Kann ich die Geschmacksrichtungen auf demselben Vape-Ger\u00e4t wechseln?<\/strong><\/div>\n<div class=\"auto-hide-last-sibling-br paragraph-pP9ZLC paragraph-element br-paragraph-space\"><span style=\"font-size: 14.4px;\"><span style=\"font-size: 14.4px;\">\u2705Ja, es ist ein 3-in-1-Geschmackssystem \u2013 wechseln Sie ganz einfach zwischen drei verschiedenen Geschmacksrichtungen, wann immer Sie eine Abwechslung w\u00fcnschen.<\/span><\/span><\/div>\n<div><\/div>\n<div class=\"auto-hide-last-sibling-br paragraph-pP9ZLC paragraph-element br-paragraph-space\"><strong>\u2753Wie hoch ist die Akkulaufzeit und Ladegeschwindigkeit des E-Zigaretten?<\/strong><\/div>\n<div class=\"auto-hide-last-sibling-br paragraph-pP9ZLC paragraph-element br-paragraph-space\"><span style=\"font-size: 14.4px;\"><span style=\"font-size: 14.4px;\">\u2705Ausgestattet mit einem wiederaufladbaren 650-mAh-Akku, der den ganzen Tag h\u00e4lt, und einem Typ-C-Anschluss f\u00fcr 30-min\u00fctiges Schnellladen.<\/span><\/span><\/div>\n<div class=\"auto-hide-last-sibling-br paragraph-pP9ZLC paragraph-element br-paragraph-space\"><\/div>\n<div class=\"auto-hide-last-sibling-br paragraph-pP9ZLC paragraph-element br-paragraph-space\"><strong>\u2753Wie sorgt der Vape f\u00fcr einen gleichm\u00e4\u00dfigen Geschmack und Dampf?<\/strong><\/div>\n<div class=\"auto-hide-last-sibling-br paragraph-pP9ZLC paragraph-element br-paragraph-space\">\u2705Es verf\u00fcgt \u00fcber 1,0 Ohm Triple\u00a0<strong>Mesh-Spulen<\/strong>\u00a0Mit einem erweiterten Heizbereich, der den Geschmack steigert und sanfte, reichhaltigere Wolken erzeugt.<\/div>\n<div class=\"auto-hide-last-sibling-br paragraph-pP9ZLC paragraph-element br-paragraph-space\">\n<p>&nbsp;<\/p>\n<h3 id=\"brxe-najhln\" class=\"brxe-heading\">H\u00e4ufig gestellte Fragen (FAQ)<\/h3>\n<div id=\"brxe-rajiac\" class=\"brxe-text\">\n<p><strong>F: Welche Zahlungsmethoden akzeptieren Sie?<\/strong><br \/>\nA: Wir akzeptieren PayPal, Stripe, Bank\u00fcberweisungen (SEPA unterst\u00fctzt), g\u00e4ngige Kreditkarten (Visa, MasterCard, American Express) und Zahlungen in Kryptow\u00e4hrung.<\/p>\n<p><strong>F: Wie lange dauert die Auftragsvorbereitung?<\/strong><br \/>\nA: Die Auftragsvorbereitung dauert 1-3 Werktage.<\/p>\n<p><strong>F: Wie lange dauert die Lieferung?<\/strong><br \/>\nA: Die Lieferzeit betr\u00e4gt je nach Standort 7\u201314 Werktage.<\/p>\n<p><strong>F: Wie kann ich meine Bestellung verfolgen?<\/strong><br \/>\nA: Nach dem Versand erhalten Sie eine Best\u00e4tigungs-E-Mail mit einer Sendungsverfolgungsnummer zur Echtzeitverfolgung.<\/p>\n<p><strong>F: Wie lauten Ihre R\u00fcckgabebedingungen?<\/strong><br \/>\nA: Wir bieten ein 30-t\u00e4giges R\u00fcckgaberecht f\u00fcr R\u00fcckerstattungen oder Umtausch. .<\/p>\n<p><strong>F: Wird es Zollprobleme geben?<br \/>\n<\/strong>Wir k\u00fcmmern uns um alle Zollabfertigungsverfahren, um Ihnen ein reibungsloses Erlebnis zu gew\u00e4hrleisten. .<\/p>\n<p><strong>F: Welche Versandarten werden verwendet?<\/strong><br \/>\nWir arbeiten mit UPS\/DHL\/FEDEX\/DPD etc. zusammen. Je nach Lieferland w\u00e4hlen wir die passende Versandoption aus, um sicherzustellen, dass Sie Ihre Produkte schnellstm\u00f6glich erhalten.<\/p>\n<p><a href=\"https:\/\/pgvape.com\/de\/faqs\/\">Klicken Sie hier f\u00fcr weitere FAQ<\/a><\/p>\n<p>Liebe Kunden, wenn Sie Fragen zu Ihrer Bestellung oder zum Wareneingang haben, wenden Sie sich bitte an unseren Kundenservice. Vielen Dank!<\/p>\n<h3 data-sourcepos=\"73:1-73:21\"><strong data-sourcepos=\"73:7-73:21\">Kontaktieren Sie uns<\/strong><\/h3>\n<div id=\"text-2419739398\" class=\"text\">\n<p><strong data-sourcepos=\"75:3-75:12\">E-Mail<\/strong>:\u00a0<a href=\"mailto:support@pgvape.com\"><strong>support@pgvape.com<\/strong><\/a><\/p>\n<p><strong data-sourcepos=\"76:3-76:15\">WhatsApp<\/strong>:\u00a0<a href=\"https:\/\/wa.me\/+8618128481258\"><strong>+86 18128481258<\/strong><\/a><br \/>\n<strong>(Antwort innerhalb von 24 Stunden an Werktagen)<\/strong><\/p>\n<\/div>\n<h3><strong>Vielen Dank, dass Sie sich f\u00fcr pgvape.com entschieden haben! .<\/strong><\/h3>\n<\/div>\n<\/div>","protected":false},"excerpt":{"rendered":"<p><strong>Bang King 100K<\/strong> \u2014 <strong>100.000 Z\u00fcge<\/strong>, <strong>3-in-1-Geschmacksrichtungen<\/strong>, <strong>Dreifache Mesh-Spule<\/strong>, <strong>650 mAh Typ-C<\/strong>, <strong>0-5% Nikotin<\/strong>. <strong>Ein Ger\u00e4t, drei Geschm\u00e4cker, endlose Wolken<\/strong>.<\/p>","protected":false},"featured_media":7324,"comment_status":"open","ping_status":"closed","template":"","meta":{"_seopress_robots_primary_cat":"none","_seopress_titles_title":"%%post_title%% %%sep%% %%sitetitle%%","_seopress_titles_desc":"","_seopress_robots_index":""},"product_brand":[19,516],"product_cat":[170,18,515],"product_tag":[395,24,327,488,90,489],"class_list":{"0":"post-7257","1":"product","2":"type-product","3":"status-publish","4":"has-post-thumbnail","6":"product_brand-bang-king-vape","7":"product_brand-disposable-vape","8":"product_cat-100k-puffs-vape","9":"product_cat-bang-king-vape","10":"product_cat-disposable-vape","11":"product_tag-100k-puffs-vape","12":"product_tag-3-in-1-flavors","13":"product_tag-bang-king-triple","14":"product_tag-bang-king-triple-100000","15":"product_tag-disposable-vape","16":"product_tag-triple-mesh-coils","18":"first","19":"instock","20":"sale","21":"shipping-taxable","22":"purchasable","23":"product-type-variable"},"_links":{"self":[{"href":"https:\/\/pgvape.com\/de\/wp-json\/wp\/v2\/product\/7257","targetHints":{"allow":["GET"]}}],"collection":[{"href":"https:\/\/pgvape.com\/de\/wp-json\/wp\/v2\/product"}],"about":[{"href":"https:\/\/pgvape.com\/de\/wp-json\/wp\/v2\/types\/product"}],"replies":[{"embeddable":true,"href":"https:\/\/pgvape.com\/de\/wp-json\/wp\/v2\/comments?post=7257"}],"wp:featuredmedia":[{"embeddable":true,"href":"https:\/\/pgvape.com\/de\/wp-json\/wp\/v2\/media\/7324"}],"wp:attachment":[{"href":"https:\/\/pgvape.com\/de\/wp-json\/wp\/v2\/media?parent=7257"}],"wp:term":[{"taxonomy":"product_brand","embeddable":true,"href":"https:\/\/pgvape.com\/de\/wp-json\/wp\/v2\/product_brand?post=7257"},{"taxonomy":"product_cat","embeddable":true,"href":"https:\/\/pgvape.com\/de\/wp-json\/wp\/v2\/product_cat?post=7257"},{"taxonomy":"product_tag","embeddable":true,"href":"https:\/\/pgvape.com\/de\/wp-json\/wp\/v2\/product_tag?post=7257"}],"curies":[{"name":"wp","href":"https:\/\/api.w.org\/{rel}","templated":true}]}}