{"id":7211,"date":"2025-11-29T13:06:56","date_gmt":"2025-11-29T13:06:56","guid":{"rendered":"https:\/\/pgvape.com\/?post_type=product&#038;p=7211"},"modified":"2026-03-15T13:32:42","modified_gmt":"2026-03-15T13:32:42","slug":"vapmod-archer-60000-60-000-zuge-3-stufige-eiskontrolle-einweg-vape-rgb-led-display-direkt-ab-werk","status":"publish","type":"product","link":"https:\/\/pgvape.com\/de\/produkt\/vapmod-archer-60000-60-000-zuge-3-stufige-eiskontrolle-einweg-vape-rgb-led-display-direkt-ab-werk\/","title":{"rendered":"Vapmod Archer 60000 60K Puffs 3-stufige Eiskontrolle Einweg-Vape RGB-LED-Display Vape Factory Direct"},"content":{"rendered":"<p>Begeben Sie sich mit dem auf den ultimativen Vaping-Marathon <strong data-sourcepos=\"7:49-7:84\">Archer 60K Puffs Einweg-Pod<\/strong>. <strong data-sourcepos=\"7:149-7:166\">40 ml E-Liquid<\/strong> Und angetrieben von einem zuverl\u00e4ssigen <strong data-sourcepos=\"7:193-7:211\">900-mAh-Akku<\/strong>. <strong data-sourcepos=\"7:258-7:278\">Dreifache Mesh-Spule<\/strong> Das erzeugt au\u00dfergew\u00f6hnlich dichten Dampf und reichen Geschmack. <strong data-sourcepos=\"7:346-7:369\">3-stufige ICE-Steuerung<\/strong> System und ein lebendiges <strong data-sourcepos=\"7:391-7:410\">RGB-LED-Anzeige<\/strong>, Der Archer bietet mit jedem Zug ein perfekt kalibriertes, makelloses Erlebnis. .<\/p>\n<p>&nbsp;<\/p>\n<h2><span style=\"font-size: 90%;\">Vapmod Archer 60000 60K Puffs Ice Control Einweg-Vaporizer <strong data-sourcepos=\"10:5-10:31\">Spezifikationen<\/strong><\/span><\/h2>\n<p><strong>Puff Count<\/strong>: Bis zu 60.000 Z\u00fcge \u2013 liefert ein Ultimatives\u00a0<strong>Dampfen<\/strong>\u00a0Marathon f\u00fcr langanhaltenden Genuss.<\/p>\n<p><strong>E-Liquid-Kapazit\u00e4t<\/strong>: 40 ml \u2013 vorgef\u00fcllt mit einem betr\u00e4chtlichen Volumen, um die Leistung von 60.000 Z\u00fcgen zu unterst\u00fctzen.<\/p>\n<p><strong>Batteriekapazit\u00e4t<\/strong>: 900 mAh \u2013 Robuste Stromquelle, passend zur Langlebigkeit des Ger\u00e4ts\u00a0<strong>Dampfen<\/strong>\u00a0F\u00e4higkeit.<\/p>\n<p><strong>Spulentyp<\/strong>: Dreifach\u00a0<strong>Mesh-Spule<\/strong>\u00a0\u2013 Erzeugt dicken Dampf und au\u00dfergew\u00f6hnlich reichhaltigen Geschmack f\u00fcr Premium-Puffs.<\/p>\n<p><strong>K\u00fchlsteuerung<\/strong>: 3-stufige ICE-Steuerung \u2013 passt die K\u00fchlintensit\u00e4t pr\u00e4zise an, um das optimale Erlebnis zu erzielen.<\/p>\n<p><strong>Anzeigefunktion<\/strong>: RGB-LED-Display \u2013 farbenfroher Bildschirm, der Sie \u00fcber das Wesentliche informiert\u00a0<strong>Dampfen<\/strong>\u00a0Info.<\/p>\n<p>&nbsp;<\/p>\n<h3><span style=\"font-size: 90%;\">Vapmod Archer 60000 60K Puffs Ice Control Einweg-Vaporizer <strong data-sourcepos=\"22:5-22:20\">Geschmacksliste<\/strong><\/span><\/h3>\n<p><strong data-sourcepos=\"22:5-22:20\">1. Schwarzes Traubeneis<\/strong><\/p>\n<p><strong data-sourcepos=\"22:5-22:20\">2. Blaubeereis<\/strong><\/p>\n<p><strong data-sourcepos=\"22:5-22:20\">3. Blaubeer-Himbeere<\/strong><\/p>\n<p><strong data-sourcepos=\"22:5-22:20\">4. Traubenbeereneis<\/strong><\/p>\n<p><strong data-sourcepos=\"22:5-22:20\">5. Saftiges Pfirsicheis<\/strong><\/p>\n<p><strong data-sourcepos=\"22:5-22:20\">6.Pfirsich-Wassermelonen-Mango<\/strong><\/p>\n<p><strong data-sourcepos=\"22:5-22:20\">7. Wassermeloneneis\u00a0\u00a0<\/strong><\/p>\n<p>&nbsp;<\/p>\n<h3><span style=\"font-size: 90%;\">Vapmod Archer 60000 60K Puffs Ice Control Einweg-Vaporizer <strong>Video<\/strong>::<\/span><\/h3>\n<p>&nbsp;<\/p>\n<h2><span style=\"font-size: 90%;\">H\u00e4ufig gestellte Fragen zu Vapmod Archer 60000 60K Puffs Ice Control Einweg-Vaporizer<\/span><\/h2>\n<p><strong>\u2753Wie viele Z\u00fcge kann der Archer 60K Einweg-Pod abgeben?<\/strong><br \/>\n\u2705Es bietet bis zu 60.000 Z\u00fcge und sorgt f\u00fcr ein ultimatives Dampf-Marathon-Erlebnis.<\/p>\n<p><strong>\u2753Wie hoch ist die E-Liquid-Kapazit\u00e4t dieses Vape-Ger\u00e4ts?<\/strong><br \/>\n\u2705Es ist mit 40\u00a0ml E-Liquid vorgef\u00fcllt und unterst\u00fctzt so die langanhaltende Leistung von 60.000 Z\u00fcgen.<\/p>\n<p><strong>\u2753Welche Art von Spule verwendet der Archer 60K f\u00fcr den Geschmack?<\/strong><br \/>\n\u2705Es verf\u00fcgt \u00fcber eine Triple-Mesh-Spule, die dicken Dampf und au\u00dfergew\u00f6hnlich reichhaltigen Geschmack erzeugt.<\/p>\n<p><strong>\u2753Kann ich die K\u00fchlintensit\u00e4t des Vapes anpassen?<\/strong><br \/>\n\u2705Ja, es verf\u00fcgt \u00fcber eine dreistufige Eissteuerung, um die K\u00fchlung pr\u00e4zise anzupassen und das optimale Erlebnis zu erzielen.<\/p>\n<p><strong>\u2753\u00dcber welche Stromquelle verf\u00fcgt das Ger\u00e4t?<\/strong><br \/>\n\u2705Es ist mit einem robusten 900-mAh-Akku ausgestattet, der der langlebigen Dampff\u00e4higkeit entspricht.<\/p>\n<div>\n<div class=\"auto-hide-last-sibling-br paragraph-pP9ZLC paragraph-element br-paragraph-space\"><strong>\u2753Verf\u00fcgt das Ger\u00e4t \u00fcber ein Display f\u00fcr Informationen zum Dampfen?<\/strong><br \/>\n\u2705Ja, es verf\u00fcgt \u00fcber ein farbenfrohes RGB-LED-Display, das Sie \u00fcber wichtige Nutzungsdetails informiert.<\/div>\n<div class=\"auto-hide-last-sibling-br paragraph-pP9ZLC paragraph-element br-paragraph-space\">\n<p>&nbsp;<\/p>\n<h3 id=\"brxe-najhln\" class=\"brxe-heading\">H\u00e4ufig gestellte Fragen (FAQ)<\/h3>\n<div id=\"brxe-rajiac\" class=\"brxe-text\">\n<p><strong>F: Welche Zahlungsmethoden akzeptieren Sie?<\/strong><br \/>\nA: Wir akzeptieren PayPal, Stripe, Bank\u00fcberweisungen (SEPA unterst\u00fctzt), g\u00e4ngige Kreditkarten (Visa, MasterCard, American Express) und Zahlungen in Kryptow\u00e4hrung.<\/p>\n<p><strong>F: Wie lange dauert die Auftragsvorbereitung?<\/strong><br \/>\nA: Die Auftragsvorbereitung dauert 1-3 Werktage.<\/p>\n<p><strong>F: Wie lange dauert die Lieferung?<\/strong><br \/>\nA: Die Lieferzeit betr\u00e4gt je nach Standort 7\u201314 Werktage.<\/p>\n<p><strong>F: Wie kann ich meine Bestellung verfolgen?<\/strong><br \/>\nA: Nach dem Versand erhalten Sie eine Best\u00e4tigungs-E-Mail mit einer Sendungsverfolgungsnummer zur Echtzeitverfolgung.<\/p>\n<p><strong>F: Wie lauten Ihre R\u00fcckgabebedingungen?<\/strong><br \/>\nA: Wir bieten ein 30-t\u00e4giges R\u00fcckgaberecht f\u00fcr R\u00fcckerstattungen oder Umtausch. .<\/p>\n<p><strong>F: Wird es Zollprobleme geben?<br \/>\n<\/strong>Wir k\u00fcmmern uns um alle Zollabfertigungsverfahren, um Ihnen ein reibungsloses Erlebnis zu gew\u00e4hrleisten. .<\/p>\n<p><strong>F: Welche Versandarten werden verwendet?<\/strong><br \/>\nWir arbeiten mit UPS\/DHL\/FEDEX\/DPD etc. zusammen. Je nach Lieferland w\u00e4hlen wir die passende Versandoption aus, um sicherzustellen, dass Sie Ihre Produkte schnellstm\u00f6glich erhalten.<\/p>\n<p><a href=\"https:\/\/pgvape.com\/de\/faqs\/\">Klicken Sie hier f\u00fcr weitere FAQ<\/a><\/p>\n<p>Liebe Kunden, wenn Sie Fragen zu Ihrer Bestellung oder zum Wareneingang haben, wenden Sie sich bitte an unseren Kundenservice. Vielen Dank!<\/p>\n<h3 data-sourcepos=\"73:1-73:21\"><strong data-sourcepos=\"73:7-73:21\">Kontaktieren Sie uns<\/strong><\/h3>\n<div id=\"text-2419739398\" class=\"text\">\n<p><strong data-sourcepos=\"75:3-75:12\">E-Mail<\/strong>:\u00a0<a href=\"mailto:support@pgvape.com\"><strong>support@pgvape.com<\/strong><\/a><\/p>\n<p><strong data-sourcepos=\"76:3-76:15\">WhatsApp<\/strong>:\u00a0<a href=\"https:\/\/wa.me\/+8618128481258\"><strong>+86 18128481258<\/strong><\/a><br \/>\n<strong>(Antwort innerhalb von 24 Stunden an Werktagen)<\/strong><\/p>\n<\/div>\n<h3><strong>Vielen Dank, dass Sie sich f\u00fcr pgvape.com entschieden haben! .<\/strong><\/h3>\n<\/div>\n<\/div>\n<\/div>","protected":false},"excerpt":{"rendered":"<p><span style=\"font-size: 90%;\">Vapmod <\/span>Der Archer 60K Puffs Einweg-Pod ist langlebig\u00a0<strong>Vape<\/strong>\u00a0Mit 60.000 Z\u00fcgen, 40 ml\u00a0<strong>E-Liquid<\/strong>, Dreifach\u00a0<strong>Mesh-Spule<\/strong>, 3-stufige ICE-Steuerung und RGB-Anzeige \u2013 f\u00fcr ultimative Leistung\u00a0<strong>Dampfen<\/strong>\u00a0Ausdauer und reichhaltiger Geschmack.<\/p>","protected":false},"featured_media":7221,"comment_status":"open","ping_status":"closed","template":"","meta":{"_seopress_robots_primary_cat":"none","_seopress_titles_title":"","_seopress_titles_desc":"","_seopress_robots_index":""},"product_brand":[516,483],"product_cat":[48,515,482],"product_tag":[485,315,90,486,487,484],"class_list":{"0":"post-7211","1":"product","2":"type-product","3":"status-publish","4":"has-post-thumbnail","6":"product_brand-disposable-vape","7":"product_brand-vapmod-vape","8":"product_cat-60k-puffs-vape","9":"product_cat-disposable-vape","10":"product_cat-vapmod-vape","11":"product_tag-3-level-ice-control","12":"product_tag-60k-puffs-vape","13":"product_tag-disposable-vape","14":"product_tag-rgb-led-display","15":"product_tag-triple-mesh-coil","16":"product_tag-vapmod-archer-60000","18":"first","19":"instock","20":"sale","21":"shipping-taxable","22":"purchasable","23":"product-type-variable"},"_links":{"self":[{"href":"https:\/\/pgvape.com\/de\/wp-json\/wp\/v2\/product\/7211","targetHints":{"allow":["GET"]}}],"collection":[{"href":"https:\/\/pgvape.com\/de\/wp-json\/wp\/v2\/product"}],"about":[{"href":"https:\/\/pgvape.com\/de\/wp-json\/wp\/v2\/types\/product"}],"replies":[{"embeddable":true,"href":"https:\/\/pgvape.com\/de\/wp-json\/wp\/v2\/comments?post=7211"}],"wp:featuredmedia":[{"embeddable":true,"href":"https:\/\/pgvape.com\/de\/wp-json\/wp\/v2\/media\/7221"}],"wp:attachment":[{"href":"https:\/\/pgvape.com\/de\/wp-json\/wp\/v2\/media?parent=7211"}],"wp:term":[{"taxonomy":"product_brand","embeddable":true,"href":"https:\/\/pgvape.com\/de\/wp-json\/wp\/v2\/product_brand?post=7211"},{"taxonomy":"product_cat","embeddable":true,"href":"https:\/\/pgvape.com\/de\/wp-json\/wp\/v2\/product_cat?post=7211"},{"taxonomy":"product_tag","embeddable":true,"href":"https:\/\/pgvape.com\/de\/wp-json\/wp\/v2\/product_tag?post=7211"}],"curies":[{"name":"wp","href":"https:\/\/api.w.org\/{rel}","templated":true}]}}