{"id":7181,"date":"2025-11-29T11:09:31","date_gmt":"2025-11-29T11:09:31","guid":{"rendered":"https:\/\/pgvape.com\/?post_type=product&#038;p=7181"},"modified":"2026-03-29T08:44:30","modified_gmt":"2026-03-29T08:44:30","slug":"vaprivee-50000-50-000-zuge-dual-mode-einweg-vape-im-diamant-handtaschenstil-design-direkt-ab-werk","status":"publish","type":"product","link":"https:\/\/pgvape.com\/de\/produkt\/vaprivee-50000-50-000-zuge-dual-mode-einweg-vape-im-diamant-handtaschenstil-design-direkt-ab-werk\/","title":{"rendered":"Vaprivee 50000 50K Puffs Dual Mode Einweg-Vape Diamond Handbag Style Design Vape Factory Direct"},"content":{"rendered":"<p>Vaprivee 50000 Puffs-Ger\u00e4t, ein langlebiges Ger\u00e4t\u00a0<strong>Vape<\/strong>\u00a0Gemacht f\u00fcr Benutzer, die stabile Leistung, reichhaltigen Geschmack und ein einzigartiges Aussehen w\u00fcnschen.\u00a0<strong>Vapes<\/strong>.\u00a0<strong>Mesh-Spulen<\/strong>, Mit einem verstellbaren Luftstrom und einem handgefertigten Diamantaufkleber-Finish vereint das Ger\u00e4t sowohl Stil als auch Funktion in einem kompakten Geh\u00e4use.\u00a0<strong>Dampfen<\/strong>\u00a0Erleben Sie den ganzen Tag.<\/p>\n<p>&nbsp;<\/p>\n<h2><span style=\"font-size: 90%;\">Vaprivee 50000 50K Puffs Dual Mode Einweg-Vape-Spezifikation<\/span><\/h2>\n<p><strong>Puff-Kapazit\u00e4tsmodi<\/strong>: W\u00e4hlen Sie zwischen den Modi 50K (Soft) und 30K (Boost) f\u00fcr eine l\u00e4ngere Nutzung, ideal f\u00fcr den ganzen Tag oder unterwegs\u00a0<strong>Dampfen<\/strong>.<\/p>\n<p><strong>Handwerkskunst und Design<\/strong>: Diamond Craftsmanship Finish \u2013 verf\u00fcgt \u00fcber eine handtascheninspirierte Form mit einer handgefertigten Diamantaufkleberschale f\u00fcr einen auff\u00e4lligen, hochwertigen Look und bequemen Griff.<\/p>\n<p><strong>Geschmack und E-Liquid-Kapazit\u00e4t<\/strong>: Kraftvolle Geschmacksleistung \u2013 Dual\u00a0<strong>Mesh-Spulen<\/strong>\u00a0Sorgen Sie f\u00fcr gleichm\u00e4\u00dfigen Dampf und frischen Geschmack vom ersten bis zum letzten Zug, unterst\u00fctzt durch eine gro\u00dfe 20-ml-Kapsel\u00a0<strong>E-Liquid<\/strong>\u00a0Kapazit\u00e4t.<\/p>\n<p><strong>Luftstromsystem<\/strong>: Einstellbares Luftstromsystem \u2013 Passen Sie Ihren Zug von eng bis offen an, um entweder weicheren Dampf oder intensivere Wolken zu erhalten.<\/p>\n<p><strong>Akku und Aufladen<\/strong>: Zuverl\u00e4ssiger Akku und Aufladung \u2013 Ein 900-mAh-Akku sorgt f\u00fcr stundenlange Nutzung mit praktischer Typ-C-Schnellladung.<\/p>\n<p><strong>Anzeigefunktion<\/strong>: Mega-LED-Bildschirm \u2013 zeigt deutlich den Batteriestand, den Puff-Modus und andere wichtige Informationen f\u00fcr eine einfache Bedienung an.<\/p>\n<p><strong>Nikotinoptionen<\/strong>: 0% \/ 2% \/ 3% \/ 5% Nikotin \u2013 eignet sich sowohl f\u00fcr leichte als auch f\u00fcr starke Benutzer mit anpassbaren St\u00e4rken.<\/p>\n<p>&nbsp;<\/p>\n<h3><span style=\"font-size: 90%;\">Vaprivee 50000 50K Puffs Dual Mode Einweg-Vape-Geschmacksliste<\/span><\/h3>\n<p>1.Blow Pop<\/p>\n<p>2.Blue Razz Lemon<\/p>\n<p>3. Kirschapfel<\/p>\n<p>4.Cola-Gummib\u00e4rchen<\/p>\n<p>5.Doppelte Mango<\/p>\n<p>6. Traubeneis<\/p>\n<p>7.Mangostan Rambutan Longan<\/p>\n<p>8. Miami Mint Candy<\/p>\n<p>9.Erdbeer-Himbeer-Zitrone<\/p>\n<p>10. Wassermelone, Ananas, Himbeere<\/p>\n<p>11.Wassermelone<\/p>\n<p>12.Wei\u00dfe Pfirsich-Himbeere<\/p>\n<p>&nbsp;<\/p>\n<h3><span style=\"font-size: 90%;\">Vaprivee 50000 50K Puffs Dual Mode Einweg-Vape-Video:<\/span><\/h3>\n<p><iframe loading=\"lazy\" title=\"Vaprivee 50K Puffs Dual Mode Einweg-Vape Diamond Handbag Style Design Vape Factory Direct pgvape\" width=\"563\" height=\"1000\" src=\"https:\/\/www.youtube.com\/embed\/QGCQr7F2wOE?feature=oembed\" frameborder=\"0\" allow=\"accelerometer; autoplay; clipboard-write; encrypted-media; gyroscope; picture-in-picture; web-share\" referrerpolicy=\"strict-origin-when-cross-origin\" allowfullscreen><\/iframe><\/p>\n<p>&nbsp;<\/p>\n<h2 class=\"header-vfC6AV auto-hide-last-sibling-br\"><span style=\"font-size: 90%;\">H\u00e4ufig gestellte Fragen zu Vaprivee 50000 50K Puffs Dual Mode Einweg-Vaporizer<\/span><\/h2>\n<p data-sourcepos=\"37:1-39:109\">\u2753 <strong data-sourcepos=\"38:3-38:36\">Wie hoch ist die Gesamtzahl der Puffs?<\/strong><br \/>\n\u2705 Das Ger\u00e4t bietet beides <strong data-sourcepos=\"39:30-39:46\">50.000 Z\u00fcge<\/strong> Im Normalmodus bzw <strong data-sourcepos=\"39:65-39:81\">30.000 Z\u00fcge<\/strong> Bei Verwendung der Boost-Einstellung.<\/p>\n<p data-sourcepos=\"41:1-42:68\">\u2753 <strong data-sourcepos=\"41:3-41:39\">Verf\u00fcgt es \u00fcber einen einstellbaren Luftstrom?<\/strong><br \/>\n\u2705 Ja, das <strong data-sourcepos=\"42:12-42:28\">Luftstromregler<\/strong> Erm\u00f6glicht Ihnen die Personalisierung Ihres Zeichenstils.<\/p>\n<p data-sourcepos=\"44:1-45:69\">\u2753 <strong data-sourcepos=\"44:3-44:34\">Ist die Batterie austauschbar?<\/strong><br \/>\n\u2705 Nein, aber es verf\u00fcgt \u00fcber einen gro\u00dfen integrierten <strong data-sourcepos=\"45:35-45:66\">900-mAh-Akku<\/strong>.<\/p>\n<p data-sourcepos=\"47:1-48:78\">\u2753 <strong data-sourcepos=\"47:3-47:44\">Welche Nikotinst\u00e4rken werden angeboten?<br \/>\n<\/strong> \u2705 Sie k\u00f6nnen aus ausw\u00e4hlen <strong data-sourcepos=\"48:23-48:44\">0%, 2%, 3% oder 5%<\/strong> Um unterschiedliche Vorlieben zu erf\u00fcllen.<\/p>\n<p data-sourcepos=\"50:1-51:78\">\u2753 <strong data-sourcepos=\"50:3-50:48\">Woher wei\u00df ich, wann die E-Fl\u00fcssigkeit zur Neige geht?<\/strong><br \/>\n\u2705 Durch das durchsichtige Seitenfenster k\u00f6nnen Sie den Fl\u00fcssigkeitsstand jederzeit visuell \u00fcberpr\u00fcfen.<\/p>\n<p>&nbsp;<\/p>\n<h3 id=\"brxe-najhln\" class=\"brxe-heading\">H\u00e4ufig gestellte Fragen (FAQ)<\/h3>\n<div id=\"brxe-rajiac\" class=\"brxe-text\">\n<p><strong>F: Welche Zahlungsmethoden akzeptieren Sie?<\/strong><br \/>\nA: Wir akzeptieren PayPal, Stripe, Bank\u00fcberweisungen (SEPA unterst\u00fctzt), g\u00e4ngige Kreditkarten (Visa, MasterCard, American Express) und Zahlungen in Kryptow\u00e4hrung.<\/p>\n<p><strong>F: Wie lange dauert die Auftragsvorbereitung?<\/strong><br \/>\nA: Die Auftragsvorbereitung dauert 1-3 Werktage.<\/p>\n<p><strong>F: Wie lange dauert die Lieferung?<\/strong><br \/>\nA: Die Lieferzeit betr\u00e4gt je nach Standort 7\u201314 Werktage.<\/p>\n<p><strong>F: Wie kann ich meine Bestellung verfolgen?<\/strong><br \/>\nA: Nach dem Versand erhalten Sie eine Best\u00e4tigungs-E-Mail mit einer Sendungsverfolgungsnummer zur Echtzeitverfolgung.<\/p>\n<p><strong>F: Wie lauten Ihre R\u00fcckgabebedingungen?<\/strong><br \/>\nA: Wir bieten ein 30-t\u00e4giges R\u00fcckgaberecht f\u00fcr R\u00fcckerstattungen oder Umtausch. .<\/p>\n<p><strong>F: Wird es Zollprobleme geben?<br \/>\n<\/strong>Wir k\u00fcmmern uns um alle Zollabfertigungsverfahren, um Ihnen ein reibungsloses Erlebnis zu gew\u00e4hrleisten. .<\/p>\n<p><strong>F: Welche Versandarten werden verwendet?<\/strong><br \/>\nWir arbeiten mit UPS\/DHL\/FEDEX\/DPD etc. zusammen. Je nach Lieferland w\u00e4hlen wir die passende Versandoption aus, um sicherzustellen, dass Sie Ihre Produkte schnellstm\u00f6glich erhalten.<\/p>\n<p><a href=\"https:\/\/pgvape.com\/de\/faqs\/\">Klicken Sie hier f\u00fcr weitere FAQ<\/a><\/p>\n<p>Liebe Kunden, wenn Sie Fragen zu Ihrer Bestellung oder zum Wareneingang haben, wenden Sie sich bitte an unseren Kundenservice. Vielen Dank!<\/p>\n<h3 data-sourcepos=\"73:1-73:21\"><strong data-sourcepos=\"73:7-73:21\">Kontaktieren Sie uns<\/strong><\/h3>\n<div id=\"text-2419739398\" class=\"text\">\n<p><strong data-sourcepos=\"75:3-75:12\">E-Mail<\/strong>:\u00a0<a href=\"mailto:support@pgvape.com\"><strong>support@pgvape.com<\/strong><\/a><\/p>\n<p><strong data-sourcepos=\"76:3-76:15\">WhatsApp<\/strong>:\u00a0<a href=\"https:\/\/wa.me\/+8618128481258\"><strong>+86 18128481258<\/strong><\/a><br \/>\n<strong>(Antwort innerhalb von 24 Stunden an Werktagen)<\/strong><\/p>\n<\/div>\n<h3><strong>Vielen Dank, dass Sie sich f\u00fcr pgvape.com entschieden haben! .<\/strong><\/h3>\n<\/div>","protected":false},"excerpt":{"rendered":"<p>Vaprivee 50000 Puffs ist eine stilvolle Handtasche im Handtaschendesign\u00a0<strong>Vape<\/strong>\u00a0Mit Dual\u00a0<strong>Mesh-Spulen<\/strong>, 20ml\u00a0<strong>E-Liquid<\/strong>, 50K\/30K Puff-Modi, einstellbarer Luftstrom und 0%-5% Nikotinoptionen \u2013 f\u00fcr langanhaltendes, modisches Ergebnis\u00a0<strong>Dampfen<\/strong>\u00a0Vergn\u00fcgen.<\/p>","protected":false},"featured_media":7193,"comment_status":"open","ping_status":"closed","template":"","meta":{"_seopress_robots_primary_cat":"none","_seopress_titles_title":"","_seopress_titles_desc":"","_seopress_robots_index":""},"product_brand":[516,478],"product_cat":[61,515,477],"product_tag":[318,480,90,415,475,479],"class_list":{"0":"post-7181","1":"product","2":"type-product","3":"status-publish","4":"has-post-thumbnail","6":"product_brand-disposable-vape","7":"product_brand-vaprivee-vape","8":"product_cat-50k-puffs-vape","9":"product_cat-disposable-vape","10":"product_cat-vaprivee-vape","11":"product_tag-50k-puffs-vape","12":"product_tag-diamond-handbag-style-design","13":"product_tag-disposable-vape","14":"product_tag-dual-mode","15":"product_tag-mtlmouth-to-lung","16":"product_tag-vaprivee-50000","18":"first","19":"instock","20":"sale","21":"shipping-taxable","22":"purchasable","23":"product-type-variable"},"_links":{"self":[{"href":"https:\/\/pgvape.com\/de\/wp-json\/wp\/v2\/product\/7181","targetHints":{"allow":["GET"]}}],"collection":[{"href":"https:\/\/pgvape.com\/de\/wp-json\/wp\/v2\/product"}],"about":[{"href":"https:\/\/pgvape.com\/de\/wp-json\/wp\/v2\/types\/product"}],"replies":[{"embeddable":true,"href":"https:\/\/pgvape.com\/de\/wp-json\/wp\/v2\/comments?post=7181"}],"wp:featuredmedia":[{"embeddable":true,"href":"https:\/\/pgvape.com\/de\/wp-json\/wp\/v2\/media\/7193"}],"wp:attachment":[{"href":"https:\/\/pgvape.com\/de\/wp-json\/wp\/v2\/media?parent=7181"}],"wp:term":[{"taxonomy":"product_brand","embeddable":true,"href":"https:\/\/pgvape.com\/de\/wp-json\/wp\/v2\/product_brand?post=7181"},{"taxonomy":"product_cat","embeddable":true,"href":"https:\/\/pgvape.com\/de\/wp-json\/wp\/v2\/product_cat?post=7181"},{"taxonomy":"product_tag","embeddable":true,"href":"https:\/\/pgvape.com\/de\/wp-json\/wp\/v2\/product_tag?post=7181"}],"curies":[{"name":"wp","href":"https:\/\/api.w.org\/{rel}","templated":true}]}}