{"id":6985,"date":"2025-11-25T09:02:33","date_gmt":"2025-11-25T09:02:33","guid":{"rendered":"https:\/\/pgvape.com\/?post_type=product&#038;p=6985"},"modified":"2025-12-15T11:55:06","modified_gmt":"2025-12-15T11:55:06","slug":"bang-king-triple-100-000-100-000-puffs-einweg-vape-weihnachtsspezial-3-in-1-geschmacksrichtungen-limitierte-weihnachtsgeschenkbox","status":"publish","type":"product","link":"https:\/\/pgvape.com\/de\/produkt\/bang-king-triple-100-000-100-000-puffs-einweg-vape-weihnachtsspezial-3-in-1-geschmacksrichtungen-limitierte-weihnachtsgeschenkbox\/","title":{"rendered":"Bang King Triple 100000 100K Puffs Einweg-Vape-Weihnachtsangebot \u2013 3-in-1-Geschmacksrichtungen, limitierte Weihnachtsgeschenkbox"},"content":{"rendered":"<p>Feiern Sie die Weihnachtszeit mit der Bang King Triple 100K Christmas Edition, die \u00fcber ein magisches, anpassbares 3-in-1-Geschmackssystem und ein riesiges Fassungsverm\u00f6gen von 100.000 Z\u00fcgen f\u00fcr lang anhaltende Festfreude verf\u00fcgt.\u00a0<strong>Mesh-Spule<\/strong>\u00a0Technologie f\u00fcr reichhaltigeren Geschmack und dichteren Dampf, ausgestattet mit einem wiederaufladbaren Akku mit hoher Kapazit\u00e4t + Typ-C-Schnellladung und verf\u00fcgt \u00fcber eine auslaufsichere Dreikammerstruktur f\u00fcr eine gleichm\u00e4\u00dfige Nikotin- und starke Geschmacksabgabe.\u00a0<strong>Vape<\/strong>\u00a0Ger\u00e4t f\u00fcr die festliche Jahreszeit.<\/p>\n<p>&nbsp;<\/p>\n<h2><span style=\"font-size: 90%;\">Bang King Triple 100K Puffs Weihnachts-Sonderspezifikationen<\/span><\/h2>\n<p><strong>Editionstyp<\/strong>: Geschenkbox in limitierter Weihnachtsedition \u2013 komplettes Set mit 12 Ger\u00e4ten<\/p>\n<p><strong>Puff Count<\/strong>: 100.000 Z\u00fcge pro Ger\u00e4t f\u00fcr extrem langen saisonalen Genuss<\/p>\n<p><strong>Geschmackssystem<\/strong>: Einstellbares 3-in-1-Geschmackssystem (3 x 24 ml).\u00a0<strong>E-Liquid<\/strong>) \u2013 Wechseln Sie zwischen 3 reinen Geschmacksrichtungen oder mischen Sie sie f\u00fcr einzigartige Erlebnisse<\/p>\n<p><strong>Designstil<\/strong>: Feiertagsdesign mit Schneeflockengrafiken und festlichen Farben<\/p>\n<p><strong>Spulentechnologie<\/strong>:\u00a0<strong>Mesh-Spule<\/strong>\u00a0Technologie f\u00fcr reichhaltigeren Geschmack und dichteren Dampf<\/p>\n<p><strong>Akku und Aufladen<\/strong>: Akku mit hoher Kapazit\u00e4t + Aufladung vom Typ C<\/p>\n<p><strong>Strukturmerkmal<\/strong>: Anti-Leck-Dreikammerstruktur<\/p>\n<p><strong>Ausgabeleistung<\/strong>: Sanfter Nikotin- und starker Geschmacksaussto\u00df<\/p>\n<p><strong>Anwendbare Szenarien<\/strong>: Perfekt f\u00fcr Geschenke, Einzelhandelspr\u00e4sentationen und Weihnachtskampagnen<\/p>\n<p>&nbsp;<\/p>\n<h3><span style=\"font-size: 90%;\">Bang King Triple 100K Puffs Weihnachts-Spezialgeschmacksliste<\/span><\/h3>\n<p>1. Wassermeloneneis &amp; Red Bull &amp; Erdbeer-Kiwi<\/p>\n<p>2. Zitronen-Limetten-Erdbeer-Wassermelonen-Blaubeereis<\/p>\n<p>3.Erdbeer-Banane &amp; Himbeer-Wassermelone &amp; rosa Limonade<\/p>\n<p>4.Blue Razz Cherry &amp; Cool Mint &amp; Peach Mango<\/p>\n<p>5. Tropische Fr\u00fcchte und Erdbeere, Wassermelone und Zitronenpfirsich<\/p>\n<p>6.Ananas-Kokosnuss &amp; Erdbeer-Banane &amp; Blue Razz<\/p>\n<p>7.Erdbeer-Vanille-Pfirsich-Eis und Black-Dragon-Eis<\/p>\n<p>8. \u00dcppiges Eis und Kiwi, Passionsfrucht, Guave und Strohmango<\/p>\n<p>9.Erdbeer-Wassermelone &amp; Wassermelonen-Eis &amp; Blue Razz-Eis<\/p>\n<p>10.Beerenlimonade &amp; Erdbeer-Red Bull &amp; Erdbeer-Pomp<\/p>\n<p>11. Doppeltes Apfel-, Frucht- und Ananaseis<\/p>\n<p>12.Cola Ice &amp; Mr Blue &amp; Cherry Cola<img loading=\"lazy\" decoding=\"async\" class=\"alignnone wp-image-6991 size-full\" src=\"https:\/\/pgvape.com\/wp-content\/uploads\/2025\/11\/pgvape-Bang-King-Triple-100K-Puffs-Christmas-Special-3.png\" alt=\"Zw\u00f6lf farbenfrohe Einweg-Vaporizer, die in zwei Reihen unter einer gro\u00dfen \u00dcberschrift &quot;3 in 1&quot; und &quot;12 Geschmacksrichtungen&quot; angeordnet sind. Jede Tube zeigt eine einzigartige festliche oder fruchtbezogene Illustration und einen Geschmacksnamen sowie kleine Spezifikationssymbole (Typ-C, 600 mAh, 24 ml \u00d7 3) an der Oberseite.\" width=\"1500\" height=\"1305\" srcset=\"https:\/\/pgvape.com\/wp-content\/uploads\/2025\/11\/pgvape-Bang-King-Triple-100K-Puffs-Christmas-Special-3.png 1500w, https:\/\/pgvape.com\/wp-content\/uploads\/2025\/11\/pgvape-Bang-King-Triple-100K-Puffs-Christmas-Special-3-414x360.png 414w, https:\/\/pgvape.com\/wp-content\/uploads\/2025\/11\/pgvape-Bang-King-Triple-100K-Puffs-Christmas-Special-3-595x518.png 595w, https:\/\/pgvape.com\/wp-content\/uploads\/2025\/11\/pgvape-Bang-King-Triple-100K-Puffs-Christmas-Special-3-400x348.png 400w, https:\/\/pgvape.com\/wp-content\/uploads\/2025\/11\/pgvape-Bang-King-Triple-100K-Puffs-Christmas-Special-3-768x668.png 768w, https:\/\/pgvape.com\/wp-content\/uploads\/2025\/11\/pgvape-Bang-King-Triple-100K-Puffs-Christmas-Special-3-14x12.png 14w, https:\/\/pgvape.com\/wp-content\/uploads\/2025\/11\/pgvape-Bang-King-Triple-100K-Puffs-Christmas-Special-3-600x522.png 600w\" sizes=\"auto, (max-width: 1500px) 100vw, 1500px\" \/><\/p>\n<p>&nbsp;<\/p>\n<h3><span style=\"font-size: 90%;\">Bang King Triple 100K Puffs Weihnachts-Spezialvideo<strong>::<\/strong><\/span><\/h3>\n<p>&nbsp;<\/p>\n<h2 class=\"header-vfC6AV auto-hide-last-sibling-br\"><span style=\"font-size: 90%;\">FAQs zum Bang King Triple 100K Puffs Weihnachtsangebot<\/span><\/h2>\n<div class=\"auto-hide-last-sibling-br paragraph-pP9ZLC paragraph-element br-paragraph-space\">\n<p>\u2753Wie viele Z\u00fcge bietet das Bang King Triple 100K an?<br \/>\n<span style=\"font-size: 14.4px;\">\u2705Es liefert bis zu 100.000 Z\u00fcge, abh\u00e4ngig von den pers\u00f6nlichen Nutzungsgewohnheiten.<\/span><\/p>\n<\/div>\n<div class=\"auto-hide-last-sibling-br paragraph-pP9ZLC paragraph-element br-paragraph-space\">\n<p>\u2753Tut dies\u00a0<strong>Vape<\/strong>\u00a0Ger\u00e4tenutzung\u00a0<strong>Mesh-Spule<\/strong>\u00a0Technologie?<br \/>\n<span style=\"font-size: 14.4px;\">\u2705Ja. <\/span><strong style=\"font-size: 14.4px;\">Mesh-Spule<\/strong><span style=\"font-size: 14.4px;\">\u00a0F\u00fcr st\u00e4rkeren Dampf, schnelleres Erhitzen und bessere Geschmacksklarheit.<\/span><\/p>\n<\/div>\n<div class=\"auto-hide-last-sibling-br paragraph-pP9ZLC paragraph-element br-paragraph-space\">\n<p>\u2753Gibt es drei Geschmacksrichtungen in einem?\u00a0<strong>Vape<\/strong>\u00a0Ger\u00e4t?<br \/>\n<span style=\"font-size: 14.4px;\">\u2705Ja. .<\/span><\/p>\n<\/div>\n<div class=\"auto-hide-last-sibling-br paragraph-pP9ZLC paragraph-element br-paragraph-space\">\n<p>\u2753Ist das\u00a0<strong>Vape<\/strong>\u00a0Ist der Akku des Ger\u00e4ts wiederaufladbar?<br \/>\n<span style=\"font-size: 14.4px;\">\u2705Ja, es wird mit einem wiederaufladbaren Akku geliefert, der die volle Leistung gew\u00e4hrleistet <\/span><strong style=\"font-size: 14.4px;\">E-Liquid<\/strong><span style=\"font-size: 14.4px;\">\u00a0Kapazit\u00e4t kann genutzt werden.<\/span><\/p>\n<\/div>\n<div class=\"auto-hide-last-sibling-br paragraph-pP9ZLC paragraph-element br-paragraph-space\">\n<p>\u2753Wie lange dauert die\u00a0<strong>Vape<\/strong>\u00a0Ger\u00e4t zuletzt?<br \/>\n<span style=\"font-size: 14.4px;\">\u2705Die Lebensdauer variiert je nach Puffh\u00e4ufigkeit, betr\u00e4gt jedoch bei den meisten Benutzern normalerweise Wochen bis Monate.<\/span><\/p>\n<\/div>\n<div class=\"auto-hide-last-sibling-br paragraph-pP9ZLC paragraph-element br-paragraph-space\">\n<p>\u2753Ist The Bang King Triple 100K\u00a0<strong>Vape<\/strong>\u00a0Ger\u00e4t sicher zu verwenden?<br \/>\n<span style=\"font-size: 14.4px;\">\u2705Ja. <\/span><strong style=\"font-size: 14.4px;\">E-Liquid<\/strong><span style=\"font-size: 14.4px;\">\u00a0Zutaten.<\/span><\/p>\n<\/div>\n<div class=\"auto-hide-last-sibling-br paragraph-pP9ZLC paragraph-element br-paragraph-space\">\u2753Kann ich nur ein paar Artikel aus dem Geschenkset kaufen?<br \/>\n\u2705Nein, es handelt sich um ein Weihnachtsgeschenkset in limitierter Auflage und einzelne Artikel sind nicht zum Kauf verf\u00fcgbar. .<\/div>\n<div class=\"auto-hide-last-sibling-br paragraph-pP9ZLC paragraph-element br-paragraph-space\">\n<p>&nbsp;<\/p>\n<h3 id=\"brxe-najhln\" class=\"brxe-heading\">H\u00e4ufig gestellte Fragen (FAQ)<\/h3>\n<div id=\"brxe-rajiac\" class=\"brxe-text\">\n<p><strong>F: Welche Zahlungsmethoden akzeptieren Sie?<\/strong><br \/>\nA: Wir akzeptieren PayPal, Stripe, Bank\u00fcberweisungen (SEPA unterst\u00fctzt), g\u00e4ngige Kreditkarten (Visa, MasterCard, American Express) und Zahlungen in Kryptow\u00e4hrung.<\/p>\n<p><strong>F: Wie lange dauert die Auftragsvorbereitung?<\/strong><br \/>\nA: Die Auftragsvorbereitung dauert 1-3 Werktage.<\/p>\n<p><strong>F: Wie lange dauert die Lieferung?<\/strong><br \/>\nA: Die Lieferzeit betr\u00e4gt je nach Standort 7\u201314 Werktage.<\/p>\n<p><strong>F: Wie kann ich meine Bestellung verfolgen?<\/strong><br \/>\nA: Nach dem Versand erhalten Sie eine Best\u00e4tigungs-E-Mail mit einer Sendungsverfolgungsnummer zur Echtzeitverfolgung.<\/p>\n<p><strong>F: Wie lauten Ihre R\u00fcckgabebedingungen?<\/strong><br \/>\nA: Wir bieten ein 30-t\u00e4giges R\u00fcckgaberecht f\u00fcr R\u00fcckerstattungen oder Umtausch. .<\/p>\n<p><strong>F: Wird es Zollprobleme geben?<br \/>\n<\/strong>Wir k\u00fcmmern uns um alle Zollabfertigungsverfahren, um Ihnen ein reibungsloses Erlebnis zu gew\u00e4hrleisten. .<\/p>\n<p><strong>F: Welche Versandarten werden verwendet?<\/strong><br \/>\nWir arbeiten mit UPS\/DHL\/FEDEX\/DPD etc. zusammen. Je nach Lieferland w\u00e4hlen wir die passende Versandoption aus, um sicherzustellen, dass Sie Ihre Produkte schnellstm\u00f6glich erhalten.<\/p>\n<p><a href=\"https:\/\/pgvape.com\/de\/faqs\/\">Klicken Sie hier f\u00fcr weitere FAQ<\/a><\/p>\n<p>Liebe Kunden, wenn Sie Fragen zu Ihrer Bestellung oder zum Wareneingang haben, wenden Sie sich bitte an unseren Kundenservice. Vielen Dank!<\/p>\n<h3 data-sourcepos=\"73:1-73:21\"><strong data-sourcepos=\"73:7-73:21\">Kontaktieren Sie uns<\/strong><\/h3>\n<div id=\"text-2419739398\" class=\"text\">\n<p><strong data-sourcepos=\"75:3-75:12\">E-Mail<\/strong>:\u00a0<a href=\"mailto:support@pgvape.com\"><strong>support@pgvape.com<\/strong><\/a><\/p>\n<p><strong data-sourcepos=\"76:3-76:15\">WhatsApp<\/strong>:\u00a0<a href=\"https:\/\/wa.me\/+8618128481258\"><strong>+86 18128481258<\/strong><\/a><br \/>\n<strong>(Antwort innerhalb von 24 Stunden an Werktagen)<\/strong><\/p>\n<\/div>\n<h3><strong>Vielen Dank, dass Sie sich f\u00fcr pgvape.com entschieden haben! .<\/strong><\/h3>\n<\/div>\n<\/div>","protected":false},"excerpt":{"rendered":"<p>Die Bang King Triple 100K Christmas Edition ist limitiert\u00a0<strong>Vape<\/strong>\u00a0Ger\u00e4t mit 100.000 Z\u00fcgen, einstellbarem 3-in-1-Geschmackssystem (3 x 24 ml).\u00a0<strong>E-Liquid<\/strong>),\u00a0<strong>Mesh-Spule<\/strong>\u00a0Technologie, wiederaufladbarer Akku und festliches Design \u2013 ideal als Weihnachtsgeschenk und langlebig\u00a0<strong>Dampfen<\/strong>\u00a0Freude.<\/p>","protected":false},"featured_media":6989,"comment_status":"open","ping_status":"closed","template":"","meta":{"_seopress_robots_primary_cat":"none","_seopress_titles_title":"","_seopress_titles_desc":"","_seopress_robots_index":""},"product_brand":[19,516],"product_cat":[170,18,515],"product_tag":[395,24,327,474,475],"class_list":{"0":"post-6985","1":"product","2":"type-product","3":"status-publish","4":"has-post-thumbnail","6":"product_brand-bang-king-vape","7":"product_brand-disposable-vape","8":"product_cat-100k-puffs-vape","9":"product_cat-bang-king-vape","10":"product_cat-disposable-vape","11":"product_tag-100k-puffs-vape","12":"product_tag-3-in-1-flavors","13":"product_tag-bang-king-triple","14":"product_tag-christmas-special","15":"product_tag-mtlmouth-to-lung","17":"first","18":"instock","19":"sale","20":"shipping-taxable","21":"purchasable","22":"product-type-variable"},"_links":{"self":[{"href":"https:\/\/pgvape.com\/de\/wp-json\/wp\/v2\/product\/6985","targetHints":{"allow":["GET"]}}],"collection":[{"href":"https:\/\/pgvape.com\/de\/wp-json\/wp\/v2\/product"}],"about":[{"href":"https:\/\/pgvape.com\/de\/wp-json\/wp\/v2\/types\/product"}],"replies":[{"embeddable":true,"href":"https:\/\/pgvape.com\/de\/wp-json\/wp\/v2\/comments?post=6985"}],"wp:featuredmedia":[{"embeddable":true,"href":"https:\/\/pgvape.com\/de\/wp-json\/wp\/v2\/media\/6989"}],"wp:attachment":[{"href":"https:\/\/pgvape.com\/de\/wp-json\/wp\/v2\/media?parent=6985"}],"wp:term":[{"taxonomy":"product_brand","embeddable":true,"href":"https:\/\/pgvape.com\/de\/wp-json\/wp\/v2\/product_brand?post=6985"},{"taxonomy":"product_cat","embeddable":true,"href":"https:\/\/pgvape.com\/de\/wp-json\/wp\/v2\/product_cat?post=6985"},{"taxonomy":"product_tag","embeddable":true,"href":"https:\/\/pgvape.com\/de\/wp-json\/wp\/v2\/product_tag?post=6985"}],"curies":[{"name":"wp","href":"https:\/\/api.w.org\/{rel}","templated":true}]}}