{"id":6772,"date":"2025-11-18T10:43:49","date_gmt":"2025-11-18T10:43:49","guid":{"rendered":"https:\/\/pgvape.com\/?post_type=product&#038;p=6772"},"modified":"2026-03-15T13:32:42","modified_gmt":"2026-03-15T13:32:42","slug":"jnr-panda-25500-puffs-einweg-vape-2-x-10-ml-nachfullflaschen-direkt-ab-werk","status":"publish","type":"product","link":"https:\/\/pgvape.com\/de\/produkt\/jnr-panda-25500-puffs-einweg-vape-2-x-10-ml-nachfullflaschen-direkt-ab-werk\/","title":{"rendered":"JNR PANDA 25500 Puffs Einweg-Vape \u2013 2 x 10 ml Nachf\u00fcllflaschen, direkt ab Werk"},"content":{"rendered":"<p data-sourcepos=\"9:1-9:398\">Betreten Sie die n\u00e4chste Generation des Dampfens mit dem <strong data-sourcepos=\"9:46-9:71\">JNR PANDA 25500 Puffs<\/strong>, Diese innovative Einweg- und wiederaufladbare E-Zigarette verschiebt die Grenzen mit bis zu <strong data-sourcepos=\"9:189-9:205\">25.500 Z\u00fcge<\/strong>, Dank seines innovativen E-Liquid-Reservoirsystems und einer hohen Leistung <strong data-sourcepos=\"9:281-9:299\">850-mAh-Akku<\/strong>. <strong data-sourcepos=\"11:72-11:85\">JNR PANDA<\/strong> integriert a <strong data-sourcepos=\"11:99-11:117\">Dual-Mesh-Spule<\/strong>, ein mehrfarbiges Atemlicht und eine Batteriestandsanzeige.<\/p>\n<p>&nbsp;<\/p>\n<h2><span style=\"font-size: 90%;\">JNR PANDA 25500 Puffs Einweg-Vaporizer <strong data-sourcepos=\"10:5-10:31\">Spezifikationen<\/strong><\/span><\/h2>\n<p><strong data-sourcepos=\"20:5-20:19\">Puff Count<\/strong>: Ungef\u00e4hr 25.500 Z\u00fcge<\/p>\n<p><strong data-sourcepos=\"21:5-21:26\">Nikotinst\u00e4rke<\/strong>: 2% (20 mg Nikotinsalze)<\/p>\n<p><strong data-sourcepos=\"22:5-22:26\">E-Liquid inklusive<\/strong>:\u00a0<strong data-sourcepos=\"22:28-22:55\">2 x 10 ml Nachf\u00fcllflaschen<\/strong><\/p>\n<p><strong data-sourcepos=\"23:5-23:16\">Batterie<\/strong>: 850 mAh, wiederaufladbar \u00fcber\u00a0<strong data-sourcepos=\"23:43-23:58\">Typ-C-Anschluss<\/strong><\/p>\n<p><strong data-sourcepos=\"24:5-24:13\">Spule<\/strong>:\u00a0<strong data-sourcepos=\"24:15-24:33\">Dual-Mesh-Spule<\/strong><\/p>\n<p><strong data-sourcepos=\"25:5-25:17\">Merkmale<\/strong>: Intelligenter Batteriebildschirm, mehrfarbige, atmende LED<\/p>\n<p>&nbsp;<\/p>\n<h3><span style=\"font-size: 90%;\">JNR PANDA 25500 Puffs Einweg-Vaporizer <strong data-sourcepos=\"22:5-22:20\">Geschmacksliste<\/strong><\/span><\/h3>\n<p>1.Gefrorene Waldbeeren<\/p>\n<p>2. Blaubeer-Sauer-Himbeere<\/p>\n<p>3. Neue eisige Wassermelone<\/p>\n<p>4. Neuer Doppelapfel<\/p>\n<p>5. Neuer eisiger Pfirsich<\/p>\n<p>6. Eisige Kirsche<\/p>\n<p>7. Eisige Erdbeere<\/p>\n<p>8.Wassermelonen-Erdbeere*<\/p>\n<p>9.Neue Erdbeer-Kiwi*<\/p>\n<p>10.Sommerferien*<img loading=\"lazy\" decoding=\"async\" class=\"alignnone wp-image-6785 size-full\" src=\"https:\/\/pgvape.com\/wp-content\/uploads\/2025\/11\/pgvape-JNR-PANDA-25500-Puffs-Disposable-Vape-5.png\" alt=\"Zehn farbenfrohe Einweg-Vaporizer von JNR Panda mit metallischen Oberteilen, die vor einem blauen Hintergrund unter der \u00dcberschrift \u201cUnleash Your Flavour Curiosity\u201d und \u201c25500 PUFFS\u201d aufgereiht sind, wobei jedes Ger\u00e4t mit einem anderen Geschmack beschriftet ist (Blueberry Sour Raspberry, Cherry Ice, Double Apple, Peach Ice, Strawberry Kiwi, Watermelon Ice, Strawberry Ice, Strawberry Watermelon Ice, Summer Holiday, Wild Berries Ice).\" width=\"1920\" height=\"1080\" srcset=\"https:\/\/pgvape.com\/wp-content\/uploads\/2025\/11\/pgvape-JNR-PANDA-25500-Puffs-Disposable-Vape-5.png 1920w, https:\/\/pgvape.com\/wp-content\/uploads\/2025\/11\/pgvape-JNR-PANDA-25500-Puffs-Disposable-Vape-5-555x312.png 555w, https:\/\/pgvape.com\/wp-content\/uploads\/2025\/11\/pgvape-JNR-PANDA-25500-Puffs-Disposable-Vape-5-595x335.png 595w, https:\/\/pgvape.com\/wp-content\/uploads\/2025\/11\/pgvape-JNR-PANDA-25500-Puffs-Disposable-Vape-5-400x225.png 400w, https:\/\/pgvape.com\/wp-content\/uploads\/2025\/11\/pgvape-JNR-PANDA-25500-Puffs-Disposable-Vape-5-768x432.png 768w, https:\/\/pgvape.com\/wp-content\/uploads\/2025\/11\/pgvape-JNR-PANDA-25500-Puffs-Disposable-Vape-5-1536x864.png 1536w, https:\/\/pgvape.com\/wp-content\/uploads\/2025\/11\/pgvape-JNR-PANDA-25500-Puffs-Disposable-Vape-5-18x10.png 18w, https:\/\/pgvape.com\/wp-content\/uploads\/2025\/11\/pgvape-JNR-PANDA-25500-Puffs-Disposable-Vape-5-600x338.png 600w, https:\/\/pgvape.com\/wp-content\/uploads\/2025\/11\/pgvape-JNR-PANDA-25500-Puffs-Disposable-Vape-5-60x34.png 60w\" sizes=\"auto, (max-width: 1920px) 100vw, 1920px\" \/><\/p>\n<p>&nbsp;<\/p>\n<h3><span style=\"font-size: 90%;\">JNR PANDA 25500 Puffs Einweg-Vaporizer <strong>Video<\/strong>::<\/span><\/h3>\n<p><iframe loading=\"lazy\" title=\"JNR PANDA 25500 Puffs Einweg-Vape 2x 10 ml Nachf\u00fcllflaschen Smart Screen Vape Factory Direct pgvape\" width=\"1020\" height=\"574\" src=\"https:\/\/www.youtube.com\/embed\/KXyqSTl7o1M?feature=oembed\" frameborder=\"0\" allow=\"accelerometer; autoplay; clipboard-write; encrypted-media; gyroscope; picture-in-picture; web-share\" referrerpolicy=\"strict-origin-when-cross-origin\" allowfullscreen><\/iframe><\/p>\n<p>&nbsp;<\/p>\n<h2><span style=\"font-size: 90%;\">H\u00e4ufig gestellte Fragen zu JNR PANDA 25500 Puffs Einweg-Vaporizer<\/span><\/h2>\n<p data-sourcepos=\"40:1-41:147\">\u2753 <strong data-sourcepos=\"40:3-40:58\">Wie viele Z\u00fcge liefert der JNR PANDA tats\u00e4chlich?<br \/>\n<\/strong>\u2705 Ja, durch seine Innovation <strong data-sourcepos=\"41:31-41:72\">2x10ml duales E-Liquid-Reservoirsystem<\/strong> und gro\u00dfe Batterie, die <strong data-sourcepos=\"41:96-41:109\">JNR PANDA<\/strong> ist f\u00fcr eine au\u00dfergew\u00f6hnliche Lebensdauer ausgelegt.<\/p>\n<p data-sourcepos=\"43:1-44:112\">\u2753 <strong data-sourcepos=\"43:3-43:58\">Was ist der Zweck des \u201cFarbatmenden Lichts\u201d?<br \/>\n<\/strong> \u2705 Es spiegelt dynamisch den Batteriestatus und den Betriebsmodus des Ger\u00e4ts wider und verbessert so das interaktive Erlebnis.<\/p>\n<p data-sourcepos=\"46:1-47:86\">\u2753 <strong data-sourcepos=\"46:3-46:34\">Wie lade ich das Ger\u00e4t auf?<\/strong><br \/>\n\u2705 Einfach einen Standard anschlie\u00dfen <strong data-sourcepos=\"47:29-47:45\">Typ-C-Kabel<\/strong> an ein Netzteil oder einen Computer-USB-Anschluss anschlie\u00dfen.<\/p>\n<p>&nbsp;<\/p>\n<h3 id=\"brxe-najhln\" class=\"brxe-heading\">H\u00e4ufig gestellte Fragen (FAQ)<\/h3>\n<div id=\"brxe-rajiac\" class=\"brxe-text\">\n<p><strong>F: Welche Zahlungsmethoden akzeptieren Sie?<\/strong><br \/>\nA: Wir akzeptieren PayPal, Stripe, Bank\u00fcberweisungen (SEPA unterst\u00fctzt), g\u00e4ngige Kreditkarten (Visa, MasterCard, American Express) und Zahlungen in Kryptow\u00e4hrung.<\/p>\n<p><strong>F: Wie lange dauert die Auftragsvorbereitung?<\/strong><br \/>\nA: Die Auftragsvorbereitung dauert 1-3 Werktage.<\/p>\n<p><strong>F: Wie lange dauert die Lieferung?<\/strong><br \/>\nA: Die Lieferzeit betr\u00e4gt je nach Standort 7\u201314 Werktage.<\/p>\n<p><strong>F: Wie kann ich meine Bestellung verfolgen?<\/strong><br \/>\nA: Nach dem Versand erhalten Sie eine Best\u00e4tigungs-E-Mail mit einer Sendungsverfolgungsnummer zur Echtzeitverfolgung.<\/p>\n<p><strong>F: Wie lauten Ihre R\u00fcckgabebedingungen?<\/strong><br \/>\nA: Wir bieten ein 30-t\u00e4giges R\u00fcckgaberecht f\u00fcr R\u00fcckerstattungen oder Umtausch. .<\/p>\n<p><strong>F: Wird es Zollprobleme geben?<br \/>\n<\/strong>Wir k\u00fcmmern uns um alle Zollabfertigungsverfahren, um Ihnen ein reibungsloses Erlebnis zu gew\u00e4hrleisten. .<\/p>\n<p><strong>F: Welche Versandarten werden verwendet?<\/strong><br \/>\nWir arbeiten mit UPS\/DHL\/FEDEX\/DPD etc. zusammen. Je nach Lieferland w\u00e4hlen wir die passende Versandoption aus, um sicherzustellen, dass Sie Ihre Produkte schnellstm\u00f6glich erhalten.<\/p>\n<p><a href=\"https:\/\/pgvape.com\/de\/faqs\/\">Klicken Sie hier f\u00fcr weitere FAQ<\/a><\/p>\n<p>Liebe Kunden, wenn Sie Fragen zu Ihrer Bestellung oder zum Wareneingang haben, wenden Sie sich bitte an unseren Kundenservice. Vielen Dank!<\/p>\n<h3 data-sourcepos=\"73:1-73:21\"><strong data-sourcepos=\"73:7-73:21\">Kontaktieren Sie uns<\/strong><\/h3>\n<div id=\"text-2419739398\" class=\"text\">\n<p><strong data-sourcepos=\"75:3-75:12\">E-Mail<\/strong>:\u00a0<a href=\"mailto:support@pgvape.com\"><strong>support@pgvape.com<\/strong><\/a><\/p>\n<p><strong data-sourcepos=\"76:3-76:15\">WhatsApp<\/strong>:\u00a0<a href=\"https:\/\/wa.me\/+8618128481258\"><strong>+86 18128481258<\/strong><\/a><br \/>\n<strong>(Antwort innerhalb von 24 Stunden an Werktagen)<\/strong><\/p>\n<\/div>\n<h3><strong>Vielen Dank, dass Sie sich f\u00fcr pgvape.com entschieden haben! .<\/strong><\/h3>\n<\/div>","protected":false},"excerpt":{"rendered":"<p>Ein leistungsstarkes Einweg-Vape-Angebot <strong data-sourcepos=\"23:59-23:75\">25.500 Z\u00fcge<\/strong>. <strong data-sourcepos=\"23:90-23:100\">850 mAh<\/strong> Akku mit Typ-C-Aufladung, a <strong data-sourcepos=\"23:133-23:151\">Dual-Mesh-Spule<\/strong>, Und <strong data-sourcepos=\"23:157-23:177\">2% Nikotinsalz<\/strong> E-Liquid f\u00fcr reichhaltigen Geschmack und einen sanften Zug. <strong data-sourcepos=\"23:232-23:256\">Smart-Akku-Bildschirm<\/strong> und eine mehrfarbige LED-Anzeige halten Sie \u00fcber den Stromstatus auf dem Laufenden und machen es zur perfekten Wahl f\u00fcr Benutzer, die Wert auf Komfort und Leistung legen.<\/p>","protected":false},"featured_media":6781,"comment_status":"open","ping_status":"closed","template":"","meta":{"_seopress_robots_primary_cat":"none","_seopress_titles_title":"","_seopress_titles_desc":"","_seopress_robots_index":""},"product_brand":[516,228],"product_cat":[470,515,29],"product_tag":[473,472,90,471,136,204],"class_list":{"0":"post-6772","1":"product","2":"type-product","3":"status-publish","4":"has-post-thumbnail","6":"product_brand-disposable-vape","7":"product_brand-jnr-vape","8":"product_cat-25-5k-puffs-vape","9":"product_cat-disposable-vape","10":"product_cat-jnr-vape","11":"product_tag-2-x-10ml-refill-bottles","12":"product_tag-25-5k-puffs-vape","13":"product_tag-disposable-vape","14":"product_tag-jnr-panda-25500","15":"product_tag-smart-screen","16":"product_tag-vape-factory-direct","18":"first","19":"instock","20":"sale","21":"shipping-taxable","22":"purchasable","23":"product-type-variable"},"_links":{"self":[{"href":"https:\/\/pgvape.com\/de\/wp-json\/wp\/v2\/product\/6772","targetHints":{"allow":["GET"]}}],"collection":[{"href":"https:\/\/pgvape.com\/de\/wp-json\/wp\/v2\/product"}],"about":[{"href":"https:\/\/pgvape.com\/de\/wp-json\/wp\/v2\/types\/product"}],"replies":[{"embeddable":true,"href":"https:\/\/pgvape.com\/de\/wp-json\/wp\/v2\/comments?post=6772"}],"wp:featuredmedia":[{"embeddable":true,"href":"https:\/\/pgvape.com\/de\/wp-json\/wp\/v2\/media\/6781"}],"wp:attachment":[{"href":"https:\/\/pgvape.com\/de\/wp-json\/wp\/v2\/media?parent=6772"}],"wp:term":[{"taxonomy":"product_brand","embeddable":true,"href":"https:\/\/pgvape.com\/de\/wp-json\/wp\/v2\/product_brand?post=6772"},{"taxonomy":"product_cat","embeddable":true,"href":"https:\/\/pgvape.com\/de\/wp-json\/wp\/v2\/product_cat?post=6772"},{"taxonomy":"product_tag","embeddable":true,"href":"https:\/\/pgvape.com\/de\/wp-json\/wp\/v2\/product_tag?post=6772"}],"curies":[{"name":"wp","href":"https:\/\/api.w.org\/{rel}","templated":true}]}}