{"id":6733,"date":"2025-11-18T09:04:43","date_gmt":"2025-11-18T09:04:43","guid":{"rendered":"https:\/\/pgvape.com\/?post_type=product&#038;p=6733"},"modified":"2026-03-15T13:15:56","modified_gmt":"2026-03-15T13:15:56","slug":"jnr-aurora-27000-27-000-puffs-einweg-vaporizer-tpd-zertifiziert-nachfullbares-pod-system-direkt-ab-werk","status":"publish","type":"product","link":"https:\/\/pgvape.com\/de\/produkt\/jnr-aurora-27000-27-000-puffs-einweg-vaporizer-tpd-zertifiziert-nachfullbares-pod-system-direkt-ab-werk\/","title":{"rendered":"JNR Aurora 27000 27K Puffs Einweg-Vape TPD-zertifiziertes nachf\u00fcllbares Pod-System Vape Factory Direct"},"content":{"rendered":"<p>Erleben Sie die ultimative Vaping-Innovation mit dem <strong data-sourcepos=\"5:55-5:77\">JNR Aurora Pod Kit<\/strong>. <strong data-sourcepos=\"5:93-5:112\">Einweg-Vape<\/strong> Un\u00fcbertroffene Mischungen <strong data-sourcepos=\"5:130-5:147\">Puffkapazit\u00e4t<\/strong> Mit umweltbewusstem Design. <strong data-sourcepos=\"5:196-5:214\">Vorgef\u00fcllte Kapsel<\/strong> Und A <strong data-sourcepos=\"5:221-5:242\">Nachf\u00fcllbare Flasche<\/strong> F\u00fcr flexible Nutzung. .<\/p>\n<p>&nbsp;<\/p>\n<h2><span style=\"font-size: 90%;\">JNR Aurora 27000 | 27K Puff Einweg-Vaporizer <strong data-sourcepos=\"10:5-10:31\">SpezifikationenFunktionsdetails<\/strong><\/span><\/h2>\n<p><strong><span style=\"font-size: 90%;\">Puffkapazit\u00e4t: Bis zu 27.000 Puffs<\/span><\/strong><\/p>\n<p><strong><span style=\"font-size: 90%;\">Nikotinst\u00e4rke 2% (20 mg Nikotinsalz)<\/span><\/strong><\/p>\n<p><strong><span style=\"font-size: 90%;\">E-Liquid-Kapazit\u00e4t: 2 ml vorgef\u00fcllter Pod + 10 ml Nachf\u00fcllflasche<\/span><\/strong><\/p>\n<p><strong><span style=\"font-size: 90%;\">Akku 900 mAh, wiederaufladbar (Typ-C)<\/span><\/strong><\/p>\n<p><strong><span style=\"font-size: 90%;\">Spule Dual-Mesh-Spule (1,0 \u03a9)<\/span><\/strong><\/p>\n<p><strong><span style=\"font-size: 90%;\">Display Smart Screen mit LED-Anzeigen<\/span><\/strong><\/p>\n<p><strong><span style=\"font-size: 90%;\">Laden Typ-C-Schnellladung<\/span><\/strong><\/p>\n<p><strong><span style=\"font-size: 90%;\">Zertifizierung TPD-konform<\/span><\/strong><\/p>\n<p>&nbsp;<\/p>\n<h3><span style=\"font-size: 90%;\">JNR Aurora 27000 | 27K Puff Einweg-Vaporizer <strong data-sourcepos=\"22:5-22:20\">Geschmacksliste<\/strong><\/span><\/h3>\n<p>1. Blaubeere, rote Himbeere<\/p>\n<p>2.Passionsfrucht-Kiwi<\/p>\n<p>3. Erdbeer-Wassermelonen-Eis<\/p>\n<p>4. Wassermeloneneis<\/p>\n<p>5. Gemischte Beeren<\/p>\n<p>6.Blue Razz Cherry<\/p>\n<p>7. Sommerliches Pfirsicheis<\/p>\n<p>8. Erdbeereis<\/p>\n<p>9.Sprudelnde Kirsch-Cola<\/p>\n<p>10. Wassermelonen-Kaugummi<\/p>\n<p>11.Pfirsichbeere<\/p>\n<p>12. Kirsch-Wassermelonen-Gefrierschrank<\/p>\n<p>13. Blaubeer-Granatapfel-Eis<\/p>\n<p>14.Erdbeer-Kiwi<\/p>\n<p>15. Blaubeere, Himbeere, Kirsche<img loading=\"lazy\" decoding=\"async\" class=\"alignnone wp-image-7339 size-full\" src=\"https:\/\/pgvape.com\/wp-content\/uploads\/2025\/11\/JNR-Aurora-27000-Puff-Disposable-Vape-pgvape-4.png\" alt=\"Werbebanner f\u00fcr JNR, das eine farbenfrohe Reihe von 15 metallischen Einweg-Vape-Ger\u00e4ten zeigt, die in Reihen vor einem aurora\u00e4hnlichen Berghintergrund angeordnet sind, mit einer fetten \u00dcberschrift &#039;15 AUFREGENDE NEUE GESCHMACKSFL\u00c4CHEN!&#039;, einem Hinweis &#039;Ca. 27.000 Z\u00fcge&#039; und Geschmacksnamen unter jedem Ger\u00e4t.\" width=\"1920\" height=\"1080\" srcset=\"https:\/\/pgvape.com\/wp-content\/uploads\/2025\/11\/JNR-Aurora-27000-Puff-Disposable-Vape-pgvape-4.png 1920w, https:\/\/pgvape.com\/wp-content\/uploads\/2025\/11\/JNR-Aurora-27000-Puff-Disposable-Vape-pgvape-4-555x312.png 555w, https:\/\/pgvape.com\/wp-content\/uploads\/2025\/11\/JNR-Aurora-27000-Puff-Disposable-Vape-pgvape-4-595x335.png 595w, https:\/\/pgvape.com\/wp-content\/uploads\/2025\/11\/JNR-Aurora-27000-Puff-Disposable-Vape-pgvape-4-400x225.png 400w, https:\/\/pgvape.com\/wp-content\/uploads\/2025\/11\/JNR-Aurora-27000-Puff-Disposable-Vape-pgvape-4-768x432.png 768w, https:\/\/pgvape.com\/wp-content\/uploads\/2025\/11\/JNR-Aurora-27000-Puff-Disposable-Vape-pgvape-4-1536x864.png 1536w, https:\/\/pgvape.com\/wp-content\/uploads\/2025\/11\/JNR-Aurora-27000-Puff-Disposable-Vape-pgvape-4-18x10.png 18w, https:\/\/pgvape.com\/wp-content\/uploads\/2025\/11\/JNR-Aurora-27000-Puff-Disposable-Vape-pgvape-4-600x338.png 600w\" sizes=\"auto, (max-width: 1920px) 100vw, 1920px\" \/><\/p>\n<p>&nbsp;<\/p>\n<h3><span style=\"font-size: 90%;\">JNR Aurora 27000 | 27K Puff Einweg-Vaporizer <strong>Video<\/strong>::<\/span><\/h3>\n<p><iframe loading=\"lazy\" title=\"JNR Aurora 27K Puffs Einweg-Vape TPD-zertifiziertes nachf\u00fcllbares Pod-System Vape Factory Direct pgvape\" width=\"1020\" height=\"574\" src=\"https:\/\/www.youtube.com\/embed\/1x1PTYH79CA?feature=oembed\" frameborder=\"0\" allow=\"accelerometer; autoplay; clipboard-write; encrypted-media; gyroscope; picture-in-picture; web-share\" referrerpolicy=\"strict-origin-when-cross-origin\" allowfullscreen><\/iframe><\/p>\n<p>&nbsp;<\/p>\n<h2><span style=\"font-size: 90%;\">H\u00e4ufig gestellte Fragen zu JNR Aurora 27000 | 27K Puff Einweg-Vaporizer<\/span><\/h2>\n<p data-sourcepos=\"49:1-50:121\">\u2753 <strong data-sourcepos=\"49:3-49:42\">Ist dieses Ger\u00e4t wirklich TPD-zertifiziert?<\/strong><br \/>\n\u2705 Ja, das <strong data-sourcepos=\"50:12-50:26\">JNR Aurora<\/strong> ist voll <strong data-sourcepos=\"50:36-50:53\">TPD-zertifiziert<\/strong>, unter Einhaltung aller EU-Vorschriften f\u00fcr eine sichere und legale Verteilung.<\/p>\n<p data-sourcepos=\"52:1-53:96\">\u2753 <strong data-sourcepos=\"52:3-52:35\">Was ist in der Box enthalten?<\/strong><br \/>\n\u2705 Jedes Kit enth\u00e4lt den Hauptk\u00f6rper des Ger\u00e4ts, einen <strong data-sourcepos=\"53:47-53:64\">Vorgef\u00fcllter Pod<\/strong>, und eins <strong data-sourcepos=\"53:74-53:95\">Nachf\u00fcllbare Flasche<\/strong>.<\/p>\n<p data-sourcepos=\"55:1-56:122\">\u2753 <strong data-sourcepos=\"55:3-55:43\">Wie funktioniert das nachf\u00fcllbare System?<\/strong><br \/>\n\u2705 Beginnen Sie mit dem <strong data-sourcepos=\"56:18-56:39\">2 ml vorgef\u00fcllte Kapsel<\/strong>, dann verwenden Sie das bereitgestellte <strong data-sourcepos=\"56:63-56:78\">10-ml-Flasche<\/strong> um denselben Pod manuell nachzuf\u00fcllen, wenn er leer ist.<\/p>\n<p data-sourcepos=\"61:1-62:127\">\u2753 <strong data-sourcepos=\"61:3-61:45\">Wer ist der ideale Benutzer f\u00fcr dieses Ger\u00e4t?<br \/>\n<\/strong> \u2705 Es ist perfekt f\u00fcr Dampfer, die auf der Suche nach einem sind <strong data-sourcepos=\"62:37-62:60\">Langlebiges Ger\u00e4t<\/strong> mit dem zus\u00e4tzlichen Vorteil von a <strong data-sourcepos=\"62:89-62:110\">Nachf\u00fcllbare Option<\/strong> Abfall zu reduzieren.<\/p>\n<p data-sourcepos=\"40:1-41:184\">\u2753 <strong data-sourcepos=\"40:3-40:67\">Was unterscheidet dieses Ger\u00e4t von herk\u00f6mmlichen Einwegartikeln?<\/strong><br \/>\n\u2705 Unter Beibehaltung des Einwegkomforts ist es gleichzeitig umweltfreundlich <strong data-sourcepos=\"41:75-41:99\">Nachf\u00fcllbare Komponente<\/strong> Deutliche Reduzierung der Umweltbelastung im Vergleich zu herk\u00f6mmlichen Einwegger\u00e4ten.<\/p>\n<p data-sourcepos=\"43:1-44:114\">\u2753 <strong data-sourcepos=\"43:3-43:59\">Wie verbessert das Display das Gesamterlebnis?<\/strong><br \/>\n\u2705 Die intelligente Schnittstelle \u00fcberwacht kontinuierlich wichtige Messwerte wie die verbleibende Fl\u00fcssigkeit und den aktuellen Leistungspegel<\/p>\n<p data-sourcepos=\"46:1-47:78\">\u2753 <strong data-sourcepos=\"46:3-46:39\">Ist eine besondere Wartung erforderlich?<br \/>\n<\/strong> \u2705 Regelm\u00e4\u00dfige Reinigung zwischen den Nachf\u00fcllungen maximiert Leistung und Geschmacksintegrit\u00e4t<\/p>\n<p>&nbsp;<\/p>\n<h3 id=\"brxe-najhln\" class=\"brxe-heading\">H\u00e4ufig gestellte Fragen (FAQ)<\/h3>\n<div id=\"brxe-rajiac\" class=\"brxe-text\">\n<p><strong>F: Welche Zahlungsmethoden akzeptieren Sie?<\/strong><br \/>\nA: Wir akzeptieren PayPal, Stripe, Bank\u00fcberweisungen (SEPA unterst\u00fctzt), g\u00e4ngige Kreditkarten (Visa, MasterCard, American Express) und Zahlungen in Kryptow\u00e4hrung.<\/p>\n<p><strong>F: Wie lange dauert die Auftragsvorbereitung?<\/strong><br \/>\nA: Die Auftragsvorbereitung dauert 1-3 Werktage.<\/p>\n<p><strong>F: Wie lange dauert die Lieferung?<\/strong><br \/>\nA: Die Lieferzeit betr\u00e4gt je nach Standort 7\u201314 Werktage.<\/p>\n<p><strong>F: Wie kann ich meine Bestellung verfolgen?<\/strong><br \/>\nA: Nach dem Versand erhalten Sie eine Best\u00e4tigungs-E-Mail mit einer Sendungsverfolgungsnummer zur Echtzeitverfolgung.<\/p>\n<p><strong>F: Wie lauten Ihre R\u00fcckgabebedingungen?<\/strong><br \/>\nA: Wir bieten ein 30-t\u00e4giges R\u00fcckgaberecht f\u00fcr R\u00fcckerstattungen oder Umtausch. .<\/p>\n<p><strong>F: Wird es Zollprobleme geben?<br \/>\n<\/strong>Wir k\u00fcmmern uns um alle Zollabfertigungsverfahren, um Ihnen ein reibungsloses Erlebnis zu gew\u00e4hrleisten. .<\/p>\n<p><strong>F: Welche Versandarten werden verwendet?<\/strong><br \/>\nWir arbeiten mit UPS\/DHL\/FEDEX\/DPD etc. zusammen. Je nach Lieferland w\u00e4hlen wir die passende Versandoption aus, um sicherzustellen, dass Sie Ihre Produkte schnellstm\u00f6glich erhalten.<\/p>\n<p><a href=\"https:\/\/pgvape.com\/de\/faqs\/\">Klicken Sie hier f\u00fcr weitere FAQ<\/a><\/p>\n<p>Liebe Kunden, wenn Sie Fragen zu Ihrer Bestellung oder zum Wareneingang haben, wenden Sie sich bitte an unseren Kundenservice. Vielen Dank!<\/p>\n<h3 data-sourcepos=\"73:1-73:21\"><strong data-sourcepos=\"73:7-73:21\">Kontaktieren Sie uns<\/strong><\/h3>\n<div id=\"text-2419739398\" class=\"text\">\n<p><strong data-sourcepos=\"75:3-75:12\">E-Mail<\/strong>:\u00a0<a href=\"mailto:support@pgvape.com\"><strong>support@pgvape.com<\/strong><\/a><\/p>\n<p><strong data-sourcepos=\"76:3-76:15\">WhatsApp<\/strong>:\u00a0<a href=\"https:\/\/wa.me\/+8618128481258\"><strong>+86 18128481258<\/strong><\/a><br \/>\n<strong>(Antwort innerhalb von 24 Stunden an Werktagen)<\/strong><\/p>\n<\/div>\n<h3><strong>Vielen Dank, dass Sie sich f\u00fcr pgvape.com entschieden haben! .<\/strong><\/h3>\n<\/div>","protected":false},"excerpt":{"rendered":"<p><strong>Buntes Atemlicht:<\/strong>\u00a0Das farbenfrohe Atemlicht sorgt f\u00fcr einen Hauch von Flair und macht mit seinen dynamischen visuellen Effekten jeden Zug noch spannender.<br \/>\n<strong>Austauschbares Pod-Kit:<\/strong>\u00a0Genie\u00dfen Sie das Beste aus beiden Welten mit einem vorgef\u00fcllten 2-ml-Pod und einer nachf\u00fcllbaren 10-ml-Flasche, die Flexibilit\u00e4t und l\u00e4ngere Nutzung f\u00fcr ein zufriedenstellendes Erlebnis bieten.<br \/>\n<strong><b>TPD-zertifiziertes Vape:<\/b><\/strong>\u00a0\u00a0TPD-zertifiziert f\u00fcr Sicherheit und Compliance, um sicherzustellen, dass Sie sicher nach den h\u00f6chsten Standards dampfen k\u00f6nnen.<\/p>\n<p>&nbsp;<\/p>","protected":false},"featured_media":7336,"comment_status":"open","ping_status":"closed","template":"","meta":{"_seopress_robots_primary_cat":"none","_seopress_titles_title":"","_seopress_titles_desc":"","_seopress_robots_index":""},"product_brand":[516,228],"product_cat":[469,515,29],"product_tag":[],"class_list":{"0":"post-6733","1":"product","2":"type-product","3":"status-publish","4":"has-post-thumbnail","6":"product_brand-disposable-vape","7":"product_brand-jnr-vape","8":"product_cat-27k-puffs-vape","9":"product_cat-disposable-vape","10":"product_cat-jnr-vape","12":"first","13":"instock","14":"sale","15":"shipping-taxable","16":"purchasable","17":"product-type-variable"},"_links":{"self":[{"href":"https:\/\/pgvape.com\/de\/wp-json\/wp\/v2\/product\/6733","targetHints":{"allow":["GET"]}}],"collection":[{"href":"https:\/\/pgvape.com\/de\/wp-json\/wp\/v2\/product"}],"about":[{"href":"https:\/\/pgvape.com\/de\/wp-json\/wp\/v2\/types\/product"}],"replies":[{"embeddable":true,"href":"https:\/\/pgvape.com\/de\/wp-json\/wp\/v2\/comments?post=6733"}],"wp:featuredmedia":[{"embeddable":true,"href":"https:\/\/pgvape.com\/de\/wp-json\/wp\/v2\/media\/7336"}],"wp:attachment":[{"href":"https:\/\/pgvape.com\/de\/wp-json\/wp\/v2\/media?parent=6733"}],"wp:term":[{"taxonomy":"product_brand","embeddable":true,"href":"https:\/\/pgvape.com\/de\/wp-json\/wp\/v2\/product_brand?post=6733"},{"taxonomy":"product_cat","embeddable":true,"href":"https:\/\/pgvape.com\/de\/wp-json\/wp\/v2\/product_cat?post=6733"},{"taxonomy":"product_tag","embeddable":true,"href":"https:\/\/pgvape.com\/de\/wp-json\/wp\/v2\/product_tag?post=6733"}],"curies":[{"name":"wp","href":"https:\/\/api.w.org\/{rel}","templated":true}]}}