{"id":672,"date":"2025-09-25T11:05:00","date_gmt":"2025-09-25T11:05:00","guid":{"rendered":"https:\/\/pgvape.com\/?post_type=product&#038;p=672"},"modified":"2025-12-15T13:40:20","modified_gmt":"2025-12-15T13:40:20","slug":"bang-king-ice-cool-60000-60k-puffs-einstellbarer-eispegel-einweg-vape-mit-led-bildschirm-direkt-ab-werk","status":"publish","type":"product","link":"https:\/\/pgvape.com\/de\/produkt\/bang-king-ice-cool-60000-60k-puffs-einstellbarer-eispegel-einweg-vape-mit-led-bildschirm-direkt-ab-werk\/","title":{"rendered":"Bang King Ice Cool 60000 60k Puffs Einstellbarer Eispegel Einweg-Vape mit LED-Bildschirm Vape Factory Direct"},"content":{"rendered":"<p><strong data-sourcepos=\"6:5-6:55\">Bang King Ice Cool 60000 Puffs Einweg-Vaporizer<\/strong><span class=\"CustomP_animated_char__m3r9w\">\u00a0<\/span><span class=\"CustomP_animated_char__m3r9w\">liefert<\/span><span class=\"CustomP_animated_char__m3r9w\">\u00a0<\/span><strong data-sourcepos=\"6:65-6:91\">ultimative Individualisierung<\/strong> mit <strong data-sourcepos=\"6:97-6:124\">5 einstellbare Eisstufen<\/strong>, <strong data-sourcepos=\"6:126-6:142\">60.000 Z\u00fcge<\/strong>, Und <strong data-sourcepos=\"6:148-6:177\">2%\/3%\/5% Nikotinoptionen<\/strong>. <strong data-sourcepos=\"6:191-6:209\">1,0-\u03a9-Mesh-Spule<\/strong> f\u00fcr reichhaltigen Geschmack, <strong data-sourcepos=\"6:227-6:253\">25 ml E-Liquid-Kapazit\u00e4t<\/strong>, und ein <strong data-sourcepos=\"6:262-6:293\">850-mAh-Akku<\/strong> mit <strong data-sourcepos=\"6:299-6:318\">Laden vom Typ C<\/strong><span class=\"CustomP_animated_char__m3r9w\">,<\/span><span class=\"CustomP_animated_char__m3r9w\">\u00a0<\/span><span class=\"CustomP_animated_char__m3r9w\">Es<\/span><span class=\"CustomP_animated_char__m3r9w\">\u2019<\/span><span class=\"CustomP_animated_char__m3r9w\">S<\/span><span class=\"CustomP_animated_char__m3r9w\">\u00a0<\/span><span class=\"CustomP_animated_char__m3r9w\">gebaut<\/span><span class=\"CustomP_animated_char__m3r9w\">\u00a0<\/span><span class=\"CustomP_animated_char__m3r9w\">f\u00fcr<\/span><span class=\"CustomP_animated_char__m3r9w\">\u00a0<\/span><span class=\"CustomP_animated_char__m3r9w\">Leistung<\/span><span class=\"CustomP_animated_char__m3r9w\">.<\/span><span class=\"CustomP_animated_char__m3r9w\">\u00a0<\/span><span class=\"CustomP_animated_char__m3r9w\">Der<\/span><span class=\"CustomP_animated_char__m3r9w\">\u00a0<\/span><strong data-sourcepos=\"6:352-6:366\">LED-Bildschirm<\/strong> Verfolgt die Anzahl der Z\u00fcge, den Akku und die K\u00fchlintensit\u00e4t in Echtzeit. <strong data-sourcepos=\"6:440-6:461\">10 St\u00fcck pro Karton<\/strong> mit <strong data-sourcepos=\"6:467-6:485\">12 eisige Geschmacksrichtungen<\/strong><span class=\"CustomP_animated_char__m3r9w\">,<\/span><span class=\"CustomP_animated_char__m3r9w\">\u00a0<\/span><span class=\"CustomP_animated_char__m3r9w\">Es<\/span><span class=\"CustomP_animated_char__m3r9w\">\u2019<\/span><span class=\"CustomP_animated_char__m3r9w\">S<\/span><span class=\"CustomP_animated_char__m3r9w\">\u00a0<\/span><span class=\"CustomP_animated_char__m3r9w\">perfekt<\/span><span class=\"CustomP_animated_char__m3r9w\">\u00a0<\/span><span class=\"CustomP_animated_char__m3r9w\">f\u00fcr<\/span><span class=\"CustomP_animated_char__m3r9w\">\u00a0<\/span><span class=\"CustomP_animated_char__m3r9w\">Einzelh\u00e4ndler<\/span><span class=\"CustomP_animated_char__m3r9w\">\u00a0<\/span><span class=\"CustomP_animated_char__m3r9w\">Und<\/span><span class=\"CustomP_animated_char__m3r9w\">\u00a0<\/span><span class=\"CustomP_animated_char__m3r9w\">Menthol<\/span><span class=\"CustomP_animated_char__m3r9w\">\u2013<\/span><span class=\"CustomP_animated_char__m3r9w\">liebend<\/span><span class=\"CustomP_animated_char__m3r9w\">\u00a0<\/span><span class=\"CustomP_animated_char__m3r9w\">Dampfer<\/span><span class=\"CustomP_animated_char__m3r9w\">.<\/span><\/p>\n<p>&nbsp;<\/p>\n<h2><span style=\"font-size: 90%;\">Produktspezifikationen:<\/span><\/h2>\n<p><strong data-sourcepos=\"11:3-11:18\">Puffanzahl:<\/strong>\u00a0<strong data-sourcepos=\"11:19-11:35\">60.000 Z\u00fcge<\/strong>\u00a0(Verl\u00e4ngerte Langlebigkeit)<\/p>\n<p><strong data-sourcepos=\"12:3-12:16\">Nikotin:<\/strong>\u00a0<strong data-sourcepos=\"12:17-12:33\">2% \/ 3% \/ 5%<\/strong>\u00a0(Sanfter bis kr\u00e4ftiger Schlag auf die Kehle)<\/p>\n<p><strong data-sourcepos=\"13:3-13:22\">K\u00fchlsystem:<\/strong>\u00a0<strong data-sourcepos=\"13:23-13:50\">5 einstellbare Eisstufen<\/strong>\u00a0(Ma\u00dfgeschneiderte Menthol-Intensit\u00e4t)<\/p>\n<p><strong data-sourcepos=\"14:3-14:16\">E-Liquid:<\/strong>\u00a0<strong data-sourcepos=\"14:17-14:34\">25 ml Fassungsverm\u00f6gen<\/strong>\u00a0(Weniger Nachf\u00fcllungen)<\/p>\n<p><strong data-sourcepos=\"15:3-15:12\">Spule:<\/strong>\u00a0<strong data-sourcepos=\"15:13-15:26\">1,0 \u03a9 Mesh<\/strong>\u00a0(Optimierter Geschmack und Dampf)<\/p>\n<p><strong data-sourcepos=\"16:3-16:15\">Batterie:<\/strong>\u00a0<strong data-sourcepos=\"16:16-16:39\">850 mAh wiederaufladbar<\/strong>\u00a0+\u00a0<strong data-sourcepos=\"16:42-16:66\">Typ-C-Schnellladung<\/strong><\/p>\n<p><strong data-sourcepos=\"17:3-17:15\">Anzeige:<\/strong>\u00a0<strong data-sourcepos=\"17:16-17:30\">LED-Bildschirm<\/strong>\u00a0(Echtzeit-Statistikverfolgung)<\/p>\n<p><strong data-sourcepos=\"18:3-18:17\">Verpackung:<\/strong>\u00a0<strong data-sourcepos=\"18:18-18:32\">10 St\u00fcck\/Karton<\/strong>\u00a0(Einzelhandel\/Gro\u00dfhandel bereit)<\/p>\n<p>&nbsp;<\/p>\n<h3><span style=\"font-size: 90%;\">Bang King Ice Cool 60000 | 60k Puffs, einstellbarer Eispegel, Einweg-Vape-Geschmacksliste:<\/span><\/h3>\n<p>1.Blaues Razz-Eis<\/p>\n<p>2.Erdbeer-Wassermelone<\/p>\n<p>3. Wassermeloneneis<\/p>\n<p>4.Pfirsicheis<\/p>\n<p>5. Traubeneis<\/p>\n<p>6.Gruselige Beere<\/p>\n<p>7.Cherry Strazz<\/p>\n<p>8.Mango-Magie<\/p>\n<p>9.Erdbeer-Drachenfrucht<\/p>\n<p>10.Tigerblut<\/p>\n<p>11.Sommerspritzer<\/p>\n<p>12. Saures \u00fcppiges Gummib\u00e4rchen<br \/>\n<img loading=\"lazy\" decoding=\"async\" class=\"alignnone wp-image-688 size-full\" src=\"https:\/\/pgvape.com\/wp-content\/uploads\/2025\/09\/Pgvape-Bang-King-Ice-Cool-6000-60K-Puffs-Adjustable-Ice-Level-Disposable-Vape-14.png\" alt=\"Buntes Plakat mit Werbung f\u00fcr den Bangking \u201cIce Cool\u201d-Einweg-Vaporator. Es zeigt zwei gro\u00dfe wei\u00df-goldene Ger\u00e4te, Produktspezifikationen (25 ml E-Liquid, 850-mAh-Akku, Typ-C-Aufladung, 5 einstellbare K\u00fchlstufen und bis zu 60.000 Z\u00fcge) und ein Raster aus 12 kleineren, bunt gemusterten Ger\u00e4ten mit den Geschmacksrichtungen Blue Razz Ice, Strawberry Watermelon, Watermelon Ice, Peach Ice, Grape Ice, Scary Berry, Cherry Strazz, .\" width=\"872\" height=\"1500\" srcset=\"https:\/\/pgvape.com\/wp-content\/uploads\/2025\/09\/Pgvape-Bang-King-Ice-Cool-6000-60K-Puffs-Adjustable-Ice-Level-Disposable-Vape-14.png 872w, https:\/\/pgvape.com\/wp-content\/uploads\/2025\/09\/Pgvape-Bang-King-Ice-Cool-6000-60K-Puffs-Adjustable-Ice-Level-Disposable-Vape-14-209x360.png 209w, https:\/\/pgvape.com\/wp-content\/uploads\/2025\/09\/Pgvape-Bang-King-Ice-Cool-6000-60K-Puffs-Adjustable-Ice-Level-Disposable-Vape-14-595x1024.png 595w, https:\/\/pgvape.com\/wp-content\/uploads\/2025\/09\/Pgvape-Bang-King-Ice-Cool-6000-60K-Puffs-Adjustable-Ice-Level-Disposable-Vape-14-233x400.png 233w, https:\/\/pgvape.com\/wp-content\/uploads\/2025\/09\/Pgvape-Bang-King-Ice-Cool-6000-60K-Puffs-Adjustable-Ice-Level-Disposable-Vape-14-768x1321.png 768w, https:\/\/pgvape.com\/wp-content\/uploads\/2025\/09\/Pgvape-Bang-King-Ice-Cool-6000-60K-Puffs-Adjustable-Ice-Level-Disposable-Vape-14-7x12.png 7w, https:\/\/pgvape.com\/wp-content\/uploads\/2025\/09\/Pgvape-Bang-King-Ice-Cool-6000-60K-Puffs-Adjustable-Ice-Level-Disposable-Vape-14-600x1032.png 600w, https:\/\/pgvape.com\/wp-content\/uploads\/2025\/09\/Pgvape-Bang-King-Ice-Cool-6000-60K-Puffs-Adjustable-Ice-Level-Disposable-Vape-14-23x40.png 23w\" sizes=\"auto, (max-width: 872px) 100vw, 872px\" \/><\/p>\n<h2><\/h2>\n<h2><span style=\"font-size: 90%;\">H\u00e4ufig gestellte Fragen zu Bang King Ice Cool 60000 | 60k Puffs, einstellbarer Eispegel, Einweg-Vaporizer:<\/span><\/h2>\n<p data-sourcepos=\"39:1-40:97\">\u2753 <strong data-sourcepos=\"39:3-39:40\">Wie funktioniert die Eisanpassung?<br \/>\n<\/strong> \u2705 Durchlaufen <strong data-sourcepos=\"40:17-40:37\">5 K\u00fchlstufen<\/strong> (1=mild \u2192 5=eiskalt) f\u00fcr individuelle Menthol-Intensit\u00e4t.<\/p>\n<p data-sourcepos=\"42:1-43:94\">\u2753 <strong data-sourcepos=\"42:3-42:39\">Ist die Dampfqualit\u00e4t konstant?<br \/>\n<\/strong> \u2705 <strong data-sourcepos=\"43:3-43:21\">1,0-\u03a9-Mesh-Spule<\/strong> sorgt daf\u00fcr <strong data-sourcepos=\"43:30-43:49\">30% mehr Geschmack<\/strong> Und <strong data-sourcepos=\"43:54-43:72\">sanftere Z\u00fcge<\/strong> im Vergleich zu Standardspulen.<\/p>\n<p data-sourcepos=\"45:1-46:90\">\u2753 <strong data-sourcepos=\"45:3-45:38\">Wie lange h\u00e4lt die Batterie?<\/strong><br \/>\n\u2705 <strong data-sourcepos=\"46:3-46:21\">850-mAh-Akku<\/strong> unterst\u00fctzt <strong data-sourcepos=\"46:31-46:46\">Tage der Nutzung<\/strong>; <strong data-sourcepos=\"46:48-46:58\">Typ-C<\/strong> l\u00e4dt sich auf <strong data-sourcepos=\"46:72-46:87\">~45 Minuten<\/strong>.<\/p>\n<p data-sourcepos=\"48:1-49:91\">\u2753 <strong data-sourcepos=\"48:3-48:27\">F\u00fcr wen ist es ideal?<br \/>\n<\/strong> \u2705 <strong data-sourcepos=\"49:3-49:26\">Menthol-Enthusiasten<\/strong> + <strong data-sourcepos=\"49:29-49:42\">Einzelh\u00e4ndler<\/strong> auf der Suche nach margenstarken, funktionsreichen Einwegartikeln.<\/p>\n<p>&nbsp;<\/p>\n<h3 id=\"brxe-najhln\" class=\"brxe-heading\">H\u00e4ufig gestellte Fragen (FAQ)<\/h3>\n<div id=\"brxe-rajiac\" class=\"brxe-text\">\n<p><strong>F: Welche Zahlungsmethoden akzeptieren Sie?<\/strong><br \/>\nA: Wir akzeptieren PayPal, Stripe, Bank\u00fcberweisungen (SEPA unterst\u00fctzt), g\u00e4ngige Kreditkarten (Visa, MasterCard, American Express) und Zahlungen in Kryptow\u00e4hrung.<\/p>\n<p><strong>F: Wie lange dauert die Auftragsvorbereitung?<\/strong><br \/>\nA: Die Auftragsvorbereitung dauert 1-3 Werktage.<\/p>\n<p><strong>F: Wie lange dauert die Lieferung?<\/strong><br \/>\nA: Die Lieferzeit betr\u00e4gt je nach Standort 7\u201314 Werktage.<\/p>\n<p><strong>F: Wie kann ich meine Bestellung verfolgen?<\/strong><br \/>\nA: Nach dem Versand erhalten Sie eine Best\u00e4tigungs-E-Mail mit einer Sendungsverfolgungsnummer zur Echtzeitverfolgung.<\/p>\n<p><strong>F: Wie lauten Ihre R\u00fcckgabebedingungen?<\/strong><br \/>\nA: Wir bieten ein 30-t\u00e4giges R\u00fcckgaberecht f\u00fcr R\u00fcckerstattungen oder Umtausch. .<\/p>\n<p><strong>F: Wird es Zollprobleme geben?<br \/>\n<\/strong>Wir k\u00fcmmern uns um alle Zollabfertigungsverfahren, um Ihnen ein reibungsloses Erlebnis zu gew\u00e4hrleisten. .<\/p>\n<p><strong>F: Welche Versandarten werden verwendet?<\/strong><br \/>\nWir arbeiten mit UPS\/DHL\/FEDEX\/DPD etc. zusammen. Je nach Lieferland w\u00e4hlen wir die passende Versandoption aus, um sicherzustellen, dass Sie Ihre Produkte schnellstm\u00f6glich erhalten.<\/p>\n<p><a href=\"https:\/\/pgvape.com\/de\/faqs\/\">Klicken Sie hier f\u00fcr weitere FAQ<\/a><\/p>\n<p>Liebe Kunden, wenn Sie Fragen zu Ihrer Bestellung oder zum Wareneingang haben, wenden Sie sich bitte an unseren Kundenservice. Vielen Dank!<\/p>\n<h3 data-sourcepos=\"73:1-73:21\"><strong data-sourcepos=\"73:7-73:21\">Kontaktieren Sie uns<\/strong><\/h3>\n<div id=\"text-2419739398\" class=\"text\">\n<p><strong data-sourcepos=\"75:3-75:12\">E-Mail<\/strong>:\u00a0<a href=\"mailto:support@pgvape.com\"><strong>support@pgvape.com<\/strong><\/a><\/p>\n<p><strong data-sourcepos=\"76:3-76:15\">WhatsApp<\/strong>: <a href=\"https:\/\/wa.me\/+8618128481258\"><strong>+86 18128481258<\/strong><\/a><br \/>\n<strong>(Antwort innerhalb von 24 Stunden an Werktagen)<\/strong><\/p>\n<\/div>\n<h3><strong>Vielen Dank, dass Sie sich f\u00fcr pgvape.com entschieden haben! .<\/strong><\/h3>\n<\/div>","protected":false},"excerpt":{"rendered":"<p>Mit <strong data-sourcepos=\"54:6-54:19\">60.000 Z\u00fcge<\/strong>, <strong data-sourcepos=\"54:21-54:47\">einstellbare Eisk\u00fchlung<\/strong>, Und <strong data-sourcepos=\"54:53-54:75\">Premium-Mesh-Spulen<\/strong>, Die <strong data-sourcepos=\"54:81-54:107\">Bang King Ice Cool 60K<\/strong> dominiert den Menthol-Vape-Markt. <strong data-sourcepos=\"54:143-54:157\">12 Geschmacksrichtungen<\/strong> Und <strong data-sourcepos=\"54:162-54:184\">Intelligentes LED-Tracking<\/strong> auf alle Vorlieben eingehen.<\/p>","protected":false},"featured_media":675,"comment_status":"open","ping_status":"closed","template":"","meta":{"_seopress_robots_primary_cat":"none","_seopress_titles_title":"","_seopress_titles_desc":"","_seopress_robots_index":""},"product_brand":[19,516],"product_cat":[48,18,515],"product_tag":[51,52,57,58,59,60],"class_list":{"0":"post-672","1":"product","2":"type-product","3":"status-publish","4":"has-post-thumbnail","6":"product_brand-bang-king-vape","7":"product_brand-disposable-vape","8":"product_cat-60k-puffs-vape","9":"product_cat-bang-king-vape","10":"product_cat-disposable-vape","11":"product_tag-60k-puffs","12":"product_tag-60k-vape","13":"product_tag-adjustable-ice-level","14":"product_tag-bang-king-ice-cool-60000","15":"product_tag-mouth-to-lung-mtl","16":"product_tag-smart-screen-display","18":"first","19":"instock","20":"sale","21":"shipping-taxable","22":"purchasable","23":"product-type-variable"},"_links":{"self":[{"href":"https:\/\/pgvape.com\/de\/wp-json\/wp\/v2\/product\/672","targetHints":{"allow":["GET"]}}],"collection":[{"href":"https:\/\/pgvape.com\/de\/wp-json\/wp\/v2\/product"}],"about":[{"href":"https:\/\/pgvape.com\/de\/wp-json\/wp\/v2\/types\/product"}],"replies":[{"embeddable":true,"href":"https:\/\/pgvape.com\/de\/wp-json\/wp\/v2\/comments?post=672"}],"wp:featuredmedia":[{"embeddable":true,"href":"https:\/\/pgvape.com\/de\/wp-json\/wp\/v2\/media\/675"}],"wp:attachment":[{"href":"https:\/\/pgvape.com\/de\/wp-json\/wp\/v2\/media?parent=672"}],"wp:term":[{"taxonomy":"product_brand","embeddable":true,"href":"https:\/\/pgvape.com\/de\/wp-json\/wp\/v2\/product_brand?post=672"},{"taxonomy":"product_cat","embeddable":true,"href":"https:\/\/pgvape.com\/de\/wp-json\/wp\/v2\/product_cat?post=672"},{"taxonomy":"product_tag","embeddable":true,"href":"https:\/\/pgvape.com\/de\/wp-json\/wp\/v2\/product_tag?post=672"}],"curies":[{"name":"wp","href":"https:\/\/api.w.org\/{rel}","templated":true}]}}