{"id":6685,"date":"2025-11-18T06:12:37","date_gmt":"2025-11-18T06:12:37","guid":{"rendered":"https:\/\/pgvape.com\/?post_type=product&#038;p=6685"},"modified":"2026-03-15T13:15:56","modified_gmt":"2026-03-15T13:15:56","slug":"jnr-rage-gorilla-55000-55k-puffs-einweg-vape-dual-mesh-coil-vape-direkt-ab-werk","status":"publish","type":"product","link":"https:\/\/pgvape.com\/de\/produkt\/jnr-rage-gorilla-55000-55k-puffs-einweg-vape-dual-mesh-coil-vape-direkt-ab-werk\/","title":{"rendered":"JNR Rage Gorilla 55000 55K Puffs Einweg-Vape Dual Mesh Coil Vape Factory Direct"},"content":{"rendered":"<p><strong data-sourcepos=\"8:5-8:29\">JNR Rage Gorilla 55K<\/strong> liefert rohe Kraft und Ausdauer mit <strong data-sourcepos=\"8:68-8:93\">55.000 kolossale Z\u00fcge<\/strong> und eine enorme E-Liquid-Kapazit\u00e4t von **42 ml. <strong data-sourcepos=\"8:147-8:178\">950-mAh-Akku<\/strong> und ausgestattet mit <strong data-sourcepos=\"8:197-8:216\">Dual-Mesh-Spulen<\/strong>, Dieses Ger\u00e4t wurde f\u00fcr Dampfer entwickelt, die keine Kompromisse eingehen m\u00f6chten <strong data-sourcepos=\"8:278-8:291\">Langlebigkeit<\/strong>, <strong data-sourcepos=\"8:293-8:313\">Geschmacksintensit\u00e4t<\/strong>, Und <strong data-sourcepos=\"8:319-8:339\">Dampfproduktion<\/strong>.<img loading=\"lazy\" decoding=\"async\" class=\"alignnone wp-image-7359 size-full\" src=\"https:\/\/pgvape.com\/wp-content\/uploads\/2025\/11\/JNR-Rage-Gorilla-55K-Puffs-Disposable-Vape-pgvape-4.png\" alt=\"Auff\u00e4llige Werbung, die zwei JNR-Einweg-Vaporizer &quot;RageGorilla&quot; zeigt, die mit einem feurigen gepanzerten Gorilla-Motiv verziert sind, eines mit der Aufschrift \u201eCherry Cola\u201c sowie Produktverpackungen und Symbole mit Funktionen \u2013 bis zu 55.000 Z\u00fcge, 42 ml E-Liquid, Smart Screen, Dual-Mesh-Spule, Typ-C-USB und 950 mAh \u2013 vor einem dramatischen Vulkanhimmel.\" width=\"1920\" height=\"1080\" srcset=\"https:\/\/pgvape.com\/wp-content\/uploads\/2025\/11\/JNR-Rage-Gorilla-55K-Puffs-Disposable-Vape-pgvape-4.png 1920w, https:\/\/pgvape.com\/wp-content\/uploads\/2025\/11\/JNR-Rage-Gorilla-55K-Puffs-Disposable-Vape-pgvape-4-555x312.png 555w, https:\/\/pgvape.com\/wp-content\/uploads\/2025\/11\/JNR-Rage-Gorilla-55K-Puffs-Disposable-Vape-pgvape-4-595x335.png 595w, https:\/\/pgvape.com\/wp-content\/uploads\/2025\/11\/JNR-Rage-Gorilla-55K-Puffs-Disposable-Vape-pgvape-4-400x225.png 400w, https:\/\/pgvape.com\/wp-content\/uploads\/2025\/11\/JNR-Rage-Gorilla-55K-Puffs-Disposable-Vape-pgvape-4-768x432.png 768w, https:\/\/pgvape.com\/wp-content\/uploads\/2025\/11\/JNR-Rage-Gorilla-55K-Puffs-Disposable-Vape-pgvape-4-1536x864.png 1536w, https:\/\/pgvape.com\/wp-content\/uploads\/2025\/11\/JNR-Rage-Gorilla-55K-Puffs-Disposable-Vape-pgvape-4-18x10.png 18w, https:\/\/pgvape.com\/wp-content\/uploads\/2025\/11\/JNR-Rage-Gorilla-55K-Puffs-Disposable-Vape-pgvape-4-600x338.png 600w\" sizes=\"auto, (max-width: 1920px) 100vw, 1920px\" \/><\/p>\n<p>&nbsp;<\/p>\n<h3><span style=\"font-size: 90%;\">JNR Rage Gorilla 55000 | 55K Puffs Einweg-Vaporizer <strong data-sourcepos=\"10:5-10:31\">Spezifikationen<\/strong><\/span><\/h3>\n<p><strong data-sourcepos=\"19:3-19:17\">Puff Count<\/strong>: 55.000 Z\u00fcge<\/p>\n<p><strong data-sourcepos=\"20:3-20:15\">E-Liquid<\/strong>: 42 ml vorgef\u00fcllt (2% Nikotin)<\/p>\n<p><strong data-sourcepos=\"21:3-21:14\">Batterie<\/strong>: 950 mAh (USB-C wiederaufladbar)<\/p>\n<p><strong data-sourcepos=\"22:3-22:11\">Spule<\/strong>: Dual Mesh f\u00fcr optimale Leistung.<\/p>\n<p><strong data-sourcepos=\"23:3-23:17\">Abmessungen<\/strong>: 55 x 34 x 119 mm<\/p>\n<p>&nbsp;<\/p>\n<h3><span style=\"font-size: 90%;\">JNR Rage Gorilla 55000 | 55K Puffs Einweg-Vaporizer <strong data-sourcepos=\"22:5-22:20\">Geschmacksliste<\/strong><\/span><\/h3>\n<p><strong data-sourcepos=\"27:5-27:23\">1. Erdbeereis<\/strong><\/p>\n<p><strong data-sourcepos=\"28:5-28:20\">2. Kirsch-Cola<\/strong><\/p>\n<p><strong data-sourcepos=\"29:5-29:23\">3. Wassermeloneneis<\/strong><\/p>\n<p><strong data-sourcepos=\"30:5-30:25\">4.Blue Razz Cherry<\/strong><\/p>\n<p><strong data-sourcepos=\"31:5-31:24\">5.Erdbeer-Kiwi<\/strong><\/p>\n<p><strong data-sourcepos=\"32:5-32:22\">6. Saftige Pfirsiche<\/strong><\/p>\n<p><strong data-sourcepos=\"33:5-33:22\">7. Blaubeereis<\/strong><\/p>\n<p><strong data-sourcepos=\"34:5-34:22\">8. Gemischte Beeren<\/strong><\/p>\n<p><strong data-sourcepos=\"35:5-35:21\">9. Doppelter Apfel<\/strong><\/p>\n<p><strong data-sourcepos=\"36:5-36:21\">10. Kirschbeere<\/strong><\/p>\n<p><strong data-sourcepos=\"37:5-37:35\">11. Blaubeere, Himbeere, Kirsche<\/strong><\/p>\n<p><strong data-sourcepos=\"38:5-38:34\">12. Erdbeer-Wassermelonen-Eis<\/strong><\/p>\n<p><strong data-sourcepos=\"39:5-39:28\">13.Kiwi-Wassermelonen-Eis<\/strong><\/p>\n<p><strong data-sourcepos=\"40:5-40:33\">14. Blaubeer-Sauer-Himbeere<\/strong><\/p>\n<p><strong data-sourcepos=\"41:5-41:25\">15.White Peach Razz<\/strong><\/p>\n<p><strong data-sourcepos=\"42:5-42:28\">16.Mango-Passionsfrucht<\/strong><\/p>\n<p><strong data-sourcepos=\"43:5-43:31\">17.Pfirsich-Mango-Wassermelone<\/strong><\/p>\n<p><strong data-sourcepos=\"44:5-44:29\">18. Wassermelonen-Kaugummi<\/strong><\/p>\n<p><strong data-sourcepos=\"45:5-45:26\">19.Erdbeerbanane<\/strong><\/p>\n<p><strong data-sourcepos=\"46:5-46:27\">20.Kiwi Passion Guave<img loading=\"lazy\" decoding=\"async\" class=\"alignnone wp-image-7360 size-full\" src=\"https:\/\/pgvape.com\/wp-content\/uploads\/2025\/11\/JNR-Rage-Gorilla-55K-Puffs-Disposable-Vape-pgvape-5.png\" alt=\"Werbeplakat f\u00fcr JNR mit 20 farbenfrohen Einweg-Vaporizern mit Gorilla-Motiv, beschriftet mit verschiedenen Frucht- und Eisgeschmacksrichtungen unter der \u00dcberschrift \u201c20 aufregende neue Geschmacksrichtungen! Bis zu 55.000 Z\u00fcge\u201d, JNR-Logo und Website in der Ecke vor einem rauchigen Hintergrund.\" width=\"1920\" height=\"1080\" srcset=\"https:\/\/pgvape.com\/wp-content\/uploads\/2025\/11\/JNR-Rage-Gorilla-55K-Puffs-Disposable-Vape-pgvape-5.png 1920w, https:\/\/pgvape.com\/wp-content\/uploads\/2025\/11\/JNR-Rage-Gorilla-55K-Puffs-Disposable-Vape-pgvape-5-555x312.png 555w, https:\/\/pgvape.com\/wp-content\/uploads\/2025\/11\/JNR-Rage-Gorilla-55K-Puffs-Disposable-Vape-pgvape-5-595x335.png 595w, https:\/\/pgvape.com\/wp-content\/uploads\/2025\/11\/JNR-Rage-Gorilla-55K-Puffs-Disposable-Vape-pgvape-5-400x225.png 400w, https:\/\/pgvape.com\/wp-content\/uploads\/2025\/11\/JNR-Rage-Gorilla-55K-Puffs-Disposable-Vape-pgvape-5-768x432.png 768w, https:\/\/pgvape.com\/wp-content\/uploads\/2025\/11\/JNR-Rage-Gorilla-55K-Puffs-Disposable-Vape-pgvape-5-1536x864.png 1536w, https:\/\/pgvape.com\/wp-content\/uploads\/2025\/11\/JNR-Rage-Gorilla-55K-Puffs-Disposable-Vape-pgvape-5-18x10.png 18w, https:\/\/pgvape.com\/wp-content\/uploads\/2025\/11\/JNR-Rage-Gorilla-55K-Puffs-Disposable-Vape-pgvape-5-600x338.png 600w\" sizes=\"auto, (max-width: 1920px) 100vw, 1920px\" \/><\/strong><\/p>\n<p>&nbsp;<\/p>\n<h3><span style=\"font-size: 90%;\">JNR Rage Gorilla 55000 | 55K Puffs Einweg-Vaporizer <strong>Video<\/strong>::<\/span><\/h3>\n<p><iframe loading=\"lazy\" title=\"JNR Rage Gorilla 55K Puffs Einweg-Vape Dual Mesh Coil Smart Screen |\" width=\"1020\" height=\"574\" src=\"https:\/\/www.youtube.com\/embed\/hWtpWtyxD0c?feature=oembed\" frameborder=\"0\" allow=\"accelerometer; autoplay; clipboard-write; encrypted-media; gyroscope; picture-in-picture; web-share\" referrerpolicy=\"strict-origin-when-cross-origin\" allowfullscreen><\/iframe><\/p>\n<p>&nbsp;<\/p>\n<h2><span style=\"font-size: 90%;\">H\u00e4ufig gestellte Fragen zu JNR Rage Gorilla 55000 | 55K Puffs Einweg-Vaporizer<\/span><\/h2>\n<p data-sourcepos=\"49:1-50:85\">\u2753 <strong data-sourcepos=\"49:3-49:46\">F\u00fchlt sich ein so gro\u00dfes Ger\u00e4t tragbar an?<\/strong><br \/>\n\u2705 Trotz seiner Kraft ist der Kompakte <strong data-sourcepos=\"50:34-50:51\">139,7 g Ausf\u00fchrung<\/strong> ist ergonomisch und taschenfreundlich.<\/p>\n<p data-sourcepos=\"52:1-53:76\">\u2753 <strong data-sourcepos=\"52:3-52:57\">Wie verbessern die Dual-Mesh-Spulen das Erlebnis?<\/strong><br \/>\n\u2705 Sie bieten <strong data-sourcepos=\"53:16-53:40\">gleichzeitiges Erhitzen<\/strong> f\u00fcr reicheren Geschmack und dichteren Dampf.<\/p>\n<p data-sourcepos=\"55:1-56:90\">\u2753 <strong data-sourcepos=\"55:3-55:46\">Wie hoch ist die enthaltene Nikotinst\u00e4rke?<\/strong><br \/>\n\u2705 Jedes Ger\u00e4t wird vorgef\u00fcllt geliefert <strong data-sourcepos=\"56:37-56:64\">2% (20 mg) Nikotinsalz<\/strong> f\u00fcr einen sanften, kraftvollen Schlag.<\/p>\n<p data-sourcepos=\"58:1-59:93\">\u2753 <strong data-sourcepos=\"58:3-58:38\">Ist die Akkulaufzeit ausreichend?<\/strong><br \/>\n\u2705 Das riesige <strong data-sourcepos=\"59:12-59:30\">950-mAh-Akku<\/strong> stellt sicher, dass das Ger\u00e4t seine gesamte E-Liquid-Kapazit\u00e4t aush\u00e4lt.<\/p>\n<p data-sourcepos=\"61:1-62:92\">\u2753 <strong data-sourcepos=\"61:3-61:42\">Welche Geschmacksrichtungen sind am beliebtesten?<br \/>\n<\/strong> \u2705 <strong data-sourcepos=\"62:3-62:21\">Erdbeereis<\/strong>, <strong data-sourcepos=\"62:23-62:41\">Wassermeloneneis<\/strong>, Und <strong data-sourcepos=\"62:47-62:64\">Saftige Pfirsiche<\/strong> werden durchweg bestbewertet.<\/p>\n<p>&nbsp;<\/p>\n<h3 id=\"brxe-najhln\" class=\"brxe-heading\">H\u00e4ufig gestellte Fragen (FAQ)<\/h3>\n<div id=\"brxe-rajiac\" class=\"brxe-text\">\n<p><strong>F: Welche Zahlungsmethoden akzeptieren Sie?<\/strong><br \/>\nA: Wir akzeptieren PayPal, Stripe, Bank\u00fcberweisungen (SEPA unterst\u00fctzt), g\u00e4ngige Kreditkarten (Visa, MasterCard, American Express) und Zahlungen in Kryptow\u00e4hrung.<\/p>\n<p><strong>F: Wie lange dauert die Auftragsvorbereitung?<\/strong><br \/>\nA: Die Auftragsvorbereitung dauert 1-3 Werktage.<\/p>\n<p><strong>F: Wie lange dauert die Lieferung?<\/strong><br \/>\nA: Die Lieferzeit betr\u00e4gt je nach Standort 7\u201314 Werktage.<\/p>\n<p><strong>F: Wie kann ich meine Bestellung verfolgen?<\/strong><br \/>\nA: Nach dem Versand erhalten Sie eine Best\u00e4tigungs-E-Mail mit einer Sendungsverfolgungsnummer zur Echtzeitverfolgung.<\/p>\n<p><strong>F: Wie lauten Ihre R\u00fcckgabebedingungen?<\/strong><br \/>\nA: Wir bieten ein 30-t\u00e4giges R\u00fcckgaberecht f\u00fcr R\u00fcckerstattungen oder Umtausch. .<\/p>\n<p><strong>F: Wird es Zollprobleme geben?<br \/>\n<\/strong>Wir k\u00fcmmern uns um alle Zollabfertigungsverfahren, um Ihnen ein reibungsloses Erlebnis zu gew\u00e4hrleisten. .<\/p>\n<p><strong>F: Welche Versandarten werden verwendet?<\/strong><br \/>\nWir arbeiten mit UPS\/DHL\/FEDEX\/DPD etc. zusammen. Je nach Lieferland w\u00e4hlen wir die passende Versandoption aus, um sicherzustellen, dass Sie Ihre Produkte schnellstm\u00f6glich erhalten.<\/p>\n<p><a href=\"https:\/\/pgvape.com\/de\/faqs\/\">Klicken Sie hier f\u00fcr weitere FAQ<\/a><\/p>\n<p>Liebe Kunden, wenn Sie Fragen zu Ihrer Bestellung oder zum Wareneingang haben, wenden Sie sich bitte an unseren Kundenservice. Vielen Dank!<\/p>\n<h3 data-sourcepos=\"73:1-73:21\"><strong data-sourcepos=\"73:7-73:21\">Kontaktieren Sie uns<\/strong><\/h3>\n<div id=\"text-2419739398\" class=\"text\">\n<p><strong data-sourcepos=\"75:3-75:12\">E-Mail<\/strong>:\u00a0<a href=\"mailto:support@pgvape.com\"><strong>support@pgvape.com<\/strong><\/a><\/p>\n<p><strong data-sourcepos=\"76:3-76:15\">WhatsApp<\/strong>:\u00a0<a href=\"https:\/\/wa.me\/+8618128481258\"><strong>+86 18128481258<\/strong><\/a><br \/>\n<strong>(Antwort innerhalb von 24 Stunden an Werktagen)<\/strong><\/p>\n<\/div>\n<h3><strong>Vielen Dank, dass Sie sich f\u00fcr pgvape.com entschieden haben! .<\/strong><\/h3>\n<\/div>","protected":false},"excerpt":{"rendered":"<p>Auf Ausdauer ausgelegt <strong data-sourcepos=\"70:31-70:55\">JNR Rage Gorilla 55K<\/strong> Packungen <strong data-sourcepos=\"70:62-70:78\">55.000 Z\u00fcge<\/strong>, <strong data-sourcepos=\"70:80-70:99\">Dual-Mesh-Spulen<\/strong>, und a <strong data-sourcepos=\"70:107-70:125\">950-mAh-Akku<\/strong> um Ihre Dampfroutine zu dominieren.<\/p>","protected":false},"featured_media":7356,"comment_status":"open","ping_status":"closed","template":"","meta":{"_seopress_robots_primary_cat":"none","_seopress_titles_title":"%%post_title%% %%sep%% %%sitetitle%%","_seopress_titles_desc":"","_seopress_robots_index":""},"product_brand":[516,228],"product_cat":[466,515,29],"product_tag":[468,90,257,467,136,204],"class_list":{"0":"post-6685","1":"product","2":"type-product","3":"status-publish","4":"has-post-thumbnail","6":"product_brand-disposable-vape","7":"product_brand-jnr-vape","8":"product_cat-55k-puffs-vape","9":"product_cat-disposable-vape","10":"product_cat-jnr-vape","11":"product_tag-55k-puffs-vape","12":"product_tag-disposable-vape","13":"product_tag-dual-mesh-coil","14":"product_tag-jnr-rage-gorilla-55000","15":"product_tag-smart-screen","16":"product_tag-vape-factory-direct","18":"first","19":"instock","20":"sale","21":"shipping-taxable","22":"purchasable","23":"product-type-variable"},"_links":{"self":[{"href":"https:\/\/pgvape.com\/de\/wp-json\/wp\/v2\/product\/6685","targetHints":{"allow":["GET"]}}],"collection":[{"href":"https:\/\/pgvape.com\/de\/wp-json\/wp\/v2\/product"}],"about":[{"href":"https:\/\/pgvape.com\/de\/wp-json\/wp\/v2\/types\/product"}],"replies":[{"embeddable":true,"href":"https:\/\/pgvape.com\/de\/wp-json\/wp\/v2\/comments?post=6685"}],"wp:featuredmedia":[{"embeddable":true,"href":"https:\/\/pgvape.com\/de\/wp-json\/wp\/v2\/media\/7356"}],"wp:attachment":[{"href":"https:\/\/pgvape.com\/de\/wp-json\/wp\/v2\/media?parent=6685"}],"wp:term":[{"taxonomy":"product_brand","embeddable":true,"href":"https:\/\/pgvape.com\/de\/wp-json\/wp\/v2\/product_brand?post=6685"},{"taxonomy":"product_cat","embeddable":true,"href":"https:\/\/pgvape.com\/de\/wp-json\/wp\/v2\/product_cat?post=6685"},{"taxonomy":"product_tag","embeddable":true,"href":"https:\/\/pgvape.com\/de\/wp-json\/wp\/v2\/product_tag?post=6685"}],"curies":[{"name":"wp","href":"https:\/\/api.w.org\/{rel}","templated":true}]}}