{"id":6192,"date":"2025-11-15T07:22:31","date_gmt":"2025-11-15T07:22:31","guid":{"rendered":"https:\/\/pgvape.com\/?post_type=product&#038;p=6192"},"modified":"2026-04-18T15:31:10","modified_gmt":"2026-04-18T15:31:10","slug":"bang-leader-20000-20-000-puffs-einweg-vaporium-versand-aus-der-eu-kostenloser-versand-direkt-ab-werk","status":"publish","type":"product","link":"https:\/\/pgvape.com\/de\/produkt\/bang-leader-20000-20-000-puffs-einweg-vaporium-versand-aus-der-eu-kostenloser-versand-direkt-ab-werk\/","title":{"rendered":"Bang Leader 20000 | 20K Puffs Einweg-Vape | Versand aus der EU | Kostenloser Versand | Vape Factory Direct"},"content":{"rendered":"<p><strong data-sourcepos=\"4:5-4:48\">Bang Leader 20000 Puffs Einweg-Vaporizer<\/strong>\u00a0liefert\u00a0<strong data-sourcepos=\"4:58-4:83\">l\u00e4ngere Zufriedenheit<\/strong>\u00a0mit\u00a0<strong data-sourcepos=\"4:89-4:105\">20.000 Z\u00fcge<\/strong>\u00a0Und\u00a0<strong data-sourcepos=\"4:110-4:136\">28 ml E-Liquid-Kapazit\u00e4t<\/strong>.\u00a0<strong data-sourcepos=\"4:148-4:167\">Dual-Mesh-Spulen<\/strong>\u00a0f\u00fcr\u00a0<strong data-sourcepos=\"4:172-4:191\">verst\u00e4rkter Geschmack<\/strong>, <strong data-sourcepos=\"4:203-4:235\">Optionen<\/strong>\u00a0passend f\u00fcr alle Vorlieben.\u00a0<strong data-sourcepos=\"4:265-4:296\">650-mAh-Akku<\/strong>\u00a0mit\u00a0<strong data-sourcepos=\"4:302-4:321\">Laden vom Typ C<\/strong>\u00a0sorgt f\u00fcr zuverl\u00e4ssige Leistung.\u00a0<strong data-sourcepos=\"4:364-4:386\">12 Premium-Geschmacksrichtungen<\/strong>\u00a0In\u00a0<strong data-sourcepos=\"4:390-4:424\">Einzelhandelsfertige 10er-Verpackung<\/strong>.<br \/>\nBang Leader 20K wird direkt aus unserem EU-Lager versandt und garantiert eine schnelle, steuerfreie Lieferung und 100%-Authentizit\u00e4t \u2013 so erhalten Sie ein erstklassiges Dampferlebnis direkt zu Ihnen nach Hause.<\/p>\n<p>&nbsp;<\/p>\n<h2><span style=\"font-size: 90%;\">Bang Leader 20000 | 20K Puffs Einweg-Vaporizer\u00a0<strong data-sourcepos=\"6:5-6:27\">Spezifikationen<\/strong><\/span><\/h2>\n<p><strong data-sourcepos=\"7:3-7:17\">Puff Count<\/strong>:\u00a0<strong data-sourcepos=\"7:19-7:35\">20.000 Z\u00fcge<\/strong><\/p>\n<p><strong data-sourcepos=\"8:3-8:15\">E-Liquid<\/strong>:\u00a0<strong data-sourcepos=\"8:17-8:34\">28 ml Fassungsverm\u00f6gen<\/strong><\/p>\n<p><strong data-sourcepos=\"9:3-9:15\">Nikotin<\/strong>:\u00a0<strong data-sourcepos=\"9:17-9:38\">2%<\/strong><\/p>\n<p><strong data-sourcepos=\"10:3-10:11\">Spule<\/strong>:\u00a0<strong data-sourcepos=\"10:13-10:32\">Dual-Mesh-Spulen<\/strong><\/p>\n<p><strong data-sourcepos=\"11:3-11:14\">Batterie<\/strong>:\u00a0<strong data-sourcepos=\"11:16-11:39\">650 mAh wiederaufladbar<\/strong><\/p>\n<p><strong data-sourcepos=\"12:3-12:15\">Aufladen<\/strong>:\u00a0<strong data-sourcepos=\"12:17-12:41\">Typ-C-Schnellladung<\/strong><\/p>\n<p><strong data-sourcepos=\"13:3-13:13\">Design<\/strong>:\u00a0<strong data-sourcepos=\"13:15-13:41\">Leicht und tragbar<\/strong><\/p>\n<p><strong data-sourcepos=\"14:3-14:14\">Aromen<\/strong>:\u00a0<strong data-sourcepos=\"14:16-14:30\">12 Optionen<\/strong><\/p>\n<p><strong data-sourcepos=\"15:3-15:16\">Verpackung<\/strong>:\u00a0<strong data-sourcepos=\"15:18-15:40\">10 St\u00fcck\/Displaybox<\/strong><\/p>\n<p><strong data-sourcepos=\"15:3-15:28\">EU-Lagerversand<\/strong>\u00a0\u2013 Schnelle, steuerfreie Lieferung<\/p>\n<p>&nbsp;<\/p>\n<h3><span style=\"font-size: 90%;\">Bang Leader 20000 | 20K Puffs Einweg-Vaporizer\u00a0<strong data-sourcepos=\"17:5-17:25\">Geschmacksauswahl<\/strong><\/span><\/h3>\n<p><strong data-sourcepos=\"18:4-18:22\">1. Wassermeloneneis<\/strong><\/p>\n<p><strong data-sourcepos=\"19:4-19:23\">2.Erdbeer-Kiwi<\/strong><\/p>\n<p><strong data-sourcepos=\"20:4-20:22\">3. Erdbeereis<\/strong><\/p>\n<p><strong data-sourcepos=\"21:4-21:19\">4.Mango-Pfirsich<\/strong><\/p>\n<p><strong data-sourcepos=\"22:4-22:27\">5. Blaubeer-Himbeere<\/strong><\/p>\n<p><strong data-sourcepos=\"23:4-23:22\">6. Blaubeerminze<\/strong><\/p>\n<p><strong data-sourcepos=\"24:4-24:17\">7. Obst mischen<\/strong><\/p>\n<p><strong data-sourcepos=\"25:4-25:29\">8.Erdbeer-Wassermelone<\/strong><\/p>\n<p><strong data-sourcepos=\"26:4-26:17\">9. Traubeneis<\/strong><\/p>\n<p><strong data-sourcepos=\"27:5-27:30\">10.Wassermelonen-Kaugummi<\/strong><\/p>\n<p><strong data-sourcepos=\"28:5-28:22\">11. Blaubeereis<\/strong><\/p>\n<p><strong data-sourcepos=\"29:5-29:18\">12.Pfirsicheis<img loading=\"lazy\" decoding=\"async\" class=\"alignnone wp-image-6210 size-full\" src=\"https:\/\/pgvape.com\/wp-content\/uploads\/2025\/11\/pgvape-Bang-Leader-20000-20K-Puffs-Rechargeable-Disposable-Vape-Shipment-from-EU-Free-Shipping-16.png\" alt=\"Werbeplakat f\u00fcr BANG LEADER 20000 Puffs Einweg-Vaporizer mit zwei gro\u00dfen Ger\u00e4ten auf der rechten Seite und einem Sortiment mit 12 Geschmacksrichtungen auf der linken Seite (Wassermelonen-Eis, Erdbeer-Kiwi, Erdbeer-Eis, Mango-Pfirsich, Blaubeer-Himbeere, Blaubeer-Minze, Fruchtmischung, Erdbeer-Wassermelone, Trauben-Eis, Wassermelonen-Kaugummi, Blaubeer-Eis, Pfirsich-Eis), mit Symbolen f\u00fcr 28 ml Fassungsverm\u00f6gen, Typ-C-Aufladung, 650-mAh-Akku und Dual-Mesh.\" width=\"1779\" height=\"1000\" srcset=\"https:\/\/pgvape.com\/wp-content\/uploads\/2025\/11\/pgvape-Bang-Leader-20000-20K-Puffs-Rechargeable-Disposable-Vape-Shipment-from-EU-Free-Shipping-16.png 1779w, https:\/\/pgvape.com\/wp-content\/uploads\/2025\/11\/pgvape-Bang-Leader-20000-20K-Puffs-Rechargeable-Disposable-Vape-Shipment-from-EU-Free-Shipping-16-555x312.png 555w, https:\/\/pgvape.com\/wp-content\/uploads\/2025\/11\/pgvape-Bang-Leader-20000-20K-Puffs-Rechargeable-Disposable-Vape-Shipment-from-EU-Free-Shipping-16-595x334.png 595w, https:\/\/pgvape.com\/wp-content\/uploads\/2025\/11\/pgvape-Bang-Leader-20000-20K-Puffs-Rechargeable-Disposable-Vape-Shipment-from-EU-Free-Shipping-16-400x225.png 400w, https:\/\/pgvape.com\/wp-content\/uploads\/2025\/11\/pgvape-Bang-Leader-20000-20K-Puffs-Rechargeable-Disposable-Vape-Shipment-from-EU-Free-Shipping-16-768x432.png 768w, https:\/\/pgvape.com\/wp-content\/uploads\/2025\/11\/pgvape-Bang-Leader-20000-20K-Puffs-Rechargeable-Disposable-Vape-Shipment-from-EU-Free-Shipping-16-1536x863.png 1536w, https:\/\/pgvape.com\/wp-content\/uploads\/2025\/11\/pgvape-Bang-Leader-20000-20K-Puffs-Rechargeable-Disposable-Vape-Shipment-from-EU-Free-Shipping-16-18x10.png 18w, https:\/\/pgvape.com\/wp-content\/uploads\/2025\/11\/pgvape-Bang-Leader-20000-20K-Puffs-Rechargeable-Disposable-Vape-Shipment-from-EU-Free-Shipping-16-600x337.png 600w, https:\/\/pgvape.com\/wp-content\/uploads\/2025\/11\/pgvape-Bang-Leader-20000-20K-Puffs-Rechargeable-Disposable-Vape-Shipment-from-EU-Free-Shipping-16-60x34.png 60w\" sizes=\"auto, (max-width: 1779px) 100vw, 1779px\" \/><\/strong><\/p>\n<p>&nbsp;<\/p>\n<h3><span style=\"font-size: 90%;\">Bang Leader 20000 | 20K Puffs Einweg-Vaporizer\u00a0<strong>Video<\/strong>:<\/span><\/h3>\n<p>&nbsp;<\/p>\n<h3 class=\"auto-hide-last-sibling-br paragraph-pP9ZLC paragraph-element br-paragraph-space\"><span style=\"font-size: 90%;\">Warum sollten Sie sich f\u00fcr das europ\u00e4ische Lager von PGVape entscheiden?<\/span><\/h3>\n<p>Schneller Versand: Lieferung in die meisten EU-L\u00e4nder innerhalb von 3-7 Werktagen.<\/p>\n<p>Zollfreie Lieferung: Lokale Lagerbest\u00e4nde in der EU sorgen f\u00fcr einen reibungslosen und zollfreien Versand.<\/p>\n<p>100%-Authentizit\u00e4tsgarantie: Echte Bang Leader-E-Zigaretten von zertifizierten Lieferanten.<\/p>\n<p>Frischer Bestand: Unter kontrollierten Bedingungen gelagert, um optimale Qualit\u00e4t zu gew\u00e4hrleisten.<\/p>\n<p>Europ\u00e4er vertrauen darauf: Tausende Kunden genie\u00dfen schnelle und sichere E-Zigaretten-Dienste von PGVape.<\/p>\n<p>&nbsp;<\/p>\n<h2><span style=\"font-size: 90%;\">H\u00e4ufig gestellte Fragen zu Bang Leader 20000 | 20K Puffs Einweg-Vaporizer<\/span><\/h2>\n<p data-sourcepos=\"32:1-33:91\">\u2753\u00a0<strong data-sourcepos=\"32:3-32:48\">Was macht die Dampfqualit\u00e4t au\u00dfergew\u00f6hnlich?<\/strong><br \/>\n\u2705\u00a0<strong data-sourcepos=\"33:3-33:22\">Dual-Mesh-Spulen<\/strong>\u00a0bieten\u00a0<strong data-sourcepos=\"33:31-33:50\">30% mehr Geschmack<\/strong>\u00a0als Standard-Single-Coil-Einwegartikel.<\/p>\n<p data-sourcepos=\"35:1-36:87\">\u2753\u00a0<strong data-sourcepos=\"35:3-35:38\">Wie lange h\u00e4lt die Batterie?<\/strong><br \/>\n\u2705\u00a0<strong data-sourcepos=\"36:3-36:22\">650 mAh Kapazit\u00e4t<\/strong>\u00a0unterst\u00fctzt\u00a0<strong data-sourcepos=\"36:32-36:48\">erweiterter Einsatz<\/strong>;\u00a0<strong data-sourcepos=\"36:69-36:84\">~60 Minuten<\/strong>.<\/p>\n<p data-sourcepos=\"38:1-39:84\">\u2753\u00a0<strong data-sourcepos=\"38:3-38:35\">Ist das f\u00fcr den Einzelhandel geeignet?<\/strong><br \/>\n\u2705\u00a0<strong data-sourcepos=\"39:3-39:28\">Displayboxen mit 10 Einheiten<\/strong>\u00a0mit\u00a0<strong data-sourcepos=\"39:34-39:59\">klare Geschmackskennzeichnung<\/strong>\u00a0Maximieren Sie die Attraktivit\u00e4t im Regal.<\/p>\n<p data-sourcepos=\"41:1-42:97\">\u2753\u00a0<strong data-sourcepos=\"41:3-41:29\">F\u00fcr wen ist das ideal?<br \/>\n<\/strong>\u2705\u00a0Perfekt f\u00fcr Dampfer, die es wollen\u00a0<strong data-sourcepos=\"42:30-42:58\">langanhaltende Leistung<\/strong>\u00a0ohne Opfer zu bringen\u00a0<strong data-sourcepos=\"42:79-42:94\">Portabilit\u00e4t<\/strong>.<\/p>\n<p data-sourcepos=\"41:1-42:97\">\u2753\u00a0<strong data-sourcepos=\"50:3-50:42\">Woher wird dieses Produkt versendet?<\/strong><br \/>\n\u2705\u00a0Direkt von\u00a0<strong data-sourcepos=\"51:15-51:32\">EU-Lager<\/strong>\u00a0f\u00fcr\u00a0<strong data-sourcepos=\"51:37-51:64\">schnelle, steuerfreie Lieferung<\/strong>.<\/p>\n<p>&nbsp;<\/p>\n<h3 id=\"brxe-najhln\" class=\"brxe-heading\">H\u00e4ufig gestellte Fragen (FAQ)<\/h3>\n<div id=\"brxe-rajiac\" class=\"brxe-text\">\n<p><strong>F: Welche Zahlungsmethoden akzeptieren Sie?<\/strong><br \/>\nA: Wir akzeptieren PayPal, Stripe, Bank\u00fcberweisungen (SEPA unterst\u00fctzt), g\u00e4ngige Kreditkarten (Visa, MasterCard, American Express) und Zahlungen in Kryptow\u00e4hrung.<\/p>\n<p><strong>F: Wie lange dauert die Auftragsvorbereitung?<\/strong><br \/>\nA: Die Auftragsvorbereitung dauert 1-3 Werktage.<\/p>\n<p><strong>F: Wie lange dauert die Lieferung?<\/strong><br \/>\nA: Die Lieferzeit betr\u00e4gt je nach Standort 7\u201314 Werktage. Die Lieferung von Waren aus europ\u00e4ischen Lagern dauert in der Regel 3\u20136 Werktage.<\/p>\n<p><strong>F: Wie kann ich meine Bestellung verfolgen?<\/strong><br \/>\nA: Nach dem Versand erhalten Sie eine Best\u00e4tigungs-E-Mail mit einer Sendungsverfolgungsnummer zur Echtzeitverfolgung.<\/p>\n<p><strong>F: Wie lauten Ihre R\u00fcckgabebedingungen?<\/strong><br \/>\nA: Wir bieten ein 30-t\u00e4giges R\u00fcckgaberecht f\u00fcr R\u00fcckerstattungen oder Umtausch. .<\/p>\n<p><strong>F: Wird es Zollprobleme geben?<br \/>\n<\/strong>Wir k\u00fcmmern uns um alle Zollabfertigungsverfahren, um Ihnen ein reibungsloses Erlebnis zu gew\u00e4hrleisten. .<\/p>\n<p><strong>F: Welche Versandarten werden verwendet?<\/strong><br \/>\nWir arbeiten mit UPS\/DHL\/FEDEX\/DPD etc. zusammen. Je nach Lieferland w\u00e4hlen wir die passende Versandoption aus, um sicherzustellen, dass Sie Ihre Produkte schnellstm\u00f6glich erhalten.<\/p>\n<p><a href=\"https:\/\/pgvape.com\/de\/faqs\/\">Klicken Sie hier f\u00fcr weitere FAQ<\/a><\/p>\n<p>Liebe Kunden, wenn Sie Fragen zu Ihrer Bestellung oder zum Wareneingang haben, wenden Sie sich bitte an unseren Kundenservice. Vielen Dank!<\/p>\n<h3 data-sourcepos=\"73:1-73:21\"><strong data-sourcepos=\"73:7-73:21\">Kontaktieren Sie uns<\/strong><\/h3>\n<div id=\"text-2419739398\" class=\"text\">\n<p><strong data-sourcepos=\"75:3-75:12\">E-Mail<\/strong>:\u00a0<a href=\"mailto:support@pgvape.com\"><strong>support@pgvape.com<\/strong><\/a><\/p>\n<p><strong data-sourcepos=\"76:3-76:15\">WhatsApp<\/strong>:\u00a0<a href=\"https:\/\/wa.me\/+8618128481258\"><strong>+86 18128481258<\/strong><\/a><br \/>\n<strong>(Antwort innerhalb von 24 Stunden an Werktagen)<\/strong><\/p>\n<\/div>\n<h3><strong>Vielen Dank, dass Sie sich f\u00fcr pgvape.com entschieden haben! .<\/strong><\/h3>\n<\/div>","protected":false},"excerpt":{"rendered":"<p><strong data-sourcepos=\"45:5-45:32\">Bang Leader 20000 Z\u00fcge<\/strong>\u00a0vereint\u00a0<strong data-sourcepos=\"45:42-45:71\">Hochleistungsleistung<\/strong>,\u00a0<strong data-sourcepos=\"45:73-45:97\">Dual-Coil-Technologie<\/strong>, Und\u00a0<strong data-sourcepos=\"45:103-45:124\">12 Geschmacksoptionen<\/strong>\u00a0in einem\u00a0<strong data-sourcepos=\"45:130-45:156\">schlankes, tragbares Design<\/strong>.<\/p>","protected":false},"featured_media":6212,"comment_status":"open","ping_status":"closed","template":"","meta":{"_seopress_robots_primary_cat":"none","_seopress_titles_title":"","_seopress_titles_desc":"","_seopress_robots_index":""},"product_brand":[54,516],"product_cat":[515,461,84],"product_tag":[367,366,90,459,203],"class_list":{"0":"post-6192","1":"product","2":"type-product","3":"status-publish","4":"has-post-thumbnail","6":"product_brand-bang-leader-vape","7":"product_brand-disposable-vape","8":"product_cat-disposable-vape","9":"product_cat-bang-leader-vape-eu","10":"product_cat-20k-puffs-vape","11":"product_tag-20k-puffs-vape","12":"product_tag-bang-leader-20000","13":"product_tag-disposable-vape","14":"product_tag-free-shipping","15":"product_tag-shipment-from-eu","17":"first","18":"instock","19":"sale","20":"shipping-taxable","21":"purchasable","22":"product-type-variable"},"_links":{"self":[{"href":"https:\/\/pgvape.com\/de\/wp-json\/wp\/v2\/product\/6192","targetHints":{"allow":["GET"]}}],"collection":[{"href":"https:\/\/pgvape.com\/de\/wp-json\/wp\/v2\/product"}],"about":[{"href":"https:\/\/pgvape.com\/de\/wp-json\/wp\/v2\/types\/product"}],"replies":[{"embeddable":true,"href":"https:\/\/pgvape.com\/de\/wp-json\/wp\/v2\/comments?post=6192"}],"wp:featuredmedia":[{"embeddable":true,"href":"https:\/\/pgvape.com\/de\/wp-json\/wp\/v2\/media\/6212"}],"wp:attachment":[{"href":"https:\/\/pgvape.com\/de\/wp-json\/wp\/v2\/media?parent=6192"}],"wp:term":[{"taxonomy":"product_brand","embeddable":true,"href":"https:\/\/pgvape.com\/de\/wp-json\/wp\/v2\/product_brand?post=6192"},{"taxonomy":"product_cat","embeddable":true,"href":"https:\/\/pgvape.com\/de\/wp-json\/wp\/v2\/product_cat?post=6192"},{"taxonomy":"product_tag","embeddable":true,"href":"https:\/\/pgvape.com\/de\/wp-json\/wp\/v2\/product_tag?post=6192"}],"curies":[{"name":"wp","href":"https:\/\/api.w.org\/{rel}","templated":true}]}}