{"id":6153,"date":"2025-11-15T05:52:26","date_gmt":"2025-11-15T05:52:26","guid":{"rendered":"https:\/\/pgvape.com\/?post_type=product&#038;p=6153"},"modified":"2026-04-18T13:39:15","modified_gmt":"2026-04-18T13:39:15","slug":"bang-leader-45000-45k-puffs-einweg-vape-mit-zwei-geschmacksrichtungen-versand-aus-der-eu-kostenloser-versand-direkt-ab-fabrik","status":"publish","type":"product","link":"https:\/\/pgvape.com\/de\/produkt\/bang-leader-45000-45k-puffs-einweg-vape-mit-zwei-geschmacksrichtungen-versand-aus-der-eu-kostenloser-versand-direkt-ab-fabrik\/","title":{"rendered":"Bang Leader 45000 | 45k Puffs Dual Flavors Einweg-Vape | Versand aus der EU | Kostenloser Versand | Vape Factory Direct"},"content":{"rendered":"<p><strong data-sourcepos=\"4:5-4:46\">Bang Leader 45K Puffs Einweg-Vaporizer<\/strong>\u00a0liefert\u00a0<strong data-sourcepos=\"4:56-4:88\">Erweitertes Dampfvergn\u00fcgen<\/strong>\u00a0mit\u00a0<strong data-sourcepos=\"4:94-4:110\">45.000 Z\u00fcge<\/strong>\u00a0und a\u00a0<strong data-sourcepos=\"4:117-4:139\">System mit zwei Geschmacksrichtungen<\/strong>.\u00a0<strong data-sourcepos=\"4:151-4:170\">Dual-Mesh-Spulen<\/strong>\u00a0f\u00fcr\u00a0<strong data-sourcepos=\"4:175-4:204\">verbesserte Dampfproduktion<\/strong>, Und\u00a0<strong data-sourcepos=\"4:253-4:287\">12 erstklassige Geschmackskombinationen<\/strong>.\u00a0<strong data-sourcepos=\"4:293-4:324\">650-mAh-Akku<\/strong>\u00a0mit\u00a0<strong data-sourcepos=\"4:330-4:349\">Laden vom Typ C<\/strong>\u00a0Und\u00a0<strong data-sourcepos=\"4:354-4:377\">LED-Digitalanzeige<\/strong>\u00a0sorgt f\u00fcr eine bequeme und unterbrechungsfreie Nutzung.\u00a0<strong data-sourcepos=\"4:426-4:446\">10 Einheiten pro Karton<\/strong>\u00a0f\u00fcr den Komfort im Einzelhandel.<br \/>\nDer Bang Leader 45K wird direkt aus unserem EU-Lager versandt und garantiert eine schnelle, steuerfreie Lieferung und 100%-Authentizit\u00e4t \u2013 so erhalten Sie ein erstklassiges Dampferlebnis direkt zu Ihnen nach Hause.<\/p>\n<p>&nbsp;<\/p>\n<h2><span style=\"font-size: 90%;\">Bang Leader 45000 | 45k Puffs Einweg-Vape mit zwei Geschmacksrichtungen\u00a0<strong data-sourcepos=\"6:5-6:27\">Spezifikationen<\/strong><\/span><\/h2>\n<p><strong data-sourcepos=\"7:3-7:17\">Puff Count<\/strong>:\u00a0<strong data-sourcepos=\"7:19-7:35\">45.000 Z\u00fcge<\/strong><\/p>\n<p><strong data-sourcepos=\"8:3-8:20\">Geschmackssystem<\/strong>:\u00a0<strong data-sourcepos=\"8:22-8:47\">Wechsel zwischen zwei Geschmacksrichtungen<\/strong><\/p>\n<p><strong data-sourcepos=\"9:3-9:15\">Nikotin<\/strong>: <strong data-sourcepos=\"9:17-9:38\">2%<\/strong><\/p>\n<p><strong data-sourcepos=\"10:3-10:11\">Spule<\/strong>:\u00a0<strong data-sourcepos=\"10:13-10:38\">Dual-Mesh-Spule (1,0 \u03a9)<\/strong><\/p>\n<p><strong data-sourcepos=\"11:3-11:14\">Batterie<\/strong>:\u00a0<strong data-sourcepos=\"11:16-11:39\">650 mAh wiederaufladbar<\/strong><\/p>\n<p><strong data-sourcepos=\"12:3-12:15\">Aufladen<\/strong>:\u00a0<strong data-sourcepos=\"12:17-12:41\">Typ-C-Schnellladung<\/strong><\/p>\n<p><strong data-sourcepos=\"13:3-13:14\">Anzeige<\/strong>:\u00a0<strong data-sourcepos=\"13:16-13:38\">LED-Digitalbildschirm<\/strong><\/p>\n<p><strong data-sourcepos=\"14:3-14:14\">Aromen<\/strong>:\u00a0<strong data-sourcepos=\"14:16-14:38\">12 kuratierte Optionen<\/strong><\/p>\n<p><strong data-sourcepos=\"15:3-15:16\">Verpackung<\/strong>:\u00a0<strong data-sourcepos=\"15:18-15:40\">10 St\u00fcck\/Displaybox<\/strong><\/p>\n<p><strong data-sourcepos=\"15:3-15:28\">EU-Lagerversand<\/strong>\u00a0\u2013 Schnelle, steuerfreie Lieferung<\/p>\n<p>&nbsp;<\/p>\n<h3><span style=\"font-size: 90%;\">Bang Leader 45000 | 45k Puffs Einweg-Vape mit zwei Geschmacksrichtungen\u00a0<strong data-sourcepos=\"17:5-17:28\">Geschmackskombinationen<\/strong><\/span><\/h3>\n<p><strong>1. Blaubeereis und Schwarzdracheneis<\/strong><\/p>\n<p><strong>2. Blaubeereis, Erdbeere und Banane<\/strong><\/p>\n<p><strong>3. Blaubeer-Himbeer- und Pfirsich-Mango-Wassermelone<\/strong><\/p>\n<p><strong>4. Blaubeer-Wassermelone und Erdbeer-Mango<\/strong><\/p>\n<p><strong>5. Cola-Eis und Kirsch-Cranberry<\/strong><\/p>\n<p><strong>6.Ananas-Eis und dreifache Mango<\/strong><\/p>\n<p><strong>7. Red Bull &amp; Blaubeer-Wassermelone<\/strong><\/p>\n<p><strong>8. Red Bull &amp; Wassermelonen-Blasenbonbons<\/strong><\/p>\n<p><strong>9. Erdbeer-Kiwi-Pfirsich-Eis<\/strong><\/p>\n<p><strong>10. Erdbeer-Wassermelonen- und Traubeneis<\/strong><\/p>\n<p><strong>11.Erdbeer-Wassermelone und Kiwi-Passionsfrucht-Guave<\/strong><\/p>\n<p><strong>12.Wassermeloneneis &amp; Erdbeere und Mango<\/strong><\/p>\n<p><strong>13. Erdbeereis und rosa Zitroneneis<\/strong><\/p>\n<p><strong>14.Kirsch-Cola und Wassermelonen-Kaugummi<\/strong><\/p>\n<p><strong>15. Kirscheis und Erdbeer-Cranberry-Eis<\/strong><\/p>\n<p><strong>16.Lemon And Lime &amp; Blue Razzle<\/strong><\/p>\n<p><strong>17.Himbeer-Mojito-Pfirsich-Eis &amp; Apfel-Birne<\/strong><\/p>\n<p><strong>18.Lychee-Eis und Melonenmarmelade<img loading=\"lazy\" decoding=\"async\" class=\"alignnone wp-image-6158 size-full\" src=\"https:\/\/pgvape.com\/wp-content\/uploads\/2025\/11\/pgvape-Bang-Leader-45000-45k-Puffs-Dual-Flavors-Disposable-Vape-Shipment-from-EU-Free-Shipping-3.png\" alt=\"Farbenfrohe Werbung f\u00fcr Bang Leader-Einweg-Vaporizer, die zwei gro\u00dfe Farbverlaufsger\u00e4te und ein Raster kleinerer Ger\u00e4te mit markantem Tiergesichts-Motiv, dem auff\u00e4lligen &quot;45000 Z\u00fcge&quot;-Slogan, dem Markennamen, Typ-C-Lade- und 21+-Symbolen sowie einem dynamischen Rennstreckenhintergrund zeigt.\" width=\"1920\" height=\"1080\" srcset=\"https:\/\/pgvape.com\/wp-content\/uploads\/2025\/11\/pgvape-Bang-Leader-45000-45k-Puffs-Dual-Flavors-Disposable-Vape-Shipment-from-EU-Free-Shipping-3.png 1920w, https:\/\/pgvape.com\/wp-content\/uploads\/2025\/11\/pgvape-Bang-Leader-45000-45k-Puffs-Dual-Flavors-Disposable-Vape-Shipment-from-EU-Free-Shipping-3-555x312.png 555w, https:\/\/pgvape.com\/wp-content\/uploads\/2025\/11\/pgvape-Bang-Leader-45000-45k-Puffs-Dual-Flavors-Disposable-Vape-Shipment-from-EU-Free-Shipping-3-595x335.png 595w, https:\/\/pgvape.com\/wp-content\/uploads\/2025\/11\/pgvape-Bang-Leader-45000-45k-Puffs-Dual-Flavors-Disposable-Vape-Shipment-from-EU-Free-Shipping-3-400x225.png 400w, https:\/\/pgvape.com\/wp-content\/uploads\/2025\/11\/pgvape-Bang-Leader-45000-45k-Puffs-Dual-Flavors-Disposable-Vape-Shipment-from-EU-Free-Shipping-3-768x432.png 768w, https:\/\/pgvape.com\/wp-content\/uploads\/2025\/11\/pgvape-Bang-Leader-45000-45k-Puffs-Dual-Flavors-Disposable-Vape-Shipment-from-EU-Free-Shipping-3-1536x864.png 1536w, https:\/\/pgvape.com\/wp-content\/uploads\/2025\/11\/pgvape-Bang-Leader-45000-45k-Puffs-Dual-Flavors-Disposable-Vape-Shipment-from-EU-Free-Shipping-3-18x10.png 18w, https:\/\/pgvape.com\/wp-content\/uploads\/2025\/11\/pgvape-Bang-Leader-45000-45k-Puffs-Dual-Flavors-Disposable-Vape-Shipment-from-EU-Free-Shipping-3-600x338.png 600w, https:\/\/pgvape.com\/wp-content\/uploads\/2025\/11\/pgvape-Bang-Leader-45000-45k-Puffs-Dual-Flavors-Disposable-Vape-Shipment-from-EU-Free-Shipping-3-60x34.png 60w\" sizes=\"auto, (max-width: 1920px) 100vw, 1920px\" \/><\/strong><\/p>\n<p>&nbsp;<\/p>\n<h3><span style=\"font-size: 90%;\">Bang Leader 45000 | 45k Puffs Einweg-Vape mit zwei Geschmacksrichtungen\u00a0<strong>Video<\/strong>:<\/span><\/h3>\n<p>&nbsp;<\/p>\n<h3 class=\"auto-hide-last-sibling-br paragraph-pP9ZLC paragraph-element br-paragraph-space\"><span style=\"font-size: 90%;\">Warum sollten Sie sich f\u00fcr das europ\u00e4ische Lager von PGVape entscheiden?<\/span><\/h3>\n<p>Schneller Versand: Lieferung in die meisten EU-L\u00e4nder innerhalb von 3-7 Werktagen.<\/p>\n<p>Zollfreie Lieferung: Lokale Lagerbest\u00e4nde in der EU sorgen f\u00fcr einen reibungslosen und zollfreien Versand.<\/p>\n<p>100%-Authentizit\u00e4tsgarantie: Echte Bang Leader-E-Zigaretten von zertifizierten Lieferanten.<\/p>\n<p>Frischer Bestand: Unter kontrollierten Bedingungen gelagert, um optimale Qualit\u00e4t zu gew\u00e4hrleisten.<\/p>\n<p>Europ\u00e4er vertrauen darauf: Tausende Kunden genie\u00dfen schnelle und sichere E-Zigaretten-Dienste von PGVape.<\/p>\n<p>&nbsp;<\/p>\n<h2><span style=\"font-size: 90%;\">H\u00e4ufig gestellte Fragen zu Bang Leader 45000 | 45k Puffs Dual Flavours Einweg-Vaporizer<\/span><\/h2>\n<p data-sourcepos=\"30:1-31:104\">\u2753\u00a0<strong data-sourcepos=\"30:3-30:44\">Wie funktioniert das Dual-Flavor-System?<\/strong><br \/>\n\u2705\u00a0Sofort wechseln zwischen\u00a0<strong data-sourcepos=\"31:28-31:52\">zwei unterschiedliche Geschmacksrichtungen<\/strong>\u00a0mit einem einfachen Knopfdruck oder automatischer Drehung.<\/p>\n<p data-sourcepos=\"33:1-34:91\">\u2753\u00a0<strong data-sourcepos=\"33:3-33:40\">Was gew\u00e4hrleistet die Langlebigkeit von 45.000 Z\u00fcgen?<\/strong><br \/>\n\u2705\u00a0<strong data-sourcepos=\"34:3-34:37\">Optimierte Dual-Coil-Technologie<\/strong>\u00a0Maximiert die E-Liquid-Effizienz f\u00fcr\u00a0<strong data-sourcepos=\"34:72-34:88\">erweiterter Einsatz<\/strong>.<\/p>\n<p data-sourcepos=\"36:1-37:103\">\u2753\u00a0<strong data-sourcepos=\"36:3-36:42\">Ist die Dampfproduktion beeindruckend?<\/strong><br \/>\n\u2705\u00a0<strong data-sourcepos=\"37:3-37:22\">Dual-Mesh-Spulen<\/strong>\u00a0liefern\u00a0<strong data-sourcepos=\"37:31-37:52\">40% dichtere Wolken<\/strong>\u00a0Und\u00a0<strong data-sourcepos=\"37:57-37:74\">reicherer Geschmack<\/strong>\u00a0als herk\u00f6mmliche Einwegartikel.<\/p>\n<p data-sourcepos=\"39:1-40:86\">\u2753\u00a0<strong data-sourcepos=\"39:3-39:41\">Wie praktisch ist die LED-Anzeige?<br \/>\n<\/strong>\u2705\u00a0\u00dcberwachen\u00a0<strong data-sourcepos=\"40:11-40:30\">verbleibende Z\u00fcge<\/strong>,\u00a0<strong data-sourcepos=\"40:32-40:48\">Akkulaufzeit<\/strong>, Und\u00a0<strong data-sourcepos=\"40:54-40:71\">aktiver Geschmack<\/strong>\u00a0auf einen Blick.<\/p>\n<p data-sourcepos=\"39:1-40:86\">\u2753\u00a0<strong data-sourcepos=\"50:3-50:42\">Woher wird dieses Produkt versendet?<\/strong><br \/>\n\u2705\u00a0Direkt von\u00a0<strong data-sourcepos=\"51:15-51:32\">EU-Lager<\/strong>\u00a0f\u00fcr\u00a0<strong data-sourcepos=\"51:37-51:64\">schnelle, steuerfreie Lieferung<\/strong>.<\/p>\n<p>&nbsp;<\/p>\n<h3 id=\"brxe-najhln\" class=\"brxe-heading\">H\u00e4ufig gestellte Fragen (FAQ)<\/h3>\n<div id=\"brxe-rajiac\" class=\"brxe-text\">\n<p><strong>F: Welche Zahlungsmethoden akzeptieren Sie?<\/strong><br \/>\nA: Wir akzeptieren PayPal, Stripe, Bank\u00fcberweisungen (SEPA unterst\u00fctzt), g\u00e4ngige Kreditkarten (Visa, MasterCard, American Express) und Zahlungen in Kryptow\u00e4hrung.<\/p>\n<p><strong>F: Wie lange dauert die Auftragsvorbereitung?<\/strong><br \/>\nA: Die Auftragsvorbereitung dauert 1-3 Werktage.<\/p>\n<p><strong>F: Wie lange dauert die Lieferung?<\/strong><br \/>\nA: Die Lieferzeit betr\u00e4gt je nach Standort 7\u201314 Werktage. Die Lieferung von Waren aus europ\u00e4ischen Lagern dauert in der Regel 3\u20136 Werktage.<\/p>\n<p><strong>F: Wie kann ich meine Bestellung verfolgen?<\/strong><br \/>\nA: Nach dem Versand erhalten Sie eine Best\u00e4tigungs-E-Mail mit einer Sendungsverfolgungsnummer zur Echtzeitverfolgung.<\/p>\n<p><strong>F: Wie lauten Ihre R\u00fcckgabebedingungen?<\/strong><br \/>\nA: Wir bieten ein 30-t\u00e4giges R\u00fcckgaberecht f\u00fcr R\u00fcckerstattungen oder Umtausch. .<\/p>\n<p><strong>F: Wird es Zollprobleme geben?<br \/>\n<\/strong>Wir k\u00fcmmern uns um alle Zollabfertigungsverfahren, um Ihnen ein reibungsloses Erlebnis zu gew\u00e4hrleisten. .<\/p>\n<p><strong>F: Welche Versandarten werden verwendet?<\/strong><br \/>\nWir arbeiten mit UPS\/DHL\/FEDEX\/DPD etc. zusammen. Je nach Lieferland w\u00e4hlen wir die passende Versandoption aus, um sicherzustellen, dass Sie Ihre Produkte schnellstm\u00f6glich erhalten.<\/p>\n<p><a href=\"https:\/\/pgvape.com\/de\/faqs\/\">Klicken Sie hier f\u00fcr weitere FAQ<\/a><\/p>\n<p>Liebe Kunden, wenn Sie Fragen zu Ihrer Bestellung oder zum Wareneingang haben, wenden Sie sich bitte an unseren Kundenservice. Vielen Dank!<\/p>\n<h3 data-sourcepos=\"73:1-73:21\"><strong data-sourcepos=\"73:7-73:21\">Kontaktieren Sie uns<\/strong><\/h3>\n<div id=\"text-2419739398\" class=\"text\">\n<p><strong data-sourcepos=\"75:3-75:12\">E-Mail<\/strong>:\u00a0<a href=\"mailto:support@pgvape.com\"><strong>support@pgvape.com<\/strong><\/a><\/p>\n<p><strong data-sourcepos=\"76:3-76:15\">WhatsApp<\/strong>:\u00a0<a href=\"https:\/\/wa.me\/+8618128481258\"><strong>+86 18128481258<\/strong><\/a><br \/>\n<strong>(Antwort innerhalb von 24 Stunden an Werktagen)<\/strong><\/p>\n<\/div>\n<h3><strong>Vielen Dank, dass Sie sich f\u00fcr pgvape.com entschieden haben! .<\/strong><\/h3>\n<\/div>","protected":false},"excerpt":{"rendered":"<p>Der\u00a0<strong data-sourcepos=\"43:5-43:30\">Bang Leader 45K Puffs<\/strong>\u00a0vereint\u00a0<strong data-sourcepos=\"43:40-43:69\">Hochleistungsleistung<\/strong>,\u00a0<strong data-sourcepos=\"43:71-43:98\">Vielseitigkeit in zwei Geschmacksrichtungen<\/strong>, Und\u00a0<strong data-sourcepos=\"43:104-43:131\">Premium-Spulentechnologie<\/strong>\u00a0mit\u00a0<strong data-sourcepos=\"43:137-43:156\">12 Geschmackspaare<\/strong>\u00a0f\u00fcr ultimative Dampfzufriedenheit.<\/p>","protected":false},"featured_media":6157,"comment_status":"open","ping_status":"closed","template":"","meta":{"_seopress_robots_primary_cat":"none","_seopress_titles_title":"","_seopress_titles_desc":"","_seopress_robots_index":""},"product_brand":[54,516],"product_cat":[515,461,308],"product_tag":[310,365,90,66,459,203],"class_list":{"0":"post-6153","1":"product","2":"type-product","3":"status-publish","4":"has-post-thumbnail","6":"product_brand-bang-leader-vape","7":"product_brand-disposable-vape","8":"product_cat-disposable-vape","9":"product_cat-bang-leader-vape-eu","10":"product_cat-45k-puffs-vape","11":"product_tag-45k-puffs-vape","12":"product_tag-bang-leader-45000","13":"product_tag-disposable-vape","14":"product_tag-dual-flavors","15":"product_tag-free-shipping","16":"product_tag-shipment-from-eu","18":"first","19":"instock","20":"sale","21":"shipping-taxable","22":"purchasable","23":"product-type-variable"},"_links":{"self":[{"href":"https:\/\/pgvape.com\/de\/wp-json\/wp\/v2\/product\/6153","targetHints":{"allow":["GET"]}}],"collection":[{"href":"https:\/\/pgvape.com\/de\/wp-json\/wp\/v2\/product"}],"about":[{"href":"https:\/\/pgvape.com\/de\/wp-json\/wp\/v2\/types\/product"}],"replies":[{"embeddable":true,"href":"https:\/\/pgvape.com\/de\/wp-json\/wp\/v2\/comments?post=6153"}],"wp:featuredmedia":[{"embeddable":true,"href":"https:\/\/pgvape.com\/de\/wp-json\/wp\/v2\/media\/6157"}],"wp:attachment":[{"href":"https:\/\/pgvape.com\/de\/wp-json\/wp\/v2\/media?parent=6153"}],"wp:term":[{"taxonomy":"product_brand","embeddable":true,"href":"https:\/\/pgvape.com\/de\/wp-json\/wp\/v2\/product_brand?post=6153"},{"taxonomy":"product_cat","embeddable":true,"href":"https:\/\/pgvape.com\/de\/wp-json\/wp\/v2\/product_cat?post=6153"},{"taxonomy":"product_tag","embeddable":true,"href":"https:\/\/pgvape.com\/de\/wp-json\/wp\/v2\/product_tag?post=6153"}],"curies":[{"name":"wp","href":"https:\/\/api.w.org\/{rel}","templated":true}]}}