{"id":6086,"date":"2025-11-14T11:45:53","date_gmt":"2025-11-14T11:45:53","guid":{"rendered":"https:\/\/pgvape.com\/?post_type=product&#038;p=6086"},"modified":"2026-04-18T13:39:15","modified_gmt":"2026-04-18T13:39:15","slug":"bang-leader-50000-50-000-puffs-einweg-vape-mit-zwei-geschmacksrichtungen-versand-aus-der-eu-kostenloser-versand-direkt-ab-fabrik","status":"publish","type":"product","link":"https:\/\/pgvape.com\/de\/produkt\/bang-leader-50000-50-000-puffs-einweg-vape-mit-zwei-geschmacksrichtungen-versand-aus-der-eu-kostenloser-versand-direkt-ab-fabrik\/","title":{"rendered":"Bang Leader 50000 | 50K Puffs Dual Flavours Einweg-Vape | Versand aus der EU | Kostenloser Versand | Vape Factory Direct"},"content":{"rendered":"<p><strong data-sourcepos=\"6:5-6:59\">Bang Leader 50K Puffs Einweg-Vape mit zwei Geschmacksrichtungen<\/strong>\u00a0definiert l\u00e4ngeres Dampfen neu\u00a0<strong data-sourcepos=\"6:91-6:107\">50.000 Z\u00fcge<\/strong>\u00a0von einem massiven\u00a0<strong data-sourcepos=\"6:123-6:149\">36 ml E-Liquid-Kapazit\u00e4t<\/strong>, angetrieben von a\u00a0<strong data-sourcepos=\"6:164-6:195\">650-mAh-Akku<\/strong><span class=\"CustomP_animated_char__m3r9w\">.<\/span><span class=\"CustomP_animated_char__m3r9w\">\u00a0<\/span><span class=\"CustomP_animated_char__m3r9w\">Mit<\/span><span class=\"CustomP_animated_char__m3r9w\">\u00a0<\/span><strong data-sourcepos=\"6:207-6:226\">Dual-Mesh-Spulen<\/strong>\u00a0Und\u00a0<strong data-sourcepos=\"6:231-6:253\">einstellbare Wattzahl<\/strong>, es liefert satten, sanften Dampf.\u00a0<strong data-sourcepos=\"6:291-6:315\">Typ-C-Schnellladung<\/strong><span class=\"CustomP_animated_char__m3r9w\">\u00a0<\/span><span class=\"CustomP_animated_char__m3r9w\">Und<\/span><span class=\"CustomP_animated_char__m3r9w\">\u00a0<\/span><strong data-sourcepos=\"6:320-6:337\">Intelligentes Display<\/strong><span class=\"CustomP_animated_char__m3r9w\">\u00a0<\/span><span class=\"CustomP_animated_char__m3r9w\">(<\/span><span class=\"CustomP_animated_char__m3r9w\">zeigen<\/span><span class=\"CustomP_animated_char__m3r9w\">\u00a0<\/span><span class=\"CustomP_animated_char__m3r9w\">Batterie<\/span><span class=\"CustomP_animated_char__m3r9w\">\/<\/span><span class=\"CustomP_animated_char__m3r9w\">e<\/span><span class=\"CustomP_animated_char__m3r9w\">\u2013<\/span><span class=\"CustomP_animated_char__m3r9w\">fl\u00fcssig<\/span><span class=\"CustomP_animated_char__m3r9w\">\u00a0<\/span><span class=\"CustomP_animated_char__m3r9w\">Ebenen<\/span><span class=\"CustomP_animated_char__m3r9w\">)<\/span><span class=\"CustomP_animated_char__m3r9w\">\u00a0<\/span><span class=\"CustomP_animated_char__m3r9w\">sicherstellen<\/span><span class=\"CustomP_animated_char__m3r9w\">\u00a0<\/span><span class=\"CustomP_animated_char__m3r9w\">Bequemlichkeit<\/span><span class=\"CustomP_animated_char__m3r9w\">,<\/span><span class=\"CustomP_animated_char__m3r9w\">\u00a0<\/span><span class=\"CustomP_animated_char__m3r9w\">w\u00e4hrend<\/span><span class=\"CustomP_animated_char__m3r9w\">\u00a0<\/span><strong data-sourcepos=\"6:398-6:429\">12 Kombinationen mit zwei Geschmacksrichtungen<\/strong><span class=\"CustomP_animated_char__m3r9w\">\u00a0<\/span><span class=\"CustomP_animated_char__m3r9w\">Angebot<\/span><span class=\"CustomP_animated_char__m3r9w\">\u00a0<\/span><span class=\"CustomP_animated_char__m3r9w\">un\u00fcbertroffen<\/span><span class=\"CustomP_animated_char__m3r9w\">\u00a0<\/span><span class=\"CustomP_animated_char__m3r9w\">Vielfalt<\/span><span class=\"CustomP_animated_char__m3r9w\">\u2013<\/span><span class=\"CustomP_animated_char__m3r9w\">Geschmack<\/span><span class=\"CustomP_animated_char__m3r9w\">\u00a0<\/span><span class=\"CustomP_animated_char__m3r9w\">Kombinationen<\/span><span class=\"CustomP_animated_char__m3r9w\">*<\/span><span class=\"CustomP_animated_char__m3r9w\">*<\/span><span class=\"CustomP_animated_char__m3r9w\">\u00a0<\/span><span class=\"CustomP_animated_char__m3r9w\">Angebot<\/span><span class=\"CustomP_animated_char__m3r9w\">\u00a0<\/span><span class=\"CustomP_animated_char__m3r9w\">un\u00fcbertroffen<\/span><span class=\"CustomP_animated_char__m3r9w\">\u00a0<\/span><span class=\"CustomP_animated_char__m3r9w\">Vielfalt<\/span><span class=\"CustomP_animated_char__m3r9w\">.<\/span><span class=\"CustomP_animated_char__m3r9w\">\u00a0<\/span><span class=\"CustomP_animated_char__m3r9w\">Verpackt<\/span><span class=\"CustomP_animated_char__m3r9w\">\u00a0<\/span><strong data-sourcepos=\"6:510-6:531\">10 St\u00fcck pro Karton<\/strong><span class=\"CustomP_animated_char__m3r9w\">,<\/span><span class=\"CustomP_animated_char__m3r9w\">\u00a0<\/span><span class=\"CustomP_animated_char__m3r9w\">Es<\/span><span class=\"CustomP_animated_char__m3r9w\">\u2018<\/span><span class=\"CustomP_animated_char__m3r9w\">S<\/span><span class=\"CustomP_animated_char__m3r9w\">\u00a0<\/span><span class=\"CustomP_animated_char__m3r9w\">perfekt<\/span><span class=\"CustomP_animated_char__m3r9w\">\u00a0<\/span><span class=\"CustomP_animated_char__m3r9w\">f\u00fcr<\/span><span class=\"CustomP_animated_char__m3r9w\">\u00a0<\/span><span class=\"CustomP_animated_char__m3r9w\">Einzelh\u00e4ndler<\/span><span class=\"CustomP_animated_char__m3r9w\">\u00a0<\/span><span class=\"CustomP_animated_char__m3r9w\">Und<\/span><span class=\"CustomP_animated_char__m3r9w\">\u00a0<\/span><span class=\"CustomP_animated_char__m3r9w\">Geschmack<\/span><span class=\"CustomP_animated_char__m3r9w\">*<\/span><span class=\"CustomP_animated_char__m3r9w\">*<\/span><span class=\"CustomP_animated_char__m3r9w\">,<\/span><span class=\"CustomP_animated_char__m3r9w\">\u00a0<\/span><span class=\"CustomP_animated_char__m3r9w\">Es<\/span><span class=\"CustomP_animated_char__m3r9w\">\u2018<\/span><span class=\"CustomP_animated_char__m3r9w\">S<\/span><span class=\"CustomP_animated_char__m3r9w\">\u00a0<\/span><span class=\"CustomP_animated_char__m3r9w\">perfekt<\/span><span class=\"CustomP_animated_char__m3r9w\">\u00a0<\/span><span class=\"CustomP_animated_char__m3r9w\">f\u00fcr<\/span><span class=\"CustomP_animated_char__m3r9w\">\u00a0<\/span><span class=\"CustomP_animated_char__m3r9w\">Einzelh\u00e4ndler<\/span><span class=\"CustomP_animated_char__m3r9w\">\u00a0<\/span><span class=\"CustomP_animated_char__m3r9w\">Und<\/span><span class=\"CustomP_animated_char__m3r9w\">\u00a0<\/span><span class=\"CustomP_animated_char__m3r9w\">Geschmack<\/span><span class=\"CustomP_animated_char__m3r9w\">\u2013<\/span><span class=\"CustomP_animated_char__m3r9w\">suchen<\/span><span class=\"CustomP_animated_char__m3r9w\">\u00a0<\/span><span class=\"CustomP_animated_char__m3r9w\">Dampfer<\/span><span class=\"CustomP_animated_char__m3r9w\">.<br \/>\nBang Leader 50K wird direkt aus unserem EU-Lager versandt und garantiert eine schnelle, steuerfreie Lieferung und 100%-Authentizit\u00e4t \u2013 so erhalten Sie ein erstklassiges Dampferlebnis direkt zu Ihnen nach Hause.<br \/>\n<\/span><\/p>\n<p>&nbsp;<\/p>\n<h2><span style=\"font-size: 90%;\">Bang Leader 50000 | 50K Puffs Dual Flavours Einweg-Vapor-Produktspezifikation<\/span><\/h2>\n<p><strong data-sourcepos=\"11:3-11:24\">Nikotinoptionen:<\/strong> <strong data-sourcepos=\"11:25-11:46\">2%<\/strong><\/p>\n<p><strong data-sourcepos=\"12:3-12:18\">Puffanzahl:<\/strong>\u00a0<strong data-sourcepos=\"12:19-12:35\">50.000 Z\u00fcge<\/strong><span class=\"CustomP_animated_char__m3r9w\">\u00a0<\/span><span class=\"CustomP_animated_char__m3r9w\">(<\/span><span class=\"CustomP_animated_char__m3r9w\">Ult<\/span><span class=\"CustomP_animated_char__m3r9w\">ra<\/span><span class=\"CustomP_animated_char__m3r9w\">\u2013<\/span><span class=\"CustomP_animated_char__m3r9w\">lang<\/span><span class=\"CustomP_animated_char__m3r9w\">\u00a0<\/span><span class=\"CustomP_animated_char__m3r9w\">Lebensdauer<\/span><span class=\"CustomP_animated_char__m3r9w\">)<\/span><\/p>\n<p><strong data-sourcepos=\"13:3-13:25\">E-Liquid-Kapazit\u00e4t:<\/strong>\u00a0<strong data-sourcepos=\"13:26-13:34\">36 ml<\/strong><span class=\"CustomP_animated_char__m3r9w\">\u00a0<\/span><span class=\"CustomP_animated_char__m3r9w\">(<\/span><span class=\"CustomP_animated_char__m3r9w\">Industrie<\/span><span class=\"CustomP_animated_char__m3r9w\">\u2013<\/span><span class=\"CustomP_animated_char__m3r9w\">f\u00fchrend<\/span><span class=\"CustomP_animated_char__m3r9w\">\u00a0<\/span><span class=\"CustomP_animated_char__m3r9w\">Volumen<\/span><span class=\"CustomP_animated_char__m3r9w\">)<\/span><\/p>\n<p><strong data-sourcepos=\"14:3-14:15\">Batterie:<\/strong>\u00a0<strong data-sourcepos=\"14:16-14:39\">650 mAh wiederaufladbar<\/strong>\u00a0+\u00a0<strong data-sourcepos=\"14:42-14:66\">Typ-C-Schnellladung<\/strong><\/p>\n<p><strong data-sourcepos=\"15:3-15:12\">Spule:<\/strong>\u00a0<strong data-sourcepos=\"15:13-15:26\">Dual-Mesh<\/strong><span class=\"CustomP_animated_char__m3r9w\">\u00a0<\/span><span class=\"CustomP_animated_char__m3r9w\">(<\/span><span class=\"CustomP_animated_char__m3r9w\">Erweitert<\/span><span class=\"CustomP_animated_char__m3r9w\">\u00a0<\/span><span class=\"CustomP_animated_char__m3r9w\">Geschmack<\/span><span class=\"CustomP_animated_char__m3r9w\">\u00a0<\/span><span class=\"CustomP_animated_char__m3r9w\">&amp;<\/span><span class=\"CustomP_animated_char__m3r9w\">\u00a0<\/span><span class=\"CustomP_animated_char__m3r9w\">Dampf<\/span><span class=\"CustomP_animated_char__m3r9w\">\u00a0<\/span><span class=\"CustomP_animated_char__m3r9w\">Dichte<\/span><span class=\"CustomP_animated_char__m3r9w\">)<\/span><\/p>\n<p><strong data-sourcepos=\"16:3-16:21\">Anpassung:<\/strong>\u00a0<strong data-sourcepos=\"16:22-16:44\">Einstellbare Wattzahl<\/strong><span class=\"CustomP_animated_char__m3r9w\">\u00a0<\/span><span class=\"CustomP_animated_char__m3r9w\">(<\/span><span class=\"CustomP_animated_char__m3r9w\">Schwanz<\/span><span class=\"CustomP_animated_char__m3r9w\">oder<\/span><span class=\"CustomP_animated_char__m3r9w\">\u00a0<\/span><span class=\"CustomP_animated_char__m3r9w\">dein<\/span><span class=\"CustomP_animated_char__m3r9w\">\u00a0<\/span><span class=\"CustomP_animated_char__m3r9w\">Dampfen<\/span><span class=\"CustomP_animated_char__m3r9w\">\u00a0<\/span><span class=\"CustomP_animated_char__m3r9w\">Intensit\u00e4t<\/span><span class=\"CustomP_animated_char__m3r9w\">)<\/span><\/p>\n<p><strong data-sourcepos=\"17:3-17:15\">Anzeige:<\/strong>\u00a0<strong data-sourcepos=\"17:16-17:59\">Batterie- und E-Liquid-\u00dcberwachung in Echtzeit<\/strong><\/p>\n<p><strong data-sourcepos=\"18:3-18:21\">Geschmackssystem:<\/strong>\u00a0<strong data-sourcepos=\"18:22-18:53\">12 Kombinationen mit zwei Geschmacksrichtungen<\/strong><span class=\"CustomP_animated_char__m3r9w\">\u00a0<\/span><span class=\"CustomP_animated_char__m3r9w\">(<\/span><span class=\"CustomP_animated_char__m3r9w\">Mischen<\/span><span class=\"CustomP_animated_char__m3r9w\">\u00a0<\/span><span class=\"CustomP_animated_char__m3r9w\">&amp;<\/span><span class=\"CustomP_animated_char__m3r9w\">\u00a0<\/span><span class=\"CustomP_animated_char__m3r9w\">\u00fcbereinstimmen<\/span><span class=\"CustomP_animated_char__m3r9w\">\u00a0<\/span><span class=\"CustomP_animated_char__m3r9w\">Profile<\/span><span class=\"CustomP_animated_char__m3r9w\">)<\/span><\/p>\n<p><strong data-sourcepos=\"19:3-19:17\">Verpackung:<\/strong>\u00a0<strong data-sourcepos=\"19:18-19:32\">10 St\u00fcck\/Karton<\/strong><span class=\"CustomP_animated_char__m3r9w\">\u00a0<\/span><span class=\"CustomP_animated_char__m3r9w\">(<\/span><span class=\"CustomP_animated_char__m3r9w\">Einzelhandel<\/span><span class=\"CustomP_animated_char__m3r9w\">\u2013<\/span><span class=\"CustomP_animated_char__m3r9w\">bereit<\/span><span class=\"CustomP_animated_char__m3r9w\">)<\/span><\/p>\n<p><strong data-sourcepos=\"15:3-15:28\">EU-Lagerversand<\/strong>\u00a0\u2013 Schnelle, steuerfreie Lieferung<\/p>\n<p>&nbsp;<\/p>\n<h3><span style=\"font-size: 90%;\">Bang Leader 50000 | 50K Puffs Dual Flavors Einweg-Vape-Geschmacksliste<\/span><\/h3>\n<p>1.Erdbeer-Himbeer-Kirsch-Eis \/ Kirsche<\/p>\n<p>2.Wassermelone Erdbeere \/ Wassermelone<\/p>\n<p>3.Schwarze Traube \/ Gr\u00fcne Traube<\/p>\n<p>4.Apfelbirne \/ Kiwi-Passionsfrucht-Guave<\/p>\n<p>5. Saure Ananas-Limonade \/ Zitronen-Limette<\/p>\n<p>6.Bananeneis \/ Mango<\/p>\n<p>7.Heidelbeer-Sauer-Himbeere \/ Blaubeere<\/p>\n<p>8.Cherry Cola \/ Rosa Limonade<\/p>\n<p>9. Blaubeer-Himbeer-Limonade \/ Erdbeer-Himbeer-Kirsch-Eis<\/p>\n<p>10.Erdbeer-Kiwi \/ Erdbeereis<\/p>\n<p>11.Ananas-Passionsfrucht \/ Ananas-Eis<\/p>\n<p>12.Himbeer-Mojito \/ Kirsch-Himbeer-Limette<img loading=\"lazy\" decoding=\"async\" class=\"alignnone wp-image-6108 size-full\" src=\"https:\/\/pgvape.com\/wp-content\/uploads\/2025\/11\/Pgvape-Bang-eader-50000-50K-Puffs-Dual-Flavors-Disposable-Vape-Shipment-from-EU-Free-Shipping-2.png\" alt=\"Raster aus farbenfrohen, kompakten E-Zigaretten-Ger\u00e4ten, die in Reihen vor einem blauen Hintergrund mit Weltraummotiv angeordnet sind. Jede Einheit mit sechseckigem Geh\u00e4use verf\u00fcgt \u00fcber ein zentrales schwarzes Display mit Zahlen- und Balkenanzeigen und einer kleinen Zeichengrafik oder einem Logo auf dem Geh\u00e4use.\" width=\"1500\" height=\"1054\" srcset=\"https:\/\/pgvape.com\/wp-content\/uploads\/2025\/11\/Pgvape-Bang-eader-50000-50K-Puffs-Dual-Flavors-Disposable-Vape-Shipment-from-EU-Free-Shipping-2.png 1500w, https:\/\/pgvape.com\/wp-content\/uploads\/2025\/11\/Pgvape-Bang-eader-50000-50K-Puffs-Dual-Flavors-Disposable-Vape-Shipment-from-EU-Free-Shipping-2-512x360.png 512w, https:\/\/pgvape.com\/wp-content\/uploads\/2025\/11\/Pgvape-Bang-eader-50000-50K-Puffs-Dual-Flavors-Disposable-Vape-Shipment-from-EU-Free-Shipping-2-595x418.png 595w, https:\/\/pgvape.com\/wp-content\/uploads\/2025\/11\/Pgvape-Bang-eader-50000-50K-Puffs-Dual-Flavors-Disposable-Vape-Shipment-from-EU-Free-Shipping-2-400x281.png 400w, https:\/\/pgvape.com\/wp-content\/uploads\/2025\/11\/Pgvape-Bang-eader-50000-50K-Puffs-Dual-Flavors-Disposable-Vape-Shipment-from-EU-Free-Shipping-2-768x540.png 768w, https:\/\/pgvape.com\/wp-content\/uploads\/2025\/11\/Pgvape-Bang-eader-50000-50K-Puffs-Dual-Flavors-Disposable-Vape-Shipment-from-EU-Free-Shipping-2-18x12.png 18w, https:\/\/pgvape.com\/wp-content\/uploads\/2025\/11\/Pgvape-Bang-eader-50000-50K-Puffs-Dual-Flavors-Disposable-Vape-Shipment-from-EU-Free-Shipping-2-600x422.png 600w, https:\/\/pgvape.com\/wp-content\/uploads\/2025\/11\/Pgvape-Bang-eader-50000-50K-Puffs-Dual-Flavors-Disposable-Vape-Shipment-from-EU-Free-Shipping-2-57x40.png 57w\" sizes=\"auto, (max-width: 1500px) 100vw, 1500px\" \/><\/p>\n<p>&nbsp;<\/p>\n<h3><span style=\"font-size: 90%;\">Bang Leader 50000 | 50K Puffs Einweg-Vape mit zwei Geschmacksrichtungen\u00a0<strong>Video:<\/strong><\/span><\/h3>\n<p><iframe loading=\"lazy\" title=\"Bang Leader 50K Puffs Dual Flavors Einweg-Vape mit Display-Vape-Fabrik Gro\u00dfhandel pgvape\" width=\"563\" height=\"1000\" src=\"https:\/\/www.youtube.com\/embed\/dgqkXChaUXk?feature=oembed\" frameborder=\"0\" allow=\"accelerometer; autoplay; clipboard-write; encrypted-media; gyroscope; picture-in-picture; web-share\" referrerpolicy=\"strict-origin-when-cross-origin\" allowfullscreen><\/iframe><\/p>\n<p>&nbsp;<\/p>\n<h3 class=\"auto-hide-last-sibling-br paragraph-pP9ZLC paragraph-element br-paragraph-space\"><span style=\"font-size: 90%;\">Warum sollten Sie sich f\u00fcr das europ\u00e4ische Lager von PGVape entscheiden?<\/span><\/h3>\n<p>Schneller Versand: Lieferung in die meisten EU-L\u00e4nder innerhalb von 3-7 Werktagen.<\/p>\n<p>Zollfreie Lieferung: Lokale Lagerbest\u00e4nde in der EU sorgen f\u00fcr einen reibungslosen und zollfreien Versand.<\/p>\n<p>100%-Authentizit\u00e4tsgarantie: Echte Bang Leader-E-Zigaretten von zertifizierten Lieferanten.<\/p>\n<p>Frischer Bestand: Unter kontrollierten Bedingungen gelagert, um optimale Qualit\u00e4t zu gew\u00e4hrleisten.<\/p>\n<p>Europ\u00e4er vertrauen darauf: Tausende Kunden genie\u00dfen schnelle und sichere E-Zigaretten-Dienste von PGVape.<\/p>\n<p>&nbsp;<\/p>\n<h2><span style=\"font-size: 90%;\">H\u00e4ufig gestellte Fragen zu Bang Leader 50000 | 50K Puffs Dual Flavors Einweg-Vaporizer<\/span><\/h2>\n<p data-sourcepos=\"40:1-41:74\">\u2753\u00a0<strong data-sourcepos=\"40:3-40:37\">Wie werden 50.000 Z\u00fcge erreicht?<\/strong><br \/>\n\u2705\u00a0<strong data-sourcepos=\"41:3-41:20\">36 ml E-Liquid<\/strong>\u00a0+\u00a0<strong data-sourcepos=\"41:23-41:52\">effiziente Dual-Mesh-Spulen<\/strong>\u00a0Maximieren Sie die Langlebigkeit.<\/p>\n<p data-sourcepos=\"43:1-44:107\">\u2753\u00a0<strong data-sourcepos=\"43:3-43:43\">Kann ich problemlos zwischen den Geschmacksrichtungen wechseln?<\/strong><br \/>\n\u2705\u00a0Ja!\u00a0<strong data-sourcepos=\"44:8-44:43\">12 vorgemischte Kombinationen mit zwei Geschmacksrichtungen<\/strong>\u00a0erm\u00f6glicht Ihnen das Umschalten zwischen den Geschmacksrichtungen (z.\u00a0B.,\u00a0<strong data-sourcepos=\"44:81-44:103\">Bananeneis \u2192 Mango<\/strong>).<\/p>\n<p data-sourcepos=\"46:1-47:93\">\u2753\u00a0<strong data-sourcepos=\"46:3-46:31\">Ist die Batterie zuverl\u00e4ssig?<\/strong><br \/>\n\u2705\u00a0Die\u00a0<strong data-sourcepos=\"47:7-47:25\">650-mAh-Akku<\/strong>\u00a0Unterst\u00fctzt den ganzt\u00e4gigen Gebrauch mit\u00a0<strong data-sourcepos=\"47:53-47:72\">Laden vom Typ C<\/strong>\u00a0zum schnellen Auftanken.<\/p>\n<p data-sourcepos=\"49:1-50:109\">\u2753\u00a0<strong data-sourcepos=\"49:3-49:26\">F\u00fcr wen ist es am besten?<br \/>\n<\/strong>\u2705\u00a0Dampfer suchen\u00a0<strong data-sourcepos=\"50:18-50:34\">erweiterter Einsatz<\/strong>\u00a0+\u00a0<strong data-sourcepos=\"50:37-50:55\">Geschmacksvielfalt<\/strong>, und Einzelh\u00e4ndler auf der Suche\u00a0<strong data-sourcepos=\"50:79-50:106\">stark nachgefragte Einwegartikel<\/strong>.<\/p>\n<p data-sourcepos=\"49:1-50:109\">\u2753\u00a0<strong data-sourcepos=\"50:3-50:42\">Woher wird dieses Produkt versendet?<\/strong><br \/>\n\u2705\u00a0Direkt von\u00a0<strong data-sourcepos=\"51:15-51:32\">EU-Lager<\/strong>\u00a0f\u00fcr\u00a0<strong data-sourcepos=\"51:37-51:64\">schnelle, steuerfreie Lieferung<\/strong>.<\/p>\n<p>&nbsp;<\/p>\n<h3 id=\"brxe-najhln\" class=\"brxe-heading\">H\u00e4ufig gestellte Fragen (FAQ)<\/h3>\n<div id=\"brxe-rajiac\" class=\"brxe-text\">\n<p><strong>F: Welche Zahlungsmethoden akzeptieren Sie?<\/strong><br \/>\nA: Wir akzeptieren PayPal, Stripe, Bank\u00fcberweisungen (SEPA unterst\u00fctzt), g\u00e4ngige Kreditkarten (Visa, MasterCard, American Express) und Zahlungen in Kryptow\u00e4hrung.<\/p>\n<p><strong>F: Wie lange dauert die Auftragsvorbereitung?<\/strong><br \/>\nA: Die Auftragsvorbereitung dauert 1-3 Werktage.<\/p>\n<p><strong>F: Wie lange dauert die Lieferung?<\/strong><br \/>\nA: Die Lieferzeit betr\u00e4gt je nach Standort 7\u201314 Werktage. Die Lieferung von Waren aus europ\u00e4ischen Lagern dauert in der Regel 3\u20136 Werktage.<\/p>\n<p><strong>F: Wie kann ich meine Bestellung verfolgen?<\/strong><br \/>\nA: Nach dem Versand erhalten Sie eine Best\u00e4tigungs-E-Mail mit einer Sendungsverfolgungsnummer zur Echtzeitverfolgung.<\/p>\n<p><strong>F: Wie lauten Ihre R\u00fcckgabebedingungen?<\/strong><br \/>\nA: Wir bieten ein 30-t\u00e4giges R\u00fcckgaberecht f\u00fcr R\u00fcckerstattungen oder Umtausch. .<\/p>\n<p><strong>F: Wird es Zollprobleme geben?<br \/>\n<\/strong>Wir k\u00fcmmern uns um alle Zollabfertigungsverfahren, um Ihnen ein reibungsloses Erlebnis zu gew\u00e4hrleisten. .<\/p>\n<p><strong>F: Welche Versandarten werden verwendet?<\/strong><br \/>\nWir arbeiten mit UPS\/DHL\/FEDEX\/DPD etc. zusammen. Je nach Lieferland w\u00e4hlen wir die passende Versandoption aus, um sicherzustellen, dass Sie Ihre Produkte schnellstm\u00f6glich erhalten.<\/p>\n<p><a href=\"https:\/\/pgvape.com\/de\/faqs\/\">Klicken Sie hier f\u00fcr weitere FAQ<\/a><\/p>\n<p>Liebe Kunden, wenn Sie Fragen zu Ihrer Bestellung oder zum Wareneingang haben, wenden Sie sich bitte an unseren Kundenservice. Vielen Dank!<\/p>\n<h3 data-sourcepos=\"73:1-73:21\"><strong data-sourcepos=\"73:7-73:21\">Kontaktieren Sie uns<\/strong><\/h3>\n<div id=\"text-2419739398\" class=\"text\">\n<p><strong data-sourcepos=\"75:3-75:12\">E-Mail<\/strong>:\u00a0<a href=\"mailto:support@pgvape.com\"><strong>support@pgvape.com<\/strong><\/a><\/p>\n<p><strong data-sourcepos=\"76:3-76:15\">WhatsApp<\/strong>:\u00a0<a href=\"https:\/\/wa.me\/+8618128481258\"><strong>+86 18128481258<\/strong><\/a><br \/>\n<strong>(Antwort innerhalb von 24 Stunden an Werktagen)<\/strong><\/p>\n<\/div>\n<h3><strong>Vielen Dank, dass Sie sich f\u00fcr pgvape.com entschieden haben! .<\/strong><\/h3>\n<\/div>","protected":false},"excerpt":{"rendered":"<p>Mit\u00a0<strong data-sourcepos=\"55:6-55:19\">50.000 Z\u00fcge<\/strong>,\u00a0<strong data-sourcepos=\"55:21-55:48\">Flexibilit\u00e4t bei zwei Geschmacksrichtungen<\/strong>, Und\u00a0<strong data-sourcepos=\"55:54-55:76\">Premium-Mesh-Spulen<\/strong>, Die\u00a0<strong data-sourcepos=\"55:82-55:101\">Bang Leader 50K<\/strong>\u00a0ist ein Kraftpaket f\u00fcr Geschmacksliebhaber.\u00a0<strong data-sourcepos=\"55:142-55:164\">10-teilige Verpackung<\/strong>\u00a0sorgt f\u00fcr Attraktivit\u00e4t im Einzelhandel.<\/p>","protected":false},"featured_media":6107,"comment_status":"open","ping_status":"closed","template":"","meta":{"_seopress_robots_primary_cat":"none","_seopress_titles_title":"","_seopress_titles_desc":"","_seopress_robots_index":""},"product_brand":[54],"product_cat":[515,461,61],"product_tag":[318,63,90,66,459,203],"class_list":{"0":"post-6086","1":"product","2":"type-product","3":"status-publish","4":"has-post-thumbnail","6":"product_brand-bang-leader-vape","7":"product_cat-disposable-vape","8":"product_cat-bang-leader-vape-eu","9":"product_cat-50k-puffs-vape","10":"product_tag-50k-puffs-vape","11":"product_tag-bang-leader-50000","12":"product_tag-disposable-vape","13":"product_tag-dual-flavors","14":"product_tag-free-shipping","15":"product_tag-shipment-from-eu","17":"first","18":"instock","19":"sale","20":"shipping-taxable","21":"purchasable","22":"product-type-variable"},"_links":{"self":[{"href":"https:\/\/pgvape.com\/de\/wp-json\/wp\/v2\/product\/6086","targetHints":{"allow":["GET"]}}],"collection":[{"href":"https:\/\/pgvape.com\/de\/wp-json\/wp\/v2\/product"}],"about":[{"href":"https:\/\/pgvape.com\/de\/wp-json\/wp\/v2\/types\/product"}],"replies":[{"embeddable":true,"href":"https:\/\/pgvape.com\/de\/wp-json\/wp\/v2\/comments?post=6086"}],"wp:featuredmedia":[{"embeddable":true,"href":"https:\/\/pgvape.com\/de\/wp-json\/wp\/v2\/media\/6107"}],"wp:attachment":[{"href":"https:\/\/pgvape.com\/de\/wp-json\/wp\/v2\/media?parent=6086"}],"wp:term":[{"taxonomy":"product_brand","embeddable":true,"href":"https:\/\/pgvape.com\/de\/wp-json\/wp\/v2\/product_brand?post=6086"},{"taxonomy":"product_cat","embeddable":true,"href":"https:\/\/pgvape.com\/de\/wp-json\/wp\/v2\/product_cat?post=6086"},{"taxonomy":"product_tag","embeddable":true,"href":"https:\/\/pgvape.com\/de\/wp-json\/wp\/v2\/product_tag?post=6086"}],"curies":[{"name":"wp","href":"https:\/\/api.w.org\/{rel}","templated":true}]}}