{"id":5953,"date":"2025-11-14T08:07:02","date_gmt":"2025-11-14T08:07:02","guid":{"rendered":"https:\/\/pgvape.com\/?post_type=product&#038;p=5953"},"modified":"2026-04-18T13:38:14","modified_gmt":"2026-04-18T13:38:14","slug":"bang-king-30000-30k-puffs-double-taste-einweg-vape-versand-aus-der-eu-kostenloser-versand-direkt-ab-fabrik","status":"publish","type":"product","link":"https:\/\/pgvape.com\/de\/produkt\/bang-king-30000-30k-puffs-double-taste-einweg-vape-versand-aus-der-eu-kostenloser-versand-direkt-ab-fabrik\/","title":{"rendered":"Bang King 30000 | 30K Puffs Double Taste Einweg-Vape | Versand aus der EU | Kostenloser Versand | Vape Factory Direct"},"content":{"rendered":"<p><strong data-sourcepos=\"4:5-4:58\">Bang King 30000Puffs Double Taste Einweg-Vape<\/strong>\u00a0liefert\u00a0<strong data-sourcepos=\"4:68-4:96\">verl\u00e4ngertes Dampfvergn\u00fcgen<\/strong>\u00a0mit seinem\u00a0<strong data-sourcepos=\"4:106-4:128\">System mit zwei Geschmacksrichtungen<\/strong>\u00a0Und\u00a0<strong data-sourcepos=\"4:133-4:157\">Kapazit\u00e4t f\u00fcr 30.000 Z\u00fcge<\/strong>.\u00a0<strong data-sourcepos=\"4:171-4:191\">1,0-Ohm-Mesh-Spule<\/strong>\u00a0f\u00fcr\u00a0<strong data-sourcepos=\"4:196-4:223\">gleichm\u00e4\u00dfige Dampfproduktion<\/strong>\u00a0Und\u00a0<strong data-sourcepos=\"4:228-4:254\">36 ml E-Liquid-Kapazit\u00e4t<\/strong>, Der\u00a0<strong data-sourcepos=\"4:334-4:365\">550-mAh-Akku<\/strong>\u00a0mit\u00a0<strong data-sourcepos=\"4:371-4:390\">Laden vom Typ C<\/strong>\u00a0Und\u00a0<strong data-sourcepos=\"4:395-4:410\">LED-Anzeige<\/strong>\u00a0sorgt f\u00fcr eine komfortable Nutzung.<br \/>\nDer Versand erfolgt direkt von unserem\u00a0<b>EU-Lager<\/b>, garantiert der Bang King 50K\u00a0<b>schnelle, steuerfreie Lieferung<\/b>\u00a0und 100%-Authentizit\u00e4t \u2013 f\u00fcr ein erstklassiges Dampferlebnis direkt vor Ihrer Haust\u00fcr.<\/p>\n<p>&nbsp;<\/p>\n<h2><span style=\"font-size: 90%;\">Bang King 30000 | 30K Puffs Double Taste Einweg-Vape-Produktspezifikationen<\/span><\/h2>\n<p><strong data-sourcepos=\"7:3-7:17\">Puffzahl<\/strong>: 30.000 Z\u00fcge<\/p>\n<p><strong data-sourcepos=\"8:3-8:11\">Spule<\/strong>: 1,0-Ohm-Mesh-Spule<\/p>\n<p><strong data-sourcepos=\"9:3-9:24\">E-Liquid-Kapazit\u00e4t<\/strong>: 36 ml<\/p>\n<p><strong data-sourcepos=\"10:3-10:25\">Nikotinst\u00e4rken<\/strong>: 2%<\/p>\n<p><strong data-sourcepos=\"11:3-11:14\">Batterie<\/strong>: 550 mAh wiederaufladbar<\/p>\n<p><strong data-sourcepos=\"12:3-12:15\">Aufladen<\/strong>: Typ-C-Anschluss<\/p>\n<p><strong data-sourcepos=\"13:3-13:14\">Anzeige<\/strong>: LED-Digitalbildschirm<\/p>\n<p><strong data-sourcepos=\"14:3-14:14\">Besonderheit<\/strong>: Doppelte Geschmackstechnologie<\/p>\n<p><strong data-sourcepos=\"15:3-15:16\">Verpackung<\/strong>: 10 St\u00fcck\/Displaybox<\/p>\n<p><strong data-sourcepos=\"15:3-15:28\">EU-Lagerversand<\/strong>\u00a0\u2013 Schnelle, steuerfreie Lieferung<\/p>\n<p>&nbsp;<\/p>\n<h3><span style=\"font-size: 90%;\">Bang King 30000 | 30K Puffs Double Taste Einweg-Vape-Geschmackskombinationen<\/span><\/h3>\n<p><strong data-sourcepos=\"18:4-18:39\">1. Wassermeloneneis und Blaubeerminze<\/strong><\/p>\n<p><strong data-sourcepos=\"19:4-19:41\">2. Wassermeloneneis und Erdbeer-Mango<\/strong><\/p>\n<p><strong data-sourcepos=\"20:4-20:56\">3.Erdbeer-Wassermelone und Kiwi-Passionsfrucht-Guave<\/strong><\/p>\n<p><strong data-sourcepos=\"21:4-21:41\">4. Erdbeer-Wassermelonen- und Traubeneis<\/strong><\/p>\n<p><strong data-sourcepos=\"22:4-22:40\">5. Blaubeereis und Schwarzdracheneis<\/strong><\/p>\n<p><strong data-sourcepos=\"23:4-23:41\">6. Blaubeereis und Erdbeerbanane<\/strong><\/p>\n<p><strong data-sourcepos=\"24:4-24:39\">7. Red Bull &amp; Blaubeer-Wassermelone<\/strong><\/p>\n<p><strong data-sourcepos=\"25:4-25:42\">8. Red Bull &amp; Wassermelonen-Blasenbonbons<\/strong><\/p>\n<p><strong data-sourcepos=\"26:4-26:52\">9. Blaubeer-Himbeer-Pfirsich-Mango-Wassermelone<\/strong><\/p>\n<p><strong data-sourcepos=\"27:5-27:42\">10. Blaubeere, Himbeere und gemischte Fr\u00fcchte<\/strong><\/p>\n<p><strong data-sourcepos=\"28:5-28:36\">11.Erdbeer-Kiwi-Pfirsich-Eis<\/strong><\/p>\n<p><strong data-sourcepos=\"29:5-29:47\">12.Erdbeer-Kiwi und saure Apfel-Himbeere<br \/>\n<img loading=\"lazy\" decoding=\"async\" class=\"alignnone wp-image-5962 size-full\" src=\"https:\/\/pgvape.com\/wp-content\/uploads\/2025\/11\/pgvape-Bang-King-30000-30K-Puffs-Double-Taste-Disposable-Vape-Shipment-from-EU-Free-Shipping-3.png\" alt=\"Zw\u00f6lf farbenfrohe Einweg-Vaporizer von Bang King, die in einem Raster angeordnet sind, jeweils mit einem vertikalen schwarzen Markenstreifen, einer stilisierten Tier- oder Affengrafik auf der Vorderseite, Hintergr\u00fcnden mit Farbverlauf und kleinen Fruchtsymbolen darunter, die auf unterschiedliche Geschmacksrichtungen hinweisen.\" width=\"1000\" height=\"1639\" srcset=\"https:\/\/pgvape.com\/wp-content\/uploads\/2025\/11\/pgvape-Bang-King-30000-30K-Puffs-Double-Taste-Disposable-Vape-Shipment-from-EU-Free-Shipping-3.png 1000w, https:\/\/pgvape.com\/wp-content\/uploads\/2025\/11\/pgvape-Bang-King-30000-30K-Puffs-Double-Taste-Disposable-Vape-Shipment-from-EU-Free-Shipping-3-220x360.png 220w, https:\/\/pgvape.com\/wp-content\/uploads\/2025\/11\/pgvape-Bang-King-30000-30K-Puffs-Double-Taste-Disposable-Vape-Shipment-from-EU-Free-Shipping-3-595x975.png 595w, https:\/\/pgvape.com\/wp-content\/uploads\/2025\/11\/pgvape-Bang-King-30000-30K-Puffs-Double-Taste-Disposable-Vape-Shipment-from-EU-Free-Shipping-3-244x400.png 244w, https:\/\/pgvape.com\/wp-content\/uploads\/2025\/11\/pgvape-Bang-King-30000-30K-Puffs-Double-Taste-Disposable-Vape-Shipment-from-EU-Free-Shipping-3-768x1259.png 768w, https:\/\/pgvape.com\/wp-content\/uploads\/2025\/11\/pgvape-Bang-King-30000-30K-Puffs-Double-Taste-Disposable-Vape-Shipment-from-EU-Free-Shipping-3-937x1536.png 937w, https:\/\/pgvape.com\/wp-content\/uploads\/2025\/11\/pgvape-Bang-King-30000-30K-Puffs-Double-Taste-Disposable-Vape-Shipment-from-EU-Free-Shipping-3-7x12.png 7w, https:\/\/pgvape.com\/wp-content\/uploads\/2025\/11\/pgvape-Bang-King-30000-30K-Puffs-Double-Taste-Disposable-Vape-Shipment-from-EU-Free-Shipping-3-600x983.png 600w, https:\/\/pgvape.com\/wp-content\/uploads\/2025\/11\/pgvape-Bang-King-30000-30K-Puffs-Double-Taste-Disposable-Vape-Shipment-from-EU-Free-Shipping-3-24x40.png 24w\" sizes=\"auto, (max-width: 1000px) 100vw, 1000px\" \/><\/strong><\/p>\n<p>&nbsp;<\/p>\n<h3><span style=\"font-size: 90%;\">Bang King 30000 | 30K Puffs Double Taste Einweg-Vape-Video:<\/span><\/h3>\n<p>&nbsp;<\/p>\n<h3 class=\"auto-hide-last-sibling-br paragraph-pP9ZLC paragraph-element br-paragraph-space\">Warum sollten Sie sich f\u00fcr das europ\u00e4ische Lager von PGVape entscheiden?<\/h3>\n<p>Schneller Versand: Lieferung in die meisten EU-L\u00e4nder innerhalb von 3-7 Werktagen.<\/p>\n<p>Zollfreie Lieferung: Lokale Lagerbest\u00e4nde in der EU sorgen f\u00fcr einen reibungslosen und zollfreien Versand.<\/p>\n<p>100% Authentische Garantie: Echte Bang King 30K E-Zigaretten von zertifizierten Lieferanten.<\/p>\n<p>Frischer Bestand: Unter kontrollierten Bedingungen gelagert, um optimale Qualit\u00e4t zu gew\u00e4hrleisten.<\/p>\n<p>Europ\u00e4er vertrauen darauf: Tausende Kunden genie\u00dfen schnelle und sichere E-Zigaretten-Dienste von PGVape.<\/p>\n<p>&nbsp;<\/p>\n<h2><span style=\"font-size: 90%;\">H\u00e4ufig gestellte Fragen zu Bang King 30000 | 30K Puffs Double Taste Einweg-Vaporizer<\/span><\/h2>\n<p data-sourcepos=\"32:1-33:79\">\u2753\u00a0<strong data-sourcepos=\"32:3-32:46\">Wie funktioniert die Double-Taste-Funktion?<\/strong><br \/>\n\u2705\u00a0Einfacher Wechsel zwischen\u00a0<strong data-sourcepos=\"33:25-33:50\">zwei verschiedene Geschmacksrichtungen<\/strong>\u00a0in einem Ger\u00e4t f\u00fcr Abwechslung.<\/p>\n<p data-sourcepos=\"35:1-36:75\">\u2753\u00a0<strong data-sourcepos=\"35:3-35:36\">Wie lange h\u00e4lt dieser Vape?<\/strong><br \/>\n\u2705\u00a0Mit\u00a0<strong data-sourcepos=\"36:8-36:24\">30.000 Z\u00fcge<\/strong>\u00a0Und\u00a0<strong data-sourcepos=\"36:29-36:46\">36 ml Fassungsverm\u00f6gen<\/strong>, es bietet eine erweiterte Nutzung.<\/p>\n<p data-sourcepos=\"38:1-39:73\">\u2753\u00a0<strong data-sourcepos=\"38:3-38:41\">Was macht die Dampfqualit\u00e4t gut?<\/strong><br \/>\n\u2705\u00a0Die\u00a0<strong data-sourcepos=\"39:7-39:27\">1,0-Ohm-Mesh-Spule<\/strong>\u00a0sorgt f\u00fcr eine gleichm\u00e4\u00dfige, aromatische Dampfproduktion.<\/p>\n<p data-sourcepos=\"41:1-42:69\">\u2753\u00a0<strong data-sourcepos=\"41:3-41:47\">Kann ich den Batterie- und E-Liquid-F\u00fcllstand \u00fcberpr\u00fcfen?<\/strong><br \/>\n\u2705\u00a0Die\u00a0<strong data-sourcepos=\"42:7-42:22\">LED-Anzeige<\/strong>\u00a0Zeigt den verbleibenden Batterie- und E-Liquid-F\u00fcllstand an.<\/p>\n<p data-sourcepos=\"44:1-45:74\">\u2753\u00a0<strong data-sourcepos=\"44:3-44:30\">Ist das Aufladen einfach?<br \/>\n<\/strong>\u2705\u00a0Die\u00a0<strong data-sourcepos=\"45:7-45:31\">Typ-C-Ladeanschluss<\/strong>\u00a0erm\u00f6glicht ein schnelles und bequemes Aufladen.<\/p>\n<p>\u2753\u00a0<strong data-sourcepos=\"50:3-50:42\">Woher wird dieses Produkt versendet?<\/strong><br \/>\n\u2705\u00a0Direkt von\u00a0<strong data-sourcepos=\"51:15-51:32\">EU-Lager<\/strong>\u00a0f\u00fcr\u00a0<strong data-sourcepos=\"51:37-51:64\">schnelle, steuerfreie Lieferung<\/strong>.<\/p>\n<p>&nbsp;<\/p>\n<h3 id=\"brxe-najhln\" class=\"brxe-heading\">H\u00e4ufig gestellte Fragen (FAQ)<\/h3>\n<div id=\"brxe-rajiac\" class=\"brxe-text\">\n<p><strong>F: Welche Zahlungsmethoden akzeptieren Sie?<\/strong><br \/>\nA: Wir akzeptieren PayPal, Stripe, Bank\u00fcberweisungen (SEPA unterst\u00fctzt), g\u00e4ngige Kreditkarten (Visa, MasterCard, American Express) und Zahlungen in Kryptow\u00e4hrung.<\/p>\n<p><strong>F: Wie lange dauert die Auftragsvorbereitung?<\/strong><br \/>\nA: Die Auftragsvorbereitung dauert 1-3 Werktage.<\/p>\n<p><strong>F: Wie lange dauert die Lieferung?<\/strong><br \/>\nA: Die Lieferzeit betr\u00e4gt je nach Standort 7\u201314 Werktage. Die Lieferung von Waren aus europ\u00e4ischen Lagern dauert in der Regel 3\u20136 Werktage.<\/p>\n<p><strong>F: Wie kann ich meine Bestellung verfolgen?<\/strong><br \/>\nA: Nach dem Versand erhalten Sie eine Best\u00e4tigungs-E-Mail mit einer Sendungsverfolgungsnummer zur Echtzeitverfolgung.<\/p>\n<p><strong>F: Wie lauten Ihre R\u00fcckgabebedingungen?<\/strong><br \/>\nA: Wir bieten ein 30-t\u00e4giges R\u00fcckgaberecht f\u00fcr R\u00fcckerstattungen oder Umtausch. .<\/p>\n<p><strong>F: Wird es Zollprobleme geben?<br \/>\n<\/strong>Wir k\u00fcmmern uns um alle Zollabfertigungsverfahren, um Ihnen ein reibungsloses Erlebnis zu gew\u00e4hrleisten. .<\/p>\n<p><strong>F: Welche Versandarten werden verwendet?<\/strong><br \/>\nWir arbeiten mit UPS\/DHL\/FEDEX\/DPD etc. zusammen. Je nach Lieferland w\u00e4hlen wir die passende Versandoption aus, um sicherzustellen, dass Sie Ihre Produkte schnellstm\u00f6glich erhalten.<\/p>\n<p><a href=\"https:\/\/pgvape.com\/de\/faqs\/\">Klicken Sie hier f\u00fcr weitere FAQ<\/a><\/p>\n<p>Liebe Kunden, wenn Sie Fragen zu Ihrer Bestellung oder zum Wareneingang haben, wenden Sie sich bitte an unseren Kundenservice. Vielen Dank!<\/p>\n<h3 data-sourcepos=\"73:1-73:21\"><strong data-sourcepos=\"73:7-73:21\">Kontaktieren Sie uns<\/strong><\/h3>\n<div id=\"text-2419739398\" class=\"text\">\n<p><strong data-sourcepos=\"75:3-75:12\">E-Mail<\/strong>:\u00a0<a href=\"mailto:support@pgvape.com\"><strong>support@pgvape.com<\/strong><\/a><\/p>\n<p><strong data-sourcepos=\"76:3-76:15\">WhatsApp<\/strong>:\u00a0<a href=\"https:\/\/wa.me\/+8618128481258\"><strong>+86 18128481258<\/strong><\/a><br \/>\n<strong>(Antwort innerhalb von 24 Stunden an Werktagen)<\/strong><\/p>\n<\/div>\n<h3><strong>Vielen Dank, dass Sie sich f\u00fcr pgvape.com entschieden haben! .<\/strong><\/h3>\n<\/div>","protected":false},"excerpt":{"rendered":"<p><strong data-sourcepos=\"48:5-48:29\">Bang King 30000Puffs<\/strong>\u00a0Angebote\u00a0<strong data-sourcepos=\"48:37-48:64\">Vielseitigkeit in zwei Geschmacksrichtungen<\/strong>,\u00a0<strong data-sourcepos=\"48:66-48:92\">erweitertes Fassungsverm\u00f6gen von 36 ml<\/strong>, Und\u00a0<strong data-sourcepos=\"48:98-48:122\">Mesh-Coil-Technologie<\/strong>\u00a0f\u00fcr ein zufriedenstellendes Dampferlebnis mit\u00a0<strong data-sourcepos=\"48:163-48:189\">12 Geschmackskombinationen<\/strong><\/p>","protected":false},"featured_media":5963,"comment_status":"open","ping_status":"closed","template":"","meta":{"_seopress_robots_primary_cat":"none","_seopress_titles_title":"","_seopress_titles_desc":"","_seopress_robots_index":""},"product_brand":[19,516],"product_cat":[515,462,35],"product_tag":[349,348,90,68,459,203],"class_list":{"0":"post-5953","1":"product","2":"type-product","3":"status-publish","4":"has-post-thumbnail","6":"product_brand-bang-king-vape","7":"product_brand-disposable-vape","8":"product_cat-disposable-vape","9":"product_cat-bang-king-vape-eu","10":"product_cat-30k-puffs-vape","11":"product_tag-30k-puffs-vape","12":"product_tag-bang-king-30000","13":"product_tag-disposable-vape","14":"product_tag-double-taste","15":"product_tag-free-shipping","16":"product_tag-shipment-from-eu","18":"first","19":"instock","20":"sale","21":"shipping-taxable","22":"purchasable","23":"product-type-variable"},"_links":{"self":[{"href":"https:\/\/pgvape.com\/de\/wp-json\/wp\/v2\/product\/5953","targetHints":{"allow":["GET"]}}],"collection":[{"href":"https:\/\/pgvape.com\/de\/wp-json\/wp\/v2\/product"}],"about":[{"href":"https:\/\/pgvape.com\/de\/wp-json\/wp\/v2\/types\/product"}],"replies":[{"embeddable":true,"href":"https:\/\/pgvape.com\/de\/wp-json\/wp\/v2\/comments?post=5953"}],"wp:featuredmedia":[{"embeddable":true,"href":"https:\/\/pgvape.com\/de\/wp-json\/wp\/v2\/media\/5963"}],"wp:attachment":[{"href":"https:\/\/pgvape.com\/de\/wp-json\/wp\/v2\/media?parent=5953"}],"wp:term":[{"taxonomy":"product_brand","embeddable":true,"href":"https:\/\/pgvape.com\/de\/wp-json\/wp\/v2\/product_brand?post=5953"},{"taxonomy":"product_cat","embeddable":true,"href":"https:\/\/pgvape.com\/de\/wp-json\/wp\/v2\/product_cat?post=5953"},{"taxonomy":"product_tag","embeddable":true,"href":"https:\/\/pgvape.com\/de\/wp-json\/wp\/v2\/product_tag?post=5953"}],"curies":[{"name":"wp","href":"https:\/\/api.w.org\/{rel}","templated":true}]}}