{"id":5885,"date":"2025-11-14T06:43:27","date_gmt":"2025-11-14T06:43:27","guid":{"rendered":"https:\/\/pgvape.com\/?post_type=product&#038;p=5885"},"modified":"2026-04-18T15:31:11","modified_gmt":"2026-04-18T15:31:11","slug":"bang-king-50000-50k-puffs-einweg-vape-mit-doppeltem-geschmack-versand-aus-der-eu-kostenloser-versand-direkt-ab-fabrik","status":"publish","type":"product","link":"https:\/\/pgvape.com\/de\/produkt\/bang-king-50000-50k-puffs-einweg-vape-mit-doppeltem-geschmack-versand-aus-der-eu-kostenloser-versand-direkt-ab-fabrik\/","title":{"rendered":"Bang King 50000 | 50K Puffs Double Flavour Einweg-Vape | Versand aus der EU | Kostenloser Versand | Vape Factory Direct"},"content":{"rendered":"<p><strong data-sourcepos=\"4:5-4:22\">Bang King 50K<\/strong> definiert Einwegdampfen neu mit <strong data-sourcepos=\"4:56-4:83\">50.000 ultralange Z\u00fcge<\/strong>, <strong data-sourcepos=\"4:85-4:111\">50 ml E-Liquid-Kapazit\u00e4t<\/strong>, Und <strong data-sourcepos=\"4:117-4:143\">Dual-Geschmacks-Technologie<\/strong>. <strong data-sourcepos=\"4:158-4:189\">850-mAh-Akku<\/strong>, <strong data-sourcepos=\"4:191-4:209\">1,0-\u03a9-Mesh-Spule<\/strong>, Und <strong data-sourcepos=\"4:215-4:237\">einstellbarer Luftstrom<\/strong>, dieses Ger\u00e4t liefert <strong data-sourcepos=\"4:260-4:285\">un\u00fcbertroffene Vielseitigkeit<\/strong> Und <strong data-sourcepos=\"4:290-4:313\">Premium-Leistung<\/strong> in einem eleganten Paket.<br \/>\nDer Versand erfolgt direkt von unserem\u00a0<b>EU-Lager<\/b>, garantiert der Bang King 50K <b>schnelle, steuerfreie Lieferung<\/b>\u00a0und 100%-Authentizit\u00e4t \u2013 f\u00fcr ein erstklassiges Dampferlebnis direkt vor Ihrer Haust\u00fcr.<\/p>\n<p>&nbsp;<\/p>\n<h2><span style=\"font-size: 90%;\">Bang King 50000 | 50K Puffs Einweg-Vape mit doppeltem Geschmack\u00a0<strong data-sourcepos=\"10:5-10:27\">Spezifikationen<\/strong><\/span><\/h2>\n<p><strong data-sourcepos=\"18:3-18:17\">Puff Count<\/strong>: 50.000 Z\u00fcge<\/p>\n<p><strong data-sourcepos=\"19:3-19:15\">E-Liquid<\/strong>: 50 ml (2 Geschmacksrichtungen pro Ger\u00e4t)<\/p>\n<p><strong data-sourcepos=\"20:3-20:14\">Batterie<\/strong>: 850 mAh (Typ-C wiederaufladbar)<\/p>\n<p><strong data-sourcepos=\"21:3-21:11\">Spule<\/strong>: 1,0 \u03a9 Maschenweite<\/p>\n<p><strong data-sourcepos=\"22:3-22:15\">Nikotin<\/strong>: 2%<\/p>\n<p><strong data-sourcepos=\"23:3-23:14\">Luftstrom<\/strong>: Einstellbar<\/p>\n<p><strong data-sourcepos=\"24:3-24:14\">Anzeige<\/strong>: Batterie- und E-Liquid-Anzeigen<\/p>\n<p><strong data-sourcepos=\"15:3-15:28\">EU-Lagerversand<\/strong> \u2013 Schnelle, steuerfreie Lieferung<\/p>\n<p>&nbsp;<\/p>\n<h3><span style=\"font-size: 90%;\">Bang King 50000 | 50K Puffs Einweg-Vape mit doppeltem Geschmack\u00a0<strong data-sourcepos=\"23:5-23:28\">Geschmacksduos<\/strong><\/span><\/h3>\n<p><strong data-sourcepos=\"24:4-24:39\">1.Wassermeloneneis | Blaubeer-Minze<\/strong><\/p>\n<p><strong data-sourcepos=\"25:4-25:41\">2. Wassermeloneneis | Blaubeerkirsche<\/strong><\/p>\n<p><strong data-sourcepos=\"26:4-26:46\">3.Blaubeereis | Pfirsich-Mango-Wassermelone<\/strong><\/p>\n<p><strong data-sourcepos=\"27:4-27:33\">4.Blaubeereis | Pfirsicheis<\/strong><\/p>\n<p><strong data-sourcepos=\"28:4-28:41\">5.Blaubeere Himbeere | Gemischte Beere<\/strong><\/p>\n<p><strong data-sourcepos=\"29:4-29:39\">6.Blaubeer-Himbeer-|-Traubeneis<\/strong><\/p>\n<p><strong data-sourcepos=\"30:4-30:36\">7.Red Bull | Erdbeerbanane<\/strong><\/p>\n<p><strong data-sourcepos=\"31:4-31:39\">8.Red Bull | Blaubeer-Wassermelone<\/strong><\/p>\n<p><strong data-sourcepos=\"32:4-32:48\">9.Erdbeer-Mango | Wassermelonen-Kaugummi<\/strong><\/p>\n<p><strong data-sourcepos=\"33:5-33:43\">10.Erdbeer-Mango | Erdbeer-Kiwi<\/strong><\/p>\n<p><strong data-sourcepos=\"34:5-34:49\">11.Erdbeer-Wassermelone | Black Dragon Ice<\/strong><\/p>\n<p><strong data-sourcepos=\"35:5-35:57\">12.Erdbeer-Wassermelone | Kiwi-Passionsfrucht-Guave<img loading=\"lazy\" decoding=\"async\" class=\"alignnone wp-image-5891 size-full\" src=\"https:\/\/pgvape.com\/wp-content\/uploads\/2025\/11\/pgvape-Bang-King-50000-50K-Puffs-Double-Flavor-Disposable-Vape-12Tastes-with-Airflow-Control-Shipment-from-EU-Free-Shipping-4.png\" alt=\"Raster mit farbenfrohen Einweg-Vaporizern in gepaarten Dual-Flavour-Designs auf einem blauen Hintergrund mit Farbverlauf mit einer gro\u00dfen \u00dcberschrift \u201c50.000 PUFFS\u201d, Symbolen f\u00fcr einstellbaren Luftstrom, digitalem Bildschirm und Mesh-Spule, Etiketten mit der Aufschrift 50 ml, 850 mAh und TYPE-C, einem Dual-Flavour-Logo und einem kleinen Hinweis \u2018Versand aus der EU \u2013 kostenloser Versand\u2019.\" width=\"1000\" height=\"1000\" srcset=\"https:\/\/pgvape.com\/wp-content\/uploads\/2025\/11\/pgvape-Bang-King-50000-50K-Puffs-Double-Flavor-Disposable-Vape-12Tastes-with-Airflow-Control-Shipment-from-EU-Free-Shipping-4.png 1000w, https:\/\/pgvape.com\/wp-content\/uploads\/2025\/11\/pgvape-Bang-King-50000-50K-Puffs-Double-Flavor-Disposable-Vape-12Tastes-with-Airflow-Control-Shipment-from-EU-Free-Shipping-4-360x360.png 360w, https:\/\/pgvape.com\/wp-content\/uploads\/2025\/11\/pgvape-Bang-King-50000-50K-Puffs-Double-Flavor-Disposable-Vape-12Tastes-with-Airflow-Control-Shipment-from-EU-Free-Shipping-4-595x595.png 595w, https:\/\/pgvape.com\/wp-content\/uploads\/2025\/11\/pgvape-Bang-King-50000-50K-Puffs-Double-Flavor-Disposable-Vape-12Tastes-with-Airflow-Control-Shipment-from-EU-Free-Shipping-4-400x400.png 400w, https:\/\/pgvape.com\/wp-content\/uploads\/2025\/11\/pgvape-Bang-King-50000-50K-Puffs-Double-Flavor-Disposable-Vape-12Tastes-with-Airflow-Control-Shipment-from-EU-Free-Shipping-4-768x768.png 768w, https:\/\/pgvape.com\/wp-content\/uploads\/2025\/11\/pgvape-Bang-King-50000-50K-Puffs-Double-Flavor-Disposable-Vape-12Tastes-with-Airflow-Control-Shipment-from-EU-Free-Shipping-4-12x12.png 12w, https:\/\/pgvape.com\/wp-content\/uploads\/2025\/11\/pgvape-Bang-King-50000-50K-Puffs-Double-Flavor-Disposable-Vape-12Tastes-with-Airflow-Control-Shipment-from-EU-Free-Shipping-4-300x300.png 300w, https:\/\/pgvape.com\/wp-content\/uploads\/2025\/11\/pgvape-Bang-King-50000-50K-Puffs-Double-Flavor-Disposable-Vape-12Tastes-with-Airflow-Control-Shipment-from-EU-Free-Shipping-4-600x600.png 600w, https:\/\/pgvape.com\/wp-content\/uploads\/2025\/11\/pgvape-Bang-King-50000-50K-Puffs-Double-Flavor-Disposable-Vape-12Tastes-with-Airflow-Control-Shipment-from-EU-Free-Shipping-4-100x100.png 100w, https:\/\/pgvape.com\/wp-content\/uploads\/2025\/11\/pgvape-Bang-King-50000-50K-Puffs-Double-Flavor-Disposable-Vape-12Tastes-with-Airflow-Control-Shipment-from-EU-Free-Shipping-4-40x40.png 40w\" sizes=\"auto, (max-width: 1000px) 100vw, 1000px\" \/><\/strong><\/p>\n<p>&nbsp;<\/p>\n<h3><span style=\"font-size: 90%;\">Bang King 50000 | 50K Puffs Double Flavor Einweg-Vape-Video:<\/span><\/h3>\n<p>&nbsp;<\/p>\n<h3 class=\"auto-hide-last-sibling-br paragraph-pP9ZLC paragraph-element br-paragraph-space\"><span style=\"font-size: 90%;\">Warum sollten Sie sich f\u00fcr das europ\u00e4ische Lager von PGVape entscheiden?<\/span><\/h3>\n<p>Schneller Versand: Lieferung in die meisten EU-L\u00e4nder innerhalb von 3-7 Werktagen.<\/p>\n<p>Zollfreie Lieferung: Lokale Lagerbest\u00e4nde in der EU sorgen f\u00fcr einen reibungslosen und zollfreien Versand.<\/p>\n<p>100% Authentische Garantie: Echte Bang King 50K E-Zigaretten von zertifizierten Lieferanten.<\/p>\n<p>Frischer Bestand: Unter kontrollierten Bedingungen gelagert, um optimale Qualit\u00e4t zu gew\u00e4hrleisten.<\/p>\n<p>Europ\u00e4er vertrauen darauf: Tausende Kunden genie\u00dfen schnelle und sichere E-Zigaretten-Dienste von PGVape.<\/p>\n<p>&nbsp;<\/p>\n<h2><span style=\"font-size: 90%;\">H\u00e4ufig gestellte Fragen zu Bang King 50000 | 50K Puffs Double Flavor Einweg-Vaporizer<\/span><\/h2>\n<p data-sourcepos=\"41:1-42:80\">\u2753 <strong data-sourcepos=\"41:3-41:44\">Wie funktioniert das Dual-Flavor-System?<\/strong><br \/>\n\u2705 Einfach zwischen wechseln <strong data-sourcepos=\"42:25-42:51\">zwei vorinstallierte Geschmacksrichtungen<\/strong> in einem Ger\u00e4t f\u00fcr Abwechslung.<\/p>\n<p data-sourcepos=\"44:1-45:78\">\u2753 <strong data-sourcepos=\"44:3-44:47\">Reicht der Akku f\u00fcr 50.000 Z\u00fcge?<\/strong><br \/>\n\u2705 Die <strong data-sourcepos=\"45:7-45:25\">850-mAh-Akku<\/strong> ist wiederaufladbar \u00fcber <strong data-sourcepos=\"45:46-45:56\">Typ-C<\/strong> f\u00fcr den Dauereinsatz.<\/p>\n<p data-sourcepos=\"47:1-48:61\">\u2753 <strong data-sourcepos=\"47:3-47:32\">Kann ich den Luftstrom einstellen?<\/strong><br \/>\n\u2705 Ja! <strong data-sourcepos=\"48:33-48:58\">enges MTL bis luftiges DTL<\/strong>.<\/p>\n<p data-sourcepos=\"50:1-51:67\">\u2753 <strong data-sourcepos=\"50:3-50:42\">Woher wird dieses Produkt versendet?<\/strong><br \/>\n\u2705 Direkt von <strong data-sourcepos=\"51:15-51:32\">EU-Lager<\/strong> f\u00fcr <strong data-sourcepos=\"51:37-51:64\">schnelle, steuerfreie Lieferung<\/strong>.<\/p>\n<p data-sourcepos=\"53:1-54:77\">\u2753 <strong data-sourcepos=\"53:3-53:42\">Welche Geschmackskombination ist am beliebtesten?<\/strong><br \/>\n\u2705 <strong data-sourcepos=\"54:3-54:21\">Red Bull-Mischungen<\/strong> Und <strong data-sourcepos=\"54:26-54:58\">Erdbeer-Wassermelonen-Mischungen<\/strong> sind Topseller.<\/p>\n<p>&nbsp;<\/p>\n<h3 id=\"brxe-najhln\" class=\"brxe-heading\">H\u00e4ufig gestellte Fragen (FAQ)<\/h3>\n<div id=\"brxe-rajiac\" class=\"brxe-text\">\n<p><strong>F: Welche Zahlungsmethoden akzeptieren Sie?<\/strong><br \/>\nA: Wir akzeptieren PayPal, Stripe, Bank\u00fcberweisungen (SEPA unterst\u00fctzt), g\u00e4ngige Kreditkarten (Visa, MasterCard, American Express) und Zahlungen in Kryptow\u00e4hrung.<\/p>\n<p><strong>F: Wie lange dauert die Auftragsvorbereitung?<\/strong><br \/>\nA: Die Auftragsvorbereitung dauert 1-3 Werktage.<\/p>\n<p><strong>F: Wie lange dauert die Lieferung?<\/strong><br \/>\nA: Die Lieferzeit betr\u00e4gt je nach Standort 7\u201314 Werktage. Die Lieferung von Waren aus europ\u00e4ischen Lagern dauert in der Regel 3\u20136 Werktage.<\/p>\n<p><strong>F: Wie kann ich meine Bestellung verfolgen?<\/strong><br \/>\nA: Nach dem Versand erhalten Sie eine Best\u00e4tigungs-E-Mail mit einer Sendungsverfolgungsnummer zur Echtzeitverfolgung.<\/p>\n<p><strong>F: Wie lauten Ihre R\u00fcckgabebedingungen?<\/strong><br \/>\nA: Wir bieten ein 30-t\u00e4giges R\u00fcckgaberecht f\u00fcr R\u00fcckerstattungen oder Umtausch. .<\/p>\n<p><strong>F: Wird es Zollprobleme geben?<br \/>\n<\/strong>Wir k\u00fcmmern uns um alle Zollabfertigungsverfahren, um Ihnen ein reibungsloses Erlebnis zu gew\u00e4hrleisten. .<\/p>\n<p><strong>F: Welche Versandarten werden verwendet?<\/strong><br \/>\nWir arbeiten mit UPS\/DHL\/FEDEX\/DPD etc. zusammen. Je nach Lieferland w\u00e4hlen wir die passende Versandoption aus, um sicherzustellen, dass Sie Ihre Produkte schnellstm\u00f6glich erhalten.<\/p>\n<p><a href=\"https:\/\/pgvape.com\/de\/faqs\/\">Klicken Sie hier f\u00fcr weitere FAQ<\/a><\/p>\n<p>Liebe Kunden, wenn Sie Fragen zu Ihrer Bestellung oder zum Wareneingang haben, wenden Sie sich bitte an unseren Kundenservice. Vielen Dank!<\/p>\n<h3 data-sourcepos=\"73:1-73:21\"><strong data-sourcepos=\"73:7-73:21\">Kontaktieren Sie uns<\/strong><\/h3>\n<div id=\"text-2419739398\" class=\"text\">\n<p><strong data-sourcepos=\"75:3-75:12\">E-Mail<\/strong>:\u00a0<a href=\"mailto:support@pgvape.com\"><strong>support@pgvape.com<\/strong><\/a><\/p>\n<p><strong data-sourcepos=\"76:3-76:15\">WhatsApp<\/strong>:\u00a0<a href=\"https:\/\/wa.me\/+8618128481258\"><strong>+86 18128481258<\/strong><\/a><br \/>\n<strong>(Antwort innerhalb von 24 Stunden an Werktagen)<\/strong><\/p>\n<\/div>\n<h3><strong>Vielen Dank, dass Sie sich f\u00fcr pgvape.com entschieden haben! .<\/strong><\/h3>\n<\/div>","protected":false},"excerpt":{"rendered":"<p><strong data-sourcepos=\"57:5-57:22\">Bang King 50K<\/strong> Angebote <strong data-sourcepos=\"57:30-57:46\">50.000 Z\u00fcge<\/strong>, <strong data-sourcepos=\"57:48-57:78\">Zwei Geschmacksrichtungen in einem Ger\u00e4t<\/strong>, Und <strong data-sourcepos=\"57:84-57:106\">einstellbarer Luftstrom<\/strong> \u2013 perfekt f\u00fcr <strong data-sourcepos=\"57:121-57:138\">Geschmacksliebhaber<\/strong> die verlangen <strong data-sourcepos=\"57:150-57:177\">Vielfalt und Leistung<\/strong>.<\/p>","protected":false},"featured_media":5888,"comment_status":"open","ping_status":"closed","template":"","meta":{"_seopress_robots_primary_cat":"none","_seopress_titles_title":"","_seopress_titles_desc":"","_seopress_robots_index":""},"product_brand":[19,516],"product_cat":[515,462,61],"product_tag":[318,338,90,339,459,203],"class_list":{"0":"post-5885","1":"product","2":"type-product","3":"status-publish","4":"has-post-thumbnail","6":"product_brand-bang-king-vape","7":"product_brand-disposable-vape","8":"product_cat-disposable-vape","9":"product_cat-bang-king-vape-eu","10":"product_cat-50k-puffs-vape","11":"product_tag-50k-puffs-vape","12":"product_tag-bang-king-50000","13":"product_tag-disposable-vape","14":"product_tag-double-flavor","15":"product_tag-free-shipping","16":"product_tag-shipment-from-eu","18":"first","19":"instock","20":"sale","21":"shipping-taxable","22":"purchasable","23":"product-type-variable"},"_links":{"self":[{"href":"https:\/\/pgvape.com\/de\/wp-json\/wp\/v2\/product\/5885","targetHints":{"allow":["GET"]}}],"collection":[{"href":"https:\/\/pgvape.com\/de\/wp-json\/wp\/v2\/product"}],"about":[{"href":"https:\/\/pgvape.com\/de\/wp-json\/wp\/v2\/types\/product"}],"replies":[{"embeddable":true,"href":"https:\/\/pgvape.com\/de\/wp-json\/wp\/v2\/comments?post=5885"}],"wp:featuredmedia":[{"embeddable":true,"href":"https:\/\/pgvape.com\/de\/wp-json\/wp\/v2\/media\/5888"}],"wp:attachment":[{"href":"https:\/\/pgvape.com\/de\/wp-json\/wp\/v2\/media?parent=5885"}],"wp:term":[{"taxonomy":"product_brand","embeddable":true,"href":"https:\/\/pgvape.com\/de\/wp-json\/wp\/v2\/product_brand?post=5885"},{"taxonomy":"product_cat","embeddable":true,"href":"https:\/\/pgvape.com\/de\/wp-json\/wp\/v2\/product_cat?post=5885"},{"taxonomy":"product_tag","embeddable":true,"href":"https:\/\/pgvape.com\/de\/wp-json\/wp\/v2\/product_tag?post=5885"}],"curies":[{"name":"wp","href":"https:\/\/api.w.org\/{rel}","templated":true}]}}