{"id":5819,"date":"2025-11-13T12:00:02","date_gmt":"2025-11-13T12:00:02","guid":{"rendered":"https:\/\/pgvape.com\/?post_type=product&#038;p=5819"},"modified":"2026-03-15T13:27:28","modified_gmt":"2026-03-15T13:27:28","slug":"120-000-stuck-120-000-puffs-4-in-1-geschmacksrichtungen-einweg-vape-versand-aus-der-eu-kostenloser-versand-direkt-ab-fabrik","status":"publish","type":"product","link":"https:\/\/pgvape.com\/de\/produkt\/120-000-stuck-120-000-puffs-4-in-1-geschmacksrichtungen-einweg-vape-versand-aus-der-eu-kostenloser-versand-direkt-ab-fabrik\/","title":{"rendered":"UOR 120000 | 120k Puffs 4 in 1 Geschmacksrichtungen Einweg-Vape | Versand aus der EU | Kostenloser Versand | Vape Factory Direct"},"content":{"rendered":"<p><strong data-sourcepos=\"6:5-6:46\">UOR 120000 120K Puffs Einweg-Vaporizer<\/strong>\u00a0definiert das Dampfen neu\u00a0<strong data-sourcepos=\"6:69-6:97\">120.000 ultralange Z\u00fcge<\/strong>\u00a0Und\u00a0<strong data-sourcepos=\"6:102-6:126\">4 einstellbare Geschmacksrichtungen<\/strong>\u00a0in einem Ger\u00e4t.\u00a0<strong data-sourcepos=\"6:154-6:180\">64 ml E-Liquid-Kapazit\u00e4t<\/strong>\u00a0(16 ml \u00d7 4 Tanks) und\u00a0<strong data-sourcepos=\"6:200-6:231\">650-mAh-Akku<\/strong>, es liefert\u00a0<strong data-sourcepos=\"6:245-6:267\">reicher, sanfter Dampf<\/strong>\u00a0\u00fcber seine\u00a0<strong data-sourcepos=\"6:276-6:289\">Mesh-Spule<\/strong>\u00a0Technologie.\u00a0<strong data-sourcepos=\"6:306-6:321\">LED-Anzeige<\/strong>\u00a0Verfolgt die Akkulaufzeit und -nutzung, w\u00e4hrend\u00a0<strong data-sourcepos=\"6:359-6:383\">Typ-C-Schnellladung<\/strong>\u00a0sorgt f\u00fcr schnelles Einschalten.\u00a0<strong data-sourcepos=\"6:421-6:451\">10 Premium-Geschmacksquartette<\/strong>\u00a0mit\u00a0<strong data-sourcepos=\"6:457-6:478\">2% oder 5% Nikotin<\/strong>\u00a0Optionen f\u00fcr individuelle Zufriedenheit.UOR 120K <strong>EU-Lager<\/strong>, das garantiert der UOR 120K <strong>schnelle, steuerfreie Lieferung<\/strong> und 100%-Authentizit\u00e4t \u2013 f\u00fcr ein erstklassiges Dampferlebnis direkt vor Ihrer Haust\u00fcr.<\/p>\n<p>&nbsp;<\/p>\n<h2><span style=\"font-size: 90%;\">UOR 120000 | 120k Puffs 4 in 1 Geschmacksrichtungen Einweg-Vape\u00a0<strong data-sourcepos=\"10:5-10:31\">Produktspezifikationen<\/strong><\/span><\/h2>\n<p><strong data-sourcepos=\"11:3-11:17\">Puffzahl<\/strong>:\u00a0<strong data-sourcepos=\"11:19-11:36\">120.000 Z\u00fcge<\/strong><\/p>\n<p><strong data-sourcepos=\"12:3-12:15\">E-Liquid<\/strong>:\u00a0<strong data-sourcepos=\"12:17-12:48\">16 ml \u00d7 4 Tanks (insgesamt 64 ml)<\/strong><\/p>\n<p><strong data-sourcepos=\"13:3-13:15\">Nikotin<\/strong>:\u00a0<strong data-sourcepos=\"13:17-13:28\">2%\u00a0<\/strong><\/p>\n<p><strong data-sourcepos=\"14:3-14:14\">Batterie<\/strong>:\u00a0<strong data-sourcepos=\"14:16-14:39\">650 mAh wiederaufladbar<\/strong><\/p>\n<p><strong data-sourcepos=\"15:3-15:11\">Spule<\/strong>:\u00a0<strong data-sourcepos=\"15:13-15:26\">Mesh-Spule<\/strong><\/p>\n<p><strong data-sourcepos=\"16:3-16:15\">Aufladen<\/strong>:\u00a0<strong data-sourcepos=\"16:17-16:41\">Typ-C-Schnellladung<\/strong><\/p>\n<p><strong data-sourcepos=\"17:3-17:14\">Anzeige<\/strong>:\u00a0<strong data-sourcepos=\"17:16-17:30\">LED-Bildschirm<\/strong>\u00a0(Batterie\/Zuganzahl\/Geschmacksmodus)<\/p>\n<p><strong data-sourcepos=\"18:3-18:19\">Geschmacksmodi<\/strong>:\u00a0<strong data-sourcepos=\"18:21-18:45\">4 einstellbare Geschmacksrichtungen<\/strong><\/p>\n<p><strong data-sourcepos=\"19:3-19:16\">Verpackung<\/strong>:\u00a0<strong data-sourcepos=\"19:18-19:32\">10 St\u00fcck\/Karton<\/strong><\/p>\n<p>&nbsp;<\/p>\n<h3><span style=\"font-size: 90%;\">UOR 120000 | 120k Puffs 4 in 1 Geschmacksrichtungen Einweg-Vape\u00a0<strong data-sourcepos=\"23:5-23:24\">Geschmacksquartette<\/strong><\/span><\/h3>\n<p>1. Watermelon Ice &amp; Blueberry Mint &amp; Fuji Apple Ice &amp; Lime Romance<\/p>\n<p>2. Wassermeloneneis &amp; Blaubeerkirsche &amp; Sommerzeit &amp; Saure Mango-Ananas<\/p>\n<p>3. Blaubeereis &amp; Pfirsicheis &amp; Regenbogenbonbons &amp; Zitronen-Sauer-Orange<\/p>\n<p>4. Blaubeer-Himbeere &amp; gemischte Beere &amp; kalifornische Kirsche &amp; Passionsfrucht-Mango<\/p>\n<p>5. Blaubeer-Himbeer-Trauben-Eis &amp; Beeren-Eis &amp; Aloe-Mango-Melone<\/p>\n<p>6. Energy Drink &amp; Blaubeer-Wassermelone &amp; saurer Apfel, Himbeere &amp; Gummib\u00e4rchen<\/p>\n<p>7. Erdbeer-Wassermelone &amp; Schwarzes Eis &amp; Dreifache Melone &amp; Cranberry-Traube<\/p>\n<p>8. Erdbeer-Wassermelone &amp; Kiwi-Passionsfrucht-Guave &amp; Mango-Eis &amp; Wassermelone-Sauer-Pfirsich<\/p>\n<p>9. Blaubeereis &amp; Pfirsich-Mango-Wassermelone &amp; Passion Kiss &amp; Melone Apple<\/p>\n<p>10. Erdbeer-Mango &amp; Wassermelonen-Kaugummi &amp; Roter Mojito &amp; LOVE66<\/p>\n<p>&nbsp;<\/p>\n<h3><span style=\"font-size: 90%;\">UOR 120000 | 120k Puffs 4 in 1 Geschmacksrichtungen Einweg-Vape Video:<\/span><\/h3>\n<p><iframe loading=\"lazy\" title=\"UOR 120000 | 120k Puffs 4 in 1 Geschmacksrichtungen Einweg-Vape | 10Tastes | Mit LED-Anzeige pgvape\" width=\"563\" height=\"1000\" src=\"https:\/\/www.youtube.com\/embed\/VymLw_XwTJ8?feature=oembed\" frameborder=\"0\" allow=\"accelerometer; autoplay; clipboard-write; encrypted-media; gyroscope; picture-in-picture; web-share\" referrerpolicy=\"strict-origin-when-cross-origin\" allowfullscreen><\/iframe><\/p>\n<p>&nbsp;<\/p>\n<h3 class=\"auto-hide-last-sibling-br paragraph-pP9ZLC paragraph-element br-paragraph-space\"><span style=\"font-size: 90%;\">Warum sollten Sie sich f\u00fcr das europ\u00e4ische Lager von PGVape entscheiden?<\/span><\/h3>\n<p>Schneller Versand: Lieferung in die meisten EU-L\u00e4nder innerhalb von 3-7 Werktagen.<\/p>\n<p>Zollfreie Lieferung: Lokale Lagerbest\u00e4nde in der EU sorgen f\u00fcr einen reibungslosen und zollfreien Versand.<\/p>\n<p>100% Authentische Garantie: Echte UOR 120000 E-Zigaretten von zertifizierten Lieferanten.<\/p>\n<p>Frischer Bestand: Unter kontrollierten Bedingungen gelagert, um optimale Qualit\u00e4t zu gew\u00e4hrleisten.<\/p>\n<p>Europ\u00e4er vertrauen darauf: Tausende Kunden genie\u00dfen schnelle und sichere E-Zigaretten-Dienste von PGVape.<\/p>\n<p>&nbsp;<\/p>\n<h2><span style=\"font-size: 90%;\">H\u00e4ufig gestellte Fragen zu UOR 120000 | 120k Puffs 4 in 1 Flavours Einweg-Vaporizer<\/span><\/h2>\n<p data-sourcepos=\"39:1-40:94\">\u2753\u00a0<strong data-sourcepos=\"39:3-39:41\">Wie funktioniert das 4-Geschmack-System?<\/strong><br \/>\n\u2705\u00a0Durchdrehen\u00a0<strong data-sourcepos=\"40:18-40:41\">vier voreingestellte Geschmacksrichtungen<\/strong>\u00a0mit einem einfachen Tastendruck oder automatischer Umschaltung.<\/p>\n<p data-sourcepos=\"42:1-43:95\">\u2753\u00a0<strong data-sourcepos=\"42:3-42:34\">Was gew\u00e4hrleistet die Dampfqualit\u00e4t?<\/strong><br \/>\n\u2705\u00a0Die\u00a0<strong data-sourcepos=\"43:7-43:20\">Mesh-Spule<\/strong>\u00a0bietet\u00a0<strong data-sourcepos=\"43:30-43:49\">30% mehr Geschmack<\/strong>\u00a0Und\u00a0<strong data-sourcepos=\"43:54-43:72\">sanftere Z\u00fcge<\/strong>\u00a0als Standardspulen.<\/p>\n<p data-sourcepos=\"45:1-46:90\">\u2753\u00a0<strong data-sourcepos=\"45:3-45:38\">Wie lange h\u00e4lt die Batterie?<\/strong><br \/>\n\u2705\u00a0<strong data-sourcepos=\"46:3-46:21\">650-mAh-Akku<\/strong>\u00a0unterst\u00fctzt\u00a0<strong data-sourcepos=\"46:31-46:46\">Tage der Nutzung<\/strong>;\u00a0<strong data-sourcepos=\"46:48-46:58\">Typ-C<\/strong>\u00a0l\u00e4dt sich auf\u00a0<strong data-sourcepos=\"46:72-46:87\">~50 Minuten<\/strong>.<\/p>\n<p data-sourcepos=\"48:1-49:87\">\u2753\u00a0<strong data-sourcepos=\"48:3-48:36\">Ist es f\u00fcr Einzelh\u00e4ndler geeignet?<\/strong><br \/>\n\u2705\u00a0<strong data-sourcepos=\"49:3-49:25\">10-teilige Verpackung<\/strong>\u00a0Und\u00a0<strong data-sourcepos=\"49:30-49:49\">hohe Puffzahl<\/strong>\u00a0Machen Sie es ideal f\u00fcr den Einzel-\/Gro\u00dfhandel.<\/p>\n<p data-sourcepos=\"51:1-52:92\">\u2753\u00a0<strong data-sourcepos=\"51:3-51:25\">Kann ich die Nutzung verfolgen?<br \/>\n<\/strong>\u2705\u00a0Die\u00a0<strong data-sourcepos=\"52:7-52:22\">LED-Anzeige<\/strong>\u00a0zeigt\u00a0<strong data-sourcepos=\"52:29-52:50\">Echtzeitbatterie<\/strong>,\u00a0<strong data-sourcepos=\"52:52-52:66\">Puffanzahl<\/strong>, Und\u00a0<strong data-sourcepos=\"52:72-52:89\">aktiver Geschmack<\/strong>.<\/p>\n<p>&nbsp;<\/p>\n<h3 id=\"brxe-najhln\" class=\"brxe-heading\">H\u00e4ufig gestellte Fragen (FAQ)<\/h3>\n<div id=\"brxe-rajiac\" class=\"brxe-text\">\n<p><strong>F: Welche Zahlungsmethoden akzeptieren Sie?<\/strong><br \/>\nA: Wir akzeptieren PayPal, Stripe, Bank\u00fcberweisungen (SEPA unterst\u00fctzt), g\u00e4ngige Kreditkarten (Visa, MasterCard, American Express) und Zahlungen in Kryptow\u00e4hrung.<\/p>\n<p><strong>F: Wie lange dauert die Auftragsvorbereitung?<\/strong><br \/>\nA: Die Auftragsvorbereitung dauert 1-3 Werktage.<\/p>\n<p><strong>F: Wie lange dauert die Lieferung?<\/strong><br \/>\nA: Die Lieferzeit betr\u00e4gt je nach Standort 7\u201314 Werktage. Die Lieferung von Waren aus europ\u00e4ischen Lagern dauert in der Regel 3\u20136 Werktage.<\/p>\n<p><strong>F: Wie kann ich meine Bestellung verfolgen?<\/strong><br \/>\nA: Nach dem Versand erhalten Sie eine Best\u00e4tigungs-E-Mail mit einer Sendungsverfolgungsnummer zur Echtzeitverfolgung.<\/p>\n<p><strong>F: Wie lauten Ihre R\u00fcckgabebedingungen?<\/strong><br \/>\nA: Wir bieten ein 30-t\u00e4giges R\u00fcckgaberecht f\u00fcr R\u00fcckerstattungen oder Umtausch. .<\/p>\n<p><strong>F: Wird es Zollprobleme geben?<br \/>\n<\/strong>Wir k\u00fcmmern uns um alle Zollabfertigungsverfahren, um Ihnen ein reibungsloses Erlebnis zu gew\u00e4hrleisten. .<\/p>\n<p><strong>F: Welche Versandarten werden verwendet?<\/strong><br \/>\nWir arbeiten mit UPS\/DHL\/FEDEX\/DPD etc. zusammen. Je nach Lieferland w\u00e4hlen wir die passende Versandoption aus, um sicherzustellen, dass Sie Ihre Produkte schnellstm\u00f6glich erhalten.<\/p>\n<p><a href=\"https:\/\/pgvape.com\/de\/faqs\/\">Klicken Sie hier f\u00fcr weitere FAQ<\/a><\/p>\n<p>Liebe Kunden, wenn Sie Fragen zu Ihrer Bestellung oder zum Wareneingang haben, wenden Sie sich bitte an unseren Kundenservice. Vielen Dank!<\/p>\n<h3 data-sourcepos=\"73:1-73:21\"><strong data-sourcepos=\"73:7-73:21\">Kontaktieren Sie uns<\/strong><\/h3>\n<div id=\"text-2419739398\" class=\"text\">\n<p><strong data-sourcepos=\"75:3-75:12\">E-Mail<\/strong>:\u00a0<a href=\"mailto:support@pgvape.com\"><strong>support@pgvape.com<\/strong><\/a><\/p>\n<p><strong data-sourcepos=\"76:3-76:15\">WhatsApp<\/strong>:\u00a0<a href=\"https:\/\/wa.me\/+8618128481258\"><strong>+86 18128481258<\/strong><\/a><br \/>\n<strong>(Antwort innerhalb von 24 Stunden an Werktagen)<\/strong><\/p>\n<\/div>\n<h3><strong>Vielen Dank, dass Sie sich f\u00fcr pgvape.com entschieden haben! .<\/strong><\/h3>\n<\/div>","protected":false},"excerpt":{"rendered":"<p>Mit <strong data-sourcepos=\"57:6-57:20\">120.000 Z\u00fcge<\/strong>, <strong data-sourcepos=\"57:22-57:46\">Flexibilit\u00e4t mit 4 Geschmacksrichtungen<\/strong>, Und <strong data-sourcepos=\"57:52-57:69\">64 ml Fassungsverm\u00f6gen<\/strong>, Die <strong data-sourcepos=\"57:75-57:89\">UOR 120000<\/strong> dominiert den Premium-Einwegmarkt. <strong data-sourcepos=\"57:131-57:149\">10 Geschmackssets<\/strong> Und <strong data-sourcepos=\"57:154-57:176\">Intelligentes LED-Tracking<\/strong> bieten un\u00fcbertroffene Vielfalt.<\/p>","protected":false},"featured_media":5822,"comment_status":"open","ping_status":"closed","template":"","meta":{"_seopress_robots_primary_cat":"none","_seopress_titles_title":"","_seopress_titles_desc":"","_seopress_robots_index":""},"product_brand":[516,345],"product_cat":[69,515,464],"product_tag":[354,53,459,490,203,346,220],"class_list":{"0":"post-5819","1":"product","2":"type-product","3":"status-publish","4":"has-post-thumbnail","6":"product_brand-disposable-vape","7":"product_brand-uor-vape","8":"product_cat-120k-puffs-vape","9":"product_cat-disposable-vape","10":"product_cat-uor-vape-eu","11":"product_tag-120k-puffs-vape","12":"product_tag-4-in-1-flavors","13":"product_tag-free-shipping","14":"product_tag-minimum-2-pieces","15":"product_tag-shipment-from-eu","16":"product_tag-uor-120000","17":"product_tag-with-led-display","18":"product_shipping_class-overseas-warehouse","20":"first","21":"instock","22":"sale","23":"shipping-taxable","24":"purchasable","25":"product-type-variable"},"_links":{"self":[{"href":"https:\/\/pgvape.com\/de\/wp-json\/wp\/v2\/product\/5819","targetHints":{"allow":["GET"]}}],"collection":[{"href":"https:\/\/pgvape.com\/de\/wp-json\/wp\/v2\/product"}],"about":[{"href":"https:\/\/pgvape.com\/de\/wp-json\/wp\/v2\/types\/product"}],"replies":[{"embeddable":true,"href":"https:\/\/pgvape.com\/de\/wp-json\/wp\/v2\/comments?post=5819"}],"wp:featuredmedia":[{"embeddable":true,"href":"https:\/\/pgvape.com\/de\/wp-json\/wp\/v2\/media\/5822"}],"wp:attachment":[{"href":"https:\/\/pgvape.com\/de\/wp-json\/wp\/v2\/media?parent=5819"}],"wp:term":[{"taxonomy":"product_brand","embeddable":true,"href":"https:\/\/pgvape.com\/de\/wp-json\/wp\/v2\/product_brand?post=5819"},{"taxonomy":"product_cat","embeddable":true,"href":"https:\/\/pgvape.com\/de\/wp-json\/wp\/v2\/product_cat?post=5819"},{"taxonomy":"product_tag","embeddable":true,"href":"https:\/\/pgvape.com\/de\/wp-json\/wp\/v2\/product_tag?post=5819"}],"curies":[{"name":"wp","href":"https:\/\/api.w.org\/{rel}","templated":true}]}}