{"id":5558,"date":"2025-11-04T12:19:12","date_gmt":"2025-11-04T12:19:12","guid":{"rendered":"https:\/\/pgvape.com\/?post_type=product&#038;p=5558"},"modified":"2026-03-15T13:15:56","modified_gmt":"2026-03-15T13:15:56","slug":"bang-king-smart-screen-15000-zuge-einweg-vape-0-2-3-5-nikotin-10-geschmacksrichtungen-wiederaufladbarer-vape-direkt-ab-werk","status":"publish","type":"product","link":"https:\/\/pgvape.com\/de\/produkt\/bang-king-smart-screen-15000-zuge-einweg-vape-0-2-3-5-nikotin-10-geschmacksrichtungen-wiederaufladbarer-vape-direkt-ab-werk\/","title":{"rendered":"Bang King Smart Screen 15000 Z\u00fcge Einweg-Vape | 0% 2% 3% 5% Nikotin | 10Tastes | Wiederaufladbar | Vape Factory Direct"},"content":{"rendered":"<p><strong data-sourcepos=\"4:5-4:35\">BangKing SmartScreen 15000<\/strong> revolutioniert das Einwegdampfen mit <strong data-sourcepos=\"4:74-4:101\">15.000 ultralange Z\u00fcge<\/strong>, <strong data-sourcepos=\"4:103-4:131\">25 ml vorgef\u00fclltes E-Liquid<\/strong>, und ein <strong data-sourcepos=\"4:140-4:170\">intelligenter Bildschirm<\/strong>. <strong data-sourcepos=\"4:184-4:202\">1,0-\u03a9-Mesh-Spule<\/strong>, <strong data-sourcepos=\"4:204-4:235\">650-mAh-Akku<\/strong>, Und <strong data-sourcepos=\"4:241-4:288\">anpassbare Nikotinoptionen (0%\/2%\/3%\/5%)<\/strong>, dieses Ger\u00e4t liefert <strong data-sourcepos=\"4:311-4:330\">pr\u00e4zise Steuerung<\/strong> Und <strong data-sourcepos=\"4:335-4:350\">reichhaltiger Geschmack<\/strong> im schlanken Hightech-Design.<\/p>\n<p>&nbsp;<\/p>\n<h2><span style=\"font-size: 90%;\">Bang King Smart Screen 15000 Puffs Einweg-Vape <strong data-sourcepos=\"10:5-10:31\">Spezifikationen<\/strong><\/span><\/h2>\n<p><strong data-sourcepos=\"15:3-15:17\">Puff Count<\/strong>: 15.000 Z\u00fcge<\/p>\n<p><strong data-sourcepos=\"16:3-16:15\">E-Liquid<\/strong>: 25 ml vorgef\u00fcllt<\/p>\n<p><strong data-sourcepos=\"17:3-17:14\">Batterie<\/strong>: 650 mAh (Typ-C wiederaufladbar)<\/p>\n<p><strong data-sourcepos=\"18:3-18:11\">Spule<\/strong>: 1,0 \u03a9 Maschenweite<\/p>\n<p><strong data-sourcepos=\"19:3-19:14\">Anzeige<\/strong>: Intelligenter digitaler Bildschirm<\/p>\n<p><strong data-sourcepos=\"20:3-20:15\">Nikotin<\/strong>: 0%\/2%\/3%\/5%<\/p>\n<p>&nbsp;<\/p>\n<h3><span style=\"font-size: 90%;\">Bang King Smart Screen 15000 Puffs Einweg-Vape <strong data-sourcepos=\"22:5-22:20\">Geschmacksliste<\/strong><\/span><\/h3>\n<p><strong data-sourcepos=\"23:4-23:19\">1. Blauer Frost<\/strong>\u00a0\u2013 Eisige Beerenexplosion<\/p>\n<p><strong data-sourcepos=\"24:4-24:19\">2. Berry Blast<\/strong>\u00a0\u2013 Gemischte Beerenexplosion<\/p>\n<p><strong data-sourcepos=\"25:4-25:25\">3. Blaue Kirsch-Zitrone<\/strong>\u00a0\u2013 Herbe Zitrusfusion<\/p>\n<p><strong data-sourcepos=\"26:4-26:20\">4.Pfirsich einfrieren<\/strong>\u00a0\u2013 Gek\u00fchlter Pfirsichgenuss<\/p>\n<p><strong data-sourcepos=\"27:4-27:20\">5. Traubengefrieren<\/strong>\u00a0\u2013 Frostiges Traubengef\u00fchl<\/p>\n<p><strong data-sourcepos=\"28:4-28:19\">6.Pfirsichbeere<\/strong>\u00a0\u2013 S\u00fc\u00dfe Steinfruchtmischung<\/p>\n<p><strong data-sourcepos=\"29:4-29:27\">7. Saure Apfel-Rasbeere<\/strong>\u00a0\u2013 W\u00fcrzige Apfel-Beere<\/p>\n<p><strong data-sourcepos=\"30:4-30:20\">8. Dreifache Frucht<\/strong>\u00a0\u2013 Tropisches Trio<\/p>\n<p><strong data-sourcepos=\"31:4-31:16\">9.\u00dcppiges Eis<\/strong>\u00a0\u2013 Erfrischende Wassermelonenk\u00fchlung<\/p>\n<p><strong data-sourcepos=\"32:5-32:30\">10.Erdbeer-Wassermelone<\/strong>\u00a0\u2013 Klassische s\u00fc\u00dfe Kombination<br \/>\n<img loading=\"lazy\" decoding=\"async\" class=\"alignnone wp-image-5562 size-full\" src=\"https:\/\/pgvape.com\/wp-content\/uploads\/2025\/11\/pgvape-Bang_King_smartscreen_15000_Puffs-2.png\" alt=\"Zwei Reihen mit zehn farbenfrohen Bang King Einweg-Vape-Ger\u00e4ten (f\u00fcnf pro Reihe), jedes mit einer Comic-Affengrafik, einem kleinen digitalen Display und Geschmacksnamen wie Peach Freeze, Blueberry Cherry Lemon, Strawberry Watermelon, Berry Blast, Peach Blueraz, Blueberry Freeze, Grape Freeze, Tropical Fruit, Sour Apple Blueberry und Lush Ice.\" width=\"1500\" height=\"1168\" srcset=\"https:\/\/pgvape.com\/wp-content\/uploads\/2025\/11\/pgvape-Bang_King_smartscreen_15000_Puffs-2.png 1500w, https:\/\/pgvape.com\/wp-content\/uploads\/2025\/11\/pgvape-Bang_King_smartscreen_15000_Puffs-2-462x360.png 462w, https:\/\/pgvape.com\/wp-content\/uploads\/2025\/11\/pgvape-Bang_King_smartscreen_15000_Puffs-2-595x463.png 595w, https:\/\/pgvape.com\/wp-content\/uploads\/2025\/11\/pgvape-Bang_King_smartscreen_15000_Puffs-2-400x311.png 400w, https:\/\/pgvape.com\/wp-content\/uploads\/2025\/11\/pgvape-Bang_King_smartscreen_15000_Puffs-2-768x598.png 768w, https:\/\/pgvape.com\/wp-content\/uploads\/2025\/11\/pgvape-Bang_King_smartscreen_15000_Puffs-2-15x12.png 15w, https:\/\/pgvape.com\/wp-content\/uploads\/2025\/11\/pgvape-Bang_King_smartscreen_15000_Puffs-2-600x467.png 600w, https:\/\/pgvape.com\/wp-content\/uploads\/2025\/11\/pgvape-Bang_King_smartscreen_15000_Puffs-2-51x40.png 51w\" sizes=\"auto, (max-width: 1500px) 100vw, 1500px\" \/><\/p>\n<p>&nbsp;<\/p>\n<h3><span style=\"font-size: 90%;\">Bang King Smart Screen 15000 Puffs Einweg-Vape <strong>Video<\/strong>::<\/span><\/h3>\n<p>&nbsp;<\/p>\n<h2>H\u00e4ufig gestellte Fragen zu Bang King Smart Screen 15000 Puffs Einweg-Vaporizer<\/h2>\n<p data-sourcepos=\"35:1-36:87\">\u2753 <strong data-sourcepos=\"35:3-35:39\">Wie funktioniert das Smart Display?<\/strong><br \/>\n\u2705 Zeigt <strong data-sourcepos=\"36:9-36:37\">Genauer Batterieprozentsatz<\/strong> Und <strong data-sourcepos=\"36:42-36:61\">E-Liquid-F\u00fcllst\u00e4nde<\/strong> f\u00fcr eine pr\u00e4zise \u00dcberwachung.<\/p>\n<p data-sourcepos=\"38:1-39:77\">\u2753 <strong data-sourcepos=\"38:3-38:40\">Was macht die Mesh-Spule so besonders?<\/strong><br \/>\n\u2705 Die <strong data-sourcepos=\"39:7-39:25\">1,0 \u03a9 Mesh-Kern<\/strong> verst\u00e4rkt <strong data-sourcepos=\"39:35-39:52\">Geschmacksreinheit<\/strong> Und <strong data-sourcepos=\"39:57-39:74\">Dampfdichte<\/strong>.<\/p>\n<p data-sourcepos=\"41:1-42:80\">\u2753 <strong data-sourcepos=\"41:3-41:38\">Wie lange h\u00e4lt die Batterie?<\/strong><br \/>\n\u2705 Die <strong data-sourcepos=\"42:7-42:25\">650-mAh-Akku<\/strong> unterst\u00fctzt den erweiterten Einsatz mit <strong data-sourcepos=\"42:53-42:77\">Typ-C-Schnellladung<\/strong>.<\/p>\n<p data-sourcepos=\"44:1-45:89\">\u2753 <strong data-sourcepos=\"44:3-44:38\">Welche Geschmacksrichtungen sind am beliebtesten?<\/strong><br \/>\n\u2705 <strong data-sourcepos=\"45:3-45:28\">Erdbeer-Wassermelone<\/strong>, <strong data-sourcepos=\"45:30-45:42\">\u00dcppiges Eis<\/strong>, Und <strong data-sourcepos=\"45:48-45:63\">Blauer Frost<\/strong> sind Kundenlieblinge.<\/p>\n<p data-sourcepos=\"47:1-48:80\">\u2753 <strong data-sourcepos=\"47:3-47:35\">Ist dieses Ger\u00e4t umweltfreundlich?<\/strong><br \/>\n\u2705 Die <strong data-sourcepos=\"48:7-48:30\">wiederaufladbares Design<\/strong> reduziert den Abfall im Vergleich zu Standard-Einwegartikeln.<\/p>\n<p>&nbsp;<\/p>\n<h3 id=\"brxe-najhln\" class=\"brxe-heading\">H\u00e4ufig gestellte Fragen (FAQ)<\/h3>\n<div id=\"brxe-rajiac\" class=\"brxe-text\">\n<p><strong>F: Welche Zahlungsmethoden akzeptieren Sie?<\/strong><br \/>\nA: Wir akzeptieren PayPal, Stripe, Bank\u00fcberweisungen (SEPA unterst\u00fctzt), g\u00e4ngige Kreditkarten (Visa, MasterCard, American Express) und Zahlungen in Kryptow\u00e4hrung.<\/p>\n<p><strong>F: Wie lange dauert die Auftragsvorbereitung?<\/strong><br \/>\nA: Die Auftragsvorbereitung dauert 1-3 Werktage.<\/p>\n<p><strong>F: Wie lange dauert die Lieferung?<\/strong><br \/>\nA: Die Lieferzeit betr\u00e4gt je nach Standort 7\u201314 Werktage.<\/p>\n<p><strong>F: Wie kann ich meine Bestellung verfolgen?<\/strong><br \/>\nA: Nach dem Versand erhalten Sie eine Best\u00e4tigungs-E-Mail mit einer Sendungsverfolgungsnummer zur Echtzeitverfolgung.<\/p>\n<p><strong>F: Wie lauten Ihre R\u00fcckgabebedingungen?<\/strong><br \/>\nA: Wir bieten ein 30-t\u00e4giges R\u00fcckgaberecht f\u00fcr R\u00fcckerstattungen oder Umtausch. .<\/p>\n<p><strong>F: Wird es Zollprobleme geben?<br \/>\n<\/strong>Wir k\u00fcmmern uns um alle Zollabfertigungsverfahren, um Ihnen ein reibungsloses Erlebnis zu gew\u00e4hrleisten. .<\/p>\n<p><strong>F: Welche Versandarten werden verwendet?<\/strong><br \/>\nWir arbeiten mit UPS\/DHL\/FEDEX\/DPD etc. zusammen. Je nach Lieferland w\u00e4hlen wir die passende Versandoption aus, um sicherzustellen, dass Sie Ihre Produkte schnellstm\u00f6glich erhalten.<\/p>\n<p><a href=\"https:\/\/pgvape.com\/de\/faqs\/\">Klicken Sie hier f\u00fcr weitere FAQ<\/a><\/p>\n<p>Liebe Kunden, wenn Sie Fragen zu Ihrer Bestellung oder zum Wareneingang haben, wenden Sie sich bitte an unseren Kundenservice. Vielen Dank!<\/p>\n<h3 data-sourcepos=\"73:1-73:21\"><strong data-sourcepos=\"73:7-73:21\">Kontaktieren Sie uns<\/strong><\/h3>\n<div id=\"text-2419739398\" class=\"text\">\n<p><strong data-sourcepos=\"75:3-75:12\">E-Mail<\/strong>:\u00a0<a href=\"mailto:support@pgvape.com\"><strong>support@pgvape.com<\/strong><\/a><\/p>\n<p><strong data-sourcepos=\"76:3-76:15\">WhatsApp<\/strong>:\u00a0<a href=\"https:\/\/wa.me\/+8618128481258\"><strong>+86 18128481258<\/strong><\/a><br \/>\n<strong>(Antwort innerhalb von 24 Stunden an Werktagen)<\/strong><\/p>\n<\/div>\n<h3><strong>Vielen Dank, dass Sie sich f\u00fcr pgvape.com entschieden haben! .<\/strong><\/h3>\n<\/div>","protected":false},"excerpt":{"rendered":"<p><strong data-sourcepos=\"51:5-51:35\">BangKing SmartScreen 15000<\/strong> vereint <strong data-sourcepos=\"51:45-51:61\">15.000 Z\u00fcge<\/strong>, <strong data-sourcepos=\"51:63-51:88\">Intelligente Digitalanzeige<\/strong>, Und <strong data-sourcepos=\"51:94-51:108\">10 Geschmacksrichtungen<\/strong> in einem <strong data-sourcepos=\"51:114-51:143\">High-Tech-Einweg-Vaporizer<\/strong> mit <strong data-sourcepos=\"51:149-51:168\">Laden vom Typ C<\/strong> \u2013 perfekt f\u00fcr <strong data-sourcepos=\"51:183-51:201\">Geschmacksj\u00e4ger<\/strong> Und <strong data-sourcepos=\"51:206-51:227\">technisch versierte Dampfer<\/strong>.<\/p>","protected":false},"featured_media":5561,"comment_status":"open","ping_status":"closed","template":"","meta":{"_seopress_robots_primary_cat":"none","_seopress_titles_title":"%%post_title%% %%sep%% %%sitetitle%%","_seopress_titles_desc":"","_seopress_robots_index":""},"product_brand":[19,516],"product_cat":[113,18,515],"product_tag":[442,441,90,259,136,204],"class_list":{"0":"post-5558","1":"product","2":"type-product","3":"status-publish","4":"has-post-thumbnail","6":"product_brand-bang-king-vape","7":"product_brand-disposable-vape","8":"product_cat-15k-puffs-vape","9":"product_cat-bang-king-vape","10":"product_cat-disposable-vape","11":"product_tag-15000-puffs-vape","12":"product_tag-bang-king-15000","13":"product_tag-disposable-vape","14":"product_tag-rechargeable","15":"product_tag-smart-screen","16":"product_tag-vape-factory-direct","18":"first","19":"instock","20":"sale","21":"shipping-taxable","22":"purchasable","23":"product-type-variable"},"_links":{"self":[{"href":"https:\/\/pgvape.com\/de\/wp-json\/wp\/v2\/product\/5558","targetHints":{"allow":["GET"]}}],"collection":[{"href":"https:\/\/pgvape.com\/de\/wp-json\/wp\/v2\/product"}],"about":[{"href":"https:\/\/pgvape.com\/de\/wp-json\/wp\/v2\/types\/product"}],"replies":[{"embeddable":true,"href":"https:\/\/pgvape.com\/de\/wp-json\/wp\/v2\/comments?post=5558"}],"wp:featuredmedia":[{"embeddable":true,"href":"https:\/\/pgvape.com\/de\/wp-json\/wp\/v2\/media\/5561"}],"wp:attachment":[{"href":"https:\/\/pgvape.com\/de\/wp-json\/wp\/v2\/media?parent=5558"}],"wp:term":[{"taxonomy":"product_brand","embeddable":true,"href":"https:\/\/pgvape.com\/de\/wp-json\/wp\/v2\/product_brand?post=5558"},{"taxonomy":"product_cat","embeddable":true,"href":"https:\/\/pgvape.com\/de\/wp-json\/wp\/v2\/product_cat?post=5558"},{"taxonomy":"product_tag","embeddable":true,"href":"https:\/\/pgvape.com\/de\/wp-json\/wp\/v2\/product_tag?post=5558"}],"curies":[{"name":"wp","href":"https:\/\/api.w.org\/{rel}","templated":true}]}}