{"id":5524,"date":"2025-11-04T10:18:31","date_gmt":"2025-11-04T10:18:31","guid":{"rendered":"https:\/\/pgvape.com\/?post_type=product&#038;p=5524"},"modified":"2026-03-15T13:09:58","modified_gmt":"2026-03-15T13:09:58","slug":"bang-king-12000-porsche-12k-puffs-einweg-vape-typ-c-port-vape-direkt-ab-werk","status":"publish","type":"product","link":"https:\/\/pgvape.com\/de\/produkt\/bang-king-12000-porsche-12k-puffs-einweg-vape-typ-c-port-vape-direkt-ab-werk\/","title":{"rendered":"Bang King 12000 Porsche 12K Puffs Einweg-Vape Typ-C Port Vape Factory Direct"},"content":{"rendered":"<p><strong data-sourcepos=\"6:5-6:32\">Bang King 12000 Porsche<\/strong> liefert <strong data-sourcepos=\"6:42-6:69\">12.000 zufriedenstellende Z\u00fcge<\/strong> mit <strong data-sourcepos=\"6:75-6:103\">18 ml vorgef\u00fclltes E-Liquid<\/strong> und a <strong data-sourcepos=\"6:110-6:141\">550-mAh-Akku<\/strong>. <strong data-sourcepos=\"6:153-6:182\">1,2-\u03a9-Mesh-Coil-Technologie<\/strong> Und <strong data-sourcepos=\"6:187-6:211\">Typ-C-Schnellladung<\/strong>, bietet dieser stilvolle kugelf\u00f6rmige Vape <strong data-sourcepos=\"6:252-6:267\">reichhaltiger Geschmack<\/strong> Und <strong data-sourcepos=\"6:272-6:296\">tragbarer Komfort<\/strong> f\u00fcr ganzt\u00e4giges Dampfen.<\/p>\n<p>&nbsp;<\/p>\n<h2><span style=\"font-size: 90%;\">Bang King 12000 Porsche | 12K Puffs Einweg-Vaporizer <strong data-sourcepos=\"10:5-10:31\">Spezifikationen<\/strong><\/span><\/h2>\n<p><strong data-sourcepos=\"17:3-17:17\">Puff Count<\/strong>: 12.000 Z\u00fcge<\/p>\n<p><strong data-sourcepos=\"18:3-18:15\">E-Liquid<\/strong>: 18 ml vorgef\u00fcllt<\/p>\n<p><strong data-sourcepos=\"19:3-19:14\">Batterie<\/strong>: 550 mAh (Typ-C)<\/p>\n<p><strong data-sourcepos=\"20:3-20:11\">Spule<\/strong>: 1,2 \u03a9 Maschenweite<\/p>\n<p><strong data-sourcepos=\"21:3-21:15\">Nikotin<\/strong>: 0%\/2%\/3%\/5%<\/p>\n<p><strong data-sourcepos=\"22:3-22:15\">Aufladen<\/strong>: Typ-C-Anschluss<\/p>\n<p><strong data-sourcepos=\"23:3-23:17\">Widerstand<\/strong>: 1,2 \u03a9<\/p>\n<p>&nbsp;<\/p>\n<h3><span style=\"font-size: 90%;\">Bang King 12000 Porsche | 12K Puffs Einweg-Vaporizer <strong data-sourcepos=\"22:5-22:20\">Geschmacksliste<\/strong><\/span><\/h3>\n<p><strong data-sourcepos=\"26:4-26:18\">1. Wassermelone<\/strong>\u00a0\u2013 Saftige Erfrischung<\/p>\n<p><strong data-sourcepos=\"27:4-27:29\">2.Erdbeer-Wassermelone<\/strong>\u00a0\u2013 Klassische Kombination<\/p>\n<p><strong data-sourcepos=\"28:4-28:21\">3. Blaubeereis<\/strong>\u00a0\u2013 Cooler Beeren-Kick<\/p>\n<p><strong data-sourcepos=\"29:4-29:27\">4. Blaubeer-Himbeere<\/strong>\u00a0\u2013 Herb und s\u00fc\u00df<\/p>\n<p><strong data-sourcepos=\"30:4-30:24\">5.Erdbeer-Mango<\/strong>\u00a0\u2013 Tropisches Duo<\/p>\n<p><strong data-sourcepos=\"31:4-31:24\">6. Schwarzes Dracheneis<\/strong>\u00a0\u2013 Kr\u00e4ftige, eisige Frucht<\/p>\n<p><strong data-sourcepos=\"32:4-32:19\">7. Kirsch-Cola<\/strong>\u00a0\u2013 Favorit im Limonadenladen<\/p>\n<p><strong data-sourcepos=\"33:4-33:23\">8. Blaubeertraube<\/strong>\u00a0\u2013 Beerenfusion<\/p>\n<p><strong data-sourcepos=\"34:4-34:20\">9. Dreifache Beere<\/strong>\u00a0\u2013 Gemischte Beerenmischung<\/p>\n<p><strong data-sourcepos=\"35:5-35:24\">10.Erdbeer-Kiwi<\/strong>\u00a0\u2013 Spritzige Wendung<\/p>\n<p><strong data-sourcepos=\"36:5-36:18\">11.Pfirsicheis<\/strong>\u00a0\u2013 Gek\u00fchlte Steinfr\u00fcchte<\/p>\n<p><strong data-sourcepos=\"37:5-37:29\">12. Wassermelonen-Kaugummi<\/strong>\u00a0\u2013 S\u00fc\u00dfe Nostalgie<br \/>\n<img loading=\"lazy\" decoding=\"async\" class=\"alignnone wp-image-5544 size-full\" src=\"https:\/\/pgvape.com\/wp-content\/uploads\/2025\/11\/pgvape-Bang-King-12000-Porsche-12K-Puffs-Disposable-Vape-16.png\" alt=\"Grafik mit dem Titel &#039;12 Geschmacksrichtungen&#039;, die ein 3x4-Raster aus bunten Bang King-Vape-Pods mit beschrifteten Geschmacksrichtungen zeigt: Wassermelone, Erdbeer-Wassermelone, Blaubeer-Eis, Blaubeer-Himbeere, Erdbeer-Mango, Black Dragon-Eis, Kirsch-Cola, Blaubeer-Traube, Dreifachbeere, Erdbeer-Kiwi, Pfirsich-Eis und Wassermelonen-Kaugummi.\" width=\"1500\" height=\"1534\" srcset=\"https:\/\/pgvape.com\/wp-content\/uploads\/2025\/11\/pgvape-Bang-King-12000-Porsche-12K-Puffs-Disposable-Vape-16.png 1500w, https:\/\/pgvape.com\/wp-content\/uploads\/2025\/11\/pgvape-Bang-King-12000-Porsche-12K-Puffs-Disposable-Vape-16-352x360.png 352w, https:\/\/pgvape.com\/wp-content\/uploads\/2025\/11\/pgvape-Bang-King-12000-Porsche-12K-Puffs-Disposable-Vape-16-595x608.png 595w, https:\/\/pgvape.com\/wp-content\/uploads\/2025\/11\/pgvape-Bang-King-12000-Porsche-12K-Puffs-Disposable-Vape-16-391x400.png 391w, https:\/\/pgvape.com\/wp-content\/uploads\/2025\/11\/pgvape-Bang-King-12000-Porsche-12K-Puffs-Disposable-Vape-16-768x785.png 768w, https:\/\/pgvape.com\/wp-content\/uploads\/2025\/11\/pgvape-Bang-King-12000-Porsche-12K-Puffs-Disposable-Vape-16-12x12.png 12w, https:\/\/pgvape.com\/wp-content\/uploads\/2025\/11\/pgvape-Bang-King-12000-Porsche-12K-Puffs-Disposable-Vape-16-600x614.png 600w, https:\/\/pgvape.com\/wp-content\/uploads\/2025\/11\/pgvape-Bang-King-12000-Porsche-12K-Puffs-Disposable-Vape-16-39x40.png 39w\" sizes=\"auto, (max-width: 1500px) 100vw, 1500px\" \/><\/p>\n<p>&nbsp;<\/p>\n<h3><span style=\"font-size: 90%;\">Bang King 12000 Porsche | 12K Puffs Einweg-Vaporizer <strong>Video<\/strong>::<\/span><\/h3>\n<p>&nbsp;<\/p>\n<h2>H\u00e4ufig gestellte Fragen zu Bang King 12000 Porsche | 12K Puffs Einweg-Vaporizer<\/h2>\n<p data-sourcepos=\"40:1-41:79\">\u2753 <strong data-sourcepos=\"40:3-40:38\">Wie lange h\u00e4lt die Batterie?<\/strong><br \/>\n\u2705 Die <strong data-sourcepos=\"41:7-41:25\">550-mAh-Akku<\/strong> unterst\u00fctzt den ganzt\u00e4gigen Gebrauch mit <strong data-sourcepos=\"41:52-41:76\">Typ-C-Schnellladung<\/strong>.<\/p>\n<p data-sourcepos=\"43:1-44:83\">\u2753 <strong data-sourcepos=\"43:3-43:45\">Welche Nikotinst\u00e4rken gibt es?<\/strong><br \/>\n\u2705 W\u00e4hlen Sie aus <strong data-sourcepos=\"44:15-44:32\">0% (NIC-frei)<\/strong>, <strong data-sourcepos=\"44:34-44:47\">2% (20 mg)<\/strong>, <strong data-sourcepos=\"44:49-44:62\">3% (30 mg)<\/strong>, oder <strong data-sourcepos=\"44:67-44:80\">5% (50 mg)<\/strong>.<\/p>\n<p data-sourcepos=\"46:1-47:77\">\u2753 <strong data-sourcepos=\"46:3-46:45\">Wie verbessert die Mesh-Spule den Geschmack?<\/strong><br \/>\n\u2705 Die <strong data-sourcepos=\"47:7-47:25\">1,2-\u03a9-Mesh-Spule<\/strong> bietet <strong data-sourcepos=\"47:35-47:54\">50% mehr Geschmack<\/strong> als Standardspulen.<\/p>\n<p data-sourcepos=\"49:1-50:59\">\u2753 <strong data-sourcepos=\"49:3-49:33\">Ist das Design komfortabel?<br \/>\n<\/strong> \u2705 Die <strong data-sourcepos=\"50:7-50:33\">ergonomische Geschossform<\/strong> liegt perfekt in der Hand.<\/p>\n<p data-sourcepos=\"52:1-53:85\">\u2753 <strong data-sourcepos=\"52:3-52:38\">Welche Geschmacksrichtungen sind am beliebtesten?<br \/>\n<\/strong>\u2705 <strong data-sourcepos=\"53:3-53:28\">Erdbeer-Wassermelone<\/strong>, <strong data-sourcepos=\"53:30-53:47\">Blaubeereis<\/strong>, Und <strong data-sourcepos=\"53:53-53:66\">Pfirsicheis<\/strong> sind Topseller.<\/p>\n<p>&nbsp;<\/p>\n<h3 id=\"brxe-najhln\" class=\"brxe-heading\">H\u00e4ufig gestellte Fragen (FAQ)<\/h3>\n<div id=\"brxe-rajiac\" class=\"brxe-text\">\n<p><strong>F: Welche Zahlungsmethoden akzeptieren Sie?<\/strong><br \/>\nA: Wir akzeptieren PayPal, Stripe, Bank\u00fcberweisungen (SEPA unterst\u00fctzt), g\u00e4ngige Kreditkarten (Visa, MasterCard, American Express) und Zahlungen in Kryptow\u00e4hrung.<\/p>\n<p><strong>F: Wie lange dauert die Auftragsvorbereitung?<\/strong><br \/>\nA: Die Auftragsvorbereitung dauert 1-3 Werktage.<\/p>\n<p><strong>F: Wie lange dauert die Lieferung?<\/strong><br \/>\nA: Die Lieferzeit betr\u00e4gt je nach Standort 7\u201314 Werktage.<\/p>\n<p><strong>F: Wie kann ich meine Bestellung verfolgen?<\/strong><br \/>\nA: Nach dem Versand erhalten Sie eine Best\u00e4tigungs-E-Mail mit einer Sendungsverfolgungsnummer zur Echtzeitverfolgung.<\/p>\n<p><strong>F: Wie lauten Ihre R\u00fcckgabebedingungen?<\/strong><br \/>\nA: Wir bieten ein 30-t\u00e4giges R\u00fcckgaberecht f\u00fcr R\u00fcckerstattungen oder Umtausch. .<\/p>\n<p><strong>F: Wird es Zollprobleme geben?<br \/>\n<\/strong>Wir k\u00fcmmern uns um alle Zollabfertigungsverfahren, um Ihnen ein reibungsloses Erlebnis zu gew\u00e4hrleisten. .<\/p>\n<p><strong>F: Welche Versandarten werden verwendet?<\/strong><br \/>\nWir arbeiten mit UPS\/DHL\/FEDEX\/DPD etc. zusammen. Je nach Lieferland w\u00e4hlen wir die passende Versandoption aus, um sicherzustellen, dass Sie Ihre Produkte schnellstm\u00f6glich erhalten.<\/p>\n<p><a href=\"https:\/\/pgvape.com\/de\/faqs\/\">Klicken Sie hier f\u00fcr weitere FAQ<\/a><\/p>\n<p>Liebe Kunden, wenn Sie Fragen zu Ihrer Bestellung oder zum Wareneingang haben, wenden Sie sich bitte an unseren Kundenservice. Vielen Dank!<\/p>\n<h3 data-sourcepos=\"73:1-73:21\"><strong data-sourcepos=\"73:7-73:21\">Kontaktieren Sie uns<\/strong><\/h3>\n<div id=\"text-2419739398\" class=\"text\">\n<p><strong data-sourcepos=\"75:3-75:12\">E-Mail<\/strong>:\u00a0<a href=\"mailto:support@pgvape.com\"><strong>support@pgvape.com<\/strong><\/a><\/p>\n<p><strong data-sourcepos=\"76:3-76:15\">WhatsApp<\/strong>:\u00a0<a href=\"https:\/\/wa.me\/+8618128481258\"><strong>+86 18128481258<\/strong><\/a><br \/>\n<strong>(Antwort innerhalb von 24 Stunden an Werktagen)<\/strong><\/p>\n<\/div>\n<h3><strong>Vielen Dank, dass Sie sich f\u00fcr pgvape.com entschieden haben! .<\/strong><\/h3>\n<\/div>","protected":false},"excerpt":{"rendered":"<p><strong data-sourcepos=\"56:5-56:32\">Bang King 12000 Porsche<\/strong> vereint <strong data-sourcepos=\"56:42-56:58\">12.000 Z\u00fcge<\/strong>, <strong data-sourcepos=\"56:60-56:77\">18 ml Fassungsverm\u00f6gen<\/strong>, Und <strong data-sourcepos=\"56:83-56:97\">12 Geschmacksrichtungen<\/strong> in einem <strong data-sourcepos=\"56:103-56:133\">schlanker, tragbarer Einwegartikel<\/strong> mit <strong data-sourcepos=\"56:139-56:158\">Laden vom Typ C<\/strong>.<\/p>","protected":false},"featured_media":5529,"comment_status":"open","ping_status":"closed","template":"","meta":{"_seopress_robots_primary_cat":"none","_seopress_titles_title":"%%post_title%% %%sep%% %%sitetitle%%","_seopress_titles_desc":"","_seopress_robots_index":""},"product_brand":[19,516],"product_cat":[147,18,515],"product_tag":[],"class_list":{"0":"post-5524","1":"product","2":"type-product","3":"status-publish","4":"has-post-thumbnail","6":"product_brand-bang-king-vape","7":"product_brand-disposable-vape","8":"product_cat-12k-puffs-vape","9":"product_cat-bang-king-vape","10":"product_cat-disposable-vape","12":"first","13":"instock","14":"sale","15":"shipping-taxable","16":"purchasable","17":"product-type-variable"},"_links":{"self":[{"href":"https:\/\/pgvape.com\/de\/wp-json\/wp\/v2\/product\/5524","targetHints":{"allow":["GET"]}}],"collection":[{"href":"https:\/\/pgvape.com\/de\/wp-json\/wp\/v2\/product"}],"about":[{"href":"https:\/\/pgvape.com\/de\/wp-json\/wp\/v2\/types\/product"}],"replies":[{"embeddable":true,"href":"https:\/\/pgvape.com\/de\/wp-json\/wp\/v2\/comments?post=5524"}],"wp:featuredmedia":[{"embeddable":true,"href":"https:\/\/pgvape.com\/de\/wp-json\/wp\/v2\/media\/5529"}],"wp:attachment":[{"href":"https:\/\/pgvape.com\/de\/wp-json\/wp\/v2\/media?parent=5524"}],"wp:term":[{"taxonomy":"product_brand","embeddable":true,"href":"https:\/\/pgvape.com\/de\/wp-json\/wp\/v2\/product_brand?post=5524"},{"taxonomy":"product_cat","embeddable":true,"href":"https:\/\/pgvape.com\/de\/wp-json\/wp\/v2\/product_cat?post=5524"},{"taxonomy":"product_tag","embeddable":true,"href":"https:\/\/pgvape.com\/de\/wp-json\/wp\/v2\/product_tag?post=5524"}],"curies":[{"name":"wp","href":"https:\/\/api.w.org\/{rel}","templated":true}]}}