{"id":5375,"date":"2025-11-03T09:09:42","date_gmt":"2025-11-03T09:09:42","guid":{"rendered":"https:\/\/pgvape.com\/?post_type=product&#038;p=5375"},"modified":"2026-03-15T13:09:58","modified_gmt":"2026-03-15T13:09:58","slug":"bang-36000-lce-level-36k-puffs-einweg-vape-smart-vollbild-vape-direkt-ab-werk","status":"publish","type":"product","link":"https:\/\/pgvape.com\/de\/produkt\/bang-36000-lce-level-36k-puffs-einweg-vape-smart-vollbild-vape-direkt-ab-werk\/","title":{"rendered":"Bang 36000 Lce Level 36K Puffs Einweg-Vape Smart Vollbild-Vape Factory Direct"},"content":{"rendered":"<p><strong data-sourcepos=\"6:5-6:29\">Knall 36000 Eisniveau<\/strong> definiert das Dampfen neu <strong data-sourcepos=\"6:52-6:79\">36.000 ultralange Z\u00fcge<\/strong> Und <strong data-sourcepos=\"6:84-6:113\">einstellbare Eistechnologie<\/strong>. <strong data-sourcepos=\"6:127-6:153\">36 ml E-Liquid-Kapazit\u00e4t<\/strong> Und <strong data-sourcepos=\"6:158-6:189\">850-mAh-Akku<\/strong>, dieses Ger\u00e4t liefert <strong data-sourcepos=\"6:212-6:246\">anpassbare K\u00fchlintensit\u00e4t<\/strong> Und <strong data-sourcepos=\"6:251-6:275\">reichhaltige Geschmacksprofile<\/strong>. <strong data-sourcepos=\"6:281-6:310\">Vollbild-Smart-Display<\/strong> bietet Echtzeit\u00fcberwachung und ist somit perfekt f\u00fcr Dampfer, die dies m\u00f6chten <strong data-sourcepos=\"6:380-6:407\">Kontrolle und Komfort<\/strong>.<\/p>\n<p>&nbsp;<\/p>\n<h2><span style=\"font-size: 90%;\">Bang 36000 Lce Level | 36K Puffs Einweg-Vape <strong data-sourcepos=\"10:5-10:31\">Spezifikationen<\/strong><\/span><\/h2>\n<p><strong data-sourcepos=\"18:3-18:17\">Puff Count<\/strong>: 36.000 Z\u00fcge<\/p>\n<p><strong data-sourcepos=\"19:3-19:15\">E-Liquid<\/strong>: 36 ml vorgef\u00fcllt<\/p>\n<p><strong data-sourcepos=\"20:3-20:14\">Batterie<\/strong>: 850 mAh (wiederaufladbar)<\/p>\n<p><strong data-sourcepos=\"21:3-21:15\">Nikotin<\/strong>: 0%\/2%\/3%\/5%<\/p>\n<p><strong data-sourcepos=\"22:3-22:14\">Anzeige<\/strong>: Vollbild-Smart-Display<\/p>\n<p><strong data-sourcepos=\"23:3-23:16\">Verpackung<\/strong>: 10 Ger\u00e4te\/Karton<\/p>\n<p>&nbsp;<\/p>\n<h3><span style=\"font-size: 90%;\">Bang 36000 Lce Level | 36K Puffs Einweg-Vape <strong data-sourcepos=\"22:5-22:20\">Geschmacksliste<\/strong><\/span><\/h3>\n<p>1.Erdbeer-Wassermelone<\/p>\n<p>2. Wassermeloneneis<\/p>\n<p>3.Liebe 66<\/p>\n<p>4.Ananas-Kokosnuss<\/p>\n<p>5. Blaubeer-Himbeere<\/p>\n<p>6.Erdbeer-Wassermelone<\/p>\n<p>7. Erdbeereis<\/p>\n<p>8. Blaubeereis<\/p>\n<p>9. Dreifache Beere<\/p>\n<p>10.Erdbeer-Kiwi<\/p>\n<p>11.Erdbeer-Mango<\/p>\n<p>12.Red Bull<br \/>\n<img loading=\"lazy\" decoding=\"async\" class=\"alignnone wp-image-5359 size-full\" src=\"https:\/\/pgvape.com\/wp-content\/uploads\/2025\/11\/pgvape-Bang-36000-Lce-Level-36K-Puffs-Disposable-Vape-2.jpg\" alt=\"Eine Reihe farbenfroher Einweg-Vape-Ger\u00e4te der Marke &#039;Bang&#039;, die in Reihen angeordnet sind, jedes mit einem kleinen digitalen Display, Cartoon-Figuren-Motiven und Geschmacksetiketten wie Erdbeer-Banane, Love66, Ananas-Kokosnuss, Blaubeer-Himbeere, Erdbeer-Wassermelone, Erdbeer-Eis, Blaubeer-Eis, Dreifachbeere, Erdbeer-Kiwi, Erdbeer-Mango, Red Bull und Wassermelonen-Eis vor einem blauen, wolkigen Hintergrund.\" width=\"1500\" height=\"1232\" srcset=\"https:\/\/pgvape.com\/wp-content\/uploads\/2025\/11\/pgvape-Bang-36000-Lce-Level-36K-Puffs-Disposable-Vape-2.jpg 1500w, https:\/\/pgvape.com\/wp-content\/uploads\/2025\/11\/pgvape-Bang-36000-Lce-Level-36K-Puffs-Disposable-Vape-2-438x360.jpg 438w, https:\/\/pgvape.com\/wp-content\/uploads\/2025\/11\/pgvape-Bang-36000-Lce-Level-36K-Puffs-Disposable-Vape-2-595x489.jpg 595w, https:\/\/pgvape.com\/wp-content\/uploads\/2025\/11\/pgvape-Bang-36000-Lce-Level-36K-Puffs-Disposable-Vape-2-400x329.jpg 400w, https:\/\/pgvape.com\/wp-content\/uploads\/2025\/11\/pgvape-Bang-36000-Lce-Level-36K-Puffs-Disposable-Vape-2-768x631.jpg 768w, https:\/\/pgvape.com\/wp-content\/uploads\/2025\/11\/pgvape-Bang-36000-Lce-Level-36K-Puffs-Disposable-Vape-2-15x12.jpg 15w, https:\/\/pgvape.com\/wp-content\/uploads\/2025\/11\/pgvape-Bang-36000-Lce-Level-36K-Puffs-Disposable-Vape-2-600x493.jpg 600w, https:\/\/pgvape.com\/wp-content\/uploads\/2025\/11\/pgvape-Bang-36000-Lce-Level-36K-Puffs-Disposable-Vape-2-49x40.jpg 49w\" sizes=\"auto, (max-width: 1500px) 100vw, 1500px\" \/><\/p>\n<p>&nbsp;<\/p>\n<h3><span style=\"font-size: 90%;\">Bang 36000 Lce Level | 36K Puffs Einweg-Vape <strong>Video<\/strong>::<\/span><\/h3>\n<p>&nbsp;<\/p>\n<h2>H\u00e4ufig gestellte Fragen zu Bang 36000 Lce Level | 36K Puffs Einweg-Vaporizer<\/h2>\n<p data-sourcepos=\"39:1-40:96\">\u2753 <strong data-sourcepos=\"39:3-39:46\">Wie funktioniert der einstellbare Eispegel?<\/strong><br \/>\n\u2705 W\u00e4hlen Sie Ihre bevorzugte K\u00fchlintensit\u00e4t aus <strong data-sourcepos=\"40:48-40:67\">mild bis extrem<\/strong> f\u00fcr individuelle Zufriedenheit.<\/p>\n<p data-sourcepos=\"42:1-43:81\">\u2753 <strong data-sourcepos=\"42:3-42:43\">Welche Nikotinoptionen gibt es?<\/strong><br \/>\n\u2705 W\u00e4hlen Sie aus <strong data-sourcepos=\"43:15-43:32\">0% (NIC-frei)<\/strong>, <strong data-sourcepos=\"43:34-43:47\">2% (20 mg)<\/strong>, <strong data-sourcepos=\"43:49-43:62\">3% (30 mg)<\/strong>, oder <strong data-sourcepos=\"43:67-43:80\">5% (50 mg)<\/strong>.<\/p>\n<p data-sourcepos=\"45:1-46:64\">\u2753 <strong data-sourcepos=\"45:3-45:38\">Wie lange h\u00e4lt die Batterie?<\/strong><br \/>\n\u2705 Die <strong data-sourcepos=\"46:7-46:25\">850-mAh-Akku<\/strong> erm\u00f6glicht eine l\u00e4ngere Nutzung zwischen den Ladevorg\u00e4ngen.<\/p>\n<p data-sourcepos=\"48:1-49:86\">\u2753 <strong data-sourcepos=\"48:3-48:30\">Ist die Anzeige hilfreich?<br \/>\n<\/strong> \u2705 Die <strong data-sourcepos=\"49:7-49:30\">Vollbildanzeige<\/strong> deutlich zeigt <strong data-sourcepos=\"49:45-49:61\">Akkulaufzeit<\/strong> Und <strong data-sourcepos=\"49:66-49:85\">E-Liquid-F\u00fcllst\u00e4nde<\/strong>.<\/p>\n<p data-sourcepos=\"51:1-52:90\">\u2753 <strong data-sourcepos=\"51:3-51:38\">Welche Geschmacksrichtungen sind am beliebtesten?<br \/>\n<\/strong> \u2705 <strong data-sourcepos=\"52:3-52:28\">Erdbeer-Wassermelone<\/strong>, <strong data-sourcepos=\"52:30-52:48\">Wassermeloneneis<\/strong>, Und <strong data-sourcepos=\"52:54-52:66\">Red Bull<\/strong> sind Kundenlieblinge.<\/p>\n<p>&nbsp;<\/p>\n<h3 id=\"brxe-najhln\" class=\"brxe-heading\">H\u00e4ufig gestellte Fragen (FAQ)<\/h3>\n<div id=\"brxe-rajiac\" class=\"brxe-text\">\n<p><strong>F: Welche Zahlungsmethoden akzeptieren Sie?<\/strong><br \/>\nA: Wir akzeptieren PayPal, Stripe, Bank\u00fcberweisungen (SEPA unterst\u00fctzt), g\u00e4ngige Kreditkarten (Visa, MasterCard, American Express) und Zahlungen in Kryptow\u00e4hrung.<\/p>\n<p><strong>F: Wie lange dauert die Auftragsvorbereitung?<\/strong><br \/>\nA: Die Auftragsvorbereitung dauert 1-3 Werktage.<\/p>\n<p><strong>F: Wie lange dauert die Lieferung?<\/strong><br \/>\nA: Die Lieferzeit betr\u00e4gt je nach Standort 7\u201314 Werktage.<\/p>\n<p><strong>F: Wie kann ich meine Bestellung verfolgen?<\/strong><br \/>\nA: Nach dem Versand erhalten Sie eine Best\u00e4tigungs-E-Mail mit einer Sendungsverfolgungsnummer zur Echtzeitverfolgung.<\/p>\n<p><strong>F: Wie lauten Ihre R\u00fcckgabebedingungen?<\/strong><br \/>\nA: Wir bieten ein 30-t\u00e4giges R\u00fcckgaberecht f\u00fcr R\u00fcckerstattungen oder Umtausch. .<\/p>\n<p><strong>F: Wird es Zollprobleme geben?<br \/>\n<\/strong>Wir k\u00fcmmern uns um alle Zollabfertigungsverfahren, um Ihnen ein reibungsloses Erlebnis zu gew\u00e4hrleisten. .<\/p>\n<p><strong>F: Welche Versandarten werden verwendet?<\/strong><br \/>\nWir arbeiten mit UPS\/DHL\/FEDEX\/DPD etc. zusammen. Je nach Lieferland w\u00e4hlen wir die passende Versandoption aus, um sicherzustellen, dass Sie Ihre Produkte schnellstm\u00f6glich erhalten.<\/p>\n<p><a href=\"https:\/\/pgvape.com\/de\/faqs\/\">Klicken Sie hier f\u00fcr weitere FAQ<\/a><\/p>\n<p>Liebe Kunden, wenn Sie Fragen zu Ihrer Bestellung oder zum Wareneingang haben, wenden Sie sich bitte an unseren Kundenservice. Vielen Dank!<\/p>\n<h3 data-sourcepos=\"73:1-73:21\"><strong data-sourcepos=\"73:7-73:21\">Kontaktieren Sie uns<\/strong><\/h3>\n<div id=\"text-2419739398\" class=\"text\">\n<p><strong data-sourcepos=\"75:3-75:12\">E-Mail<\/strong>:\u00a0<a href=\"mailto:support@pgvape.com\"><strong>support@pgvape.com<\/strong><\/a><\/p>\n<p><strong data-sourcepos=\"76:3-76:15\">WhatsApp<\/strong>:\u00a0<a href=\"https:\/\/wa.me\/+8618128481258\"><strong>+86 18128481258<\/strong><\/a><br \/>\n<strong>(Antwort innerhalb von 24 Stunden an Werktagen)<\/strong><\/p>\n<\/div>\n<h3><strong>Vielen Dank, dass Sie sich f\u00fcr pgvape.com entschieden haben! .<\/strong><\/h3>\n<\/div>","protected":false},"excerpt":{"rendered":"<p><strong data-sourcepos=\"55:5-55:29\">Knall 36000 Eisniveau<\/strong> Angebote <strong data-sourcepos=\"55:37-55:64\">un\u00fcbertroffene Individualisierung<\/strong> mit <strong data-sourcepos=\"55:70-55:92\">einstellbare K\u00fchlung<\/strong>, <strong data-sourcepos=\"55:94-55:110\">36.000 Z\u00fcge<\/strong>, Und <strong data-sourcepos=\"55:116-55:138\">11 Premium-Geschmacksrichtungen<\/strong> \u2013 perfekt f\u00fcr Dampfer, die wollen <strong data-sourcepos=\"55:169-55:194\">Kontrolle und Langlebigkeit<\/strong>.<\/p>","protected":false},"featured_media":5360,"comment_status":"open","ping_status":"closed","template":"","meta":{"_seopress_robots_primary_cat":"none","_seopress_titles_title":"%%post_title%% %%sep%% %%sitetitle%%","_seopress_titles_desc":"","_seopress_robots_index":""},"product_brand":[36,516],"product_cat":[398,25,515],"product_tag":[400,429,90,430,264,204],"class_list":{"0":"post-5375","1":"product","2":"type-product","3":"status-publish","4":"has-post-thumbnail","6":"product_brand-bang-vape","7":"product_brand-disposable-vape","8":"product_cat-36k-puffs-vape","9":"product_cat-bang-vape","10":"product_cat-disposable-vape","11":"product_tag-36k-puffs-vape","12":"product_tag-bang-36000","13":"product_tag-disposable-vape","14":"product_tag-lce-level","15":"product_tag-smart-full-screen","16":"product_tag-vape-factory-direct","18":"first","19":"instock","20":"sale","21":"shipping-taxable","22":"purchasable","23":"product-type-variable"},"_links":{"self":[{"href":"https:\/\/pgvape.com\/de\/wp-json\/wp\/v2\/product\/5375","targetHints":{"allow":["GET"]}}],"collection":[{"href":"https:\/\/pgvape.com\/de\/wp-json\/wp\/v2\/product"}],"about":[{"href":"https:\/\/pgvape.com\/de\/wp-json\/wp\/v2\/types\/product"}],"replies":[{"embeddable":true,"href":"https:\/\/pgvape.com\/de\/wp-json\/wp\/v2\/comments?post=5375"}],"wp:featuredmedia":[{"embeddable":true,"href":"https:\/\/pgvape.com\/de\/wp-json\/wp\/v2\/media\/5360"}],"wp:attachment":[{"href":"https:\/\/pgvape.com\/de\/wp-json\/wp\/v2\/media?parent=5375"}],"wp:term":[{"taxonomy":"product_brand","embeddable":true,"href":"https:\/\/pgvape.com\/de\/wp-json\/wp\/v2\/product_brand?post=5375"},{"taxonomy":"product_cat","embeddable":true,"href":"https:\/\/pgvape.com\/de\/wp-json\/wp\/v2\/product_cat?post=5375"},{"taxonomy":"product_tag","embeddable":true,"href":"https:\/\/pgvape.com\/de\/wp-json\/wp\/v2\/product_tag?post=5375"}],"curies":[{"name":"wp","href":"https:\/\/api.w.org\/{rel}","templated":true}]}}