{"id":5271,"date":"2025-11-02T11:17:07","date_gmt":"2025-11-02T11:17:07","guid":{"rendered":"https:\/\/pgvape.com\/?post_type=product&#038;p=5271"},"modified":"2025-12-15T12:06:05","modified_gmt":"2025-12-15T12:06:05","slug":"vozol-neon-45000-45-000-zuge-einstellbar-4-eisstufen-einweg-vaporizer-smart-display-vapor-direkt-ab-werk","status":"publish","type":"product","link":"https:\/\/pgvape.com\/de\/produkt\/vozol-neon-45000-45-000-zuge-einstellbar-4-eisstufen-einweg-vaporizer-smart-display-vapor-direkt-ab-werk\/","title":{"rendered":"Vozol Neon 45000 45K Puffs, verstellbar, 4 Eisstufen, Einweg-Vape, Smart Display, Vape Factory Direct"},"content":{"rendered":"<p><strong><span style=\"font-size: 90%;\">Vozol Neon <\/span><\/strong><strong style=\"font-size: 14.4px;\" data-sourcepos=\"4:5-4:23\">45K<\/strong><span style=\"font-size: 14.4px;\"> Definiert das Dampfen neu <\/span><strong style=\"font-size: 14.4px;\" data-sourcepos=\"4:46-4:73\">45.000 ultralange Z\u00fcge<\/strong><span style=\"font-size: 14.4px;\">, <\/span><strong style=\"font-size: 14.4px;\" data-sourcepos=\"4:75-4:100\">Einstellbare Eisniveaus<\/strong><span style=\"font-size: 14.4px;\">, Und <\/span><strong style=\"font-size: 14.4px;\" data-sourcepos=\"4:106-4:136\">Doppelte Leistungs-\/Luftstromsteuerung<\/strong><span style=\"font-size: 14.4px;\">. <\/span><strong style=\"font-size: 14.4px;\" data-sourcepos=\"4:151-4:182\">800-mAh-Akku<\/strong><span style=\"font-size: 14.4px;\">, <\/span><strong style=\"font-size: 14.4px;\" data-sourcepos=\"4:184-4:208\">Mesh-Coil-Technologie<\/strong><span style=\"font-size: 14.4px;\">, Und <\/span><strong style=\"font-size: 14.4px;\" data-sourcepos=\"4:214-4:231\">Intelligentes Display<\/strong><span style=\"font-size: 14.4px;\">, Dieses Ger\u00e4t liefert <\/span><strong style=\"font-size: 14.4px;\" data-sourcepos=\"4:254-4:297\">Anpassbare K\u00fchl- und Geschmacksintensit\u00e4t<\/strong><span style=\"font-size: 14.4px;\"> F\u00fcr ein wirklich personalisiertes Erlebnis.<img loading=\"lazy\" decoding=\"async\" class=\"alignnone wp-image-5294 size-full\" src=\"https:\/\/pgvape.com\/wp-content\/uploads\/2025\/11\/pgvape-Vozol-Neon-45000-45K-Puffs-Adjustable-4-Ice-Level-Disposable-Vape-5.jpg\" alt=\"\" width=\"1800\" height=\"742\" srcset=\"https:\/\/pgvape.com\/wp-content\/uploads\/2025\/11\/pgvape-Vozol-Neon-45000-45K-Puffs-Adjustable-4-Ice-Level-Disposable-Vape-5.jpg 1800w, https:\/\/pgvape.com\/wp-content\/uploads\/2025\/11\/pgvape-Vozol-Neon-45000-45K-Puffs-Adjustable-4-Ice-Level-Disposable-Vape-5-555x229.jpg 555w, https:\/\/pgvape.com\/wp-content\/uploads\/2025\/11\/pgvape-Vozol-Neon-45000-45K-Puffs-Adjustable-4-Ice-Level-Disposable-Vape-5-595x245.jpg 595w, https:\/\/pgvape.com\/wp-content\/uploads\/2025\/11\/pgvape-Vozol-Neon-45000-45K-Puffs-Adjustable-4-Ice-Level-Disposable-Vape-5-400x165.jpg 400w, https:\/\/pgvape.com\/wp-content\/uploads\/2025\/11\/pgvape-Vozol-Neon-45000-45K-Puffs-Adjustable-4-Ice-Level-Disposable-Vape-5-768x317.jpg 768w, https:\/\/pgvape.com\/wp-content\/uploads\/2025\/11\/pgvape-Vozol-Neon-45000-45K-Puffs-Adjustable-4-Ice-Level-Disposable-Vape-5-1536x633.jpg 1536w, https:\/\/pgvape.com\/wp-content\/uploads\/2025\/11\/pgvape-Vozol-Neon-45000-45K-Puffs-Adjustable-4-Ice-Level-Disposable-Vape-5-18x7.jpg 18w, https:\/\/pgvape.com\/wp-content\/uploads\/2025\/11\/pgvape-Vozol-Neon-45000-45K-Puffs-Adjustable-4-Ice-Level-Disposable-Vape-5-600x247.jpg 600w, https:\/\/pgvape.com\/wp-content\/uploads\/2025\/11\/pgvape-Vozol-Neon-45000-45K-Puffs-Adjustable-4-Ice-Level-Disposable-Vape-5-60x25.jpg 60w\" sizes=\"auto, (max-width: 1800px) 100vw, 1800px\" \/><\/span><\/p>\n<p>&nbsp;<\/p>\n<h2><span style=\"font-size: 90%;\">Vozol Neon 45000 45K Puffs, verstellbar, 4 Eisstufen, Einweg-Vaporizer <strong data-sourcepos=\"10:5-10:31\">Spezifikationen<\/strong><\/span><\/h2>\n<p><strong data-sourcepos=\"7:3-7:17\">Puff Count<\/strong>:\u00a0<strong data-sourcepos=\"7:19-7:35\">45.000 Z\u00fcge<\/strong>\u00a0(Branchenf\u00fchrende Kapazit\u00e4t)<\/p>\n<p><strong data-sourcepos=\"8:3-8:15\">E-Liquid<\/strong>:\u00a0<strong data-sourcepos=\"8:17-8:31\">Vorgef\u00fcllt<\/strong>\u00a0(Genaue ML nicht angegeben)<\/p>\n<p><strong data-sourcepos=\"9:3-9:14\">Batterie<\/strong>:\u00a0<strong data-sourcepos=\"9:16-9:48\">800 mAh wiederaufladbar (Typ C)<\/strong><\/p>\n<p><strong data-sourcepos=\"10:3-10:11\">Spule<\/strong>:\u00a0<strong data-sourcepos=\"10:13-10:32\">Mesh-Technologie<\/strong>\u00a0(Verbesserter Geschmack und Dampf)<\/p>\n<p><strong data-sourcepos=\"11:3-11:15\">Nikotin<\/strong>:\u00a0<strong data-sourcepos=\"11:17-11:30\">5% (50MG)<\/strong><\/p>\n<p><strong data-sourcepos=\"12:3-12:22\">K\u00fchlsteuerung<\/strong>:\u00a0<strong data-sourcepos=\"12:24-12:51\">4 einstellbare Eisstufen<\/strong><\/p>\n<p><strong data-sourcepos=\"13:3-13:20\">Anpassung<\/strong>:\u00a0<strong data-sourcepos=\"13:22-13:61\">3 Leistungsstufen + Luftstromanpassung<\/strong><\/p>\n<p><strong data-sourcepos=\"14:3-14:14\">Anzeige<\/strong>:\u00a0<strong data-sourcepos=\"14:16-14:32\">Intelligenter Bildschirm<\/strong>\u00a0(Batterie- und E-Liquid-\u00dcberwachung)<\/p>\n<p>&nbsp;<\/p>\n<h3><span style=\"font-size: 90%;\">Vozol Neon 45000 45K Puffs, verstellbar, 4 Eisstufen, Einweg-Vaporizer <strong data-sourcepos=\"22:5-22:20\">Geschmacksliste<\/strong><\/span><\/h3>\n<p><strong data-sourcepos=\"17:4-17:25\">1. Beeren-Kirsch-Limette<\/strong><\/p>\n<p><strong data-sourcepos=\"18:4-18:18\">2.Beerenminze<\/strong><\/p>\n<p><strong data-sourcepos=\"19:4-19:21\">3.Blaues Razz-Eis<\/strong><\/p>\n<p><strong data-sourcepos=\"20:4-20:28\">4. Blaubeer-Wassermelone<\/strong><\/p>\n<p><strong data-sourcepos=\"21:4-21:19\">5. Kirsch-Cola<\/strong><\/p>\n<p><strong data-sourcepos=\"22:4-22:21\">6.Cherry Strazz<\/strong><\/p>\n<p><strong data-sourcepos=\"23:4-23:21\">7.Cranberry-Eis<\/strong><\/p>\n<p><strong data-sourcepos=\"24:4-24:34\">8.Drachenfrucht-Bananen-Kirsche<\/strong><\/p>\n<p><strong data-sourcepos=\"25:4-25:30\">9.Gefrorene Erdbeer-Kiwi<\/strong><\/p>\n<p><strong data-sourcepos=\"26:5-26:18\">10.Traubeneis<\/strong><\/p>\n<p><strong data-sourcepos=\"27:5-27:36\">11.Hawaiianisches Ananasparadies<\/strong><\/p>\n<p><strong data-sourcepos=\"28:5-28:17\">12.Liebe 777<\/strong><\/p>\n<p><strong data-sourcepos=\"29:5-29:36\">13.Litschi-Orangen-Passionsfrucht<\/strong><\/p>\n<p><strong data-sourcepos=\"30:5-30:22\">14.Jungfrauenm\u00f6rderin<\/strong><\/p>\n<p><strong data-sourcepos=\"31:5-31:18\">15.Mango-Eis<\/strong><\/p>\n<p><strong data-sourcepos=\"32:5-32:19\">16.Miami Mint<\/strong><\/p>\n<p><strong data-sourcepos=\"33:5-33:22\">17. Gemischte Beeren<\/strong><\/p>\n<p><strong data-sourcepos=\"34:5-34:18\">18.Pfirsicheis<\/strong><\/p>\n<p><strong data-sourcepos=\"35:5-35:23\">19. Saures Apfeleis<\/strong><\/p>\n<p><strong data-sourcepos=\"36:5-36:29\">20. Saure Mango-Ananas<\/strong><\/p>\n<p><strong data-sourcepos=\"37:5-37:26\">21.Erdbeerbanane<\/strong><\/p>\n<p><strong data-sourcepos=\"38:5-38:29\">22. Erdbeer-Margarita<\/strong><\/p>\n<p><strong data-sourcepos=\"39:5-39:15\">23.VZbull<\/strong><\/p>\n<p><strong data-sourcepos=\"40:5-40:23\">24. Wassermeloneneis<\/strong><\/p>\n<p><strong data-sourcepos=\"41:5-41:32\">25.Wassermelone Razz Rancher<\/strong><\/p>\n<p><strong data-sourcepos=\"42:5-42:30\">26.Wassermelonen-Sauerpfirsich<br \/>\n<img loading=\"lazy\" decoding=\"async\" class=\"alignnone wp-image-5293 size-full\" src=\"https:\/\/pgvape.com\/wp-content\/uploads\/2025\/11\/pgvape-Vozol-Neon-45000-45K-Puffs-Adjustable-4-Ice-Level-Disposable-Vape-4.jpg\" alt=\"Raster im Posterstil, das Vozol Neon 45000 Einweg-Vaporizer mit einem rissig-blauen Musterdesign in mehreren Farben zeigt, jeweils beschriftet mit einem Frucht- oder Eisgeschmack (z. B. Cranberry-Eis, Beeren-Minze, gefrorene Erdbeer-Kiwi, Mango-Eis, Kirsch-Cola, Blue Razz-Eis, Litschi-Orangen-Passionsfrucht, Drachenfrucht-Bananen-Kirsche, Trauben-Eis, saurer Apfel, Pfirsich-Eis und viele andere), Markenlogos oben und Produktspezifikationen unten (bis zu .\" width=\"1280\" height=\"1810\" srcset=\"https:\/\/pgvape.com\/wp-content\/uploads\/2025\/11\/pgvape-Vozol-Neon-45000-45K-Puffs-Adjustable-4-Ice-Level-Disposable-Vape-4.jpg 1280w, https:\/\/pgvape.com\/wp-content\/uploads\/2025\/11\/pgvape-Vozol-Neon-45000-45K-Puffs-Adjustable-4-Ice-Level-Disposable-Vape-4-255x360.jpg 255w, https:\/\/pgvape.com\/wp-content\/uploads\/2025\/11\/pgvape-Vozol-Neon-45000-45K-Puffs-Adjustable-4-Ice-Level-Disposable-Vape-4-595x841.jpg 595w, https:\/\/pgvape.com\/wp-content\/uploads\/2025\/11\/pgvape-Vozol-Neon-45000-45K-Puffs-Adjustable-4-Ice-Level-Disposable-Vape-4-283x400.jpg 283w, https:\/\/pgvape.com\/wp-content\/uploads\/2025\/11\/pgvape-Vozol-Neon-45000-45K-Puffs-Adjustable-4-Ice-Level-Disposable-Vape-4-768x1086.jpg 768w, https:\/\/pgvape.com\/wp-content\/uploads\/2025\/11\/pgvape-Vozol-Neon-45000-45K-Puffs-Adjustable-4-Ice-Level-Disposable-Vape-4-1086x1536.jpg 1086w, https:\/\/pgvape.com\/wp-content\/uploads\/2025\/11\/pgvape-Vozol-Neon-45000-45K-Puffs-Adjustable-4-Ice-Level-Disposable-Vape-4-8x12.jpg 8w, https:\/\/pgvape.com\/wp-content\/uploads\/2025\/11\/pgvape-Vozol-Neon-45000-45K-Puffs-Adjustable-4-Ice-Level-Disposable-Vape-4-600x848.jpg 600w, https:\/\/pgvape.com\/wp-content\/uploads\/2025\/11\/pgvape-Vozol-Neon-45000-45K-Puffs-Adjustable-4-Ice-Level-Disposable-Vape-4-28x40.jpg 28w\" sizes=\"auto, (max-width: 1280px) 100vw, 1280px\" \/><br \/>\n<\/strong><\/p>\n<p>&nbsp;<\/p>\n<h3><span style=\"font-size: 90%;\">Vozol Neon 45000 45K Puffs, verstellbar, 4 Eisstufen, Einweg-Vaporizer <strong>Video<\/strong>::<\/span><\/h3>\n<p>&nbsp;<\/p>\n<h2>H\u00e4ufig gestellte Fragen zu Vozol Neon 45000 45K Puffs, verstellbarer 4-Eis-Level-Einweg-Vaporizer<\/h2>\n<p data-sourcepos=\"45:1-46:78\">\u2753 <strong data-sourcepos=\"45:3-45:40\">Wie funktioniert das verstellbare Eis?<\/strong><br \/>\n\u2705 W\u00e4hlen Sie aus <strong data-sourcepos=\"46:15-46:35\">4 K\u00fchlstufen<\/strong> Zum Anpassen Ihres <strong data-sourcepos=\"46:54-46:75\">Menthol-Sensation<\/strong>.<\/p>\n<p data-sourcepos=\"48:1-49:79\">\u2753 <strong data-sourcepos=\"48:3-48:40\">Was macht 45.000 Z\u00fcge m\u00f6glich?<\/strong><br \/>\n\u2705 <strong data-sourcepos=\"49:3-49:29\">E-Liquid mit hoher Kapazit\u00e4t<\/strong> + <strong data-sourcepos=\"49:32-49:55\">Effiziente Mesh-Spule<\/strong> + <strong data-sourcepos=\"49:58-49:76\">800-mAh-Akku<\/strong>.<\/p>\n<p data-sourcepos=\"51:1-52:81\">\u2753 <strong data-sourcepos=\"51:3-51:37\">Kann ich die Dampfproduktion anpassen?<\/strong><br \/>\n\u2705 Ja! <strong data-sourcepos=\"52:8-52:26\">3 Leistungsstufen<\/strong> + <strong data-sourcepos=\"52:29-52:48\">Luftstromkontrolle<\/strong> F\u00fcr <strong data-sourcepos=\"52:53-52:78\">MTL\/DTL-Anpassung<\/strong>.<\/p>\n<p data-sourcepos=\"54:1-55:77\">\u2753 <strong data-sourcepos=\"54:3-54:30\">Ist die Anzeige hilfreich?<br \/>\n<\/strong> \u2705 Die <strong data-sourcepos=\"55:7-55:23\">Intelligenter Bildschirm<\/strong> Zeigt <strong data-sourcepos=\"55:30-55:74\">Echtzeit-Batteriestand % und verbleibende E-Fl\u00fcssigkeit<\/strong>.<\/p>\n<p data-sourcepos=\"57:1-58:82\">\u2753 <strong data-sourcepos=\"57:3-57:38\">Welche Geschmacksrichtungen sind am beliebtesten?<\/strong><br \/>\n\u2705 <strong data-sourcepos=\"58:3-58:20\">Blaues Razz-Eis<\/strong>, <strong data-sourcepos=\"58:22-58:40\">Wassermeloneneis<\/strong>, Und <strong data-sourcepos=\"58:46-58:56\">VZbull<\/strong> Sind Kundenfavoriten.<\/p>\n<p>&nbsp;<\/p>\n<h3 id=\"brxe-najhln\" class=\"brxe-heading\">H\u00e4ufig gestellte Fragen (FAQ)<\/h3>\n<div id=\"brxe-rajiac\" class=\"brxe-text\">\n<p><strong>F: Welche Zahlungsmethoden akzeptieren Sie?<\/strong><br \/>\nA: Wir akzeptieren PayPal, Stripe, Bank\u00fcberweisungen (SEPA unterst\u00fctzt), g\u00e4ngige Kreditkarten (Visa, MasterCard, American Express) und Zahlungen in Kryptow\u00e4hrung.<\/p>\n<p><strong>F: Wie lange dauert die Auftragsvorbereitung?<\/strong><br \/>\nA: Die Auftragsvorbereitung dauert 1-3 Werktage.<\/p>\n<p><strong>F: Wie lange dauert die Lieferung?<\/strong><br \/>\nA: Die Lieferzeit betr\u00e4gt je nach Standort 7\u201314 Werktage.<\/p>\n<p><strong>F: Wie kann ich meine Bestellung verfolgen?<\/strong><br \/>\nA: Nach dem Versand erhalten Sie eine Best\u00e4tigungs-E-Mail mit einer Sendungsverfolgungsnummer zur Echtzeitverfolgung.<\/p>\n<p><strong>F: Wie lauten Ihre R\u00fcckgabebedingungen?<\/strong><br \/>\nA: Wir bieten ein 30-t\u00e4giges R\u00fcckgaberecht f\u00fcr R\u00fcckerstattungen oder Umtausch. .<\/p>\n<p><strong>F: Wird es Zollprobleme geben?<br \/>\n<\/strong>Wir k\u00fcmmern uns um alle Zollabfertigungsverfahren, um Ihnen ein reibungsloses Erlebnis zu gew\u00e4hrleisten. .<\/p>\n<p><strong>F: Welche Versandarten werden verwendet?<\/strong><br \/>\nWir arbeiten mit UPS\/DHL\/FEDEX\/DPD etc. zusammen. Je nach Lieferland w\u00e4hlen wir die passende Versandoption aus, um sicherzustellen, dass Sie Ihre Produkte schnellstm\u00f6glich erhalten.<\/p>\n<p><a href=\"https:\/\/pgvape.com\/de\/faqs\/\">Klicken Sie hier f\u00fcr weitere FAQ<\/a><\/p>\n<p>Liebe Kunden, wenn Sie Fragen zu Ihrer Bestellung oder zum Wareneingang haben, wenden Sie sich bitte an unseren Kundenservice. Vielen Dank!<\/p>\n<h3 data-sourcepos=\"73:1-73:21\"><strong data-sourcepos=\"73:7-73:21\">Kontaktieren Sie uns<\/strong><\/h3>\n<div id=\"text-2419739398\" class=\"text\">\n<p><strong data-sourcepos=\"75:3-75:12\">E-Mail<\/strong>:\u00a0<a href=\"mailto:support@pgvape.com\"><strong>support@pgvape.com<\/strong><\/a><\/p>\n<p><strong data-sourcepos=\"76:3-76:15\">WhatsApp<\/strong>:\u00a0<a href=\"https:\/\/wa.me\/+8618128481258\"><strong>+86 18128481258<\/strong><\/a><br \/>\n<strong>(Antwort innerhalb von 24 Stunden an Werktagen)<\/strong><\/p>\n<\/div>\n<h3><strong>Vielen Dank, dass Sie sich f\u00fcr pgvape.com entschieden haben! .<\/strong><\/h3>\n<\/div>","protected":false},"excerpt":{"rendered":"<p><strong data-sourcepos=\"61:5-61:23\">Vozol Neon 45K<\/strong> Angebote <strong data-sourcepos=\"61:31-61:58\">Un\u00fcbertroffene Anpassung<\/strong> Mit <strong data-sourcepos=\"61:64-61:96\">Einstellbare Eis\/Leistung\/Luftstrom<\/strong>, <strong data-sourcepos=\"61:98-61:114\">45.000 Z\u00fcge<\/strong>, Und <strong data-sourcepos=\"61:120-61:134\">25 Geschmacksrichtungen<\/strong> \u2013 Perfekt f\u00fcr Dampfer mit hohen Anspr\u00fcchen <strong data-sourcepos=\"61:167-61:192\">Pr\u00e4zision und Langlebigkeit<\/strong>.<\/p>","protected":false},"featured_media":5292,"comment_status":"open","ping_status":"closed","template":"","meta":{"_seopress_robots_primary_cat":"none","_seopress_titles_title":"%%post_title%% %%sep%% %%sitetitle%%","_seopress_titles_desc":"","_seopress_robots_index":""},"product_brand":[516,411],"product_cat":[308,515,410],"product_tag":[310,426,90,203,136,204,427],"class_list":{"0":"post-5271","1":"product","2":"type-product","3":"status-publish","4":"has-post-thumbnail","6":"product_brand-disposable-vape","7":"product_brand-vozol-vape","8":"product_cat-45k-puffs-vape","9":"product_cat-disposable-vape","10":"product_cat-vozol-vape","11":"product_tag-45k-puffs-vape","12":"product_tag-adjustable-4-ice-level","13":"product_tag-disposable-vape","14":"product_tag-shipment-from-eu","15":"product_tag-smart-screen","16":"product_tag-vape-factory-direct","17":"product_tag-vozol-neon-45000","19":"first","20":"instock","21":"sale","22":"shipping-taxable","23":"purchasable","24":"product-type-variable"},"_links":{"self":[{"href":"https:\/\/pgvape.com\/de\/wp-json\/wp\/v2\/product\/5271","targetHints":{"allow":["GET"]}}],"collection":[{"href":"https:\/\/pgvape.com\/de\/wp-json\/wp\/v2\/product"}],"about":[{"href":"https:\/\/pgvape.com\/de\/wp-json\/wp\/v2\/types\/product"}],"replies":[{"embeddable":true,"href":"https:\/\/pgvape.com\/de\/wp-json\/wp\/v2\/comments?post=5271"}],"wp:featuredmedia":[{"embeddable":true,"href":"https:\/\/pgvape.com\/de\/wp-json\/wp\/v2\/media\/5292"}],"wp:attachment":[{"href":"https:\/\/pgvape.com\/de\/wp-json\/wp\/v2\/media?parent=5271"}],"wp:term":[{"taxonomy":"product_brand","embeddable":true,"href":"https:\/\/pgvape.com\/de\/wp-json\/wp\/v2\/product_brand?post=5271"},{"taxonomy":"product_cat","embeddable":true,"href":"https:\/\/pgvape.com\/de\/wp-json\/wp\/v2\/product_cat?post=5271"},{"taxonomy":"product_tag","embeddable":true,"href":"https:\/\/pgvape.com\/de\/wp-json\/wp\/v2\/product_tag?post=5271"}],"curies":[{"name":"wp","href":"https:\/\/api.w.org\/{rel}","templated":true}]}}