{"id":521,"date":"2025-07-16T11:57:14","date_gmt":"2025-07-16T11:57:14","guid":{"rendered":"https:\/\/pgvape.com\/?post_type=product&#038;p=521"},"modified":"2025-12-15T13:40:41","modified_gmt":"2025-12-15T13:40:41","slug":"bang-leader-80000-80k-puffs-3-in-1-einweg-vape-mit-drei-geschmacksrichtungen-und-wiederaufladbarem-vape-fabrikgroshandel","status":"publish","type":"product","link":"https:\/\/pgvape.com\/de\/produkt\/bang-leader-80000-80k-puffs-3-in-1-einweg-vape-mit-drei-geschmacksrichtungen-und-wiederaufladbarem-vape-fabrikgroshandel\/","title":{"rendered":"Bang Leader 80000 | 80K Puffs 3 in 1 Triple Flavours Einweg-Vape mit wiederaufladbarem | Vape Factory Gro\u00dfhandel"},"content":{"rendered":"<p><strong>Bang Leader 80000 80K Puffs Einweg-Vaporizer<\/strong> ist die ultimative Wahl f\u00fcr alle, die Abwechslung, Langlebigkeit und erstklassige Leistung suchen. .<\/p>\n<p>&nbsp;<\/p>\n<h2><span style=\"font-size: 90%;\">Produktspezifikationen:<\/span><\/h2>\n<p><strong>Puffkapazit\u00e4t:<\/strong>\u00a0Bis zu 80.000 Z\u00fcge<\/p>\n<p><strong>E-Liquid-Kapazit\u00e4t:<\/strong>\u00a078 ml vorgef\u00fcllt (3 Pods mit je 26 ml)<\/p>\n<p><strong>Spulentyp:<\/strong>\u00a01,0-\u03a9-Mesh-Spule<\/p>\n<p><strong>Batteriekapazit\u00e4t:<\/strong>\u00a0850-mAh-Akku<\/p>\n<p><strong>Ladeanschluss:<\/strong>\u00a0Typ-C-Schnellladung<\/p>\n<p><strong>Nikotinoptionen:<\/strong>\u00a00%, 2%, 3%, 5%<\/p>\n<p><strong>Geschmackssystem:<\/strong>\u00a03-in-1-Setup mit drei Geschmacksrichtungen<\/p>\n<p><strong>Verf\u00fcgbare Geschmacksrichtungen:<\/strong>\u00a012 dynamische Geschmackskombinationen<\/p>\n<p><strong>Portabilit\u00e4t:<\/strong>\u00a0Kompaktes und ergonomisches Design f\u00fcr den Einsatz unterwegs<\/p>\n<p>&nbsp;<\/p>\n<h3><span style=\"font-size: 90%;\">Bang Leader 80000 | 80K Puffs 3 in 1 Triple Flavours Einweg-Vape-Geschmacksliste:<\/span><\/h3>\n<p><strong>1. Wassermeloneneis + Erdbeere und Mango + Banane<\/strong><\/p>\n<p><strong>2.Himbeer-Mojito-Pfirsich-Eis + Erdbeer-Wassermelone-Kiwi-Passionsfrucht-Guave<\/strong><\/p>\n<p><strong>3.Erdbeere und Wassermelone + Traubeneis + Regenbogenbonbons<\/strong><\/p>\n<p><strong>4.Cola-Eis + Blaubeer-Himbeere + Pfirsich-Mango-Wassermelone<\/strong><\/p>\n<p><strong>5. Blaubeer-Wassermelone + Erdbeer-Mango + schwarze Johannisbeere<\/strong><\/p>\n<p><strong>6. Blaubeereis + Black Dragon Ice + Mango-Pfirsich<\/strong><\/p>\n<p><strong>7. Blaubeereis + Erdbeere und Banane + gemischte Beeren<\/strong><\/p>\n<p><strong>8.Red Bull + Blaubeer-Wassermelone-Apfel-Birne<\/strong><\/p>\n<p><strong>9Red Bull + Wassermelonen-Blasenbonbons + Erdbeereis<\/strong><\/p>\n<p><strong>10.Erdbeer-Kiwi + Pfirsicheis + Kirsch-Cola<\/strong><\/p>\n<p><strong>11.Kiwi Passion + Litschi-Eis + Mango-Pfirsich-Kiefer<\/strong><\/p>\n<p><strong>12.Avocado-Eis + Zitronen-Limette + Wassermelone-Himbeere<img loading=\"lazy\" decoding=\"async\" class=\"alignnone wp-image-531 size-full\" src=\"https:\/\/pgvape.com\/wp-content\/uploads\/2025\/07\/Bang-Leader-80000-80K-Puffs-3-in-1-Triple-Flavors-Disposable-Vape-With-Rechargeable-Vape-Factory-Wholesale-8.png\" alt=\"\" width=\"1900\" height=\"1900\" srcset=\"https:\/\/pgvape.com\/wp-content\/uploads\/2025\/07\/Bang-Leader-80000-80K-Puffs-3-in-1-Triple-Flavors-Disposable-Vape-With-Rechargeable-Vape-Factory-Wholesale-8.png 1900w, https:\/\/pgvape.com\/wp-content\/uploads\/2025\/07\/Bang-Leader-80000-80K-Puffs-3-in-1-Triple-Flavors-Disposable-Vape-With-Rechargeable-Vape-Factory-Wholesale-8-360x360.png 360w, https:\/\/pgvape.com\/wp-content\/uploads\/2025\/07\/Bang-Leader-80000-80K-Puffs-3-in-1-Triple-Flavors-Disposable-Vape-With-Rechargeable-Vape-Factory-Wholesale-8-595x595.png 595w, https:\/\/pgvape.com\/wp-content\/uploads\/2025\/07\/Bang-Leader-80000-80K-Puffs-3-in-1-Triple-Flavors-Disposable-Vape-With-Rechargeable-Vape-Factory-Wholesale-8-400x400.png 400w, https:\/\/pgvape.com\/wp-content\/uploads\/2025\/07\/Bang-Leader-80000-80K-Puffs-3-in-1-Triple-Flavors-Disposable-Vape-With-Rechargeable-Vape-Factory-Wholesale-8-768x768.png 768w, https:\/\/pgvape.com\/wp-content\/uploads\/2025\/07\/Bang-Leader-80000-80K-Puffs-3-in-1-Triple-Flavors-Disposable-Vape-With-Rechargeable-Vape-Factory-Wholesale-8-1536x1536.png 1536w, https:\/\/pgvape.com\/wp-content\/uploads\/2025\/07\/Bang-Leader-80000-80K-Puffs-3-in-1-Triple-Flavors-Disposable-Vape-With-Rechargeable-Vape-Factory-Wholesale-8-12x12.png 12w, https:\/\/pgvape.com\/wp-content\/uploads\/2025\/07\/Bang-Leader-80000-80K-Puffs-3-in-1-Triple-Flavors-Disposable-Vape-With-Rechargeable-Vape-Factory-Wholesale-8-300x300.png 300w, https:\/\/pgvape.com\/wp-content\/uploads\/2025\/07\/Bang-Leader-80000-80K-Puffs-3-in-1-Triple-Flavors-Disposable-Vape-With-Rechargeable-Vape-Factory-Wholesale-8-600x600.png 600w, https:\/\/pgvape.com\/wp-content\/uploads\/2025\/07\/Bang-Leader-80000-80K-Puffs-3-in-1-Triple-Flavors-Disposable-Vape-With-Rechargeable-Vape-Factory-Wholesale-8-100x100.png 100w, https:\/\/pgvape.com\/wp-content\/uploads\/2025\/07\/Bang-Leader-80000-80K-Puffs-3-in-1-Triple-Flavors-Disposable-Vape-With-Rechargeable-Vape-Factory-Wholesale-8-32x32.png 32w, https:\/\/pgvape.com\/wp-content\/uploads\/2025\/07\/Bang-Leader-80000-80K-Puffs-3-in-1-Triple-Flavors-Disposable-Vape-With-Rechargeable-Vape-Factory-Wholesale-8-40x40.png 40w\" sizes=\"auto, (max-width: 1900px) 100vw, 1900px\" \/><\/strong><\/p>\n<h3><span style=\"font-size: 90%;\">Bang Leader 80000 | 80K Puffs 3 in 1 Triple Flavours Einweg-Vape <\/span><strong>Video:<br \/>\n<iframe loading=\"lazy\" title=\"Bang Leader 80K Puffs 3 in 1 Geschmacksrichtungen Einweg-Vape mit wiederaufladbarem Vape Factory Gro\u00dfhandel pgvape\" width=\"563\" height=\"1000\" src=\"https:\/\/www.youtube.com\/embed\/-_eUSKzsdRY?feature=oembed\" frameborder=\"0\" allow=\"accelerometer; autoplay; clipboard-write; encrypted-media; gyroscope; picture-in-picture; web-share\" referrerpolicy=\"strict-origin-when-cross-origin\" allowfullscreen><\/iframe><br \/>\n<\/strong><\/h3>\n<p>&nbsp;<\/p>\n<h2><span style=\"font-size: 90%;\">H\u00e4ufig gestellte Fragen zu Bang Leader 80000 | 80K Puffs 3 in 1 Triple Flavours Einweg-Vape<\/span><\/h2>\n<p dir=\"auto\"><strong>F1: Wie viele Z\u00fcge bietet der Bang Leader 80000?<\/strong><br \/>\nA1: Bis zu 80.000 Z\u00fcge pro Ger\u00e4t, was eine lange Nutzungsdauer gew\u00e4hrleistet.<\/p>\n<p dir=\"auto\"><strong>F2: Was ist das 3-in-1-Geschmackssetup?<\/strong><br \/>\nA2: Das Ger\u00e4t enth\u00e4lt drei verschiedene Pods mit jeweils 26 ml E-Liquid, sodass Sie drei verschiedene Geschmacksrichtungen in einem Ger\u00e4t genie\u00dfen k\u00f6nnen.<\/p>\n<p dir=\"auto\"><strong>F3: Welcher Spulentyp wird im Ger\u00e4t verwendet?<\/strong><br \/>\nA3: Es verwendet eine 1,0-\u03a9-Mesh-Spule, die bei jedem Zug f\u00fcr gleichm\u00e4\u00dfigen Dampf und satten Geschmack sorgt.<\/p>\n<p dir=\"auto\"><strong>F4: Wie lange h\u00e4lt die Batterie?<\/strong><br \/>\nA4: Der wiederaufladbare 850-mAh-Akku sorgt f\u00fcr langanhaltende Leistung und die Typ-C-Schnellladung minimiert Ausfallzeiten.<\/p>\n<p dir=\"auto\"><strong>F5: Welche Geschmacksrichtungen sind verf\u00fcgbar?<\/strong><br \/>\nA5: Es stehen 12 einzigartige und aufregende Geschmackskombinationen zur Verf\u00fcgung, darunter Optionen wie Wassermeloneneis + Erdbeere und Mango + Banane.<\/p>\n<p dir=\"auto\"><strong>F6: Kann das Ger\u00e4t aufgeladen werden?<\/strong><br \/>\nA6: Ja, das Ger\u00e4t verf\u00fcgt \u00fcber einen wiederaufladbaren 850-mAh-Akku und verf\u00fcgt \u00fcber eine Schnellladefunktion vom Typ C.<\/p>\n<p dir=\"auto\"><strong>F7: Welche Nikotinst\u00e4rken sind verf\u00fcgbar?<\/strong><br \/>\nA7: Der Bang Leader 80000 ist je nach Wunsch in den Nikotinst\u00e4rken 0%, 2%, 3% und 5% erh\u00e4ltlich.<\/p>\n<p>&nbsp;<\/p>\n<h3 id=\"brxe-najhln\" class=\"brxe-heading\">H\u00e4ufig gestellte Fragen (FAQ)<\/h3>\n<div id=\"brxe-rajiac\" class=\"brxe-text\">\n<p><strong>F: Welche Zahlungsmethoden akzeptieren Sie?<\/strong><br \/>\nA: Wir akzeptieren PayPal, Stripe, Bank\u00fcberweisungen (SEPA unterst\u00fctzt), g\u00e4ngige Kreditkarten (Visa, MasterCard, American Express) und Zahlungen in Kryptow\u00e4hrung.<\/p>\n<p><strong>F: Wie lange dauert die Auftragsvorbereitung?<\/strong><br \/>\nA: Die Auftragsvorbereitung dauert 1-3 Werktage.<\/p>\n<p><strong>F: Wie lange dauert die Lieferung?<\/strong><br \/>\nA: Die Lieferzeit betr\u00e4gt je nach Standort 7\u201314 Werktage.<\/p>\n<p><strong>F: Wie kann ich meine Bestellung verfolgen?<\/strong><br \/>\nA: Nach dem Versand erhalten Sie eine Best\u00e4tigungs-E-Mail mit einer Sendungsverfolgungsnummer zur Echtzeitverfolgung.<\/p>\n<p><strong>F: Wie lauten Ihre R\u00fcckgabebedingungen?<\/strong><br \/>\nA: Wir bieten ein 30-t\u00e4giges R\u00fcckgaberecht f\u00fcr R\u00fcckerstattungen oder Umtausch. .<\/p>\n<p><strong>F: Wird es Zollprobleme geben?<br \/>\n<\/strong>Wir k\u00fcmmern uns um alle Zollabfertigungsverfahren, um Ihnen ein reibungsloses Erlebnis zu gew\u00e4hrleisten. .<\/p>\n<p><strong>F: Welche Versandarten werden verwendet?<\/strong><br \/>\nWir arbeiten mit UPS\/DHL\/FEDEX\/DPD etc. zusammen. Je nach Lieferland w\u00e4hlen wir die passende Versandoption aus, um sicherzustellen, dass Sie Ihre Produkte schnellstm\u00f6glich erhalten.<\/p>\n<p><a href=\"https:\/\/pgvape.com\/de\/faqs\/\"><span style=\"font-size: 100%;\">Klicken Sie hier f\u00fcr weitere FAQ<\/span><\/a><\/p>\n<p>Liebe Kunden, wenn Sie Fragen zu Ihrer Bestellung oder zum Wareneingang haben, wenden Sie sich bitte an unseren Kundenservice. Vielen Dank!<\/p>\n<h3 data-sourcepos=\"73:1-73:21\"><span style=\"font-size: 90%;\"><strong data-sourcepos=\"73:7-73:21\">Kontaktieren Sie uns<\/strong><\/span><\/h3>\n<div id=\"text-2419739398\" class=\"text\">\n<p><strong data-sourcepos=\"75:3-75:12\">E-Mail<\/strong>:\u00a0<a href=\"mailto:support@pgvape.com\"><strong>support@pgvape.com<\/strong><\/a><\/p>\n<p><strong data-sourcepos=\"76:3-76:15\">WhatsApp<\/strong>: <a href=\"https:\/\/wa.me\/+8618128481258\"><strong>+86 18128481258<\/strong><\/a><br \/>\n<strong>(Antwort innerhalb von 24 Stunden an Werktagen)<\/strong><\/p>\n<\/div>\n<h3><strong><span style=\"font-size: 80%;\">Vielen Dank, dass Sie sich f\u00fcr pgvape.com entschieden haben! .<\/span><\/strong><\/h3>\n<\/div>","protected":false},"excerpt":{"rendered":"<p><strong>Bang Leader 80000 Einweg-Vaporizer<\/strong> liefert bis zu <strong>80.000 Z\u00fcge<\/strong> und a <strong>3-in-1-Dreifachgeschmack<\/strong> Erfahrung. <strong>78 ml vorgef\u00fclltes E-Liquid<\/strong>, A <strong>1,0-\u03a9-Mesh-Spule<\/strong>, <strong>850 mAh wiederaufladbar<\/strong> Batterie und <strong>Typ-C<\/strong> Schnelles Aufladen sorgt f\u00fcr gleichm\u00e4\u00dfigen, satten Dampf und l\u00e4ngere Nutzung.<strong>0%, 2%, 3%, 5%<\/strong>) f\u00fcr ein personalisiertes Dampferlebnis.<\/p>","protected":false},"featured_media":524,"comment_status":"open","ping_status":"closed","template":"","meta":{"_seopress_robots_primary_cat":"none","_seopress_titles_title":"","_seopress_titles_desc":"","_seopress_robots_index":""},"product_brand":[54,516],"product_cat":[41,32,515],"product_tag":[56,44,45,55,490],"class_list":{"0":"post-521","1":"product","2":"type-product","3":"status-publish","4":"has-post-thumbnail","6":"product_brand-bang-leader-vape","7":"product_brand-disposable-vape","8":"product_cat-80k-puffs-vape","9":"product_cat-bang-leader-vape","10":"product_cat-disposable-vape","11":"product_tag-3-in-1-triple-flavors","12":"product_tag-80k-puffs","13":"product_tag-80k-vape","14":"product_tag-bang-leader-80000","15":"product_tag-minimum-2-pieces","17":"first","18":"instock","19":"sale","20":"shipping-taxable","21":"purchasable","22":"product-type-variable"},"_links":{"self":[{"href":"https:\/\/pgvape.com\/de\/wp-json\/wp\/v2\/product\/521","targetHints":{"allow":["GET"]}}],"collection":[{"href":"https:\/\/pgvape.com\/de\/wp-json\/wp\/v2\/product"}],"about":[{"href":"https:\/\/pgvape.com\/de\/wp-json\/wp\/v2\/types\/product"}],"replies":[{"embeddable":true,"href":"https:\/\/pgvape.com\/de\/wp-json\/wp\/v2\/comments?post=521"}],"wp:featuredmedia":[{"embeddable":true,"href":"https:\/\/pgvape.com\/de\/wp-json\/wp\/v2\/media\/524"}],"wp:attachment":[{"href":"https:\/\/pgvape.com\/de\/wp-json\/wp\/v2\/media?parent=521"}],"wp:term":[{"taxonomy":"product_brand","embeddable":true,"href":"https:\/\/pgvape.com\/de\/wp-json\/wp\/v2\/product_brand?post=521"},{"taxonomy":"product_cat","embeddable":true,"href":"https:\/\/pgvape.com\/de\/wp-json\/wp\/v2\/product_cat?post=521"},{"taxonomy":"product_tag","embeddable":true,"href":"https:\/\/pgvape.com\/de\/wp-json\/wp\/v2\/product_tag?post=521"}],"curies":[{"name":"wp","href":"https:\/\/api.w.org\/{rel}","templated":true}]}}