{"id":5086,"date":"2025-11-02T05:03:19","date_gmt":"2025-11-02T05:03:19","guid":{"rendered":"https:\/\/pgvape.com\/?post_type=product&#038;p=5086"},"modified":"2026-01-27T07:58:26","modified_gmt":"2026-01-27T07:58:26","slug":"vozol-star-40000-40k-puffs-dual-mode-einweg-vape-gebogener-led-bildschirm-direkt-ab-werk","status":"publish","type":"product","link":"https:\/\/pgvape.com\/de\/produkt\/vozol-star-40000-40k-puffs-dual-mode-einweg-vape-gebogener-led-bildschirm-direkt-ab-werk\/","title":{"rendered":"Vozol Star 40000 40K Puffs Dual Mode Einweg-Vape, gebogener LED-Bildschirm, direkt ab Werk"},"content":{"rendered":"<p><strong data-sourcepos=\"8:5-8:39\">Vozol Star 40K Einweg-Vaporizer<\/strong> ist das <strong data-sourcepos=\"8:47-8:93\">ultimative Gro\u00dfhandelswahl f\u00fcr EU-Lieferanten<\/strong>, Angebot <strong data-sourcepos=\"8:104-8:120\">40.000 Z\u00fcge<\/strong> (Eco-Modus) und <strong data-sourcepos=\"8:136-8:152\">20.000 Z\u00fcge<\/strong> (Power-Modus). <strong data-sourcepos=\"8:180-8:212\">1000-mAh-Akku<\/strong> mit <strong data-sourcepos=\"8:218-8:242\">Typ-C-Schnellladung<\/strong>, es verf\u00fcgt <strong data-sourcepos=\"8:256-8:275\">Dual-Mesh-Spulen<\/strong> mit <strong data-sourcepos=\"8:281-8:300\">VAMT-Technologie<\/strong> f\u00fcr <strong data-sourcepos=\"8:305-8:323\">intensiver Geschmack<\/strong> Und <strong data-sourcepos=\"8:328-8:344\">glatter Dampf<\/strong>. <strong data-sourcepos=\"8:350-8:372\">einstellbarer Luftstrom<\/strong> Und <strong data-sourcepos=\"8:377-8:403\">wellenf\u00f6rmig gebogener LED-Bildschirm<\/strong> (Anzeige von Akku, Anzahl der Z\u00fcge und Modus) Machen Sie es zu einem <strong data-sourcepos=\"8:454-8:480\">meistverkaufter Einwegartikel<\/strong> f\u00fcr Einzelh\u00e4ndler.<img loading=\"lazy\" decoding=\"async\" class=\"alignnone wp-image-5114 size-full\" src=\"https:\/\/pgvape.com\/wp-content\/uploads\/2025\/11\/pgvape-Vozol-Star-40000-Puffs-Dual-Mode-Disposable-Vape-8.jpg\" alt=\"Reihe farbenfroher Vozol Star 40000-Handger\u00e4te mit markanten vertikalen, wellenf\u00f6rmigen, beleuchteten Bildschirmen und Schlaufengriffen, reflektiert auf einer welligen, wasser\u00e4hnlichen Oberfl\u00e4che vor einem futuristischen blauen, wellenf\u00f6rmigen architektonischen Hintergrund und einer gro\u00dfen \u00dcberschrift mit der Aufschrift \u201cDer erste wellenf\u00f6rmige Bildschirm aller Zeiten\u201d.\" width=\"1800\" height=\"899\" srcset=\"https:\/\/pgvape.com\/wp-content\/uploads\/2025\/11\/pgvape-Vozol-Star-40000-Puffs-Dual-Mode-Disposable-Vape-8.jpg 1800w, https:\/\/pgvape.com\/wp-content\/uploads\/2025\/11\/pgvape-Vozol-Star-40000-Puffs-Dual-Mode-Disposable-Vape-8-555x277.jpg 555w, https:\/\/pgvape.com\/wp-content\/uploads\/2025\/11\/pgvape-Vozol-Star-40000-Puffs-Dual-Mode-Disposable-Vape-8-595x297.jpg 595w, https:\/\/pgvape.com\/wp-content\/uploads\/2025\/11\/pgvape-Vozol-Star-40000-Puffs-Dual-Mode-Disposable-Vape-8-400x200.jpg 400w, https:\/\/pgvape.com\/wp-content\/uploads\/2025\/11\/pgvape-Vozol-Star-40000-Puffs-Dual-Mode-Disposable-Vape-8-768x384.jpg 768w, https:\/\/pgvape.com\/wp-content\/uploads\/2025\/11\/pgvape-Vozol-Star-40000-Puffs-Dual-Mode-Disposable-Vape-8-1536x767.jpg 1536w, https:\/\/pgvape.com\/wp-content\/uploads\/2025\/11\/pgvape-Vozol-Star-40000-Puffs-Dual-Mode-Disposable-Vape-8-18x9.jpg 18w, https:\/\/pgvape.com\/wp-content\/uploads\/2025\/11\/pgvape-Vozol-Star-40000-Puffs-Dual-Mode-Disposable-Vape-8-600x300.jpg 600w, https:\/\/pgvape.com\/wp-content\/uploads\/2025\/11\/pgvape-Vozol-Star-40000-Puffs-Dual-Mode-Disposable-Vape-8-60x30.jpg 60w\" sizes=\"auto, (max-width: 1800px) 100vw, 1800px\" \/><\/p>\n<p>&nbsp;<\/p>\n<h2><span style=\"font-size: 90%;\">Vozol Star 40000 Puffs Dual-Mode-Einweg-Vaporizer <strong data-sourcepos=\"10:5-10:31\">Spezifikationen<\/strong><\/span><\/h2>\n<p><strong data-sourcepos=\"18:3-18:17\">Puff Count<\/strong>:\u00a0<strong data-sourcepos=\"18:19-18:40\">40.000 (Eco-Modus)<\/strong>\u00a0\/\u00a0<strong data-sourcepos=\"18:43-18:66\">20.000 (Power-Modus)<\/strong><\/p>\n<p><strong data-sourcepos=\"19:3-19:14\">Batterie<\/strong>:\u00a0<strong data-sourcepos=\"19:16-19:40\">1000 mAh wiederaufladbar<\/strong>\u00a0(<strong data-sourcepos=\"19:42-19:66\">Typ-C-Schnellladung<\/strong>)<\/p>\n<p><strong data-sourcepos=\"20:3-20:11\">Spule<\/strong>:\u00a0<strong data-sourcepos=\"20:13-20:39\">Dual Mesh mit VAMT-Technologie<\/strong>\u00a0(Verbesserter Geschmack und Dampf)<\/p>\n<p><strong data-sourcepos=\"21:3-21:14\">Luftstrom<\/strong>:\u00a0<strong data-sourcepos=\"21:16-21:30\">Einstellbar<\/strong>\u00a0(MTL\/DTL-Anpassung)<\/p>\n<p><strong data-sourcepos=\"22:3-22:14\">Anzeige<\/strong>:\u00a0<strong data-sourcepos=\"22:16-22:37\">Gebogener LED-Bildschirm<\/strong>\u00a0(Batterie %, Puff Count, Modus)<\/p>\n<p><strong data-sourcepos=\"23:3-23:15\">Nikotin<\/strong>:\u00a0<strong data-sourcepos=\"23:17-23:30\">5% (50MG)<\/strong>\u00a0oder\u00a0<strong data-sourcepos=\"23:34-23:47\">2% (20MG)<\/strong><\/p>\n<p><strong data-sourcepos=\"24:3-24:14\">Aromen<\/strong>:\u00a0<strong data-sourcepos=\"24:16-24:38\">25 Premium-Optionen<\/strong>\u00a0(Fruchtig, Menthol, Dessert)<\/p>\n<p>&nbsp;<\/p>\n<h3><span style=\"font-size: 90%;\">Vozol Star 40000 Puffs Dual-Mode-Einweg-Vaporizer <strong data-sourcepos=\"22:5-22:20\">Geschmacksliste<\/strong><\/span><\/h3>\n<p><strong data-sourcepos=\"29:4-29:21\">1.Blaues Razz-Eis<\/strong><\/p>\n<p><strong data-sourcepos=\"30:4-30:21\">2. Blaubeereis<\/strong><\/p>\n<p><strong data-sourcepos=\"31:4-31:22\">3. Blaubeerminze<\/strong><\/p>\n<p><strong data-sourcepos=\"32:4-32:28\">4. Blaubeer-Wassermelone<\/strong><\/p>\n<p><strong data-sourcepos=\"33:4-33:36\">5. Cherimoya-Grapefruitbeeren<\/strong><\/p>\n<p><strong data-sourcepos=\"34:4-34:19\">6.Cherry Cola<\/strong><\/p>\n<p><strong data-sourcepos=\"35:4-35:17\">7.K\u00fchle Minze<\/strong><\/p>\n<p><strong data-sourcepos=\"36:4-36:17\">8. Traubeneis<\/strong><\/p>\n<p><strong data-sourcepos=\"37:4-37:17\">9.Mango-Eis<\/strong><\/p>\n<p><strong data-sourcepos=\"38:5-38:20\">10.Mango-Pfirsich<\/strong><\/p>\n<p><strong data-sourcepos=\"39:5-39:18\">11.Melonengummi<\/strong><\/p>\n<p><strong data-sourcepos=\"40:5-40:18\">12.Meloneneis<\/strong><\/p>\n<p><strong data-sourcepos=\"41:5-41:18\">13.Pfirsicheis<\/strong><\/p>\n<p><strong data-sourcepos=\"42:5-42:23\">14. Saures Apfeleis<\/strong><\/p>\n<p><strong data-sourcepos=\"43:5-43:23\">15. Erdbeereis<\/strong><\/p>\n<p><strong data-sourcepos=\"44:5-44:24\">16.Erdbeer-Kiwi<\/strong><\/p>\n<p><strong data-sourcepos=\"45:5-45:30\">17.Erdbeer-Wassermelone<\/strong><\/p>\n<p><strong data-sourcepos=\"46:5-46:25\">18.Erdmelonenpfirsich<\/strong><\/p>\n<p><strong data-sourcepos=\"47:5-47:23\">19.Tabak<\/strong><\/p>\n<p><strong data-sourcepos=\"48:5-48:15\">20.Vzbull<\/strong>\u00a0(Energy-Drink)<\/p>\n<p><strong data-sourcepos=\"49:5-49:30\">21. Wassermelonen-Kaugummi<\/strong><\/p>\n<p><strong data-sourcepos=\"50:5-50:37\">22. Wassermelonen-Traube Boysenberry<\/strong><\/p>\n<p><strong data-sourcepos=\"51:5-51:23\">23. Wassermeloneneis<\/strong><\/p>\n<p><strong data-sourcepos=\"52:5-52:30\">24.Wassermelonen-Sauerpfirsich<\/strong><\/p>\n<p><strong data-sourcepos=\"53:5-53:30\">25.Wei\u00dfe Pfirsich-Himbeere<img loading=\"lazy\" decoding=\"async\" class=\"alignnone wp-image-5112 size-full\" src=\"https:\/\/pgvape.com\/wp-content\/uploads\/2025\/11\/pgvape-Vozol-Star-40000-Puffs-Dual-Mode-Disposable-Vape-6.jpg\" alt=\"Werbeplakat f\u00fcr VOZOL STAR 40000 Einweg-Vaporger\u00e4te mit Reihen wei\u00dfer rechteckiger Ger\u00e4te mit farbigen Mundst\u00fccken und Geschmacksbezeichnungen (z. B. Wassermelonen-Eis, Trauben-Eis, Mango-Eis, Pfirsich-Eis, Erdbeer-Eis, saurer Apfel, Blaubeer-Eis, k\u00fchle Minze, Kirsch-Cola, Tabak, Melonengummi) und Top-Spezifikationen mit der Aufschrift \u201eGewellter, gebogener Bildschirm, Dual-Mesh-Spule, 40.000\/25.000 Z\u00fcge\u201c, .\" width=\"1800\" height=\"873\" srcset=\"https:\/\/pgvape.com\/wp-content\/uploads\/2025\/11\/pgvape-Vozol-Star-40000-Puffs-Dual-Mode-Disposable-Vape-6.jpg 1800w, https:\/\/pgvape.com\/wp-content\/uploads\/2025\/11\/pgvape-Vozol-Star-40000-Puffs-Dual-Mode-Disposable-Vape-6-555x269.jpg 555w, https:\/\/pgvape.com\/wp-content\/uploads\/2025\/11\/pgvape-Vozol-Star-40000-Puffs-Dual-Mode-Disposable-Vape-6-595x289.jpg 595w, https:\/\/pgvape.com\/wp-content\/uploads\/2025\/11\/pgvape-Vozol-Star-40000-Puffs-Dual-Mode-Disposable-Vape-6-400x194.jpg 400w, https:\/\/pgvape.com\/wp-content\/uploads\/2025\/11\/pgvape-Vozol-Star-40000-Puffs-Dual-Mode-Disposable-Vape-6-768x372.jpg 768w, https:\/\/pgvape.com\/wp-content\/uploads\/2025\/11\/pgvape-Vozol-Star-40000-Puffs-Dual-Mode-Disposable-Vape-6-1536x745.jpg 1536w, https:\/\/pgvape.com\/wp-content\/uploads\/2025\/11\/pgvape-Vozol-Star-40000-Puffs-Dual-Mode-Disposable-Vape-6-18x9.jpg 18w, https:\/\/pgvape.com\/wp-content\/uploads\/2025\/11\/pgvape-Vozol-Star-40000-Puffs-Dual-Mode-Disposable-Vape-6-600x291.jpg 600w, https:\/\/pgvape.com\/wp-content\/uploads\/2025\/11\/pgvape-Vozol-Star-40000-Puffs-Dual-Mode-Disposable-Vape-6-60x29.jpg 60w\" sizes=\"auto, (max-width: 1800px) 100vw, 1800px\" \/><\/strong><\/p>\n<p>&nbsp;<\/p>\n<h3><span style=\"font-size: 90%;\">Vozol Star 40000 Puffs Dual-Mode-Einweg-Vaporizer <strong>Video<\/strong>::<\/span><\/h3>\n<p>&nbsp;<\/p>\n<h2>H\u00e4ufig gestellte Fragen zu Vozol Star 40000 Puffs Dual Mode Einweg-Vaporizer<\/h2>\n<p data-sourcepos=\"58:1-61:72\">\u2753 <strong data-sourcepos=\"58:3-58:35\">Warum sollte ich dies f\u00fcr meinen Shop w\u00e4hlen?<\/strong><br \/>\n\u2705 <strong data-sourcepos=\"59:3-59:26\">Hohe Gewinnmargen<\/strong> \u2013 Langlebige Einwegartikel = Stammkunden<br \/>\n\u2705 <strong data-sourcepos=\"60:3-60:27\">EU-Lagerbestand = keine Verz\u00f6gerungen<\/strong> \u2013 Vermeiden Sie Einfuhrz\u00f6lle und Versandprobleme<br \/>\n\u2705 <strong data-sourcepos=\"61:3-61:17\">25 Geschmacksrichtungen<\/strong> verschiedene K\u00e4ufer anziehen (Frucht-, Eis- und Dessertliebhaber)<\/p>\n<p data-sourcepos=\"63:1-64:91\">\u2753 <strong data-sourcepos=\"63:3-63:40\">Wie verbessert VAMT-Technologie den Umsatz?<br \/>\n<\/strong> \u2705 <strong data-sourcepos=\"64:3-64:42\">Dual-Mesh-Spulen + optimierte Heizung<\/strong> = <strong data-sourcepos=\"64:45-64:74\">30% mehr Geschmackserhaltung<\/strong> gegen Konkurrenten<\/p>\n<p data-sourcepos=\"66:1-67:73\">\u2753 <strong data-sourcepos=\"66:3-66:36\">Hilft das gebogene Display?<br \/>\n<\/strong> \u2705 Kunden lieben das <strong data-sourcepos=\"67:22-67:38\">Premium-Look<\/strong> Und <strong data-sourcepos=\"67:43-67:71\">Echtzeit-Nutzungsverfolgung<\/strong><\/p>\n<p data-sourcepos=\"69:1-70:80\">\u2753 <strong data-sourcepos=\"69:3-69:34\">Welche Geschmacksrichtungen verkaufen sich am schnellsten?<br \/>\n<\/strong> \u2705 <strong data-sourcepos=\"70:3-70:20\">Top 3 Verk\u00e4ufer<\/strong>: <strong data-sourcepos=\"70:22-70:39\">Blaues Razz-Eis<\/strong>, <strong data-sourcepos=\"70:41-70:66\">Erdbeer-Wassermelone<\/strong>, <strong data-sourcepos=\"70:68-70:78\">Vzbull<\/strong><\/p>\n<p>&nbsp;<\/p>\n<h3 id=\"brxe-najhln\" class=\"brxe-heading\">H\u00e4ufig gestellte Fragen (FAQ)<\/h3>\n<div id=\"brxe-rajiac\" class=\"brxe-text\">\n<p><strong>F: Welche Zahlungsmethoden akzeptieren Sie?<\/strong><br \/>\nA: Wir akzeptieren PayPal, Stripe, Bank\u00fcberweisungen (SEPA unterst\u00fctzt), g\u00e4ngige Kreditkarten (Visa, MasterCard, American Express) und Zahlungen in Kryptow\u00e4hrung.<\/p>\n<p><strong>F: Wie lange dauert die Auftragsvorbereitung?<\/strong><br \/>\nA: Die Auftragsvorbereitung dauert 1-3 Werktage.<\/p>\n<p><strong>F: Wie lange dauert die Lieferung?<\/strong><br \/>\nA: Die Lieferzeit betr\u00e4gt je nach Standort 7\u201314 Werktage.<\/p>\n<p><strong>F: Wie kann ich meine Bestellung verfolgen?<\/strong><br \/>\nA: Nach dem Versand erhalten Sie eine Best\u00e4tigungs-E-Mail mit einer Sendungsverfolgungsnummer zur Echtzeitverfolgung.<\/p>\n<p><strong>F: Wie lauten Ihre R\u00fcckgabebedingungen?<\/strong><br \/>\nA: Wir bieten ein 30-t\u00e4giges R\u00fcckgaberecht f\u00fcr R\u00fcckerstattungen oder Umtausch. .<\/p>\n<p><strong>F: Wird es Zollprobleme geben?<br \/>\n<\/strong>Wir k\u00fcmmern uns um alle Zollabfertigungsverfahren, um Ihnen ein reibungsloses Erlebnis zu gew\u00e4hrleisten. .<\/p>\n<p><strong>F: Welche Versandarten werden verwendet?<\/strong><br \/>\nWir arbeiten mit UPS\/DHL\/FEDEX\/DPD etc. zusammen. Je nach Lieferland w\u00e4hlen wir die passende Versandoption aus, um sicherzustellen, dass Sie Ihre Produkte schnellstm\u00f6glich erhalten.<\/p>\n<p><a href=\"https:\/\/pgvape.com\/de\/faqs\/\">Klicken Sie hier f\u00fcr weitere FAQ<\/a><\/p>\n<p>Liebe Kunden, wenn Sie Fragen zu Ihrer Bestellung oder zum Wareneingang haben, wenden Sie sich bitte an unseren Kundenservice. Vielen Dank!<\/p>\n<h3 data-sourcepos=\"73:1-73:21\"><strong data-sourcepos=\"73:7-73:21\">Kontaktieren Sie uns<\/strong><\/h3>\n<div id=\"text-2419739398\" class=\"text\">\n<p><strong data-sourcepos=\"75:3-75:12\">E-Mail<\/strong>:\u00a0<a href=\"mailto:support@pgvape.com\"><strong>support@pgvape.com<\/strong><\/a><\/p>\n<p><strong data-sourcepos=\"76:3-76:15\">WhatsApp<\/strong>:\u00a0<a href=\"https:\/\/wa.me\/+8618128481258\"><strong>+86 18128481258<\/strong><\/a><br \/>\n<strong>(Antwort innerhalb von 24 Stunden an Werktagen)<\/strong><\/p>\n<\/div>\n<h3><strong>Vielen Dank, dass Sie sich f\u00fcr pgvape.com entschieden haben! .<\/strong><\/h3>\n<\/div>","protected":false},"excerpt":{"rendered":"<p data-sourcepos=\"75:1-75:221\"><strong data-sourcepos=\"75:5-75:23\">Vozol Star 40K<\/strong> ist ein <strong data-sourcepos=\"75:29-75:53\">Gro\u00dfhandels-Kraftpaket<\/strong>, kombinieren <strong data-sourcepos=\"75:65-75:78\">40.000 Z\u00fcge<\/strong>, <strong data-sourcepos=\"75:80-75:105\">Dual-Mesh-Geschmackstechnologie<\/strong>, Und <strong data-sourcepos=\"75:111-75:134\">25 Geschmackssorten<\/strong> in einem eleganten, wiederaufladbaren Einwegartikel. <strong data-sourcepos=\"75:172-75:219\">EU-Lagerbestand = schnelle Lieferung und gl\u00fcckliche Einzelh\u00e4ndler!<\/strong><\/p>","protected":false},"featured_media":5107,"comment_status":"open","ping_status":"closed","template":"","meta":{"_seopress_robots_primary_cat":"none","_seopress_titles_title":"%%post_title%% %%sep%% %%sitetitle%%","_seopress_titles_desc":"","_seopress_robots_index":""},"product_brand":[516,411],"product_cat":[103,515,410],"product_tag":[413,416,90,415,203,204,414],"class_list":{"0":"post-5086","1":"product","2":"type-product","3":"status-publish","4":"has-post-thumbnail","6":"product_brand-disposable-vape","7":"product_brand-vozol-vape","8":"product_cat-40k-puffs-vape","9":"product_cat-disposable-vape","10":"product_cat-vozol-vape","11":"product_tag-40k-puffs-vape","12":"product_tag-curved-led-screen","13":"product_tag-disposable-vape","14":"product_tag-dual-mode","15":"product_tag-shipment-from-eu","16":"product_tag-vape-factory-direct","17":"product_tag-vozol-star-40000","19":"first","20":"instock","21":"sale","22":"shipping-taxable","23":"purchasable","24":"product-type-variable"},"_links":{"self":[{"href":"https:\/\/pgvape.com\/de\/wp-json\/wp\/v2\/product\/5086","targetHints":{"allow":["GET"]}}],"collection":[{"href":"https:\/\/pgvape.com\/de\/wp-json\/wp\/v2\/product"}],"about":[{"href":"https:\/\/pgvape.com\/de\/wp-json\/wp\/v2\/types\/product"}],"replies":[{"embeddable":true,"href":"https:\/\/pgvape.com\/de\/wp-json\/wp\/v2\/comments?post=5086"}],"wp:featuredmedia":[{"embeddable":true,"href":"https:\/\/pgvape.com\/de\/wp-json\/wp\/v2\/media\/5107"}],"wp:attachment":[{"href":"https:\/\/pgvape.com\/de\/wp-json\/wp\/v2\/media?parent=5086"}],"wp:term":[{"taxonomy":"product_brand","embeddable":true,"href":"https:\/\/pgvape.com\/de\/wp-json\/wp\/v2\/product_brand?post=5086"},{"taxonomy":"product_cat","embeddable":true,"href":"https:\/\/pgvape.com\/de\/wp-json\/wp\/v2\/product_cat?post=5086"},{"taxonomy":"product_tag","embeddable":true,"href":"https:\/\/pgvape.com\/de\/wp-json\/wp\/v2\/product_tag?post=5086"}],"curies":[{"name":"wp","href":"https:\/\/api.w.org\/{rel}","templated":true}]}}