{"id":483,"date":"2025-07-16T09:48:06","date_gmt":"2025-07-16T09:48:06","guid":{"rendered":"https:\/\/pgvape.com\/?post_type=product&#038;p=483"},"modified":"2025-12-15T13:41:12","modified_gmt":"2025-12-15T13:41:12","slug":"bang-blaze-60-000-60-000-puffs-4-in-1-geschmacksrichtungen-einweg-vape-mit-digitalem-bildschirm-vape-fabrik-im-groshandel","status":"publish","type":"product","link":"https:\/\/pgvape.com\/de\/produkt\/bang-blaze-60-000-60-000-puffs-4-in-1-geschmacksrichtungen-einweg-vape-mit-digitalem-bildschirm-vape-fabrik-im-groshandel\/","title":{"rendered":"Bang Blaze 60000 | 60k Puffs 4 in 1 Geschmacksrichtungen Einweg-Vape mit digitalem Bildschirm | Vape Factory Gro\u00dfhandel"},"content":{"rendered":"<p><strong>Bang Blaze 60000 Einweg-Vaporizer<\/strong> Pen definiert Vielseitigkeit neu <strong>4-in-1-Geschmack<\/strong> Modus, mit dem Sie m\u00fchelos zwischen vier einzigartigen Geschmacksrichtungen wechseln k\u00f6nnen. <strong>60 ml vorgef\u00fclltes E-Liquid<\/strong> Kapazit\u00e4t, es liefert bis zu <strong>60.000 Z\u00fcge<\/strong> f\u00fcr l\u00e4ngeren Genuss ohne h\u00e4ufiges Nachf\u00fcllen. <strong>1,0-\u03a9-Mesh-Spule<\/strong> sorgt f\u00fcr sanften, satten Dampf und pr\u00e4zisen Geschmack.<strong>0%, 2%, 3%, 5%<\/strong>) richten sich sowohl an Anf\u00e4nger als auch an erfahrene Dampfer. <strong>650 mAh wiederaufladbar<\/strong> Batterie mit schnell <strong>Typ-C<\/strong> Dieses elegante Ger\u00e4t l\u00e4dt auf und verf\u00fcgt \u00fcber einen intelligenten digitalen Bildschirm zur Batterie- und Fl\u00fcssigkeits\u00fcberwachung in Echtzeit. Es bietet ein anpassbares, erstklassiges Dampferlebnis mit 12 aufregenden Geschmackskombinationen.<\/p>\n<p>&nbsp;<\/p>\n<h2><span style=\"font-size: 90%;\">Produktspezifikationen:<\/span><\/h2>\n<p><strong>Puffkapazit\u00e4t:<\/strong>\u00a0Bis zu 60.000 Z\u00fcge<\/p>\n<p><strong>E-Liquid-Kapazit\u00e4t:<\/strong>\u00a060 ml vorgef\u00fcllter Tank<\/p>\n<p><strong>Spulentyp:<\/strong>\u00a01,0-\u03a9-Mesh-Spule<\/p>\n<p><strong>Batterie:<\/strong>\u00a0650-mAh-Akku<\/p>\n<p><strong>Ladeanschluss:<\/strong>\u00a0Typ-C-Schnellladung<\/p>\n<p><strong>Nikotinst\u00e4rken:<\/strong>\u00a00%, 2%, 3%, 5%<\/p>\n<p><strong>Anzeige:<\/strong>\u00a0Intelligenter digitaler Bildschirm f\u00fcr Batterie- und E-Liquid-F\u00fcllstand<\/p>\n<p><strong>Geschmackssystem:<\/strong>\u00a04-in-1-Geschmacksmodus (Wechsel zwischen vier Geschmacksrichtungen)<\/p>\n<p><strong>Abmessungen:<\/strong>\u00a0Kompaktes und tragbares Design<\/p>\n<p><strong>Geschmacksoptionen:<\/strong>\u00a012 erstklassige Geschmackskombinationen<\/p>\n<p>&nbsp;<\/p>\n<h3><span style=\"font-size: 90%;\">Bang Blaze 60000 | 60k Puffs 4 in 1 Geschmacksrichtungen Einweg-Vape-Geschmacksliste:<\/span><\/h3>\n<p>1.Watermelon Ice &amp; Blueberry Mint &amp; Fuji Ice &amp; Lime Romance<\/p>\n<p>2.Wassermeloneneis &amp; Blaubeerkirsche &amp; Sommerzeit &amp; Saure Mango-Ananas<\/p>\n<p>3. Blaubeereis &amp; Pfirsicheis &amp; Regenbogenbonbons &amp; Zitronen-Sauer-Orange<\/p>\n<p>4. Blaubeereis &amp; Pfirsich-Mango-Wassermelone &amp; Passion Kiss &amp; Melone Apple<\/p>\n<p>5. Blaubeere, Himbeere und gemischte Beere, kalifornische Kirsche und Passionsfrucht-Mango<\/p>\n<p>6. Blaubeer-Himbeer-Trauben-Eis &amp; Beeren-Eis &amp; Aloe-Mango-Melone<\/p>\n<p>7.Energy Drink &amp; Erdbeer-Banane &amp; Mango-Pfirsich-Aprikose &amp; Passionsfrucht-Kiwi-Limette<\/p>\n<p>8.Energy Drink &amp; Blaubeer-Wassermelone &amp; saurer Apfel, Himbeere &amp; Gummib\u00e4rchen<\/p>\n<p>9.Erdbeer-Mango- und Wassermelonen-Kaugummi und roter Mojito und Love66<\/p>\n<p>10.Erdbeer-Mango &amp; Erdbeer-Kiwi &amp; Apfel-Traube &amp; Wassermelone-Drachenfrucht<\/p>\n<p>11.Erdbeer-Wassermelone &amp; Schwarzes Eis &amp; Dreizehn Melone &amp; Cranberry-Traube<\/p>\n<p>12.Erdbeer-Wassermelone &amp; Kiwi-Passionsfrucht-Guave &amp; Mango-Eis &amp; Wassermelone-Sauer-Pfirsich<\/p>\n<p><img loading=\"lazy\" decoding=\"async\" class=\"alignnone wp-image-502 size-full\" src=\"https:\/\/pgvape.com\/wp-content\/uploads\/2025\/07\/Bang-Blaze-60000-60k-Puffs-4-in-1-Flavors-Disposable-Vape-With-Digital-Screen-Vape-Factory-Wholesale-14.png\" alt=\"\" width=\"2000\" height=\"1000\" srcset=\"https:\/\/pgvape.com\/wp-content\/uploads\/2025\/07\/Bang-Blaze-60000-60k-Puffs-4-in-1-Flavors-Disposable-Vape-With-Digital-Screen-Vape-Factory-Wholesale-14.png 2000w, https:\/\/pgvape.com\/wp-content\/uploads\/2025\/07\/Bang-Blaze-60000-60k-Puffs-4-in-1-Flavors-Disposable-Vape-With-Digital-Screen-Vape-Factory-Wholesale-14-555x278.png 555w, https:\/\/pgvape.com\/wp-content\/uploads\/2025\/07\/Bang-Blaze-60000-60k-Puffs-4-in-1-Flavors-Disposable-Vape-With-Digital-Screen-Vape-Factory-Wholesale-14-595x298.png 595w, https:\/\/pgvape.com\/wp-content\/uploads\/2025\/07\/Bang-Blaze-60000-60k-Puffs-4-in-1-Flavors-Disposable-Vape-With-Digital-Screen-Vape-Factory-Wholesale-14-400x200.png 400w, https:\/\/pgvape.com\/wp-content\/uploads\/2025\/07\/Bang-Blaze-60000-60k-Puffs-4-in-1-Flavors-Disposable-Vape-With-Digital-Screen-Vape-Factory-Wholesale-14-768x384.png 768w, https:\/\/pgvape.com\/wp-content\/uploads\/2025\/07\/Bang-Blaze-60000-60k-Puffs-4-in-1-Flavors-Disposable-Vape-With-Digital-Screen-Vape-Factory-Wholesale-14-1536x768.png 1536w, https:\/\/pgvape.com\/wp-content\/uploads\/2025\/07\/Bang-Blaze-60000-60k-Puffs-4-in-1-Flavors-Disposable-Vape-With-Digital-Screen-Vape-Factory-Wholesale-14-18x9.png 18w, https:\/\/pgvape.com\/wp-content\/uploads\/2025\/07\/Bang-Blaze-60000-60k-Puffs-4-in-1-Flavors-Disposable-Vape-With-Digital-Screen-Vape-Factory-Wholesale-14-600x300.png 600w, https:\/\/pgvape.com\/wp-content\/uploads\/2025\/07\/Bang-Blaze-60000-60k-Puffs-4-in-1-Flavors-Disposable-Vape-With-Digital-Screen-Vape-Factory-Wholesale-14-60x30.png 60w\" sizes=\"auto, (max-width: 2000px) 100vw, 2000px\" \/><\/p>\n<p>&nbsp;<\/p>\n<h3><span style=\"font-size: 90%;\">Bang Blaze 60000 | 60k Puffs 4 in 1 Geschmacksrichtungen Einweg-Vape <strong>Video:<br \/>\n<iframe loading=\"lazy\" title=\"Bang Blaze 60k Puffs 4-in-1-Geschmacksrichtungen Einweg-Vape mit digitalem Bildschirm Vape Factory Direct pgvape\" width=\"1020\" height=\"574\" src=\"https:\/\/www.youtube.com\/embed\/BCQx90cI-OI?feature=oembed\" frameborder=\"0\" allow=\"accelerometer; autoplay; clipboard-write; encrypted-media; gyroscope; picture-in-picture; web-share\" referrerpolicy=\"strict-origin-when-cross-origin\" allowfullscreen><\/iframe><br \/>\n<\/strong><\/span><\/h3>\n<p>&nbsp;<\/p>\n<h2><span style=\"font-size: 90%;\">H\u00e4ufig gestellte Fragen zu Bang Blaze 60000 | 60.000 Puffs 4-in-1-Geschmacksrichtungen Einweg-Vaporizer<\/span><\/h2>\n<p dir=\"auto\"><strong>F1: Wie viele Z\u00fcge kann ich mit dem Bang Blaze 60000 machen?<\/strong><br \/>\nA1: Bis zu 60.000 Z\u00fcge pro Ger\u00e4t.<\/p>\n<p dir=\"auto\"><strong>F2: Was ist der 4-in-1-Geschmacksmodus?<\/strong><br \/>\nA2: F\u00fcr ein abwechslungsreiches Dampferlebnis k\u00f6nnen Sie zwischen vier verschiedenen integrierten Geschmacksrichtungen wechseln.<\/p>\n<p dir=\"auto\"><strong>F3: Welche Nikotinst\u00e4rken sind verf\u00fcgbar?<\/strong><br \/>\nA3: Das Ger\u00e4t ist in den Nikotinoptionen 0%, 2%, 3% und 5% erh\u00e4ltlich.<\/p>\n<p dir=\"auto\"><strong>F4: Welche Spule verwendet das Ger\u00e4t?<\/strong><br \/>\nA4: Eine 1,0-\u03a9-Mesh-Spule, die sanften Dampf und satten Geschmack erzeugt.<\/p>\n<p dir=\"auto\"><strong>F5: Wie gro\u00df ist die E-Liquid-Kapazit\u00e4t?<\/strong><br \/>\nA5: Der vorgef\u00fcllte Tank fasst 60 ml E-Liquid, wodurch die Nachf\u00fcllh\u00e4ufigkeit verringert wird.<\/p>\n<p dir=\"auto\"><strong>F6: Ist der Akku wiederaufladbar?<\/strong><br \/>\nA6: Ja, es verf\u00fcgt \u00fcber einen wiederaufladbaren 650-mAh-Akku mit schneller Typ-C-Aufladung.<\/p>\n<p dir=\"auto\"><strong>F7: Wie kann ich den Batterie- und E-Liquid-F\u00fcllstand \u00fcberwachen?<\/strong><br \/>\nA7: Der intelligente digitale Bildschirm zeigt den Batterie- und Fl\u00fcssigkeitsstand in Echtzeit an.<\/p>\n<p dir=\"auto\"><strong>F8: Ist das Ger\u00e4t tragbar?<\/strong><br \/>\nA8: Ja, es hat ein kompaktes und ergonomisches Design, ideal zum Dampfen unterwegs.<\/p>\n<p>&nbsp;<\/p>\n<h3 id=\"brxe-najhln\" class=\"brxe-heading\">H\u00e4ufig gestellte Fragen (FAQ)<\/h3>\n<div id=\"brxe-rajiac\" class=\"brxe-text\">\n<p><strong>F: Welche Zahlungsmethoden akzeptieren Sie?<\/strong><br \/>\nA: Wir akzeptieren PayPal, Stripe, Bank\u00fcberweisungen (SEPA unterst\u00fctzt), g\u00e4ngige Kreditkarten (Visa, MasterCard, American Express) und Zahlungen in Kryptow\u00e4hrung.<\/p>\n<p><strong>F: Wie lange dauert die Auftragsvorbereitung?<\/strong><br \/>\nA: Die Auftragsvorbereitung dauert 1-3 Werktage.<\/p>\n<p><strong>F: Wie lange dauert die Lieferung?<\/strong><br \/>\nA: Die Lieferzeit betr\u00e4gt je nach Standort 7\u201314 Werktage.<\/p>\n<p><strong>F: Wie kann ich meine Bestellung verfolgen?<\/strong><br \/>\nA: Nach dem Versand erhalten Sie eine Best\u00e4tigungs-E-Mail mit einer Sendungsverfolgungsnummer zur Echtzeitverfolgung.<\/p>\n<p><strong>F: Wie lauten Ihre R\u00fcckgabebedingungen?<\/strong><br \/>\nA: Wir bieten ein 30-t\u00e4giges R\u00fcckgaberecht f\u00fcr R\u00fcckerstattungen oder Umtausch. .<\/p>\n<p><strong>F: Wird es Zollprobleme geben?<br \/>\n<\/strong>Wir k\u00fcmmern uns um alle Zollabfertigungsverfahren, um Ihnen ein reibungsloses Erlebnis zu gew\u00e4hrleisten. .<\/p>\n<p><strong>F: Welche Versandarten werden verwendet?<\/strong><br \/>\nWir arbeiten mit UPS\/DHL\/FEDEX\/DPD etc. zusammen. Je nach Lieferland w\u00e4hlen wir die passende Versandoption aus, um sicherzustellen, dass Sie Ihre Produkte schnellstm\u00f6glich erhalten.<\/p>\n<p><a href=\"https:\/\/pgvape.com\/de\/faqs\/\"><span style=\"font-size: 100%;\">Klicken Sie hier f\u00fcr weitere FAQ<\/span><\/a><\/p>\n<p>Liebe Kunden, wenn Sie Fragen zu Ihrer Bestellung oder zum Wareneingang haben, wenden Sie sich bitte an unseren Kundenservice. Vielen Dank!<\/p>\n<h3 data-sourcepos=\"73:1-73:21\"><span style=\"font-size: 90%;\"><strong data-sourcepos=\"73:7-73:21\">Kontaktieren Sie uns<\/strong><\/span><\/h3>\n<div id=\"text-2419739398\" class=\"text\">\n<p><strong data-sourcepos=\"75:3-75:12\">E-Mail<\/strong>:\u00a0<a href=\"mailto:support@pgvape.com\"><strong>support@pgvape.com<\/strong><\/a><\/p>\n<p><strong data-sourcepos=\"76:3-76:15\">WhatsApp<\/strong>: <a href=\"https:\/\/wa.me\/+8618128481258\"><strong>+86 18128481258<\/strong><\/a><br \/>\n<strong>(Antwort innerhalb von 24 Stunden an Werktagen)<\/strong><\/p>\n<\/div>\n<h3><strong><span style=\"font-size: 80%;\">Vielen Dank, dass Sie sich f\u00fcr pgvape.com entschieden haben! .<\/span><\/strong><\/h3>\n<\/div>","protected":false},"excerpt":{"rendered":"<p><strong>Bang Blaze 60000 Einweg-Vaporizer<\/strong> Stift bietet bis zu <strong>60.000 Z\u00fcge<\/strong> Und <strong>4-in-1-Geschmack<\/strong> Vielseitigkeit mit a <strong>60 ml<\/strong> vorgef\u00fcllter Tank und a <strong>1,0-\u03a9-Mesh-Spule<\/strong>. <strong>650 mAh wiederaufladbar<\/strong> Batterie, <strong>Typ-C<\/strong> Mit Aufladung und einem intelligenten digitalen Bildschirm bietet es ein sanftes, anpassbares Dampferlebnis mit 12 Premium-Geschmackskombinationen und Nikotinoptionen von 0% bis 5%.<\/p>","protected":false},"featured_media":488,"comment_status":"open","ping_status":"closed","template":"","meta":{"_seopress_robots_primary_cat":"none","_seopress_titles_title":"","_seopress_titles_desc":"","_seopress_robots_index":""},"product_brand":[49,516],"product_cat":[48,33,515],"product_tag":[53,51,52,50],"class_list":{"0":"post-483","1":"product","2":"type-product","3":"status-publish","4":"has-post-thumbnail","6":"product_brand-bang-blaze-vape","7":"product_brand-disposable-vape","8":"product_cat-60k-puffs-vape","9":"product_cat-bang-blaze-vape","10":"product_cat-disposable-vape","11":"product_tag-4-in-1-flavors","12":"product_tag-60k-puffs","13":"product_tag-60k-vape","14":"product_tag-bang-blaze-60000","16":"first","17":"instock","18":"sale","19":"shipping-taxable","20":"purchasable","21":"product-type-variable"},"_links":{"self":[{"href":"https:\/\/pgvape.com\/de\/wp-json\/wp\/v2\/product\/483","targetHints":{"allow":["GET"]}}],"collection":[{"href":"https:\/\/pgvape.com\/de\/wp-json\/wp\/v2\/product"}],"about":[{"href":"https:\/\/pgvape.com\/de\/wp-json\/wp\/v2\/types\/product"}],"replies":[{"embeddable":true,"href":"https:\/\/pgvape.com\/de\/wp-json\/wp\/v2\/comments?post=483"}],"wp:featuredmedia":[{"embeddable":true,"href":"https:\/\/pgvape.com\/de\/wp-json\/wp\/v2\/media\/488"}],"wp:attachment":[{"href":"https:\/\/pgvape.com\/de\/wp-json\/wp\/v2\/media?parent=483"}],"wp:term":[{"taxonomy":"product_brand","embeddable":true,"href":"https:\/\/pgvape.com\/de\/wp-json\/wp\/v2\/product_brand?post=483"},{"taxonomy":"product_cat","embeddable":true,"href":"https:\/\/pgvape.com\/de\/wp-json\/wp\/v2\/product_cat?post=483"},{"taxonomy":"product_tag","embeddable":true,"href":"https:\/\/pgvape.com\/de\/wp-json\/wp\/v2\/product_tag?post=483"}],"curies":[{"name":"wp","href":"https:\/\/api.w.org\/{rel}","templated":true}]}}