{"id":4531,"date":"2025-10-26T07:05:33","date_gmt":"2025-10-26T07:05:33","guid":{"rendered":"https:\/\/pgvape.com\/?post_type=product&#038;p=4531"},"modified":"2025-12-15T12:24:44","modified_gmt":"2025-12-15T12:24:44","slug":"uzy-bang-digital-15000-15k-puffs-einweg-vape-wiederaufladbar-direkt-ab-werk","status":"publish","type":"product","link":"https:\/\/pgvape.com\/de\/produkt\/uzy-bang-digital-15000-15k-puffs-einweg-vape-wiederaufladbar-direkt-ab-werk\/","title":{"rendered":"UZY Bang Digital 15000 15K Puffs Einweg-Vape, wiederaufladbar, direkt ab Werk"},"content":{"rendered":"<p><strong>UZY Bang Digital 15000<\/strong>, eine fortschrittliche Einweg-E-Zigarette mit unglaublichen 15.000 Z\u00fcgen und anpassbaren Nikotinoptionen von 0%, 2%, 3% und 5%. .<\/p>\n<p>&nbsp;<\/p>\n<h2><span style=\"font-size: 90%;\">UZY Bang Digital 15000 | 15K Puffs Einweg-Vape-Produktspezifikation<\/span><\/h2>\n<p><strong data-sourcepos=\"6:3-6:30\">15.000 ultralange Z\u00fcge<\/strong>\u00a0\u2013 Erweiterte Dampfzufriedenheit<\/p>\n<p><strong data-sourcepos=\"7:3-7:35\">Anpassbare Nikotinwerte<\/strong>\u00a0\u2013 0%, 2%, 3% oder 5%<\/p>\n<p><strong data-sourcepos=\"8:3-8:24\">Intelligentes LED-Display<\/strong>\u00a0\u2013 Batterie- und Puff-Tracking in Echtzeit<\/p>\n<p><strong data-sourcepos=\"9:3-9:34\">Wiederaufladbarer 850-mAh-Akku<\/strong>\u00a0\u2013 Schnelles Aufladen vom Typ C<\/p>\n<p><strong data-sourcepos=\"10:3-10:31\">20 ml vorgef\u00fclltes E-Liquid<\/strong>\u00a0\u2013 Kein Nachf\u00fcllen erforderlich<\/p>\n<p><strong data-sourcepos=\"11:3-11:25\">12 Premium-Geschmacksrichtungen<\/strong>\u00a0\u2013 Reichhaltige und erfrischende Optionen<\/p>\n<p>&nbsp;<\/p>\n<h3><span style=\"font-size: 90%;\">UZY Bang Digital 15000 | 15K Puffs Einweg-Vape-Geschmacksliste<\/span><\/h3>\n<p><strong data-sourcepos=\"25:4-25:29\">1.Erdbeer-Wassermelone<\/strong><\/p>\n<p><strong data-sourcepos=\"26:4-26:24\">2. Blaubeere auf Eis<\/strong><\/p>\n<p><strong data-sourcepos=\"27:4-27:29\">3.Pfirsich-Mango-Ananas<\/strong><\/p>\n<p><strong data-sourcepos=\"28:4-28:17\">4. Traubeneis<\/strong><\/p>\n<p><strong data-sourcepos=\"29:4-29:22\">5. Wassermeloneneis<\/strong><\/p>\n<p><strong data-sourcepos=\"30:4-30:17\">6.Pfirsicheis<\/strong><\/p>\n<p><strong data-sourcepos=\"31:4-31:23\">7. Erdbeer-Kiwi<\/strong><\/p>\n<p><strong data-sourcepos=\"32:4-32:27\">8. Blaubeer-Himbeere<\/strong><\/p>\n<p><strong data-sourcepos=\"33:4-33:26\">9.Kiwi-Passionsfrucht<\/strong><\/p>\n<p><strong data-sourcepos=\"34:5-34:16\">10.MR Blau<\/strong><\/p>\n<p><strong data-sourcepos=\"35:5-35:25\">11. Dreifaches Mango-Eis<\/strong><\/p>\n<p><strong data-sourcepos=\"36:5-36:23\">12.Rotes Energieeis<br \/>\n<img loading=\"lazy\" decoding=\"async\" class=\"alignnone wp-image-4535 size-full\" src=\"https:\/\/pgvape.com\/wp-content\/uploads\/2025\/10\/pgvape_UZY_Bang_Digital_15000_puffs-2.png\" alt=\"Zw\u00f6lf helle, abgerundete, rechteckige Einweg-Vaporizer, die in zwei Reihen vor einem rauchigen Hintergrund angeordnet sind und jeweils eine stilisierte Cartoon-Affenillustration, ein kleines digitales Display mit der Aufschrift \u201c95%\u201d und aufgedruckte Fruchtgeschmacksbezeichnungen (Blaubeer-Himbeere, Traubeneis, Wassermelonen-Eis, Pfirsich-Eis, Pfirsich-Mango-Ananas, Erdbeer-Wassermelone, Mr Blue, Kiwi-Passionsfrucht, dreifaches Mango-Eis, Blaubeere auf Eis, rotes Energieeis, Erdbeer-Kiwi) aufweisen.\" width=\"1500\" height=\"930\" srcset=\"https:\/\/pgvape.com\/wp-content\/uploads\/2025\/10\/pgvape_UZY_Bang_Digital_15000_puffs-2.png 1500w, https:\/\/pgvape.com\/wp-content\/uploads\/2025\/10\/pgvape_UZY_Bang_Digital_15000_puffs-2-555x344.png 555w, https:\/\/pgvape.com\/wp-content\/uploads\/2025\/10\/pgvape_UZY_Bang_Digital_15000_puffs-2-595x369.png 595w, https:\/\/pgvape.com\/wp-content\/uploads\/2025\/10\/pgvape_UZY_Bang_Digital_15000_puffs-2-400x248.png 400w, https:\/\/pgvape.com\/wp-content\/uploads\/2025\/10\/pgvape_UZY_Bang_Digital_15000_puffs-2-768x476.png 768w, https:\/\/pgvape.com\/wp-content\/uploads\/2025\/10\/pgvape_UZY_Bang_Digital_15000_puffs-2-18x12.png 18w, https:\/\/pgvape.com\/wp-content\/uploads\/2025\/10\/pgvape_UZY_Bang_Digital_15000_puffs-2-600x372.png 600w, https:\/\/pgvape.com\/wp-content\/uploads\/2025\/10\/pgvape_UZY_Bang_Digital_15000_puffs-2-60x37.png 60w\" sizes=\"auto, (max-width: 1500px) 100vw, 1500px\" \/><br \/>\n<\/strong><\/p>\n<p>&nbsp;<\/p>\n<h3><span style=\"font-size: 90%;\">UZY Bang Digital 15000 | 15K Puffs Einweg-Vaporizer <strong>Video:<\/strong><\/span><\/h3>\n<p>&nbsp;<\/p>\n<h2>H\u00e4ufig gestellte Fragen zu UZY Bang Digital 15000 | 15K Puffs Einweg-Vaporizer<\/h2>\n<p data-sourcepos=\"49:1-50:47\">\u2753 <strong data-sourcepos=\"49:3-49:35\">Wie viele Z\u00fcge h\u00e4lt es?<\/strong><br \/>\n\u2705 <strong data-sourcepos=\"50:3-50:19\">15.000 Z\u00fcge<\/strong> \u2013 Langanhaltender Genuss.<\/p>\n<p data-sourcepos=\"52:1-53:58\">\u2753 <strong data-sourcepos=\"52:3-52:32\">Kann ich die Akkulaufzeit verfolgen?<\/strong><br \/>\n\u2705 <strong data-sourcepos=\"53:3-53:23\">Ja!<\/strong> Zeigt den Akku und die Nutzung in Echtzeit an.<\/p>\n<p data-sourcepos=\"55:1-56:54\">\u2753 <strong data-sourcepos=\"55:3-55:26\">Ist es wiederaufladbar?<\/strong><br \/>\n\u2705 <strong data-sourcepos=\"56:3-56:21\">850-mAh-Akku<\/strong> mit <strong data-sourcepos=\"56:27-56:51\">Typ-C-Schnellladung<\/strong>.<\/p>\n<p data-sourcepos=\"58:1-59:62\">\u2753 <strong data-sourcepos=\"58:3-58:43\">Welche Nikotinoptionen gibt es?<\/strong><br \/>\n\u2705 <strong data-sourcepos=\"59:3-59:35\">0% (NIC-frei), 2%, 3% oder 5%<\/strong> f\u00fcr individuelle Zufriedenheit.<\/p>\n<p data-sourcepos=\"61:1-62:53\">\u2753 <strong data-sourcepos=\"61:3-61:30\">Sind Aromen vorgef\u00fcllt?<\/strong><br \/>\n\u2705 <strong data-sourcepos=\"62:3-62:31\">20 ml vorgef\u00fclltes E-Liquid<\/strong> \u2013 Kein l\u00e4stiges Nachf\u00fcllen.<\/p>\n<p>&nbsp;<\/p>\n<h3>H\u00e4ufig gestellte Fragen (FAQ)<\/h3>\n<div id=\"brxe-rajiac\" class=\"brxe-text\">\n<p><strong>F: Welche Zahlungsmethoden akzeptieren Sie?<\/strong><br \/>\nA: Wir akzeptieren PayPal, Stripe, Bank\u00fcberweisungen (SEPA unterst\u00fctzt), g\u00e4ngige Kreditkarten (Visa, MasterCard, American Express) und Zahlungen in Kryptow\u00e4hrung.<\/p>\n<p><strong>F: Wie lange dauert die Auftragsvorbereitung?<\/strong><br \/>\nA: Die Auftragsvorbereitung dauert 1-3 Werktage.<\/p>\n<p><strong>F: Wie lange dauert die Lieferung?<\/strong><br \/>\nA: Die Lieferzeit betr\u00e4gt je nach Standort 7\u201314 Werktage.<\/p>\n<p><strong>F: Wie kann ich meine Bestellung verfolgen?<\/strong><br \/>\nA: Nach dem Versand erhalten Sie eine Best\u00e4tigungs-E-Mail mit einer Sendungsverfolgungsnummer zur Echtzeitverfolgung.<\/p>\n<p><strong>F: Wie lauten Ihre R\u00fcckgabebedingungen?<\/strong><br \/>\nA: Wir bieten ein 30-t\u00e4giges R\u00fcckgaberecht f\u00fcr R\u00fcckerstattungen oder Umtausch. .<\/p>\n<p><strong>F: Wird es Zollprobleme geben?<br \/>\n<\/strong>Wir k\u00fcmmern uns um alle Zollabfertigungsverfahren, um Ihnen ein reibungsloses Erlebnis zu gew\u00e4hrleisten. .<\/p>\n<p><strong>F: Welche Versandarten werden verwendet?<\/strong><br \/>\nWir arbeiten mit UPS\/DHL\/FEDEX\/DPD etc. zusammen. Je nach Lieferland w\u00e4hlen wir die passende Versandoption aus, um sicherzustellen, dass Sie Ihre Produkte schnellstm\u00f6glich erhalten.<\/p>\n<p><a href=\"https:\/\/pgvape.com\/de\/faqs\/\">Klicken Sie hier f\u00fcr weitere FAQ<\/a><\/p>\n<p>Liebe Kunden, wenn Sie Fragen zu Ihrer Bestellung oder zum Wareneingang haben, wenden Sie sich bitte an unseren Kundenservice. Vielen Dank!<\/p>\n<h3 data-sourcepos=\"73:1-73:21\"><strong data-sourcepos=\"73:7-73:21\">Kontaktieren Sie uns<\/strong><\/h3>\n<div id=\"text-2419739398\" class=\"text\">\n<p><strong data-sourcepos=\"75:3-75:12\">E-Mail<\/strong>:\u00a0<a href=\"mailto:support@pgvape.com\"><strong>support@pgvape.com<\/strong><\/a><\/p>\n<p><strong data-sourcepos=\"76:3-76:15\">WhatsApp<\/strong>:\u00a0<a href=\"https:\/\/wa.me\/+8618128481258\"><strong>+86 18128481258<\/strong><\/a><br \/>\n<strong>(Antwort innerhalb von 24 Stunden an Werktagen)<\/strong><\/p>\n<\/div>\n<h3><strong>Vielen Dank, dass Sie sich f\u00fcr pgvape.com entschieden haben! .<\/strong><\/h3>\n<\/div>","protected":false},"excerpt":{"rendered":"<p>Die E-Zigarette UZY Bang Digital 15000 Puffs ist die fortschrittlichste verf\u00fcgbare Einweg-E-Zigarette, ein innovatives Ger\u00e4t mit einem LED-Display, das Echtzeitinformationen f\u00fcr ein personalisiertes Raucherlebnis liefert.<\/p>","protected":false},"featured_media":4550,"comment_status":"open","ping_status":"closed","template":"","meta":{"_seopress_robots_primary_cat":"none","_seopress_titles_title":"%%post_title%% %%sep%% %%sitetitle%%","_seopress_titles_desc":"","_seopress_robots_index":""},"product_brand":[516,371],"product_cat":[113,515,27],"product_tag":[373,79,490,59,259,372],"class_list":{"0":"post-4531","1":"product","2":"type-product","3":"status-publish","4":"has-post-thumbnail","6":"product_brand-disposable-vape","7":"product_brand-uzy-vaoe","8":"product_cat-15k-puffs-vape","9":"product_cat-disposable-vape","10":"product_cat-uzy-vape","11":"product_tag-15k-puffs-vape","12":"product_tag-led-display","13":"product_tag-minimum-2-pieces","14":"product_tag-mouth-to-lung-mtl","15":"product_tag-rechargeable","16":"product_tag-uzy-bang-digital-15000","18":"first","19":"instock","20":"sale","21":"shipping-taxable","22":"purchasable","23":"product-type-variable"},"_links":{"self":[{"href":"https:\/\/pgvape.com\/de\/wp-json\/wp\/v2\/product\/4531","targetHints":{"allow":["GET"]}}],"collection":[{"href":"https:\/\/pgvape.com\/de\/wp-json\/wp\/v2\/product"}],"about":[{"href":"https:\/\/pgvape.com\/de\/wp-json\/wp\/v2\/types\/product"}],"replies":[{"embeddable":true,"href":"https:\/\/pgvape.com\/de\/wp-json\/wp\/v2\/comments?post=4531"}],"wp:featuredmedia":[{"embeddable":true,"href":"https:\/\/pgvape.com\/de\/wp-json\/wp\/v2\/media\/4550"}],"wp:attachment":[{"href":"https:\/\/pgvape.com\/de\/wp-json\/wp\/v2\/media?parent=4531"}],"wp:term":[{"taxonomy":"product_brand","embeddable":true,"href":"https:\/\/pgvape.com\/de\/wp-json\/wp\/v2\/product_brand?post=4531"},{"taxonomy":"product_cat","embeddable":true,"href":"https:\/\/pgvape.com\/de\/wp-json\/wp\/v2\/product_cat?post=4531"},{"taxonomy":"product_tag","embeddable":true,"href":"https:\/\/pgvape.com\/de\/wp-json\/wp\/v2\/product_tag?post=4531"}],"curies":[{"name":"wp","href":"https:\/\/api.w.org\/{rel}","templated":true}]}}