{"id":450,"date":"2025-07-16T08:44:31","date_gmt":"2025-07-16T08:44:31","guid":{"rendered":"https:\/\/pgvape.com\/?post_type=product&#038;p=450"},"modified":"2026-01-20T08:48:41","modified_gmt":"2026-01-20T08:48:41","slug":"bang-de-80000-80k-puffs-3-in-1-einweg-vape-mit-drei-geschmacksrichtungen-0-2-3-5-nikotin-12-geschmacksrichtungen-intelligentes-led-display-direkt-ab-werk","status":"publish","type":"product","link":"https:\/\/pgvape.com\/de\/produkt\/bang-de-80000-80k-puffs-3-in-1-einweg-vape-mit-drei-geschmacksrichtungen-0-2-3-5-nikotin-12-geschmacksrichtungen-intelligentes-led-display-direkt-ab-werk\/","title":{"rendered":"Bang DE 80000 | 80K Puffs | 3-in-1-Einweg-Vape mit drei Geschmacksrichtungen | 0% 2% 3% 5% Nikotin | 12Tastes | Intelligentes LED-Display | Vape Factory Direct"},"content":{"rendered":"<p><strong>Bang DE 80000 80K Puffs 3-in-1-Einweg-Vaporizer<\/strong> wurde f\u00fcr Dampfer entwickelt, die sich Abwechslung, Komfort und bemerkenswerte Langlebigkeit w\u00fcnschen. .<\/p>\n<p>&nbsp;<\/p>\n<h2><span style=\"font-size: 90%;\">Produktspezifikationen:<\/span><\/h2>\n<p><strong>Puffkapazit\u00e4t:<\/strong>\u00a0Bis zu 80.000 Z\u00fcge<\/p>\n<p><strong>E-Liquid-Kapazit\u00e4t:<\/strong>\u00a0Insgesamt 60 ml (20 ml pro Tank x 3 Tanks)<\/p>\n<p><strong>Spulentyp:<\/strong>\u00a0Triple-Mesh-Spule 1,0 \u03a9<\/p>\n<p><strong>Batteriekapazit\u00e4t:<\/strong>\u00a0650 mAh wiederaufladbar<\/p>\n<p><strong>Ladeanschluss:<\/strong>\u00a0Typ-C-Schnellladung<\/p>\n<p><strong>Nikotinoptionen:<\/strong>\u00a00%, 2%, 3%, 5%<\/p>\n<p><strong>Anzeige:<\/strong>\u00a0LED-Bildschirm zeigt Batterie- und E-Liquid-Status an<\/p>\n<p><strong>Geschmackssystem:<\/strong>\u00a0Triple Flavour System (Wechsel zwischen 3 Geschmacksrichtungen)<\/p>\n<p><strong>Verpackung:<\/strong>\u00a0Verf\u00fcgbar f\u00fcr Einzel- und Gro\u00dfhandel<\/p>\n<p>&nbsp;<\/p>\n<h3><span style=\"font-size: 90%;\">Bang DE 80000 | 80K Puffs | 3-in-1-Einweg-Vape-Geschmacksrichtungen mit drei Geschmacksrichtungen:<\/span><\/h3>\n<p>1. Wassermeloneneis &amp; Red Bull &amp; Erdbeer-Kiwi<\/p>\n<p>2. Blaubeereis &amp; Erdbeer-Wassermelone &amp; Zitronen-Limette<\/p>\n<p>3. Blaubeere, Wassermelone und Kiwi, Passionsfrucht, Guave und Wassermelonen-Kaugummi<\/p>\n<p>4. Black Dragon Ice &amp; Sour Mango Pineapple &amp; Red Bull<\/p>\n<p>5.Erdbeer-Wassermelone &amp; gemischte Beeren &amp; Zitronenpfirsich<\/p>\n<p>6.Blueberry Razz &amp; Erdbeer-Banane &amp; Ananas-Kokosnuss<\/p>\n<p>7. Blaubeereis &amp; Dreifachmelone &amp; Apfeltraube<\/p>\n<p>8. Wassermelonen-Drachenfrucht &amp; Mango-Pfirsich &amp; Erdbeer-Kiwi<\/p>\n<p>9. Blaubeer-Himbeer-Erdbeer-Vanille-Cola und gemischte Beeren<\/p>\n<p>10.Wassermeloneneis &amp; Erdbeereis &amp; Kiwi-Passionsfrucht-Guave<\/p>\n<p>11.Blueberry Razz &amp; Black Dragon Ice &amp; Fizzy Cherry Ice<\/p>\n<p>12. Kirsch-Cola-Eis &amp; Blaubeer-Wassermelone &amp; Erdbeer-Mango<\/p>\n<p><img loading=\"lazy\" decoding=\"async\" class=\"alignnone wp-image-457 size-full\" src=\"https:\/\/pgvape.com\/wp-content\/uploads\/2025\/07\/Bang-DE-80000-80K-Puffs-3-In-1-Triple-Flavor-Disposable-Vape-LED-Display-Vape-Factory-Wholesale-5.png\" alt=\"\" width=\"1500\" height=\"1227\" srcset=\"https:\/\/pgvape.com\/wp-content\/uploads\/2025\/07\/Bang-DE-80000-80K-Puffs-3-In-1-Triple-Flavor-Disposable-Vape-LED-Display-Vape-Factory-Wholesale-5.png 1500w, https:\/\/pgvape.com\/wp-content\/uploads\/2025\/07\/Bang-DE-80000-80K-Puffs-3-In-1-Triple-Flavor-Disposable-Vape-LED-Display-Vape-Factory-Wholesale-5-440x360.png 440w, https:\/\/pgvape.com\/wp-content\/uploads\/2025\/07\/Bang-DE-80000-80K-Puffs-3-In-1-Triple-Flavor-Disposable-Vape-LED-Display-Vape-Factory-Wholesale-5-595x487.png 595w, https:\/\/pgvape.com\/wp-content\/uploads\/2025\/07\/Bang-DE-80000-80K-Puffs-3-In-1-Triple-Flavor-Disposable-Vape-LED-Display-Vape-Factory-Wholesale-5-400x327.png 400w, https:\/\/pgvape.com\/wp-content\/uploads\/2025\/07\/Bang-DE-80000-80K-Puffs-3-In-1-Triple-Flavor-Disposable-Vape-LED-Display-Vape-Factory-Wholesale-5-768x628.png 768w, https:\/\/pgvape.com\/wp-content\/uploads\/2025\/07\/Bang-DE-80000-80K-Puffs-3-In-1-Triple-Flavor-Disposable-Vape-LED-Display-Vape-Factory-Wholesale-5-15x12.png 15w, https:\/\/pgvape.com\/wp-content\/uploads\/2025\/07\/Bang-DE-80000-80K-Puffs-3-In-1-Triple-Flavor-Disposable-Vape-LED-Display-Vape-Factory-Wholesale-5-600x491.png 600w, https:\/\/pgvape.com\/wp-content\/uploads\/2025\/07\/Bang-DE-80000-80K-Puffs-3-In-1-Triple-Flavor-Disposable-Vape-LED-Display-Vape-Factory-Wholesale-5-49x40.png 49w\" sizes=\"auto, (max-width: 1500px) 100vw, 1500px\" \/><\/p>\n<p>&nbsp;<\/p>\n<h3><span style=\"font-size: 90%;\">Bang DE 80000 | 80K Puffs | 3-in-1-Einweg-Vape mit drei Geschmacksrichtungen <\/span><strong>Video<br \/>\n<\/strong><\/h3>\n<p><iframe loading=\"lazy\" title=\"Bang DE 80000 | 80K Puffs | 3-in-1-Einweg-Vape mit drei Geschmacksrichtungen | Vape Factory Direct pgvape\" width=\"1020\" height=\"574\" src=\"https:\/\/www.youtube.com\/embed\/HMc9pNSt3Kg?feature=oembed\" frameborder=\"0\" allow=\"accelerometer; autoplay; clipboard-write; encrypted-media; gyroscope; picture-in-picture; web-share\" referrerpolicy=\"strict-origin-when-cross-origin\" allowfullscreen><\/iframe><\/p>\n<p>&nbsp;<\/p>\n<h2><span style=\"font-size: 90%;\">H\u00e4ufig gestellte Fragen zu Bang DE 80000 | 80K Puffs | 3-in-1-Einweg-Vaporizer mit drei Geschmacksrichtungen<\/span><\/h2>\n<p dir=\"auto\"><strong>F1: Wie viele Z\u00fcge kann ich mit dem Bang DE 80000 erzeugen?<\/strong><br \/>\nA1: Bis zu 80.000 Z\u00fcge pro Ger\u00e4t.<\/p>\n<p dir=\"auto\"><strong>F2: Wie funktioniert das Triple Flavour System?<\/strong><br \/>\nA2: Sie k\u00f6nnen jederzeit problemlos zwischen drei verschiedenen integrierten Geschmacksrichtungen wechseln, ohne das Ger\u00e4t zu wechseln.<\/p>\n<p dir=\"auto\"><strong>F3: Welche Nikotinst\u00e4rken sind verf\u00fcgbar?<\/strong><br \/>\nA3: Das Ger\u00e4t unterst\u00fctzt die Nikotinoptionen 0%, 2%, 3% und 5%.<\/p>\n<p dir=\"auto\"><strong>F4: Ist der Akku wiederaufladbar?<\/strong><br \/>\nA4: Ja, es verf\u00fcgt \u00fcber einen wiederaufladbaren 650-mAh-Akku mit Schnellladung vom Typ C.<\/p>\n<p dir=\"auto\"><strong>F5: Wie hoch ist die E-Liquid-Kapazit\u00e4t?<\/strong><br \/>\nA5: Das Ger\u00e4t fasst 60 ml E-Liquid, gleichm\u00e4\u00dfig verteilt auf drei 20-ml-Tanks.<\/p>\n<p dir=\"auto\"><strong>F6: Wie kann ich den Batterie- und E-Liquid-F\u00fcllstand \u00fcberwachen?<\/strong><br \/>\nA6: Das LED-Display zeigt in Echtzeit den Batteriestatus und den E-Liquid-F\u00fcllstand an.<\/p>\n<p dir=\"auto\"><strong>F7: Ist dieses Ger\u00e4t tragbar?<\/strong><br \/>\nA7: Ja, es verf\u00fcgt \u00fcber ein schlankes und ergonomisches Design, perfekt f\u00fcr den t\u00e4glichen Gebrauch und auf Reisen.<\/p>\n<h2><span style=\"font-size: 90%;\">\u00a0<\/span><\/h2>\n<h3 id=\"brxe-najhln\" class=\"brxe-heading\">H\u00e4ufig gestellte Fragen (FAQ)<\/h3>\n<div id=\"brxe-rajiac\" class=\"brxe-text\">\n<p><strong>F: Welche Zahlungsmethoden akzeptieren Sie?<\/strong><br \/>\nA: Wir akzeptieren PayPal, Stripe, Bank\u00fcberweisungen (SEPA unterst\u00fctzt), g\u00e4ngige Kreditkarten (Visa, MasterCard, American Express) und Zahlungen in Kryptow\u00e4hrung.<\/p>\n<p><strong>F: Wie lange dauert die Auftragsvorbereitung?<\/strong><br \/>\nA: Die Auftragsvorbereitung dauert 1-3 Werktage.<\/p>\n<p><strong>F: Wie lange dauert die Lieferung?<\/strong><br \/>\nA: Die Lieferzeit betr\u00e4gt je nach Standort 7\u201314 Werktage.<\/p>\n<p><strong>F: Wie kann ich meine Bestellung verfolgen?<\/strong><br \/>\nA: Nach dem Versand erhalten Sie eine Best\u00e4tigungs-E-Mail mit einer Sendungsverfolgungsnummer zur Echtzeitverfolgung.<\/p>\n<p><strong>F: Wie lauten Ihre R\u00fcckgabebedingungen?<\/strong><br \/>\nA: Wir bieten ein 30-t\u00e4giges R\u00fcckgaberecht f\u00fcr R\u00fcckerstattungen oder Umtausch. .<\/p>\n<p><strong>F: Wird es Zollprobleme geben?<br \/>\n<\/strong>Wir k\u00fcmmern uns um alle Zollabfertigungsverfahren, um Ihnen ein reibungsloses Erlebnis zu gew\u00e4hrleisten. .<\/p>\n<p><strong>F: Welche Versandarten werden verwendet?<\/strong><br \/>\nWir arbeiten mit UPS\/DHL\/FEDEX\/DPD etc. zusammen. Je nach Lieferland w\u00e4hlen wir die passende Versandoption aus, um sicherzustellen, dass Sie Ihre Produkte schnellstm\u00f6glich erhalten.<\/p>\n<p><a href=\"https:\/\/pgvape.com\/de\/faqs\/\"><span style=\"font-size: 100%;\">Klicken Sie hier f\u00fcr weitere FAQ<\/span><\/a><\/p>\n<p>Liebe Kunden, wenn Sie Fragen zu Ihrer Bestellung oder zum Wareneingang haben, wenden Sie sich bitte an unseren Kundenservice. Vielen Dank!<\/p>\n<h3 data-sourcepos=\"73:1-73:21\"><span style=\"font-size: 90%;\"><strong data-sourcepos=\"73:7-73:21\">Kontaktieren Sie uns<\/strong><\/span><\/h3>\n<div id=\"text-2419739398\" class=\"text\">\n<p><strong data-sourcepos=\"75:3-75:12\">E-Mail<\/strong>:\u00a0<a href=\"mailto:support@pgvape.com\"><strong>support@pgvape.com<\/strong><\/a><\/p>\n<p><strong data-sourcepos=\"76:3-76:15\">WhatsApp<\/strong>: <a href=\"https:\/\/wa.me\/+8618128481258\"><strong>+86 18128481258<\/strong><\/a><br \/>\n<strong>(Antwort innerhalb von 24 Stunden an Werktagen)<\/strong><\/p>\n<\/div>\n<h3><strong><span style=\"font-size: 80%;\">Vielen Dank, dass Sie sich f\u00fcr pgvape.com entschieden haben! .<\/span><\/strong><\/h3>\n<\/div>","protected":false},"excerpt":{"rendered":"<p dir=\"auto\"><strong>Bang DE 80000 Einweg-Vaporizer<\/strong> bietet ein Unglaubliches <strong>80.000 Z\u00fcge<\/strong> mit einem <strong>Dreifach-Geschmackssystem<\/strong>, sodass Sie zwischen drei wechseln k\u00f6nnen <strong>Aromen<\/strong> auf einem Ger\u00e4t. <strong>60 ml E-Liquid<\/strong> Kapazit\u00e4t, eine Triple-Mesh-Spule, <strong>650 mAh wiederaufladbar<\/strong> Batterie und <strong>LED-Anzeige<\/strong>, Es bietet ein sanftes, anpassbares Dampferlebnis mit Nikotinst\u00e4rken von 0% bis 5%.<\/p>","protected":false},"featured_media":453,"comment_status":"open","ping_status":"closed","template":"","meta":{"_seopress_robots_primary_cat":"none","_seopress_titles_title":"","_seopress_titles_desc":"","_seopress_robots_index":""},"product_brand":[42,516],"product_cat":[41,34,515],"product_tag":[46,44,45,43,47],"class_list":{"0":"post-450","1":"product","2":"type-product","3":"status-publish","4":"has-post-thumbnail","6":"product_brand-bang-de-vape","7":"product_brand-disposable-vape","8":"product_cat-80k-puffs-vape","9":"product_cat-bang-de-vape","10":"product_cat-disposable-vape","11":"product_tag-3-in-1","12":"product_tag-80k-puffs","13":"product_tag-80k-vape","14":"product_tag-bang-de-80000","15":"product_tag-triple-flavor","17":"first","18":"instock","19":"sale","20":"shipping-taxable","21":"purchasable","22":"product-type-variable"},"_links":{"self":[{"href":"https:\/\/pgvape.com\/de\/wp-json\/wp\/v2\/product\/450","targetHints":{"allow":["GET"]}}],"collection":[{"href":"https:\/\/pgvape.com\/de\/wp-json\/wp\/v2\/product"}],"about":[{"href":"https:\/\/pgvape.com\/de\/wp-json\/wp\/v2\/types\/product"}],"replies":[{"embeddable":true,"href":"https:\/\/pgvape.com\/de\/wp-json\/wp\/v2\/comments?post=450"}],"wp:featuredmedia":[{"embeddable":true,"href":"https:\/\/pgvape.com\/de\/wp-json\/wp\/v2\/media\/453"}],"wp:attachment":[{"href":"https:\/\/pgvape.com\/de\/wp-json\/wp\/v2\/media?parent=450"}],"wp:term":[{"taxonomy":"product_brand","embeddable":true,"href":"https:\/\/pgvape.com\/de\/wp-json\/wp\/v2\/product_brand?post=450"},{"taxonomy":"product_cat","embeddable":true,"href":"https:\/\/pgvape.com\/de\/wp-json\/wp\/v2\/product_cat?post=450"},{"taxonomy":"product_tag","embeddable":true,"href":"https:\/\/pgvape.com\/de\/wp-json\/wp\/v2\/product_tag?post=450"}],"curies":[{"name":"wp","href":"https:\/\/api.w.org\/{rel}","templated":true}]}}