{"id":4487,"date":"2025-10-25T11:42:30","date_gmt":"2025-10-25T11:42:30","guid":{"rendered":"https:\/\/pgvape.com\/?post_type=product&#038;p=4487"},"modified":"2026-01-14T12:56:55","modified_gmt":"2026-01-14T12:56:55","slug":"bang-legend-150-000-150-000-puffs-6-in-1-geschmacksrichtungen-einweg-vaporizer-direkt-ab-werk","status":"publish","type":"product","link":"https:\/\/pgvape.com\/de\/produkt\/bang-legend-150-000-150-000-puffs-6-in-1-geschmacksrichtungen-einweg-vaporizer-direkt-ab-werk\/","title":{"rendered":"Bang Legend 150.000 150.000 Puffs 6 in 1 Geschmacksrichtungen Einweg-Vape-Vape direkt ab Werk"},"content":{"rendered":"<p><strong data-sourcepos=\"4:5-4:47\">Bang Legend 150K Puffs Einweg-Vaporizer<\/strong> definiert die Ausdauer des Dampfens neu <strong data-sourcepos=\"4:80-4:108\">150.000 ultralange Z\u00fcge<\/strong> Und <strong data-sourcepos=\"4:113-4:141\">6-in-1-Geschmackstechnologie<\/strong>. <strong data-sourcepos=\"4:155-4:177\">Dreitanksystem<\/strong>, <strong data-sourcepos=\"4:179-4:197\">850-mAh-Akku<\/strong>, Und <strong data-sourcepos=\"4:203-4:216\">Mesh-Spule<\/strong>, bietet es <strong data-sourcepos=\"4:228-4:257\">2%\/3%\/5% Nikotinoptionen<\/strong> Und <strong data-sourcepos=\"4:262-4:297\">12 anpassbare Geschmacksprofile<\/strong>. <strong data-sourcepos=\"4:303-4:318\">LED-Anzeige<\/strong> Verfolgt die Nutzung w\u00e4hrend <strong data-sourcepos=\"4:338-4:357\">Laden vom Typ C<\/strong> sorgt f\u00fcr schnelles Einschalten. <strong data-sourcepos=\"4:400-4:415\">Enthusiasten<\/strong> Und <strong data-sourcepos=\"4:420-4:433\">Einzelh\u00e4ndler<\/strong> mit <strong data-sourcepos=\"4:439-4:460\">10er-Verpackung<\/strong>.<\/p>\n<p>&nbsp;<\/p>\n<h2><span style=\"font-size: 100%;\">Bang Legend 150000 | 150.000 Puffs 6 in 1 Geschmacksrichtungen Einweg-Vape <strong data-sourcepos=\"6:5-6:27\">Spezifikationen<\/strong><\/span><\/h2>\n<p><strong data-sourcepos=\"7:3-7:17\">Puff Count<\/strong>:\u00a0<strong data-sourcepos=\"7:19-7:36\">150.000 Z\u00fcge<\/strong><\/p>\n<p><strong data-sourcepos=\"8:3-8:19\">Geschmacksmodi<\/strong>:\u00a0<strong data-sourcepos=\"8:21-8:39\">6 Kombinationen<\/strong>\u00a0(A\/B\/C\/AB\/AC\/BC)<\/p>\n<p><strong data-sourcepos=\"9:3-9:15\">Nikotin<\/strong>:\u00a0<strong data-sourcepos=\"9:17-9:33\">2% \/ 3% \/ 5%<\/strong><\/p>\n<p><strong data-sourcepos=\"10:3-10:12\">Panzer<\/strong>:\u00a0<strong data-sourcepos=\"10:14-10:36\">Dreitanksystem<\/strong><\/p>\n<p><strong data-sourcepos=\"11:3-11:14\">Batterie<\/strong>:\u00a0<strong data-sourcepos=\"11:16-11:39\">850 mAh wiederaufladbar<\/strong><\/p>\n<p><strong data-sourcepos=\"12:3-12:11\">Spule<\/strong>:\u00a0<strong data-sourcepos=\"12:13-12:33\">Mesh-Spule (0,8 \u03a9)<\/strong><\/p>\n<p><strong data-sourcepos=\"13:3-13:14\">Anzeige<\/strong>:\u00a0<strong data-sourcepos=\"13:16-13:30\">LED-Bildschirm<\/strong><\/p>\n<p><strong data-sourcepos=\"14:3-14:15\">Aufladen<\/strong>:\u00a0<strong data-sourcepos=\"14:17-14:41\">Typ-C-Schnellladung<\/strong><\/p>\n<p><strong data-sourcepos=\"15:3-15:16\">Verpackung<\/strong>:\u00a0<strong data-sourcepos=\"15:18-15:40\">10 St\u00fcck\/Displaybox<\/strong><\/p>\n<p>&nbsp;<\/p>\n<h3><span style=\"font-size: 100%;\">Bang Legend 150000 | 150.000 Puffs 6 in 1 Geschmacksrichtungen Einweg-Vape <strong data-sourcepos=\"22:5-22:25\">Geschmacksauswahl<\/strong><\/span><\/h3>\n<p><strong>1.Pfirsich-Eis \/ Mango-Pfirsich \/ Blaubeer-Pfirsich \/ Pfirsich-Eis-Mango-Pfirsich \/ Pfirsich-Eis-Blaubeer-Pfirsich \/ Mango-Pfirsich-Blaubeer-Pfirsich<\/strong><\/p>\n<p><strong>2.Ananas-Eis \/ Ananas-Kokosnuss \/ Kiwi-Ananas-Eis \/ Ananas-Eis, Ananas-Kokosnuss \/ Ananas-Eis, Kiwi-Ananas-Eis \/ Ananas-Kokos-Kiwi-Ananas-Eis<\/strong><\/p>\n<p><strong>3. Traubeneis \/ Traubenkaugummi \/ Himbeertrauben \/ Traubeneis Traubenkaugummi \/ Traubeneis Himbeertrauben \/ Traubenkaugummi Himbeertrauben<\/strong><\/p>\n<p><strong>4. Wassermeloneneis \/ Wassermelonenbeeren \/ Erdbeerwassermelone \/ Wassermeloneneis Wassermelonenbeeren \/ Wassermeloneneis Erdbeerwassermelone \/ Wassermelonenbeeren Erdbeerwassermelone<\/strong><\/p>\n<p><strong>5. Blaubeereis \/ Blaubeer-Himbeere \/ Blaubeer-Cranberry-Kirsche \/ Blaubeer-Eis, Blaubeer-Himbeere \/ Blaubeereis, Blaubeer-Cranberry-Kirsche \/ Blaubeer-Himbeer-Blaubeer-Cranberry-Kirsche<\/strong><\/p>\n<p><strong>6.Bananeneis \/ Erdbeerbanane \/ Zitronens\u00e4ure Orange \/ Bananeneis Erdbeerbanane \/ Bananeneis Zitronens\u00e4ure Orange \/ Erdbeerbanane Zitronens\u00e4ure Orange<\/strong><\/p>\n<p><strong>7. Apfeleis \/ Apfeltraube \/ Blaubeertraube \/ Apfeleis Apfeltraube \/ Apfeleis Blaubeertraube \/ Apfeltraube Blaubeertraube<\/strong><\/p>\n<p><strong>8.Mango-Eis \/ Pfirsich-Mango-Wassermelone \/ Gummib\u00e4rchen \/ Mango-Eis, Pfirsich-Mango-Wassermelone \/ Mango-Eis-Gummib\u00e4rchen \/ Pfirsich-Mango-Wassermelone-Gummib\u00e4rchen<\/strong><\/p>\n<p><strong>9. Kirscheis \/ gemischte Beeren \/ rote Cola \/ Kirscheis gemischte Beeren \/ Kirscheis rote Cola \/ gemischte Beeren rote Cola<\/strong><\/p>\n<p><strong>10. Red Bull \/ Wassermelonen-Kaugummi \/ Love 66 \/ Red Bull Wassermelonen-Kaugummi \/ Red Bull Love 66 \/ Wassermelonen-Kaugummi Love 66<\/strong><\/p>\n<p><strong>11. Erdbeereis \/ Erdbeer-Kiwi \/ Erdbeer-Litschi \/ Erdbeer-Eis, Erdbeer-Kiwi \/ Erdbeer-Eis, Erdbeer-Litschi \/ Erdbeer-Kiwi-Erdbeer-Litschi<\/strong><\/p>\n<p><strong>12. Fassionierte Passionsfrucht \/ Guave-Limette \/ Passionsfrucht-Zitrone \/ Fassionierte Passionsfrucht Guave-Limette \/ Fassionierte Passionsfrucht Passionsfrucht-Zitrone \/ Guave-Limette Passionsfrucht-Zitrone<\/strong><\/p>\n<p><img loading=\"lazy\" decoding=\"async\" class=\"alignnone wp-image-4493 size-full\" src=\"https:\/\/pgvape.com\/wp-content\/uploads\/2025\/10\/pgvape-Bang-Legend-150000-150k-Puffs-6-in-1-Flavors-Disposable-Vape-4.png\" alt=\"Zw\u00f6lf gl\u00e4nzend schwarze Verdampferger\u00e4te, die in einem Raster angeordnet sind und jeweils mit einer leuchtenden Neon-Affenillustration, verschiedenen Farben mit Fruchtmotiven und Geschmacksnamen sowie darunter aufgedruckten kleinen Symbolen und nummerierten Geschmackskombinationsanleitungen beschriftet sind.\" width=\"1292\" height=\"1500\" srcset=\"https:\/\/pgvape.com\/wp-content\/uploads\/2025\/10\/pgvape-Bang-Legend-150000-150k-Puffs-6-in-1-Flavors-Disposable-Vape-4.png 1292w, https:\/\/pgvape.com\/wp-content\/uploads\/2025\/10\/pgvape-Bang-Legend-150000-150k-Puffs-6-in-1-Flavors-Disposable-Vape-4-310x360.png 310w, https:\/\/pgvape.com\/wp-content\/uploads\/2025\/10\/pgvape-Bang-Legend-150000-150k-Puffs-6-in-1-Flavors-Disposable-Vape-4-595x691.png 595w, https:\/\/pgvape.com\/wp-content\/uploads\/2025\/10\/pgvape-Bang-Legend-150000-150k-Puffs-6-in-1-Flavors-Disposable-Vape-4-345x400.png 345w, https:\/\/pgvape.com\/wp-content\/uploads\/2025\/10\/pgvape-Bang-Legend-150000-150k-Puffs-6-in-1-Flavors-Disposable-Vape-4-768x892.png 768w, https:\/\/pgvape.com\/wp-content\/uploads\/2025\/10\/pgvape-Bang-Legend-150000-150k-Puffs-6-in-1-Flavors-Disposable-Vape-4-10x12.png 10w, https:\/\/pgvape.com\/wp-content\/uploads\/2025\/10\/pgvape-Bang-Legend-150000-150k-Puffs-6-in-1-Flavors-Disposable-Vape-4-600x697.png 600w, https:\/\/pgvape.com\/wp-content\/uploads\/2025\/10\/pgvape-Bang-Legend-150000-150k-Puffs-6-in-1-Flavors-Disposable-Vape-4-34x40.png 34w\" sizes=\"auto, (max-width: 1292px) 100vw, 1292px\" \/><\/p>\n<p>&nbsp;<\/p>\n<h3><span style=\"font-size: 90%;\">Bang Legend 150000 | 150.000 Puffs 6 in 1 Geschmacksrichtungen Einweg-Vape <strong>Video<\/strong>:<\/span><\/h3>\n<p>&nbsp;<\/p>\n<h2><span style=\"font-size: 100%;\">H\u00e4ufig gestellte Fragen zu Bang Legend 150000 | 150.000 Puffs 6 in 1 Geschmacksrichtungen Einweg-Vape<\/span><\/h2>\n<p data-sourcepos=\"25:1-26:100\">\u2753 <strong data-sourcepos=\"25:3-25:35\">Wie funktioniert der 6-in-1-Geschmack?<\/strong><br \/>\n\u2705 Mischen <strong data-sourcepos=\"26:7-26:26\">beliebige 2-3 Geschmacksrichtungen<\/strong> aus den Dreifachtanks f\u00fcr <strong data-sourcepos=\"26:53-26:70\">individuelle Mischungen<\/strong> oder einzeln genie\u00dfen.<\/p>\n<p data-sourcepos=\"28:1-29:88\">\u2753 <strong data-sourcepos=\"28:3-28:31\">Was gew\u00e4hrleistet 150.000 Z\u00fcge?<\/strong><br \/>\n\u2705 <strong data-sourcepos=\"29:3-29:35\">Optimiertes Dreitank-Design<\/strong> + <strong data-sourcepos=\"29:38-29:61\">effiziente Mesh-Spule<\/strong> Maximieren Sie die E-Liquid-Nutzung.<\/p>\n<p data-sourcepos=\"31:1-32:82\">\u2753 <strong data-sourcepos=\"31:3-31:38\">Ist die Dampfproduktion beeindruckend?<\/strong><br \/>\n\u2705 <strong data-sourcepos=\"32:3-32:16\">Mesh-Spule<\/strong> liefert <strong data-sourcepos=\"32:26-32:47\">40% dichtere Wolken<\/strong> mit <strong data-sourcepos=\"32:53-32:79\">Keine Geschmackskompromisse<\/strong>.<\/p>\n<p data-sourcepos=\"34:1-35:83\">\u2753 <strong data-sourcepos=\"34:3-34:30\">Einzelhandelsfertige Verpackung?<br \/>\n<\/strong> \u2705 <strong data-sourcepos=\"35:3-35:36\">Auff\u00e4llige Displays mit 10 Einheiten<\/strong> mit <strong data-sourcepos=\"35:42-35:66\">Geschmacksmatrix-Anleitungen<\/strong> f\u00fcr Kunden.<\/p>\n<p>&nbsp;<\/p>\n<h3 id=\"brxe-najhln\" class=\"brxe-heading\">H\u00e4ufig gestellte Fragen (FAQ)<\/h3>\n<div id=\"brxe-rajiac\" class=\"brxe-text\">\n<p><strong>F: Welche Zahlungsmethoden akzeptieren Sie?<\/strong><br \/>\nA: Wir akzeptieren PayPal, Stripe, Bank\u00fcberweisungen (SEPA unterst\u00fctzt), g\u00e4ngige Kreditkarten (Visa, MasterCard, American Express) und Zahlungen in Kryptow\u00e4hrung.<\/p>\n<p><strong>F: Wie lange dauert die Auftragsvorbereitung?<\/strong><br \/>\nA: Die Auftragsvorbereitung dauert 1-3 Werktage.<\/p>\n<p><strong>F: Wie lange dauert die Lieferung?<\/strong><br \/>\nA: Die Lieferzeit betr\u00e4gt je nach Standort 7\u201314 Werktage.<\/p>\n<p><strong>F: Wie kann ich meine Bestellung verfolgen?<\/strong><br \/>\nA: Nach dem Versand erhalten Sie eine Best\u00e4tigungs-E-Mail mit einer Sendungsverfolgungsnummer zur Echtzeitverfolgung.<\/p>\n<p><strong>F: Wie lauten Ihre R\u00fcckgabebedingungen?<\/strong><br \/>\nA: Wir bieten ein 30-t\u00e4giges R\u00fcckgaberecht f\u00fcr R\u00fcckerstattungen oder Umtausch. .<\/p>\n<p><strong>F: Wird es Zollprobleme geben?<br \/>\n<\/strong>Wir k\u00fcmmern uns um alle Zollabfertigungsverfahren, um Ihnen ein reibungsloses Erlebnis zu gew\u00e4hrleisten. .<\/p>\n<p><strong>F: Welche Versandarten werden verwendet?<\/strong><br \/>\nWir arbeiten mit UPS\/DHL\/FEDEX\/DPD etc. zusammen. Je nach Lieferland w\u00e4hlen wir die passende Versandoption aus, um sicherzustellen, dass Sie Ihre Produkte schnellstm\u00f6glich erhalten.<\/p>\n<p><a href=\"https:\/\/pgvape.com\/de\/faqs\/\">Klicken Sie hier f\u00fcr weitere FAQ<\/a><\/p>\n<p>Liebe Kunden, wenn Sie Fragen zu Ihrer Bestellung oder zum Wareneingang haben, wenden Sie sich bitte an unseren Kundenservice. Vielen Dank!<\/p>\n<h3 data-sourcepos=\"73:1-73:21\"><strong data-sourcepos=\"73:7-73:21\">Kontaktieren Sie uns<\/strong><\/h3>\n<div id=\"text-2419739398\" class=\"text\">\n<p><strong data-sourcepos=\"75:3-75:12\">E-Mail<\/strong>:\u00a0<a href=\"mailto:support@pgvape.com\"><strong>support@pgvape.com<\/strong><\/a><\/p>\n<p><strong data-sourcepos=\"76:3-76:15\">WhatsApp<\/strong>: <a href=\"https:\/\/wa.me\/+8618128481258\"><strong>+86 18128481258<\/strong><\/a><br \/>\n<strong>(Antwort innerhalb von 24 Stunden an Werktagen)<\/strong><\/p>\n<\/div>\n<h3><strong>Vielen Dank, dass Sie sich f\u00fcr pgvape.com entschieden haben! .<\/strong><\/h3>\n<\/div>","protected":false},"excerpt":{"rendered":"<p><strong data-sourcepos=\"38:5-38:25\">Bang Legend 150K<\/strong> setzt den Ma\u00dfstab mit <strong data-sourcepos=\"38:50-38:77\">un\u00fcbertroffene 150.000 Z\u00fcge<\/strong>, <strong data-sourcepos=\"38:79-38:106\">Flexibilit\u00e4t mit drei Tanks<\/strong>, Und <strong data-sourcepos=\"38:112-38:133\">12 Geschmackssysteme<\/strong>. <strong data-sourcepos=\"38:160-38:181\">extreme Langlebigkeit<\/strong> Und <strong data-sourcepos=\"38:186-38:208\">anpassbarer Geschmack<\/strong>.<\/p>","protected":false},"featured_media":4491,"comment_status":"open","ping_status":"closed","template":"","meta":{"_seopress_robots_primary_cat":"none","_seopress_titles_title":"%%post_title%% %%sep%% %%sitetitle%%","_seopress_titles_desc":"","_seopress_robots_index":""},"product_brand":[72,516],"product_cat":[368,71,515],"product_tag":[370,253,369,90,59,217],"class_list":{"0":"post-4487","1":"product","2":"type-product","3":"status-publish","4":"has-post-thumbnail","6":"product_brand-bang-legend-vape","7":"product_brand-disposable-vape","8":"product_cat-150k-puffs-vape","9":"product_cat-bang-legend-vape","10":"product_cat-disposable-vape","11":"product_tag-150k-puffs-vape","12":"product_tag-6-in-1-flavors","13":"product_tag-bang-legend-150000","14":"product_tag-disposable-vape","15":"product_tag-mouth-to-lung-mtl","16":"product_tag-smart-display-screen","18":"first","19":"instock","20":"sale","21":"shipping-taxable","22":"purchasable","23":"product-type-variable"},"_links":{"self":[{"href":"https:\/\/pgvape.com\/de\/wp-json\/wp\/v2\/product\/4487","targetHints":{"allow":["GET"]}}],"collection":[{"href":"https:\/\/pgvape.com\/de\/wp-json\/wp\/v2\/product"}],"about":[{"href":"https:\/\/pgvape.com\/de\/wp-json\/wp\/v2\/types\/product"}],"replies":[{"embeddable":true,"href":"https:\/\/pgvape.com\/de\/wp-json\/wp\/v2\/comments?post=4487"}],"wp:featuredmedia":[{"embeddable":true,"href":"https:\/\/pgvape.com\/de\/wp-json\/wp\/v2\/media\/4491"}],"wp:attachment":[{"href":"https:\/\/pgvape.com\/de\/wp-json\/wp\/v2\/media?parent=4487"}],"wp:term":[{"taxonomy":"product_brand","embeddable":true,"href":"https:\/\/pgvape.com\/de\/wp-json\/wp\/v2\/product_brand?post=4487"},{"taxonomy":"product_cat","embeddable":true,"href":"https:\/\/pgvape.com\/de\/wp-json\/wp\/v2\/product_cat?post=4487"},{"taxonomy":"product_tag","embeddable":true,"href":"https:\/\/pgvape.com\/de\/wp-json\/wp\/v2\/product_tag?post=4487"}],"curies":[{"name":"wp","href":"https:\/\/api.w.org\/{rel}","templated":true}]}}