{"id":4206,"date":"2025-10-24T10:26:52","date_gmt":"2025-10-24T10:26:52","guid":{"rendered":"https:\/\/pgvape.com\/?post_type=product&#038;p=4206"},"modified":"2026-01-27T11:34:35","modified_gmt":"2026-01-27T11:34:35","slug":"bang-king-25-000-25-000-puffs-double-warehouse-einweg-vape-typ-c-auflade-vape-direkt-ab-werk","status":"publish","type":"product","link":"https:\/\/pgvape.com\/de\/produkt\/bang-king-25-000-25-000-puffs-double-warehouse-einweg-vape-typ-c-auflade-vape-direkt-ab-werk\/","title":{"rendered":"Bang King 25000 25K Puffs Double Warehouse Einweg-Vape Typ-C Recharge Vape Factory Direct"},"content":{"rendered":"<p><strong data-sourcepos=\"4:5-4:67\">Bang King 25000 Puffs Double Warehouse Einweg-Vape-Pod<\/strong> liefert <strong data-sourcepos=\"4:77-4:109\">Erweitertes Dampfvergn\u00fcgen<\/strong> mit seinem <strong data-sourcepos=\"4:119-4:138\">Dual-Pod-System<\/strong> Und <strong data-sourcepos=\"4:143-4:167\">Kapazit\u00e4t f\u00fcr 25.000 Z\u00fcge<\/strong>. <strong data-sourcepos=\"4:179-4:220\">zwei vorgef\u00fcllte 23-ml-Pods (insgesamt 46 ml)<\/strong>, <strong data-sourcepos=\"4:222-4:242\">1,0-Ohm-Mesh-Spule<\/strong>, Und <strong data-sourcepos=\"4:248-4:279\">650-mAh-Akku<\/strong>, bietet es <strong data-sourcepos=\"4:291-4:323\">0%\/2%\/3%\/5% Nikotinoptionen<\/strong> f\u00fcr individuelles Dampfen. <strong data-sourcepos=\"4:351-4:375\">Typ-C-Ladeanschluss<\/strong> sorgt f\u00fcr bequemes Einschalten.<\/p>\n<p>&nbsp;<\/p>\n<h2><span style=\"font-size: 90%;\">Bang King 25000 | 25K Puffs Double Warehouse Einweg-Vape-Produktspezifikationen<\/span><\/h2>\n<p><strong data-sourcepos=\"7:3-7:17\">Puffzahl<\/strong>: 25.000 Z\u00fcge<\/p>\n<p><strong data-sourcepos=\"8:3-8:24\">E-Liquid-Kapazit\u00e4t<\/strong>: 46 ml (23 ml x 2 Kapseln)<\/p>\n<p><strong data-sourcepos=\"9:3-9:11\">Spule<\/strong>: 1,0-Ohm-Mesh-Spule<\/p>\n<p><strong data-sourcepos=\"10:3-10:25\">Nikotinst\u00e4rken<\/strong>: 0%\/2%\/3%\/5%<\/p>\n<p><strong data-sourcepos=\"11:3-11:14\">Batterie<\/strong>: 650 mAh wiederaufladbar<\/p>\n<p><strong data-sourcepos=\"12:3-12:15\">Aufladen<\/strong>: Typ-C-Anschluss<\/p>\n<p><strong data-sourcepos=\"13:3-13:17\">Pod-System<\/strong>: Zwei vorgef\u00fcllte Pods<\/p>\n<p><strong data-sourcepos=\"14:3-14:21\">Geschmacksoptionen<\/strong>: 12 Sorten<\/p>\n<p>&nbsp;<\/p>\n<h3><span style=\"font-size: 90%;\">Bang King 25000 | 25K Puffs Double Warehouse Einweg-Vape-Geschmacksauswahl<\/span><\/h3>\n<p><strong data-sourcepos=\"17:4-17:21\">1.Blaues Razz-Eis<\/strong><\/p>\n<p><strong data-sourcepos=\"18:4-18:23\">2. Saftiges Pfirsicheis<\/strong><\/p>\n<p><strong data-sourcepos=\"19:4-19:29\">3.Erdbeer-Wassermelone<\/strong><\/p>\n<p><strong data-sourcepos=\"20:4-20:22\">4. Wassermeloneneis<\/strong><\/p>\n<p><strong data-sourcepos=\"21:4-21:25\">5. Erdbeerbanane<\/strong><\/p>\n<p><strong data-sourcepos=\"22:4-22:22\">6. Saures Apfeleis<\/strong><\/p>\n<p><strong data-sourcepos=\"23:4-23:24\">7. Dreifaches Beereneis<\/strong><\/p>\n<p><strong data-sourcepos=\"24:4-24:22\">8. Tropische Fr\u00fcchte<\/strong><\/p>\n<p><strong data-sourcepos=\"25:4-25:19\">9. Kirschbombe<\/strong><\/p>\n<p><strong data-sourcepos=\"26:5-26:18\">10.Traubeneis<\/strong><\/p>\n<p><strong data-sourcepos=\"27:5-27:20\">11.Pfirsich-Mango<\/strong><\/p>\n<p><strong data-sourcepos=\"28:5-28:25\">12.Erdbeer-Mango<\/strong><\/p>\n<p>&nbsp;<\/p>\n<p><img loading=\"lazy\" decoding=\"async\" class=\"alignnone wp-image-4211 size-full\" src=\"https:\/\/pgvape.com\/wp-content\/uploads\/2025\/10\/pgvape-Bang-King-25000-Puffs-Double-Warehouse-Disposable-Vape-3.png\" alt=\"\" width=\"1200\" height=\"773\" srcset=\"https:\/\/pgvape.com\/wp-content\/uploads\/2025\/10\/pgvape-Bang-King-25000-Puffs-Double-Warehouse-Disposable-Vape-3.png 1200w, https:\/\/pgvape.com\/wp-content\/uploads\/2025\/10\/pgvape-Bang-King-25000-Puffs-Double-Warehouse-Disposable-Vape-3-555x358.png 555w, https:\/\/pgvape.com\/wp-content\/uploads\/2025\/10\/pgvape-Bang-King-25000-Puffs-Double-Warehouse-Disposable-Vape-3-595x383.png 595w, https:\/\/pgvape.com\/wp-content\/uploads\/2025\/10\/pgvape-Bang-King-25000-Puffs-Double-Warehouse-Disposable-Vape-3-400x258.png 400w, https:\/\/pgvape.com\/wp-content\/uploads\/2025\/10\/pgvape-Bang-King-25000-Puffs-Double-Warehouse-Disposable-Vape-3-768x495.png 768w, https:\/\/pgvape.com\/wp-content\/uploads\/2025\/10\/pgvape-Bang-King-25000-Puffs-Double-Warehouse-Disposable-Vape-3-18x12.png 18w, https:\/\/pgvape.com\/wp-content\/uploads\/2025\/10\/pgvape-Bang-King-25000-Puffs-Double-Warehouse-Disposable-Vape-3-600x387.png 600w, https:\/\/pgvape.com\/wp-content\/uploads\/2025\/10\/pgvape-Bang-King-25000-Puffs-Double-Warehouse-Disposable-Vape-3-60x40.png 60w\" sizes=\"auto, (max-width: 1200px) 100vw, 1200px\" \/><\/p>\n<p>&nbsp;<\/p>\n<h3><span style=\"font-size: 90%;\">Bang King 25000 | 25K Puffs Double Warehouse Einweg-Vape-Video:<\/span><\/h3>\n<p>&nbsp;<\/p>\n<h2><span style=\"font-size: 90%;\">H\u00e4ufig gestellte Fragen zu Bang King 25000 | 25K Puffs Double Warehouse Einweg-Vaporizer<\/span><\/h2>\n<p data-sourcepos=\"31:1-32:87\">\u2753 <strong data-sourcepos=\"31:3-31:41\">Wie funktioniert das Dual-Pod-System?<\/strong><br \/>\n\u2705 Funktionen <strong data-sourcepos=\"32:12-32:40\">zwei vorgef\u00fcllte 23-ml-Pods<\/strong> f\u00fcr <strong data-sourcepos=\"32:45-32:61\">erweiterter Einsatz<\/strong> Und <strong data-sourcepos=\"32:66-32:84\">Geschmacksvielfalt<\/strong>.<\/p>\n<p data-sourcepos=\"34:1-35:74\">\u2753 <strong data-sourcepos=\"34:3-34:48\">Was macht die Dampfqualit\u00e4t au\u00dfergew\u00f6hnlich?<\/strong><br \/>\n\u2705 <strong data-sourcepos=\"35:3-35:23\">1,0-Ohm-Mesh-Spule<\/strong> liefert <strong data-sourcepos=\"35:33-35:71\">sanfte, aromatische Dampfproduktion<\/strong>.<\/p>\n<p data-sourcepos=\"37:1-38:75\">\u2753 <strong data-sourcepos=\"37:3-37:38\">Wie lange h\u00e4lt die Batterie?<\/strong><br \/>\n\u2705 <strong data-sourcepos=\"38:3-38:34\">650-mAh-Akku<\/strong> unterst\u00fctzt <strong data-sourcepos=\"38:44-38:72\">l\u00e4ngere Dampfsitzungen<\/strong>.<\/p>\n<p data-sourcepos=\"40:1-41:66\">\u2753 <strong data-sourcepos=\"40:3-40:28\">Ist das Aufladen einfach?<\/strong><br \/>\n\u2705 <strong data-sourcepos=\"41:3-41:22\">Laden vom Typ C<\/strong> bietet <strong data-sourcepos=\"41:32-41:63\">schnelle, bequeme Power-Ups<\/strong>.<\/p>\n<p data-sourcepos=\"43:1-44:52\">\u2753 <strong data-sourcepos=\"43:3-43:43\">Welche Nikotinoptionen gibt es?<br \/>\n<\/strong> \u2705 W\u00e4hlen Sie aus <strong data-sourcepos=\"44:15-44:49\">0%\/2%\/3%\/5% Nikotinst\u00e4rken<\/strong>.<\/p>\n<p>&nbsp;<\/p>\n<h3 id=\"brxe-najhln\" class=\"brxe-heading\">H\u00e4ufig gestellte Fragen (FAQ)<\/h3>\n<div id=\"brxe-rajiac\" class=\"brxe-text\">\n<p><strong>F: Welche Zahlungsmethoden akzeptieren Sie?<\/strong><br \/>\nA: Wir akzeptieren PayPal, Stripe, Bank\u00fcberweisungen (SEPA unterst\u00fctzt), g\u00e4ngige Kreditkarten (Visa, MasterCard, American Express) und Zahlungen in Kryptow\u00e4hrung.<\/p>\n<p><strong>F: Wie lange dauert die Auftragsvorbereitung?<\/strong><br \/>\nA: Die Auftragsvorbereitung dauert 1-3 Werktage.<\/p>\n<p><strong>F: Wie lange dauert die Lieferung?<\/strong><br \/>\nA: Die Lieferzeit betr\u00e4gt je nach Standort 7\u201314 Werktage.<\/p>\n<p><strong>F: Wie kann ich meine Bestellung verfolgen?<\/strong><br \/>\nA: Nach dem Versand erhalten Sie eine Best\u00e4tigungs-E-Mail mit einer Sendungsverfolgungsnummer zur Echtzeitverfolgung.<\/p>\n<p><strong>F: Wie lauten Ihre R\u00fcckgabebedingungen?<\/strong><br \/>\nA: Wir bieten ein 30-t\u00e4giges R\u00fcckgaberecht f\u00fcr R\u00fcckerstattungen oder Umtausch. .<\/p>\n<p><strong>F: Wird es Zollprobleme geben?<br \/>\n<\/strong>Wir k\u00fcmmern uns um alle Zollabfertigungsverfahren, um Ihnen ein reibungsloses Erlebnis zu gew\u00e4hrleisten. .<\/p>\n<p><strong>F: Welche Versandarten werden verwendet?<\/strong><br \/>\nWir arbeiten mit UPS\/DHL\/FEDEX\/DPD etc. zusammen. Je nach Lieferland w\u00e4hlen wir die passende Versandoption aus, um sicherzustellen, dass Sie Ihre Produkte schnellstm\u00f6glich erhalten.<\/p>\n<p><a href=\"https:\/\/pgvape.com\/de\/faqs\/\">Klicken Sie hier f\u00fcr weitere FAQ<\/a><\/p>\n<p>Liebe Kunden, wenn Sie Fragen zu Ihrer Bestellung oder zum Wareneingang haben, wenden Sie sich bitte an unseren Kundenservice. Vielen Dank!<\/p>\n<h3 data-sourcepos=\"73:1-73:21\"><strong data-sourcepos=\"73:7-73:21\">Kontaktieren Sie uns<\/strong><\/h3>\n<div id=\"text-2419739398\" class=\"text\">\n<p><strong data-sourcepos=\"75:3-75:12\">E-Mail<\/strong>:\u00a0<a href=\"mailto:support@pgvape.com\"><strong>support@pgvape.com<\/strong><\/a><\/p>\n<p><strong data-sourcepos=\"76:3-76:15\">WhatsApp<\/strong>: <a href=\"https:\/\/wa.me\/+8618128481258\"><strong>+86 18128481258<\/strong><\/a><br \/>\n<strong>(Antwort innerhalb von 24 Stunden an Werktagen)<\/strong><\/p>\n<\/div>\n<h3><strong>Vielen Dank, dass Sie sich f\u00fcr pgvape.com entschieden haben! .<\/strong><\/h3>\n<\/div>","protected":false},"excerpt":{"rendered":"<p><strong data-sourcepos=\"47:5-47:30\">Bang King 25000 Z\u00fcge<\/strong> Angebote <strong data-sourcepos=\"47:38-47:62\">Dual-Pod-Komfort<\/strong>, <strong data-sourcepos=\"47:64-47:90\">erweitertes Fassungsverm\u00f6gen von 46 ml<\/strong>, Und <strong data-sourcepos=\"47:96-47:120\">Mesh-Coil-Technologie<\/strong> mit <strong data-sourcepos=\"47:126-47:147\">12 Geschmacksoptionen<\/strong> f\u00fcr ein zufriedenstellendes Dampferlebnis.<\/p>","protected":false},"featured_media":4209,"comment_status":"open","ping_status":"closed","template":"","meta":{"_seopress_robots_primary_cat":"none","_seopress_titles_title":"%%post_title%% %%sep%% %%sitetitle%%","_seopress_titles_desc":"","_seopress_robots_index":""},"product_brand":[19,516],"product_cat":[94,18,515],"product_tag":[351,350,90,322,352,81],"class_list":{"0":"post-4206","1":"product","2":"type-product","3":"status-publish","4":"has-post-thumbnail","6":"product_brand-bang-king-vape","7":"product_brand-disposable-vape","8":"product_cat-25k-puffs-vape","9":"product_cat-bang-king-vape","10":"product_cat-disposable-vape","11":"product_tag-25k-puffs-vape","12":"product_tag-bang-king-25000","13":"product_tag-disposable-vape","14":"product_tag-double-warehouse","15":"product_tag-dual-pod","16":"product_tag-mouth-to-lung","18":"first","19":"instock","20":"sale","21":"shipping-taxable","22":"purchasable","23":"product-type-variable"},"_links":{"self":[{"href":"https:\/\/pgvape.com\/de\/wp-json\/wp\/v2\/product\/4206","targetHints":{"allow":["GET"]}}],"collection":[{"href":"https:\/\/pgvape.com\/de\/wp-json\/wp\/v2\/product"}],"about":[{"href":"https:\/\/pgvape.com\/de\/wp-json\/wp\/v2\/types\/product"}],"replies":[{"embeddable":true,"href":"https:\/\/pgvape.com\/de\/wp-json\/wp\/v2\/comments?post=4206"}],"wp:featuredmedia":[{"embeddable":true,"href":"https:\/\/pgvape.com\/de\/wp-json\/wp\/v2\/media\/4209"}],"wp:attachment":[{"href":"https:\/\/pgvape.com\/de\/wp-json\/wp\/v2\/media?parent=4206"}],"wp:term":[{"taxonomy":"product_brand","embeddable":true,"href":"https:\/\/pgvape.com\/de\/wp-json\/wp\/v2\/product_brand?post=4206"},{"taxonomy":"product_cat","embeddable":true,"href":"https:\/\/pgvape.com\/de\/wp-json\/wp\/v2\/product_cat?post=4206"},{"taxonomy":"product_tag","embeddable":true,"href":"https:\/\/pgvape.com\/de\/wp-json\/wp\/v2\/product_tag?post=4206"}],"curies":[{"name":"wp","href":"https:\/\/api.w.org\/{rel}","templated":true}]}}