{"id":4111,"date":"2025-10-23T13:13:05","date_gmt":"2025-10-23T13:13:05","guid":{"rendered":"https:\/\/pgvape.com\/?post_type=product&#038;p=4111"},"modified":"2026-01-27T11:52:38","modified_gmt":"2026-01-27T11:52:38","slug":"fur-120-000-120-000-puffs-4-in-1-geschmacksrichtungen-einweg-vaporizer-direkt-ab-werk","status":"publish","type":"product","link":"https:\/\/pgvape.com\/de\/produkt\/fur-120-000-120-000-puffs-4-in-1-geschmacksrichtungen-einweg-vaporizer-direkt-ab-werk\/","title":{"rendered":"UOR 120000 120k Puffs 4 in 1 Geschmacksrichtungen Einweg-Vape-Vape Factory Direct"},"content":{"rendered":"<p><strong data-sourcepos=\"6:5-6:46\">UOR 120000 120K Puffs Einweg-Vaporizer<\/strong> definiert das Dampfen neu <strong data-sourcepos=\"6:69-6:97\">120.000 ultralange Z\u00fcge<\/strong> Und <strong data-sourcepos=\"6:102-6:126\">4 einstellbare Geschmacksrichtungen<\/strong> in einem Ger\u00e4t. <strong data-sourcepos=\"6:154-6:180\">64 ml E-Liquid-Kapazit\u00e4t<\/strong> (16 ml \u00d7 4 Tanks) und <strong data-sourcepos=\"6:200-6:231\">650-mAh-Akku<\/strong>, es liefert <strong data-sourcepos=\"6:245-6:267\">reicher, sanfter Dampf<\/strong> \u00fcber seine <strong data-sourcepos=\"6:276-6:289\">Mesh-Spule<\/strong> Technologie. <strong data-sourcepos=\"6:306-6:321\">LED-Anzeige<\/strong> Verfolgt die Akkulaufzeit und -nutzung, w\u00e4hrend <strong data-sourcepos=\"6:359-6:383\">Typ-C-Schnellladung<\/strong> sorgt f\u00fcr schnelles Einschalten. <strong data-sourcepos=\"6:421-6:451\">10 Premium-Geschmacksquartette<\/strong> mit <strong data-sourcepos=\"6:457-6:478\">2% oder 5% Nikotin<\/strong> Optionen f\u00fcr individuelle Zufriedenheit.<img loading=\"lazy\" decoding=\"async\" class=\"alignnone wp-image-4115 size-full\" src=\"https:\/\/pgvape.com\/wp-content\/uploads\/2025\/10\/pgvape-UOR-120000-120k-Puffs-4-in-1-Flavors-Disposable-Vape-2.png\" alt=\"Eine Reihe farbenfroher rechteckiger E-Zigaretten mit Comic-Affenetiketten und leuchtend mehrfarbigen Kappen, die auf pastellfarbenen Plattformen vor einem leuchtend gelben Hintergrund angeordnet sind, begleitet von fettem &#039;120K&#039;- und &#039;4in1&#039;-Text und kleinen Produktsymbolen auf der linken Seite.\" width=\"1500\" height=\"750\" srcset=\"https:\/\/pgvape.com\/wp-content\/uploads\/2025\/10\/pgvape-UOR-120000-120k-Puffs-4-in-1-Flavors-Disposable-Vape-2.png 1500w, https:\/\/pgvape.com\/wp-content\/uploads\/2025\/10\/pgvape-UOR-120000-120k-Puffs-4-in-1-Flavors-Disposable-Vape-2-555x278.png 555w, https:\/\/pgvape.com\/wp-content\/uploads\/2025\/10\/pgvape-UOR-120000-120k-Puffs-4-in-1-Flavors-Disposable-Vape-2-595x298.png 595w, https:\/\/pgvape.com\/wp-content\/uploads\/2025\/10\/pgvape-UOR-120000-120k-Puffs-4-in-1-Flavors-Disposable-Vape-2-400x200.png 400w, https:\/\/pgvape.com\/wp-content\/uploads\/2025\/10\/pgvape-UOR-120000-120k-Puffs-4-in-1-Flavors-Disposable-Vape-2-768x384.png 768w, https:\/\/pgvape.com\/wp-content\/uploads\/2025\/10\/pgvape-UOR-120000-120k-Puffs-4-in-1-Flavors-Disposable-Vape-2-18x9.png 18w, https:\/\/pgvape.com\/wp-content\/uploads\/2025\/10\/pgvape-UOR-120000-120k-Puffs-4-in-1-Flavors-Disposable-Vape-2-600x300.png 600w, https:\/\/pgvape.com\/wp-content\/uploads\/2025\/10\/pgvape-UOR-120000-120k-Puffs-4-in-1-Flavors-Disposable-Vape-2-60x30.png 60w\" sizes=\"auto, (max-width: 1500px) 100vw, 1500px\" \/><\/p>\n<p>&nbsp;<\/p>\n<h2><span style=\"font-size: 90%;\">UOR 120000 | 120k Puffs 4 in 1 Geschmacksrichtungen Einweg-Vape <strong data-sourcepos=\"10:5-10:31\">Produktspezifikationen<\/strong><\/span><\/h2>\n<p><strong data-sourcepos=\"11:3-11:17\">Puffzahl<\/strong>:\u00a0<strong data-sourcepos=\"11:19-11:36\">120.000 Z\u00fcge<\/strong><\/p>\n<p><strong data-sourcepos=\"12:3-12:15\">E-Liquid<\/strong>:\u00a0<strong data-sourcepos=\"12:17-12:48\">16 ml \u00d7 4 Tanks (insgesamt 64 ml)<\/strong><\/p>\n<p><strong data-sourcepos=\"13:3-13:15\">Nikotin<\/strong>:\u00a0<strong data-sourcepos=\"13:17-13:28\">2% \/ 5%<\/strong><\/p>\n<p><strong data-sourcepos=\"14:3-14:14\">Batterie<\/strong>:\u00a0<strong data-sourcepos=\"14:16-14:39\">650 mAh wiederaufladbar<\/strong><\/p>\n<p><strong data-sourcepos=\"15:3-15:11\">Spule<\/strong>:\u00a0<strong data-sourcepos=\"15:13-15:26\">Mesh-Spule<\/strong><\/p>\n<p><strong data-sourcepos=\"16:3-16:15\">Aufladen<\/strong>:\u00a0<strong data-sourcepos=\"16:17-16:41\">Typ-C-Schnellladung<\/strong><\/p>\n<p><strong data-sourcepos=\"17:3-17:14\">Anzeige<\/strong>:\u00a0<strong data-sourcepos=\"17:16-17:30\">LED-Bildschirm<\/strong>\u00a0(Batterie\/Zuganzahl\/Geschmacksmodus)<\/p>\n<p><strong data-sourcepos=\"18:3-18:19\">Geschmacksmodi<\/strong>:\u00a0<strong data-sourcepos=\"18:21-18:45\">4 einstellbare Geschmacksrichtungen<\/strong><\/p>\n<p><strong data-sourcepos=\"19:3-19:16\">Verpackung<\/strong>:\u00a0<strong data-sourcepos=\"19:18-19:32\">10 St\u00fcck\/Karton<\/strong><\/p>\n<p>&nbsp;<\/p>\n<h3><span style=\"font-size: 90%;\">UOR 120000 | 120k Puffs 4 in 1 Geschmacksrichtungen Einweg-Vape <strong data-sourcepos=\"23:5-23:24\">Geschmacksquartette<\/strong><\/span><\/h3>\n<p><strong data-sourcepos=\"24:4-24:100\">1.Wassermelonen-Eis \/ Blaubeer-Minze \/ Fuji-Apfel-Eis \/ Limetten-Minze \/ Fuji-Apfel-Eis \/ Limetten-Romanze<\/strong><\/p>\n<p><strong data-sourcepos=\"25:4-25:78\">2.Wassermeloneneis \/ Blaubeerkirsche \/ Sommerzeit \/ Saure Mango-Ananas<\/strong><\/p>\n<p><strong data-sourcepos=\"27:4-27:69\">3. Blaubeereis \/ Pfirsicheis \/ Regenbogens\u00fc\u00dfigkeit \/ Zitronen-Sauer-Orange<\/strong><\/p>\n<p><strong data-sourcepos=\"28:4-28:75\">4.Blaubeereis \/ Pfirsich-Mango-Wassermelone \/ Passionskuss \/ Melone-Apfel<\/strong><\/p>\n<p><strong data-sourcepos=\"29:4-29:83\">5. Blaubeer-Himbeere \/ gemischte Beere \/ kalifornische Kirsche \/ Passionsfrucht-Mango<\/strong><\/p>\n<p><strong data-sourcepos=\"30:4-30:70\">6. Blaubeer-Himbeere \/ Traubeneis \/ Beereneis \/ Aloe-Mango-Melone<\/strong><\/p>\n<p><strong data-sourcepos=\"31:4-31:79\">7.Energy Drink \/ Blaubeer-Wassermelone \/ Saurer Apfel-Himbeer \/ Gummib\u00e4rchen<\/strong><\/p>\n<p><strong data-sourcepos=\"32:4-32:71\">8.Erdbeer-Mango \/ Wassermelonen-Kaugummi \/ Roter Mojito \/ Love 66<\/strong><\/p>\n<p><strong data-sourcepos=\"33:4-33:74\">9.Erdbeer-Wassermelone \/ Schwarzes Eis \/ Dreifache Melone \/ Cranberry-Traube<\/strong><\/p>\n<p><strong data-sourcepos=\"34:5-34:93\">10.Erdbeer-Wassermelone \/ Kiwi-Passionsfrucht-Guave \/ Mango-Eis \/ Wassermelone, saurer Pfirsich<img loading=\"lazy\" decoding=\"async\" class=\"alignnone wp-image-4118 size-full\" src=\"https:\/\/pgvape.com\/wp-content\/uploads\/2025\/10\/pgvape-UOR-120000-120k-Puffs-4-in-1-Flavors-Disposable-Vape-5.png\" alt=\"\" width=\"1500\" height=\"1217\" srcset=\"https:\/\/pgvape.com\/wp-content\/uploads\/2025\/10\/pgvape-UOR-120000-120k-Puffs-4-in-1-Flavors-Disposable-Vape-5.png 1500w, https:\/\/pgvape.com\/wp-content\/uploads\/2025\/10\/pgvape-UOR-120000-120k-Puffs-4-in-1-Flavors-Disposable-Vape-5-444x360.png 444w, https:\/\/pgvape.com\/wp-content\/uploads\/2025\/10\/pgvape-UOR-120000-120k-Puffs-4-in-1-Flavors-Disposable-Vape-5-595x483.png 595w, https:\/\/pgvape.com\/wp-content\/uploads\/2025\/10\/pgvape-UOR-120000-120k-Puffs-4-in-1-Flavors-Disposable-Vape-5-400x325.png 400w, https:\/\/pgvape.com\/wp-content\/uploads\/2025\/10\/pgvape-UOR-120000-120k-Puffs-4-in-1-Flavors-Disposable-Vape-5-768x623.png 768w, https:\/\/pgvape.com\/wp-content\/uploads\/2025\/10\/pgvape-UOR-120000-120k-Puffs-4-in-1-Flavors-Disposable-Vape-5-15x12.png 15w, https:\/\/pgvape.com\/wp-content\/uploads\/2025\/10\/pgvape-UOR-120000-120k-Puffs-4-in-1-Flavors-Disposable-Vape-5-600x487.png 600w, https:\/\/pgvape.com\/wp-content\/uploads\/2025\/10\/pgvape-UOR-120000-120k-Puffs-4-in-1-Flavors-Disposable-Vape-5-49x40.png 49w\" sizes=\"auto, (max-width: 1500px) 100vw, 1500px\" \/><\/strong><\/p>\n<p>&nbsp;<\/p>\n<h3><span style=\"font-size: 90%;\">UOR 120000 | 120k Puffs 4 in 1 Geschmacksrichtungen Einweg-Vape Video:<br \/>\n<\/span><\/h3>\n<p><iframe loading=\"lazy\" title=\"UOR 120000 | 120k Puffs 4 in 1 Geschmacksrichtungen Einweg-Vape | 10Tastes | Mit LED-Anzeige pgvape\" width=\"563\" height=\"1000\" src=\"https:\/\/www.youtube.com\/embed\/VymLw_XwTJ8?feature=oembed\" frameborder=\"0\" allow=\"accelerometer; autoplay; clipboard-write; encrypted-media; gyroscope; picture-in-picture; web-share\" referrerpolicy=\"strict-origin-when-cross-origin\" allowfullscreen><\/iframe><\/p>\n<p>&nbsp;<\/p>\n<h2><span style=\"font-size: 90%;\">H\u00e4ufig gestellte Fragen zu UOR 120000 | 120k Puffs 4 in 1 Flavours Einweg-Vaporizer<\/span><\/h2>\n<p data-sourcepos=\"39:1-40:94\">\u2753 <strong data-sourcepos=\"39:3-39:41\">Wie funktioniert das 4-Geschmack-System?<\/strong><br \/>\n\u2705 Durchdrehen <strong data-sourcepos=\"40:18-40:41\">vier voreingestellte Geschmacksrichtungen<\/strong> mit einem einfachen Tastendruck oder automatischer Umschaltung.<\/p>\n<p data-sourcepos=\"42:1-43:95\">\u2753 <strong data-sourcepos=\"42:3-42:34\">Was gew\u00e4hrleistet die Dampfqualit\u00e4t?<\/strong><br \/>\n\u2705 Die <strong data-sourcepos=\"43:7-43:20\">Mesh-Spule<\/strong> bietet <strong data-sourcepos=\"43:30-43:49\">30% mehr Geschmack<\/strong> Und <strong data-sourcepos=\"43:54-43:72\">sanftere Z\u00fcge<\/strong> als Standardspulen.<\/p>\n<p data-sourcepos=\"45:1-46:90\">\u2753 <strong data-sourcepos=\"45:3-45:38\">Wie lange h\u00e4lt die Batterie?<\/strong><br \/>\n\u2705 <strong data-sourcepos=\"46:3-46:21\">650-mAh-Akku<\/strong> unterst\u00fctzt <strong data-sourcepos=\"46:31-46:46\">Tage der Nutzung<\/strong>; <strong data-sourcepos=\"46:48-46:58\">Typ-C<\/strong> l\u00e4dt sich auf <strong data-sourcepos=\"46:72-46:87\">~50 Minuten<\/strong>.<\/p>\n<p data-sourcepos=\"48:1-49:87\">\u2753 <strong data-sourcepos=\"48:3-48:36\">Ist es f\u00fcr Einzelh\u00e4ndler geeignet?<\/strong><br \/>\n\u2705 <strong data-sourcepos=\"49:3-49:25\">10-teilige Verpackung<\/strong> Und <strong data-sourcepos=\"49:30-49:49\">hohe Puffzahl<\/strong> Machen Sie es ideal f\u00fcr den Einzel-\/Gro\u00dfhandel.<\/p>\n<p data-sourcepos=\"51:1-52:92\">\u2753 <strong data-sourcepos=\"51:3-51:25\">Kann ich die Nutzung verfolgen?<br \/>\n<\/strong> \u2705 Die <strong data-sourcepos=\"52:7-52:22\">LED-Anzeige<\/strong> zeigt <strong data-sourcepos=\"52:29-52:50\">Echtzeitbatterie<\/strong>, <strong data-sourcepos=\"52:52-52:66\">Puffanzahl<\/strong>, Und <strong data-sourcepos=\"52:72-52:89\">aktiver Geschmack<\/strong>.<\/p>\n<p>&nbsp;<\/p>\n<h3 id=\"brxe-najhln\" class=\"brxe-heading\">H\u00e4ufig gestellte Fragen (FAQ)<\/h3>\n<div id=\"brxe-rajiac\" class=\"brxe-text\">\n<p><strong>F: Welche Zahlungsmethoden akzeptieren Sie?<\/strong><br \/>\nA: Wir akzeptieren PayPal, Stripe, Bank\u00fcberweisungen (SEPA unterst\u00fctzt), g\u00e4ngige Kreditkarten (Visa, MasterCard, American Express) und Zahlungen in Kryptow\u00e4hrung.<\/p>\n<p><strong>F: Wie lange dauert die Auftragsvorbereitung?<\/strong><br \/>\nA: Die Auftragsvorbereitung dauert 1-3 Werktage.<\/p>\n<p><strong>F: Wie lange dauert die Lieferung?<\/strong><br \/>\nA: Die Lieferzeit betr\u00e4gt je nach Standort 7\u201314 Werktage.<\/p>\n<p><strong>F: Wie kann ich meine Bestellung verfolgen?<\/strong><br \/>\nA: Nach dem Versand erhalten Sie eine Best\u00e4tigungs-E-Mail mit einer Sendungsverfolgungsnummer zur Echtzeitverfolgung.<\/p>\n<p><strong>F: Wie lauten Ihre R\u00fcckgabebedingungen?<\/strong><br \/>\nA: Wir bieten ein 30-t\u00e4giges R\u00fcckgaberecht f\u00fcr R\u00fcckerstattungen oder Umtausch. .<\/p>\n<p><strong>F: Wird es Zollprobleme geben?<br \/>\n<\/strong>Wir k\u00fcmmern uns um alle Zollabfertigungsverfahren, um Ihnen ein reibungsloses Erlebnis zu gew\u00e4hrleisten. .<\/p>\n<p><strong>F: Welche Versandarten werden verwendet?<\/strong><br \/>\nWir arbeiten mit UPS\/DHL\/FEDEX\/DPD etc. zusammen. Je nach Lieferland w\u00e4hlen wir die passende Versandoption aus, um sicherzustellen, dass Sie Ihre Produkte schnellstm\u00f6glich erhalten.<\/p>\n<p><a href=\"https:\/\/pgvape.com\/de\/faqs\/\">Klicken Sie hier f\u00fcr weitere FAQ<\/a><\/p>\n<p>Liebe Kunden, wenn Sie Fragen zu Ihrer Bestellung oder zum Wareneingang haben, wenden Sie sich bitte an unseren Kundenservice. Vielen Dank!<\/p>\n<h3 data-sourcepos=\"73:1-73:21\"><strong data-sourcepos=\"73:7-73:21\">Kontaktieren Sie uns<\/strong><\/h3>\n<div id=\"text-2419739398\" class=\"text\">\n<p><strong data-sourcepos=\"75:3-75:12\">E-Mail<\/strong>:\u00a0<a href=\"mailto:support@pgvape.com\"><strong>support@pgvape.com<\/strong><\/a><\/p>\n<p><strong data-sourcepos=\"76:3-76:15\">WhatsApp<\/strong>: <a href=\"https:\/\/wa.me\/+8618128481258\"><strong>+86 18128481258<\/strong><\/a><br \/>\n<strong>(Antwort innerhalb von 24 Stunden an Werktagen)<\/strong><\/p>\n<\/div>\n<h3><strong>Vielen Dank, dass Sie sich f\u00fcr pgvape.com entschieden haben! .<\/strong><\/h3>\n<\/div>","protected":false},"excerpt":{"rendered":"<p>Mit <strong data-sourcepos=\"57:6-57:20\">120.000 Z\u00fcge<\/strong>, <strong data-sourcepos=\"57:22-57:46\">Flexibilit\u00e4t mit 4 Geschmacksrichtungen<\/strong>, Und <strong data-sourcepos=\"57:52-57:69\">64 ml Fassungsverm\u00f6gen<\/strong>, Die <strong data-sourcepos=\"57:75-57:89\">UOR 120000<\/strong> dominiert den Premium-Einwegmarkt. <strong data-sourcepos=\"57:131-57:149\">10 Geschmackssets<\/strong> Und <strong data-sourcepos=\"57:154-57:176\">Intelligentes LED-Tracking<\/strong> bieten un\u00fcbertroffene Vielfalt.<\/p>","protected":false},"featured_media":4120,"comment_status":"open","ping_status":"closed","template":"","meta":{"_seopress_robots_primary_cat":"none","_seopress_titles_title":"%%post_title%% %%sep%% %%sitetitle%%","_seopress_titles_desc":"","_seopress_robots_index":""},"product_brand":[516,345],"product_cat":[69,515,344],"product_tag":[75,82,53,90,490,59,346,220],"class_list":{"0":"post-4111","1":"product","2":"type-product","3":"status-publish","4":"has-post-thumbnail","6":"product_brand-disposable-vape","7":"product_brand-uor-vape","8":"product_cat-120k-puffs-vape","9":"product_cat-disposable-vape","10":"product_cat-uor-vape","11":"product_tag-120k-puffs","12":"product_tag-120k-vape","13":"product_tag-4-in-1-flavors","14":"product_tag-disposable-vape","15":"product_tag-minimum-2-pieces","16":"product_tag-mouth-to-lung-mtl","17":"product_tag-uor-120000","18":"product_tag-with-led-display","20":"first","21":"instock","22":"sale","23":"shipping-taxable","24":"purchasable","25":"product-type-variable"},"_links":{"self":[{"href":"https:\/\/pgvape.com\/de\/wp-json\/wp\/v2\/product\/4111","targetHints":{"allow":["GET"]}}],"collection":[{"href":"https:\/\/pgvape.com\/de\/wp-json\/wp\/v2\/product"}],"about":[{"href":"https:\/\/pgvape.com\/de\/wp-json\/wp\/v2\/types\/product"}],"replies":[{"embeddable":true,"href":"https:\/\/pgvape.com\/de\/wp-json\/wp\/v2\/comments?post=4111"}],"wp:featuredmedia":[{"embeddable":true,"href":"https:\/\/pgvape.com\/de\/wp-json\/wp\/v2\/media\/4120"}],"wp:attachment":[{"href":"https:\/\/pgvape.com\/de\/wp-json\/wp\/v2\/media?parent=4111"}],"wp:term":[{"taxonomy":"product_brand","embeddable":true,"href":"https:\/\/pgvape.com\/de\/wp-json\/wp\/v2\/product_brand?post=4111"},{"taxonomy":"product_cat","embeddable":true,"href":"https:\/\/pgvape.com\/de\/wp-json\/wp\/v2\/product_cat?post=4111"},{"taxonomy":"product_tag","embeddable":true,"href":"https:\/\/pgvape.com\/de\/wp-json\/wp\/v2\/product_tag?post=4111"}],"curies":[{"name":"wp","href":"https:\/\/api.w.org\/{rel}","templated":true}]}}