{"id":409,"date":"2025-07-15T12:40:11","date_gmt":"2025-07-15T12:40:11","guid":{"rendered":"https:\/\/pgvape.com\/?post_type=product&#038;p=409"},"modified":"2026-02-02T08:42:55","modified_gmt":"2026-02-02T08:42:55","slug":"bang-30000-pro-30k-puffs-einweg-vape-lcd-display-mit-zwei-geschmacksrichtungen-im-fabrikgroshandel","status":"publish","type":"product","link":"https:\/\/pgvape.com\/de\/produkt\/bang-30000-pro-30k-puffs-einweg-vape-lcd-display-mit-zwei-geschmacksrichtungen-im-fabrikgroshandel\/","title":{"rendered":"Bang 30000 PRO | 30K Puffs Einweg-Vape mit zwei Geschmacksrichtungen | LCD-Display | Fabrikgro\u00dfhandel"},"content":{"rendered":"<div style=\"width: 1020px;\" class=\"wp-video\"><video class=\"wp-video-shortcode\" id=\"video-409-1\" width=\"1020\" height=\"574\" preload=\"auto\" controls=\"controls\"><source type=\"video\/mp4\" src=\"https:\/\/pgvape.com\/wp-content\/uploads\/2025\/07\/Bang-30000-PRO-30K-Puffs-Dual-Flavor-Disposable-Vape-LCD-Display-Factory-Wholesale.mp4?_=1\" \/><a href=\"https:\/\/pgvape.com\/wp-content\/uploads\/2025\/07\/Bang-30000-PRO-30K-Puffs-Dual-Flavor-Disposable-Vape-LCD-Display-Factory-Wholesale.mp4\">https:\/\/pgvape.com\/wp-content\/uploads\/2025\/07\/Bang-30000-PRO-30K-Puffs-Dual-Flavor-Disposable-Vape-LCD-Display-Factory-Wholesale.mp4<\/a><\/video><\/div>\n<p><strong><br \/>\nBang 30k Puffs PRO Einweg-Vaporizer mit zwei Geschmacksrichtungen<\/strong> Der Stift wurde f\u00fcr Dampfer entwickelt, die au\u00dfergew\u00f6hnliche Leistung und Geschmacksvielfalt suchen. <strong>30.000 Z\u00fcge<\/strong> und ein gro\u00dfes <strong>36 ml E-Liquid<\/strong> Kapazit\u00e4t sorgt f\u00fcr langanhaltende Zufriedenheit.<strong>0%, 2%, 3%, 5%<\/strong>) entsprechend Ihren Vorlieben.<\/p>\n<p>&nbsp;<\/p>\n<h2><span style=\"font-size: 90%;\">Bang 30000 PRO | 30K Puffs Einweg-Vape mit zwei Geschmacksrichtungen \u2013 Produktspezifikationen:<br \/>\n<\/span><\/h2>\n<p><strong>Langanhaltende Leistung:<\/strong>\u00a0Genie\u00dfen Sie bis zu 30.000 Z\u00fcge und reduzieren Sie so die Notwendigkeit eines h\u00e4ufigen Austauschs.<\/p>\n<p><strong>Gro\u00dfe E-Liquid-Kapazit\u00e4t:<\/strong>\u00a0Ausgestattet mit einem 36-ml-Tank f\u00fcr ununterbrochenes Dampfvergn\u00fcgen.<\/p>\n<p><strong>Nikotinoptionen:<\/strong>\u00a0W\u00e4hlen Sie aus verschiedenen St\u00e4rken (0%, 2%, 3%, 5%) passend zu Ihrem gew\u00fcnschten Erlebnis.<\/p>\n<p><strong>550-mAh-Akku:<\/strong>\u00a0Versorgen Sie Ihr Ger\u00e4t den ganzen Tag \u00fcber mit Strom f\u00fcr eine unterbrechungsfreie Nutzung.<\/p>\n<p><strong>Duales Geschmackssystem:<\/strong>\u00a0Wechseln Sie nahtlos zwischen zwei Geschmacksrichtungen f\u00fcr ein dynamisches und personalisiertes Dampferlebnis.<\/p>\n<p>&nbsp;<\/p>\n<h3><span style=\"font-size: 90%;\">Bang 30000 PRO | 30K Puffs Dual Flavour Einweg-Vape-Geschmacksliste:<\/span><\/h3>\n<p><span style=\"font-size: 90%;\">1.Wassermelone und Blaubeerminze<\/span><\/p>\n<p><span style=\"font-size: 90%;\">2. Saurer Apfel und Blaubeer-Himbeere<\/span><\/p>\n<p><span style=\"font-size: 90%;\">3. Red Bull &amp; Erdbeer-Mango<\/span><\/p>\n<p><span style=\"font-size: 90%;\">4. Traubeneis und fr\u00f6hliche Cola<\/span><\/p>\n<p><span style=\"font-size: 90%;\">5.Pfirsicheis und Erdbeerwassermelone<\/span><\/p>\n<p><span style=\"font-size: 90%;\">6.Ich liebe 66&amp;Strawberry Kiwi<\/span><\/p>\n<p><span style=\"font-size: 90%;\">7.Sakura-Traube und Erdbeer-Litschi<\/span><\/p>\n<p><span style=\"font-size: 90%;\">8. Gemischtes Obst- und Blaubeereis<\/span><\/p>\n<p><span style=\"font-size: 90%;\">9.Schwarzer Drache und Erdbeerbanane<\/span><\/p>\n<p><span style=\"font-size: 90%;\">10.Mango-Pfirsich-Bananen-Eis<\/span><\/p>\n<p><span style=\"font-size: 90%;\">11. Doppelter Apfel-Kiwi-Passionsfrucht-Granatapfel<\/span><\/p>\n<p><span style=\"font-size: 90%;\">12.Pfeffer-Minze-Eis und Trible Berry<\/span><\/p>\n<p><span style=\"font-size: 90%;\">13.Blueberry Cherry Cranberry&amp;Watermelon Berry Boom<\/span><\/p>\n<p><span style=\"font-size: 90%;\">14.Ananas-Eis- und Blaufusion<\/span><\/p>\n<p><span style=\"font-size: 90%;\">15.Purple Rain&amp;Strawberry Raspberry Cherry Ice<\/span><\/p>\n<p><span style=\"font-size: 90%;\">16.Black Dargon Ice &amp; Mango Pineapple Peach<\/span><\/p>\n<p>&nbsp;<\/p>\n<h2><span style=\"font-size: 90%;\">H\u00e4ufig gestellte Fragen zu Bang 30000 PRO | 30K Puffs Dual Flavour Einweg-Vaporizer<\/span><\/h2>\n<p dir=\"auto\"><strong>F1: Wie viele Z\u00fcge bietet der Bang 30k PRO?<\/strong><br \/>\nA1: Es bietet bis zu 30.000 Z\u00fcge pro Ger\u00e4t.<\/p>\n<p dir=\"auto\"><strong>F2: Aus welchen Geschmacksrichtungen kann ich w\u00e4hlen?<\/strong><br \/>\nA2: Der Bang 30k PRO verf\u00fcgt \u00fcber 16 Dual-Geschmackskombinationen, die eine Vielfalt an Geschmacksrichtungen zum Entdecken bieten.<\/p>\n<p dir=\"auto\"><strong>F3: Kann ich auf demselben Ger\u00e4t zwischen zwei Geschmacksrichtungen wechseln?<\/strong><br \/>\nA3: Ja, das Ger\u00e4t verf\u00fcgt \u00fcber ein Dual-Geschmackssystem, mit dem Sie problemlos zwischen zwei integrierten Geschmacksrichtungen wechseln k\u00f6nnen.<\/p>\n<p dir=\"auto\"><strong>F4: Welche Nikotinst\u00e4rken sind verf\u00fcgbar?<\/strong><br \/>\nA4: Das Ger\u00e4t ist in den Nikotinoptionen 0%, 2%, 3% und 5% erh\u00e4ltlich.<\/p>\n<p dir=\"auto\"><strong>F5: Wie lange h\u00e4lt die Batterie?<\/strong><br \/>\nA5: Das Ger\u00e4t verf\u00fcgt \u00fcber einen 550-mAh-Akku, der eine langanhaltende Leistung den ganzen Tag \u00fcber gew\u00e4hrleistet.<\/p>\n<p dir=\"auto\"><strong>F6: Wie gro\u00df ist die E-Liquid-Kapazit\u00e4t?<\/strong><br \/>\nA6: Der Bang 30k PRO verf\u00fcgt \u00fcber einen gro\u00dfen 36-ml-E-Liquid-Tank f\u00fcr l\u00e4ngere Dampfsitzungen.<\/p>\n<p dir=\"auto\"><strong>F7: Ist das Dampferlebnis anpassbar?<\/strong><br \/>\nA7: Ja, das Ger\u00e4t bietet anpassbare Nikotinwerte und eine Doppelgeschmacksfunktion f\u00fcr ein personalisiertes Dampferlebnis.<\/p>\n<p>&nbsp;<\/p>\n<h3 id=\"brxe-najhln\" class=\"brxe-heading\">H\u00e4ufig gestellte Fragen (FAQ)<\/h3>\n<div id=\"brxe-rajiac\" class=\"brxe-text\">\n<p><strong>F: Welche Zahlungsmethoden akzeptieren Sie?<\/strong><br \/>\nA: Wir akzeptieren PayPal, Stripe, Bank\u00fcberweisungen (SEPA unterst\u00fctzt), g\u00e4ngige Kreditkarten (Visa, MasterCard, American Express) und Zahlungen in Kryptow\u00e4hrung.<\/p>\n<p><strong>F: Wie lange dauert die Auftragsvorbereitung?<\/strong><br \/>\nA: Die Auftragsvorbereitung dauert 1-3 Werktage.<\/p>\n<p><strong>F: Wie lange dauert die Lieferung?<\/strong><br \/>\nA: Die Lieferzeit betr\u00e4gt je nach Standort 7\u201314 Werktage.<\/p>\n<p><strong>F: Wie kann ich meine Bestellung verfolgen?<\/strong><br \/>\nA: Nach dem Versand erhalten Sie eine Best\u00e4tigungs-E-Mail mit einer Sendungsverfolgungsnummer zur Echtzeitverfolgung.<\/p>\n<p><strong>F: Wie lauten Ihre R\u00fcckgabebedingungen?<\/strong><br \/>\nA: Wir bieten ein 30-t\u00e4giges R\u00fcckgaberecht f\u00fcr R\u00fcckerstattungen oder Umtausch. .<\/p>\n<p><strong>F: Wird es Zollprobleme geben?<br \/>\n<\/strong>Wir k\u00fcmmern uns um alle Zollabfertigungsverfahren, um Ihnen ein reibungsloses Erlebnis zu gew\u00e4hrleisten. .<\/p>\n<p><strong>F: Welche Versandarten werden verwendet?<\/strong><br \/>\nWir arbeiten mit UPS\/DHL\/FEDEX\/DPD etc. zusammen. Je nach Lieferland w\u00e4hlen wir die passende Versandoption aus, um sicherzustellen, dass Sie Ihre Produkte schnellstm\u00f6glich erhalten.<\/p>\n<p><a href=\"https:\/\/pgvape.com\/de\/faqs\/\"><span style=\"font-size: 100%;\">Klicken Sie hier f\u00fcr weitere FAQ<\/span><\/a><\/p>\n<p>Liebe Kunden, wenn Sie Fragen zu Ihrer Bestellung oder zum Wareneingang haben, wenden Sie sich bitte an unseren Kundenservice. Vielen Dank!<\/p>\n<h3 data-sourcepos=\"73:1-73:21\"><span style=\"font-size: 90%;\"><strong data-sourcepos=\"73:7-73:21\">Kontaktieren Sie uns<\/strong><\/span><\/h3>\n<div id=\"text-2419739398\" class=\"text\">\n<p><strong data-sourcepos=\"75:3-75:12\">E-Mail<\/strong>:\u00a0<a href=\"mailto:support@pgvape.com\"><strong>support@pgvape.com<\/strong><\/a><\/p>\n<p><strong data-sourcepos=\"76:3-76:15\">WhatsApp<\/strong>: <a href=\"https:\/\/wa.me\/+8618128481258\"><strong>+86 18128481258<\/strong><\/a><br \/>\n<strong>(Antwort innerhalb von 24 Stunden an Werktagen)<\/strong><\/p>\n<\/div>\n<h3><strong><span style=\"font-size: 80%;\">Vielen Dank, dass Sie sich f\u00fcr pgvape.com entschieden haben! .<\/span><\/strong><\/h3>\n<\/div>","protected":false},"excerpt":{"rendered":"<p><strong>Bang 30k PRO Einweg-Vaporizer mit zwei Geschmacksrichtungen<\/strong> Stift liefert bis zu <strong>30.000 Z\u00fcge<\/strong> mit einem <strong>36 ml E-Liquid<\/strong> Kapazit\u00e4t. <strong>Dualer Geschmack<\/strong> Optionen und einstellbare Nikotinst\u00e4rken machen es zur ultimativen Wahl f\u00fcr ein anpassbares und langanhaltendes Dampferlebnis.<\/p>","protected":false},"featured_media":430,"comment_status":"open","ping_status":"closed","template":"","meta":{"_seopress_robots_primary_cat":"none","_seopress_titles_title":"","_seopress_titles_desc":"","_seopress_robots_index":""},"product_brand":[36,516],"product_cat":[35,25,515],"product_tag":[38,37,39],"class_list":{"0":"post-409","1":"product","2":"type-product","3":"status-publish","4":"has-post-thumbnail","6":"product_brand-bang-vape","7":"product_brand-disposable-vape","8":"product_cat-30k-puffs-vape","9":"product_cat-bang-vape","10":"product_cat-disposable-vape","11":"product_tag-30k-puffs","12":"product_tag-bang-30000-pro","13":"product_tag-dual-flavor","15":"first","16":"instock","17":"sale","18":"shipping-taxable","19":"purchasable","20":"product-type-variable"},"_links":{"self":[{"href":"https:\/\/pgvape.com\/de\/wp-json\/wp\/v2\/product\/409","targetHints":{"allow":["GET"]}}],"collection":[{"href":"https:\/\/pgvape.com\/de\/wp-json\/wp\/v2\/product"}],"about":[{"href":"https:\/\/pgvape.com\/de\/wp-json\/wp\/v2\/types\/product"}],"replies":[{"embeddable":true,"href":"https:\/\/pgvape.com\/de\/wp-json\/wp\/v2\/comments?post=409"}],"wp:featuredmedia":[{"embeddable":true,"href":"https:\/\/pgvape.com\/de\/wp-json\/wp\/v2\/media\/430"}],"wp:attachment":[{"href":"https:\/\/pgvape.com\/de\/wp-json\/wp\/v2\/media?parent=409"}],"wp:term":[{"taxonomy":"product_brand","embeddable":true,"href":"https:\/\/pgvape.com\/de\/wp-json\/wp\/v2\/product_brand?post=409"},{"taxonomy":"product_cat","embeddable":true,"href":"https:\/\/pgvape.com\/de\/wp-json\/wp\/v2\/product_cat?post=409"},{"taxonomy":"product_tag","embeddable":true,"href":"https:\/\/pgvape.com\/de\/wp-json\/wp\/v2\/product_tag?post=409"}],"curies":[{"name":"wp","href":"https:\/\/api.w.org\/{rel}","templated":true}]}}