{"id":3834,"date":"2025-10-21T06:12:55","date_gmt":"2025-10-21T06:12:55","guid":{"rendered":"https:\/\/pgvape.com\/?post_type=product&#038;p=3834"},"modified":"2026-01-27T11:56:04","modified_gmt":"2026-01-27T11:56:04","slug":"bang-king-crystal-30000-30-000-puffs-einweg-vape-sauberer-hochwertiger-und-stilvoller-vape-direkt-ab-werk","status":"publish","type":"product","link":"https:\/\/pgvape.com\/de\/produkt\/bang-king-crystal-30000-30-000-puffs-einweg-vape-sauberer-hochwertiger-und-stilvoller-vape-direkt-ab-werk\/","title":{"rendered":"Bang King Crystal 30000 30k Puffs Einweg-Vape, sauber, hochwertig und stilvoll, direkt ab Werk"},"content":{"rendered":"<div class=\"auto-hide-last-sibling-br paragraph-JOTKXA paragraph-element br-paragraph-space\"><strong data-sourcepos=\"4:5-4:54\">Bang King Crystal 30000 Puffs Einweg-Vaporizer<\/strong> Kombiniert hohe Leistung mit langanhaltendem Vergn\u00fcgen. <strong data-sourcepos=\"4:122-4:143\">Premium-Mesh-Spule<\/strong> Dieses Ger\u00e4t sorgt f\u00fcr sanften, aromatischen Dampf <strong data-sourcepos=\"4:192-4:214\">Bis zu 30.000 Z\u00fcge<\/strong> Von seiner Gro\u00dfz\u00fcgigkeit <strong data-sourcepos=\"4:233-4:254\">E-Liquid-Kapazit\u00e4t<\/strong>. <strong data-sourcepos=\"4:261-4:299\">Optionen f\u00fcr die Nikotinst\u00e4rke 2%\/3%\/5%<\/strong> Und A <strong data-sourcepos=\"4:306-4:337\">650-mAh-Akku<\/strong> Unterst\u00fctzend <strong data-sourcepos=\"4:349-4:373\">Typ-C-Schnellladung<\/strong>, Es ist f\u00fcr den ganzen Tag konzipiert <strong data-sourcepos=\"4:401-4:424\">Zufriedenheit beim Dampfen<\/strong>. <strong data-sourcepos=\"4:439-4:461\">12 Premium-Geschmacksrichtungen<\/strong>, Verpackt <strong data-sourcepos=\"4:472-4:486\">10 St\u00fcck\/Karton<\/strong> F\u00fcr den Einzelhandels- oder Gro\u00dfhandelsbedarf.<img loading=\"lazy\" decoding=\"async\" class=\"alignnone wp-image-3859 size-full\" style=\"color: #555555; font-size: 14.4px;\" src=\"https:\/\/pgvape.com\/wp-content\/uploads\/2025\/10\/pgvape-Bang-King-Crystal-30000-30k-Puffs-Disposable-Vape-3.png\" alt=\"Drei Bang King Totem Beast Einweg-Vaporizer mit farbenfrohen Tierillustrationen (Eule, Wolf, Drache) vor einem schwarz-goldenen Hintergrund mit gro\u00dfem &#039;300 PUFFS&#039;-Text und Symbolen, die auf Mesh-Spule, Typ-C-Aufladung und 650-mAh-Kapazit\u00e4t hinweisen.\" width=\"1500\" height=\"786\" srcset=\"https:\/\/pgvape.com\/wp-content\/uploads\/2025\/10\/pgvape-Bang-King-Crystal-30000-30k-Puffs-Disposable-Vape-3.png 1500w, https:\/\/pgvape.com\/wp-content\/uploads\/2025\/10\/pgvape-Bang-King-Crystal-30000-30k-Puffs-Disposable-Vape-3-555x291.png 555w, https:\/\/pgvape.com\/wp-content\/uploads\/2025\/10\/pgvape-Bang-King-Crystal-30000-30k-Puffs-Disposable-Vape-3-595x312.png 595w, https:\/\/pgvape.com\/wp-content\/uploads\/2025\/10\/pgvape-Bang-King-Crystal-30000-30k-Puffs-Disposable-Vape-3-400x210.png 400w, https:\/\/pgvape.com\/wp-content\/uploads\/2025\/10\/pgvape-Bang-King-Crystal-30000-30k-Puffs-Disposable-Vape-3-768x402.png 768w, https:\/\/pgvape.com\/wp-content\/uploads\/2025\/10\/pgvape-Bang-King-Crystal-30000-30k-Puffs-Disposable-Vape-3-18x9.png 18w, https:\/\/pgvape.com\/wp-content\/uploads\/2025\/10\/pgvape-Bang-King-Crystal-30000-30k-Puffs-Disposable-Vape-3-600x314.png 600w, https:\/\/pgvape.com\/wp-content\/uploads\/2025\/10\/pgvape-Bang-King-Crystal-30000-30k-Puffs-Disposable-Vape-3-60x31.png 60w\" sizes=\"auto, (max-width: 1500px) 100vw, 1500px\" \/><\/div>\n<div class=\"auto-hide-last-sibling-br paragraph-JOTKXA paragraph-element br-paragraph-space\"><\/div>\n<h2><span style=\"font-size: 90%;\">\u00a0<\/span><\/h2>\n<h3><span style=\"font-size: 90%;\">\u00a0Bang King Crystal 30000 | 30k Puffs Einweg-Vape-Spezifikationen<\/span><\/h3>\n<p><strong>Produktname<\/strong>: Bang King Crystal 30000 Puffs Einwegartikel\u00a0<strong>VAPE<\/strong><\/p>\n<p><strong>PUFF-Anzahl<\/strong>: Bis zu 30.000\u00a0<strong>PUFFS<\/strong><\/p>\n<p><strong>Spulentyp<\/strong>:\u00a0<strong>Netzspule<\/strong>\u00a0(gleichm\u00e4\u00dfige Erw\u00e4rmung, gleichm\u00e4\u00dfiger Dampf)<\/p>\n<p><strong>BATTERIE-Kapazit\u00e4t<\/strong>: 650 mAh wiederaufladbar\u00a0<strong>BATTERIE<\/strong><\/p>\n<p><strong>Ladeanschluss<\/strong>:\u00a0<strong>Typ-C-Schnellladung<\/strong>\u00a0(universelle Kompatibilit\u00e4t)<\/p>\n<p><strong>NIKOTIN-St\u00e4rken<\/strong>: 2% \/ 3% \/ 5%<\/p>\n<p><strong>GESCHMACKS-Optionen<\/strong>: 12 Pr\u00e4mie\u00a0<strong>AROMEN<\/strong><\/p>\n<p><strong>Verpackung<\/strong>: 10 St\u00fcck \/ Karton<\/p>\n<p><strong>Zielbenutzer<\/strong>: L\u00e4ssig\u00a0<strong>Dampfer<\/strong>, erfahren\u00a0<strong>Dampfer<\/strong>, Einzelh\u00e4ndler, Gro\u00dfhandelsk\u00e4ufer<\/p>\n<h2><span style=\"font-size: 90%;\">\u00a0<\/span><\/h2>\n<h3><span style=\"font-size: 90%;\">Bang King Crystal 30000 | 30k Puffs Einweg-Vape-Geschmacksliste<\/span><\/h3>\n<p>1.Erdbeer-Wassermelone<\/p>\n<p>2.Blaues Razz-Eis<\/p>\n<p>3. Dreifaches Beereneis<\/p>\n<p>4.Pfirsicheis<\/p>\n<p>5.Pfirsich-Mango<\/p>\n<p>6. Doppelter Apfel<\/p>\n<p>7. Erdbeer-Kiwi<\/p>\n<p>8.Aloe-Traube<\/p>\n<p>9. Tropische Fr\u00fcchte<\/p>\n<p>10. Erdbeerbanane<\/p>\n<p>11.Kiwi-Passionsfrucht-Guave<\/p>\n<p>12. Schwarzes Dracheneis<img loading=\"lazy\" decoding=\"async\" class=\"alignnone wp-image-3863 size-full\" src=\"https:\/\/pgvape.com\/wp-content\/uploads\/2025\/10\/pgvape-Bang-King-Crystal-30000-30k-Puffs-Disposable-Vape-7.png\" alt=\"\" width=\"1800\" height=\"1210\" srcset=\"https:\/\/pgvape.com\/wp-content\/uploads\/2025\/10\/pgvape-Bang-King-Crystal-30000-30k-Puffs-Disposable-Vape-7.png 1800w, https:\/\/pgvape.com\/wp-content\/uploads\/2025\/10\/pgvape-Bang-King-Crystal-30000-30k-Puffs-Disposable-Vape-7-536x360.png 536w, https:\/\/pgvape.com\/wp-content\/uploads\/2025\/10\/pgvape-Bang-King-Crystal-30000-30k-Puffs-Disposable-Vape-7-595x400.png 595w, https:\/\/pgvape.com\/wp-content\/uploads\/2025\/10\/pgvape-Bang-King-Crystal-30000-30k-Puffs-Disposable-Vape-7-400x269.png 400w, https:\/\/pgvape.com\/wp-content\/uploads\/2025\/10\/pgvape-Bang-King-Crystal-30000-30k-Puffs-Disposable-Vape-7-768x516.png 768w, https:\/\/pgvape.com\/wp-content\/uploads\/2025\/10\/pgvape-Bang-King-Crystal-30000-30k-Puffs-Disposable-Vape-7-1536x1033.png 1536w, https:\/\/pgvape.com\/wp-content\/uploads\/2025\/10\/pgvape-Bang-King-Crystal-30000-30k-Puffs-Disposable-Vape-7-18x12.png 18w, https:\/\/pgvape.com\/wp-content\/uploads\/2025\/10\/pgvape-Bang-King-Crystal-30000-30k-Puffs-Disposable-Vape-7-600x403.png 600w, https:\/\/pgvape.com\/wp-content\/uploads\/2025\/10\/pgvape-Bang-King-Crystal-30000-30k-Puffs-Disposable-Vape-7-60x40.png 60w\" sizes=\"auto, (max-width: 1800px) 100vw, 1800px\" \/><\/p>\n<h2><span style=\"font-size: 90%;\">\u00a0<\/span><\/h2>\n<h3><span style=\"font-size: 90%;\">Bang King Crystal 30000 | 30k Puffs Einweg-Vape-Video:<br \/>\n<iframe loading=\"lazy\" title=\"Bang King Kristall 30000 |\" width=\"1020\" height=\"574\" src=\"https:\/\/www.youtube.com\/embed\/vJrJNuhD_kE?feature=oembed\" frameborder=\"0\" allow=\"accelerometer; autoplay; clipboard-write; encrypted-media; gyroscope; picture-in-picture; web-share\" referrerpolicy=\"strict-origin-when-cross-origin\" allowfullscreen><\/iframe><br \/>\n<\/span><\/h3>\n<p>&nbsp;<\/p>\n<h2 class=\"header-vfC6AV auto-hide-last-sibling-br\">H\u00e4ufig gestellte Fragen zu Bang King Crystal 30000 | 30k Puffs Einweg-Vaporizer<\/h2>\n<p data-sourcepos=\"30:1-31:99\">\u2753 <strong data-sourcepos=\"30:3-30:42\">\u201cWas macht die Mesh Coil so besonders?<br \/>\n\u201c<\/strong>\u2705 <strong data-sourcepos=\"31:3-31:97\">\u201cDie fortschrittliche Mesh-Spule sorgt f\u00fcr gleichm\u00e4\u00dfige Erw\u00e4rmung, gleichm\u00e4\u00dfigeren Dampf und eine reichhaltigere Geschmacksabgabe.\u201d<\/strong><\/p>\n<p data-sourcepos=\"33:1-34:92\">\u2753 <strong data-sourcepos=\"33:3-33:40\">\u201cWie lange h\u00e4lt die Batterie?<br \/>\n\u201c<\/strong>\u2705 <strong data-sourcepos=\"34:3-34:90\">\u201cDer 650-mAh-Akku bietet den ganzen Tag Strom und kann per Schnellladung vom Typ C aufgeladen werden.\u201d<\/strong><\/p>\n<p data-sourcepos=\"36:1-37:90\">\u2753 <strong data-sourcepos=\"36:3-36:49\">\u201cIst das f\u00fcr den Gro\u00dfhandelskauf geeignet?\u201c<br \/>\n\u201c<\/strong> \u2705 <strong data-sourcepos=\"37:3-37:88\">\u201cJa, die praktische 10er-Packung ist ideal f\u00fcr den Einzelhandel und den Gro\u00dfvertrieb.\u201d<\/strong><\/p>\n<p data-sourcepos=\"39:1-40:88\">\u2753 <strong data-sourcepos=\"39:3-39:44\">\u201cWelche Nikotinwerte sind verf\u00fcgbar?<br \/>\n\u201c<\/strong> \u2705 <strong data-sourcepos=\"40:3-40:86\">\u201cW\u00e4hlen Sie je nach Ihren Vorlieben zwischen 2% (leicht), 3% (mittel) oder 5% (stark).\u201d<\/strong><\/p>\n<h2><span style=\"font-size: 90%;\">\u00a0<\/span><\/h2>\n<h3 id=\"brxe-najhln\" class=\"brxe-heading\">H\u00e4ufig gestellte Fragen (FAQ)<\/h3>\n<div id=\"brxe-rajiac\" class=\"brxe-text\">\n<p><strong>F: Welche Zahlungsmethoden akzeptieren Sie?<\/strong><br \/>\nA: Wir akzeptieren PayPal, Stripe, Bank\u00fcberweisungen (SEPA unterst\u00fctzt), g\u00e4ngige Kreditkarten (Visa, MasterCard, American Express) und Zahlungen in Kryptow\u00e4hrung.<\/p>\n<p><strong>F: Wie lange dauert die Auftragsvorbereitung?<\/strong><br \/>\nA: Die Auftragsvorbereitung dauert 1-3 Werktage.<\/p>\n<p><strong>F: Wie lange dauert die Lieferung?<\/strong><br \/>\nA: Die Lieferzeit betr\u00e4gt je nach Standort 7\u201314 Werktage.<\/p>\n<p><strong>F: Wie kann ich meine Bestellung verfolgen?<\/strong><br \/>\nA: Nach dem Versand erhalten Sie eine Best\u00e4tigungs-E-Mail mit einer Sendungsverfolgungsnummer zur Echtzeitverfolgung.<\/p>\n<p><strong>F: Wie lauten Ihre R\u00fcckgabebedingungen?<\/strong><br \/>\nA: Wir bieten ein 30-t\u00e4giges R\u00fcckgaberecht f\u00fcr R\u00fcckerstattungen oder Umtausch. .<\/p>\n<p><strong>F: Wird es Zollprobleme geben?<br \/>\n<\/strong>Wir k\u00fcmmern uns um alle Zollabfertigungsverfahren, um Ihnen ein reibungsloses Erlebnis zu gew\u00e4hrleisten. .<\/p>\n<p><strong>F: Welche Versandarten werden verwendet?<\/strong><br \/>\nWir arbeiten mit UPS\/DHL\/FEDEX\/DPD etc. zusammen. Je nach Lieferland w\u00e4hlen wir die passende Versandoption aus, um sicherzustellen, dass Sie Ihre Produkte schnellstm\u00f6glich erhalten.<\/p>\n<p><a href=\"https:\/\/pgvape.com\/de\/faqs\/\"><span style=\"font-size: 100%;\">Klicken Sie hier f\u00fcr weitere FAQ<\/span><\/a><\/p>\n<p>Liebe Kunden, wenn Sie Fragen zu Ihrer Bestellung oder zum Wareneingang haben, wenden Sie sich bitte an unseren Kundenservice. Vielen Dank!<\/p>\n<h3 data-sourcepos=\"73:1-73:21\"><span style=\"font-size: 90%;\"><strong data-sourcepos=\"73:7-73:21\">Kontaktieren Sie uns<\/strong><\/span><\/h3>\n<div id=\"text-2419739398\" class=\"text\">\n<p><strong data-sourcepos=\"75:3-75:12\">E-Mail<\/strong>:\u00a0<a href=\"mailto:support@pgvape.com\"><strong>support@pgvape.com<\/strong><\/a><\/p>\n<p><strong data-sourcepos=\"76:3-76:15\">WhatsApp<\/strong>: <a href=\"https:\/\/wa.me\/+8618128481258\"><strong>+86 18128481258<\/strong><\/a><br \/>\n<strong>(Antwort innerhalb von 24 Stunden an Werktagen)<\/strong><\/p>\n<\/div>\n<h3><strong><span style=\"font-size: 80%;\">Vielen Dank, dass Sie sich f\u00fcr pgvape.com entschieden haben! .<\/span><\/strong><\/h3>\n<\/div>\n<div class=\"auto-hide-last-sibling-br paragraph-JOTKXA paragraph-element br-paragraph-space\"><\/div>","protected":false},"excerpt":{"rendered":"<p><strong data-sourcepos=\"43:1-43:200\">\u201cBang King Crystal 30K \u2013 Ein Einweg-Vaporizer mit hoher Kapazit\u00e4t, 30.000 Z\u00fcgen, Mesh-Coil-Technologie und 12 Premium-Geschmacksrichtungen, angetrieben von einem 650-mAh-Akku mit Typ-C-Schnellladung.\u201d<\/strong><\/p>","protected":false},"featured_media":3874,"comment_status":"open","ping_status":"closed","template":"","meta":{"_seopress_robots_primary_cat":"none","_seopress_titles_title":"%%post_title%% %%sep%% %%sitetitle%%","_seopress_titles_desc":"","_seopress_robots_index":""},"product_brand":[19,516],"product_cat":[35,18,515],"product_tag":[38,134,330,331,90,204],"class_list":{"0":"post-3834","1":"product","2":"type-product","3":"status-publish","4":"has-post-thumbnail","6":"product_brand-bang-king-vape","7":"product_brand-disposable-vape","8":"product_cat-30k-puffs-vape","9":"product_cat-bang-king-vape","10":"product_cat-disposable-vape","11":"product_tag-30k-puffs","12":"product_tag-30k-vape","13":"product_tag-bang-king-crystal","14":"product_tag-clean-premium-and-stylish","15":"product_tag-disposable-vape","16":"product_tag-vape-factory-direct","18":"first","19":"instock","20":"sale","21":"shipping-taxable","22":"purchasable","23":"product-type-variable"},"_links":{"self":[{"href":"https:\/\/pgvape.com\/de\/wp-json\/wp\/v2\/product\/3834","targetHints":{"allow":["GET"]}}],"collection":[{"href":"https:\/\/pgvape.com\/de\/wp-json\/wp\/v2\/product"}],"about":[{"href":"https:\/\/pgvape.com\/de\/wp-json\/wp\/v2\/types\/product"}],"replies":[{"embeddable":true,"href":"https:\/\/pgvape.com\/de\/wp-json\/wp\/v2\/comments?post=3834"}],"wp:featuredmedia":[{"embeddable":true,"href":"https:\/\/pgvape.com\/de\/wp-json\/wp\/v2\/media\/3874"}],"wp:attachment":[{"href":"https:\/\/pgvape.com\/de\/wp-json\/wp\/v2\/media?parent=3834"}],"wp:term":[{"taxonomy":"product_brand","embeddable":true,"href":"https:\/\/pgvape.com\/de\/wp-json\/wp\/v2\/product_brand?post=3834"},{"taxonomy":"product_cat","embeddable":true,"href":"https:\/\/pgvape.com\/de\/wp-json\/wp\/v2\/product_cat?post=3834"},{"taxonomy":"product_tag","embeddable":true,"href":"https:\/\/pgvape.com\/de\/wp-json\/wp\/v2\/product_tag?post=3834"}],"curies":[{"name":"wp","href":"https:\/\/api.w.org\/{rel}","templated":true}]}}