{"id":3706,"date":"2025-10-19T07:07:42","date_gmt":"2025-10-19T07:07:42","guid":{"rendered":"https:\/\/pgvape.com\/?post_type=product&#038;p=3706"},"modified":"2026-03-05T14:33:37","modified_gmt":"2026-03-05T14:33:37","slug":"mr-goodie-uwake-30000-30-000-zuge-nasenmund-einweg-vape-vape-direkt-ab-werk","status":"publish","type":"product","link":"https:\/\/pgvape.com\/de\/produkt\/mr-goodie-uwake-30000-30-000-zuge-nasenmund-einweg-vape-vape-direkt-ab-werk\/","title":{"rendered":"Mr.Goodie UWAKE 30000 30k Puffs Nasal &amp; Mouth Einweg-Vape-Vape Factory Direct"},"content":{"rendered":"<div class=\"auto-hide-last-sibling-br paragraph-JOTKXA paragraph-element br-paragraph-space\">\n<p><strong data-sourcepos=\"6:1-6:27\">Mr. Goodie UWAKE 30000<\/strong> Revolutioniert <strong data-sourcepos=\"6:43-6:53\">Dampfen<\/strong> Mit dem <strong data-sourcepos=\"6:63-6:99\">Das weltweit erste Dual-Inhale-System<\/strong> (<strong data-sourcepos=\"6:101-6:118\">Nase und Mund<\/strong>). <strong data-sourcepos=\"6:132-6:148\">30.000 Z\u00fcge<\/strong>, <strong data-sourcepos=\"6:150-6:174\">Zwei 1,1-\u03a9-Mesh-Spulen<\/strong>, Und <strong data-sourcepos=\"6:180-6:206\">23 ml E-Liquid-Kapazit\u00e4t<\/strong> F\u00fcr intensiven Geschmack und l\u00e4ngere Sitzungen. <strong data-sourcepos=\"6:256-6:282\">2% oder 5% Nikotinsalz<\/strong>, Unterst\u00fctzt von A <strong data-sourcepos=\"6:296-6:327\">550-mAh-Akku<\/strong>, <strong data-sourcepos=\"6:329-6:353\">Typ-C-Schnellladung<\/strong>, Und <strong data-sourcepos=\"6:359-6:386\">Intelligente Bildschirm\u00fcberwachung<\/strong>. .<\/p>\n<p>&nbsp;<\/p>\n<\/div>\n<h2><span style=\"font-size: 90%;\">Mr.Goodie UWAKE 30000 | 30k Puffs Nasal &amp; Mouth Einweg-Vape-Spezifikationen<\/span><\/h2>\n<p><strong data-sourcepos=\"11:3-11:17\">Inhalation<\/strong>:\u00a0<strong data-sourcepos=\"11:19-11:34\">Duales System<\/strong>\u00a0(<strong data-sourcepos=\"11:36-11:53\">Nase und Mund<\/strong>)<\/p>\n<p><strong data-sourcepos=\"12:3-12:17\">Puff Count<\/strong>:\u00a0<strong data-sourcepos=\"12:19-12:35\">30.000 Z\u00fcge<\/strong><\/p>\n<p><strong data-sourcepos=\"13:3-13:15\">Nikotin<\/strong>:\u00a0<strong data-sourcepos=\"13:17-13:42\">2% \/ 5% Nikotinsalz<\/strong><\/p>\n<p><strong data-sourcepos=\"14:3-14:11\">Spule<\/strong>:\u00a0<strong data-sourcepos=\"14:13-14:37\">Zwei 1,1-\u03a9-Mesh-Spulen<\/strong><\/p>\n<p><strong data-sourcepos=\"15:3-15:15\">E-Liquid<\/strong>:\u00a0<strong data-sourcepos=\"15:17-15:44\">23 ml vorgef\u00fclltes Fassungsverm\u00f6gen<\/strong><\/p>\n<p><strong data-sourcepos=\"16:3-16:14\">Batterie<\/strong>:\u00a0<strong data-sourcepos=\"16:16-16:39\">550 mAh wiederaufladbar<\/strong><\/p>\n<p><strong data-sourcepos=\"17:3-17:15\">Aufladen<\/strong>:\u00a0<strong data-sourcepos=\"17:17-17:37\">Typ-C-Schnellanschluss<\/strong><\/p>\n<p><strong data-sourcepos=\"18:3-18:14\">Anzeige<\/strong>:\u00a0<strong data-sourcepos=\"18:16-18:32\">Intelligenter Bildschirm<\/strong>\u00a0(Batterie-\/E-Liquid-F\u00fcllst\u00e4nde)<\/p>\n<p><strong data-sourcepos=\"19:3-19:14\">Paket<\/strong>:\u00a0<strong data-sourcepos=\"19:16-19:33\">5 Ger\u00e4te\/Box<\/strong><\/p>\n<h3 id=\"brxe-najhln\" class=\"brxe-heading\"><img loading=\"lazy\" decoding=\"async\" class=\"alignnone wp-image-3725 size-full\" style=\"color: #555555; font-size: 14.4px;\" src=\"https:\/\/pgvape.com\/wp-content\/uploads\/2025\/10\/pgvape-Mr.Goodie-UWAKE-30000-30k-Puffs-Nasal-Mouth-Disposable-Vape-17.png\" alt=\"\" width=\"1920\" height=\"1080\" srcset=\"https:\/\/pgvape.com\/wp-content\/uploads\/2025\/10\/pgvape-Mr.Goodie-UWAKE-30000-30k-Puffs-Nasal-Mouth-Disposable-Vape-17.png 1920w, https:\/\/pgvape.com\/wp-content\/uploads\/2025\/10\/pgvape-Mr.Goodie-UWAKE-30000-30k-Puffs-Nasal-Mouth-Disposable-Vape-17-555x312.png 555w, https:\/\/pgvape.com\/wp-content\/uploads\/2025\/10\/pgvape-Mr.Goodie-UWAKE-30000-30k-Puffs-Nasal-Mouth-Disposable-Vape-17-595x335.png 595w, https:\/\/pgvape.com\/wp-content\/uploads\/2025\/10\/pgvape-Mr.Goodie-UWAKE-30000-30k-Puffs-Nasal-Mouth-Disposable-Vape-17-400x225.png 400w, https:\/\/pgvape.com\/wp-content\/uploads\/2025\/10\/pgvape-Mr.Goodie-UWAKE-30000-30k-Puffs-Nasal-Mouth-Disposable-Vape-17-768x432.png 768w, https:\/\/pgvape.com\/wp-content\/uploads\/2025\/10\/pgvape-Mr.Goodie-UWAKE-30000-30k-Puffs-Nasal-Mouth-Disposable-Vape-17-1536x864.png 1536w, https:\/\/pgvape.com\/wp-content\/uploads\/2025\/10\/pgvape-Mr.Goodie-UWAKE-30000-30k-Puffs-Nasal-Mouth-Disposable-Vape-17-18x10.png 18w, https:\/\/pgvape.com\/wp-content\/uploads\/2025\/10\/pgvape-Mr.Goodie-UWAKE-30000-30k-Puffs-Nasal-Mouth-Disposable-Vape-17-600x338.png 600w, https:\/\/pgvape.com\/wp-content\/uploads\/2025\/10\/pgvape-Mr.Goodie-UWAKE-30000-30k-Puffs-Nasal-Mouth-Disposable-Vape-17-60x34.png 60w\" sizes=\"auto, (max-width: 1920px) 100vw, 1920px\" \/><\/h3>\n<h3><span style=\"font-size: 90%;\">Mr.Goodie UWAKE 30000 | 30k Puffs Nasal &amp; Mouth Einweg-Vape-Geschmacksliste<\/span><\/h3>\n<p>1.Kokoseis<\/p>\n<p>2.Vanillepudding<\/p>\n<p>3. Doppelter Apfel<\/p>\n<p>4.Avocado Osmanthus<\/p>\n<p>5.Latte<\/p>\n<p>6. Jasmine Rose<\/p>\n<p>7.Rosen-Litschi<\/p>\n<p>8.Meloneneis<\/p>\n<p>9. Erdbeereis<\/p>\n<p>10.Minzblatt<\/p>\n<p>11. Wei\u00dfes Pfirsich-Sakura-Eis<\/p>\n<p>12. Bananeneis<img loading=\"lazy\" decoding=\"async\" class=\"alignnone wp-image-3726 size-full\" src=\"https:\/\/pgvape.com\/wp-content\/uploads\/2025\/10\/pgvape-Mr.Goodie-UWAKE-30000-30k-Puffs-Nasal-Mouth-Disposable-Vape-18.png\" alt=\"\" width=\"1920\" height=\"1267\" srcset=\"https:\/\/pgvape.com\/wp-content\/uploads\/2025\/10\/pgvape-Mr.Goodie-UWAKE-30000-30k-Puffs-Nasal-Mouth-Disposable-Vape-18.png 1920w, https:\/\/pgvape.com\/wp-content\/uploads\/2025\/10\/pgvape-Mr.Goodie-UWAKE-30000-30k-Puffs-Nasal-Mouth-Disposable-Vape-18-546x360.png 546w, https:\/\/pgvape.com\/wp-content\/uploads\/2025\/10\/pgvape-Mr.Goodie-UWAKE-30000-30k-Puffs-Nasal-Mouth-Disposable-Vape-18-595x393.png 595w, https:\/\/pgvape.com\/wp-content\/uploads\/2025\/10\/pgvape-Mr.Goodie-UWAKE-30000-30k-Puffs-Nasal-Mouth-Disposable-Vape-18-400x264.png 400w, https:\/\/pgvape.com\/wp-content\/uploads\/2025\/10\/pgvape-Mr.Goodie-UWAKE-30000-30k-Puffs-Nasal-Mouth-Disposable-Vape-18-768x507.png 768w, https:\/\/pgvape.com\/wp-content\/uploads\/2025\/10\/pgvape-Mr.Goodie-UWAKE-30000-30k-Puffs-Nasal-Mouth-Disposable-Vape-18-1536x1014.png 1536w, https:\/\/pgvape.com\/wp-content\/uploads\/2025\/10\/pgvape-Mr.Goodie-UWAKE-30000-30k-Puffs-Nasal-Mouth-Disposable-Vape-18-18x12.png 18w, https:\/\/pgvape.com\/wp-content\/uploads\/2025\/10\/pgvape-Mr.Goodie-UWAKE-30000-30k-Puffs-Nasal-Mouth-Disposable-Vape-18-600x396.png 600w, https:\/\/pgvape.com\/wp-content\/uploads\/2025\/10\/pgvape-Mr.Goodie-UWAKE-30000-30k-Puffs-Nasal-Mouth-Disposable-Vape-18-60x40.png 60w\" sizes=\"auto, (max-width: 1920px) 100vw, 1920px\" \/><\/p>\n<h2 class=\"header-vfC6AV auto-hide-last-sibling-br\"><\/h2>\n<h3><span style=\"font-size: 90%;\">Mr.Goodie UWAKE 30000 | 30k Puffs Nasal &amp; Mouth Einweg-Vape-Video:<\/span><\/h3>\n<h3 id=\"brxe-najhln\" class=\"brxe-heading\"><\/h3>\n<h2 class=\"header-vfC6AV auto-hide-last-sibling-br\">H\u00e4ufig gestellte Fragen zu Mr.Goodie UWAKE 30000 | 30k Puffs Nasal &amp; Mouth Einweg-Vaporizer<\/h2>\n<p data-sourcepos=\"40:1-41:128\">\u2753 <strong data-sourcepos=\"40:3-40:50\">\u201cWie funktioniert das Dual-Inhale-System?<br \/>\n\u201c<\/strong> \u2705 <strong data-sourcepos=\"41:3-41:126\">\u201cVerdampfen Sie traditionell \u00fcber den Mund oder nutzen Sie die nasale Inhalation f\u00fcr eine schnellere Nikotinaufnahme und ein einzigartiges Gef\u00fchl.\u201d<\/strong><\/p>\n<p data-sourcepos=\"43:1-44:101\">\u2753 <strong data-sourcepos=\"43:3-43:47\">\u201cWas macht die Dual Coils so besonders?<br \/>\n\u201c<\/strong> \u2705 <strong data-sourcepos=\"44:3-44:99\">\u201cZwei 1,1-\u03a9-Mesh-Spulen sorgen f\u00fcr ein reichhaltigeres Aroma und einen gleichm\u00e4\u00dfigeren Dampf aus beiden Tanks.\u201d<\/strong><\/p>\n<p data-sourcepos=\"46:1-47:98\">\u2753 <strong data-sourcepos=\"46:3-46:44\">\u201cWie lange h\u00e4lt die Batterie?<br \/>\n\u201c<\/strong> \u2705 <strong data-sourcepos=\"47:3-47:96\">\u201cDer 550-mAh-Akku erm\u00f6glicht den ganzt\u00e4gigen Einsatz; das Aufladen mit Typ-C dauert 30 Minuten.\u201d<\/strong><\/p>\n<p data-sourcepos=\"49:1-50:89\">\u2753 <strong data-sourcepos=\"49:3-49:41\">\u201cKann ich den E-Liquid-F\u00fcllstand verfolgen?<br \/>\n\u201c<\/strong> \u2705 <strong data-sourcepos=\"50:3-50:87\">\u201cJa, der Smart Screen zeigt den E-Liquid- und Batteriestatus in Echtzeit an.\u201d<\/strong><\/p>\n<p data-sourcepos=\"52:1-53:94\">\u2753 <strong data-sourcepos=\"52:3-52:49\">\u201cSind Optionen mit hohem Nikotingehalt verf\u00fcgbar?<br \/>\n\u201c<\/strong> \u2705 <strong data-sourcepos=\"53:3-53:92\">\u201cW\u00e4hlen Sie 2% (m\u00e4\u00dfig) oder 5% (stark) Nikotinsalz f\u00fcr eine individuelle Intensit\u00e4t.\u201d<\/strong><\/p>\n<p>&nbsp;<\/p>\n<h3 id=\"brxe-najhln\" class=\"brxe-heading\">H\u00e4ufig gestellte Fragen (FAQ)<\/h3>\n<div id=\"brxe-rajiac\" class=\"brxe-text\">\n<p><strong>F: Welche Zahlungsmethoden akzeptieren Sie?<\/strong><br \/>\nA: Wir akzeptieren PayPal, Stripe, Bank\u00fcberweisungen (SEPA unterst\u00fctzt), g\u00e4ngige Kreditkarten (Visa, MasterCard, American Express) und Zahlungen in Kryptow\u00e4hrung.<\/p>\n<p><strong>F: Wie lange dauert die Auftragsvorbereitung?<\/strong><br \/>\nA: Die Auftragsvorbereitung dauert 1-3 Werktage.<\/p>\n<p><strong>F: Wie lange dauert die Lieferung?<\/strong><br \/>\nA: Die Lieferzeit betr\u00e4gt je nach Standort 7\u201314 Werktage.<\/p>\n<p><strong>F: Wie kann ich meine Bestellung verfolgen?<\/strong><br \/>\nA: Nach dem Versand erhalten Sie eine Best\u00e4tigungs-E-Mail mit einer Sendungsverfolgungsnummer zur Echtzeitverfolgung.<\/p>\n<p><strong>F: Wie lauten Ihre R\u00fcckgabebedingungen?<\/strong><br \/>\nA: Wir bieten ein 30-t\u00e4giges R\u00fcckgaberecht f\u00fcr R\u00fcckerstattungen oder Umtausch. .<\/p>\n<p><strong>F: Wird es Zollprobleme geben?<br \/>\n<\/strong>Wir k\u00fcmmern uns um alle Zollabfertigungsverfahren, um Ihnen ein reibungsloses Erlebnis zu gew\u00e4hrleisten. .<\/p>\n<p><strong>F: Welche Versandarten werden verwendet?<\/strong><br \/>\nWir arbeiten mit UPS\/DHL\/FEDEX\/DPD etc. zusammen. Je nach Lieferland w\u00e4hlen wir die passende Versandoption aus, um sicherzustellen, dass Sie Ihre Produkte schnellstm\u00f6glich erhalten.<\/p>\n<p><a href=\"https:\/\/pgvape.com\/de\/faqs\/\">Klicken Sie hier f\u00fcr weitere FAQ<\/a><\/p>\n<p>Liebe Kunden, wenn Sie Fragen zu Ihrer Bestellung oder zum Wareneingang haben, wenden Sie sich bitte an unseren Kundenservice. Vielen Dank!<\/p>\n<h3 data-sourcepos=\"73:1-73:21\"><strong data-sourcepos=\"73:7-73:21\">Kontaktieren Sie uns<\/strong><\/h3>\n<div id=\"text-2419739398\" class=\"text\">\n<p><strong data-sourcepos=\"75:3-75:12\">E-Mail<\/strong>:\u00a0<a href=\"mailto:support@pgvape.com\"><strong>support@pgvape.com<\/strong><\/a><\/p>\n<p><strong data-sourcepos=\"76:3-76:15\">WhatsApp<\/strong>: <a href=\"https:\/\/wa.me\/+8618128481258\"><strong>+86 18128481258<\/strong><\/a><br \/>\n<strong>(Antwort innerhalb von 24 Stunden an Werktagen)<\/strong><\/p>\n<\/div>\n<h3><strong>Vielen Dank, dass Sie sich f\u00fcr pgvape.com entschieden haben! .<\/strong><\/h3>\n<\/div>","protected":false},"excerpt":{"rendered":"<p><strong data-sourcepos=\"58:1-58:191\">\u201cMr. Goodie UWAKE 30000: Der weltweit erste Dual-Inhale-Einweg-Vaporizer mit 30.000 Z\u00fcgen, Dual-Mesh-Spulen, Smart Display und 12 Geschmacksrichtungen \u2013 angetrieben von einer 550-mAh-Batterie.\u201d<\/strong><\/p>","protected":false},"featured_media":3709,"comment_status":"open","ping_status":"closed","template":"","meta":{"_seopress_robots_primary_cat":"none","_seopress_titles_title":"%%post_title%% %%sep%% %%sitetitle%%","_seopress_titles_desc":"","_seopress_robots_index":""},"product_brand":[516,311],"product_cat":[35,515,312],"product_tag":[38,134,90,323,324,136,204],"class_list":{"0":"post-3706","1":"product","2":"type-product","3":"status-publish","4":"has-post-thumbnail","6":"product_brand-disposable-vape","7":"product_brand-mr-goodie-vape","8":"product_cat-30k-puffs-vape","9":"product_cat-disposable-vape","10":"product_cat-mr-goodie-vape","11":"product_tag-30k-puffs","12":"product_tag-30k-vape","13":"product_tag-disposable-vape","14":"product_tag-mr-goodie-uwake","15":"product_tag-nasal-mouth","16":"product_tag-smart-screen","17":"product_tag-vape-factory-direct","19":"first","20":"outofstock","21":"sale","22":"shipping-taxable","23":"purchasable","24":"product-type-variable"},"_links":{"self":[{"href":"https:\/\/pgvape.com\/de\/wp-json\/wp\/v2\/product\/3706","targetHints":{"allow":["GET"]}}],"collection":[{"href":"https:\/\/pgvape.com\/de\/wp-json\/wp\/v2\/product"}],"about":[{"href":"https:\/\/pgvape.com\/de\/wp-json\/wp\/v2\/types\/product"}],"replies":[{"embeddable":true,"href":"https:\/\/pgvape.com\/de\/wp-json\/wp\/v2\/comments?post=3706"}],"wp:featuredmedia":[{"embeddable":true,"href":"https:\/\/pgvape.com\/de\/wp-json\/wp\/v2\/media\/3709"}],"wp:attachment":[{"href":"https:\/\/pgvape.com\/de\/wp-json\/wp\/v2\/media?parent=3706"}],"wp:term":[{"taxonomy":"product_brand","embeddable":true,"href":"https:\/\/pgvape.com\/de\/wp-json\/wp\/v2\/product_brand?post=3706"},{"taxonomy":"product_cat","embeddable":true,"href":"https:\/\/pgvape.com\/de\/wp-json\/wp\/v2\/product_cat?post=3706"},{"taxonomy":"product_tag","embeddable":true,"href":"https:\/\/pgvape.com\/de\/wp-json\/wp\/v2\/product_tag?post=3706"}],"curies":[{"name":"wp","href":"https:\/\/api.w.org\/{rel}","templated":true}]}}