{"id":3657,"date":"2025-10-18T12:41:58","date_gmt":"2025-10-18T12:41:58","guid":{"rendered":"https:\/\/pgvape.com\/?post_type=product&#038;p=3657"},"modified":"2026-03-24T03:16:17","modified_gmt":"2026-03-24T03:16:17","slug":"mr-goodie-20000-20-000-puffs-double-warehouse-einweg-vape-wiederaufladbarer-vape-direkt-ab-werk","status":"publish","type":"product","link":"https:\/\/pgvape.com\/de\/produkt\/mr-goodie-20000-20-000-puffs-double-warehouse-einweg-vape-wiederaufladbarer-vape-direkt-ab-werk\/","title":{"rendered":"Mr.Goodie 20000 20K Puffs Double Warehouse Einweg-Vape, wiederaufladbar, direkt ab Werk"},"content":{"rendered":"<div class=\"auto-hide-last-sibling-br paragraph-JOTKXA paragraph-element br-paragraph-space\">\n<p><strong data-sourcepos=\"4:5-4:67\">Mr.Goodie 20000 Puffs Double Warehouse Einweg-Vape-Pod<\/strong> Liefert <strong data-sourcepos=\"4:77-4:99\">Un\u00fcbertroffene Kapazit\u00e4t<\/strong> Mit <strong data-sourcepos=\"4:105-4:133\">40 ml vorgef\u00fclltes E-Liquid<\/strong> (20 ml\u00d72) Und <strong data-sourcepos=\"4:147-4:174\">20.000 ultralange Z\u00fcge<\/strong>. <strong data-sourcepos=\"4:188-4:206\">1,0 \u03a9 Mesh-Spule<\/strong> F\u00fcr reichhaltigen Geschmack und <strong data-sourcepos=\"4:227-4:258\">650-mAh-Akku<\/strong> Mit <strong data-sourcepos=\"4:264-4:283\">Typ-C-Aufladung<\/strong>, Es ist auf erweiterte Leistung ausgelegt. <strong data-sourcepos=\"4:334-4:360\">2% oder 5% Nikotinsalz<\/strong> \u00dcber <strong data-sourcepos=\"4:368-4:390\">12 Premium-Geschmacksrichtungen<\/strong> F\u00fcr individuelle Zufriedenheit.<\/p>\n<p>&nbsp;<\/p>\n<h2><span style=\"font-size: 90%; color: #333333;\">Mr.Goodie 20000 20K Puffs Double Warehouse Einweg-Vape-Spezifikationen<\/span><\/h2>\n<\/div>\n<p><strong data-sourcepos=\"9:3-9:17\">Puff Count<\/strong>:\u00a0<strong data-sourcepos=\"9:19-9:35\">20.000 Z\u00fcge<\/strong><\/p>\n<p><strong data-sourcepos=\"10:3-10:15\">E-Liquid<\/strong>:\u00a0<strong data-sourcepos=\"10:17-10:42\">40 ml (zwei 20-ml-Pods)<\/strong><\/p>\n<p><strong data-sourcepos=\"11:3-11:15\">Nikotin<\/strong>:\u00a0<strong data-sourcepos=\"11:17-11:42\">2% \/ 5% Nikotinsalz<\/strong><\/p>\n<p><strong data-sourcepos=\"12:3-12:11\">Spule<\/strong>:\u00a0<strong data-sourcepos=\"12:13-12:31\">1,0 \u03a9 Mesh-Spule<\/strong><\/p>\n<p><strong data-sourcepos=\"13:3-13:14\">Batterie<\/strong>:\u00a0<strong data-sourcepos=\"13:16-13:39\">650 mAh wiederaufladbar<\/strong><\/p>\n<p><strong data-sourcepos=\"14:3-14:15\">Aufladen<\/strong>:\u00a0<strong data-sourcepos=\"14:17-14:37\">Typ-C-Schnellanschluss<\/strong><\/p>\n<p><strong data-sourcepos=\"15:3-15:14\">Paket<\/strong>:\u00a0<strong data-sourcepos=\"15:16-15:59\">1 Pod + 2 TPU-Beh\u00e4lter + Typ-C-Kabel<\/strong><\/p>\n<p>&nbsp;<\/p>\n<h3><span style=\"font-size: 90%;\">Mr.Goodie 20000 20K Puffs Double Warehouse Einweg-Vape-Geschmacksliste<\/span><\/h3>\n<p>1. Speerminze<\/p>\n<p>2.Zitronen-Regenbogen<\/p>\n<p>3. B\u00e4rens\u00fc\u00dfigkeit<\/p>\n<p>4.Gefrorene Wassermelone<\/p>\n<p>5. Saftiger Pfirsich<\/p>\n<p>6. Lila Traube<\/p>\n<p>7.Minz-Honigtau<\/p>\n<p>8.Erdbeer-Kiwi<\/p>\n<p>9. Fuji-Apfel<\/p>\n<p>10. Erdbeerbanane<\/p>\n<p>11.Blue Razz<\/p>\n<p>12. Erdbeereis<img loading=\"lazy\" decoding=\"async\" class=\"alignnone wp-image-3689 size-full\" src=\"https:\/\/pgvape.com\/wp-content\/uploads\/2025\/10\/Mr.Goodie-20000-20K-Puffs-Double-Warehouse-Disposable-VapeMr.Goodie-20000-20K-Puffs-Double-Warehouse-Disposable-Vape-3_\u526f\u672c.png\" alt=\"Acht farbenfrohe Einweg-Vape-Pods, angeordnet in zwei Viererreihen, jeweils mit abgerundeter wei\u00dfer Oberseite, einem l\u00e4chelnden Hundelogo und dem Etikett &quot;mr.goodie 20.000 1 extra pod&quot;; .\" width=\"1500\" height=\"1500\" srcset=\"https:\/\/pgvape.com\/wp-content\/uploads\/2025\/10\/Mr.Goodie-20000-20K-Puffs-Double-Warehouse-Disposable-VapeMr.Goodie-20000-20K-Puffs-Double-Warehouse-Disposable-Vape-3_\u526f\u672c.png 1500w, https:\/\/pgvape.com\/wp-content\/uploads\/2025\/10\/Mr.Goodie-20000-20K-Puffs-Double-Warehouse-Disposable-VapeMr.Goodie-20000-20K-Puffs-Double-Warehouse-Disposable-Vape-3_\u526f\u672c-360x360.png 360w, https:\/\/pgvape.com\/wp-content\/uploads\/2025\/10\/Mr.Goodie-20000-20K-Puffs-Double-Warehouse-Disposable-VapeMr.Goodie-20000-20K-Puffs-Double-Warehouse-Disposable-Vape-3_\u526f\u672c-595x595.png 595w, https:\/\/pgvape.com\/wp-content\/uploads\/2025\/10\/Mr.Goodie-20000-20K-Puffs-Double-Warehouse-Disposable-VapeMr.Goodie-20000-20K-Puffs-Double-Warehouse-Disposable-Vape-3_\u526f\u672c-400x400.png 400w, https:\/\/pgvape.com\/wp-content\/uploads\/2025\/10\/Mr.Goodie-20000-20K-Puffs-Double-Warehouse-Disposable-VapeMr.Goodie-20000-20K-Puffs-Double-Warehouse-Disposable-Vape-3_\u526f\u672c-768x768.png 768w, https:\/\/pgvape.com\/wp-content\/uploads\/2025\/10\/Mr.Goodie-20000-20K-Puffs-Double-Warehouse-Disposable-VapeMr.Goodie-20000-20K-Puffs-Double-Warehouse-Disposable-Vape-3_\u526f\u672c-12x12.png 12w, https:\/\/pgvape.com\/wp-content\/uploads\/2025\/10\/Mr.Goodie-20000-20K-Puffs-Double-Warehouse-Disposable-VapeMr.Goodie-20000-20K-Puffs-Double-Warehouse-Disposable-Vape-3_\u526f\u672c-300x300.png 300w, https:\/\/pgvape.com\/wp-content\/uploads\/2025\/10\/Mr.Goodie-20000-20K-Puffs-Double-Warehouse-Disposable-VapeMr.Goodie-20000-20K-Puffs-Double-Warehouse-Disposable-Vape-3_\u526f\u672c-600x600.png 600w, https:\/\/pgvape.com\/wp-content\/uploads\/2025\/10\/Mr.Goodie-20000-20K-Puffs-Double-Warehouse-Disposable-VapeMr.Goodie-20000-20K-Puffs-Double-Warehouse-Disposable-Vape-3_\u526f\u672c-100x100.png 100w, https:\/\/pgvape.com\/wp-content\/uploads\/2025\/10\/Mr.Goodie-20000-20K-Puffs-Double-Warehouse-Disposable-VapeMr.Goodie-20000-20K-Puffs-Double-Warehouse-Disposable-Vape-3_\u526f\u672c-40x40.png 40w\" sizes=\"auto, (max-width: 1500px) 100vw, 1500px\" \/><\/p>\n<p>&nbsp;<\/p>\n<h3 class=\"brxe-heading\"><span style=\"font-size: 90%;\">Mr.Goodie 20000 20K Puffs Double Warehouse Einweg-Vape-Video:<\/span><\/h3>\n<h2 class=\"auto-hide-last-sibling-br paragraph-JOTKXA paragraph-element br-paragraph-space\"><span style=\"font-size: 90%;\"><span style=\"color: #333333;\">FAQs zu <\/span>Mr.Goodie 20000 20K Puffs Double Warehouse Einweg-Vaporizer<\/span><\/h2>\n<p data-sourcepos=\"36:1-37:108\">\u2753 <strong data-sourcepos=\"36:3-36:55\">\u201cWie funktioniert das Doppellager-Design?<br \/>\n\u201c<\/strong> \u2705 <strong data-sourcepos=\"37:3-37:106\">\u201cZwei 20-ml-Pods liefern insgesamt 40 ml E-Liquid, wodurch h\u00e4ufiges Nachf\u00fcllen f\u00fcr eine l\u00e4ngere Verwendung entf\u00e4llt.\u201d<\/strong><\/p>\n<p data-sourcepos=\"39:1-40:110\">\u2753 <strong data-sourcepos=\"39:3-39:47\">\u201cWas macht die Mesh Coil \u00fcberlegen?<br \/>\n\u201c<\/strong> \u2705 <strong data-sourcepos=\"40:3-40:108\">\u201cDie 1,0-\u03a9-Mesh-Spule sorgt f\u00fcr gleichm\u00e4\u00dfige Erw\u00e4rmung, dichteren Dampf und verbesserte Geschmacksklarheit.\u201d<\/strong><\/p>\n<p data-sourcepos=\"42:1-43:112\">\u2753 <strong data-sourcepos=\"42:3-42:37\">\u201cIst die Batterie langlebig?<br \/>\n\u201c<\/strong> \u2705 <strong data-sourcepos=\"43:3-43:110\">\u201cDer 650-mAh-Akku unterst\u00fctzt den ganzen Tag Dampfen; das Aufladen mit Typ C stellt die Energie in 30 Minuten wieder her.\u201d<\/strong><\/p>\n<p data-sourcepos=\"45:1-46:101\">\u2753 <strong data-sourcepos=\"45:3-45:44\">\u201cGibt es Optionen mit niedrigem Nikotingehalt?<br \/>\n\u201c<\/strong> \u2705 <strong data-sourcepos=\"46:3-46:99\">\u201cJa! W\u00e4hlen Sie 2% (mild) oder 5% (stark) Nikotinsalz f\u00fcr eine individuelle Intensit\u00e4t.\u201d<\/strong><\/p>\n<p data-sourcepos=\"48:1-49:87\">\u2753 <strong data-sourcepos=\"48:3-48:40\">\u201cWas ist im Paket enthalten?<br \/>\n\u201c<\/strong> \u2705 <strong data-sourcepos=\"49:3-49:85\">\u201c1 vorgef\u00fcllter Pod, 2 TPU-Beh\u00e4lter und ein Typ-C-Kabel f\u00fcr den sofortigen Gebrauch.\u201d<\/strong><\/p>\n<p>&nbsp;<\/p>\n<h3 id=\"brxe-najhln\" class=\"brxe-heading\">H\u00e4ufig gestellte Fragen (FAQ)<\/h3>\n<div id=\"brxe-rajiac\" class=\"brxe-text\">\n<p><strong>F: Welche Zahlungsmethoden akzeptieren Sie?<\/strong><br \/>\nA: Wir akzeptieren PayPal, Stripe, Bank\u00fcberweisungen (SEPA unterst\u00fctzt), g\u00e4ngige Kreditkarten (Visa, MasterCard, American Express) und Zahlungen in Kryptow\u00e4hrung.<\/p>\n<p><strong>F: Wie lange dauert die Auftragsvorbereitung?<\/strong><br \/>\nA: Die Auftragsvorbereitung dauert 1-3 Werktage.<\/p>\n<p><strong>F: Wie lange dauert die Lieferung?<\/strong><br \/>\nA: Die Lieferzeit betr\u00e4gt je nach Standort 7\u201314 Werktage.<\/p>\n<p><strong>F: Wie kann ich meine Bestellung verfolgen?<\/strong><br \/>\nA: Nach dem Versand erhalten Sie eine Best\u00e4tigungs-E-Mail mit einer Sendungsverfolgungsnummer zur Echtzeitverfolgung.<\/p>\n<p><strong>F: Wie lauten Ihre R\u00fcckgabebedingungen?<\/strong><br \/>\nA: Wir bieten ein 30-t\u00e4giges R\u00fcckgaberecht f\u00fcr R\u00fcckerstattungen oder Umtausch. .<\/p>\n<p><strong>F: Wird es Zollprobleme geben?<br \/>\n<\/strong>Wir k\u00fcmmern uns um alle Zollabfertigungsverfahren, um Ihnen ein reibungsloses Erlebnis zu gew\u00e4hrleisten. .<\/p>\n<p><strong>F: Welche Versandarten werden verwendet?<\/strong><br \/>\nWir arbeiten mit UPS\/DHL\/FEDEX\/DPD etc. zusammen. Je nach Lieferland w\u00e4hlen wir die passende Versandoption aus, um sicherzustellen, dass Sie Ihre Produkte schnellstm\u00f6glich erhalten.<\/p>\n<p><a href=\"https:\/\/pgvape.com\/de\/faqs\/\">Klicken Sie hier f\u00fcr weitere FAQ<\/a><\/p>\n<p>Liebe Kunden, wenn Sie Fragen zu Ihrer Bestellung oder zum Wareneingang haben, wenden Sie sich bitte an unseren Kundenservice. Vielen Dank!<\/p>\n<h3 data-sourcepos=\"73:1-73:21\"><strong data-sourcepos=\"73:7-73:21\">Kontaktieren Sie uns<\/strong><\/h3>\n<div id=\"text-2419739398\" class=\"text\">\n<p><strong data-sourcepos=\"75:3-75:12\">E-Mail<\/strong>:\u00a0<a href=\"mailto:support@pgvape.com\"><strong>support@pgvape.com<\/strong><\/a><\/p>\n<p><strong data-sourcepos=\"76:3-76:15\">WhatsApp<\/strong>: <a href=\"https:\/\/wa.me\/+8618128481258\"><strong>+86 18128481258<\/strong><\/a><br \/>\n<strong>(Antwort innerhalb von 24 Stunden an Werktagen)<\/strong><\/p>\n<\/div>\n<h3><strong>Vielen Dank, dass Sie sich f\u00fcr pgvape.com entschieden haben! .<\/strong><\/h3>\n<\/div>","protected":false},"excerpt":{"rendered":"<p><strong data-sourcepos=\"54:1-54:186\">\u201cMr.Goodie 20000: Double Warehouse Einweg-Pod mit 40 ml E-Liquid, 20.000 Z\u00fcgen, 1,0-\u03a9-Mesh-Spule und 12 Geschmacksrichtungen \u2013 angetrieben von einem 650-mAh-Akku.\u201d<\/strong><\/p>","protected":false},"featured_media":3683,"comment_status":"open","ping_status":"closed","template":"","meta":{"_seopress_robots_primary_cat":"none","_seopress_titles_title":"%%post_title%% %%sep%% %%sitetitle%%","_seopress_titles_desc":"","_seopress_robots_index":""},"product_brand":[516,311],"product_cat":[84,515,312],"product_tag":[88,89,90,322,321,259],"class_list":{"0":"post-3657","1":"product","2":"type-product","3":"status-publish","4":"has-post-thumbnail","6":"product_brand-disposable-vape","7":"product_brand-mr-goodie-vape","8":"product_cat-20k-puffs-vape","9":"product_cat-disposable-vape","10":"product_cat-mr-goodie-vape","11":"product_tag-20k-puffs","12":"product_tag-20k-vape","13":"product_tag-disposable-vape","14":"product_tag-double-warehouse","15":"product_tag-mr-goodie-20000","16":"product_tag-rechargeable","18":"first","19":"instock","20":"sale","21":"shipping-taxable","22":"purchasable","23":"product-type-variable"},"_links":{"self":[{"href":"https:\/\/pgvape.com\/de\/wp-json\/wp\/v2\/product\/3657","targetHints":{"allow":["GET"]}}],"collection":[{"href":"https:\/\/pgvape.com\/de\/wp-json\/wp\/v2\/product"}],"about":[{"href":"https:\/\/pgvape.com\/de\/wp-json\/wp\/v2\/types\/product"}],"replies":[{"embeddable":true,"href":"https:\/\/pgvape.com\/de\/wp-json\/wp\/v2\/comments?post=3657"}],"wp:featuredmedia":[{"embeddable":true,"href":"https:\/\/pgvape.com\/de\/wp-json\/wp\/v2\/media\/3683"}],"wp:attachment":[{"href":"https:\/\/pgvape.com\/de\/wp-json\/wp\/v2\/media?parent=3657"}],"wp:term":[{"taxonomy":"product_brand","embeddable":true,"href":"https:\/\/pgvape.com\/de\/wp-json\/wp\/v2\/product_brand?post=3657"},{"taxonomy":"product_cat","embeddable":true,"href":"https:\/\/pgvape.com\/de\/wp-json\/wp\/v2\/product_cat?post=3657"},{"taxonomy":"product_tag","embeddable":true,"href":"https:\/\/pgvape.com\/de\/wp-json\/wp\/v2\/product_tag?post=3657"}],"curies":[{"name":"wp","href":"https:\/\/api.w.org\/{rel}","templated":true}]}}