{"id":3416,"date":"2025-10-14T02:39:58","date_gmt":"2025-10-14T02:39:58","guid":{"rendered":"https:\/\/pgvape.com\/?post_type=product&#038;p=3416"},"modified":"2025-12-15T12:48:27","modified_gmt":"2025-12-15T12:48:27","slug":"zooy-zero-45000-45k-puffs-einweg-vape-schone-steuerung-einstellbarer-luftstrom-dual-mesh-coil-vape-direkt-ab-werk","status":"publish","type":"product","link":"https:\/\/pgvape.com\/de\/produkt\/zooy-zero-45000-45k-puffs-einweg-vape-schone-steuerung-einstellbarer-luftstrom-dual-mesh-coil-vape-direkt-ab-werk\/","title":{"rendered":"ZOOY ZERO 45000 45K Puffs Einweg-Vape Nic&amp;Ice Control Einstellbarer Luftstrom Dual Mesh Coil Vape Factory Direct"},"content":{"rendered":"<div class=\"auto-hide-last-sibling-br paragraph-JOTKXA paragraph-element br-paragraph-space\"><strong data-sourcepos=\"4:5-4:46\">ZOOY ZERO 45000 Puffs Einweg-Vaporizer<\/strong> Definiert Individualisierung neu mit <strong data-sourcepos=\"4:76-4:106\">Einstellbare NIC&amp;ICE-Steuerung<\/strong>, <strong data-sourcepos=\"4:108-4:127\">Dual-Mesh-Spulen<\/strong>, Und <strong data-sourcepos=\"4:133-4:150\">Intelligentes Display<\/strong>. <strong data-sourcepos=\"4:164-4:196\">1000-mAh-Akku<\/strong> Und <strong data-sourcepos=\"4:201-4:225\">Typ-C-Schnellladung<\/strong>, Es liefert <strong data-sourcepos=\"4:239-4:266\">45.000 ultralange Z\u00fcge<\/strong>. <strong data-sourcepos=\"4:301-4:323\">Einstellbarer Luftstrom<\/strong> Und w\u00e4hlen Sie aus <strong data-sourcepos=\"4:340-4:362\">10 Premium-Geschmacksrichtungen<\/strong> F\u00fcr ma\u00dfgeschneiderte Zufriedenheit.<img loading=\"lazy\" decoding=\"async\" class=\"alignnone wp-image-3432 size-full\" style=\"font-size: 14.4px;\" src=\"https:\/\/pgvape.com\/wp-content\/uploads\/2025\/10\/pgvape-ZOOY-ZERO-45000-45k-puffs-NicIce-Control-Disposable-Vape-Factory-Direct-12.png\" alt=\"Werbebanner mit Zooy Zero 45000 Einweg-Vaporizern und Verpackungen \u2013 drei farbenfrohe Ger\u00e4te im Pod-Stil (blau, rot, gelb) mit kreisf\u00f6rmigen Regenbogenbildschirmen und Boxen mit der Aufschrift \u201eWatermelon Ice\u201c, vor einem rosa-blauen Farbverlauf mit dem gro\u00dfen Produktnamen ZOOY ZERO 45000 und Symbolen f\u00fcr NIC&amp;ICE-Steuerung, Dual-Mesh-Spule und 1000-mAh-Akku.\" width=\"1500\" height=\"312\" srcset=\"https:\/\/pgvape.com\/wp-content\/uploads\/2025\/10\/pgvape-ZOOY-ZERO-45000-45k-puffs-NicIce-Control-Disposable-Vape-Factory-Direct-12.png 1500w, https:\/\/pgvape.com\/wp-content\/uploads\/2025\/10\/pgvape-ZOOY-ZERO-45000-45k-puffs-NicIce-Control-Disposable-Vape-Factory-Direct-12-555x115.png 555w, https:\/\/pgvape.com\/wp-content\/uploads\/2025\/10\/pgvape-ZOOY-ZERO-45000-45k-puffs-NicIce-Control-Disposable-Vape-Factory-Direct-12-595x124.png 595w, https:\/\/pgvape.com\/wp-content\/uploads\/2025\/10\/pgvape-ZOOY-ZERO-45000-45k-puffs-NicIce-Control-Disposable-Vape-Factory-Direct-12-400x83.png 400w, https:\/\/pgvape.com\/wp-content\/uploads\/2025\/10\/pgvape-ZOOY-ZERO-45000-45k-puffs-NicIce-Control-Disposable-Vape-Factory-Direct-12-768x160.png 768w, https:\/\/pgvape.com\/wp-content\/uploads\/2025\/10\/pgvape-ZOOY-ZERO-45000-45k-puffs-NicIce-Control-Disposable-Vape-Factory-Direct-12-18x4.png 18w, https:\/\/pgvape.com\/wp-content\/uploads\/2025\/10\/pgvape-ZOOY-ZERO-45000-45k-puffs-NicIce-Control-Disposable-Vape-Factory-Direct-12-600x125.png 600w, https:\/\/pgvape.com\/wp-content\/uploads\/2025\/10\/pgvape-ZOOY-ZERO-45000-45k-puffs-NicIce-Control-Disposable-Vape-Factory-Direct-12-60x12.png 60w\" sizes=\"auto, (max-width: 1500px) 100vw, 1500px\" \/><\/div>\n<p>&nbsp;<\/p>\n<h3><span style=\"font-size: 90%;\">ZOOY ZERO 45000 | 45K Puffs Control Einweg-Vape-Spezifikationen<\/span><\/h3>\n<p><strong data-sourcepos=\"9:3-9:17\">Puff Count<\/strong>:\u00a0<strong data-sourcepos=\"9:19-9:35\">45.000 Z\u00fcge<\/strong><\/p>\n<p><strong data-sourcepos=\"10:3-10:15\">Nikotin<\/strong>:\u00a0<strong data-sourcepos=\"10:17-10:43\">Einstellbare NIC-Steuerung<\/strong><\/p>\n<p><strong data-sourcepos=\"11:3-11:14\">K\u00fchlung<\/strong>:\u00a0<strong data-sourcepos=\"11:16-11:42\">Einstellbare ICE-Steuerung<\/strong><\/p>\n<p><strong data-sourcepos=\"12:3-12:11\">Spule<\/strong>:\u00a0<strong data-sourcepos=\"12:13-12:44\">0,6 \u03a9 + 1,5 \u03a9 Dual-Mesh-Spulen<\/strong><\/p>\n<p><strong data-sourcepos=\"13:3-13:14\">Batterie<\/strong>:\u00a0<strong data-sourcepos=\"13:16-13:40\">1000 mAh wiederaufladbar<\/strong><\/p>\n<p><strong data-sourcepos=\"14:3-14:15\">Aufladen<\/strong>:\u00a0<strong data-sourcepos=\"14:17-14:41\">Typ-C-Schnellladung<\/strong><\/p>\n<p><strong data-sourcepos=\"15:3-15:14\">Anzeige<\/strong>:\u00a0<strong data-sourcepos=\"15:16-15:62\">Smart Screen (Puffanzahl\/Batterie\/E-Liquid)<\/strong><\/p>\n<p><strong data-sourcepos=\"16:3-16:14\">Luftstrom<\/strong>:\u00a0<strong data-sourcepos=\"16:16-16:40\">Einstellbar (MTL\/DTL)<\/strong><\/p>\n<p>&nbsp;<\/p>\n<h3><span style=\"font-size: 90%;\">ZOOY ZERO 45000 | 45K Puffs Control Einweg-Vape-Geschmacksliste<\/span><\/h3>\n<p>1. Wassermeloneneis<\/p>\n<p>2. Blaubeereis<\/p>\n<p>3.Erdbeer-Wassermelone<\/p>\n<p>4. Zitronen-Cola<\/p>\n<p>5.Erdbeer-Kiwi<\/p>\n<p>6. Traubenapfel<\/p>\n<p>7.Erdbeer-Orangen-Pop<\/p>\n<p>8.Blue Razz Ice<\/p>\n<p>9. Blaubeer-Wassermelone<\/p>\n<p>10.Mango Passion Guave<br \/>\n<img loading=\"lazy\" decoding=\"async\" class=\"alignnone wp-image-3430 size-full\" src=\"https:\/\/pgvape.com\/wp-content\/uploads\/2025\/10\/pgvape-ZOOY-ZERO-45000-45k-puffs-NicIce-Control-Disposable-Vape-Factory-Direct-10.png\" alt=\"Zehn farbenfrohe, rechteckige Einweg-Vaporizer, die in zwei Reihen angeordnet sind, jedes mit einem schwarzen Mundst\u00fcck, einem gro\u00dfen ZERO 45000-Logo und kleinen Geschmacksgrafiken und Etiketten, darunter Erdbeer-Wassermelone, Erdbeer-Orangen-Pop, Mango-Passion-Guave, Blue Razz Ice, Blaubeer-Wassermelone, Blaubeer-Eis, Zitronen-Cola, Wassermelonen-Eis, Traubenapfel und Erdbeer-Kiwi.\" width=\"1000\" height=\"1000\" srcset=\"https:\/\/pgvape.com\/wp-content\/uploads\/2025\/10\/pgvape-ZOOY-ZERO-45000-45k-puffs-NicIce-Control-Disposable-Vape-Factory-Direct-10.png 1000w, https:\/\/pgvape.com\/wp-content\/uploads\/2025\/10\/pgvape-ZOOY-ZERO-45000-45k-puffs-NicIce-Control-Disposable-Vape-Factory-Direct-10-360x360.png 360w, https:\/\/pgvape.com\/wp-content\/uploads\/2025\/10\/pgvape-ZOOY-ZERO-45000-45k-puffs-NicIce-Control-Disposable-Vape-Factory-Direct-10-595x595.png 595w, https:\/\/pgvape.com\/wp-content\/uploads\/2025\/10\/pgvape-ZOOY-ZERO-45000-45k-puffs-NicIce-Control-Disposable-Vape-Factory-Direct-10-400x400.png 400w, https:\/\/pgvape.com\/wp-content\/uploads\/2025\/10\/pgvape-ZOOY-ZERO-45000-45k-puffs-NicIce-Control-Disposable-Vape-Factory-Direct-10-768x768.png 768w, https:\/\/pgvape.com\/wp-content\/uploads\/2025\/10\/pgvape-ZOOY-ZERO-45000-45k-puffs-NicIce-Control-Disposable-Vape-Factory-Direct-10-12x12.png 12w, https:\/\/pgvape.com\/wp-content\/uploads\/2025\/10\/pgvape-ZOOY-ZERO-45000-45k-puffs-NicIce-Control-Disposable-Vape-Factory-Direct-10-300x300.png 300w, https:\/\/pgvape.com\/wp-content\/uploads\/2025\/10\/pgvape-ZOOY-ZERO-45000-45k-puffs-NicIce-Control-Disposable-Vape-Factory-Direct-10-600x600.png 600w, https:\/\/pgvape.com\/wp-content\/uploads\/2025\/10\/pgvape-ZOOY-ZERO-45000-45k-puffs-NicIce-Control-Disposable-Vape-Factory-Direct-10-100x100.png 100w, https:\/\/pgvape.com\/wp-content\/uploads\/2025\/10\/pgvape-ZOOY-ZERO-45000-45k-puffs-NicIce-Control-Disposable-Vape-Factory-Direct-10-40x40.png 40w\" sizes=\"auto, (max-width: 1000px) 100vw, 1000px\" \/><\/p>\n<h3><span style=\"font-size: 90%;\">ZOOY ZERO 45000 45K Puffs Nic&amp;Ice Control Einweg-Vape-Video<strong>::<\/strong><\/span><\/h3>\n<p>&nbsp;<\/p>\n<h2 class=\"header-vfC6AV auto-hide-last-sibling-br\">H\u00e4ufig gestellte Fragen zu ZOOY ZERO 45000 | 45K Puffs Control Einweg-Vaporizer<\/h2>\n<p data-sourcepos=\"35:1-36:129\">\u2753 <strong data-sourcepos=\"35:3-35:47\">\u201cWie funktioniert die NIC&amp;ICE-Steuerung?<br \/>\n\u201c<\/strong> \u2705 <strong data-sourcepos=\"36:3-36:127\">\u201cPassen Sie die Nikotinst\u00e4rke und die Mentholk\u00fchlung unabh\u00e4ngig voneinander \u00fcber intuitive Bedienelemente an, um einen personalisierten Throat Hit zu erzielen.\u201d<\/strong><\/p>\n<p data-sourcepos=\"38:1-39:115\">\u2753 <strong data-sourcepos=\"38:3-38:54\">\u201cWas ist das Besondere an den Dual Mesh Coils?<br \/>\n\u201c<\/strong> \u2705 <strong data-sourcepos=\"39:3-39:113\">\u201c0,6 \u03a9 + 1,5 \u03a9 Spulen optimieren Geschmack\/Dampf sowohl f\u00fcr MTL (Tighter Draw) als auch f\u00fcr DTL (Cloud Chasing).\u201d<\/strong><\/p>\n<p data-sourcepos=\"41:1-42:106\">\u2753 <strong data-sourcepos=\"41:3-41:47\">\u201cWie genau ist das Smart Display?<br \/>\n\u201c<\/strong> \u2705 <strong data-sourcepos=\"42:3-42:104\">\u201cVerfolgt Echtzeit-Puffzahl, Batteriestand % und E-Liquid-F\u00fcllst\u00e4nde f\u00fcr eine pr\u00e4zise \u00dcberwachung.\u201d<\/strong><\/p>\n<p data-sourcepos=\"44:1-45:101\">\u2753 <strong data-sourcepos=\"44:3-44:41\">\u201cIst die Batterie langlebig?<br \/>\n\u201c<\/strong> \u2705 <strong data-sourcepos=\"45:3-45:99\">\u201cDer 1000-mAh-Akku unterst\u00fctzt mehr als 48 Stunden; das Aufladen mit Typ-C dauert 45 Minuten.\u201d<\/strong><\/p>\n<p data-sourcepos=\"47:1-48:104\">\u2753 <strong data-sourcepos=\"47:3-47:43\">\u201cKann ich die Dampfdichte anpassen?<br \/>\n\u201c<\/strong> \u2705 <strong data-sourcepos=\"48:3-48:102\">\u201cJa! Mit dem einstellbaren Luftstrom k\u00f6nnen Sie zwischen eingeschr\u00e4nktem MTL- oder luftigem DTL-Zug w\u00e4hlen.\u201d<\/strong><\/p>\n<p>&nbsp;<\/p>\n<h3 id=\"brxe-najhln\" class=\"brxe-heading\">H\u00e4ufig gestellte Fragen (FAQ)<\/h3>\n<div id=\"brxe-rajiac\" class=\"brxe-text\">\n<p><strong>F: Welche Zahlungsmethoden akzeptieren Sie?<\/strong><br \/>\nA: Wir akzeptieren PayPal, Stripe, Bank\u00fcberweisungen (SEPA unterst\u00fctzt), g\u00e4ngige Kreditkarten (Visa, MasterCard, American Express) und Zahlungen in Kryptow\u00e4hrung.<\/p>\n<p><strong>F: Wie lange dauert die Auftragsvorbereitung?<\/strong><br \/>\nA: Die Auftragsvorbereitung dauert 1-3 Werktage.<\/p>\n<p><strong>F: Wie lange dauert die Lieferung?<\/strong><br \/>\nA: Die Lieferzeit betr\u00e4gt je nach Standort 7\u201314 Werktage.<\/p>\n<p><strong>F: Wie kann ich meine Bestellung verfolgen?<\/strong><br \/>\nA: Nach dem Versand erhalten Sie eine Best\u00e4tigungs-E-Mail mit einer Sendungsverfolgungsnummer zur Echtzeitverfolgung.<\/p>\n<p><strong>F: Wie lauten Ihre R\u00fcckgabebedingungen?<\/strong><br \/>\nA: Wir bieten ein 30-t\u00e4giges R\u00fcckgaberecht f\u00fcr R\u00fcckerstattungen oder Umtausch. .<\/p>\n<p><strong>F: Wird es Zollprobleme geben?<br \/>\n<\/strong>Wir k\u00fcmmern uns um alle Zollabfertigungsverfahren, um Ihnen ein reibungsloses Erlebnis zu gew\u00e4hrleisten. .<\/p>\n<p><strong>F: Welche Versandarten werden verwendet?<\/strong><br \/>\nWir arbeiten mit UPS\/DHL\/FEDEX\/DPD etc. zusammen. Je nach Lieferland w\u00e4hlen wir die passende Versandoption aus, um sicherzustellen, dass Sie Ihre Produkte schnellstm\u00f6glich erhalten.<\/p>\n<p><a href=\"https:\/\/pgvape.com\/de\/faqs\/\">Klicken Sie hier f\u00fcr weitere FAQ<\/a><\/p>\n<p>Liebe Kunden, wenn Sie Fragen zu Ihrer Bestellung oder zum Wareneingang haben, wenden Sie sich bitte an unseren Kundenservice. Vielen Dank!<\/p>\n<h3 data-sourcepos=\"73:1-73:21\"><strong data-sourcepos=\"73:7-73:21\">Kontaktieren Sie uns<\/strong><\/h3>\n<div id=\"text-2419739398\" class=\"text\">\n<p><strong data-sourcepos=\"75:3-75:12\">E-Mail<\/strong>:\u00a0<a href=\"mailto:support@pgvape.com\"><strong>support@pgvape.com<\/strong><\/a><\/p>\n<p><strong data-sourcepos=\"76:3-76:15\">WhatsApp<\/strong>: <a href=\"https:\/\/wa.me\/+8618128481258\"><strong>+86 18128481258<\/strong><\/a><br \/>\n<strong>(Antwort innerhalb von 24 Stunden an Werktagen)<\/strong><\/p>\n<\/div>\n<h3><strong>Vielen Dank, dass Sie sich f\u00fcr pgvape.com entschieden haben! .<\/strong><\/h3>\n<\/div>","protected":false},"excerpt":{"rendered":"<p><strong data-sourcepos=\"53:1-53:209\">\u201cZOOY ZERO 45000: Der ultimative anpassbare Einweg-Vaporizer mit NIC&amp;ICE-Steuerung, Dual-Mesh-Spulen, Smart Display und 10 Geschmacksrichtungen \u2013 angetrieben von einem 1000-mAh-Akku f\u00fcr 45.000 Z\u00fcge.\u201d<\/strong><\/p>","protected":false},"featured_media":3420,"comment_status":"open","ping_status":"closed","template":"","meta":{"_seopress_robots_primary_cat":"none","_seopress_titles_title":"%%post_title%% %%sep%% %%sitetitle%%","_seopress_titles_desc":"","_seopress_robots_index":""},"product_brand":[516,291],"product_cat":[308,515,290],"product_tag":[310,135,90,257,297,136,309],"class_list":{"0":"post-3416","1":"product","2":"type-product","3":"status-publish","4":"has-post-thumbnail","6":"product_brand-disposable-vape","7":"product_brand-zooy-vape","8":"product_cat-45k-puffs-vape","9":"product_cat-disposable-vape","10":"product_cat-zooy-vape","11":"product_tag-45k-puffs-vape","12":"product_tag-adjustable-airflow","13":"product_tag-disposable-vape","14":"product_tag-dual-mesh-coil","15":"product_tag-nicice-control","16":"product_tag-smart-screen","17":"product_tag-zooy-zero-45000","19":"first","20":"instock","21":"sale","22":"shipping-taxable","23":"purchasable","24":"product-type-variable"},"_links":{"self":[{"href":"https:\/\/pgvape.com\/de\/wp-json\/wp\/v2\/product\/3416","targetHints":{"allow":["GET"]}}],"collection":[{"href":"https:\/\/pgvape.com\/de\/wp-json\/wp\/v2\/product"}],"about":[{"href":"https:\/\/pgvape.com\/de\/wp-json\/wp\/v2\/types\/product"}],"replies":[{"embeddable":true,"href":"https:\/\/pgvape.com\/de\/wp-json\/wp\/v2\/comments?post=3416"}],"wp:featuredmedia":[{"embeddable":true,"href":"https:\/\/pgvape.com\/de\/wp-json\/wp\/v2\/media\/3420"}],"wp:attachment":[{"href":"https:\/\/pgvape.com\/de\/wp-json\/wp\/v2\/media?parent=3416"}],"wp:term":[{"taxonomy":"product_brand","embeddable":true,"href":"https:\/\/pgvape.com\/de\/wp-json\/wp\/v2\/product_brand?post=3416"},{"taxonomy":"product_cat","embeddable":true,"href":"https:\/\/pgvape.com\/de\/wp-json\/wp\/v2\/product_cat?post=3416"},{"taxonomy":"product_tag","embeddable":true,"href":"https:\/\/pgvape.com\/de\/wp-json\/wp\/v2\/product_tag?post=3416"}],"curies":[{"name":"wp","href":"https:\/\/api.w.org\/{rel}","templated":true}]}}