{"id":3263,"date":"2025-10-13T09:18:02","date_gmt":"2025-10-13T09:18:02","guid":{"rendered":"https:\/\/pgvape.com\/?post_type=product&#038;p=3263"},"modified":"2025-12-15T12:50:22","modified_gmt":"2025-12-15T12:50:22","slug":"zooy-blaze-25000-25-000-zuge-einweg-vape-luftstromleistung-einstellbar-vollbild-display-direkt-ab-werk","status":"publish","type":"product","link":"https:\/\/pgvape.com\/de\/produkt\/zooy-blaze-25000-25-000-zuge-einweg-vape-luftstromleistung-einstellbar-vollbild-display-direkt-ab-werk\/","title":{"rendered":"ZOOY BlAZE 25000 25K Puffs Einweg-Vape-Luftstrom und Leistung, einstellbares Vollbild-Display, direkt ab Werk"},"content":{"rendered":"<div class=\"auto-hide-last-sibling-br paragraph-JOTKXA paragraph-element br-paragraph-space\"><strong data-sourcepos=\"4:5-4:47\">ZOOY BLAZE 25000 Puffs Einweg-Vaporizer<\/strong> Angebote <strong data-sourcepos=\"4:55-4:81\">Ultimative Anpassung<\/strong> Mit <strong data-sourcepos=\"4:87-4:109\">Einstellbarer Luftstrom<\/strong>, <strong data-sourcepos=\"4:111-4:136\">Variable Leistungsabgabe<\/strong>, Und <strong data-sourcepos=\"4:142-4:161\">Dual-Mesh-Spulen<\/strong>. <strong data-sourcepos=\"4:175-4:206\">650-mAh-Akku<\/strong>, <strong data-sourcepos=\"4:208-4:232\">Typ-C-Schnellladung<\/strong>, Und <strong data-sourcepos=\"4:238-4:261\">Vollbildanzeige<\/strong>, Es liefert <strong data-sourcepos=\"4:275-4:302\">25.000 ultralange Z\u00fcge<\/strong>. <strong data-sourcepos=\"4:316-4:338\">10 Premium-Geschmacksrichtungen<\/strong> In <strong data-sourcepos=\"4:342-4:363\">2%\/3%\/5% Nikotin<\/strong> F\u00fcr ein ma\u00dfgeschneidertes Dampferlebnis.<\/div>\n<p>&nbsp;<\/p>\n<h3><span style=\"font-size: 90%;\">ZOOY BlaZE 25000 | 25K Puffs Einweg-Vape-Spezifikationen<\/span><\/h3>\n<p><strong data-sourcepos=\"9:3-9:17\">Puff Count<\/strong>:\u00a0<strong data-sourcepos=\"9:19-9:35\">25.000 Z\u00fcge<\/strong><\/p>\n<p><strong data-sourcepos=\"10:3-10:15\">Nikotin<\/strong>:\u00a0<strong data-sourcepos=\"10:17-10:41\">2% \/ 3% \/ 5% Optionen<\/strong><\/p>\n<p><strong data-sourcepos=\"11:3-11:11\">Spule<\/strong>:\u00a0<strong data-sourcepos=\"11:13-11:46\">Dual-Mesh-Spulen (1,0 \u03a9 + 1,2 \u03a9)<\/strong><\/p>\n<p><strong data-sourcepos=\"12:3-12:14\">Batterie<\/strong>:\u00a0<strong data-sourcepos=\"12:16-12:39\">650 mAh wiederaufladbar<\/strong><\/p>\n<p><strong data-sourcepos=\"13:3-13:15\">Aufladen<\/strong>:\u00a0<strong data-sourcepos=\"13:17-13:41\">Typ-C-Schnellladung<\/strong><\/p>\n<p><strong data-sourcepos=\"14:3-14:14\">Anzeige<\/strong>:\u00a0<strong data-sourcepos=\"14:16-14:35\">Vollbild-LED<\/strong><\/p>\n<p><strong data-sourcepos=\"15:3-15:18\">Anpassungen<\/strong>:\u00a0<strong data-sourcepos=\"15:20-15:47\">Luftstrom- und Leistungssteuerung<\/strong><\/p>\n<p>&nbsp;<\/p>\n<h3><span style=\"font-size: 90%;\">ZOOY BlaZE 25000 | 25K Puffs Einweg-Vape-Geschmacksliste<\/span><\/h3>\n<p><strong>1. Wassermeloneneis<\/strong><\/p>\n<p><strong>2. Blaubeereis<\/strong><\/p>\n<p><strong>3.Erdbeer-Kiwi<\/strong><\/p>\n<p><strong>4. Traube-Zitrone<\/strong><\/p>\n<p><strong>5.Apfel-Pfirsich<\/strong><\/p>\n<p><strong>6.Blue Razz Limonade<\/strong><\/p>\n<p><strong>7.Erdbeer-Wassermelone<\/strong><\/p>\n<p><strong>8. Brombeer-Kirsch-Zitrone<\/strong><\/p>\n<p><strong>9. Gemischte Beeren<\/strong><\/p>\n<p><strong>10.Blaue Minze<\/strong>\u00a0(Blaubeerminze)<br \/>\n<img loading=\"lazy\" decoding=\"async\" class=\"alignnone wp-image-3284 size-full\" src=\"https:\/\/pgvape.com\/wp-content\/uploads\/2025\/10\/pgvape-ZOOY-BlAZE-25000-25K-Puffs-Disposable-Vape-Adjustable-Airflow-Adjustable-Power-Full-Screen-Display-Vape-Factory-Direct-18.png\" alt=\"Elf farbenfrohe E-Zigaretten im Pod-Stil, die in zwei Reihen auf wei\u00dfem Hintergrund angeordnet sind, jeweils mit einem schwarzen ovalen Digitaldisplay mit mehrfarbigen Anzeigeringen und kleinen Symbolen, darunter beschriftet mit Geschmacksnamen auf Englisch und Chinesisch, z. B. Watermelon Ice, Blueberry Ice, Strawberry Kiwi, Grape Juice, Apple Peach, Cool Mint, Mixed Berry, Blackberry Cherry Lemon, Strawberry Watermelon und Blue Razz Lemonade.\" width=\"1000\" height=\"1000\" srcset=\"https:\/\/pgvape.com\/wp-content\/uploads\/2025\/10\/pgvape-ZOOY-BlAZE-25000-25K-Puffs-Disposable-Vape-Adjustable-Airflow-Adjustable-Power-Full-Screen-Display-Vape-Factory-Direct-18.png 1000w, https:\/\/pgvape.com\/wp-content\/uploads\/2025\/10\/pgvape-ZOOY-BlAZE-25000-25K-Puffs-Disposable-Vape-Adjustable-Airflow-Adjustable-Power-Full-Screen-Display-Vape-Factory-Direct-18-360x360.png 360w, https:\/\/pgvape.com\/wp-content\/uploads\/2025\/10\/pgvape-ZOOY-BlAZE-25000-25K-Puffs-Disposable-Vape-Adjustable-Airflow-Adjustable-Power-Full-Screen-Display-Vape-Factory-Direct-18-595x595.png 595w, https:\/\/pgvape.com\/wp-content\/uploads\/2025\/10\/pgvape-ZOOY-BlAZE-25000-25K-Puffs-Disposable-Vape-Adjustable-Airflow-Adjustable-Power-Full-Screen-Display-Vape-Factory-Direct-18-400x400.png 400w, https:\/\/pgvape.com\/wp-content\/uploads\/2025\/10\/pgvape-ZOOY-BlAZE-25000-25K-Puffs-Disposable-Vape-Adjustable-Airflow-Adjustable-Power-Full-Screen-Display-Vape-Factory-Direct-18-768x768.png 768w, https:\/\/pgvape.com\/wp-content\/uploads\/2025\/10\/pgvape-ZOOY-BlAZE-25000-25K-Puffs-Disposable-Vape-Adjustable-Airflow-Adjustable-Power-Full-Screen-Display-Vape-Factory-Direct-18-12x12.png 12w, https:\/\/pgvape.com\/wp-content\/uploads\/2025\/10\/pgvape-ZOOY-BlAZE-25000-25K-Puffs-Disposable-Vape-Adjustable-Airflow-Adjustable-Power-Full-Screen-Display-Vape-Factory-Direct-18-300x300.png 300w, https:\/\/pgvape.com\/wp-content\/uploads\/2025\/10\/pgvape-ZOOY-BlAZE-25000-25K-Puffs-Disposable-Vape-Adjustable-Airflow-Adjustable-Power-Full-Screen-Display-Vape-Factory-Direct-18-600x600.png 600w, https:\/\/pgvape.com\/wp-content\/uploads\/2025\/10\/pgvape-ZOOY-BlAZE-25000-25K-Puffs-Disposable-Vape-Adjustable-Airflow-Adjustable-Power-Full-Screen-Display-Vape-Factory-Direct-18-100x100.png 100w, https:\/\/pgvape.com\/wp-content\/uploads\/2025\/10\/pgvape-ZOOY-BlAZE-25000-25K-Puffs-Disposable-Vape-Adjustable-Airflow-Adjustable-Power-Full-Screen-Display-Vape-Factory-Direct-18-40x40.png 40w\" sizes=\"auto, (max-width: 1000px) 100vw, 1000px\" \/><\/p>\n<h3><span style=\"font-size: 90%;\">ZOOY BlaZE 25000 25K Puffs Einweg-Vape-Video<strong>::<\/strong><\/span><\/h3>\n<p>&nbsp;<\/p>\n<h2 class=\"header-vfC6AV auto-hide-last-sibling-br\">H\u00e4ufig gestellte Fragen zu ZOOY BlAZE 25000 | 25K Puffs Einweg-Vaporizer<\/h2>\n<p data-sourcepos=\"34:1-35:94\">\u2753 <strong data-sourcepos=\"34:3-34:50\">Was macht den ZOOY BLAZE 25000 einzigartig?<br \/>\n<\/strong> \u2705 <strong data-sourcepos=\"35:3-35:25\">Einstellbarer Luftstrom<\/strong>, <strong data-sourcepos=\"35:27-35:44\">Leistungskontrolle<\/strong>, Und <strong data-sourcepos=\"35:50-35:69\">Dual-Mesh-Spulen<\/strong> F\u00fcr individuelles Dampfen.<\/p>\n<p data-sourcepos=\"37:1-38:45\">\u2753 <strong data-sourcepos=\"37:3-37:38\">Wie viele Z\u00fcge bietet es?<br \/>\n<\/strong> \u2705 <strong data-sourcepos=\"38:3-38:25\">Bis zu 25.000 Z\u00fcge<\/strong> F\u00fcr den erweiterten Gebrauch.<\/p>\n<p data-sourcepos=\"40:1-41:58\">\u2753 <strong data-sourcepos=\"40:3-40:35\">Ist der Akku wiederaufladbar?<\/strong><br \/>\n\u2705 <strong data-sourcepos=\"41:3-41:10\">Ja<\/strong>, <strong data-sourcepos=\"41:12-41:30\">650-mAh-Akku<\/strong> Mit <strong data-sourcepos=\"41:36-41:55\">Typ-C-Aufladung<\/strong>.<\/p>\n<p data-sourcepos=\"43:1-44:54\">\u2753 <strong data-sourcepos=\"43:3-43:43\">Welche Nikotinoptionen gibt es?<br \/>\n<\/strong> \u2705 <strong data-sourcepos=\"44:3-44:9\">2%<\/strong>, <strong data-sourcepos=\"44:11-44:17\">3%<\/strong>, Und <strong data-sourcepos=\"44:23-44:43\">5% Nikotinsalz<\/strong> Optionen.<\/p>\n<p data-sourcepos=\"46:1-47:75\">\u2753 <strong data-sourcepos=\"46:3-46:37\">Hat es einen Bildschirm?<br \/>\n<\/strong> \u2705 <strong data-sourcepos=\"47:3-47:22\">Vollbild-LED<\/strong> Zeigt <strong data-sourcepos=\"47:29-47:40\">Batterie<\/strong>, <strong data-sourcepos=\"47:42-47:54\">E-Liquid<\/strong>, Und <strong data-sourcepos=\"47:60-47:72\">Einstellungen<\/strong>.<\/p>\n<p>&nbsp;<\/p>\n<h3 id=\"brxe-najhln\" class=\"brxe-heading\">H\u00e4ufig gestellte Fragen (FAQ)<\/h3>\n<div id=\"brxe-rajiac\" class=\"brxe-text\">\n<p><strong>F: Welche Zahlungsmethoden akzeptieren Sie?<\/strong><br \/>\nA: Wir akzeptieren PayPal, Stripe, Bank\u00fcberweisungen (SEPA unterst\u00fctzt), g\u00e4ngige Kreditkarten (Visa, MasterCard, American Express) und Zahlungen in Kryptow\u00e4hrung.<\/p>\n<p><strong>F: Wie lange dauert die Auftragsvorbereitung?<\/strong><br \/>\nA: Die Auftragsvorbereitung dauert 1-3 Werktage.<\/p>\n<p><strong>F: Wie lange dauert die Lieferung?<\/strong><br \/>\nA: Die Lieferzeit betr\u00e4gt je nach Standort 7\u201314 Werktage.<\/p>\n<p><strong>F: Wie kann ich meine Bestellung verfolgen?<\/strong><br \/>\nA: Nach dem Versand erhalten Sie eine Best\u00e4tigungs-E-Mail mit einer Sendungsverfolgungsnummer zur Echtzeitverfolgung.<\/p>\n<p><strong>F: Wie lauten Ihre R\u00fcckgabebedingungen?<\/strong><br \/>\nA: Wir bieten ein 30-t\u00e4giges R\u00fcckgaberecht f\u00fcr R\u00fcckerstattungen oder Umtausch. .<\/p>\n<p><strong>F: Wird es Zollprobleme geben?<br \/>\n<\/strong>Wir k\u00fcmmern uns um alle Zollabfertigungsverfahren, um Ihnen ein reibungsloses Erlebnis zu gew\u00e4hrleisten. .<\/p>\n<p><strong>F: Welche Versandarten werden verwendet?<\/strong><br \/>\nWir arbeiten mit UPS\/DHL\/FEDEX\/DPD etc. zusammen. Je nach Lieferland w\u00e4hlen wir die passende Versandoption aus, um sicherzustellen, dass Sie Ihre Produkte schnellstm\u00f6glich erhalten.<\/p>\n<p><a href=\"https:\/\/pgvape.com\/de\/faqs\/\">Klicken Sie hier f\u00fcr weitere FAQ<\/a><\/p>\n<p>Liebe Kunden, wenn Sie Fragen zu Ihrer Bestellung oder zum Wareneingang haben, wenden Sie sich bitte an unseren Kundenservice. Vielen Dank!<\/p>\n<h3 data-sourcepos=\"73:1-73:21\"><strong data-sourcepos=\"73:7-73:21\">Kontaktieren Sie uns<\/strong><\/h3>\n<div id=\"text-2419739398\" class=\"text\">\n<p><strong data-sourcepos=\"75:3-75:12\">E-Mail<\/strong>:\u00a0<a href=\"mailto:support@pgvape.com\"><strong>support@pgvape.com<\/strong><\/a><\/p>\n<p><strong data-sourcepos=\"76:3-76:15\">WhatsApp<\/strong>: <a href=\"https:\/\/wa.me\/+8618128481258\"><strong>+86 18128481258<\/strong><\/a><br \/>\n<strong>(Antwort innerhalb von 24 Stunden an Werktagen)<\/strong><\/p>\n<\/div>\n<h3><strong>Vielen Dank, dass Sie sich f\u00fcr pgvape.com entschieden haben! .<\/strong><\/h3>\n<\/div>","protected":false},"excerpt":{"rendered":"<p><strong data-sourcepos=\"52:1-52:216\">\u201cZOOY BLAZE 25000: Der ultimative anpassbare Einweg-Vaporizer mit 25.000 Z\u00fcgen, Dual-Mesh-Spulen, einstellbarem Luftstrom\/Leistung und 10 Geschmacksrichtungen \u2013 angetrieben durch einen 650-mAh-Akku mit Typ-C-Aufladung.\u201d<\/strong><\/p>","protected":false},"featured_media":3267,"comment_status":"open","ping_status":"closed","template":"","meta":{"_seopress_robots_primary_cat":"none","_seopress_titles_title":"%%post_title%% %%sep%% %%sitetitle%%","_seopress_titles_desc":"","_seopress_robots_index":""},"product_brand":[516,291],"product_cat":[94,515,290],"product_tag":[96,101,293,90,294,292],"class_list":{"0":"post-3263","1":"product","2":"type-product","3":"status-publish","4":"has-post-thumbnail","6":"product_brand-disposable-vape","7":"product_brand-zooy-vape","8":"product_cat-25k-puffs-vape","9":"product_cat-disposable-vape","10":"product_cat-zooy-vape","11":"product_tag-25k-puffs","12":"product_tag-25k-vape","13":"product_tag-airflowpower-ajustable","14":"product_tag-disposable-vape","15":"product_tag-full-screen-display","16":"product_tag-zooy-blaze-25000","18":"first","19":"instock","20":"sale","21":"shipping-taxable","22":"purchasable","23":"product-type-variable"},"_links":{"self":[{"href":"https:\/\/pgvape.com\/de\/wp-json\/wp\/v2\/product\/3263","targetHints":{"allow":["GET"]}}],"collection":[{"href":"https:\/\/pgvape.com\/de\/wp-json\/wp\/v2\/product"}],"about":[{"href":"https:\/\/pgvape.com\/de\/wp-json\/wp\/v2\/types\/product"}],"replies":[{"embeddable":true,"href":"https:\/\/pgvape.com\/de\/wp-json\/wp\/v2\/comments?post=3263"}],"wp:featuredmedia":[{"embeddable":true,"href":"https:\/\/pgvape.com\/de\/wp-json\/wp\/v2\/media\/3267"}],"wp:attachment":[{"href":"https:\/\/pgvape.com\/de\/wp-json\/wp\/v2\/media?parent=3263"}],"wp:term":[{"taxonomy":"product_brand","embeddable":true,"href":"https:\/\/pgvape.com\/de\/wp-json\/wp\/v2\/product_brand?post=3263"},{"taxonomy":"product_cat","embeddable":true,"href":"https:\/\/pgvape.com\/de\/wp-json\/wp\/v2\/product_cat?post=3263"},{"taxonomy":"product_tag","embeddable":true,"href":"https:\/\/pgvape.com\/de\/wp-json\/wp\/v2\/product_tag?post=3263"}],"curies":[{"name":"wp","href":"https:\/\/api.w.org\/{rel}","templated":true}]}}