{"id":3166,"date":"2025-10-12T11:05:13","date_gmt":"2025-10-12T11:05:13","guid":{"rendered":"https:\/\/pgvape.com\/?post_type=product&#038;p=3166"},"modified":"2026-01-27T10:35:51","modified_gmt":"2026-01-27T10:35:51","slug":"okso-magic-mirror-50000-50-000-puffs-einweg-vape-0-2-3-5-nikotin-10-geschmacksrichtungen-led-anzeige-spiegeldesign-vape-direkt-ab-werk","status":"publish","type":"product","link":"https:\/\/pgvape.com\/de\/produkt\/okso-magic-mirror-50000-50-000-puffs-einweg-vape-0-2-3-5-nikotin-10-geschmacksrichtungen-led-anzeige-spiegeldesign-vape-direkt-ab-werk\/","title":{"rendered":"OKSO Magic Mirror 50000 | 50K Puffs Einweg-Vape | 0% 2% 3% 5% Nikotin | 10Tastes | LED-Display-Spiegeldesign | Vape Factory Direct"},"content":{"rendered":"<p><strong data-sourcepos=\"4:5-4:54\">OKSO Magic Mirror 50000 Puffs Einweg-Vape<\/strong> Liefert <strong data-sourcepos=\"4:64-4:91\">Au\u00dfergew\u00f6hnliche Leistung<\/strong> Mit <strong data-sourcepos=\"4:97-4:124\">50.000 ultralange Z\u00fcge<\/strong> Und <strong data-sourcepos=\"4:129-4:155\">40 ml E-Liquid-Kapazit\u00e4t<\/strong>. <strong data-sourcepos=\"4:171-4:202\">850-mAh-Akku<\/strong> Und <strong data-sourcepos=\"4:207-4:236\">Dual-Mesh-Coil-Technologie<\/strong><span class=\"CustomP_animated_char__m3r9w\">,<\/span><span class=\"CustomP_animated_char__m3r9w\">\u00a0<\/span><span class=\"CustomP_animated_char__m3r9w\">Es<\/span><span class=\"CustomP_animated_char__m3r9w\">\u00a0<\/span><span class=\"CustomP_animated_char__m3r9w\">Angebote<\/span><span class=\"CustomP_animated_char__m3r9w\">\u00a0<\/span><strong data-sourcepos=\"4:248-4:266\">Intensiver Geschmack<\/strong> Und <strong data-sourcepos=\"4:271-4:297\">Produktion dichter D\u00e4mpfe<\/strong><span class=\"CustomP_animated_char__m3r9w\">.<\/span><span class=\"CustomP_animated_char__m3r9w\">\u00a0<\/span><span class=\"CustomP_animated_char__m3r9w\">Merkmale<\/span><span class=\"CustomP_animated_char__m3r9w\">\u00a0<\/span><span class=\"CustomP_animated_char__m3r9w\">Enthalten<\/span><span class=\"CustomP_animated_char__m3r9w\">\u00a0<\/span><strong data-sourcepos=\"4:316-4:333\">Spiegeldesign<\/strong>, <strong data-sourcepos=\"4:335-4:355\">RGB-LED-Beleuchtung<\/strong><span class=\"CustomP_animated_char__m3r9w\">,<\/span><span class=\"CustomP_animated_char__m3r9w\">\u00a0<\/span><strong data-sourcepos=\"4:357-4:374\">Intelligentes Display<\/strong>, Und <strong data-sourcepos=\"4:380-4:401\">Kindersicherung<\/strong>. <strong data-sourcepos=\"4:416-4:438\">10 Premium-Geschmacksrichtungen<\/strong> Und <strong data-sourcepos=\"4:443-4:475\">0%\/2%\/3%\/5% Nikotinoptionen<\/strong>, Verpackt <strong data-sourcepos=\"4:486-4:499\">10 St\u00fcck\/Karton<\/strong><span class=\"CustomP_animated_char__m3r9w\">\u00a0<\/span><span class=\"CustomP_animated_char__m3r9w\">F\u00fcr<\/span><span class=\"CustomP_animated_char__m3r9w\">\u00a0<\/span><span class=\"CustomP_animated_char__m3r9w\">Einzelhandel<\/span><span class=\"CustomP_animated_char__m3r9w\">\/<\/span><span class=\"CustomP_animated_char__m3r9w\">Wa<\/span><span class=\"CustomP_animated_char__m3r9w\">olesale<\/span><span class=\"CustomP_animated_char__m3r9w\">.<\/span><\/p>\n<h2><span style=\"font-size: 90%;\"><br \/>\nOKSO Magic Mirror 50000 | 50K Puffs Einweg-Vape-Spezifikationen<\/span><\/h2>\n<p><strong data-sourcepos=\"9:3-9:17\">Puff Count<\/strong>:\u00a0<strong data-sourcepos=\"9:19-9:35\">50.000 Z\u00fcge<\/strong><\/p>\n<p><strong data-sourcepos=\"10:3-10:15\">Nikotin<\/strong>:\u00a0<strong data-sourcepos=\"10:17-10:46\">0% \/ 2% \/ 3% \/ 5% Optionen<\/strong><\/p>\n<p><strong data-sourcepos=\"11:3-11:15\">E-Liquid<\/strong>:\u00a0<strong data-sourcepos=\"11:17-11:34\">40 ml Fassungsverm\u00f6gen<\/strong><\/p>\n<p><strong data-sourcepos=\"12:3-12:11\">Spule<\/strong>:\u00a0<strong data-sourcepos=\"12:13-12:31\">Dual-Mesh-Spule<\/strong><\/p>\n<p><strong data-sourcepos=\"13:3-13:14\">Batterie<\/strong>:\u00a0<strong data-sourcepos=\"13:16-13:39\">850 mAh wiederaufladbar<\/strong><\/p>\n<p><strong data-sourcepos=\"14:3-14:15\">Aufladen<\/strong>:\u00a0<strong data-sourcepos=\"14:17-14:41\">Typ-C-Schnellladung<\/strong><\/p>\n<p><strong data-sourcepos=\"15:3-15:23\">-C Schnellladung<\/strong><\/p>\n<p><strong data-sourcepos=\"16:3-16:14\">Anzeige<\/strong>:\u00a0<strong data-sourcepos=\"16:16-16:49\">LED-Bildschirm (Batterie\/E-Liquid)<\/strong><\/p>\n<p><strong data-sourcepos=\"17:3-17:15\">Beleuchtung<\/strong>:\u00a0<strong data-sourcepos=\"17:17-17:35\">RGB-LED-System<\/strong><\/p>\n<p><strong data-sourcepos=\"18:3-18:13\">Sicherheit<\/strong>:\u00a0<strong data-sourcepos=\"18:15-18:37\">Kindersicherungsfunktion<\/strong><\/p>\n<p><strong data-sourcepos=\"19:3-19:14\">Paket<\/strong>:\u00a0<strong data-sourcepos=\"19:16-19:34\">10 Ger\u00e4te\/Box<\/strong><\/p>\n<h3><span style=\"font-size: 90%;\"><br \/>\nOKSO Magic Mirror 50000 | 50K Puffs Einweg-Vape-Geschmacksliste<\/span><\/h3>\n<p>1.Blaues Razz-Eis<\/p>\n<p>2.\u00dcppiges Eis<\/p>\n<p>3. Erdbeereis<\/p>\n<p>4. Traubeneis<\/p>\n<p>5.Liebe 66<\/p>\n<p>6.Lady Killa<\/p>\n<p>7.Minzeis<\/p>\n<p>8.Erdbeer-Wassermelone<\/p>\n<p>9.Kiwi-Passionsfrucht<\/p>\n<p>10. Gemischte Beeren<img loading=\"lazy\" decoding=\"async\" class=\"alignnone wp-image-3183 size-full\" src=\"https:\/\/pgvape.com\/wp-content\/uploads\/2025\/10\/pgvape-OKSO-Magic-Mirror-50000-50K-Puffs-Disposable-Vape-Vape-Factory-Direct-14.png\" alt=\"Farbenfrohe OKSO-Vape-Werbung \u201cMagic Mirror\u201d, die Reihen neonfarbener rechteckiger Ger\u00e4te mit Charaktergrafiken und Geschmacksnamen, zwei vergr\u00f6\u00dferte Ger\u00e4te und eine gr\u00fcne Einheit auf der rechten Seite, ein 500-PUFFS-Emblem und Symbole f\u00fcr Dual-Mesh-Spule, Typ-C-Aufladung, 850-mAh-Akku und 40-ml-E-Liquid zeigt, alles vor einem sternen\u00fcbers\u00e4ten Weltraumhintergrund mit Planeten.\" width=\"2000\" height=\"1000\" srcset=\"https:\/\/pgvape.com\/wp-content\/uploads\/2025\/10\/pgvape-OKSO-Magic-Mirror-50000-50K-Puffs-Disposable-Vape-Vape-Factory-Direct-14.png 2000w, https:\/\/pgvape.com\/wp-content\/uploads\/2025\/10\/pgvape-OKSO-Magic-Mirror-50000-50K-Puffs-Disposable-Vape-Vape-Factory-Direct-14-555x278.png 555w, https:\/\/pgvape.com\/wp-content\/uploads\/2025\/10\/pgvape-OKSO-Magic-Mirror-50000-50K-Puffs-Disposable-Vape-Vape-Factory-Direct-14-595x298.png 595w, https:\/\/pgvape.com\/wp-content\/uploads\/2025\/10\/pgvape-OKSO-Magic-Mirror-50000-50K-Puffs-Disposable-Vape-Vape-Factory-Direct-14-400x200.png 400w, https:\/\/pgvape.com\/wp-content\/uploads\/2025\/10\/pgvape-OKSO-Magic-Mirror-50000-50K-Puffs-Disposable-Vape-Vape-Factory-Direct-14-768x384.png 768w, https:\/\/pgvape.com\/wp-content\/uploads\/2025\/10\/pgvape-OKSO-Magic-Mirror-50000-50K-Puffs-Disposable-Vape-Vape-Factory-Direct-14-1536x768.png 1536w, https:\/\/pgvape.com\/wp-content\/uploads\/2025\/10\/pgvape-OKSO-Magic-Mirror-50000-50K-Puffs-Disposable-Vape-Vape-Factory-Direct-14-18x9.png 18w, https:\/\/pgvape.com\/wp-content\/uploads\/2025\/10\/pgvape-OKSO-Magic-Mirror-50000-50K-Puffs-Disposable-Vape-Vape-Factory-Direct-14-600x300.png 600w, https:\/\/pgvape.com\/wp-content\/uploads\/2025\/10\/pgvape-OKSO-Magic-Mirror-50000-50K-Puffs-Disposable-Vape-Vape-Factory-Direct-14-60x30.png 60w\" sizes=\"auto, (max-width: 2000px) 100vw, 2000px\" \/><\/p>\n<h3><span style=\"font-size: 90%;\"><br \/>\nOKSO Magic Mirror 50000 50K Puffs Einweg-Vape\u00a0<strong>Video:<\/strong><\/span><\/h3>\n<p><iframe loading=\"lazy\" title=\"OKSO Magic Mirror 50K Puffs Einweg-Vape-LED-Display-Spiegeldesign | Vape Factory Direct pgvape\" width=\"563\" height=\"1000\" src=\"https:\/\/www.youtube.com\/embed\/orYkYUE5zmo?feature=oembed\" frameborder=\"0\" allow=\"accelerometer; autoplay; clipboard-write; encrypted-media; gyroscope; picture-in-picture; web-share\" referrerpolicy=\"strict-origin-when-cross-origin\" allowfullscreen><\/iframe><\/p>\n<p>&nbsp;<\/p>\n<h2 class=\"header-vfC6AV auto-hide-last-sibling-br\">H\u00e4ufig gestellte Fragen zu OKSO Magic Mirror 50000 | 50K Puffs Einweg-Vaporizer<\/h2>\n<p data-sourcepos=\"39:1-40:88\">\u2753 <strong data-sourcepos=\"39:3-39:57\">Was macht den OKSO Magic Mirror 50000 einzigartig?<\/strong><br \/>\n\u2705 <strong data-sourcepos=\"40:3-40:86\">Branchenf\u00fchrende 50.000 Spr\u00fchst\u00f6\u00dfe mit 40 ml Fassungsverm\u00f6gen f\u00fcr maximale Langlebigkeit.<\/strong><\/p>\n<p data-sourcepos=\"42:1-43:100\">\u2753 <strong data-sourcepos=\"42:3-42:59\">Wie steigert die Dual-Mesh-Spule die Leistung?<\/strong><br \/>\n\u2705 <strong data-sourcepos=\"43:3-43:22\">Zwei 0,8-\u03a9-Spulen<\/strong> Bieten <strong data-sourcepos=\"43:31-43:53\">30% Schnelleres Erhitzen<\/strong> Und <strong data-sourcepos=\"43:58-43:75\">Reichhaltigerer Geschmack<\/strong> Als Standardspulen.**<\/p>\n<p data-sourcepos=\"45:1-46:108\">\u2753 <strong data-sourcepos=\"45:3-45:35\">Ist das Ger\u00e4t benutzerfreundlich?<\/strong><br \/>\n\u2705 <strong data-sourcepos=\"46:3-46:106\">Ja! .<\/strong><\/p>\n<p data-sourcepos=\"48:1-49:105\">\u2753 <strong data-sourcepos=\"48:3-48:40\">H\u00e4lt die Batterie den ganzen Tag?<\/strong><br \/>\n\u2705 <strong data-sourcepos=\"49:3-49:22\">850 mAh Kapazit\u00e4t<\/strong> Bietet <strong data-sourcepos=\"49:32-49:44\">2-3 Tage<\/strong> Von Nutzen; <strong data-sourcepos=\"49:53-49:72\">Typ-C-Aufladung<\/strong> Stellt schnell die volle Leistung wieder her.**<\/p>\n<p data-sourcepos=\"51:1-52:91\">\u2753 <strong data-sourcepos=\"51:3-51:37\">Warum eine 10er-Verpackung w\u00e4hlen?<\/strong><br \/>\n\u2705 <strong data-sourcepos=\"52:3-52:89\">Ideal f\u00fcr Einzelh\u00e4ndler \u2013 stark nachgefragtes Produkt mit hervorragendem Gewinnpotenzial.<\/strong><\/p>\n<p>&nbsp;<\/p>\n<h3 id=\"brxe-najhln\" class=\"brxe-heading\">H\u00e4ufig gestellte Fragen (FAQ)<\/h3>\n<div id=\"brxe-rajiac\" class=\"brxe-text\">\n<p><strong>F: Welche Zahlungsmethoden akzeptieren Sie?<\/strong><br \/>\nA: Wir akzeptieren PayPal, Stripe, Bank\u00fcberweisungen (SEPA unterst\u00fctzt), g\u00e4ngige Kreditkarten (Visa, MasterCard, American Express) und Zahlungen in Kryptow\u00e4hrung.<\/p>\n<p><strong>F: Wie lange dauert die Auftragsvorbereitung?<\/strong><br \/>\nA: Die Auftragsvorbereitung dauert 1-3 Werktage.<\/p>\n<p><strong>F: Wie lange dauert die Lieferung?<\/strong><br \/>\nA: Die Lieferzeit betr\u00e4gt je nach Standort 7\u201314 Werktage.<\/p>\n<p><strong>F: Wie kann ich meine Bestellung verfolgen?<\/strong><br \/>\nA: Nach dem Versand erhalten Sie eine Best\u00e4tigungs-E-Mail mit einer Sendungsverfolgungsnummer zur Echtzeitverfolgung.<\/p>\n<p><strong>F: Wie lauten Ihre R\u00fcckgabebedingungen?<\/strong><br \/>\nA: Wir bieten ein 30-t\u00e4giges R\u00fcckgaberecht f\u00fcr R\u00fcckerstattungen oder Umtausch. .<\/p>\n<p><strong>F: Wird es Zollprobleme geben?<br \/>\n<\/strong>Wir k\u00fcmmern uns um alle Zollabfertigungsverfahren, um Ihnen ein reibungsloses Erlebnis zu gew\u00e4hrleisten. .<\/p>\n<p><strong>F: Welche Versandarten werden verwendet?<\/strong><br \/>\nWir arbeiten mit UPS\/DHL\/FEDEX\/DPD etc. zusammen. Je nach Lieferland w\u00e4hlen wir die passende Versandoption aus, um sicherzustellen, dass Sie Ihre Produkte schnellstm\u00f6glich erhalten.<\/p>\n<p><a href=\"https:\/\/pgvape.com\/de\/faqs\/\">Klicken Sie hier f\u00fcr weitere FAQ<\/a><\/p>\n<p>Liebe Kunden, wenn Sie Fragen zu Ihrer Bestellung oder zum Wareneingang haben, wenden Sie sich bitte an unseren Kundenservice. Vielen Dank!<\/p>\n<h3 data-sourcepos=\"73:1-73:21\"><strong data-sourcepos=\"73:7-73:21\">Kontaktieren Sie uns<\/strong><\/h3>\n<div id=\"text-2419739398\" class=\"text\">\n<p><strong data-sourcepos=\"75:3-75:12\">E-Mail<\/strong>:\u00a0<a href=\"mailto:support@pgvape.com\"><strong>support@pgvape.com<\/strong><\/a><\/p>\n<p><strong data-sourcepos=\"76:3-76:15\">WhatsApp<\/strong>: <a href=\"https:\/\/wa.me\/+8618128481258\"><strong>+86 18128481258<\/strong><\/a><br \/>\n<strong>(Antwort innerhalb von 24 Stunden an Werktagen)<\/strong><\/p>\n<\/div>\n<h3><strong>Vielen Dank, dass Sie sich f\u00fcr pgvape.com entschieden haben! .<\/strong><\/h3>\n<\/div>","protected":false},"excerpt":{"rendered":"<p><strong data-sourcepos=\"57:1-57:218\">\u201cOKSO Magic Mirror 50000: Der ultimative Premium-Einweg-Vaporizer mit 50.000 Z\u00fcgen, Dual-Mesh-Spulen, 40 ml Fassungsverm\u00f6gen und 10 Geschmacksrichtungen \u2013 mit Spiegeldesign, RGB-Beleuchtung und Kindersicherung.\u201d<\/strong><\/p>","protected":false},"featured_media":3182,"comment_status":"open","ping_status":"closed","template":"","meta":{"_seopress_robots_primary_cat":"none","_seopress_titles_title":"%%post_title%% %%sep%% %%sitetitle%%","_seopress_titles_desc":"","_seopress_robots_index":""},"product_brand":[516,282],"product_cat":[61,515,281],"product_tag":[64,65,90,79,287,285,286],"class_list":{"0":"post-3166","1":"product","2":"type-product","3":"status-publish","4":"has-post-thumbnail","6":"product_brand-disposable-vape","7":"product_brand-okso-vape","8":"product_cat-50k-puffs-vape","9":"product_cat-disposable-vape","10":"product_cat-okso-vape","11":"product_tag-50k-puffs","12":"product_tag-50k-vape","13":"product_tag-disposable-vape","14":"product_tag-led-display","15":"product_tag-mirror-design","16":"product_tag-okso-magic-mirror-50000","17":"product_tag-okso-magic-mirror-vape","19":"first","20":"instock","21":"sale","22":"shipping-taxable","23":"purchasable","24":"product-type-variable"},"_links":{"self":[{"href":"https:\/\/pgvape.com\/de\/wp-json\/wp\/v2\/product\/3166","targetHints":{"allow":["GET"]}}],"collection":[{"href":"https:\/\/pgvape.com\/de\/wp-json\/wp\/v2\/product"}],"about":[{"href":"https:\/\/pgvape.com\/de\/wp-json\/wp\/v2\/types\/product"}],"replies":[{"embeddable":true,"href":"https:\/\/pgvape.com\/de\/wp-json\/wp\/v2\/comments?post=3166"}],"wp:featuredmedia":[{"embeddable":true,"href":"https:\/\/pgvape.com\/de\/wp-json\/wp\/v2\/media\/3182"}],"wp:attachment":[{"href":"https:\/\/pgvape.com\/de\/wp-json\/wp\/v2\/media?parent=3166"}],"wp:term":[{"taxonomy":"product_brand","embeddable":true,"href":"https:\/\/pgvape.com\/de\/wp-json\/wp\/v2\/product_brand?post=3166"},{"taxonomy":"product_cat","embeddable":true,"href":"https:\/\/pgvape.com\/de\/wp-json\/wp\/v2\/product_cat?post=3166"},{"taxonomy":"product_tag","embeddable":true,"href":"https:\/\/pgvape.com\/de\/wp-json\/wp\/v2\/product_tag?post=3166"}],"curies":[{"name":"wp","href":"https:\/\/api.w.org\/{rel}","templated":true}]}}