{"id":3133,"date":"2025-10-12T10:10:50","date_gmt":"2025-10-12T10:10:50","guid":{"rendered":"https:\/\/pgvape.com\/?post_type=product&#038;p=3133"},"modified":"2026-01-27T10:37:02","modified_gmt":"2026-01-27T10:37:02","slug":"okso-double-flavour-60000-60k-puffs-einweg-vaporizer-direkt-ab-werk","status":"publish","type":"product","link":"https:\/\/pgvape.com\/de\/produkt\/okso-double-flavour-60000-60k-puffs-einweg-vaporizer-direkt-ab-werk\/","title":{"rendered":"OKSO Double Flavour 60000 60K Puffs Einweg-Vape-Vape Factory Direct"},"content":{"rendered":"<div class=\"auto-hide-last-sibling-br paragraph-JOTKXA paragraph-element br-paragraph-space\"><\/div>\n<p><strong data-sourcepos=\"4:5-4:55\">OKSO Double Flavour 60000 Puffs Einweg-Vape<\/strong> Definiert Langlebigkeit neu mit <strong data-sourcepos=\"4:81-4:108\">60.000 ultralange Z\u00fcge<\/strong> Und <strong data-sourcepos=\"4:113-4:152\">50 ml Zweikammer-E-Liquid-Kapazit\u00e4t<\/strong> (25 ml + 25 ml). <strong data-sourcepos=\"4:177-4:201\">Zwei 0,8-\u03a9-Mesh-Spulen<\/strong> Und A <strong data-sourcepos=\"4:208-4:239\">650-mAh-Akku<\/strong>, Es liefert <strong data-sourcepos=\"4:253-4:283\">Reichhaltiger Wechsel zwischen zwei Geschmacksrichtungen<\/strong> Mit <strong data-sourcepos=\"4:289-4:315\">Produktion dichter D\u00e4mpfe<\/strong>. <strong data-sourcepos=\"4:334-4:358\">Typ-C-Schnellladung<\/strong>, <strong data-sourcepos=\"4:360-4:375\">LED-Anzeige<\/strong>, Und <strong data-sourcepos=\"4:381-4:410\">2%\/3%\/5% Nikotinoptionen<\/strong>. <strong data-sourcepos=\"4:421-4:434\">10 St\u00fcck\/Karton<\/strong> Mit <strong data-sourcepos=\"4:440-4:466\">20 Geschmackskombinationen<\/strong> F\u00fcr ultimative Vielfalt.<\/p>\n<p>&nbsp;<\/p>\n<h2><span style=\"font-size: 90%;\">OKSO Double Flavor 60000 | 60K Puffs Einweg-Vape-Spezifikationen<\/span><\/h2>\n<p><strong data-sourcepos=\"9:3-9:17\">Puff Count<\/strong>:\u00a0<strong data-sourcepos=\"9:19-9:35\">60.000 Z\u00fcge<\/strong><\/p>\n<p><strong data-sourcepos=\"10:3-10:15\">Nikotin<\/strong>:\u00a0<strong data-sourcepos=\"10:17-10:41\">2% \/ 3% \/ 5% Optionen<\/strong><\/p>\n<p><strong data-sourcepos=\"11:3-11:15\">E-Liquid<\/strong>:\u00a0<strong data-sourcepos=\"11:17-11:51\">50 ml (25 ml + 25 ml Doppelkammern)<\/strong><\/p>\n<p><strong data-sourcepos=\"12:3-12:11\">Spule<\/strong>:\u00a0<strong data-sourcepos=\"12:13-12:37\">Zwei 0,8-\u03a9-Mesh-Spulen<\/strong><\/p>\n<p><strong data-sourcepos=\"13:3-13:14\">Batterie<\/strong>:\u00a0<strong data-sourcepos=\"13:16-13:39\">650 mAh wiederaufladbar<\/strong><\/p>\n<p><strong data-sourcepos=\"14:3-14:15\">Aufladen<\/strong>:\u00a0<strong data-sourcepos=\"14:17-14:41\">Typ-C-Schnellladung<\/strong><\/p>\n<p><strong data-sourcepos=\"15:3-15:14\">Anzeige<\/strong>:\u00a0<strong data-sourcepos=\"15:16-15:52\">LED-Bildschirm (Batterie-\/Geschmacksmodus)<\/strong><\/p>\n<p><strong data-sourcepos=\"16:3-16:20\">Geschmackssystem<\/strong>:\u00a0<strong data-sourcepos=\"16:22-16:47\">Dual-Flavor-Switching<\/strong><\/p>\n<p><strong data-sourcepos=\"17:3-17:14\">Paket<\/strong>:\u00a0<strong data-sourcepos=\"17:16-17:34\">10 Ger\u00e4te\/Box<\/strong><\/p>\n<p>&nbsp;<\/p>\n<h3><span style=\"font-size: 90%;\">OKSO Double Flavour 60000 | 60K Puffs Einweg-Vape-Geschmacksliste<\/span><\/h3>\n<p>1.Blue Razz &amp; Love 66<\/p>\n<p>2.Erdbeerkirsche und Kiwi-Passionsfrucht-Guave<\/p>\n<p>3. Wassermelonen-Kaugummi und gemischte Fr\u00fcchte<\/p>\n<p>4.Erdbeer-Bananen-Kirsch-Piesta<\/p>\n<p>5. Wassermeloneneis und Pfirsich-Mango<\/p>\n<p>6.Blue Razz Lemonade &amp; Apple Peach<\/p>\n<p>7.Rotes Energieeis und Traubeneis<\/p>\n<p>8.Erdbeer-Wassermelone und zwei \u00c4pfel<\/p>\n<p>9.Blue Razz Cherry Cranberry &amp; Mint<\/p>\n<p>10. Blaubeereis und schwarze Johannisbeere<\/p>\n<p><img loading=\"lazy\" decoding=\"async\" class=\"alignnone wp-image-3151 size-full\" src=\"https:\/\/pgvape.com\/wp-content\/uploads\/2025\/10\/pgvape-OKSO-Double-Flavor-60K-Puffs-Disposable-Vape-Vape-Factory-Direct-15.png\" alt=\"Farbenfrohe Ausstellung von Okso Double Flavor Einweg-Vape-Ger\u00e4ten mit Cartoon-Affen-Motiv und Geschmacksetiketten, hervorgehobenen Produktspezifikationen (60.000 Z\u00fcge, LED-Bildschirm, 2\u00d725-ml-\u00d6ltank, 650-mAh-Akku, 50-ml-E-Liquid) vor einem stilisierten Weltraum- und Planetenhintergrund.\" width=\"2000\" height=\"1000\" srcset=\"https:\/\/pgvape.com\/wp-content\/uploads\/2025\/10\/pgvape-OKSO-Double-Flavor-60K-Puffs-Disposable-Vape-Vape-Factory-Direct-15.png 2000w, https:\/\/pgvape.com\/wp-content\/uploads\/2025\/10\/pgvape-OKSO-Double-Flavor-60K-Puffs-Disposable-Vape-Vape-Factory-Direct-15-555x278.png 555w, https:\/\/pgvape.com\/wp-content\/uploads\/2025\/10\/pgvape-OKSO-Double-Flavor-60K-Puffs-Disposable-Vape-Vape-Factory-Direct-15-595x298.png 595w, https:\/\/pgvape.com\/wp-content\/uploads\/2025\/10\/pgvape-OKSO-Double-Flavor-60K-Puffs-Disposable-Vape-Vape-Factory-Direct-15-400x200.png 400w, https:\/\/pgvape.com\/wp-content\/uploads\/2025\/10\/pgvape-OKSO-Double-Flavor-60K-Puffs-Disposable-Vape-Vape-Factory-Direct-15-768x384.png 768w, https:\/\/pgvape.com\/wp-content\/uploads\/2025\/10\/pgvape-OKSO-Double-Flavor-60K-Puffs-Disposable-Vape-Vape-Factory-Direct-15-1536x768.png 1536w, https:\/\/pgvape.com\/wp-content\/uploads\/2025\/10\/pgvape-OKSO-Double-Flavor-60K-Puffs-Disposable-Vape-Vape-Factory-Direct-15-18x9.png 18w, https:\/\/pgvape.com\/wp-content\/uploads\/2025\/10\/pgvape-OKSO-Double-Flavor-60K-Puffs-Disposable-Vape-Vape-Factory-Direct-15-600x300.png 600w, https:\/\/pgvape.com\/wp-content\/uploads\/2025\/10\/pgvape-OKSO-Double-Flavor-60K-Puffs-Disposable-Vape-Vape-Factory-Direct-15-60x30.png 60w\" sizes=\"auto, (max-width: 2000px) 100vw, 2000px\" \/><\/p>\n<p>&nbsp;<\/p>\n<h2 class=\"header-vfC6AV auto-hide-last-sibling-br\">H\u00e4ufig gestellte Fragen zu OKSO Double Flavour 60000 | 60K Puffs Einweg-Vaporizer<\/h2>\n<p data-sourcepos=\"38:1-39:85\">\u2753 <strong data-sourcepos=\"38:3-38:55\">Was macht die 60.000-Puff-Z\u00e4hlung bemerkenswert?<br \/>\n<\/strong>\u2705 <strong data-sourcepos=\"39:3-39:32\">Branchenf\u00fchrende Kapazit\u00e4t<\/strong> \u2013 H\u00e4lt <strong data-sourcepos=\"39:41-39:56\">4-5x l\u00e4nger<\/strong> Als Standard-Einwegartikel.<\/p>\n<p data-sourcepos=\"41:1-42:85\">\u2753 <strong data-sourcepos=\"41:3-41:48\">Wie funktioniert das Dual-Flavor-System?<\/strong><br \/>\n\u2705 <strong data-sourcepos=\"42:3-42:83\">Wechseln Sie mit einem einfachen Tastendruck sofort zwischen zwei Premium-Geschmacksrichtungen.<\/strong><\/p>\n<p data-sourcepos=\"44:1-45:101\">\u2753 <strong data-sourcepos=\"44:3-44:45\">Sind die Dual-Mesh-Spulen effektiv?<br \/>\n<\/strong> \u2705 <strong data-sourcepos=\"45:3-45:99\">Ja! .<\/strong><\/p>\n<p data-sourcepos=\"47:1-48:99\">\u2753 <strong data-sourcepos=\"47:3-47:44\">Reicht der 650-mAh-Akku aus?<\/strong><br \/>\n\u2705 <strong data-sourcepos=\"48:3-48:31\">Auf Effizienz optimiert<\/strong> \u2013 H\u00e4lt <strong data-sourcepos=\"48:40-48:51\">2+ Tage<\/strong> Pro Ladung mit <strong data-sourcepos=\"48:68-48:94\">Schnelles Aufladen vom Typ C<\/strong>.**<\/p>\n<p data-sourcepos=\"50:1-51:82\">\u2753 <strong data-sourcepos=\"50:3-50:42\">Warum das Zweikammer-Design w\u00e4hlen?<br \/>\n<\/strong> \u2705 <strong data-sourcepos=\"51:3-51:29\">Verhindert Geschmacksvermischung<\/strong> Beim Anbieten <strong data-sourcepos=\"51:45-51:77\">Erweiterte Gesamtkapazit\u00e4t von 50 ml<\/strong>.**<\/p>\n<p>&nbsp;<\/p>\n<h3 id=\"brxe-najhln\" class=\"brxe-heading\">H\u00e4ufig gestellte Fragen (FAQ)<\/h3>\n<div id=\"brxe-rajiac\" class=\"brxe-text\">\n<p><strong>F: Welche Zahlungsmethoden akzeptieren Sie?<\/strong><br \/>\nA: Wir akzeptieren PayPal, Stripe, Bank\u00fcberweisungen (SEPA unterst\u00fctzt), g\u00e4ngige Kreditkarten (Visa, MasterCard, American Express) und Zahlungen in Kryptow\u00e4hrung.<\/p>\n<p><strong>F: Wie lange dauert die Auftragsvorbereitung?<\/strong><br \/>\nA: Die Auftragsvorbereitung dauert 1-3 Werktage.<\/p>\n<p><strong>F: Wie lange dauert die Lieferung?<\/strong><br \/>\nA: Die Lieferzeit betr\u00e4gt je nach Standort 7\u201314 Werktage.<\/p>\n<p><strong>F: Wie kann ich meine Bestellung verfolgen?<\/strong><br \/>\nA: Nach dem Versand erhalten Sie eine Best\u00e4tigungs-E-Mail mit einer Sendungsverfolgungsnummer zur Echtzeitverfolgung.<\/p>\n<p><strong>F: Wie lauten Ihre R\u00fcckgabebedingungen?<\/strong><br \/>\nA: Wir bieten ein 30-t\u00e4giges R\u00fcckgaberecht f\u00fcr R\u00fcckerstattungen oder Umtausch. .<\/p>\n<p><strong>F: Wird es Zollprobleme geben?<br \/>\n<\/strong>Wir k\u00fcmmern uns um alle Zollabfertigungsverfahren, um Ihnen ein reibungsloses Erlebnis zu gew\u00e4hrleisten. .<\/p>\n<p><strong>F: Welche Versandarten werden verwendet?<\/strong><br \/>\nWir arbeiten mit UPS\/DHL\/FEDEX\/DPD etc. zusammen. Je nach Lieferland w\u00e4hlen wir die passende Versandoption aus, um sicherzustellen, dass Sie Ihre Produkte schnellstm\u00f6glich erhalten.<\/p>\n<p><a href=\"https:\/\/pgvape.com\/de\/faqs\/\">Klicken Sie hier f\u00fcr weitere FAQ<\/a><\/p>\n<p>Liebe Kunden, wenn Sie Fragen zu Ihrer Bestellung oder zum Wareneingang haben, wenden Sie sich bitte an unseren Kundenservice. Vielen Dank!<\/p>\n<h3 data-sourcepos=\"73:1-73:21\"><strong data-sourcepos=\"73:7-73:21\">Kontaktieren Sie uns<\/strong><\/h3>\n<div id=\"text-2419739398\" class=\"text\">\n<p><strong data-sourcepos=\"75:3-75:12\">E-Mail<\/strong>:\u00a0<a href=\"mailto:support@pgvape.com\"><strong>support@pgvape.com<\/strong><\/a><\/p>\n<p><strong data-sourcepos=\"76:3-76:15\">WhatsApp<\/strong>: <a href=\"https:\/\/wa.me\/+8618128481258\"><strong>+86 18128481258<\/strong><\/a><br \/>\n<strong>(Antwort innerhalb von 24 Stunden an Werktagen)<\/strong><\/p>\n<\/div>\n<h3><strong>Vielen Dank, dass Sie sich f\u00fcr pgvape.com entschieden haben! .<\/strong><\/h3>\n<\/div>","protected":false},"excerpt":{"rendered":"<p><strong data-sourcepos=\"56:1-56:217\">\u201cOKSO Double Flavour 60000: Der ultimative Dual-Geschmack-Einweg-Vaporizer mit 60.000 Z\u00fcgen, 50 ml Fassungsverm\u00f6gen, Dual-Mesh-Spulen und 20 Geschmackskombinationen \u2013 angetrieben durch einen 650-mAh-Akku mit Typ-C-Aufladung.\u201d<\/strong><\/p>","protected":false},"featured_media":3152,"comment_status":"open","ping_status":"closed","template":"","meta":{"_seopress_robots_primary_cat":"none","_seopress_titles_title":"%%post_title%% %%sep%% %%sitetitle%%","_seopress_titles_desc":"","_seopress_robots_index":""},"product_brand":[516,282],"product_cat":[48,515,281],"product_tag":[51,52,90,284,283],"class_list":{"0":"post-3133","1":"product","2":"type-product","3":"status-publish","4":"has-post-thumbnail","6":"product_brand-disposable-vape","7":"product_brand-okso-vape","8":"product_cat-60k-puffs-vape","9":"product_cat-disposable-vape","10":"product_cat-okso-vape","11":"product_tag-60k-puffs","12":"product_tag-60k-vape","13":"product_tag-disposable-vape","14":"product_tag-led-screen","15":"product_tag-okso-double-flavor","17":"first","18":"instock","19":"sale","20":"shipping-taxable","21":"purchasable","22":"product-type-variable"},"_links":{"self":[{"href":"https:\/\/pgvape.com\/de\/wp-json\/wp\/v2\/product\/3133","targetHints":{"allow":["GET"]}}],"collection":[{"href":"https:\/\/pgvape.com\/de\/wp-json\/wp\/v2\/product"}],"about":[{"href":"https:\/\/pgvape.com\/de\/wp-json\/wp\/v2\/types\/product"}],"replies":[{"embeddable":true,"href":"https:\/\/pgvape.com\/de\/wp-json\/wp\/v2\/comments?post=3133"}],"wp:featuredmedia":[{"embeddable":true,"href":"https:\/\/pgvape.com\/de\/wp-json\/wp\/v2\/media\/3152"}],"wp:attachment":[{"href":"https:\/\/pgvape.com\/de\/wp-json\/wp\/v2\/media?parent=3133"}],"wp:term":[{"taxonomy":"product_brand","embeddable":true,"href":"https:\/\/pgvape.com\/de\/wp-json\/wp\/v2\/product_brand?post=3133"},{"taxonomy":"product_cat","embeddable":true,"href":"https:\/\/pgvape.com\/de\/wp-json\/wp\/v2\/product_cat?post=3133"},{"taxonomy":"product_tag","embeddable":true,"href":"https:\/\/pgvape.com\/de\/wp-json\/wp\/v2\/product_tag?post=3133"}],"curies":[{"name":"wp","href":"https:\/\/api.w.org\/{rel}","templated":true}]}}