{"id":3001,"date":"2025-10-11T12:53:42","date_gmt":"2025-10-11T12:53:42","guid":{"rendered":"https:\/\/pgvape.com\/?post_type=product&#038;p=3001"},"modified":"2026-01-27T10:41:05","modified_gmt":"2026-01-27T10:41:05","slug":"atvs-warship-18000-18k-puffs-einweg-vaporizer-mit-dual-cesh-coil-vapor-direkt-ab-werk","status":"publish","type":"product","link":"https:\/\/pgvape.com\/de\/produkt\/atvs-warship-18000-18k-puffs-einweg-vaporizer-mit-dual-cesh-coil-vapor-direkt-ab-werk\/","title":{"rendered":"ATVS WARSHIP 18000 18k Puffs Einweg-Vape mit Dual Cesh Coil Vape Factory Direct"},"content":{"rendered":"<div class=\"auto-hide-last-sibling-br paragraph-JOTKXA paragraph-element br-paragraph-space\"><strong data-sourcepos=\"2:5-2:49\">ATVS WARSHIP 18000 Puffs Einweg-Vaporizer<\/strong> Kombiniert <strong data-sourcepos=\"2:59-2:83\">Erweiterte Leistung<\/strong> Mit <strong data-sourcepos=\"2:89-2:105\">18.000 Z\u00fcge<\/strong> Und <strong data-sourcepos=\"2:110-2:136\">25 ml E-Liquid-Kapazit\u00e4t<\/strong>. <strong data-sourcepos=\"2:150-2:173\">0,9 \u03a9 Dual-Mesh-Spule<\/strong>, Es liefert <strong data-sourcepos=\"2:187-2:202\">Reichhaltiger Geschmack<\/strong> Und <strong data-sourcepos=\"2:207-2:222\">Dichter Dampf<\/strong>. <strong data-sourcepos=\"2:228-2:259\">750-mAh-Akku<\/strong> Mit <strong data-sourcepos=\"2:265-2:289\">Typ-C-Schnellladung<\/strong> Sorgt daf\u00fcr <strong data-sourcepos=\"2:298-2:318\">Minimale Ausfallzeit<\/strong>, W\u00e4hrend Die <strong data-sourcepos=\"2:330-2:347\">Intelligentes Display<\/strong> Spuren <strong data-sourcepos=\"2:355-2:369\">Puff Count<\/strong>, <strong data-sourcepos=\"2:371-2:387\">Akkulaufzeit<\/strong>, Und <strong data-sourcepos=\"2:393-2:412\">E-Liquid-F\u00fcllst\u00e4nde<\/strong>. <strong data-sourcepos=\"2:427-2:452\">16 erfrischende Geschmacksrichtungen<\/strong>, Es ist perfekt f\u00fcr <strong data-sourcepos=\"2:471-2:504\">Gelegenheits- und erfahrene Dampfer<\/strong>.<\/div>\n<p>&nbsp;<\/p>\n<h2><span style=\"font-size: 90%;\">ATVS WARSHIP 18000 | 18k Puffs Einweg-Vape-Spezifikationen<\/span><\/h2>\n<p><strong data-sourcepos=\"7:3-7:17\">Puff Count<\/strong>:\u00a0<strong data-sourcepos=\"7:19-7:35\">18.000 Z\u00fcge<\/strong><\/p>\n<p><strong data-sourcepos=\"8:3-8:15\">Nikotin<\/strong>:\u00a0<strong data-sourcepos=\"8:17-8:36\">2% \/ 5%-Optionen<\/strong><\/p>\n<p><strong data-sourcepos=\"9:3-9:15\">E-Liquid<\/strong>:\u00a0<strong data-sourcepos=\"9:17-9:34\">25 ml Fassungsverm\u00f6gen<\/strong><\/p>\n<p><strong data-sourcepos=\"10:3-10:11\">Spule<\/strong>:\u00a0<strong data-sourcepos=\"10:13-10:31\">0,9 \u03a9 Dual-Mesh<\/strong><\/p>\n<p><strong data-sourcepos=\"11:3-11:14\">Batterie<\/strong>:\u00a0<strong data-sourcepos=\"11:16-11:39\">750 mAh wiederaufladbar<\/strong><\/p>\n<p><strong data-sourcepos=\"12:3-12:15\">Aufladen<\/strong>:\u00a0<strong data-sourcepos=\"12:17-12:41\">Typ-C-Schnellladung<\/strong><\/p>\n<p><strong data-sourcepos=\"13:3-13:14\">Anzeige<\/strong>:\u00a0<strong data-sourcepos=\"13:16-13:70\">Echtzeit\u00fcberwachung (Zugzahl\/Batterie\/E-Liquid)<\/strong><\/p>\n<p><strong data-sourcepos=\"14:3-14:14\">Paket<\/strong>:\u00a0<strong data-sourcepos=\"14:16-14:34\">10 Ger\u00e4te\/Box<\/strong><\/p>\n<h3><span style=\"font-size: 90%;\"><br \/>\nATVS WARSHIP 18000 | 18k Puffs Einweg-Vape-Geschmacksliste<\/span><\/h3>\n<p><strong data-sourcepos=\"19:4-19:17\">1.Mango-Eis<\/strong><\/p>\n<p><strong data-sourcepos=\"20:4-20:17\">2. Traubeneis<\/strong><\/p>\n<p><strong data-sourcepos=\"21:4-21:17\">3.Pfirsicheis<\/strong><\/p>\n<p><strong data-sourcepos=\"22:4-22:17\">4. Guaveneis<\/strong><\/p>\n<p><strong data-sourcepos=\"23:4-23:17\">5. Apfeleis<\/strong><\/p>\n<p><strong data-sourcepos=\"24:4-24:22\">6. Wassermeloneneis<\/strong><\/p>\n<p><strong data-sourcepos=\"25:4-25:29\">7.Erdbeer-Wassermelone<\/strong><\/p>\n<p><strong data-sourcepos=\"26:4-26:22\">8. Erdbeereis<\/strong><\/p>\n<p><strong data-sourcepos=\"27:4-27:18\">9. Litschi-Eis<\/strong><\/p>\n<p><strong data-sourcepos=\"28:5-28:17\">10.Taro-Eis<\/strong><\/p>\n<p><strong data-sourcepos=\"29:5-29:22\">11. Blaubeereis<\/strong><\/p>\n<p><strong data-sourcepos=\"30:5-30:17\">12. Cola-Eis<\/strong><\/p>\n<p><strong data-sourcepos=\"31:5-31:20\">13. Gemischte Fr\u00fcchte<\/strong><\/p>\n<p><strong data-sourcepos=\"32:5-32:13\">14.Minze<\/strong><\/p>\n<p><strong data-sourcepos=\"33:5-33:20\">15.Orangenlimonade<\/strong><\/p>\n<p><strong data-sourcepos=\"34:5-34:19\">16. Bananeneis<\/strong><\/p>\n<h3><span style=\"font-size: 90%;\"><br \/>\nATVS WARSHIP 18000 18k Puffs Einweg-Vaporizer\u00a0<strong>Video:<\/strong><\/span><\/h3>\n<p>&nbsp;<\/p>\n<h2 class=\"header-vfC6AV auto-hide-last-sibling-br\">H\u00e4ufig gestellte Fragen zu ATVS WARSHIP 18000 | 18k Puffs Einweg-Vaporizer<\/h2>\n<p data-sourcepos=\"39:1-40:87\">\u2753 <strong data-sourcepos=\"39:3-39:54\">Was zeichnet die 18.000-Puff-Z\u00e4hlung aus?<\/strong><br \/>\n\u2705 <strong data-sourcepos=\"40:3-40:25\">Ausgewogene Langlebigkeit<\/strong> \u2013 Ideal f\u00fcr <strong data-sourcepos=\"40:38-40:54\">Wochenlange Nutzung<\/strong> Ohne h\u00e4ufiges Ersetzen.<\/p>\n<p data-sourcepos=\"42:1-43:81\">\u2753 <strong data-sourcepos=\"42:3-42:54\">Wie verbessert die Dual-Mesh-Spule das Dampfen?<\/strong><br \/>\n\u2705 <strong data-sourcepos=\"43:3-43:17\">0,9-\u03a9-Spulen<\/strong> Bieten <strong data-sourcepos=\"43:26-43:44\">Glattere Z\u00fcge<\/strong> Und <strong data-sourcepos=\"43:49-43:78\">20% Mehr Geschmacksintensit\u00e4t<\/strong>.<\/p>\n<p data-sourcepos=\"45:1-46:75\">\u2753 <strong data-sourcepos=\"45:3-45:43\">Ist der 750-mAh-Akku effizient?<\/strong><br \/>\n\u2705 <strong data-sourcepos=\"46:3-46:11\">Ja!<\/strong> H\u00e4lt <strong data-sourcepos=\"46:18-46:29\">2+ Tage<\/strong> Pro Ladung mit <strong data-sourcepos=\"46:46-46:72\">Schnelles Aufladen vom Typ C<\/strong>.<\/p>\n<p data-sourcepos=\"48:1-49:72\">\u2753 <strong data-sourcepos=\"48:3-48:51\">Kann ich die Anzahl der Puffs und E-Liquids verfolgen?<\/strong><br \/>\n\u2705 <strong data-sourcepos=\"49:3-49:20\">Intelligentes Display<\/strong> Zeigt <strong data-sourcepos=\"49:27-49:48\">Alle Nutzungsmetriken<\/strong> F\u00fcr vollst\u00e4ndige Kontrolle.<\/p>\n<p data-sourcepos=\"51:1-52:75\">\u2753 <strong data-sourcepos=\"51:3-51:40\">Warum 16 Geschmacksrichtungen w\u00e4hlen?<br \/>\n<\/strong> \u2705 <strong data-sourcepos=\"52:3-52:36\">Verschiedene eisige und fruchtige Profile<\/strong> Sorgen Sie f\u00fcr <strong data-sourcepos=\"52:46-52:72\">Jede Geschmackspr\u00e4ferenz<\/strong>.<\/p>\n<p>&nbsp;<\/p>\n<h3 id=\"brxe-najhln\" class=\"brxe-heading\">H\u00e4ufig gestellte Fragen (FAQ)<\/h3>\n<div id=\"brxe-rajiac\" class=\"brxe-text\">\n<p><strong>F: Welche Zahlungsmethoden akzeptieren Sie?<\/strong><br \/>\nA: Wir akzeptieren PayPal, Stripe, Bank\u00fcberweisungen (SEPA unterst\u00fctzt), g\u00e4ngige Kreditkarten (Visa, MasterCard, American Express) und Zahlungen in Kryptow\u00e4hrung.<\/p>\n<p><strong>F: Wie lange dauert die Auftragsvorbereitung?<\/strong><br \/>\nA: Die Auftragsvorbereitung dauert 1-3 Werktage.<\/p>\n<p><strong>F: Wie lange dauert die Lieferung?<\/strong><br \/>\nA: Die Lieferzeit betr\u00e4gt je nach Standort 7\u201314 Werktage.<\/p>\n<p><strong>F: Wie kann ich meine Bestellung verfolgen?<\/strong><br \/>\nA: Nach dem Versand erhalten Sie eine Best\u00e4tigungs-E-Mail mit einer Sendungsverfolgungsnummer zur Echtzeitverfolgung.<\/p>\n<p><strong>F: Wie lauten Ihre R\u00fcckgabebedingungen?<\/strong><br \/>\nA: Wir bieten ein 30-t\u00e4giges R\u00fcckgaberecht f\u00fcr R\u00fcckerstattungen oder Umtausch. .<\/p>\n<p><strong>F: Wird es Zollprobleme geben?<br \/>\n<\/strong>Wir k\u00fcmmern uns um alle Zollabfertigungsverfahren, um Ihnen ein reibungsloses Erlebnis zu gew\u00e4hrleisten. .<\/p>\n<p><strong>F: Welche Versandarten werden verwendet?<\/strong><br \/>\nWir arbeiten mit UPS\/DHL\/FEDEX\/DPD etc. zusammen. Je nach Lieferland w\u00e4hlen wir die passende Versandoption aus, um sicherzustellen, dass Sie Ihre Produkte schnellstm\u00f6glich erhalten.<\/p>\n<p><a href=\"https:\/\/pgvape.com\/de\/faqs\/\">Klicken Sie hier f\u00fcr weitere FAQ<\/a><\/p>\n<p>Liebe Kunden, wenn Sie Fragen zu Ihrer Bestellung oder zum Wareneingang haben, wenden Sie sich bitte an unseren Kundenservice. Vielen Dank!<\/p>\n<h3 data-sourcepos=\"73:1-73:21\"><strong data-sourcepos=\"73:7-73:21\">Kontaktieren Sie uns<\/strong><\/h3>\n<div id=\"text-2419739398\" class=\"text\">\n<p><strong data-sourcepos=\"75:3-75:12\">E-Mail<\/strong>:\u00a0<a href=\"mailto:support@pgvape.com\"><strong>support@pgvape.com<\/strong><\/a><\/p>\n<p><strong data-sourcepos=\"76:3-76:15\">WhatsApp<\/strong>: <a href=\"https:\/\/wa.me\/+8618128481258\"><strong>+86 18128481258<\/strong><\/a><br \/>\n<strong>(Antwort innerhalb von 24 Stunden an Werktagen)<\/strong><\/p>\n<\/div>\n<h3><strong>Vielen Dank, dass Sie sich f\u00fcr pgvape.com entschieden haben! .<\/strong><\/h3>\n<\/div>","protected":false},"excerpt":{"rendered":"<p><strong data-sourcepos=\"57:1-57:232\">\u201cATVS WARSHIP 18000: Der leistungsstarke Einweg-Vaporizer mit 18.000 Z\u00fcgen, 25 ml E-Liquid und 16 Geschmacksrichtungen \u2013 mit Dual-Mesh-Spulen, intelligentem Display und Typ-C-Aufladung f\u00fcr ununterbrochene Zufriedenheit.\u201d<\/strong><\/p>","protected":false},"featured_media":3005,"comment_status":"open","ping_status":"closed","template":"","meta":{"_seopress_robots_primary_cat":"none","_seopress_titles_title":"%%post_title%% %%sep%% %%sitetitle%%","_seopress_titles_desc":"","_seopress_robots_index":""},"product_brand":[261,516],"product_cat":[236,260,515],"product_tag":[238,239,270,269,90,79,271],"class_list":{"0":"post-3001","1":"product","2":"type-product","3":"status-publish","4":"has-post-thumbnail","6":"product_brand-atvs-vape","7":"product_brand-disposable-vape","8":"product_cat-18k-puffs-vape","9":"product_cat-atvs-vape","10":"product_cat-disposable-vape","11":"product_tag-18k-puffs","12":"product_tag-18k-vape","13":"product_tag-atvs-warship-18000","14":"product_tag-atvs-warship-vape","15":"product_tag-disposable-vape","16":"product_tag-led-display","17":"product_tag-with-dual-cesh-coil","19":"first","20":"instock","21":"sale","22":"shipping-taxable","23":"purchasable","24":"product-type-variable"},"_links":{"self":[{"href":"https:\/\/pgvape.com\/de\/wp-json\/wp\/v2\/product\/3001","targetHints":{"allow":["GET"]}}],"collection":[{"href":"https:\/\/pgvape.com\/de\/wp-json\/wp\/v2\/product"}],"about":[{"href":"https:\/\/pgvape.com\/de\/wp-json\/wp\/v2\/types\/product"}],"replies":[{"embeddable":true,"href":"https:\/\/pgvape.com\/de\/wp-json\/wp\/v2\/comments?post=3001"}],"wp:featuredmedia":[{"embeddable":true,"href":"https:\/\/pgvape.com\/de\/wp-json\/wp\/v2\/media\/3005"}],"wp:attachment":[{"href":"https:\/\/pgvape.com\/de\/wp-json\/wp\/v2\/media?parent=3001"}],"wp:term":[{"taxonomy":"product_brand","embeddable":true,"href":"https:\/\/pgvape.com\/de\/wp-json\/wp\/v2\/product_brand?post=3001"},{"taxonomy":"product_cat","embeddable":true,"href":"https:\/\/pgvape.com\/de\/wp-json\/wp\/v2\/product_cat?post=3001"},{"taxonomy":"product_tag","embeddable":true,"href":"https:\/\/pgvape.com\/de\/wp-json\/wp\/v2\/product_tag?post=3001"}],"curies":[{"name":"wp","href":"https:\/\/api.w.org\/{rel}","templated":true}]}}