{"id":2963,"date":"2025-10-11T11:48:34","date_gmt":"2025-10-11T11:48:34","guid":{"rendered":"https:\/\/pgvape.com\/?post_type=product&#038;p=2963"},"modified":"2026-01-27T10:41:38","modified_gmt":"2026-01-27T10:41:38","slug":"atvs-30000-30k-puffs-einweg-vape-dtl-mtl-mit-einstellbarem-luftstrom-vape-direkt-ab-werk","status":"publish","type":"product","link":"https:\/\/pgvape.com\/de\/produkt\/atvs-30000-30k-puffs-einweg-vape-dtl-mtl-mit-einstellbarem-luftstrom-vape-direkt-ab-werk\/","title":{"rendered":"ATVS 30000 30K Puffs Einweg-Vape DTL\/MTL mit einstellbarem Luftstrom Vape Factory Direct"},"content":{"rendered":"<div class=\"auto-hide-last-sibling-br paragraph-JOTKXA paragraph-element br-paragraph-space\"><strong data-sourcepos=\"2:5-2:49\">ATVS 30000 Puffs DTL\/MTL Einweg-Vaporizer<\/strong> Liefert <strong data-sourcepos=\"2:59-2:84\">Un\u00fcbertroffene Vielseitigkeit<\/strong> Mit <strong data-sourcepos=\"2:90-2:117\">30.000 ultralange Z\u00fcge<\/strong> Und <strong data-sourcepos=\"2:122-2:141\">40 W hohe Leistung<\/strong>. <strong data-sourcepos=\"2:153-2:175\">Einstellbarer Luftstrom<\/strong> F\u00fcr <strong data-sourcepos=\"2:180-2:198\">DTL\/MTL-Stile<\/strong>, <strong data-sourcepos=\"2:200-2:218\">Dual-Mesh-Spule<\/strong>, Und <strong data-sourcepos=\"2:224-2:256\">1000-mAh-Akku<\/strong>, Es produziert <strong data-sourcepos=\"2:270-2:286\">Glatter Dampf<\/strong> Und <strong data-sourcepos=\"2:291-2:306\">Reichhaltiger Geschmack<\/strong>. <strong data-sourcepos=\"2:312-2:332\">Intelligenter LCD-Bildschirm<\/strong> Spuren <strong data-sourcepos=\"2:340-2:351\">Batterie<\/strong>, <strong data-sourcepos=\"2:353-2:364\">Wattzahl<\/strong>, Und <strong data-sourcepos=\"2:370-2:389\">E-Liquid-F\u00fcllst\u00e4nde<\/strong>, W\u00e4hrend <strong data-sourcepos=\"2:397-2:421\">Typ-C-Schnellladung<\/strong> Sorgt f\u00fcr schnelles Einschalten. <strong data-sourcepos=\"2:460-2:482\">14 Premium-Geschmacksrichtungen<\/strong> Mit <strong data-sourcepos=\"2:488-2:514\">2%\/5% Nikotinoptionen<\/strong>.<\/div>\n<p>&nbsp;<\/p>\n<h2><span style=\"font-size: 90%;\">ATVS 30000 | 30K Puffs Einweg-Vape-Spezifikationen<\/span><\/h2>\n<p><strong data-sourcepos=\"7:3-7:17\">Puff Count<\/strong>:\u00a0<strong data-sourcepos=\"7:19-7:35\">30.000 Z\u00fcge<\/strong><\/p>\n<p><strong data-sourcepos=\"8:3-8:15\">Nikotin<\/strong>:\u00a0<strong data-sourcepos=\"8:17-8:36\">2% \/ 5%-Optionen<\/strong><\/p>\n<p><strong data-sourcepos=\"9:3-9:15\">E-Liquid<\/strong>:\u00a0<strong data-sourcepos=\"9:17-9:34\">30 ml Fassungsverm\u00f6gen<\/strong><\/p>\n<p><strong data-sourcepos=\"10:3-10:14\">Batterie<\/strong>:\u00a0<strong data-sourcepos=\"10:16-10:40\">1000 mAh wiederaufladbar<\/strong><\/p>\n<p><strong data-sourcepos=\"11:3-11:13\">Ausgabe<\/strong>:\u00a0<strong data-sourcepos=\"11:15-11:33\">40 W hohe Leistung<\/strong><\/p>\n<p><strong data-sourcepos=\"12:3-12:17\">Widerstand<\/strong>:\u00a0<strong data-sourcepos=\"12:19-12:55\">0,4 \u03a9 \/ 0,8 \u03a9 (DTL\/MTL einstellbar)<\/strong><\/p>\n<p><strong data-sourcepos=\"13:3-13:11\">Spule<\/strong>:\u00a0<strong data-sourcepos=\"13:13-13:31\">Dual-Mesh-Spule<\/strong><\/p>\n<p><strong data-sourcepos=\"14:3-14:15\">Aufladen<\/strong>:\u00a0<strong data-sourcepos=\"14:17-14:41\">Typ-C-Schnellladung<\/strong><\/p>\n<p><strong data-sourcepos=\"15:3-15:14\">Anzeige<\/strong>:\u00a0<strong data-sourcepos=\"15:16-15:57\">LCD-Bildschirm (Batterie\/Wattzahl\/E-Liquid)<\/strong><\/p>\n<p><strong data-sourcepos=\"16:3-16:14\">Luftstrom<\/strong>:\u00a0<strong data-sourcepos=\"16:16-16:46\">Einstellbar (DTL\/MTL-Modi)<\/strong><\/p>\n<p><strong data-sourcepos=\"17:3-17:14\">Paket<\/strong>:\u00a0<strong data-sourcepos=\"17:16-17:35\">Individuelle Einheit<\/strong><\/p>\n<h3><span style=\"font-size: 90%;\"><br \/>\nATVS 30000 | 30K Puffs Einweg-Vape-Geschmacksliste<\/span><\/h3>\n<p>1.Ananas-Eis<\/p>\n<p>2.Mango-Eis<\/p>\n<p>3. Bananeneis<\/p>\n<p>4. Gemischte Fr\u00fcchte<\/p>\n<p>5. Blaubeereis<\/p>\n<p>6. Guaveneis<\/p>\n<p>7. Yakult<\/p>\n<p>8. Wassermeloneneis<\/p>\n<p>9. Litschi-Eis<\/p>\n<p>10.Minzeis<\/p>\n<p>11.Cola-Eis<\/p>\n<p>12.Traubeneis<\/p>\n<p>13. Erdbeereis<\/p>\n<p>14.Erdbeer-Wassermelone<img loading=\"lazy\" decoding=\"async\" class=\"alignnone wp-image-2985 size-full\" src=\"https:\/\/pgvape.com\/wp-content\/uploads\/2025\/10\/pgvape-ATVS-30000-30K-Puffs-DTLMTL-Disposable-Vape-Adjustable-Airflow-Vape-Factory-Direct-19.png\" alt=\"Raster mit bunten Produktkarten unter der \u00dcberschrift \u201eVerschiedene Geschmacksrichtungen zur Auswahl\u201c mit zwei Reihen beschrifteter Geschmacksboxen \u2013 Ananas-Eis, Mango-Eis, Bananen-Eis, gemischte Fr\u00fcchte, Blaubeer-Eis, Guaven-Eis, Yakult, Wassermelonen-Eis, Litschi-Eis, Minz-Eis, Cola-Eis, Trauben-Eis, Erdbeer-Eis und Erdbeer-Wassermelone \u2013 jede Karte enth\u00e4lt ein kleines rechteckiges Ger\u00e4tebild und passende Fruchtillustrationen.\" width=\"2000\" height=\"885\" srcset=\"https:\/\/pgvape.com\/wp-content\/uploads\/2025\/10\/pgvape-ATVS-30000-30K-Puffs-DTLMTL-Disposable-Vape-Adjustable-Airflow-Vape-Factory-Direct-19.png 2000w, https:\/\/pgvape.com\/wp-content\/uploads\/2025\/10\/pgvape-ATVS-30000-30K-Puffs-DTLMTL-Disposable-Vape-Adjustable-Airflow-Vape-Factory-Direct-19-555x246.png 555w, https:\/\/pgvape.com\/wp-content\/uploads\/2025\/10\/pgvape-ATVS-30000-30K-Puffs-DTLMTL-Disposable-Vape-Adjustable-Airflow-Vape-Factory-Direct-19-595x263.png 595w, https:\/\/pgvape.com\/wp-content\/uploads\/2025\/10\/pgvape-ATVS-30000-30K-Puffs-DTLMTL-Disposable-Vape-Adjustable-Airflow-Vape-Factory-Direct-19-400x177.png 400w, https:\/\/pgvape.com\/wp-content\/uploads\/2025\/10\/pgvape-ATVS-30000-30K-Puffs-DTLMTL-Disposable-Vape-Adjustable-Airflow-Vape-Factory-Direct-19-768x340.png 768w, https:\/\/pgvape.com\/wp-content\/uploads\/2025\/10\/pgvape-ATVS-30000-30K-Puffs-DTLMTL-Disposable-Vape-Adjustable-Airflow-Vape-Factory-Direct-19-1536x680.png 1536w, https:\/\/pgvape.com\/wp-content\/uploads\/2025\/10\/pgvape-ATVS-30000-30K-Puffs-DTLMTL-Disposable-Vape-Adjustable-Airflow-Vape-Factory-Direct-19-18x8.png 18w, https:\/\/pgvape.com\/wp-content\/uploads\/2025\/10\/pgvape-ATVS-30000-30K-Puffs-DTLMTL-Disposable-Vape-Adjustable-Airflow-Vape-Factory-Direct-19-600x266.png 600w, https:\/\/pgvape.com\/wp-content\/uploads\/2025\/10\/pgvape-ATVS-30000-30K-Puffs-DTLMTL-Disposable-Vape-Adjustable-Airflow-Vape-Factory-Direct-19-60x27.png 60w\" sizes=\"auto, (max-width: 2000px) 100vw, 2000px\" \/><\/p>\n<h3><span style=\"font-size: 20.16px;\">ATVS 30000 30K Puffs DTL\/MTL Einweg-Vape-Video<\/span><strong style=\"font-size: 20.16px;\">::<\/strong><\/h3>\n<p><iframe loading=\"lazy\" title=\"ATVS 30K Puffs Einweg-Vape DTL\/MTL Einstellbarer Luftstrom Smart Screen Vape Factory Direct pgvape\" width=\"1020\" height=\"574\" src=\"https:\/\/www.youtube.com\/embed\/y_aTjoXEX3E?feature=oembed\" frameborder=\"0\" allow=\"accelerometer; autoplay; clipboard-write; encrypted-media; gyroscope; picture-in-picture; web-share\" referrerpolicy=\"strict-origin-when-cross-origin\" allowfullscreen><\/iframe><\/p>\n<p>&nbsp;<\/p>\n<h2 class=\"header-vfC6AV auto-hide-last-sibling-br\">H\u00e4ufig gestellte Fragen zu ATVS 30000 | 30K Puffs Einweg-Vaporizer<\/h2>\n<p data-sourcepos=\"40:1-41:116\">\u2753 <strong data-sourcepos=\"40:3-40:48\">Was macht das DTL\/MTL-Design einzigartig?<\/strong><br \/>\n\u2705 <strong data-sourcepos=\"41:3-41:25\">Einstellbarer Luftstrom<\/strong> Und <strong data-sourcepos=\"41:30-41:61\">Doppelter Widerstand (0,4 \u03a9\/0,8 \u03a9)<\/strong> Unterst\u00fctzung <strong data-sourcepos=\"41:70-41:106\">Sowohl direkt-Lunge als auch Mund-zu-Lunge<\/strong> Stile.<\/p>\n<p data-sourcepos=\"43:1-44:107\">\u2753 <strong data-sourcepos=\"43:3-43:50\">Wie verbessert die 40-W-Leistung das Dampfen?<\/strong><br \/>\n\u2705 <strong data-sourcepos=\"44:3-44:19\">H\u00f6here Macht<\/strong> Liefert <strong data-sourcepos=\"44:29-44:46\">Dichtere Wolken<\/strong> Und <strong data-sourcepos=\"44:51-44:75\">St\u00e4rkere Kehlenschl\u00e4ge<\/strong> F\u00fcr <strong data-sourcepos=\"44:80-44:104\">Intensive Zufriedenheit<\/strong>.<\/p>\n<p data-sourcepos=\"46:1-47:97\">\u2753 <strong data-sourcepos=\"46:3-46:47\">Ist der 1000-mAh-Akku langlebig?<\/strong><br \/>\n\u2705 <strong data-sourcepos=\"47:3-47:11\">Ja!<\/strong> Bietet <strong data-sourcepos=\"47:21-47:33\">2-3 Tage<\/strong> Von Nutzen mit <strong data-sourcepos=\"47:46-47:70\">Typ-C-Schnellladung<\/strong> F\u00fcr schnellen Nachschub.<\/p>\n<p data-sourcepos=\"49:1-50:73\">\u2753 <strong data-sourcepos=\"49:3-49:50\">Kann ich Wattzahl und E-Liquid \u00fcberwachen?<\/strong><br \/>\n\u2705 <strong data-sourcepos=\"50:3-50:17\">LCD-Bildschirm<\/strong> Zeigt an <strong data-sourcepos=\"50:27-50:46\">Echtzeitstatistiken<\/strong> F\u00fcr <strong data-sourcepos=\"50:51-50:70\">Pr\u00e4zise Kontrolle<\/strong>.<\/p>\n<p data-sourcepos=\"52:1-53:81\">\u2753 <strong data-sourcepos=\"52:3-52:38\">Warum sollten Sie sich f\u00fcr Dual-Mesh-Spulen entscheiden?<\/strong><br \/>\n\u2705 <strong data-sourcepos=\"53:3-53:30\">Verbesserte Klarheit des Geschmacks<\/strong> Und <strong data-sourcepos=\"53:35-53:53\">Sanfterer Dampf<\/strong> Im Vergleich zu Einzelspulen.<\/p>\n<p data-sourcepos=\"55:1-56:85\">\u2753 <strong data-sourcepos=\"55:3-55:43\">Sind die 14 Geschmacksrichtungen eisig oder s\u00fc\u00df?<\/strong><br \/>\n\u2705 <strong data-sourcepos=\"56:3-56:12\">Beide!<\/strong> Inklusive <strong data-sourcepos=\"56:22-56:32\">Fruchtig<\/strong>, <strong data-sourcepos=\"56:34-56:45\">Menthol<\/strong>, Und <strong data-sourcepos=\"56:51-56:82\">Einzigartige Mischungen (wie Yakult)<\/strong>.<\/p>\n<p>&nbsp;<\/p>\n<h3 id=\"brxe-najhln\" class=\"brxe-heading\">H\u00e4ufig gestellte Fragen (FAQ)<\/h3>\n<div id=\"brxe-rajiac\" class=\"brxe-text\">\n<p><strong>F: Welche Zahlungsmethoden akzeptieren Sie?<\/strong><br \/>\nA: Wir akzeptieren PayPal, Stripe, Bank\u00fcberweisungen (SEPA unterst\u00fctzt), g\u00e4ngige Kreditkarten (Visa, MasterCard, American Express) und Zahlungen in Kryptow\u00e4hrung.<\/p>\n<p><strong>F: Wie lange dauert die Auftragsvorbereitung?<\/strong><br \/>\nA: Die Auftragsvorbereitung dauert 1-3 Werktage.<\/p>\n<p><strong>F: Wie lange dauert die Lieferung?<\/strong><br \/>\nA: Die Lieferzeit betr\u00e4gt je nach Standort 7\u201314 Werktage.<\/p>\n<p><strong>F: Wie kann ich meine Bestellung verfolgen?<\/strong><br \/>\nA: Nach dem Versand erhalten Sie eine Best\u00e4tigungs-E-Mail mit einer Sendungsverfolgungsnummer zur Echtzeitverfolgung.<\/p>\n<p><strong>F: Wie lauten Ihre R\u00fcckgabebedingungen?<\/strong><br \/>\nA: Wir bieten ein 30-t\u00e4giges R\u00fcckgaberecht f\u00fcr R\u00fcckerstattungen oder Umtausch. .<\/p>\n<p><strong>F: Wird es Zollprobleme geben?<br \/>\n<\/strong>Wir k\u00fcmmern uns um alle Zollabfertigungsverfahren, um Ihnen ein reibungsloses Erlebnis zu gew\u00e4hrleisten. .<\/p>\n<p><strong>F: Welche Versandarten werden verwendet?<\/strong><br \/>\nWir arbeiten mit UPS\/DHL\/FEDEX\/DPD etc. zusammen. Je nach Lieferland w\u00e4hlen wir die passende Versandoption aus, um sicherzustellen, dass Sie Ihre Produkte schnellstm\u00f6glich erhalten.<\/p>\n<p><a href=\"https:\/\/pgvape.com\/de\/faqs\/\">Klicken Sie hier f\u00fcr weitere FAQ<\/a><\/p>\n<p>Liebe Kunden, wenn Sie Fragen zu Ihrer Bestellung oder zum Wareneingang haben, wenden Sie sich bitte an unseren Kundenservice. Vielen Dank!<\/p>\n<h3 data-sourcepos=\"73:1-73:21\"><strong data-sourcepos=\"73:7-73:21\">Kontaktieren Sie uns<\/strong><\/h3>\n<div id=\"text-2419739398\" class=\"text\">\n<p><strong data-sourcepos=\"75:3-75:12\">E-Mail<\/strong>:\u00a0<a href=\"mailto:support@pgvape.com\"><strong>support@pgvape.com<\/strong><\/a><\/p>\n<p><strong data-sourcepos=\"76:3-76:15\">WhatsApp<\/strong>: <a href=\"https:\/\/wa.me\/+8618128481258\"><strong>+86 18128481258<\/strong><\/a><br \/>\n<strong>(Antwort innerhalb von 24 Stunden an Werktagen)<\/strong><\/p>\n<\/div>\n<h3><strong>Vielen Dank, dass Sie sich f\u00fcr pgvape.com entschieden haben! .<\/strong><\/h3>\n<\/div>","protected":false},"excerpt":{"rendered":"<p><strong data-sourcepos=\"61:1-61:221\">\u201cATVS 30000: Der ultimative DTL\/MTL-Einweg-Vaporizer mit 30.000 Z\u00fcgen, 40 W Leistung und 14 Geschmacksrichtungen \u2013 mit einstellbarem Luftstrom, intelligentem LCD und 1000-mAh-Akku f\u00fcr individuelles Cloud-Chasing.\u201d<\/strong><\/p>","protected":false},"featured_media":2967,"comment_status":"open","ping_status":"closed","template":"","meta":{"_seopress_robots_primary_cat":"none","_seopress_titles_title":"%%post_title%% %%sep%% %%sitetitle%%","_seopress_titles_desc":"","_seopress_robots_index":""},"product_brand":[261,516],"product_cat":[35,260,515],"product_tag":[38,134,268,265,90,263,267,266],"class_list":{"0":"post-2963","1":"product","2":"type-product","3":"status-publish","4":"has-post-thumbnail","6":"product_brand-atvs-vape","7":"product_brand-disposable-vape","8":"product_cat-30k-puffs-vape","9":"product_cat-atvs-vape","10":"product_cat-disposable-vape","11":"product_tag-30k-puffs","12":"product_tag-30k-vape","13":"product_tag-atvs-30000","14":"product_tag-atvs-vape","15":"product_tag-disposable-vape","16":"product_tag-dtl-mtl","17":"product_tag-smart-lcd-screen","18":"product_tag-with-adjustable-airflow","20":"first","21":"instock","22":"sale","23":"shipping-taxable","24":"purchasable","25":"product-type-variable"},"_links":{"self":[{"href":"https:\/\/pgvape.com\/de\/wp-json\/wp\/v2\/product\/2963","targetHints":{"allow":["GET"]}}],"collection":[{"href":"https:\/\/pgvape.com\/de\/wp-json\/wp\/v2\/product"}],"about":[{"href":"https:\/\/pgvape.com\/de\/wp-json\/wp\/v2\/types\/product"}],"replies":[{"embeddable":true,"href":"https:\/\/pgvape.com\/de\/wp-json\/wp\/v2\/comments?post=2963"}],"wp:featuredmedia":[{"embeddable":true,"href":"https:\/\/pgvape.com\/de\/wp-json\/wp\/v2\/media\/2967"}],"wp:attachment":[{"href":"https:\/\/pgvape.com\/de\/wp-json\/wp\/v2\/media?parent=2963"}],"wp:term":[{"taxonomy":"product_brand","embeddable":true,"href":"https:\/\/pgvape.com\/de\/wp-json\/wp\/v2\/product_brand?post=2963"},{"taxonomy":"product_cat","embeddable":true,"href":"https:\/\/pgvape.com\/de\/wp-json\/wp\/v2\/product_cat?post=2963"},{"taxonomy":"product_tag","embeddable":true,"href":"https:\/\/pgvape.com\/de\/wp-json\/wp\/v2\/product_tag?post=2963"}],"curies":[{"name":"wp","href":"https:\/\/api.w.org\/{rel}","templated":true}]}}