{"id":2766,"date":"2025-10-10T12:06:26","date_gmt":"2025-10-10T12:06:26","guid":{"rendered":"https:\/\/pgvape.com\/?post_type=product&#038;p=2766"},"modified":"2026-01-27T11:18:48","modified_gmt":"2026-01-27T11:18:48","slug":"fizzy-max-iii-60-000-60-000-zuge-6-in-1-geschmacksrichtungen-einweg-vaporizer-direkt-ab-werk","status":"publish","type":"product","link":"https:\/\/pgvape.com\/de\/produkt\/fizzy-max-iii-60-000-60-000-zuge-6-in-1-geschmacksrichtungen-einweg-vaporizer-direkt-ab-werk\/","title":{"rendered":"Fizzy Max III 60000 60k Puffs 6 in 1 Geschmacksrichtungen Einweg-Vape-Vape direkt ab Werk"},"content":{"rendered":"<div class=\"auto-hide-last-sibling-br paragraph-JOTKXA paragraph-element br-paragraph-space\">\n<p><strong data-sourcepos=\"4:5-4:50\">Fizzy Max III 60000 Puffs Einweg-Vaporizer<\/strong> revolutioniert das Dampfen mit <strong data-sourcepos=\"4:78-4:100\">un\u00fcbertroffene Kapazit\u00e4t<\/strong> \u2013 liefern <strong data-sourcepos=\"4:114-4:130\">60.000 Z\u00fcge<\/strong> von seinem <strong data-sourcepos=\"4:140-4:169\">drei separate 20-ml-Tanks<\/strong> (insgesamt 60 ml). <strong data-sourcepos=\"4:194-4:223\">6 einstellbare Geschmacksmodi<\/strong> (A\/B\/C-Kombinationen), es wird von einem angetrieben <strong data-sourcepos=\"4:265-4:296\">850-mAh-Akku<\/strong> mit <strong data-sourcepos=\"4:302-4:326\">Typ-C-Schnellladung<\/strong> Und <strong data-sourcepos=\"4:331-4:346\">LED-Anzeige<\/strong><span class=\"CustomP_animated_char__m3r9w\">\u00a0<\/span><span class=\"CustomP_animated_char__m3r9w\">f\u00fcr<\/span><span class=\"CustomP_animated_char__m3r9w\">\u00a0<\/span><span class=\"CustomP_animated_char__m3r9w\">real<\/span><span class=\"CustomP_animated_char__m3r9w\">\u2013<\/span><span class=\"CustomP_animated_char__m3r9w\">Zeit<\/span><span class=\"CustomP_animated_char__m3r9w\">\u00a0<\/span><span class=\"CustomP_animated_char__m3r9w\">\u00dcberwachung<\/span><span class=\"CustomP_animated_char__m3r9w\">.<\/span><span class=\"CustomP_animated_char__m3r9w\">\u00a0<\/span><span class=\"CustomP_animated_char__m3r9w\">Der<\/span><span class=\"CustomP_animated_char__m3r9w\">\u00a0<\/span><strong data-sourcepos=\"4:377-4:401\">Mesh-Coil-Technologie<\/strong><span class=\"CustomP_animated_char__m3r9w\">\u00a0<\/span><span class=\"CustomP_animated_char__m3r9w\">sorgt daf\u00fcr<\/span><span class=\"CustomP_animated_char__m3r9w\">\u00a0<\/span><strong data-sourcepos=\"4:410-4:426\">sanfte Z\u00fcge<\/strong> Und <strong data-sourcepos=\"4:431-4:446\">reichhaltiger Geschmack<\/strong>, erh\u00e4ltlich in <strong data-sourcepos=\"4:461-4:492\">Nikotinst\u00e4rke 2% oder 5%<\/strong>. <strong data-sourcepos=\"4:499-4:526\">10 Premium-Geschmackstrios<\/strong><span class=\"CustomP_animated_char__m3r9w\">,<\/span><span class=\"CustomP_animated_char__m3r9w\">\u00a0<\/span><span class=\"CustomP_animated_char__m3r9w\">Das<\/span><span class=\"CustomP_animated_char__m3r9w\">\u00a0<\/span><span class=\"CustomP_animated_char__m3r9w\">Ger\u00e4t<\/span><span class=\"CustomP_animated_char__m3r9w\">\u00a0<\/span><span class=\"CustomP_animated_char__m3r9w\">Angebote<\/span><span class=\"CustomP_animated_char__m3r9w\">\u00a0<\/span><strong data-sourcepos=\"4:547-4:573\">ultimative Individualisierung<\/strong><span class=\"CustomP_animated_char__m3r9w\">\u00a0<\/span><span class=\"CustomP_animated_char__m3r9w\">f\u00fcr<\/span><span class=\"CustomP_animated_char__m3r9w\">\u00a0<\/span><span class=\"CustomP_animated_char__m3r9w\">anspruchsvoll<\/span><span class=\"CustomP_animated_char__m3r9w\">\u00a0<\/span><span class=\"CustomP_animated_char__m3r9w\">Dampfer<\/span><span class=\"CustomP_animated_char__m3r9w\">.<\/span><\/p>\n<\/div>\n<p>&nbsp;<\/p>\n<h2><span style=\"font-size: 90%;\">Fizzy Max III 60000 | 60k Puffs 6-in-1-Geschmacksrichtungen Einweg-Vape <strong>Spezifikationen<\/strong><\/span><\/h2>\n<p><strong data-sourcepos=\"9:3-9:17\">Puff Count<\/strong>:\u00a0<strong data-sourcepos=\"9:19-9:35\">60.000 Z\u00fcge<\/strong><\/p>\n<p><strong data-sourcepos=\"10:3-10:15\">Nikotin<\/strong>:\u00a0<strong data-sourcepos=\"10:17-10:38\">St\u00e4rke 2% oder 5%<\/strong><\/p>\n<p><strong data-sourcepos=\"11:3-11:15\">E-Liquid<\/strong>:\u00a0<strong data-sourcepos=\"11:17-11:46\">3\u00d720-ml-Tanks (insgesamt 60 ml)<\/strong><\/p>\n<p><strong data-sourcepos=\"12:3-12:19\">Geschmacksmodi<\/strong>:\u00a0<strong data-sourcepos=\"12:21-12:55\">6 Kombinationen (A\/B\/C mischbar)<\/strong><\/p>\n<p><strong data-sourcepos=\"13:3-13:11\">Spule<\/strong>:\u00a0<strong data-sourcepos=\"13:13-13:37\">Mesh-Coil-Technologie<\/strong><\/p>\n<p><strong data-sourcepos=\"14:3-14:14\">Batterie<\/strong>:\u00a0<strong data-sourcepos=\"14:16-14:39\">850 mAh wiederaufladbar<\/strong><\/p>\n<p><strong data-sourcepos=\"15:3-15:15\">Aufladen<\/strong>:\u00a0<strong data-sourcepos=\"15:17-15:41\">Typ-C-Schnellladung<\/strong><\/p>\n<p><strong data-sourcepos=\"16:3-16:14\">Anzeige<\/strong>:\u00a0<strong data-sourcepos=\"16:16-16:53\">LED (Batterie-\/Geschmacksmodus-Monitor)<\/strong><\/p>\n<p><strong data-sourcepos=\"17:3-17:14\">Paket<\/strong>:\u00a0<strong data-sourcepos=\"17:16-17:34\">10 Ger\u00e4te\/Karton<\/strong><\/p>\n<p>&nbsp;<\/p>\n<h3><span style=\"font-size: 90%;\">Fizzy Max III 60000 | 60k Puffs 6-in-1-Geschmacksrichtungen Einweg-Vape <strong>Geschmackssets<\/strong><\/span><\/h3>\n<p><strong>1.Erdbeer-Wassermelone &amp; Zitronen-Limette &amp; Blaubeer-Kokosnuss<\/strong><\/p>\n<p><strong>2. Blaubeer-Eis &amp; prickelnde Kirsche &amp; Himbeer-Zitrone<\/strong><\/p>\n<p><strong>3.Wassermeloneneis &amp; Erdbeer-Vanille-Cola &amp; gemischte Beeren<\/strong><\/p>\n<p><strong>4.Erdbeer-Drachenfrucht &amp; Red Bull &amp; Himbeer-Wassermelone<\/strong><\/p>\n<p><strong>5. Erdbeer-Himbeer- und Mango-Pfirsich- und Blaubeer-Wassermelone<\/strong><\/p>\n<p><strong>6.Erdbeere, Traube, Heidelbeere, Kokosnuss und Pfirsich-Zitrone<\/strong><\/p>\n<p><strong>7. Blaubeer-Himbeer-, Dreifach-Melonen- und Erdbeereis<\/strong><\/p>\n<p><strong>8. Gemischte Beeren- und Kiwi-Passionsfrucht, Guave und Erdbeer-Wassermelone<\/strong><\/p>\n<p><strong>9.Erdbeer-Kiwi-, Blaubeer- und Wassermelonen-Eis<\/strong><\/p>\n<p><strong>10.Blue Razz Ice &amp; Erdbeer-Kiwi &amp; saure Ananas-Orange<br \/>\n<img loading=\"lazy\" decoding=\"async\" class=\"alignnone wp-image-2772 size-full\" src=\"https:\/\/pgvape.com\/wp-content\/uploads\/2025\/10\/pgvape-Fizzy-Max-III-60000-60k-Puffs-6-In-1-Flavors-Disposable-Vape-2-5-Nicotine-10Tastes-LED-Display-Vape-Factory-Direct-3.png\" alt=\"Buntes Werbeplakat f\u00fcr FIZZY Max III-Einweg-Vaporizer mit auff\u00e4lligem &#039;60K PUFFS&#039;- und &#039;6in1&#039;-Etikett, einer Displaybox und mehreren bunten, in Reihen angeordneten zylindrischen Ger\u00e4ten mit nummerierten Geschmacksvarianten und einer detaillierten Geschmackstabelle mit sechs austauschbaren Geschmackskombinationen sowie kleinen Symbolen f\u00fcr 60 ml E-Liquid, \u00d6ltankoptionen, Typ-C-Aufladung und LED-Bildschirm.\" width=\"912\" height=\"2000\" srcset=\"https:\/\/pgvape.com\/wp-content\/uploads\/2025\/10\/pgvape-Fizzy-Max-III-60000-60k-Puffs-6-In-1-Flavors-Disposable-Vape-2-5-Nicotine-10Tastes-LED-Display-Vape-Factory-Direct-3.png 912w, https:\/\/pgvape.com\/wp-content\/uploads\/2025\/10\/pgvape-Fizzy-Max-III-60000-60k-Puffs-6-In-1-Flavors-Disposable-Vape-2-5-Nicotine-10Tastes-LED-Display-Vape-Factory-Direct-3-164x360.png 164w, https:\/\/pgvape.com\/wp-content\/uploads\/2025\/10\/pgvape-Fizzy-Max-III-60000-60k-Puffs-6-In-1-Flavors-Disposable-Vape-2-5-Nicotine-10Tastes-LED-Display-Vape-Factory-Direct-3-467x1024.png 467w, https:\/\/pgvape.com\/wp-content\/uploads\/2025\/10\/pgvape-Fizzy-Max-III-60000-60k-Puffs-6-In-1-Flavors-Disposable-Vape-2-5-Nicotine-10Tastes-LED-Display-Vape-Factory-Direct-3-182x400.png 182w, https:\/\/pgvape.com\/wp-content\/uploads\/2025\/10\/pgvape-Fizzy-Max-III-60000-60k-Puffs-6-In-1-Flavors-Disposable-Vape-2-5-Nicotine-10Tastes-LED-Display-Vape-Factory-Direct-3-768x1684.png 768w, https:\/\/pgvape.com\/wp-content\/uploads\/2025\/10\/pgvape-Fizzy-Max-III-60000-60k-Puffs-6-In-1-Flavors-Disposable-Vape-2-5-Nicotine-10Tastes-LED-Display-Vape-Factory-Direct-3-700x1536.png 700w, https:\/\/pgvape.com\/wp-content\/uploads\/2025\/10\/pgvape-Fizzy-Max-III-60000-60k-Puffs-6-In-1-Flavors-Disposable-Vape-2-5-Nicotine-10Tastes-LED-Display-Vape-Factory-Direct-3-5x12.png 5w, https:\/\/pgvape.com\/wp-content\/uploads\/2025\/10\/pgvape-Fizzy-Max-III-60000-60k-Puffs-6-In-1-Flavors-Disposable-Vape-2-5-Nicotine-10Tastes-LED-Display-Vape-Factory-Direct-3-600x1316.png 600w, https:\/\/pgvape.com\/wp-content\/uploads\/2025\/10\/pgvape-Fizzy-Max-III-60000-60k-Puffs-6-In-1-Flavors-Disposable-Vape-2-5-Nicotine-10Tastes-LED-Display-Vape-Factory-Direct-3-18x40.png 18w\" sizes=\"auto, (max-width: 912px) 100vw, 912px\" \/><\/strong><\/p>\n<p>&nbsp;<\/p>\n<h3 class=\"auto-hide-last-sibling-br paragraph-pP9ZLC paragraph-element br-paragraph-space\">Warum sollten Sie sich f\u00fcr das europ\u00e4ische Lager von PGVape entscheiden?<\/h3>\n<p>Schneller Versand: Lieferung in die meisten EU-L\u00e4nder innerhalb von 3-7 Werktagen.<\/p>\n<p>Zollfreie Lieferung: Lokale Lagerbest\u00e4nde in der EU sorgen f\u00fcr einen reibungslosen und zollfreien Versand.<\/p>\n<p>100% Authentische Garantie: Echt <strong>Sprudelnd<\/strong> E-Zigaretten von zertifizierten Lieferanten.<\/p>\n<p>Frischer Bestand: Unter kontrollierten Bedingungen gelagert, um optimale Qualit\u00e4t zu gew\u00e4hrleisten.<\/p>\n<p>Europ\u00e4er vertrauen darauf: Tausende Kunden genie\u00dfen schnelle und sichere E-Zigaretten-Dienste von PGVape.<\/p>\n<p>&nbsp;<\/p>\n<h2 class=\"header-vfC6AV auto-hide-last-sibling-br\">H\u00e4ufig gestellte Fragen zu Fizzy Max III 60000 | 60k Puffs 6-in-1-Geschmacksrichtungen Einweg-Vape<\/h2>\n<p data-sourcepos=\"36:1-37:80\">\u2753 <strong data-sourcepos=\"36:3-36:56\">Was macht die 60.000 Z\u00fcge so au\u00dfergew\u00f6hnlich?<\/strong><br \/>\n\u2705 <strong data-sourcepos=\"37:3-37:24\">Drei-Tank-System<\/strong> bietet <strong data-sourcepos=\"37:34-37:54\">Monatelanges Dampfen<\/strong> mit <strong data-sourcepos=\"37:60-37:80\">Null Wartung<\/strong><\/p>\n<p data-sourcepos=\"39:1-40:85\">\u2753 <strong data-sourcepos=\"39:3-39:43\">Wie funktioniert die Geschmacksmischung?<\/strong><br \/>\n\u2705 <strong data-sourcepos=\"40:3-40:28\">Sechs Kombinationsmodi<\/strong> lass dich <strong data-sourcepos=\"40:37-40:54\">Aromen mischen<\/strong> oder genie\u00dfe sie <strong data-sourcepos=\"40:69-40:85\">individuell<\/strong><\/p>\n<p data-sourcepos=\"42:1-43:77\">\u2753 <strong data-sourcepos=\"42:3-42:44\">Reicht der 850-mAh-Akku aus?<br \/>\n<\/strong>\u2705 <strong data-sourcepos=\"43:3-43:28\">Optimierte Leistung<\/strong> dauert <strong data-sourcepos=\"43:35-43:47\">2-3 Tage<\/strong> mit <strong data-sourcepos=\"43:53-43:77\">Typ-C-Schnellladung<\/strong><\/p>\n<p data-sourcepos=\"45:1-46:70\">\u2753 <strong data-sourcepos=\"45:3-45:49\">Warum zwischen 2% und 5% Nikotin w\u00e4hlen?<\/strong><br \/>\n\u2705 <strong data-sourcepos=\"46:3-46:26\">Individuelle Zufriedenheit<\/strong> f\u00fcr <strong data-sourcepos=\"46:31-46:41\">l\u00e4ssig<\/strong> Und <strong data-sourcepos=\"46:46-46:64\">starkes Nikotin<\/strong> Benutzer<\/p>\n<p data-sourcepos=\"48:1-49:67\">\u2753 <strong data-sourcepos=\"48:3-48:46\">Sind die Geschmackstrios ausgewogen?<\/strong><br \/>\n\u2705 <strong data-sourcepos=\"49:3-49:36\">Von Experten zusammengestellte Kombinationen<\/strong> f\u00fcr <strong data-sourcepos=\"49:41-49:67\">perfekte Geschmacksharmonie<\/strong><\/p>\n<p>&nbsp;<\/p>\n<h3 id=\"brxe-najhln\" class=\"brxe-heading\">H\u00e4ufig gestellte Fragen (FAQ)<\/h3>\n<div id=\"brxe-rajiac\" class=\"brxe-text\">\n<p><strong>F: Welche Zahlungsmethoden akzeptieren Sie?<\/strong><br \/>\nA: Wir akzeptieren PayPal, Stripe, Bank\u00fcberweisungen (SEPA unterst\u00fctzt), g\u00e4ngige Kreditkarten (Visa, MasterCard, American Express) und Zahlungen in Kryptow\u00e4hrung.<\/p>\n<p><strong>F: Wie lange dauert die Auftragsvorbereitung?<\/strong><br \/>\nA: Die Auftragsvorbereitung dauert 1-3 Werktage.<\/p>\n<p><strong>F: Wie lange dauert die Lieferung?<\/strong><br \/>\nA: Die Lieferzeit betr\u00e4gt je nach Standort 7\u201314 Werktage.<\/p>\n<p><strong>F: Wie kann ich meine Bestellung verfolgen?<\/strong><br \/>\nA: Nach dem Versand erhalten Sie eine Best\u00e4tigungs-E-Mail mit einer Sendungsverfolgungsnummer zur Echtzeitverfolgung.<\/p>\n<p><strong>F: Wie lauten Ihre R\u00fcckgabebedingungen?<\/strong><br \/>\nA: Wir bieten ein 30-t\u00e4giges R\u00fcckgaberecht f\u00fcr R\u00fcckerstattungen oder Umtausch. .<\/p>\n<p><strong>F: Wird es Zollprobleme geben?<br \/>\n<\/strong>Wir k\u00fcmmern uns um alle Zollabfertigungsverfahren, um Ihnen ein reibungsloses Erlebnis zu gew\u00e4hrleisten. .<\/p>\n<p><strong>F: Welche Versandarten werden verwendet?<\/strong><br \/>\nWir arbeiten mit UPS\/DHL\/FEDEX\/DPD etc. zusammen. Je nach Lieferland w\u00e4hlen wir die passende Versandoption aus, um sicherzustellen, dass Sie Ihre Produkte schnellstm\u00f6glich erhalten.<\/p>\n<p><a href=\"https:\/\/pgvape.com\/de\/faqs\/\">Klicken Sie hier f\u00fcr weitere FAQ<\/a><\/p>\n<p>Liebe Kunden, wenn Sie Fragen zu Ihrer Bestellung oder zum Wareneingang haben, wenden Sie sich bitte an unseren Kundenservice. Vielen Dank!<\/p>\n<h3 data-sourcepos=\"73:1-73:21\"><strong data-sourcepos=\"73:7-73:21\">Kontaktieren Sie uns<\/strong><\/h3>\n<div id=\"text-2419739398\" class=\"text\">\n<p><strong data-sourcepos=\"75:3-75:12\">E-Mail<\/strong>:\u00a0<a href=\"mailto:support@pgvape.com\"><strong>support@pgvape.com<\/strong><\/a><\/p>\n<p><strong data-sourcepos=\"76:3-76:15\">WhatsApp<\/strong>: <a href=\"https:\/\/wa.me\/+8618128481258\"><strong>+86 18128481258<\/strong><\/a><br \/>\n<strong>(Antwort innerhalb von 24 Stunden an Werktagen)<\/strong><\/p>\n<\/div>\n<h3><strong>Vielen Dank, dass Sie sich f\u00fcr pgvape.com entschieden haben! .<\/strong><\/h3>\n<\/div>","protected":false},"excerpt":{"rendered":"<p>\u201c<strong data-sourcepos=\"54:2-54:23\">Fizzy Max III 60K<\/strong>: Der <strong data-sourcepos=\"54:29-54:66\">ultimativer Einweg-Geschmacksmixer<\/strong> mit <strong data-sourcepos=\"54:72-54:88\">60.000 Z\u00fcge<\/strong>, <strong data-sourcepos=\"54:90-54:110\">drei 20-ml-Tanks<\/strong>, Und <strong data-sourcepos=\"54:116-54:135\">10 Geschmackstrios<\/strong>. <strong data-sourcepos=\"54:146-54:164\">850-mAh-Akku<\/strong>, <strong data-sourcepos=\"54:166-54:179\">Mesh-Spule<\/strong>, Und <strong data-sourcepos=\"54:185-54:205\">sechs Mischmodi<\/strong> f\u00fcr <strong data-sourcepos=\"54:210-54:242\">endlose Dampfm\u00f6glichkeiten<\/strong>.\u201d<\/p>","protected":false},"featured_media":2770,"comment_status":"open","ping_status":"closed","template":"","meta":{"_seopress_robots_primary_cat":"none","_seopress_titles_title":"%%post_title%% %%sep%% %%sitetitle%%","_seopress_titles_desc":"","_seopress_robots_index":""},"product_brand":[516,251],"product_cat":[48,515,28],"product_tag":[169,253,51,52,90,252,79,203],"class_list":{"0":"post-2766","1":"product","2":"type-product","3":"status-publish","4":"has-post-thumbnail","6":"product_brand-disposable-vape","7":"product_brand-fizzy-vape","8":"product_cat-60k-puffs-vape","9":"product_cat-disposable-vape","10":"product_cat-fizzy-vape","11":"product_tag-10tastes","12":"product_tag-6-in-1-flavors","13":"product_tag-60k-puffs","14":"product_tag-60k-vape","15":"product_tag-disposable-vape","16":"product_tag-fizzy-max-iii-60000","17":"product_tag-led-display","18":"product_tag-shipment-from-eu","20":"first","21":"instock","22":"sale","23":"shipping-taxable","24":"purchasable","25":"product-type-variable"},"_links":{"self":[{"href":"https:\/\/pgvape.com\/de\/wp-json\/wp\/v2\/product\/2766","targetHints":{"allow":["GET"]}}],"collection":[{"href":"https:\/\/pgvape.com\/de\/wp-json\/wp\/v2\/product"}],"about":[{"href":"https:\/\/pgvape.com\/de\/wp-json\/wp\/v2\/types\/product"}],"replies":[{"embeddable":true,"href":"https:\/\/pgvape.com\/de\/wp-json\/wp\/v2\/comments?post=2766"}],"wp:featuredmedia":[{"embeddable":true,"href":"https:\/\/pgvape.com\/de\/wp-json\/wp\/v2\/media\/2770"}],"wp:attachment":[{"href":"https:\/\/pgvape.com\/de\/wp-json\/wp\/v2\/media?parent=2766"}],"wp:term":[{"taxonomy":"product_brand","embeddable":true,"href":"https:\/\/pgvape.com\/de\/wp-json\/wp\/v2\/product_brand?post=2766"},{"taxonomy":"product_cat","embeddable":true,"href":"https:\/\/pgvape.com\/de\/wp-json\/wp\/v2\/product_cat?post=2766"},{"taxonomy":"product_tag","embeddable":true,"href":"https:\/\/pgvape.com\/de\/wp-json\/wp\/v2\/product_tag?post=2766"}],"curies":[{"name":"wp","href":"https:\/\/api.w.org\/{rel}","templated":true}]}}